{"id":2444,"date":"2026-04-13T14:39:55","date_gmt":"2026-04-13T14:39:55","guid":{"rendered":"https:\/\/www.machinerybearings.com\/?post_type=product&#038;p=2444"},"modified":"2026-05-03T06:24:41","modified_gmt":"2026-05-03T06:24:41","slug":"22205-spherical-roller-bearing-self-aligning-heavy-load-bearing-for-industrial-applications","status":"publish","type":"product","link":"https:\/\/www.machinerybearings.com\/pl\/produkt\/22205-spherical-roller-bearing-self-aligning-heavy-load-bearing-for-industrial-applications\/","title":{"rendered":"\u0141o\u017cysko walcowe 22205 \u2013 Samonastawne \u0142o\u017cysko do du\u017cych obci\u0105\u017ce\u0144 do zastosowa\u0144 przemys\u0142owych"},"content":{"rendered":"<p data-start=\"379\" data-end=\"690\">Ten <strong data-start=\"383\" data-end=\"417\">\u0141o\u017cysko kulkowe 22205<\/strong> jest \u0142o\u017cyskiem wa\u0142eczkowym podw\u00f3jnego rz\u0119du zaprojektowanym do przenoszenia du\u017cych obci\u0105\u017ce\u0144 promieniowych i umiarkowanych obci\u0105\u017ce\u0144 osiowych, jednocze\u015bnie kompensuj\u0105c niewsp\u00f3\u0142osiowo\u015b\u0107 wa\u0142u. Jego sferyczny tor pozwala na automatyczne wyr\u00f3wnanie, co czyni go idealnym do zastosowa\u0144, gdzie wyst\u0119puj\u0105 ugi\u0119cia wa\u0142u lub b\u0142\u0119dy monta\u017cowe.<\/p>\n<p data-start=\"692\" data-end=\"953\">To \u0142o\u017cysko zosta\u0142o zaprojektowane z my\u015bl\u0105 o wysokiej trwa\u0142o\u015bci i niezawodno\u015bci w trudnych warunkach pracy. W por\u00f3wnaniu do \u0142o\u017cysk kulkowych samonastawnych, \u0142o\u017cyska kulkowe sferyczne, takie jak 22205, oferuj\u0105 znacznie wy\u017csz\u0105 no\u015bno\u015b\u0107 i lepsz\u0105 odporno\u015b\u0107 na wstrz\u0105sy i wibracje.<\/p>\n<p data-start=\"955\" data-end=\"1136\">Wykonane z wysokiej jako\u015bci stali stopowej lub chromowej, \u0142o\u017cysko 22205 zapewnia d\u0142ug\u0105 \u017cywotno\u015b\u0107, p\u0142ynne dzia\u0142anie i sta\u0142\u0105 wydajno\u015b\u0107 w wymagaj\u0105cych warunkach przemys\u0142owych.<\/p>\n<h1 data-section-id=\"8av2ty\" data-start=\"1143\" data-end=\"1161\"><span role=\"text\"><strong data-start=\"1145\" data-end=\"1161\">Kluczowe cechy<\/strong><\/span><\/h1>\n<ul data-start=\"1163\" data-end=\"1499\">\n<li data-section-id=\"17ys86f\" data-start=\"1163\" data-end=\"1220\">Wysoka no\u015bno\u015b\u0107 promieniowa dla zastosowa\u0144 w ci\u0119\u017ckich warunkach<\/li>\n<li data-section-id=\"1fr59o7\" data-start=\"1221\" data-end=\"1280\">Konstrukcja samonastawna kompensuje niewsp\u00f3\u0142osiowo\u015b\u0107 wa\u0142u<\/li>\n<li data-section-id=\"1vl001\" data-start=\"1281\" data-end=\"1325\">Wspiera po\u0142\u0105czone obci\u0105\u017cenia promieniowe i osiowe<\/li>\n<li data-section-id=\"4qe041\" data-start=\"1326\" data-end=\"1373\">Doskona\u0142a odporno\u015b\u0107 na wstrz\u0105sy i wibracje<\/li>\n<li data-section-id=\"js9du9\" data-start=\"1374\" data-end=\"1418\">D\u0142uga \u017cywotno\u015b\u0107 w trudnych warunkach<\/li>\n<li data-section-id=\"xjurbh\" data-start=\"1419\" data-end=\"1456\">Niskie tarcie i stabilne dzia\u0142anie<\/li>\n<li data-section-id=\"1398rv\" data-start=\"1457\" data-end=\"1499\">Odpowiednie do ci\u0105g\u0142ego u\u017cytku przemys\u0142owego<\/li>\n<\/ul>\n<h1 data-section-id=\"10k15yz\" data-start=\"1506\" data-end=\"1536\"><span role=\"text\"><strong data-start=\"1508\" data-end=\"1536\">Specyfikacje techniczne<\/strong><\/span><\/h1>\n<div class=\"TyagGW_tableContainer\">\n<div class=\"group TyagGW_tableWrapper flex flex-col-reverse w-fit\" tabindex=\"-1\">\n<table class=\"w-fit min-w-(--thread-content-width)\" data-start=\"1538\" data-end=\"1953\">\n<thead data-start=\"1538\" data-end=\"1559\">\n<tr data-start=\"1538\" data-end=\"1559\">\n<th class=\"\" data-start=\"1538\" data-end=\"1550\" data-col-size=\"sm\">Parametr<\/th>\n<th class=\"\" data-start=\"1550\" data-end=\"1559\" data-col-size=\"sm\">Warto\u015b\u0107<\/th>\n<\/tr>\n<\/thead>\n<tbody data-start=\"1580\" data-end=\"1953\">\n<tr data-start=\"1580\" data-end=\"1605\">\n<td data-start=\"1580\" data-end=\"1596\" data-col-size=\"sm\">Model \u0142o\u017cyska<\/td>\n<td data-start=\"1596\" data-end=\"1605\" data-col-size=\"sm\">22205<\/td>\n<\/tr>\n<tr data-start=\"1606\" data-end=\"1636\">\n<td data-start=\"1606\" data-end=\"1627\" data-col-size=\"sm\">\u015arednica wewn\u0119trzna (d)<\/td>\n<td data-col-size=\"sm\" data-start=\"1627\" data-end=\"1636\">25 mm<\/td>\n<\/tr>\n<tr data-start=\"1637\" data-end=\"1667\">\n<td data-start=\"1637\" data-end=\"1658\" data-col-size=\"sm\">\u015arednica zewn\u0119trzna (D)<\/td>\n<td data-start=\"1658\" data-end=\"1667\" data-col-size=\"sm\">52 mm<\/td>\n<\/tr>\n<tr data-start=\"1668\" data-end=\"1689\">\n<td data-start=\"1668\" data-end=\"1680\" data-col-size=\"sm\">Szeroko\u015b\u0107 (B)<\/td>\n<td data-col-size=\"sm\" data-start=\"1680\" data-end=\"1689\">18 mm<\/td>\n<\/tr>\n<tr data-start=\"1690\" data-end=\"1733\">\n<td data-start=\"1690\" data-end=\"1705\" data-col-size=\"sm\">Typ \u0142o\u017cyska<\/td>\n<td data-col-size=\"sm\" data-start=\"1705\" data-end=\"1733\">\u0141o\u017cysko kulkowe sferyczne<\/td>\n<\/tr>\n<tr data-start=\"1734\" data-end=\"1767\">\n<td data-start=\"1734\" data-end=\"1746\" data-col-size=\"sm\">Budowa<\/td>\n<td data-start=\"1746\" data-end=\"1767\" data-col-size=\"sm\">Podw\u00f3jny rz\u0105d wa\u0142k\u00f3w<\/td>\n<\/tr>\n<tr data-start=\"1768\" data-end=\"1809\">\n<td data-start=\"1768\" data-end=\"1779\" data-col-size=\"sm\">Materia\u0142<\/td>\n<td data-start=\"1779\" data-end=\"1809\" data-col-size=\"sm\">Stal chromowa \/ Stal stopowa<\/td>\n<\/tr>\n<tr data-start=\"1810\" data-end=\"1843\">\n<td data-start=\"1810\" data-end=\"1826\" data-col-size=\"sm\">Materia\u0142 kosza<\/td>\n<td data-start=\"1826\" data-end=\"1843\" data-col-size=\"sm\">Stal \/ Mosi\u0105dz<\/td>\n<\/tr>\n<tr data-start=\"1844\" data-end=\"1874\">\n<td data-start=\"1844\" data-end=\"1858\" data-col-size=\"sm\">Smarowanie<\/td>\n<td data-start=\"1858\" data-end=\"1874\" data-col-size=\"sm\">Smar \/ Olej<\/td>\n<\/tr>\n<tr data-start=\"1875\" data-end=\"1910\">\n<td data-start=\"1875\" data-end=\"1894\" data-col-size=\"sm\">Klasa dok\u0142adno\u015bci<\/td>\n<td data-start=\"1894\" data-end=\"1910\" data-col-size=\"sm\">P0 \/ P6 \/ P5<\/td>\n<\/tr>\n<tr data-start=\"1911\" data-end=\"1953\">\n<td data-start=\"1911\" data-end=\"1935\" data-col-size=\"sm\">Temperatura pracy<\/td>\n<td data-start=\"1935\" data-end=\"1953\" data-col-size=\"sm\">-20\u00b0C do 150\u00b0C<\/td>\n<\/tr>\n<\/tbody>\n<\/table>\n<\/div>\n<\/div>\n<h1 data-section-id=\"1p00fbj\" data-start=\"1960\" data-end=\"1978\"><span role=\"text\"><strong data-start=\"1962\" data-end=\"1978\">Zastosowania<\/strong><\/span><\/h1>\n<p data-start=\"1980\" data-end=\"2033\">\u0141o\u017cysko kulkowe 22205 jest szeroko stosowane w:<\/p>\n<ul data-start=\"2035\" data-end=\"2219\">\n<li data-section-id=\"byc78f\" data-start=\"2035\" data-end=\"2066\">Sprz\u0119cie g\u00f3rniczym i kamienio\u0142omach<\/li>\n<li data-section-id=\"176s2ln\" data-start=\"2067\" data-end=\"2087\">Systemach przeno\u015bnikowych<\/li>\n<li data-section-id=\"1n6ynun\" data-start=\"2088\" data-end=\"2114\">Maszynach rolniczych<\/li>\n<li data-section-id=\"942l0d\" data-start=\"2115\" data-end=\"2139\">Przek\u0142adniach przemys\u0142owych<\/li>\n<li data-section-id=\"10ok9wi\" data-start=\"2140\" data-end=\"2177\">Liniach produkcyjnych stali i cementu<\/li>\n<li data-section-id=\"azxdeo\" data-start=\"2178\" data-end=\"2219\">Systemach transmisji mechanicznej o du\u017cym obci\u0105\u017ceniu<\/li>\n<\/ul>\n<h1 data-section-id=\"zdmnob\" data-start=\"2226\" data-end=\"2245\"><span role=\"text\"><strong data-start=\"2228\" data-end=\"2245\">Dlaczego warto wybra\u0107 nas<\/strong><\/span><\/h1>\n<ul data-start=\"2247\" data-end=\"2490\">\n<li data-section-id=\"1vbjgp6\" data-start=\"2247\" data-end=\"2304\">Silna zdolno\u015b\u0107 w produkcji \u0142o\u017cysk do ci\u0119\u017ckich zastosowa\u0144<\/li>\n<li data-section-id=\"1eol690\" data-start=\"2305\" data-end=\"2343\">Dost\u0119pne rozwi\u0105zania OEM i na zam\u00f3wienie<\/li>\n<li data-section-id=\"gy7e8t\" data-start=\"2344\" data-end=\"2398\">Materia\u0142y wysokiej jako\u015bci z rygorystyczn\u0105 kontrol\u0105 jako\u015bci<\/li>\n<li data-section-id=\"rqr2fb\" data-start=\"2399\" data-end=\"2443\">Stabilna dostawa dla przemys\u0142owych zam\u00f3wie\u0144 hurtowych<\/li>\n<li data-section-id=\"bhimnc\" data-start=\"2444\" data-end=\"2490\">Szybka globalna dostawa i wsparcie techniczne<\/li>\n<\/ul>\n<h1 data-section-id=\"1iusff4\" data-start=\"2497\" data-end=\"2506\"><span role=\"text\"><strong data-start=\"2499\" data-end=\"2506\">FAQ<\/strong><\/span><\/h1>\n<p data-start=\"2508\" data-end=\"2645\"><strong data-start=\"2508\" data-end=\"2567\">Q1: Jaka jest zaleta \u0142o\u017cysk kulkowych?<\/strong><br data-start=\"2567\" data-end=\"2570\" \/>A: Zapewniaj\u0105 du\u017c\u0105 no\u015bno\u015b\u0107 i doskona\u0142\u0105 kompensacj\u0119 niewsp\u00f3\u0142osiowo\u015bci.<\/p>\n<p data-start=\"2647\" data-end=\"2770\"><strong data-start=\"2647\" data-end=\"2693\">Q2: Czy \u0142o\u017cyska 22205 mog\u0105 obs\u0142ugiwa\u0107 du\u017ce obci\u0105\u017cenia?<\/strong><br data-start=\"2693\" data-end=\"2696\" \/>A: Tak, s\u0105 zaprojektowane do du\u017cych obci\u0105\u017ce\u0144 promieniowych i umiarkowanych obci\u0105\u017ce\u0144 osiowych.<\/p>\n<p data-start=\"2772\" data-end=\"2896\"><strong data-start=\"2772\" data-end=\"2822\">Q3: Czy dost\u0119pne s\u0105 materia\u0142y lub projekty na zam\u00f3wienie?<\/strong><br data-start=\"2822\" data-end=\"2825\" \/>A: Tak, wspieramy dostosowanie OEM na podstawie wymaga\u0144 aplikacji.<\/p>","protected":false},"excerpt":{"rendered":"<p>Ten <strong data-start=\"383\" data-end=\"417\">\u0141o\u017cysko kulkowe 22205<\/strong> jest \u0142o\u017cyskiem wa\u0142eczkowym podw\u00f3jnego rz\u0119du zaprojektowanym do przenoszenia du\u017cych obci\u0105\u017ce\u0144 promieniowych i umiarkowanych obci\u0105\u017ce\u0144 osiowych, jednocze\u015bnie kompensuj\u0105c niewsp\u00f3\u0142osiowo\u015b\u0107 wa\u0142u. Jego sferyczny tor pozwala na automatyczne wyr\u00f3wnanie, co czyni go idealnym do zastosowa\u0144, gdzie wyst\u0119puj\u0105 ugi\u0119cia wa\u0142u lub b\u0142\u0119dy monta\u017cowe.<\/p>","protected":false},"featured_media":2545,"comment_status":"open","ping_status":"closed","template":"","meta":{"site-sidebar-layout":"default","site-content-layout":"","ast-site-content-layout":"default","site-content-style":"default","site-sidebar-style":"default","ast-global-header-display":"","ast-banner-title-visibility":"","ast-main-header-display":"","ast-hfb-above-header-display":"","ast-hfb-below-header-display":"","ast-hfb-mobile-header-display":"","site-post-title":"","ast-breadcrumbs-content":"","ast-featured-img":"","footer-sml-layout":"","ast-disable-related-posts":"","theme-transparent-header-meta":"default","adv-header-id-meta":"","stick-header-meta":"default","header-above-stick-meta":"","header-main-stick-meta":"","header-below-stick-meta":"","astra-migrate-meta-layouts":"set","ast-page-background-enabled":"default","ast-page-background-meta":{"desktop":{"background-color":"","background-image":"","background-repeat":"repeat","background-position":"center center","background-size":"auto","background-attachment":"scroll","background-type":"","background-media":"","overlay-type":"","overlay-color":"","overlay-opacity":"","overlay-gradient":""},"tablet":{"background-color":"","background-image":"","background-repeat":"repeat","background-position":"center center","background-size":"auto","background-attachment":"scroll","background-type":"","background-media":"","overlay-type":"","overlay-color":"","overlay-opacity":"","overlay-gradient":""},"mobile":{"background-color":"","background-image":"","background-repeat":"repeat","background-position":"center center","background-size":"auto","background-attachment":"scroll","background-type":"","background-media":"","overlay-type":"","overlay-color":"","overlay-opacity":"","overlay-gradient":""}},"ast-content-background-meta":{"desktop":{"background-color":"var(--ast-global-color-5)","background-image":"","background-repeat":"repeat","background-position":"center center","background-size":"auto","background-attachment":"scroll","background-type":"","background-media":"","overlay-type":"","overlay-color":"","overlay-opacity":"","overlay-gradient":""},"tablet":{"background-color":"var(--ast-global-color-5)","background-image":"","background-repeat":"repeat","background-position":"center center","background-size":"auto","background-attachment":"scroll","background-type":"","background-media":"","overlay-type":"","overlay-color":"","overlay-opacity":"","overlay-gradient":""},"mobile":{"background-color":"var(--ast-global-color-5)","background-image":"","background-repeat":"repeat","background-position":"center center","background-size":"auto","background-attachment":"scroll","background-type":"","background-media":"","overlay-type":"","overlay-color":"","overlay-opacity":"","overlay-gradient":""}}},"product_brand":[],"product_cat":[24],"product_tag":[218,209,78,56,51,45,119,72,219,153],"class_list":{"0":"post-2444","1":"product","2":"type-product","3":"status-publish","4":"has-post-thumbnail","6":"product_cat-spherical-roller-bearings","7":"product_tag-22205-bearing","8":"product_tag-conveyor-bearing","9":"product_tag-gearbox-bearing","10":"product_tag-heavy-duty-bearing","11":"product_tag-high-load-bearing","12":"product_tag-industrial-bearing","13":"product_tag-mining-bearing","14":"product_tag-oem-bearing-supplier","15":"product_tag-self-aligning-roller-bearing","16":"product_tag-spherical-roller-bearing","17":"desktop-align-left","18":"tablet-align-left","19":"mobile-align-left","20":"ast-product-gallery-layout-horizontal-slider","21":"ast-product-gallery-with-no-image","22":"ast-product-tabs-layout-horizontal","24":"first","25":"instock","26":"shipping-taxable","27":"product-type-simple"},"_links":{"self":[{"href":"https:\/\/www.machinerybearings.com\/pl\/wp-json\/wp\/v2\/product\/2444","targetHints":{"allow":["GET"]}}],"collection":[{"href":"https:\/\/www.machinerybearings.com\/pl\/wp-json\/wp\/v2\/product"}],"about":[{"href":"https:\/\/www.machinerybearings.com\/pl\/wp-json\/wp\/v2\/types\/product"}],"replies":[{"embeddable":true,"href":"https:\/\/www.machinerybearings.com\/pl\/wp-json\/wp\/v2\/comments?post=2444"}],"wp:featuredmedia":[{"embeddable":true,"href":"https:\/\/www.machinerybearings.com\/pl\/wp-json\/wp\/v2\/media\/2545"}],"wp:attachment":[{"href":"https:\/\/www.machinerybearings.com\/pl\/wp-json\/wp\/v2\/media?parent=2444"}],"wp:term":[{"taxonomy":"product_brand","embeddable":true,"href":"https:\/\/www.machinerybearings.com\/pl\/wp-json\/wp\/v2\/product_brand?post=2444"},{"taxonomy":"product_cat","embeddable":true,"href":"https:\/\/www.machinerybearings.com\/pl\/wp-json\/wp\/v2\/product_cat?post=2444"},{"taxonomy":"product_tag","embeddable":true,"href":"https:\/\/www.machinerybearings.com\/pl\/wp-json\/wp\/v2\/product_tag?post=2444"}],"curies":[{"name":"wp","href":"https:\/\/api.w.org\/{rel}","templated":true}]}}