{"id":2446,"date":"2026-04-13T14:44:47","date_gmt":"2026-04-13T14:44:47","guid":{"rendered":"https:\/\/www.machinerybearings.com\/?post_type=product&#038;p=2446"},"modified":"2026-05-03T06:29:37","modified_gmt":"2026-05-03T06:29:37","slug":"22210-spherical-roller-bearing-heavy-load-self-aligning-bearing-for-industrial-machinery","status":"publish","type":"product","link":"https:\/\/www.machinerybearings.com\/pl\/produkt\/22210-spherical-roller-bearing-heavy-load-self-aligning-bearing-for-industrial-machinery\/","title":{"rendered":"\u0141o\u017cysko walcowe 22210 \u2013 Samonastawne \u0142o\u017cysko do du\u017cych obci\u0105\u017ce\u0144 dla maszyn przemys\u0142owych"},"content":{"rendered":"<p data-start=\"365\" data-end=\"710\">Ten <strong data-start=\"369\" data-end=\"403\">22210 \u0141o\u017cysko kulkowe<\/strong> jest \u0142o\u017cyskiem o wysokiej wydajno\u015bci z podw\u00f3jnym rz\u0119dem, zaprojektowanym do obs\u0142ugi du\u017cych obci\u0105\u017ce\u0144 promieniowych i umiarkowanych obci\u0105\u017ce\u0144 osiowych, jednocze\u015bnie kompensuj\u0105c niewsp\u00f3\u0142osiowo\u015b\u0107 wa\u0142u. Jego sferyczna bie\u017cnia umo\u017cliwia automatyczne wyr\u00f3wnanie, co czyni go idealnym do zastosowa\u0144 z ugi\u0119ciem wa\u0142u, b\u0142\u0119dami monta\u017cowymi lub dynamicznymi warunkami pracy.<\/p>\n<p data-start=\"712\" data-end=\"971\">W por\u00f3wnaniu do standardowych \u0142o\u017cysk kulkowych, \u0142o\u017cysko 22210 oferuje lepsz\u0105 no\u015bno\u015b\u0107, zwi\u0119kszon\u0105 trwa\u0142o\u015b\u0107 i doskona\u0142\u0105 odporno\u015b\u0107 na wstrz\u0105sy i wibracje. Jest szeroko stosowane w ci\u0119\u017ckich \u015brodowiskach przemys\u0142owych, gdzie niezawodno\u015b\u0107 i d\u0142uga \u017cywotno\u015b\u0107 s\u0105 kluczowe.<\/p>\n<p data-start=\"973\" data-end=\"1150\">Wykonane z wysokiej jako\u015bci stali chromowej lub stali stopowej, \u0142o\u017cysko 22210 zapewnia p\u0142ynny ruch, zmniejszone tarcie i stabiln\u0105 wydajno\u015b\u0107 w warunkach ci\u0105g\u0142ego obci\u0105\u017cenia.<\/p>\n<h1 data-section-id=\"8av2ty\" data-start=\"1157\" data-end=\"1175\"><span role=\"text\"><strong data-start=\"1159\" data-end=\"1175\">Kluczowe cechy<\/strong><\/span><\/h1>\n<ul data-start=\"1177\" data-end=\"1536\">\n<li data-section-id=\"17ys86f\" data-start=\"1177\" data-end=\"1234\">Wysoka no\u015bno\u015b\u0107 promieniowa dla zastosowa\u0144 w ci\u0119\u017ckich warunkach<\/li>\n<li data-section-id=\"1fr59o7\" data-start=\"1235\" data-end=\"1294\">Konstrukcja samonastawna kompensuje niewsp\u00f3\u0142osiowo\u015b\u0107 wa\u0142u<\/li>\n<li data-section-id=\"1vl001\" data-start=\"1295\" data-end=\"1339\">Wspiera po\u0142\u0105czone obci\u0105\u017cenia promieniowe i osiowe<\/li>\n<li data-section-id=\"1n39sdg\" data-start=\"1340\" data-end=\"1393\">Doskona\u0142a odporno\u015b\u0107 na wibracje i obci\u0105\u017cenia wstrz\u0105sowe<\/li>\n<li data-section-id=\"yc3667\" data-start=\"1394\" data-end=\"1448\">D\u0142uga \u017cywotno\u015b\u0107 w trudnych warunkach przemys\u0142owych<\/li>\n<li data-section-id=\"1mpt223\" data-start=\"1449\" data-end=\"1487\">P\u0142ynna praca przy niskim tarciu<\/li>\n<li data-section-id=\"1u0azbc\" data-start=\"1488\" data-end=\"1536\">Odpowiednie do ci\u0105g\u0142ej pracy w trybie ci\u0119\u017ckim<\/li>\n<\/ul>\n<h1 data-section-id=\"10k15yz\" data-start=\"1543\" data-end=\"1573\"><span role=\"text\"><strong data-start=\"1545\" data-end=\"1573\">Specyfikacje techniczne<\/strong><\/span><\/h1>\n<div class=\"TyagGW_tableContainer\">\n<div class=\"group TyagGW_tableWrapper flex flex-col-reverse w-fit\" tabindex=\"-1\">\n<table class=\"w-fit min-w-(--thread-content-width)\" data-start=\"1575\" data-end=\"1990\">\n<thead data-start=\"1575\" data-end=\"1596\">\n<tr data-start=\"1575\" data-end=\"1596\">\n<th class=\"\" data-start=\"1575\" data-end=\"1587\" data-col-size=\"sm\">Parametr<\/th>\n<th class=\"\" data-start=\"1587\" data-end=\"1596\" data-col-size=\"sm\">Warto\u015b\u0107<\/th>\n<\/tr>\n<\/thead>\n<tbody data-start=\"1617\" data-end=\"1990\">\n<tr data-start=\"1617\" data-end=\"1642\">\n<td data-start=\"1617\" data-end=\"1633\" data-col-size=\"sm\">Model \u0142o\u017cyska<\/td>\n<td data-col-size=\"sm\" data-start=\"1633\" data-end=\"1642\">22210<\/td>\n<\/tr>\n<tr data-start=\"1643\" data-end=\"1673\">\n<td data-start=\"1643\" data-end=\"1664\" data-col-size=\"sm\">\u015arednica wewn\u0119trzna (d)<\/td>\n<td data-start=\"1664\" data-end=\"1673\" data-col-size=\"sm\">50 mm<\/td>\n<\/tr>\n<tr data-start=\"1674\" data-end=\"1704\">\n<td data-start=\"1674\" data-end=\"1695\" data-col-size=\"sm\">\u015arednica zewn\u0119trzna (D)<\/td>\n<td data-start=\"1695\" data-end=\"1704\" data-col-size=\"sm\">90 mm<\/td>\n<\/tr>\n<tr data-start=\"1705\" data-end=\"1726\">\n<td data-start=\"1705\" data-end=\"1717\" data-col-size=\"sm\">Szeroko\u015b\u0107 (B)<\/td>\n<td data-start=\"1717\" data-end=\"1726\" data-col-size=\"sm\">23 mm<\/td>\n<\/tr>\n<tr data-start=\"1727\" data-end=\"1770\">\n<td data-start=\"1727\" data-end=\"1742\" data-col-size=\"sm\">Typ \u0142o\u017cyska<\/td>\n<td data-start=\"1742\" data-end=\"1770\" data-col-size=\"sm\">\u0141o\u017cysko kulkowe sferyczne<\/td>\n<\/tr>\n<tr data-start=\"1771\" data-end=\"1804\">\n<td data-start=\"1771\" data-end=\"1783\" data-col-size=\"sm\">Budowa<\/td>\n<td data-start=\"1783\" data-end=\"1804\" data-col-size=\"sm\">Podw\u00f3jny rz\u0105d wa\u0142k\u00f3w<\/td>\n<\/tr>\n<tr data-start=\"1805\" data-end=\"1846\">\n<td data-start=\"1805\" data-end=\"1816\" data-col-size=\"sm\">Materia\u0142<\/td>\n<td data-start=\"1816\" data-end=\"1846\" data-col-size=\"sm\">Stal chromowa \/ Stal stopowa<\/td>\n<\/tr>\n<tr data-start=\"1847\" data-end=\"1880\">\n<td data-start=\"1847\" data-end=\"1863\" data-col-size=\"sm\">Materia\u0142 kosza<\/td>\n<td data-col-size=\"sm\" data-start=\"1863\" data-end=\"1880\">Stal \/ Mosi\u0105dz<\/td>\n<\/tr>\n<tr data-start=\"1881\" data-end=\"1911\">\n<td data-start=\"1881\" data-end=\"1895\" data-col-size=\"sm\">Smarowanie<\/td>\n<td data-start=\"1895\" data-end=\"1911\" data-col-size=\"sm\">Smar \/ Olej<\/td>\n<\/tr>\n<tr data-start=\"1912\" data-end=\"1947\">\n<td data-start=\"1912\" data-end=\"1931\" data-col-size=\"sm\">Klasa dok\u0142adno\u015bci<\/td>\n<td data-start=\"1931\" data-end=\"1947\" data-col-size=\"sm\">P0 \/ P6 \/ P5<\/td>\n<\/tr>\n<tr data-start=\"1948\" data-end=\"1990\">\n<td data-start=\"1948\" data-end=\"1972\" data-col-size=\"sm\">Temperatura pracy<\/td>\n<td data-col-size=\"sm\" data-start=\"1972\" data-end=\"1990\">-20\u00b0C do 150\u00b0C<\/td>\n<\/tr>\n<\/tbody>\n<\/table>\n<\/div>\n<\/div>\n<h1 data-section-id=\"1p00fbj\" data-start=\"1997\" data-end=\"2015\"><span role=\"text\"><strong data-start=\"1999\" data-end=\"2015\">Zastosowania<\/strong><\/span><\/h1>\n<p data-start=\"2017\" data-end=\"2070\">\u0141o\u017cysko kulkowe 22210 jest szeroko stosowane w:<\/p>\n<ul data-start=\"2072\" data-end=\"2256\">\n<li data-section-id=\"ew3yor\" data-start=\"2072\" data-end=\"2103\">Maszynach g\u00f3rniczych i kamienio\u0142omach<\/li>\n<li data-section-id=\"176s2ln\" data-start=\"2104\" data-end=\"2124\">Systemach przeno\u015bnikowych<\/li>\n<li data-section-id=\"942l0d\" data-start=\"2125\" data-end=\"2149\">Przek\u0142adniach przemys\u0142owych<\/li>\n<li data-section-id=\"10ok9wi\" data-start=\"2150\" data-end=\"2187\">Liniach produkcyjnych stali i cementu<\/li>\n<li data-section-id=\"azxdeo\" data-start=\"2188\" data-end=\"2229\">Systemach transmisji mechanicznej o du\u017cym obci\u0105\u017ceniu<\/li>\n<li data-section-id=\"y8acu3\" data-start=\"2230\" data-end=\"2256\">Sprz\u0119cie rolniczym<\/li>\n<\/ul>\n<h1 data-section-id=\"zdmnob\" data-start=\"2263\" data-end=\"2282\"><span role=\"text\"><strong data-start=\"2265\" data-end=\"2282\">Dlaczego warto wybra\u0107 nas<\/strong><\/span><\/h1>\n<ul data-start=\"2284\" data-end=\"2526\">\n<li data-section-id=\"3u22ud\" data-start=\"2284\" data-end=\"2343\">Silne mo\u017cliwo\u015bci produkcyjne dla \u0142o\u017cysk do ci\u0119\u017ckich zastosowa\u0144<\/li>\n<li data-section-id=\"1eol690\" data-start=\"2344\" data-end=\"2382\">Dost\u0119pne rozwi\u0105zania OEM i na zam\u00f3wienie<\/li>\n<li data-section-id=\"1hszmfc\" data-start=\"2383\" data-end=\"2434\">Materia\u0142y wysokiej jako\u015bci i precyzyjna obr\u00f3bka<\/li>\n<li data-section-id=\"rqr2fb\" data-start=\"2435\" data-end=\"2479\">Stabilna dostawa dla przemys\u0142owych zam\u00f3wie\u0144 hurtowych<\/li>\n<li data-section-id=\"bhimnc\" data-start=\"2480\" data-end=\"2526\">Szybka globalna dostawa i wsparcie techniczne<\/li>\n<\/ul>\n<h1 data-section-id=\"1iusff4\" data-start=\"2533\" data-end=\"2542\"><span role=\"text\"><strong data-start=\"2535\" data-end=\"2542\">FAQ<\/strong><\/span><\/h1>\n<p data-start=\"2544\" data-end=\"2720\"><strong data-start=\"2544\" data-end=\"2614\">Q1: Jaka jest g\u0142\u00f3wna zaleta \u0142o\u017cysk kulkowych 22210?<\/strong><br data-start=\"2614\" data-end=\"2617\" \/>A: Zapewniaj\u0105 wysok\u0105 no\u015bno\u015b\u0107 i doskona\u0142\u0105 kompensacj\u0119 niewsp\u00f3\u0142osiowo\u015bci dla zastosowa\u0144 w trybie ci\u0119\u017ckim.<\/p>\n<p data-start=\"2722\" data-end=\"2851\"><strong data-start=\"2722\" data-end=\"2768\">Q2: Czy \u0142o\u017cyska 22210 mog\u0105 obs\u0142ugiwa\u0107 obci\u0105\u017cenia osiowe?<\/strong><br data-start=\"2768\" data-end=\"2771\" \/>A: Tak, mog\u0105 wspiera\u0107 umiarkowane obci\u0105\u017cenia osiowe opr\u00f3cz du\u017cych obci\u0105\u017ce\u0144 promieniowych.<\/p>\n<p data-start=\"2853\" data-end=\"2986\"><strong data-start=\"2853\" data-end=\"2895\">Q3: Czy dost\u0119pne s\u0105 wersje dostosowane?<\/strong><br data-start=\"2895\" data-end=\"2898\" \/>A: Tak, oferujemy dostosowanie OEM, w tym materia\u0142y, luz i klasy precyzji.<\/p>","protected":false},"excerpt":{"rendered":"<p>Ten <strong data-start=\"369\" data-end=\"403\">22210 \u0141o\u017cysko kulkowe<\/strong> jest \u0142o\u017cyskiem o wysokiej wydajno\u015bci z podw\u00f3jnym rz\u0119dem, zaprojektowanym do obs\u0142ugi du\u017cych obci\u0105\u017ce\u0144 promieniowych i umiarkowanych obci\u0105\u017ce\u0144 osiowych, jednocze\u015bnie kompensuj\u0105c niewsp\u00f3\u0142osiowo\u015b\u0107 wa\u0142u. Jego sferyczna bie\u017cnia umo\u017cliwia automatyczne wyr\u00f3wnanie, co czyni go idealnym do zastosowa\u0144 z ugi\u0119ciem wa\u0142u, b\u0142\u0119dami monta\u017cowymi lub dynamicznymi warunkami pracy.<\/p>","protected":false},"featured_media":2546,"comment_status":"open","ping_status":"closed","template":"","meta":{"site-sidebar-layout":"default","site-content-layout":"","ast-site-content-layout":"default","site-content-style":"default","site-sidebar-style":"default","ast-global-header-display":"","ast-banner-title-visibility":"","ast-main-header-display":"","ast-hfb-above-header-display":"","ast-hfb-below-header-display":"","ast-hfb-mobile-header-display":"","site-post-title":"","ast-breadcrumbs-content":"","ast-featured-img":"","footer-sml-layout":"","ast-disable-related-posts":"","theme-transparent-header-meta":"default","adv-header-id-meta":"","stick-header-meta":"default","header-above-stick-meta":"","header-main-stick-meta":"","header-below-stick-meta":"","astra-migrate-meta-layouts":"set","ast-page-background-enabled":"default","ast-page-background-meta":{"desktop":{"background-color":"","background-image":"","background-repeat":"repeat","background-position":"center center","background-size":"auto","background-attachment":"scroll","background-type":"","background-media":"","overlay-type":"","overlay-color":"","overlay-opacity":"","overlay-gradient":""},"tablet":{"background-color":"","background-image":"","background-repeat":"repeat","background-position":"center center","background-size":"auto","background-attachment":"scroll","background-type":"","background-media":"","overlay-type":"","overlay-color":"","overlay-opacity":"","overlay-gradient":""},"mobile":{"background-color":"","background-image":"","background-repeat":"repeat","background-position":"center center","background-size":"auto","background-attachment":"scroll","background-type":"","background-media":"","overlay-type":"","overlay-color":"","overlay-opacity":"","overlay-gradient":""}},"ast-content-background-meta":{"desktop":{"background-color":"var(--ast-global-color-5)","background-image":"","background-repeat":"repeat","background-position":"center center","background-size":"auto","background-attachment":"scroll","background-type":"","background-media":"","overlay-type":"","overlay-color":"","overlay-opacity":"","overlay-gradient":""},"tablet":{"background-color":"var(--ast-global-color-5)","background-image":"","background-repeat":"repeat","background-position":"center center","background-size":"auto","background-attachment":"scroll","background-type":"","background-media":"","overlay-type":"","overlay-color":"","overlay-opacity":"","overlay-gradient":""},"mobile":{"background-color":"var(--ast-global-color-5)","background-image":"","background-repeat":"repeat","background-position":"center center","background-size":"auto","background-attachment":"scroll","background-type":"","background-media":"","overlay-type":"","overlay-color":"","overlay-opacity":"","overlay-gradient":""}}},"product_brand":[],"product_cat":[24],"product_tag":[220,209,78,56,51,45,119,72,219,153],"class_list":{"0":"post-2446","1":"product","2":"type-product","3":"status-publish","4":"has-post-thumbnail","6":"product_cat-spherical-roller-bearings","7":"product_tag-22210-bearing","8":"product_tag-conveyor-bearing","9":"product_tag-gearbox-bearing","10":"product_tag-heavy-duty-bearing","11":"product_tag-high-load-bearing","12":"product_tag-industrial-bearing","13":"product_tag-mining-bearing","14":"product_tag-oem-bearing-supplier","15":"product_tag-self-aligning-roller-bearing","16":"product_tag-spherical-roller-bearing","17":"desktop-align-left","18":"tablet-align-left","19":"mobile-align-left","20":"ast-product-gallery-layout-horizontal-slider","21":"ast-product-gallery-with-no-image","22":"ast-product-tabs-layout-horizontal","24":"first","25":"instock","26":"shipping-taxable","27":"product-type-simple"},"_links":{"self":[{"href":"https:\/\/www.machinerybearings.com\/pl\/wp-json\/wp\/v2\/product\/2446","targetHints":{"allow":["GET"]}}],"collection":[{"href":"https:\/\/www.machinerybearings.com\/pl\/wp-json\/wp\/v2\/product"}],"about":[{"href":"https:\/\/www.machinerybearings.com\/pl\/wp-json\/wp\/v2\/types\/product"}],"replies":[{"embeddable":true,"href":"https:\/\/www.machinerybearings.com\/pl\/wp-json\/wp\/v2\/comments?post=2446"}],"wp:featuredmedia":[{"embeddable":true,"href":"https:\/\/www.machinerybearings.com\/pl\/wp-json\/wp\/v2\/media\/2546"}],"wp:attachment":[{"href":"https:\/\/www.machinerybearings.com\/pl\/wp-json\/wp\/v2\/media?parent=2446"}],"wp:term":[{"taxonomy":"product_brand","embeddable":true,"href":"https:\/\/www.machinerybearings.com\/pl\/wp-json\/wp\/v2\/product_brand?post=2446"},{"taxonomy":"product_cat","embeddable":true,"href":"https:\/\/www.machinerybearings.com\/pl\/wp-json\/wp\/v2\/product_cat?post=2446"},{"taxonomy":"product_tag","embeddable":true,"href":"https:\/\/www.machinerybearings.com\/pl\/wp-json\/wp\/v2\/product_tag?post=2446"}],"curies":[{"name":"wp","href":"https:\/\/api.w.org\/{rel}","templated":true}]}}