{"id":2448,"date":"2026-04-13T14:47:11","date_gmt":"2026-04-13T14:47:11","guid":{"rendered":"https:\/\/www.machinerybearings.com\/?post_type=product&#038;p=2448"},"modified":"2026-05-03T05:44:19","modified_gmt":"2026-05-03T05:44:19","slug":"22312-spherical-roller-bearing-heavy-load-self-aligning-bearing-for-industrial-applications","status":"publish","type":"product","link":"https:\/\/www.machinerybearings.com\/pl\/produkt\/22312-spherical-roller-bearing-heavy-load-self-aligning-bearing-for-industrial-applications\/","title":{"rendered":"\u0141o\u017cysko walcowe 22312 \u2013 Samonastawne \u0142o\u017cysko do du\u017cych obci\u0105\u017ce\u0144 do zastosowa\u0144 przemys\u0142owych"},"content":{"rendered":"<p data-start=\"386\" data-end=\"712\">Ten <strong data-start=\"390\" data-end=\"424\">22312 \u0142o\u017cysko kulkowe<\/strong> jest \u0142o\u017cyskiem o du\u017cej wytrzyma\u0142o\u015bci, podw\u00f3jnym rz\u0119dzie, zaprojektowanym do obs\u0142ugi ekstremalnie wysokich obci\u0105\u017ce\u0144 promieniowych i umiarkowanych obci\u0105\u017ce\u0144 osiowych, jednocze\u015bnie kompensuj\u0105cym niewsp\u00f3\u0142osiowo\u015b\u0107 wa\u0142u. Jego kulkowy tor toczny pozwala na automatyczne wyr\u00f3wnanie, zapewniaj\u0105c stabiln\u0105 wydajno\u015b\u0107 nawet przy odkszta\u0142ceniu wa\u0142u lub b\u0142\u0119dach monta\u017cowych.<\/p>\n<p data-start=\"714\" data-end=\"980\">W por\u00f3wnaniu do serii 22200, \u0142o\u017cyska serii 22300 oferuj\u0105 <strong data-start=\"776\" data-end=\"868\">wy\u017csz\u0105 no\u015bno\u015b\u0107, wi\u0119ksz\u0105 trwa\u0142o\u015b\u0107 i lepsz\u0105 odporno\u015b\u0107 na wstrz\u0105sy i wibracje<\/strong>, co czyni je idealnymi do wymagaj\u0105cych \u015brodowisk przemys\u0142owych, takich jak g\u00f3rnictwo, produkcja stali i ci\u0119\u017ckie maszyny.<\/p>\n<p data-start=\"982\" data-end=\"1161\">Wykonane z wysokiej jako\u015bci stali stopowej lub chromowej, \u0142o\u017cysko 22312 zapewnia doskona\u0142\u0105 wytrzyma\u0142o\u015b\u0107, odporno\u015b\u0107 na zu\u017cycie i d\u0142ug\u0105 \u017cywotno\u015b\u0107 w warunkach ci\u0105g\u0142ego obci\u0105\u017cenia.<\/p>\n<h1 data-section-id=\"8av2ty\" data-start=\"1168\" data-end=\"1186\"><span role=\"text\"><strong data-start=\"1170\" data-end=\"1186\">Kluczowe cechy<\/strong><\/span><\/h1>\n<ul data-start=\"1188\" data-end=\"1516\">\n<li data-section-id=\"1bxkwpw\" data-start=\"1188\" data-end=\"1227\">Ekstremalnie wysoka no\u015bno\u015b\u0107 promieniowa<\/li>\n<li data-section-id=\"1fr59o7\" data-start=\"1228\" data-end=\"1287\">Konstrukcja samonastawna kompensuje niewsp\u00f3\u0142osiowo\u015b\u0107 wa\u0142u<\/li>\n<li data-section-id=\"1vl001\" data-start=\"1288\" data-end=\"1332\">Wspiera po\u0142\u0105czone obci\u0105\u017cenia promieniowe i osiowe<\/li>\n<li data-section-id=\"rdribk\" data-start=\"1333\" data-end=\"1379\">Doskona\u0142a odporno\u015b\u0107 na wstrz\u0105sy i wibracje<\/li>\n<li data-section-id=\"1vtlpw4\" data-start=\"1380\" data-end=\"1432\">Wzmocniona konstrukcja do zastosowa\u0144 o du\u017cym obci\u0105\u017ceniu<\/li>\n<li data-section-id=\"js9du9\" data-start=\"1433\" data-end=\"1477\">D\u0142uga \u017cywotno\u015b\u0107 w trudnych warunkach<\/li>\n<li data-section-id=\"1mpt223\" data-start=\"1478\" data-end=\"1516\">P\u0142ynna praca przy niskim tarciu<\/li>\n<\/ul>\n<h1 data-section-id=\"10k15yz\" data-start=\"1523\" data-end=\"1553\"><span role=\"text\"><strong data-start=\"1525\" data-end=\"1553\">Specyfikacje techniczne<\/strong><\/span><\/h1>\n<div class=\"TyagGW_tableContainer\">\n<div class=\"group TyagGW_tableWrapper flex flex-col-reverse w-fit\" tabindex=\"-1\">\n<table class=\"w-fit min-w-(--thread-content-width)\" data-start=\"1555\" data-end=\"1971\">\n<thead data-start=\"1555\" data-end=\"1576\">\n<tr data-start=\"1555\" data-end=\"1576\">\n<th class=\"\" data-start=\"1555\" data-end=\"1567\" data-col-size=\"sm\">Parametr<\/th>\n<th class=\"\" data-start=\"1567\" data-end=\"1576\" data-col-size=\"sm\">Warto\u015b\u0107<\/th>\n<\/tr>\n<\/thead>\n<tbody data-start=\"1597\" data-end=\"1971\">\n<tr data-start=\"1597\" data-end=\"1622\">\n<td data-start=\"1597\" data-end=\"1613\" data-col-size=\"sm\">Model \u0142o\u017cyska<\/td>\n<td data-start=\"1613\" data-end=\"1622\" data-col-size=\"sm\">22312<\/td>\n<\/tr>\n<tr data-start=\"1623\" data-end=\"1653\">\n<td data-start=\"1623\" data-end=\"1644\" data-col-size=\"sm\">\u015arednica wewn\u0119trzna (d)<\/td>\n<td data-col-size=\"sm\" data-start=\"1644\" data-end=\"1653\">60 mm<\/td>\n<\/tr>\n<tr data-start=\"1654\" data-end=\"1685\">\n<td data-start=\"1654\" data-end=\"1675\" data-col-size=\"sm\">\u015arednica zewn\u0119trzna (D)<\/td>\n<td data-start=\"1675\" data-end=\"1685\" data-col-size=\"sm\">130 mm<\/td>\n<\/tr>\n<tr data-start=\"1686\" data-end=\"1707\">\n<td data-start=\"1686\" data-end=\"1698\" data-col-size=\"sm\">Szeroko\u015b\u0107 (B)<\/td>\n<td data-start=\"1698\" data-end=\"1707\" data-col-size=\"sm\">46 mm<\/td>\n<\/tr>\n<tr data-start=\"1708\" data-end=\"1751\">\n<td data-start=\"1708\" data-end=\"1723\" data-col-size=\"sm\">Typ \u0142o\u017cyska<\/td>\n<td data-start=\"1723\" data-end=\"1751\" data-col-size=\"sm\">\u0141o\u017cysko kulkowe sferyczne<\/td>\n<\/tr>\n<tr data-start=\"1752\" data-end=\"1785\">\n<td data-start=\"1752\" data-end=\"1764\" data-col-size=\"sm\">Budowa<\/td>\n<td data-start=\"1764\" data-end=\"1785\" data-col-size=\"sm\">Podw\u00f3jny rz\u0105d wa\u0142k\u00f3w<\/td>\n<\/tr>\n<tr data-start=\"1786\" data-end=\"1827\">\n<td data-start=\"1786\" data-end=\"1797\" data-col-size=\"sm\">Materia\u0142<\/td>\n<td data-start=\"1797\" data-end=\"1827\" data-col-size=\"sm\">Stal chromowa \/ Stal stopowa<\/td>\n<\/tr>\n<tr data-start=\"1828\" data-end=\"1861\">\n<td data-start=\"1828\" data-end=\"1844\" data-col-size=\"sm\">Materia\u0142 kosza<\/td>\n<td data-start=\"1844\" data-end=\"1861\" data-col-size=\"sm\">Stal \/ Mosi\u0105dz<\/td>\n<\/tr>\n<tr data-start=\"1862\" data-end=\"1892\">\n<td data-start=\"1862\" data-end=\"1876\" data-col-size=\"sm\">Smarowanie<\/td>\n<td data-start=\"1876\" data-end=\"1892\" data-col-size=\"sm\">Smar \/ Olej<\/td>\n<\/tr>\n<tr data-start=\"1893\" data-end=\"1928\">\n<td data-start=\"1893\" data-end=\"1912\" data-col-size=\"sm\">Klasa dok\u0142adno\u015bci<\/td>\n<td data-start=\"1912\" data-end=\"1928\" data-col-size=\"sm\">P0 \/ P6 \/ P5<\/td>\n<\/tr>\n<tr data-start=\"1929\" data-end=\"1971\">\n<td data-start=\"1929\" data-end=\"1953\" data-col-size=\"sm\">Temperatura pracy<\/td>\n<td data-start=\"1953\" data-end=\"1971\" data-col-size=\"sm\">-20\u00b0C do 150\u00b0C<\/td>\n<\/tr>\n<\/tbody>\n<\/table>\n<\/div>\n<\/div>\n<h1 data-section-id=\"1p00fbj\" data-start=\"1978\" data-end=\"1996\"><span role=\"text\"><strong data-start=\"1980\" data-end=\"1996\">Zastosowania<\/strong><\/span><\/h1>\n<p data-start=\"1998\" data-end=\"2051\">\u0141o\u017cysko kulkowe 22312 jest szeroko stosowane w:<\/p>\n<ul data-start=\"2053\" data-end=\"2234\">\n<li data-section-id=\"byc78f\" data-start=\"2053\" data-end=\"2084\">Sprz\u0119cie g\u00f3rniczym i kamienio\u0142omach<\/li>\n<li data-section-id=\"10jsg4s\" data-start=\"2085\" data-end=\"2122\">Walcowniach i maszynach walcuj\u0105cych<\/li>\n<li data-section-id=\"siir4p\" data-start=\"2123\" data-end=\"2154\">Systemach przeno\u015bnik\u00f3w o du\u017cym obci\u0105\u017ceniu<\/li>\n<li data-section-id=\"1tqmi6a\" data-start=\"2155\" data-end=\"2182\">Liniach produkcyjnych cementu<\/li>\n<li data-section-id=\"942l0d\" data-start=\"2183\" data-end=\"2207\">Przek\u0142adniach przemys\u0142owych<\/li>\n<li data-section-id=\"19d9gij\" data-start=\"2208\" data-end=\"2234\">Maszynach budowlanych<\/li>\n<\/ul>\n<h1 data-section-id=\"zdmnob\" data-start=\"2241\" data-end=\"2260\"><span role=\"text\"><strong data-start=\"2243\" data-end=\"2260\">Dlaczego warto wybra\u0107 nas<\/strong><\/span><\/h1>\n<ul data-start=\"2262\" data-end=\"2521\">\n<li data-section-id=\"1ygtht\" data-start=\"2262\" data-end=\"2318\">Silna ekspertyza w produkcji \u0142o\u017cysk o du\u017cym obci\u0105\u017ceniu<\/li>\n<li data-section-id=\"8lis3h\" data-start=\"2319\" data-end=\"2369\">Dost\u0119pne rozwi\u0105zania in\u017cynieryjne OEM i na zam\u00f3wienie<\/li>\n<li data-section-id=\"gy7e8t\" data-start=\"2370\" data-end=\"2424\">Materia\u0142y wysokiej jako\u015bci z rygorystyczn\u0105 kontrol\u0105 jako\u015bci<\/li>\n<li data-section-id=\"h81w5g\" data-start=\"2425\" data-end=\"2474\">Niezawodne dostawy dla du\u017cych projekt\u00f3w przemys\u0142owych<\/li>\n<li data-section-id=\"bhimnc\" data-start=\"2475\" data-end=\"2521\">Szybka globalna dostawa i wsparcie techniczne<\/li>\n<\/ul>\n<h1 data-section-id=\"1iusff4\" data-start=\"2528\" data-end=\"2537\"><span role=\"text\"><strong data-start=\"2530\" data-end=\"2537\">FAQ<\/strong><\/span><\/h1>\n<p data-start=\"2539\" data-end=\"2727\"><strong data-start=\"2539\" data-end=\"2606\">Q1: Jaka jest r\u00f3\u017cnica mi\u0119dzy \u0142o\u017cyskami serii 222 a 223?<\/strong><br data-start=\"2606\" data-end=\"2609\" \/>A: Seria 223 ma wy\u017csz\u0105 no\u015bno\u015b\u0107 i jest zaprojektowana do zastosowa\u0144 o wi\u0119kszym obci\u0105\u017ceniu w por\u00f3wnaniu do serii 222.<\/p>\n<p data-start=\"2729\" data-end=\"2883\"><strong data-start=\"2729\" data-end=\"2780\">Q2: Czy 22312 nadaje si\u0119 do ci\u0119\u017ckiego u\u017cytku przemys\u0142owego?<\/strong><br data-start=\"2780\" data-end=\"2783\" \/>A: Tak, jest specjalnie zaprojektowane do ekstremalnych warunk\u00f3w obci\u0105\u017ceniowych w bran\u017cach takich jak g\u00f3rnictwo i stal.<\/p>\n<p data-start=\"2885\" data-end=\"3022\"><strong data-start=\"2885\" data-end=\"2930\">Q3: Czy to \u0142o\u017cysko mo\u017ce radzi\u0107 sobie z niedopasowaniem?<\/strong><br data-start=\"2930\" data-end=\"2933\" \/>A: Tak, sferyczny kszta\u0142t pozwala na automatyczne dopasowanie i redukuje stres w systemie.<\/p>","protected":false},"excerpt":{"rendered":"<p>Ten <strong data-start=\"390\" data-end=\"424\">22312 \u0142o\u017cysko kulkowe<\/strong> jest \u0142o\u017cyskiem o du\u017cej wytrzyma\u0142o\u015bci, podw\u00f3jnym rz\u0119dzie, zaprojektowanym do obs\u0142ugi ekstremalnie wysokich obci\u0105\u017ce\u0144 promieniowych i umiarkowanych obci\u0105\u017ce\u0144 osiowych, jednocze\u015bnie kompensuj\u0105cym niewsp\u00f3\u0142osiowo\u015b\u0107 wa\u0142u. Jego kulkowy tor toczny pozwala na automatyczne wyr\u00f3wnanie, zapewniaj\u0105c stabiln\u0105 wydajno\u015b\u0107 nawet przy odkszta\u0142ceniu wa\u0142u lub b\u0142\u0119dach monta\u017cowych.<\/p>","protected":false},"featured_media":2536,"comment_status":"open","ping_status":"closed","template":"","meta":{"site-sidebar-layout":"default","site-content-layout":"","ast-site-content-layout":"default","site-content-style":"default","site-sidebar-style":"default","ast-global-header-display":"","ast-banner-title-visibility":"","ast-main-header-display":"","ast-hfb-above-header-display":"","ast-hfb-below-header-display":"","ast-hfb-mobile-header-display":"","site-post-title":"","ast-breadcrumbs-content":"","ast-featured-img":"","footer-sml-layout":"","ast-disable-related-posts":"","theme-transparent-header-meta":"default","adv-header-id-meta":"","stick-header-meta":"default","header-above-stick-meta":"","header-main-stick-meta":"","header-below-stick-meta":"","astra-migrate-meta-layouts":"set","ast-page-background-enabled":"default","ast-page-background-meta":{"desktop":{"background-color":"","background-image":"","background-repeat":"repeat","background-position":"center center","background-size":"auto","background-attachment":"scroll","background-type":"","background-media":"","overlay-type":"","overlay-color":"","overlay-opacity":"","overlay-gradient":""},"tablet":{"background-color":"","background-image":"","background-repeat":"repeat","background-position":"center center","background-size":"auto","background-attachment":"scroll","background-type":"","background-media":"","overlay-type":"","overlay-color":"","overlay-opacity":"","overlay-gradient":""},"mobile":{"background-color":"","background-image":"","background-repeat":"repeat","background-position":"center center","background-size":"auto","background-attachment":"scroll","background-type":"","background-media":"","overlay-type":"","overlay-color":"","overlay-opacity":"","overlay-gradient":""}},"ast-content-background-meta":{"desktop":{"background-color":"var(--ast-global-color-5)","background-image":"","background-repeat":"repeat","background-position":"center center","background-size":"auto","background-attachment":"scroll","background-type":"","background-media":"","overlay-type":"","overlay-color":"","overlay-opacity":"","overlay-gradient":""},"tablet":{"background-color":"var(--ast-global-color-5)","background-image":"","background-repeat":"repeat","background-position":"center center","background-size":"auto","background-attachment":"scroll","background-type":"","background-media":"","overlay-type":"","overlay-color":"","overlay-opacity":"","overlay-gradient":""},"mobile":{"background-color":"var(--ast-global-color-5)","background-image":"","background-repeat":"repeat","background-position":"center center","background-size":"auto","background-attachment":"scroll","background-type":"","background-media":"","overlay-type":"","overlay-color":"","overlay-opacity":"","overlay-gradient":""}}},"product_brand":[],"product_cat":[24],"product_tag":[221,209,78,151,45,119,72,219,153,150],"class_list":{"0":"post-2448","1":"product","2":"type-product","3":"status-publish","4":"has-post-thumbnail","6":"product_cat-spherical-roller-bearings","7":"product_tag-22312-bearing","8":"product_tag-conveyor-bearing","9":"product_tag-gearbox-bearing","10":"product_tag-heavy-load-bearing","11":"product_tag-industrial-bearing","12":"product_tag-mining-bearing","13":"product_tag-oem-bearing-supplier","14":"product_tag-self-aligning-roller-bearing","15":"product_tag-spherical-roller-bearing","16":"product_tag-steel-mill-bearing","17":"desktop-align-left","18":"tablet-align-left","19":"mobile-align-left","20":"ast-product-gallery-layout-horizontal-slider","21":"ast-product-gallery-with-no-image","22":"ast-product-tabs-layout-horizontal","24":"first","25":"instock","26":"shipping-taxable","27":"product-type-simple"},"_links":{"self":[{"href":"https:\/\/www.machinerybearings.com\/pl\/wp-json\/wp\/v2\/product\/2448","targetHints":{"allow":["GET"]}}],"collection":[{"href":"https:\/\/www.machinerybearings.com\/pl\/wp-json\/wp\/v2\/product"}],"about":[{"href":"https:\/\/www.machinerybearings.com\/pl\/wp-json\/wp\/v2\/types\/product"}],"replies":[{"embeddable":true,"href":"https:\/\/www.machinerybearings.com\/pl\/wp-json\/wp\/v2\/comments?post=2448"}],"wp:featuredmedia":[{"embeddable":true,"href":"https:\/\/www.machinerybearings.com\/pl\/wp-json\/wp\/v2\/media\/2536"}],"wp:attachment":[{"href":"https:\/\/www.machinerybearings.com\/pl\/wp-json\/wp\/v2\/media?parent=2448"}],"wp:term":[{"taxonomy":"product_brand","embeddable":true,"href":"https:\/\/www.machinerybearings.com\/pl\/wp-json\/wp\/v2\/product_brand?post=2448"},{"taxonomy":"product_cat","embeddable":true,"href":"https:\/\/www.machinerybearings.com\/pl\/wp-json\/wp\/v2\/product_cat?post=2448"},{"taxonomy":"product_tag","embeddable":true,"href":"https:\/\/www.machinerybearings.com\/pl\/wp-json\/wp\/v2\/product_tag?post=2448"}],"curies":[{"name":"wp","href":"https:\/\/api.w.org\/{rel}","templated":true}]}}