{"id":2449,"date":"2026-04-13T14:51:13","date_gmt":"2026-04-13T14:51:13","guid":{"rendered":"https:\/\/www.machinerybearings.com\/?post_type=product&#038;p=2449"},"modified":"2026-05-03T05:40:19","modified_gmt":"2026-05-03T05:40:19","slug":"23022-spherical-roller-bearing-large-size-heavy-load-bearing-for-industrial-machinery","status":"publish","type":"product","link":"https:\/\/www.machinerybearings.com\/pl\/produkt\/23022-spherical-roller-bearing-large-size-heavy-load-bearing-for-industrial-machinery\/","title":{"rendered":"\u0141o\u017cysko walcowe 23022 \u2013 Du\u017ce \u0142o\u017cysko do du\u017cych obci\u0105\u017ce\u0144 dla maszyn przemys\u0142owych"},"content":{"rendered":"<p data-start=\"383\" data-end=\"755\">Ten <strong data-start=\"387\" data-end=\"421\">\u0141o\u017cysko kulkowe 23022<\/strong> jest du\u017cym, wytrzyma\u0142ym \u0142o\u017cyskiem zaprojektowanym do wspierania ekstremalnie wysokich obci\u0105\u017ce\u0144 promieniowych i umiarkowanych obci\u0105\u017ce\u0144 osiowych w wymagaj\u0105cych \u015brodowiskach przemys\u0142owych. Jego podw\u00f3jna struktura wa\u0142k\u00f3w i kulista bie\u017cnia umo\u017cliwiaj\u0105 automatyczne wyr\u00f3wnanie, co czyni je bardzo odpowiednim do zastosowa\u0144 zwi\u0105zanych z niewsp\u00f3\u0142osiowo\u015bci\u0105 wa\u0142\u00f3w, odkszta\u0142ceniem lub silnymi wibracjami.<\/p>\n<p data-start=\"757\" data-end=\"1072\">Jako cz\u0119\u015b\u0107 serii 23000, \u0142o\u017cysko 23022 charakteryzuje si\u0119 szerszym przekrojem i zwi\u0119kszon\u0105 no\u015bno\u015bci\u0105 w por\u00f3wnaniu do mniejszych modeli, co czyni je idealnym do du\u017cych maszyn i ci\u0119\u017ckich system\u00f3w przemys\u0142owych. Zapewnia stabiln\u0105 prac\u0119, zmniejszone tarcie i wyd\u0142u\u017con\u0105 \u017cywotno\u015b\u0107 nawet w warunkach ci\u0105g\u0142ego obci\u0105\u017cenia.<\/p>\n<p data-start=\"1074\" data-end=\"1237\">Wykonane z wysokiej jako\u015bci stali stopowej lub chromowej, to \u0142o\u017cysko zapewnia doskona\u0142\u0105 odporno\u015b\u0107 na zu\u017cycie, trwa\u0142o\u015b\u0107 i niezawodno\u015b\u0107 w trudnych warunkach eksploatacyjnych.<\/p>\n<h1 data-section-id=\"8av2ty\" data-start=\"1244\" data-end=\"1262\"><span role=\"text\"><strong data-start=\"1246\" data-end=\"1262\">Kluczowe cechy<\/strong><\/span><\/h1>\n<ul data-start=\"1264\" data-end=\"1618\">\n<li data-section-id=\"xw7v8y\" data-start=\"1264\" data-end=\"1320\">Du\u017ce \u0142o\u017cysko do ci\u0119\u017ckich zastosowa\u0144 przemys\u0142owych<\/li>\n<li data-section-id=\"1bxkwpw\" data-start=\"1321\" data-end=\"1360\">Ekstremalnie wysoka no\u015bno\u015b\u0107 promieniowa<\/li>\n<li data-section-id=\"1fr59o7\" data-start=\"1361\" data-end=\"1420\">Konstrukcja samonastawna kompensuje niewsp\u00f3\u0142osiowo\u015b\u0107 wa\u0142u<\/li>\n<li data-section-id=\"1vl001\" data-start=\"1421\" data-end=\"1465\">Wspiera po\u0142\u0105czone obci\u0105\u017cenia promieniowe i osiowe<\/li>\n<li data-section-id=\"1n39sdg\" data-start=\"1466\" data-end=\"1519\">Doskona\u0142a odporno\u015b\u0107 na wibracje i obci\u0105\u017cenia wstrz\u0105sowe<\/li>\n<li data-section-id=\"jg05ft\" data-start=\"1520\" data-end=\"1568\">D\u0142uga \u017cywotno\u015b\u0107 przy ci\u0105g\u0142ej pracy<\/li>\n<li data-section-id=\"a2gkmg\" data-start=\"1569\" data-end=\"1618\">Odpowiednie do trudnych i wymagaj\u0105cych \u015brodowisk<\/li>\n<\/ul>\n<h1 data-section-id=\"10k15yz\" data-start=\"1625\" data-end=\"1655\"><span role=\"text\"><strong data-start=\"1627\" data-end=\"1655\">Specyfikacje techniczne<\/strong><\/span><\/h1>\n<div class=\"TyagGW_tableContainer\">\n<div class=\"group TyagGW_tableWrapper flex flex-col-reverse w-fit\" tabindex=\"-1\">\n<table class=\"w-fit min-w-(--thread-content-width)\" data-start=\"1657\" data-end=\"2074\">\n<thead data-start=\"1657\" data-end=\"1678\">\n<tr data-start=\"1657\" data-end=\"1678\">\n<th class=\"\" data-start=\"1657\" data-end=\"1669\" data-col-size=\"sm\">Parametr<\/th>\n<th class=\"\" data-start=\"1669\" data-end=\"1678\" data-col-size=\"sm\">Warto\u015b\u0107<\/th>\n<\/tr>\n<\/thead>\n<tbody data-start=\"1699\" data-end=\"2074\">\n<tr data-start=\"1699\" data-end=\"1724\">\n<td data-start=\"1699\" data-end=\"1715\" data-col-size=\"sm\">Model \u0142o\u017cyska<\/td>\n<td data-start=\"1715\" data-end=\"1724\" data-col-size=\"sm\">23022<\/td>\n<\/tr>\n<tr data-start=\"1725\" data-end=\"1756\">\n<td data-start=\"1725\" data-end=\"1746\" data-col-size=\"sm\">\u015arednica wewn\u0119trzna (d)<\/td>\n<td data-start=\"1746\" data-end=\"1756\" data-col-size=\"sm\">110 mm<\/td>\n<\/tr>\n<tr data-start=\"1757\" data-end=\"1788\">\n<td data-start=\"1757\" data-end=\"1778\" data-col-size=\"sm\">\u015arednica zewn\u0119trzna (D)<\/td>\n<td data-start=\"1778\" data-end=\"1788\" data-col-size=\"sm\">170 mm<\/td>\n<\/tr>\n<tr data-start=\"1789\" data-end=\"1810\">\n<td data-start=\"1789\" data-end=\"1801\" data-col-size=\"sm\">Szeroko\u015b\u0107 (B)<\/td>\n<td data-start=\"1801\" data-end=\"1810\" data-col-size=\"sm\">45 mm<\/td>\n<\/tr>\n<tr data-start=\"1811\" data-end=\"1854\">\n<td data-start=\"1811\" data-end=\"1826\" data-col-size=\"sm\">Typ \u0142o\u017cyska<\/td>\n<td data-start=\"1826\" data-end=\"1854\" data-col-size=\"sm\">\u0141o\u017cysko kulkowe sferyczne<\/td>\n<\/tr>\n<tr data-start=\"1855\" data-end=\"1888\">\n<td data-start=\"1855\" data-end=\"1867\" data-col-size=\"sm\">Budowa<\/td>\n<td data-start=\"1867\" data-end=\"1888\" data-col-size=\"sm\">Podw\u00f3jny rz\u0105d wa\u0142k\u00f3w<\/td>\n<\/tr>\n<tr data-start=\"1889\" data-end=\"1930\">\n<td data-start=\"1889\" data-end=\"1900\" data-col-size=\"sm\">Materia\u0142<\/td>\n<td data-start=\"1900\" data-end=\"1930\" data-col-size=\"sm\">Stal chromowa \/ Stal stopowa<\/td>\n<\/tr>\n<tr data-start=\"1931\" data-end=\"1964\">\n<td data-start=\"1931\" data-end=\"1947\" data-col-size=\"sm\">Materia\u0142 kosza<\/td>\n<td data-col-size=\"sm\" data-start=\"1947\" data-end=\"1964\">Stal \/ Mosi\u0105dz<\/td>\n<\/tr>\n<tr data-start=\"1965\" data-end=\"1995\">\n<td data-start=\"1965\" data-end=\"1979\" data-col-size=\"sm\">Smarowanie<\/td>\n<td data-start=\"1979\" data-end=\"1995\" data-col-size=\"sm\">Smar \/ Olej<\/td>\n<\/tr>\n<tr data-start=\"1996\" data-end=\"2031\">\n<td data-start=\"1996\" data-end=\"2015\" data-col-size=\"sm\">Klasa dok\u0142adno\u015bci<\/td>\n<td data-start=\"2015\" data-end=\"2031\" data-col-size=\"sm\">P0 \/ P6 \/ P5<\/td>\n<\/tr>\n<tr data-start=\"2032\" data-end=\"2074\">\n<td data-start=\"2032\" data-end=\"2056\" data-col-size=\"sm\">Temperatura pracy<\/td>\n<td data-start=\"2056\" data-end=\"2074\" data-col-size=\"sm\">-20\u00b0C do 150\u00b0C<\/td>\n<\/tr>\n<\/tbody>\n<\/table>\n<\/div>\n<\/div>\n<h1 data-section-id=\"1p00fbj\" data-start=\"2081\" data-end=\"2099\"><span role=\"text\"><strong data-start=\"2083\" data-end=\"2099\">Zastosowania<\/strong><\/span><\/h1>\n<p data-start=\"2101\" data-end=\"2154\">\u0141o\u017cysko kulkowe 23022 jest szeroko stosowane w:<\/p>\n<ul data-start=\"2156\" data-end=\"2353\">\n<li data-section-id=\"ew3yor\" data-start=\"2156\" data-end=\"2187\">Maszynach g\u00f3rniczych i kamienio\u0142omach<\/li>\n<li data-section-id=\"vrb1u3\" data-start=\"2188\" data-end=\"2231\">Hutach stali i ci\u0119\u017ckim sprz\u0119cie walcuj\u0105cym<\/li>\n<li data-section-id=\"oy2bti\" data-start=\"2232\" data-end=\"2258\">Du\u017cych systemach przeno\u015bnikowych<\/li>\n<li data-section-id=\"1tqmi6a\" data-start=\"2259\" data-end=\"2286\">Liniach produkcyjnych cementu<\/li>\n<li data-section-id=\"oxv5q8\" data-start=\"2287\" data-end=\"2322\">Energetyce wiatrowej i sprz\u0119cie energetycznym<\/li>\n<li data-section-id=\"qz39ge\" data-start=\"2323\" data-end=\"2353\">Ci\u0119\u017ckich skrzyniach bieg\u00f3w przemys\u0142owych<\/li>\n<\/ul>\n<h1 data-section-id=\"zdmnob\" data-start=\"2360\" data-end=\"2379\"><span role=\"text\"><strong data-start=\"2362\" data-end=\"2379\">Dlaczego warto wybra\u0107 nas<\/strong><\/span><\/h1>\n<ul data-start=\"2381\" data-end=\"2655\">\n<li data-section-id=\"1u48kst\" data-start=\"2381\" data-end=\"2438\">Silne mo\u017cliwo\u015bci w produkcji du\u017cych \u0142o\u017cysk<\/li>\n<li data-section-id=\"1otcjj4\" data-start=\"2439\" data-end=\"2498\">Rozwi\u0105zania OEM i dostosowane dost\u0119pne dla przemys\u0142u ci\u0119\u017ckiego<\/li>\n<li data-section-id=\"u3pp8e\" data-start=\"2499\" data-end=\"2554\">Materia\u0142y wysokiej jako\u015bci z zaawansowan\u0105 obr\u00f3bk\u0105 ciepln\u0105<\/li>\n<li data-section-id=\"1yivzpg\" data-start=\"2555\" data-end=\"2608\">Stabilna dostawa dla du\u017cych projekt\u00f3w przemys\u0142owych<\/li>\n<li data-section-id=\"bhimnc\" data-start=\"2609\" data-end=\"2655\">Szybka globalna dostawa i wsparcie techniczne<\/li>\n<\/ul>\n<h1 data-section-id=\"1iusff4\" data-start=\"2662\" data-end=\"2671\"><span role=\"text\"><strong data-start=\"2664\" data-end=\"2671\">FAQ<\/strong><\/span><\/h1>\n<p data-start=\"2673\" data-end=\"2846\"><strong data-start=\"2673\" data-end=\"2721\">Q1: Co sprawia, \u017ce 23022 to \u201c\u0142o\u017cysko du\u017cych rozmiar\u00f3w\u201d?<\/strong><br data-start=\"2721\" data-end=\"2724\" \/>A: Jego wi\u0119ksze wymiary i wy\u017csza no\u015bno\u015b\u0107 sprawiaj\u0105, \u017ce nadaje si\u0119 do ci\u0119\u017ckich maszyn przemys\u0142owych i du\u017cych system\u00f3w wa\u0142\u00f3w.<\/p>\n<p data-start=\"2848\" data-end=\"3000\"><strong data-start=\"2848\" data-end=\"2893\">Q2: Czy to \u0142o\u017cysko radzi sobie z niedopasowaniem?<\/strong><br data-start=\"2893\" data-end=\"2896\" \/>A: Tak, konstrukcja z kulkowymi rolkami pozwala na automatyczne dopasowanie i redukuje napr\u0119\u017cenia spowodowane ugi\u0119ciem wa\u0142u.<\/p>\n<p data-start=\"3002\" data-end=\"3147\"><strong data-start=\"3002\" data-end=\"3056\">Q3: Czy dost\u0119pna jest personalizacja du\u017cych \u0142o\u017cysk?<\/strong><br data-start=\"3056\" data-end=\"3059\" \/>A: Tak, oferujemy personalizacj\u0119 OEM, w tym materia\u0142y, luz i specjalne pow\u0142oki.<\/p>","protected":false},"excerpt":{"rendered":"<p>Ten <strong data-start=\"387\" data-end=\"421\">\u0141o\u017cysko kulkowe 23022<\/strong> jest du\u017cym, wytrzyma\u0142ym \u0142o\u017cyskiem zaprojektowanym do wspierania ekstremalnie wysokich obci\u0105\u017ce\u0144 promieniowych i umiarkowanych obci\u0105\u017ce\u0144 osiowych w wymagaj\u0105cych \u015brodowiskach przemys\u0142owych. Jego podw\u00f3jna struktura wa\u0142k\u00f3w i kulista bie\u017cnia umo\u017cliwiaj\u0105 automatyczne wyr\u00f3wnanie, co czyni je bardzo odpowiednim do zastosowa\u0144 zwi\u0105zanych z niewsp\u00f3\u0142osiowo\u015bci\u0105 wa\u0142\u00f3w, odkszta\u0142ceniem lub silnymi wibracjami.<\/p>","protected":false},"featured_media":2535,"comment_status":"open","ping_status":"closed","template":"","meta":{"site-sidebar-layout":"default","site-content-layout":"","ast-site-content-layout":"default","site-content-style":"default","site-sidebar-style":"default","ast-global-header-display":"","ast-banner-title-visibility":"","ast-main-header-display":"","ast-hfb-above-header-display":"","ast-hfb-below-header-display":"","ast-hfb-mobile-header-display":"","site-post-title":"","ast-breadcrumbs-content":"","ast-featured-img":"","footer-sml-layout":"","ast-disable-related-posts":"","theme-transparent-header-meta":"default","adv-header-id-meta":"","stick-header-meta":"default","header-above-stick-meta":"","header-main-stick-meta":"","header-below-stick-meta":"","astra-migrate-meta-layouts":"set","ast-page-background-enabled":"default","ast-page-background-meta":{"desktop":{"background-color":"","background-image":"","background-repeat":"repeat","background-position":"center center","background-size":"auto","background-attachment":"scroll","background-type":"","background-media":"","overlay-type":"","overlay-color":"","overlay-opacity":"","overlay-gradient":""},"tablet":{"background-color":"","background-image":"","background-repeat":"repeat","background-position":"center center","background-size":"auto","background-attachment":"scroll","background-type":"","background-media":"","overlay-type":"","overlay-color":"","overlay-opacity":"","overlay-gradient":""},"mobile":{"background-color":"","background-image":"","background-repeat":"repeat","background-position":"center center","background-size":"auto","background-attachment":"scroll","background-type":"","background-media":"","overlay-type":"","overlay-color":"","overlay-opacity":"","overlay-gradient":""}},"ast-content-background-meta":{"desktop":{"background-color":"var(--ast-global-color-5)","background-image":"","background-repeat":"repeat","background-position":"center center","background-size":"auto","background-attachment":"scroll","background-type":"","background-media":"","overlay-type":"","overlay-color":"","overlay-opacity":"","overlay-gradient":""},"tablet":{"background-color":"var(--ast-global-color-5)","background-image":"","background-repeat":"repeat","background-position":"center center","background-size":"auto","background-attachment":"scroll","background-type":"","background-media":"","overlay-type":"","overlay-color":"","overlay-opacity":"","overlay-gradient":""},"mobile":{"background-color":"var(--ast-global-color-5)","background-image":"","background-repeat":"repeat","background-position":"center center","background-size":"auto","background-attachment":"scroll","background-type":"","background-media":"","overlay-type":"","overlay-color":"","overlay-opacity":"","overlay-gradient":""}}},"product_brand":[],"product_cat":[24],"product_tag":[222,209,78,56,45,57,119,72,153,150],"class_list":{"0":"post-2449","1":"product","2":"type-product","3":"status-publish","4":"has-post-thumbnail","6":"product_cat-spherical-roller-bearings","7":"product_tag-23022-bearing","8":"product_tag-conveyor-bearing","9":"product_tag-gearbox-bearing","10":"product_tag-heavy-duty-bearing","11":"product_tag-industrial-bearing","12":"product_tag-large-size-bearing","13":"product_tag-mining-bearing","14":"product_tag-oem-bearing-supplier","15":"product_tag-spherical-roller-bearing","16":"product_tag-steel-mill-bearing","17":"desktop-align-left","18":"tablet-align-left","19":"mobile-align-left","20":"ast-product-gallery-layout-horizontal-slider","21":"ast-product-gallery-with-no-image","22":"ast-product-tabs-layout-horizontal","24":"first","25":"instock","26":"shipping-taxable","27":"product-type-simple"},"_links":{"self":[{"href":"https:\/\/www.machinerybearings.com\/pl\/wp-json\/wp\/v2\/product\/2449","targetHints":{"allow":["GET"]}}],"collection":[{"href":"https:\/\/www.machinerybearings.com\/pl\/wp-json\/wp\/v2\/product"}],"about":[{"href":"https:\/\/www.machinerybearings.com\/pl\/wp-json\/wp\/v2\/types\/product"}],"replies":[{"embeddable":true,"href":"https:\/\/www.machinerybearings.com\/pl\/wp-json\/wp\/v2\/comments?post=2449"}],"wp:featuredmedia":[{"embeddable":true,"href":"https:\/\/www.machinerybearings.com\/pl\/wp-json\/wp\/v2\/media\/2535"}],"wp:attachment":[{"href":"https:\/\/www.machinerybearings.com\/pl\/wp-json\/wp\/v2\/media?parent=2449"}],"wp:term":[{"taxonomy":"product_brand","embeddable":true,"href":"https:\/\/www.machinerybearings.com\/pl\/wp-json\/wp\/v2\/product_brand?post=2449"},{"taxonomy":"product_cat","embeddable":true,"href":"https:\/\/www.machinerybearings.com\/pl\/wp-json\/wp\/v2\/product_cat?post=2449"},{"taxonomy":"product_tag","embeddable":true,"href":"https:\/\/www.machinerybearings.com\/pl\/wp-json\/wp\/v2\/product_tag?post=2449"}],"curies":[{"name":"wp","href":"https:\/\/api.w.org\/{rel}","templated":true}]}}