{"id":2452,"date":"2026-04-13T15:02:11","date_gmt":"2026-04-13T15:02:11","guid":{"rendered":"https:\/\/www.machinerybearings.com\/?post_type=product&#038;p=2452"},"modified":"2026-05-03T05:28:34","modified_gmt":"2026-05-03T05:28:34","slug":"vibrating-screen-bearing-for-heavy-duty-mining-and-industrial-equipment","status":"publish","type":"product","link":"https:\/\/www.machinerybearings.com\/pl\/produkt\/vibrating-screen-bearing-for-heavy-duty-mining-and-industrial-equipment\/","title":{"rendered":"\u0141o\u017cysko do wibracyjnych ekran\u00f3w dla ci\u0119\u017ckiego sprz\u0119tu g\u00f3rniczego i przemys\u0142owego"},"content":{"rendered":"<h3 data-section-id=\"1c8nfac\" data-start=\"214\" data-end=\"242\">\u0141o\u017cysko do ekran\u00f3w wibracyjnych<\/h3>\n<p data-start=\"244\" data-end=\"430\">\u0141o\u017cyska do ekran\u00f3w wibracyjnych s\u0105 specjalnie zaprojektowane do pracy w warunkach wysokiego obci\u0105\u017cenia i wysokiej wibracji w g\u00f3rnictwie, kamienio\u0142omach, przetwarzaniu kruszyw i ci\u0119\u017ckim sprz\u0119cie do przesiewania przemys\u0142owego.<\/p>\n<p data-start=\"432\" data-end=\"576\">S\u0105 zaprojektowane tak, aby utrzymywa\u0107 stabiln\u0105 wydajno\u015b\u0107 pod ci\u0105g\u0142ymi obci\u0105\u017ceniami udarowymi, wysok\u0105 wibracj\u0105 obrotow\u0105 i powa\u017cnymi warunkami niewsp\u00f3\u0142osiowo\u015bci.<\/p>\n<p data-start=\"578\" data-end=\"790\">W por\u00f3wnaniu z standardowymi \u0142o\u017cyskami przemys\u0142owymi, \u0142o\u017cyska do ekran\u00f3w wibracyjnych oferuj\u0105 silniejsze wzmocnienie wewn\u0119trzne, zoptymalizowany luz i poprawion\u0105 odporno\u015b\u0107 na zm\u0119czenie, aby zapewni\u0107 d\u0142ug\u0105 \u017cywotno\u015b\u0107 w trudnych warunkach.<\/p>\n<h2 data-section-id=\"28z5ez\" data-start=\"797\" data-end=\"828\">\ud83d\udd37 Tabela parametr\u00f3w technicznych<\/h2>\n<div class=\"TyagGW_tableContainer\">\n<div class=\"group TyagGW_tableWrapper flex flex-col-reverse w-fit\" tabindex=\"-1\">\n<table class=\"w-fit min-w-(--thread-content-width)\" data-start=\"830\" data-end=\"1415\">\n<thead data-start=\"830\" data-end=\"854\">\n<tr data-start=\"830\" data-end=\"854\">\n<th class=\"\" data-start=\"830\" data-end=\"837\" data-col-size=\"sm\">Pozycja<\/th>\n<th class=\"\" data-start=\"837\" data-end=\"854\" data-col-size=\"md\">Specyfikacja<\/th>\n<\/tr>\n<\/thead>\n<tbody data-start=\"879\" data-end=\"1415\">\n<tr data-start=\"879\" data-end=\"950\">\n<td data-start=\"879\" data-end=\"894\" data-col-size=\"sm\">Typ \u0142o\u017cyska<\/td>\n<td data-start=\"894\" data-end=\"950\" data-col-size=\"md\">\u0141o\u017cysko kulkowe \/ \u0141o\u017cysko rolkowe o du\u017cym obci\u0105\u017ceniu<\/td>\n<\/tr>\n<tr data-start=\"951\" data-end=\"997\">\n<td data-start=\"951\" data-end=\"963\" data-col-size=\"sm\">Typ obci\u0105\u017cenia<\/td>\n<td data-col-size=\"md\" data-start=\"963\" data-end=\"997\">Wysokie obci\u0105\u017cenie promieniowe + obci\u0105\u017cenie udarowe<\/td>\n<\/tr>\n<tr data-start=\"998\" data-end=\"1056\">\n<td data-start=\"998\" data-end=\"1020\" data-col-size=\"sm\">Warunki pracy<\/td>\n<td data-col-size=\"md\" data-start=\"1020\" data-end=\"1056\">Wysoka wibracja, ci\u0105g\u0142e wstrz\u0105sy<\/td>\n<\/tr>\n<tr data-start=\"1057\" data-end=\"1103\">\n<td data-start=\"1057\" data-end=\"1068\" data-col-size=\"sm\">Materia\u0142<\/td>\n<td data-start=\"1068\" data-end=\"1103\" data-col-size=\"md\">Stal \u0142o\u017cyskowa GCr15 \/ GCr15SiMn<\/td>\n<\/tr>\n<tr data-start=\"1104\" data-end=\"1154\">\n<td data-start=\"1104\" data-end=\"1116\" data-col-size=\"sm\">Typ kosza<\/td>\n<td data-col-size=\"md\" data-start=\"1116\" data-end=\"1154\">Kosz stalowy \/ Kosz mosi\u0119\u017cny (opcjonalnie)<\/td>\n<\/tr>\n<tr data-start=\"1155\" data-end=\"1192\">\n<td data-start=\"1155\" data-end=\"1167\" data-col-size=\"sm\">Luz<\/td>\n<td data-start=\"1167\" data-end=\"1192\" data-col-size=\"md\">C3 \/ C4 \/ C5 opcjonalnie<\/td>\n<\/tr>\n<tr data-start=\"1193\" data-end=\"1236\">\n<td data-start=\"1193\" data-end=\"1207\" data-col-size=\"sm\">Smarowanie<\/td>\n<td data-col-size=\"md\" data-start=\"1207\" data-end=\"1236\">Smarowanie smarem lub olejem<\/td>\n<\/tr>\n<tr data-start=\"1237\" data-end=\"1300\">\n<td data-start=\"1237\" data-end=\"1257\" data-col-size=\"sm\">Zakres temperatur<\/td>\n<td data-col-size=\"md\" data-start=\"1257\" data-end=\"1300\">-30\u00b0C do 200\u00b0C (zale\u017cy od rodzaju smaru)<\/td>\n<\/tr>\n<tr data-start=\"1301\" data-end=\"1355\">\n<td data-start=\"1301\" data-end=\"1318\" data-col-size=\"sm\">Opcja uszczelnienia<\/td>\n<td data-col-size=\"md\" data-start=\"1318\" data-end=\"1355\">Otwarty \/ Uszczelniony \/ Odporny na kurz<\/td>\n<\/tr>\n<tr data-start=\"1356\" data-end=\"1415\">\n<td data-start=\"1356\" data-end=\"1382\" data-col-size=\"sm\">Zdolno\u015b\u0107 do niewsp\u00f3\u0142osiowo\u015bci<\/td>\n<td data-col-size=\"md\" data-start=\"1382\" data-end=\"1415\">Wysoka zdolno\u015b\u0107 do samonastawiania<\/td>\n<\/tr>\n<\/tbody>\n<\/table>\n<\/div>\n<\/div>\n<h2 data-section-id=\"1y8un7j\" data-start=\"1422\" data-end=\"1440\">\ud83d\udd37 Kluczowe cechy<\/h2>\n<ul data-start=\"1442\" data-end=\"1785\">\n<li data-section-id=\"1u8enpv\" data-start=\"1442\" data-end=\"1496\">Zaprojektowane do \u015brodowisk o wysokiej cz\u0119stotliwo\u015bci wibracji<\/li>\n<li data-section-id=\"1kldcsm\" data-start=\"1497\" data-end=\"1553\">Doskona\u0142a odporno\u015b\u0107 na wstrz\u0105sy i du\u017ce obci\u0105\u017cenia promieniowe<\/li>\n<li data-section-id=\"y8b7hk\" data-start=\"1554\" data-end=\"1620\">Silna wydajno\u015b\u0107 samonastawiaj\u0105ca, aby zredukowa\u0107 stres instalacyjny<\/li>\n<li data-section-id=\"5rf9z8\" data-start=\"1621\" data-end=\"1673\">Wyd\u0142u\u017cona \u017cywotno\u015b\u0107 przy ci\u0105g\u0142ej pracy<\/li>\n<li data-section-id=\"1h13109\" data-start=\"1674\" data-end=\"1720\">Zredukowana cz\u0119stotliwo\u015b\u0107 konserwacji i przestoj\u00f3w<\/li>\n<li data-section-id=\"ektqkh\" data-start=\"1721\" data-end=\"1785\">Odpowiedni do warunk\u00f3w py\u0142owych, wilgotnych i surowych warunk\u00f3w przemys\u0142owych<\/li>\n<\/ul>\n<h2 data-section-id=\"1mxbwoh\" data-start=\"1792\" data-end=\"1815\">\ud83d\udd37 Obszary zastosowania<\/h2>\n<ul data-start=\"1817\" data-end=\"2024\">\n<li data-section-id=\"1bd7p6v\" data-start=\"1817\" data-end=\"1845\">Wibracyjne ekrany g\u00f3rnicze<\/li>\n<li data-section-id=\"15q8jif\" data-start=\"1846\" data-end=\"1885\">Zak\u0142ady kruszenia i sortowania kamieni<\/li>\n<li data-section-id=\"14v4408\" data-start=\"1886\" data-end=\"1915\">Urz\u0105dzenia do przetwarzania w\u0119gla<\/li>\n<li data-section-id=\"1tqmi6a\" data-start=\"1916\" data-end=\"1943\">Liniach produkcyjnych cementu<\/li>\n<li data-section-id=\"ewy2ju\" data-start=\"1944\" data-end=\"1989\">Systemy metalurgiczne i przetwarzania minera\u0142\u00f3w<\/li>\n<li data-section-id=\"xfcvsg\" data-start=\"1990\" data-end=\"2024\">Maszyny do wydobycia i kruszywa<\/li>\n<\/ul>\n<h2 data-section-id=\"1a1u7ke\" data-start=\"2031\" data-end=\"2059\">\ud83d\udd37 Zalety in\u017cynieryjne<\/h2>\n<p data-start=\"2061\" data-end=\"2200\">Sprz\u0119t wibracyjny generuje ci\u0105g\u0142e dynamiczne obci\u0105\u017cenie na \u0142o\u017cyskach, co cz\u0119sto prowadzi do przedwczesnej awarii standardowych typ\u00f3w \u0142o\u017cysk.<\/p>\n<p data-start=\"2202\" data-end=\"2266\">Ten produkt zosta\u0142 zaprojektowany w celu rozwi\u0105zania powszechnych problem\u00f3w z awariami, takich jak:<\/p>\n<ul data-start=\"2268\" data-end=\"2409\">\n<li data-section-id=\"14i90g7\" data-start=\"2268\" data-end=\"2296\">P\u0119kanie zm\u0119czeniowe toru<\/li>\n<li data-section-id=\"bk7bso\" data-start=\"2297\" data-end=\"2333\">Deformacja kosza pod wp\u0142ywem wibracji<\/li>\n<li data-section-id=\"2qwo8v\" data-start=\"2334\" data-end=\"2379\">Awaria smarowania z powodu nagromadzenia ciep\u0142a<\/li>\n<li data-section-id=\"ty5bi0\" data-start=\"2380\" data-end=\"2409\">Zu\u017cycie spowodowane niew\u0142a\u015bciwym ustawieniem<\/li>\n<\/ul>\n<p data-start=\"2411\" data-end=\"2532\">Poprzez optymalizacj\u0119 wewn\u0119trznej geometrii i wytrzyma\u0142o\u015bci materia\u0142u, \u017cywotno\u015b\u0107 jest znacznie poprawiona w zastosowaniach ci\u0119\u017ckich.<\/p>\n<h2 data-section-id=\"bf9ua4\" data-start=\"2539\" data-end=\"2559\">\ud83d\udd37 Opcje dostosowane<\/h2>\n<p data-start=\"2561\" data-end=\"2601\">Wspieramy rozwi\u0105zania OEM i dostosowane:<\/p>\n<ul data-start=\"2603\" data-end=\"2823\">\n<li data-section-id=\"12z25a6\" data-start=\"2603\" data-end=\"2645\">Dostosowanie \u015brednicy wewn\u0119trznej i zewn\u0119trznej<\/li>\n<li data-section-id=\"11j4pt1\" data-start=\"2646\" data-end=\"2690\">Wyb\u00f3r materia\u0142u kosza (stal lub mosi\u0105dz)<\/li>\n<li data-section-id=\"rh4t0y\" data-start=\"2691\" data-end=\"2732\">Regulacja klasy luzu (C3\/C4\/C5)<\/li>\n<li data-section-id=\"wvf30s\" data-start=\"2733\" data-end=\"2780\">Specjalne hartowanie dla wysokich temperatur<\/li>\n<li data-section-id=\"14r2iv5\" data-start=\"2781\" data-end=\"2823\">Py\u0142oszczelna i uszczelniona konstrukcja<\/li>\n<\/ul>","protected":false},"excerpt":{"rendered":"<p data-start=\"244\" data-end=\"430\">\u0141o\u017cyska do ekran\u00f3w wibracyjnych s\u0105 specjalnie zaprojektowane do pracy w warunkach wysokiego obci\u0105\u017cenia i wysokiej wibracji w g\u00f3rnictwie, kamienio\u0142omach, przetwarzaniu kruszyw i ci\u0119\u017ckim sprz\u0119cie do przesiewania przemys\u0142owego.<\/p>\n<p data-start=\"432\" data-end=\"576\">S\u0105 zaprojektowane tak, aby utrzymywa\u0107 stabiln\u0105 wydajno\u015b\u0107 pod ci\u0105g\u0142ymi obci\u0105\u017ceniami udarowymi, wysok\u0105 wibracj\u0105 obrotow\u0105 i powa\u017cnymi warunkami niewsp\u00f3\u0142osiowo\u015bci.<\/p>","protected":false},"featured_media":2533,"comment_status":"open","ping_status":"closed","template":"","meta":{"site-sidebar-layout":"default","site-content-layout":"","ast-site-content-layout":"default","site-content-style":"default","site-sidebar-style":"default","ast-global-header-display":"","ast-banner-title-visibility":"","ast-main-header-display":"","ast-hfb-above-header-display":"","ast-hfb-below-header-display":"","ast-hfb-mobile-header-display":"","site-post-title":"","ast-breadcrumbs-content":"","ast-featured-img":"","footer-sml-layout":"","ast-disable-related-posts":"","theme-transparent-header-meta":"default","adv-header-id-meta":"","stick-header-meta":"default","header-above-stick-meta":"","header-main-stick-meta":"","header-below-stick-meta":"","astra-migrate-meta-layouts":"set","ast-page-background-enabled":"default","ast-page-background-meta":{"desktop":{"background-color":"","background-image":"","background-repeat":"repeat","background-position":"center center","background-size":"auto","background-attachment":"scroll","background-type":"","background-media":"","overlay-type":"","overlay-color":"","overlay-opacity":"","overlay-gradient":""},"tablet":{"background-color":"","background-image":"","background-repeat":"repeat","background-position":"center center","background-size":"auto","background-attachment":"scroll","background-type":"","background-media":"","overlay-type":"","overlay-color":"","overlay-opacity":"","overlay-gradient":""},"mobile":{"background-color":"","background-image":"","background-repeat":"repeat","background-position":"center center","background-size":"auto","background-attachment":"scroll","background-type":"","background-media":"","overlay-type":"","overlay-color":"","overlay-opacity":"","overlay-gradient":""}},"ast-content-background-meta":{"desktop":{"background-color":"var(--ast-global-color-5)","background-image":"","background-repeat":"repeat","background-position":"center center","background-size":"auto","background-attachment":"scroll","background-type":"","background-media":"","overlay-type":"","overlay-color":"","overlay-opacity":"","overlay-gradient":""},"tablet":{"background-color":"var(--ast-global-color-5)","background-image":"","background-repeat":"repeat","background-position":"center center","background-size":"auto","background-attachment":"scroll","background-type":"","background-media":"","overlay-type":"","overlay-color":"","overlay-opacity":"","overlay-gradient":""},"mobile":{"background-color":"var(--ast-global-color-5)","background-image":"","background-repeat":"repeat","background-position":"center center","background-size":"auto","background-attachment":"scroll","background-type":"","background-media":"","overlay-type":"","overlay-color":"","overlay-opacity":"","overlay-gradient":""}}},"product_brand":[],"product_cat":[24],"product_tag":[231,234,232,233,56,51,228,119,47,230,162,229,153,235,227],"class_list":{"0":"post-2452","1":"product","2":"type-product","3":"status-publish","4":"has-post-thumbnail","6":"product_cat-spherical-roller-bearings","7":"product_tag-aggregate-equipment-bearing","8":"product_tag-c4-clearance-bearing","9":"product_tag-cement-plant-bearing","10":"product_tag-gcr15-bearing","11":"product_tag-heavy-duty-bearing","12":"product_tag-high-load-bearing","13":"product_tag-industrial-roller-bearing","14":"product_tag-mining-bearing","15":"product_tag-oem-bearing-manufacturer","16":"product_tag-quarry-machine-bearing","17":"product_tag-self-aligning-bearing","18":"product_tag-shock-resistant-bearing","19":"product_tag-spherical-roller-bearing","20":"product_tag-vibrating-machinery-parts","21":"product_tag-vibrating-screen-bearing","22":"desktop-align-left","23":"tablet-align-left","24":"mobile-align-left","25":"ast-product-gallery-layout-horizontal-slider","26":"ast-product-gallery-with-no-image","27":"ast-product-tabs-layout-horizontal","29":"first","30":"instock","31":"shipping-taxable","32":"product-type-simple"},"_links":{"self":[{"href":"https:\/\/www.machinerybearings.com\/pl\/wp-json\/wp\/v2\/product\/2452","targetHints":{"allow":["GET"]}}],"collection":[{"href":"https:\/\/www.machinerybearings.com\/pl\/wp-json\/wp\/v2\/product"}],"about":[{"href":"https:\/\/www.machinerybearings.com\/pl\/wp-json\/wp\/v2\/types\/product"}],"replies":[{"embeddable":true,"href":"https:\/\/www.machinerybearings.com\/pl\/wp-json\/wp\/v2\/comments?post=2452"}],"wp:featuredmedia":[{"embeddable":true,"href":"https:\/\/www.machinerybearings.com\/pl\/wp-json\/wp\/v2\/media\/2533"}],"wp:attachment":[{"href":"https:\/\/www.machinerybearings.com\/pl\/wp-json\/wp\/v2\/media?parent=2452"}],"wp:term":[{"taxonomy":"product_brand","embeddable":true,"href":"https:\/\/www.machinerybearings.com\/pl\/wp-json\/wp\/v2\/product_brand?post=2452"},{"taxonomy":"product_cat","embeddable":true,"href":"https:\/\/www.machinerybearings.com\/pl\/wp-json\/wp\/v2\/product_cat?post=2452"},{"taxonomy":"product_tag","embeddable":true,"href":"https:\/\/www.machinerybearings.com\/pl\/wp-json\/wp\/v2\/product_tag?post=2452"}],"curies":[{"name":"wp","href":"https:\/\/api.w.org\/{rel}","templated":true}]}}