{"id":2458,"date":"2026-04-13T15:15:27","date_gmt":"2026-04-13T15:15:27","guid":{"rendered":"https:\/\/www.machinerybearings.com\/?post_type=product&#038;p=2458"},"modified":"2026-05-03T05:04:49","modified_gmt":"2026-05-03T05:04:49","slug":"32008-tapered-roller-bearing-for-automotive-and-industrial-load-applications","status":"publish","type":"product","link":"https:\/\/www.machinerybearings.com\/pl\/produkt\/32008-tapered-roller-bearing-for-automotive-and-industrial-load-applications\/","title":{"rendered":"\u0141o\u017cysko sto\u017ckowe 32008 do zastosowa\u0144 motoryzacyjnych i przemys\u0142owych"},"content":{"rendered":"<p data-start=\"111\" data-end=\"387\">\u0141o\u017cysko sto\u017ckowe 32008 jest zaprojektowane do obs\u0142ugi po\u0142\u0105czonych obci\u0105\u017ce\u0144 promieniowych i osiowych z wysok\u0105 wydajno\u015bci\u0105 i stabilno\u015bci\u0105. Jego geometria sto\u017ckowych rolek zapewnia p\u0142ynne przenoszenie obci\u0105\u017cenia, zmniejszone tarcie i niezawodn\u0105 wydajno\u015b\u0107 w warunkach \u015bredniego obci\u0105\u017cenia i umiarkowanej pr\u0119dko\u015bci.<\/p>\n<p data-start=\"389\" data-end=\"560\">To \u0142o\u017cysko jest szeroko stosowane w systemach motoryzacyjnych, maszynach rolniczych, skrzyniach bieg\u00f3w i sprz\u0119cie przemys\u0142owym, gdzie wymagane s\u0105 kompaktowa budowa i wysoka no\u015bno\u015b\u0107.<\/p>\n<h3 data-section-id=\"sse2nj\" data-start=\"567\" data-end=\"591\">Parametry techniczne<\/h3>\n<div class=\"TyagGW_tableContainer\">\n<div class=\"group TyagGW_tableWrapper flex flex-col-reverse w-fit\" tabindex=\"-1\">\n<table class=\"w-fit min-w-(--thread-content-width)\" data-start=\"593\" data-end=\"1072\">\n<thead data-start=\"593\" data-end=\"617\">\n<tr data-start=\"593\" data-end=\"617\">\n<th class=\"\" data-start=\"593\" data-end=\"600\" data-col-size=\"sm\">Pozycja<\/th>\n<th class=\"\" data-start=\"600\" data-end=\"617\" data-col-size=\"sm\">Specyfikacja<\/th>\n<\/tr>\n<\/thead>\n<tbody data-start=\"642\" data-end=\"1072\">\n<tr data-start=\"642\" data-end=\"683\">\n<td data-start=\"642\" data-end=\"657\" data-col-size=\"sm\">Typ \u0142o\u017cyska<\/td>\n<td data-start=\"657\" data-end=\"683\" data-col-size=\"sm\">\u0141o\u017cysko sto\u017ckowe<\/td>\n<\/tr>\n<tr data-start=\"684\" data-end=\"701\">\n<td data-start=\"684\" data-end=\"692\" data-col-size=\"sm\">Model<\/td>\n<td data-start=\"692\" data-end=\"701\" data-col-size=\"sm\">32008<\/td>\n<\/tr>\n<tr data-start=\"702\" data-end=\"732\">\n<td data-start=\"702\" data-end=\"723\" data-col-size=\"sm\">\u015arednica wewn\u0119trzna (d)<\/td>\n<td data-start=\"723\" data-end=\"732\" data-col-size=\"sm\">40 mm<\/td>\n<\/tr>\n<tr data-start=\"733\" data-end=\"763\">\n<td data-start=\"733\" data-end=\"754\" data-col-size=\"sm\">\u015arednica zewn\u0119trzna (D)<\/td>\n<td data-start=\"754\" data-end=\"763\" data-col-size=\"sm\">68 mm<\/td>\n<\/tr>\n<tr data-start=\"764\" data-end=\"785\">\n<td data-start=\"764\" data-end=\"776\" data-col-size=\"sm\">Szeroko\u015b\u0107 (T)<\/td>\n<td data-start=\"776\" data-end=\"785\" data-col-size=\"sm\">19 mm<\/td>\n<\/tr>\n<tr data-start=\"786\" data-end=\"826\">\n<td data-start=\"786\" data-end=\"798\" data-col-size=\"sm\">Typ obci\u0105\u017cenia<\/td>\n<td data-start=\"798\" data-end=\"826\" data-col-size=\"sm\">Obci\u0105\u017cenie promieniowe + Obci\u0105\u017cenie osiowe<\/td>\n<\/tr>\n<tr data-start=\"827\" data-end=\"857\">\n<td data-start=\"827\" data-end=\"843\" data-col-size=\"sm\">Materia\u0142 kosza<\/td>\n<td data-start=\"843\" data-end=\"857\" data-col-size=\"sm\">Klatka stalowa<\/td>\n<\/tr>\n<tr data-start=\"858\" data-end=\"891\">\n<td data-start=\"858\" data-end=\"869\" data-col-size=\"sm\">Materia\u0142<\/td>\n<td data-start=\"869\" data-end=\"891\" data-col-size=\"sm\">Stal chromowa GCr15<\/td>\n<\/tr>\n<tr data-start=\"892\" data-end=\"935\">\n<td data-start=\"892\" data-end=\"906\" data-col-size=\"sm\">Smarowanie<\/td>\n<td data-start=\"906\" data-end=\"935\" data-col-size=\"sm\">Smarowanie smarem lub olejem<\/td>\n<\/tr>\n<tr data-start=\"936\" data-end=\"985\">\n<td data-start=\"936\" data-end=\"948\" data-col-size=\"sm\">Budowa<\/td>\n<td data-start=\"948\" data-end=\"985\" data-col-size=\"sm\">\u0141o\u017cysko sto\u017ckowe w jednym rz\u0119dzie<\/td>\n<\/tr>\n<tr data-start=\"986\" data-end=\"1033\">\n<td data-start=\"986\" data-end=\"1004\" data-col-size=\"sm\">Pr\u0119dko\u015b\u0107 robocza<\/td>\n<td data-start=\"1004\" data-end=\"1033\" data-col-size=\"sm\">Aplikacje o \u015bredniej pr\u0119dko\u015bci<\/td>\n<\/tr>\n<tr data-start=\"1034\" data-end=\"1072\">\n<td data-start=\"1034\" data-end=\"1054\" data-col-size=\"sm\">Zakres temperatur<\/td>\n<td data-start=\"1054\" data-end=\"1072\" data-col-size=\"sm\">-30\u00b0C do 150\u00b0C<\/td>\n<\/tr>\n<\/tbody>\n<\/table>\n<\/div>\n<\/div>\n<h3 data-section-id=\"1iz91iu\" data-start=\"1079\" data-end=\"1095\">Kluczowe cechy<\/h3>\n<ul data-start=\"1097\" data-end=\"1388\">\n<li data-section-id=\"1vl001\" data-start=\"1097\" data-end=\"1141\">Wspiera po\u0142\u0105czone obci\u0105\u017cenia promieniowe i osiowe<\/li>\n<li data-section-id=\"1srodc3\" data-start=\"1142\" data-end=\"1184\">Kompaktowa konstrukcja o wysokiej no\u015bno\u015bci<\/li>\n<li data-section-id=\"93gu7o\" data-start=\"1185\" data-end=\"1241\">Stabilna praca w warunkach ci\u0105g\u0142ego u\u017cytkowania<\/li>\n<li data-section-id=\"fmcfrv\" data-start=\"1242\" data-end=\"1282\">Zredukowane tarcie i generacja ciep\u0142a<\/li>\n<li data-section-id=\"77ge0v\" data-start=\"1283\" data-end=\"1331\">D\u0142uga \u017cywotno\u015b\u0107 w \u015brodowisku przemys\u0142owym<\/li>\n<li data-section-id=\"1fuex6u\" data-start=\"1332\" data-end=\"1388\">Odpowiednie do warunk\u00f3w wstrz\u0105sowych i umiarkowanych wibracji<\/li>\n<\/ul>\n<h3 data-section-id=\"wggvqn\" data-start=\"1395\" data-end=\"1411\">Zastosowania<\/h3>\n<ul data-start=\"1413\" data-end=\"1640\">\n<li data-section-id=\"16jv93o\" data-start=\"1413\" data-end=\"1438\">Piasty k\u00f3\u0142 samochodowych<\/li>\n<li data-section-id=\"15oirsh\" data-start=\"1439\" data-end=\"1477\">Skrzyniach bieg\u00f3w i systemach przeniesienia nap\u0119du<\/li>\n<li data-section-id=\"1n6ynun\" data-start=\"1478\" data-end=\"1504\">Maszynach rolniczych<\/li>\n<li data-section-id=\"16fhp27\" data-start=\"1505\" data-end=\"1531\">Sprz\u0119t budowlany<\/li>\n<li data-section-id=\"gcuaph\" data-start=\"1532\" data-end=\"1560\">Przemys\u0142owe systemy nap\u0119dowe<\/li>\n<li data-section-id=\"4ay2tg\" data-start=\"1561\" data-end=\"1603\">Systemy transportowe i obs\u0142ugi materia\u0142\u00f3w<\/li>\n<li data-section-id=\"a5j0us\" data-start=\"1604\" data-end=\"1640\">Maszyny g\u00f3rnicze lekkie i \u015brednie<\/li>\n<\/ul>\n<h3 data-section-id=\"gqbmdj\" data-start=\"1647\" data-end=\"1673\">Zalety in\u017cynieryjne<\/h3>\n<p data-start=\"1675\" data-end=\"1844\">\u0141o\u017cysko sto\u017ckowe 32008 zapewnia efektywne rozk\u0142adanie obci\u0105\u017cenia dzi\u0119ki swoim sto\u017ckowatym elementom tocznym, zmniejszaj\u0105c napr\u0119\u017cenia kraw\u0119dziowe i poprawiaj\u0105c stabilno\u015b\u0107 operacyjn\u0105.<\/p>\n<p data-start=\"1846\" data-end=\"1975\">Jego konstrukcja zwi\u0119ksza odporno\u015b\u0107 na zm\u0119czenie i zapewnia niezawodn\u0105 wydajno\u015b\u0107 w zastosowaniach z po\u0142\u0105czonymi si\u0142ami osiowymi i promieniowymi.<\/p>\n<h3 data-section-id=\"ex11qd\" data-start=\"1982\" data-end=\"2000\">Opcje dostosowywania<\/h3>\n<ul data-start=\"2002\" data-end=\"2206\">\n<li data-section-id=\"1x00fvb\" data-start=\"2002\" data-end=\"2052\">Regulacja luzu wewn\u0119trznego (C3\/C4 opcjonalnie)<\/li>\n<li data-section-id=\"11j4pt1\" data-start=\"2053\" data-end=\"2097\">Wyb\u00f3r materia\u0142u kosza (stal lub mosi\u0105dz)<\/li>\n<li data-section-id=\"1icjogp\" data-start=\"2098\" data-end=\"2131\">Opcje konstrukcji otwartej lub uszczelnionej<\/li>\n<li data-section-id=\"1jq34of\" data-start=\"2132\" data-end=\"2167\">Nape\u0142nienie smarem wysokotemperaturowym<\/li>\n<li data-section-id=\"1mlx5yn\" data-start=\"2168\" data-end=\"2206\">Wsparcie w zakresie marki OEM i pakowania<\/li>\n<\/ul>","protected":false},"excerpt":{"rendered":"<p>\u0141o\u017cysko sto\u017ckowe 32008 jest zaprojektowane do obs\u0142ugi po\u0142\u0105czonych obci\u0105\u017ce\u0144 promieniowych i osiowych z wysok\u0105 wydajno\u015bci\u0105 i stabilno\u015bci\u0105. Jego geometria sto\u017ckowych rolek zapewnia p\u0142ynne przenoszenie obci\u0105\u017cenia, zmniejszone tarcie i niezawodn\u0105 wydajno\u015b\u0107 w warunkach \u015bredniego obci\u0105\u017cenia i umiarkowanej pr\u0119dko\u015bci.<\/p>","protected":false},"featured_media":2524,"comment_status":"open","ping_status":"closed","template":"","meta":{"site-sidebar-layout":"default","site-content-layout":"","ast-site-content-layout":"default","site-content-style":"default","site-sidebar-style":"default","ast-global-header-display":"","ast-banner-title-visibility":"","ast-main-header-display":"","ast-hfb-above-header-display":"","ast-hfb-below-header-display":"","ast-hfb-mobile-header-display":"","site-post-title":"","ast-breadcrumbs-content":"","ast-featured-img":"","footer-sml-layout":"","ast-disable-related-posts":"","theme-transparent-header-meta":"default","adv-header-id-meta":"","stick-header-meta":"default","header-above-stick-meta":"","header-main-stick-meta":"","header-below-stick-meta":"","astra-migrate-meta-layouts":"set","ast-page-background-enabled":"default","ast-page-background-meta":{"desktop":{"background-color":"","background-image":"","background-repeat":"repeat","background-position":"center center","background-size":"auto","background-attachment":"scroll","background-type":"","background-media":"","overlay-type":"","overlay-color":"","overlay-opacity":"","overlay-gradient":""},"tablet":{"background-color":"","background-image":"","background-repeat":"repeat","background-position":"center center","background-size":"auto","background-attachment":"scroll","background-type":"","background-media":"","overlay-type":"","overlay-color":"","overlay-opacity":"","overlay-gradient":""},"mobile":{"background-color":"","background-image":"","background-repeat":"repeat","background-position":"center center","background-size":"auto","background-attachment":"scroll","background-type":"","background-media":"","overlay-type":"","overlay-color":"","overlay-opacity":"","overlay-gradient":""}},"ast-content-background-meta":{"desktop":{"background-color":"var(--ast-global-color-5)","background-image":"","background-repeat":"repeat","background-position":"center center","background-size":"auto","background-attachment":"scroll","background-type":"","background-media":"","overlay-type":"","overlay-color":"","overlay-opacity":"","overlay-gradient":""},"tablet":{"background-color":"var(--ast-global-color-5)","background-image":"","background-repeat":"repeat","background-position":"center center","background-size":"auto","background-attachment":"scroll","background-type":"","background-media":"","overlay-type":"","overlay-color":"","overlay-opacity":"","overlay-gradient":""},"mobile":{"background-color":"var(--ast-global-color-5)","background-image":"","background-repeat":"repeat","background-position":"center center","background-size":"auto","background-attachment":"scroll","background-type":"","background-media":"","overlay-type":"","overlay-color":"","overlay-opacity":"","overlay-gradient":""}}},"product_brand":[],"product_cat":[23],"product_tag":[245,237,240,233,78,56,45,47,239,241,154,242,238],"class_list":{"0":"post-2458","1":"product","2":"type-product","3":"status-publish","4":"has-post-thumbnail","6":"product_cat-tapered-roller-bearings","7":"product_tag-32008-bearing","8":"product_tag-automotive-bearing","9":"product_tag-chrome-steel-bearing","10":"product_tag-gcr15-bearing","11":"product_tag-gearbox-bearing","12":"product_tag-heavy-duty-bearing","13":"product_tag-industrial-bearing","14":"product_tag-oem-bearing-manufacturer","15":"product_tag-radial-axial-bearing","16":"product_tag-single-row-roller-bearing","17":"product_tag-tapered-roller-bearing","18":"product_tag-transmission-bearing","19":"product_tag-wheel-hub-bearing","20":"desktop-align-left","21":"tablet-align-left","22":"mobile-align-left","23":"ast-product-gallery-layout-horizontal-slider","24":"ast-product-gallery-with-no-image","25":"ast-product-tabs-layout-horizontal","27":"first","28":"instock","29":"shipping-taxable","30":"product-type-simple"},"_links":{"self":[{"href":"https:\/\/www.machinerybearings.com\/pl\/wp-json\/wp\/v2\/product\/2458","targetHints":{"allow":["GET"]}}],"collection":[{"href":"https:\/\/www.machinerybearings.com\/pl\/wp-json\/wp\/v2\/product"}],"about":[{"href":"https:\/\/www.machinerybearings.com\/pl\/wp-json\/wp\/v2\/types\/product"}],"replies":[{"embeddable":true,"href":"https:\/\/www.machinerybearings.com\/pl\/wp-json\/wp\/v2\/comments?post=2458"}],"wp:featuredmedia":[{"embeddable":true,"href":"https:\/\/www.machinerybearings.com\/pl\/wp-json\/wp\/v2\/media\/2524"}],"wp:attachment":[{"href":"https:\/\/www.machinerybearings.com\/pl\/wp-json\/wp\/v2\/media?parent=2458"}],"wp:term":[{"taxonomy":"product_brand","embeddable":true,"href":"https:\/\/www.machinerybearings.com\/pl\/wp-json\/wp\/v2\/product_brand?post=2458"},{"taxonomy":"product_cat","embeddable":true,"href":"https:\/\/www.machinerybearings.com\/pl\/wp-json\/wp\/v2\/product_cat?post=2458"},{"taxonomy":"product_tag","embeddable":true,"href":"https:\/\/www.machinerybearings.com\/pl\/wp-json\/wp\/v2\/product_tag?post=2458"}],"curies":[{"name":"wp","href":"https:\/\/api.w.org\/{rel}","templated":true}]}}