{"id":2461,"date":"2026-04-13T15:25:53","date_gmt":"2026-04-13T15:25:53","guid":{"rendered":"https:\/\/www.machinerybearings.com\/?post_type=product&#038;p=2461"},"modified":"2026-05-03T04:49:37","modified_gmt":"2026-05-03T04:49:37","slug":"automotive-wheel-bearing-for-passenger-and-commercial-vehicle-applications","status":"publish","type":"product","link":"https:\/\/www.machinerybearings.com\/pl\/produkt\/automotive-wheel-bearing-for-passenger-and-commercial-vehicle-applications\/","title":{"rendered":"\u0141o\u017cysko ko\u0142a motoryzacyjnego do zastosowa\u0144 w pojazdach osobowych i u\u017cytkowych"},"content":{"rendered":"<p data-start=\"109\" data-end=\"407\">Automotive wheel bearings are critical components in vehicle hub assemblies, designed to support radial and axial loads generated during driving, braking, and cornering. They ensure smooth wheel rotation, reduce friction, and maintain precise wheel alignment under varying road and load conditions.<\/p>\n<p data-start=\"409\" data-end=\"585\">These bearings are widely used in passenger cars, trucks, trailers, and light commercial vehicles, providing stable performance, long service life, and improved driving safety.<\/p>\n<h3 data-section-id=\"sse2nj\" data-start=\"592\" data-end=\"616\">Parametry techniczne<\/h3>\n<div class=\"TyagGW_tableContainer\">\n<div class=\"group TyagGW_tableWrapper flex flex-col-reverse w-fit\" tabindex=\"-1\">\n<table class=\"w-fit min-w-(--thread-content-width)\" data-start=\"618\" data-end=\"1169\">\n<thead data-start=\"618\" data-end=\"642\">\n<tr data-start=\"618\" data-end=\"642\">\n<th class=\"\" data-start=\"618\" data-end=\"625\" data-col-size=\"sm\">Pozycja<\/th>\n<th class=\"\" data-start=\"625\" data-end=\"642\" data-col-size=\"md\">Specyfikacja<\/th>\n<\/tr>\n<\/thead>\n<tbody data-start=\"667\" data-end=\"1169\">\n<tr data-start=\"667\" data-end=\"710\">\n<td data-start=\"667\" data-end=\"682\" data-col-size=\"sm\">Typ \u0142o\u017cyska<\/td>\n<td data-start=\"682\" data-end=\"710\" data-col-size=\"md\">Automotive Wheel Bearing<\/td>\n<\/tr>\n<tr data-start=\"711\" data-end=\"775\">\n<td data-start=\"711\" data-end=\"723\" data-col-size=\"sm\">Budowa<\/td>\n<td data-col-size=\"md\" data-start=\"723\" data-end=\"775\">Ball Bearing \/ Tapered Roller Bearing \/ Hub Unit<\/td>\n<\/tr>\n<tr data-start=\"776\" data-end=\"816\">\n<td data-start=\"776\" data-end=\"788\" data-col-size=\"sm\">Typ obci\u0105\u017cenia<\/td>\n<td data-col-size=\"md\" data-start=\"788\" data-end=\"816\">Obci\u0105\u017cenie promieniowe + Obci\u0105\u017cenie osiowe<\/td>\n<\/tr>\n<tr data-start=\"817\" data-end=\"850\">\n<td data-start=\"817\" data-end=\"828\" data-col-size=\"sm\">Materia\u0142<\/td>\n<td data-col-size=\"md\" data-start=\"828\" data-end=\"850\">Stal chromowa GCr15<\/td>\n<\/tr>\n<tr data-start=\"851\" data-end=\"895\">\n<td data-start=\"851\" data-end=\"867\" data-col-size=\"sm\">Materia\u0142 kosza<\/td>\n<td data-col-size=\"md\" data-start=\"867\" data-end=\"895\">Steel \/ Nylon (optional)<\/td>\n<\/tr>\n<tr data-start=\"896\" data-end=\"948\">\n<td data-start=\"896\" data-end=\"910\" data-col-size=\"sm\">Smarowanie<\/td>\n<td data-col-size=\"md\" data-start=\"910\" data-end=\"948\">High-performance grease pre-filled<\/td>\n<\/tr>\n<tr data-start=\"949\" data-end=\"999\">\n<td data-start=\"949\" data-end=\"964\" data-col-size=\"sm\">Typ uszczelnienia<\/td>\n<td data-col-size=\"md\" data-start=\"964\" data-end=\"999\">Double sealed (2RS) \/ open type<\/td>\n<\/tr>\n<tr data-start=\"1000\" data-end=\"1056\">\n<td data-start=\"1000\" data-end=\"1018\" data-col-size=\"sm\">Pr\u0119dko\u015b\u0107 robocza<\/td>\n<td data-col-size=\"md\" data-start=\"1018\" data-end=\"1056\">High-speed automotive applications<\/td>\n<\/tr>\n<tr data-start=\"1057\" data-end=\"1095\">\n<td data-start=\"1057\" data-end=\"1077\" data-col-size=\"sm\">Zakres temperatur<\/td>\n<td data-col-size=\"md\" data-start=\"1077\" data-end=\"1095\">-40\u00b0C to 150\u00b0C<\/td>\n<\/tr>\n<tr data-start=\"1096\" data-end=\"1169\">\n<td data-start=\"1096\" data-end=\"1111\" data-col-size=\"sm\">Service Life<\/td>\n<td data-col-size=\"md\" data-start=\"1111\" data-end=\"1169\">Designed for long-life operation under road conditions<\/td>\n<\/tr>\n<\/tbody>\n<\/table>\n<\/div>\n<\/div>\n<h3 data-section-id=\"1iz91iu\" data-start=\"1176\" data-end=\"1192\">Kluczowe cechy<\/h3>\n<ul data-start=\"1194\" data-end=\"1479\">\n<li data-section-id=\"1vl001\" data-start=\"1194\" data-end=\"1238\">Wspiera po\u0142\u0105czone obci\u0105\u017cenia promieniowe i osiowe<\/li>\n<li data-section-id=\"1hvrrjx\" data-start=\"1239\" data-end=\"1272\">High-speed rotation stability<\/li>\n<li data-section-id=\"hpy3wo\" data-start=\"1273\" data-end=\"1319\">Pre-lubricated and maintenance-free design<\/li>\n<li data-section-id=\"4epv1c\" data-start=\"1320\" data-end=\"1376\">Excellent sealing performance against dust and water<\/li>\n<li data-section-id=\"1tkzdhi\" data-start=\"1377\" data-end=\"1426\">Reduced friction for improved fuel efficiency<\/li>\n<li data-section-id=\"18h2fqw\" data-start=\"1427\" data-end=\"1479\">Long service life under harsh driving conditions<\/li>\n<\/ul>\n<h3 data-section-id=\"wggvqn\" data-start=\"1486\" data-end=\"1502\">Zastosowania<\/h3>\n<ul data-start=\"1504\" data-end=\"1689\">\n<li data-section-id=\"7anny9\" data-start=\"1504\" data-end=\"1522\">Passenger cars<\/li>\n<li data-section-id=\"pzyrh2\" data-start=\"1523\" data-end=\"1549\">Light and heavy trucks<\/li>\n<li data-section-id=\"qp5fyv\" data-start=\"1550\" data-end=\"1582\">SUVs and commercial vehicles<\/li>\n<li data-section-id=\"19nsvuf\" data-start=\"1583\" data-end=\"1605\">Trailers and buses<\/li>\n<li data-section-id=\"19e5faj\" data-start=\"1606\" data-end=\"1644\">Off-road and agricultural vehicles<\/li>\n<li data-section-id=\"kf01hk\" data-start=\"1645\" data-end=\"1689\">Electric vehicles (EV wheel hub systems)<\/li>\n<\/ul>\n<h3 data-section-id=\"gqbmdj\" data-start=\"1696\" data-end=\"1722\">Zalety in\u017cynieryjne<\/h3>\n<p data-start=\"1724\" data-end=\"1855\">Automotive wheel bearings are engineered to handle complex dynamic loads caused by acceleration, braking, and uneven road surfaces.<\/p>\n<p data-start=\"1857\" data-end=\"2037\">Advanced sealing and lubrication technology ensures consistent performance, prevents contamination, and extends service intervals, improving overall vehicle reliability and safety.<\/p>\n<h3 data-section-id=\"ex11qd\" data-start=\"2044\" data-end=\"2062\">Opcje dostosowywania<\/h3>\n<ul data-start=\"2064\" data-end=\"2296\">\n<li data-section-id=\"18yg220\" data-start=\"2064\" data-end=\"2116\">Hub unit integration (bearing + flange assembly)<\/li>\n<li data-section-id=\"fosec2\" data-start=\"2117\" data-end=\"2152\">ABS sensor compatibility design<\/li>\n<li data-section-id=\"b4c5m4\" data-start=\"2153\" data-end=\"2207\">Sealing structure customization (2RS \/ metal seal)<\/li>\n<li data-section-id=\"1dkjwm1\" data-start=\"2208\" data-end=\"2257\">Noise reduction optimization (low NVH design)<\/li>\n<li data-section-id=\"1mlx5yn\" data-start=\"2258\" data-end=\"2296\">Wsparcie w zakresie marki OEM i pakowania<\/li>\n<\/ul>","protected":false},"excerpt":{"rendered":"<p>Automotive wheel bearings are critical components in vehicle hub assemblies, designed to support radial and axial loads generated during driving, braking, and cornering. They ensure smooth wheel rotation, reduce friction, and maintain precise wheel alignment under varying road and load conditions.<\/p>","protected":false},"featured_media":2522,"comment_status":"open","ping_status":"closed","template":"","meta":{"site-sidebar-layout":"default","site-content-layout":"","ast-site-content-layout":"default","site-content-style":"default","site-sidebar-style":"default","ast-global-header-display":"","ast-banner-title-visibility":"","ast-main-header-display":"","ast-hfb-above-header-display":"","ast-hfb-below-header-display":"","ast-hfb-mobile-header-display":"","site-post-title":"","ast-breadcrumbs-content":"","ast-featured-img":"","footer-sml-layout":"","ast-disable-related-posts":"","theme-transparent-header-meta":"default","adv-header-id-meta":"","stick-header-meta":"default","header-above-stick-meta":"","header-main-stick-meta":"","header-below-stick-meta":"","astra-migrate-meta-layouts":"set","ast-page-background-enabled":"default","ast-page-background-meta":{"desktop":{"background-color":"","background-image":"","background-repeat":"repeat","background-position":"center center","background-size":"auto","background-attachment":"scroll","background-type":"","background-media":"","overlay-type":"","overlay-color":"","overlay-opacity":"","overlay-gradient":""},"tablet":{"background-color":"","background-image":"","background-repeat":"repeat","background-position":"center center","background-size":"auto","background-attachment":"scroll","background-type":"","background-media":"","overlay-type":"","overlay-color":"","overlay-opacity":"","overlay-gradient":""},"mobile":{"background-color":"","background-image":"","background-repeat":"repeat","background-position":"center center","background-size":"auto","background-attachment":"scroll","background-type":"","background-media":"","overlay-type":"","overlay-color":"","overlay-opacity":"","overlay-gradient":""}},"ast-content-background-meta":{"desktop":{"background-color":"var(--ast-global-color-5)","background-image":"","background-repeat":"repeat","background-position":"center center","background-size":"auto","background-attachment":"scroll","background-type":"","background-media":"","overlay-type":"","overlay-color":"","overlay-opacity":"","overlay-gradient":""},"tablet":{"background-color":"var(--ast-global-color-5)","background-image":"","background-repeat":"repeat","background-position":"center center","background-size":"auto","background-attachment":"scroll","background-type":"","background-media":"","overlay-type":"","overlay-color":"","overlay-opacity":"","overlay-gradient":""},"mobile":{"background-color":"var(--ast-global-color-5)","background-image":"","background-repeat":"repeat","background-position":"center center","background-size":"auto","background-attachment":"scroll","background-type":"","background-media":"","overlay-type":"","overlay-color":"","overlay-opacity":"","overlay-gradient":""}}},"product_brand":[],"product_cat":[23],"product_tag":[257,250,254,251,240,233,39,253,47,256,154,252,255,238],"class_list":{"0":"post-2461","1":"product","2":"type-product","3":"status-publish","4":"has-post-thumbnail","6":"product_cat-tapered-roller-bearings","7":"product_tag-automotive-spare-parts","8":"product_tag-automotive-wheel-bearing","9":"product_tag-ball-bearing","10":"product_tag-car-bearing","11":"product_tag-chrome-steel-bearing","12":"product_tag-gcr15-bearing","13":"product_tag-high-speed-bearing","14":"product_tag-hub-unit-bearing","15":"product_tag-oem-bearing-manufacturer","16":"product_tag-sealed-bearing","17":"product_tag-tapered-roller-bearing","18":"product_tag-truck-bearing","19":"product_tag-vehicle-bearing","20":"product_tag-wheel-hub-bearing","21":"desktop-align-left","22":"tablet-align-left","23":"mobile-align-left","24":"ast-product-gallery-layout-horizontal-slider","25":"ast-product-gallery-with-no-image","26":"ast-product-tabs-layout-horizontal","28":"first","29":"instock","30":"shipping-taxable","31":"product-type-simple"},"_links":{"self":[{"href":"https:\/\/www.machinerybearings.com\/pl\/wp-json\/wp\/v2\/product\/2461","targetHints":{"allow":["GET"]}}],"collection":[{"href":"https:\/\/www.machinerybearings.com\/pl\/wp-json\/wp\/v2\/product"}],"about":[{"href":"https:\/\/www.machinerybearings.com\/pl\/wp-json\/wp\/v2\/types\/product"}],"replies":[{"embeddable":true,"href":"https:\/\/www.machinerybearings.com\/pl\/wp-json\/wp\/v2\/comments?post=2461"}],"wp:featuredmedia":[{"embeddable":true,"href":"https:\/\/www.machinerybearings.com\/pl\/wp-json\/wp\/v2\/media\/2522"}],"wp:attachment":[{"href":"https:\/\/www.machinerybearings.com\/pl\/wp-json\/wp\/v2\/media?parent=2461"}],"wp:term":[{"taxonomy":"product_brand","embeddable":true,"href":"https:\/\/www.machinerybearings.com\/pl\/wp-json\/wp\/v2\/product_brand?post=2461"},{"taxonomy":"product_cat","embeddable":true,"href":"https:\/\/www.machinerybearings.com\/pl\/wp-json\/wp\/v2\/product_cat?post=2461"},{"taxonomy":"product_tag","embeddable":true,"href":"https:\/\/www.machinerybearings.com\/pl\/wp-json\/wp\/v2\/product_tag?post=2461"}],"curies":[{"name":"wp","href":"https:\/\/api.w.org\/{rel}","templated":true}]}}