{"id":2416,"date":"2026-04-12T14:53:58","date_gmt":"2026-04-12T14:53:58","guid":{"rendered":"https:\/\/www.machinerybearings.com\/?post_type=product&#038;p=2416"},"modified":"2026-05-04T12:09:23","modified_gmt":"2026-05-04T12:09:23","slug":"rolamentos-de-rolos-de-carga-pesada-rolamentos-industriais-de-alta-capacidade-para-aplicacoes-de-servico-extremo","status":"publish","type":"product","link":"https:\/\/www.machinerybearings.com\/pt\/produto\/rolamentos-de-rolos-de-carga-pesada-rolamentos-industriais-de-alta-capacidade-para-aplicacoes-de-servico-extremo\/","title":{"rendered":"Rolamentos de Rolo de Alta Carga \u2013 Rolamentos Industriais de Alta Capacidade para Aplica\u00e7\u00f5es de Alta Resist\u00eancia"},"content":{"rendered":"<p data-start=\"380\" data-end=\"688\">Nosso <strong data-start=\"384\" data-end=\"414\">Rolamentos de Rolo de Carga Pesada<\/strong> s\u00e3o projetados para condi\u00e7\u00f5es de trabalho extremas onde alta carga radial, resist\u00eancia a choques e longa vida \u00fatil s\u00e3o necess\u00e1rias. Projetados com geometria de rolo otimizada e materiais de alta resist\u00eancia, esses rolamentos oferecem desempenho est\u00e1vel sob opera\u00e7\u00e3o cont\u00ednua de alta carga.<\/p>\n<p data-start=\"690\" data-end=\"984\">Comparado com rolamentos de esferas padr\u00e3o, os rolamentos de rolo fornecem uma \u00e1rea de contato maior, permitindo que suportem cargas significativamente mais altas enquanto mant\u00eam excelente rigidez e durabilidade. Eles s\u00e3o amplamente utilizados em minera\u00e7\u00e3o, produ\u00e7\u00e3o de a\u00e7o, maquinaria de constru\u00e7\u00e3o e equipamentos industriais pesados.<\/p>\n<p data-start=\"986\" data-end=\"1206\">Oferecemos uma gama completa de tipos de rolamentos de rolo de carga pesada, incluindo rolamentos de rolo cil\u00edndrico, rolamentos de rolo esf\u00e9rico e rolamentos de rolo c\u00f4nico, com personaliza\u00e7\u00e3o OEM dispon\u00edvel com base nos requisitos de aplica\u00e7\u00e3o.<\/p>\n<h1 data-section-id=\"8av2ty\" data-start=\"1213\" data-end=\"1231\"><span role=\"text\"><strong data-start=\"1215\" data-end=\"1231\">Principais Caracter\u00edsticas<\/strong><\/span><\/h1>\n<ul data-start=\"1233\" data-end=\"1555\">\n<li data-section-id=\"1bxkwpw\" data-start=\"1233\" data-end=\"1272\">Capacidade de carga radial extremamente alta<\/li>\n<li data-section-id=\"q5j99i\" data-start=\"1273\" data-end=\"1317\">Forte resist\u00eancia a choques e vibra\u00e7\u00f5es<\/li>\n<li data-section-id=\"1xmbd7u\" data-start=\"1318\" data-end=\"1365\">Excelente rigidez e estabilidade estrutural<\/li>\n<li data-section-id=\"1i63cz\" data-start=\"1366\" data-end=\"1415\">Longa vida \u00fatil em condi\u00e7\u00f5es de trabalho pesado<\/li>\n<li data-section-id=\"y0d7dn\" data-start=\"1416\" data-end=\"1469\">Adequado para aplica\u00e7\u00f5es de baixa velocidade e alta carga<\/li>\n<li data-section-id=\"r5jgnn\" data-start=\"1470\" data-end=\"1516\">Dispon\u00edvel em m\u00faltiplos tipos de rolamentos de rolo<\/li>\n<li data-section-id=\"r3ng4h\" data-start=\"1517\" data-end=\"1555\">Suporte de engenharia OEM e personalizado<\/li>\n<\/ul>\n<h1 data-section-id=\"1kpbo1s\" data-start=\"1562\" data-end=\"1591\"><span role=\"text\"><strong data-start=\"1564\" data-end=\"1591\">Tipos de Rolamentos Dispon\u00edveis<\/strong><\/span><\/h1>\n<h3 data-section-id=\"8upnt7\" data-start=\"1593\" data-end=\"1628\"><span role=\"text\"><strong data-start=\"1597\" data-end=\"1628\">Rolamentos Cil\u00edndricos<\/strong><\/span><\/h3>\n<ul data-start=\"1629\" data-end=\"1705\">\n<li data-section-id=\"1lhs7t3\" data-start=\"1629\" data-end=\"1658\">Alta capacidade de carga radial<\/li>\n<li data-section-id=\"19uh2mt\" data-start=\"1659\" data-end=\"1705\">Adequado para sistemas de alta velocidade e carga pesada<\/li>\n<\/ul>\n<h3 data-section-id=\"s89z5c\" data-start=\"1707\" data-end=\"1740\"><span role=\"text\"><strong data-start=\"1711\" data-end=\"1740\">Rolamentos de Rolo Esf\u00e9rico<\/strong><\/span><\/h3>\n<ul data-start=\"1741\" data-end=\"1817\">\n<li data-section-id=\"1c4kryc\" data-start=\"1741\" data-end=\"1769\">Capacidade de autoalinhamento<\/li>\n<li data-section-id=\"1v2ayut\" data-start=\"1770\" data-end=\"1817\">Ideal para desalinhamento e condi\u00e7\u00f5es severas<\/li>\n<\/ul>\n<h3 data-section-id=\"1ngyjlk\" data-start=\"1819\" data-end=\"1850\"><span role=\"text\"><strong data-start=\"1823\" data-end=\"1850\">Rolamentos de Rolo C\u00f4nico<\/strong><\/span><\/h3>\n<ul data-start=\"1851\" data-end=\"1942\">\n<li data-section-id=\"n7btd0\" data-start=\"1851\" data-end=\"1894\">Suporta cargas radiais e axiais combinadas<\/li>\n<li data-section-id=\"tt3rd9\" data-start=\"1895\" data-end=\"1942\">Excelente para sistemas de engrenagem e transmiss\u00e3o<\/li>\n<\/ul>\n<h1 data-section-id=\"hzmqtn\" data-start=\"1949\" data-end=\"1976\"><span role=\"text\"><strong data-start=\"1951\" data-end=\"1976\">Op\u00e7\u00f5es de Personaliza\u00e7\u00e3o<\/strong><\/span><\/h1>\n<p data-start=\"1978\" data-end=\"2016\">Fornecemos personaliza\u00e7\u00e3o OEM flex\u00edvel:<\/p>\n<ul data-start=\"2018\" data-end=\"2446\">\n<li data-section-id=\"q8p3u3\" data-start=\"2018\" data-end=\"2090\"><strong data-start=\"2020\" data-end=\"2037\">Tipo de Rolamento:<\/strong> Cil\u00edndrico \/ esf\u00e9rico \/ c\u00f4nico \/ designs personalizados<\/li>\n<li data-section-id=\"13tvvro\" data-start=\"2091\" data-end=\"2146\"><strong data-start=\"2093\" data-end=\"2108\">Faixa de Tamanhos:<\/strong> Tamanhos industriais padr\u00e3o e grandes<\/li>\n<li data-section-id=\"1isafxf\" data-start=\"2147\" data-end=\"2215\"><strong data-start=\"2149\" data-end=\"2170\">Op\u00e7\u00f5es de Material:<\/strong> A\u00e7o cromado, a\u00e7o liga, a\u00e7o inoxid\u00e1vel<\/li>\n<li data-section-id=\"wnaqvt\" data-start=\"2216\" data-end=\"2258\"><strong data-start=\"2218\" data-end=\"2238\">Grau de Precis\u00e3o:<\/strong> P0 \/ P6 \/ P5 \/ P4<\/li>\n<li data-section-id=\"1xlwld5\" data-start=\"2259\" data-end=\"2322\"><strong data-start=\"2261\" data-end=\"2281\">Op\u00e7\u00f5es de Veda\u00e7\u00e3o:<\/strong> Aberto \/ vedado \/ sistemas de veda\u00e7\u00e3o personalizados<\/li>\n<li data-section-id=\"t3wxe6\" data-start=\"2323\" data-end=\"2382\"><strong data-start=\"2325\" data-end=\"2341\">Lubrifica\u00e7\u00e3o:<\/strong> Graxa \/ \u00f3leo \/ lubrifica\u00e7\u00e3o centralizada<\/li>\n<li data-section-id=\"6sa7j1\" data-start=\"2383\" data-end=\"2446\"><strong data-start=\"2385\" data-end=\"2403\">Material da gaiola:<\/strong> A\u00e7o \/ lat\u00e3o \/ nylon \/ materiais personalizados<\/li>\n<\/ul>\n<h1 data-section-id=\"1hlx8o3\" data-start=\"2453\" data-end=\"2481\"><span role=\"text\"><strong data-start=\"2455\" data-end=\"2481\">Capacidades t\u00e9cnicas<\/strong><\/span><\/h1>\n<div class=\"TyagGW_tableContainer\">\n<div class=\"group TyagGW_tableWrapper flex flex-col-reverse w-fit\" tabindex=\"-1\">\n<table class=\"w-fit min-w-(--thread-content-width)\" data-start=\"2483\" data-end=\"2901\">\n<thead data-start=\"2483\" data-end=\"2509\">\n<tr data-start=\"2483\" data-end=\"2509\">\n<th class=\"\" data-start=\"2483\" data-end=\"2495\" data-col-size=\"sm\">Par\u00e2metro<\/th>\n<th class=\"\" data-start=\"2495\" data-end=\"2509\" data-col-size=\"md\">Capacidade<\/th>\n<\/tr>\n<\/thead>\n<tbody data-start=\"2535\" data-end=\"2901\">\n<tr data-start=\"2535\" data-end=\"2586\">\n<td data-start=\"2535\" data-end=\"2551\" data-col-size=\"sm\">Capacidade de carga<\/td>\n<td data-start=\"2551\" data-end=\"2586\" data-col-size=\"md\">Design de carga alta a ultra-pesada<\/td>\n<\/tr>\n<tr data-start=\"2587\" data-end=\"2649\">\n<td data-start=\"2587\" data-end=\"2601\" data-col-size=\"sm\">Faixa de velocidade<\/td>\n<td data-start=\"2601\" data-end=\"2649\" data-col-size=\"md\">Baixa a m\u00e9dia \/ alta velocidade dependendo do tipo<\/td>\n<\/tr>\n<tr data-start=\"2650\" data-end=\"2710\">\n<td data-start=\"2650\" data-end=\"2669\" data-col-size=\"sm\">Op\u00e7\u00f5es de material<\/td>\n<td data-start=\"2669\" data-end=\"2710\" data-col-size=\"md\">A\u00e7o \/ a\u00e7o liga \/ a\u00e7o inoxid\u00e1vel<\/td>\n<\/tr>\n<tr data-start=\"2711\" data-end=\"2773\">\n<td data-start=\"2711\" data-end=\"2731\" data-col-size=\"sm\">Faixa de Temperatura<\/td>\n<td data-start=\"2731\" data-end=\"2773\" data-col-size=\"md\">-40\u00b0C a 250\u00b0C (dependendo do material)<\/td>\n<\/tr>\n<tr data-start=\"2774\" data-end=\"2843\">\n<td data-start=\"2774\" data-end=\"2790\" data-col-size=\"sm\">Manufatura<\/td>\n<td data-start=\"2790\" data-end=\"2843\" data-col-size=\"md\">Usinagem CNC, tratamento t\u00e9rmico, retifica\u00e7\u00e3o de precis\u00e3o<\/td>\n<\/tr>\n<tr data-start=\"2844\" data-end=\"2901\">\n<td data-start=\"2844\" data-end=\"2857\" data-col-size=\"sm\">Inspe\u00e7\u00e3o<\/td>\n<td data-start=\"2857\" data-end=\"2901\" data-col-size=\"md\">Testes dimensionais e de desempenho completos<\/td>\n<\/tr>\n<\/tbody>\n<\/table>\n<\/div>\n<\/div>\n<h1 data-section-id=\"1p00fbj\" data-start=\"2908\" data-end=\"2926\"><span role=\"text\"><strong data-start=\"2910\" data-end=\"2926\">Aplica\u00e7\u00f5es<\/strong><\/span><\/h1>\n<p data-start=\"2928\" data-end=\"2974\">Rolamentos de rolos de carga pesada s\u00e3o amplamente utilizados em:<\/p>\n<ul data-start=\"2976\" data-end=\"3205\">\n<li data-section-id=\"ew3yor\" data-start=\"2976\" data-end=\"3007\">M\u00e1quinas de minera\u00e7\u00e3o e pedreiras<\/li>\n<li data-section-id=\"1ur90fc\" data-start=\"3008\" data-end=\"3045\">Usinas de a\u00e7o e equipamentos de lamina\u00e7\u00e3o<\/li>\n<li data-section-id=\"19d9gij\" data-start=\"3046\" data-end=\"3072\">M\u00e1quinas de constru\u00e7\u00e3o<\/li>\n<li data-section-id=\"qz39ge\" data-start=\"3073\" data-end=\"3103\">Redutores industriais pesados<\/li>\n<li data-section-id=\"1sxxfe0\" data-start=\"3104\" data-end=\"3127\">Sistemas de energia e\u00f3lica<\/li>\n<li data-section-id=\"urx3fd\" data-start=\"3128\" data-end=\"3171\">Sistemas de transporte e manuseio de materiais<\/li>\n<li data-section-id=\"1m9dupl\" data-start=\"3172\" data-end=\"3205\">Equipamentos marinhos e offshore<\/li>\n<\/ul>\n<h1 data-section-id=\"zdmnob\" data-start=\"3212\" data-end=\"3231\"><span role=\"text\"><strong data-start=\"3214\" data-end=\"3231\">Por que nos escolher<\/strong><\/span><\/h1>\n<ul data-start=\"3233\" data-end=\"3501\">\n<li data-section-id=\"3u22ud\" data-start=\"3233\" data-end=\"3292\">Forte capacidade de fabrica\u00e7\u00e3o para rolamentos de alta carga<\/li>\n<li data-section-id=\"rezg8o\" data-start=\"3293\" data-end=\"3341\">Suporte de engenharia OEM e personalizado dispon\u00edvel<\/li>\n<li data-section-id=\"1k1jpyf\" data-start=\"3342\" data-end=\"3403\">Tecnologia avan\u00e7ada de tratamento t\u00e9rmico e retifica\u00e7\u00e3o de precis\u00e3o<\/li>\n<li data-section-id=\"1gqsw7t\" data-start=\"3404\" data-end=\"3452\">Controle de qualidade rigoroso e sistema de inspe\u00e7\u00e3o<\/li>\n<li data-section-id=\"kmxts7\" data-start=\"3453\" data-end=\"3501\">Entrega global r\u00e1pida e cadeia de suprimentos est\u00e1vel<\/li>\n<\/ul>\n<h1 data-section-id=\"1iusff4\" data-start=\"3508\" data-end=\"3517\"><span role=\"text\"><strong data-start=\"3510\" data-end=\"3517\">Perguntas Frequentes<\/strong><\/span><\/h1>\n<p data-start=\"3519\" data-end=\"3727\"><strong data-start=\"3519\" data-end=\"3582\">Q1: Por que escolher rolamentos de rolos para aplica\u00e7\u00f5es de carga pesada?<\/strong><br data-start=\"3582\" data-end=\"3585\" \/>A: Rolamentos de rolos fornecem uma \u00e1rea de contato maior do que rolamentos de esferas, permitindo suportar cargas radiais muito mais altas e melhorar a durabilidade.<\/p>\n<p data-start=\"3729\" data-end=\"3908\"><strong data-start=\"3729\" data-end=\"3798\">Q2: Voc\u00ea pode personalizar rolamentos de carga pesada para m\u00e1quinas espec\u00edficas?<\/strong><br data-start=\"3798\" data-end=\"3801\" \/>A: Sim, fornecemos personaliza\u00e7\u00e3o completa OEM com base em desenhos, condi\u00e7\u00f5es de carga e requisitos de aplica\u00e7\u00e3o.<\/p>\n<p data-start=\"3910\" data-end=\"4079\"><strong data-start=\"3910\" data-end=\"3970\">Q3: Quais ind\u00fastrias usam mais rolamentos de rolos de carga pesada?<\/strong><br data-start=\"3970\" data-end=\"3973\" \/>A: Eles s\u00e3o amplamente utilizados na minera\u00e7\u00e3o, produ\u00e7\u00e3o de a\u00e7o, m\u00e1quinas de constru\u00e7\u00e3o e sistemas industriais pesados.<\/p>","protected":false},"excerpt":{"rendered":"<p>Nosso <strong data-start=\"384\" data-end=\"414\">Rolamentos de Rolo de Carga Pesada<\/strong> s\u00e3o projetados para condi\u00e7\u00f5es de trabalho extremas onde alta carga radial, resist\u00eancia a choques e longa vida \u00fatil s\u00e3o necess\u00e1rias. Projetados com geometria de rolo otimizada e materiais de alta resist\u00eancia, esses rolamentos oferecem desempenho est\u00e1vel sob opera\u00e7\u00e3o cont\u00ednua de alta carga.<\/p>","protected":false},"featured_media":2586,"comment_status":"open","ping_status":"closed","template":"","meta":{"site-sidebar-layout":"default","site-content-layout":"","ast-site-content-layout":"default","site-content-style":"default","site-sidebar-style":"default","ast-global-header-display":"","ast-banner-title-visibility":"","ast-main-header-display":"","ast-hfb-above-header-display":"","ast-hfb-below-header-display":"","ast-hfb-mobile-header-display":"","site-post-title":"","ast-breadcrumbs-content":"","ast-featured-img":"","footer-sml-layout":"","ast-disable-related-posts":"","theme-transparent-header-meta":"default","adv-header-id-meta":"","stick-header-meta":"default","header-above-stick-meta":"","header-main-stick-meta":"","header-below-stick-meta":"","astra-migrate-meta-layouts":"set","ast-page-background-enabled":"default","ast-page-background-meta":{"desktop":{"background-color":"","background-image":"","background-repeat":"repeat","background-position":"center center","background-size":"auto","background-attachment":"scroll","background-type":"","background-media":"","overlay-type":"","overlay-color":"","overlay-opacity":"","overlay-gradient":""},"tablet":{"background-color":"","background-image":"","background-repeat":"repeat","background-position":"center center","background-size":"auto","background-attachment":"scroll","background-type":"","background-media":"","overlay-type":"","overlay-color":"","overlay-opacity":"","overlay-gradient":""},"mobile":{"background-color":"","background-image":"","background-repeat":"repeat","background-position":"center center","background-size":"auto","background-attachment":"scroll","background-type":"","background-media":"","overlay-type":"","overlay-color":"","overlay-opacity":"","overlay-gradient":""}},"ast-content-background-meta":{"desktop":{"background-color":"var(--ast-global-color-5)","background-image":"","background-repeat":"repeat","background-position":"center center","background-size":"auto","background-attachment":"scroll","background-type":"","background-media":"","overlay-type":"","overlay-color":"","overlay-opacity":"","overlay-gradient":""},"tablet":{"background-color":"var(--ast-global-color-5)","background-image":"","background-repeat":"repeat","background-position":"center center","background-size":"auto","background-attachment":"scroll","background-type":"","background-media":"","overlay-type":"","overlay-color":"","overlay-opacity":"","overlay-gradient":""},"mobile":{"background-color":"var(--ast-global-color-5)","background-image":"","background-repeat":"repeat","background-position":"center center","background-size":"auto","background-attachment":"scroll","background-type":"","background-media":"","overlay-type":"","overlay-color":"","overlay-opacity":"","overlay-gradient":""}}},"product_brand":[],"product_cat":[25],"product_tag":[132,139,151,131,45,119,47,152,153,154],"class_list":{"0":"post-2416","1":"product","2":"type-product","3":"status-publish","4":"has-post-thumbnail","6":"product_cat-cylindrical-roller-bearings","7":"product_tag-construction-machinery-bearing","8":"product_tag-cylindrical-roller-bearing","9":"product_tag-heavy-load-bearing","10":"product_tag-high-load-capacity-bearing","11":"product_tag-industrial-bearing","12":"product_tag-mining-bearing","13":"product_tag-oem-bearing-manufacturer","14":"product_tag-roller-bearing","15":"product_tag-spherical-roller-bearing","16":"product_tag-tapered-roller-bearing","17":"desktop-align-left","18":"tablet-align-left","19":"mobile-align-left","20":"ast-product-gallery-layout-horizontal-slider","21":"ast-product-gallery-with-no-image","22":"ast-product-tabs-layout-horizontal","24":"first","25":"instock","26":"shipping-taxable","27":"product-type-simple"},"_links":{"self":[{"href":"https:\/\/www.machinerybearings.com\/pt\/wp-json\/wp\/v2\/product\/2416","targetHints":{"allow":["GET"]}}],"collection":[{"href":"https:\/\/www.machinerybearings.com\/pt\/wp-json\/wp\/v2\/product"}],"about":[{"href":"https:\/\/www.machinerybearings.com\/pt\/wp-json\/wp\/v2\/types\/product"}],"replies":[{"embeddable":true,"href":"https:\/\/www.machinerybearings.com\/pt\/wp-json\/wp\/v2\/comments?post=2416"}],"wp:featuredmedia":[{"embeddable":true,"href":"https:\/\/www.machinerybearings.com\/pt\/wp-json\/wp\/v2\/media\/2586"}],"wp:attachment":[{"href":"https:\/\/www.machinerybearings.com\/pt\/wp-json\/wp\/v2\/media?parent=2416"}],"wp:term":[{"taxonomy":"product_brand","embeddable":true,"href":"https:\/\/www.machinerybearings.com\/pt\/wp-json\/wp\/v2\/product_brand?post=2416"},{"taxonomy":"product_cat","embeddable":true,"href":"https:\/\/www.machinerybearings.com\/pt\/wp-json\/wp\/v2\/product_cat?post=2416"},{"taxonomy":"product_tag","embeddable":true,"href":"https:\/\/www.machinerybearings.com\/pt\/wp-json\/wp\/v2\/product_tag?post=2416"}],"curies":[{"name":"wp","href":"https:\/\/api.w.org\/{rel}","templated":true}]}}