{"id":2457,"date":"2026-04-13T15:12:14","date_gmt":"2026-04-13T15:12:14","guid":{"rendered":"https:\/\/www.machinerybearings.com\/?post_type=product&#038;p=2457"},"modified":"2026-05-03T05:11:38","modified_gmt":"2026-05-03T05:11:38","slug":"32210-tapered-roller-bearing-for-high-load-industrial-and-automotive-applications","status":"publish","type":"product","link":"https:\/\/www.machinerybearings.com\/pt\/produto\/32210-tapered-roller-bearing-for-high-load-industrial-and-automotive-applications\/","title":{"rendered":"Rolamento de Rolo C\u00f4nico 32210 para Aplica\u00e7\u00f5es Industriais e Automotivas de Alta Carga"},"content":{"rendered":"<p data-start=\"116\" data-end=\"413\">The 32210 tapered roller bearing is designed to support combined radial and axial loads in demanding industrial environments. With its optimized tapered geometry, it ensures smooth rolling motion, efficient load distribution, and stable performance under medium to heavy-duty operating conditions.<\/p>\n<p data-start=\"415\" data-end=\"584\">This bearing is widely used in automotive drivetrains, gear systems, agricultural machinery, and construction equipment where durability and load stability are critical.<\/p>\n<h3 data-section-id=\"sse2nj\" data-start=\"591\" data-end=\"615\">Par\u00e2metros T\u00e9cnicos<\/h3>\n<div class=\"TyagGW_tableContainer\">\n<div class=\"group TyagGW_tableWrapper flex flex-col-reverse w-fit\" tabindex=\"-1\">\n<table class=\"w-fit min-w-(--thread-content-width)\" data-start=\"617\" data-end=\"1099\">\n<thead data-start=\"617\" data-end=\"641\">\n<tr data-start=\"617\" data-end=\"641\">\n<th class=\"\" data-start=\"617\" data-end=\"624\" data-col-size=\"sm\">Item<\/th>\n<th class=\"\" data-start=\"624\" data-end=\"641\" data-col-size=\"sm\">Especifica\u00e7\u00e3o<\/th>\n<\/tr>\n<\/thead>\n<tbody data-start=\"666\" data-end=\"1099\">\n<tr data-start=\"666\" data-end=\"707\">\n<td data-start=\"666\" data-end=\"681\" data-col-size=\"sm\">Tipo de Rolamento<\/td>\n<td data-col-size=\"sm\" data-start=\"681\" data-end=\"707\">Rolamento C\u00f4nico<\/td>\n<\/tr>\n<tr data-start=\"708\" data-end=\"725\">\n<td data-start=\"708\" data-end=\"716\" data-col-size=\"sm\">Modelo<\/td>\n<td data-start=\"716\" data-end=\"725\" data-col-size=\"sm\">32210<\/td>\n<\/tr>\n<tr data-start=\"726\" data-end=\"756\">\n<td data-start=\"726\" data-end=\"747\" data-col-size=\"sm\">Di\u00e2metro Interno (d)<\/td>\n<td data-col-size=\"sm\" data-start=\"747\" data-end=\"756\">50 mm<\/td>\n<\/tr>\n<tr data-start=\"757\" data-end=\"787\">\n<td data-start=\"757\" data-end=\"778\" data-col-size=\"sm\">Di\u00e2metro Externo (D)<\/td>\n<td data-start=\"778\" data-end=\"787\" data-col-size=\"sm\">90 mm<\/td>\n<\/tr>\n<tr data-start=\"788\" data-end=\"812\">\n<td data-start=\"788\" data-end=\"800\" data-col-size=\"sm\">Largura (T)<\/td>\n<td data-start=\"800\" data-end=\"812\" data-col-size=\"sm\">24.75 mm<\/td>\n<\/tr>\n<tr data-start=\"813\" data-end=\"853\">\n<td data-start=\"813\" data-end=\"825\" data-col-size=\"sm\">Tipo de Carga<\/td>\n<td data-start=\"825\" data-end=\"853\" data-col-size=\"sm\">Carga radial + Carga axial<\/td>\n<\/tr>\n<tr data-start=\"854\" data-end=\"884\">\n<td data-start=\"854\" data-end=\"870\" data-col-size=\"sm\">Material da Gaiola<\/td>\n<td data-col-size=\"sm\" data-start=\"870\" data-end=\"884\">Gaiola de a\u00e7o<\/td>\n<\/tr>\n<tr data-start=\"885\" data-end=\"918\">\n<td data-start=\"885\" data-end=\"896\" data-col-size=\"sm\">Material<\/td>\n<td data-col-size=\"sm\" data-start=\"896\" data-end=\"918\">A\u00e7o Cromado GCr15<\/td>\n<\/tr>\n<tr data-start=\"919\" data-end=\"962\">\n<td data-start=\"919\" data-end=\"933\" data-col-size=\"sm\">Lubrifica\u00e7\u00e3o<\/td>\n<td data-col-size=\"sm\" data-start=\"933\" data-end=\"962\">Lubrifica\u00e7\u00e3o com graxa ou \u00f3leo<\/td>\n<\/tr>\n<tr data-start=\"963\" data-end=\"1012\">\n<td data-start=\"963\" data-end=\"975\" data-col-size=\"sm\">Estrutura<\/td>\n<td data-start=\"975\" data-end=\"1012\" data-col-size=\"sm\">Rolamento c\u00f4nico de uma fileira<\/td>\n<\/tr>\n<tr data-start=\"1013\" data-end=\"1060\">\n<td data-start=\"1013\" data-end=\"1031\" data-col-size=\"sm\">Velocidade de Opera\u00e7\u00e3o<\/td>\n<td data-col-size=\"sm\" data-start=\"1031\" data-end=\"1060\">Aplica\u00e7\u00f5es de velocidade m\u00e9dia<\/td>\n<\/tr>\n<tr data-start=\"1061\" data-end=\"1099\">\n<td data-start=\"1061\" data-end=\"1081\" data-col-size=\"sm\">Faixa de Temperatura<\/td>\n<td data-col-size=\"sm\" data-start=\"1081\" data-end=\"1099\">-30\u00b0C a 150\u00b0C<\/td>\n<\/tr>\n<\/tbody>\n<\/table>\n<\/div>\n<\/div>\n<h3 data-section-id=\"1iz91iu\" data-start=\"1106\" data-end=\"1122\">Principais Caracter\u00edsticas<\/h3>\n<ul data-start=\"1124\" data-end=\"1401\">\n<li data-section-id=\"1vl001\" data-start=\"1124\" data-end=\"1168\">Suporta cargas radiais e axiais combinadas<\/li>\n<li data-section-id=\"1yq8vz9\" data-start=\"1169\" data-end=\"1215\">High load carrying capacity and durability<\/li>\n<li data-section-id=\"1e4pl9p\" data-start=\"1216\" data-end=\"1265\">Desempenho est\u00e1vel sob opera\u00e7\u00e3o cont\u00ednua<\/li>\n<li data-section-id=\"vearcf\" data-start=\"1266\" data-end=\"1310\">Low friction and reduced heat generation<\/li>\n<li data-section-id=\"dn8muc\" data-start=\"1311\" data-end=\"1352\">Strong resistance to wear and fatigue<\/li>\n<li data-section-id=\"s21j1z\" data-start=\"1353\" data-end=\"1401\">Suitable for heavy-duty working environments<\/li>\n<\/ul>\n<h3 data-section-id=\"wggvqn\" data-start=\"1408\" data-end=\"1424\">Aplica\u00e7\u00f5es<\/h3>\n<ul data-start=\"1426\" data-end=\"1647\">\n<li data-section-id=\"16jv93o\" data-start=\"1426\" data-end=\"1451\">Cubos de roda automotivos<\/li>\n<li data-section-id=\"15oirsh\" data-start=\"1452\" data-end=\"1490\">Caixas de c\u00e2mbio e sistemas de transmiss\u00e3o<\/li>\n<li data-section-id=\"1n6ynun\" data-start=\"1491\" data-end=\"1517\">M\u00e1quinas agr\u00edcolas<\/li>\n<li data-section-id=\"19d9gij\" data-start=\"1518\" data-end=\"1544\">M\u00e1quinas de constru\u00e7\u00e3o<\/li>\n<li data-section-id=\"gcuaph\" data-start=\"1545\" data-end=\"1573\">Sistemas de acionamento industrial<\/li>\n<li data-section-id=\"1xhvdi8\" data-start=\"1574\" data-end=\"1604\">Minera\u00e7\u00e3o e equipamentos pesados<\/li>\n<li data-section-id=\"4ay2tg\" data-start=\"1605\" data-end=\"1647\">Sistemas de transporte e manuseio de materiais<\/li>\n<\/ul>\n<h3 data-section-id=\"gqbmdj\" data-start=\"1654\" data-end=\"1680\">Vantagens de Engenharia<\/h3>\n<p data-start=\"1682\" data-end=\"1848\">The tapered roller design allows the 32210 bearing to distribute load efficiently across the roller surface, reducing stress concentration and improving fatigue life.<\/p>\n<p data-start=\"1850\" data-end=\"1987\">It performs particularly well in applications involving shock loads, misalignment tolerance requirements, and continuous heavy operation.<\/p>\n<h3 data-section-id=\"ex11qd\" data-start=\"1994\" data-end=\"2012\">Op\u00e7\u00f5es personalizadas<\/h3>\n<ul data-start=\"2014\" data-end=\"2181\">\n<li data-section-id=\"2gl276\" data-start=\"2014\" data-end=\"2044\">Clearance grade adjustment<\/li>\n<li data-section-id=\"13bi5jf\" data-start=\"2045\" data-end=\"2088\">Cage material (steel or brass optional)<\/li>\n<li data-section-id=\"swm1rd\" data-start=\"2089\" data-end=\"2114\">Sealed or open design<\/li>\n<li data-section-id=\"1jq34of\" data-start=\"2115\" data-end=\"2150\">Preenchimento com graxa de alta temperatura<\/li>\n<li data-section-id=\"1vg6tkw\" data-start=\"2151\" data-end=\"2181\">Branding e embalagem OEM<\/li>\n<\/ul>","protected":false},"excerpt":{"rendered":"<p>The 32210 tapered roller bearing is designed to support combined radial and axial loads in demanding industrial environments. With its optimized tapered geometry, it ensures smooth rolling motion, efficient load distribution, and stable performance under medium to heavy-duty operating conditions.<\/p>","protected":false},"featured_media":2530,"comment_status":"open","ping_status":"closed","template":"","meta":{"site-sidebar-layout":"default","site-content-layout":"","ast-site-content-layout":"default","site-content-style":"default","site-sidebar-style":"default","ast-global-header-display":"","ast-banner-title-visibility":"","ast-main-header-display":"","ast-hfb-above-header-display":"","ast-hfb-below-header-display":"","ast-hfb-mobile-header-display":"","site-post-title":"","ast-breadcrumbs-content":"","ast-featured-img":"","footer-sml-layout":"","ast-disable-related-posts":"","theme-transparent-header-meta":"default","adv-header-id-meta":"","stick-header-meta":"default","header-above-stick-meta":"","header-main-stick-meta":"","header-below-stick-meta":"","astra-migrate-meta-layouts":"set","ast-page-background-enabled":"default","ast-page-background-meta":{"desktop":{"background-color":"","background-image":"","background-repeat":"repeat","background-position":"center center","background-size":"auto","background-attachment":"scroll","background-type":"","background-media":"","overlay-type":"","overlay-color":"","overlay-opacity":"","overlay-gradient":""},"tablet":{"background-color":"","background-image":"","background-repeat":"repeat","background-position":"center center","background-size":"auto","background-attachment":"scroll","background-type":"","background-media":"","overlay-type":"","overlay-color":"","overlay-opacity":"","overlay-gradient":""},"mobile":{"background-color":"","background-image":"","background-repeat":"repeat","background-position":"center center","background-size":"auto","background-attachment":"scroll","background-type":"","background-media":"","overlay-type":"","overlay-color":"","overlay-opacity":"","overlay-gradient":""}},"ast-content-background-meta":{"desktop":{"background-color":"var(--ast-global-color-5)","background-image":"","background-repeat":"repeat","background-position":"center center","background-size":"auto","background-attachment":"scroll","background-type":"","background-media":"","overlay-type":"","overlay-color":"","overlay-opacity":"","overlay-gradient":""},"tablet":{"background-color":"var(--ast-global-color-5)","background-image":"","background-repeat":"repeat","background-position":"center center","background-size":"auto","background-attachment":"scroll","background-type":"","background-media":"","overlay-type":"","overlay-color":"","overlay-opacity":"","overlay-gradient":""},"mobile":{"background-color":"var(--ast-global-color-5)","background-image":"","background-repeat":"repeat","background-position":"center center","background-size":"auto","background-attachment":"scroll","background-type":"","background-media":"","overlay-type":"","overlay-color":"","overlay-opacity":"","overlay-gradient":""}}},"product_brand":[],"product_cat":[23],"product_tag":[244,237,240,233,78,56,51,45,47,239,241,154,242,238],"class_list":{"0":"post-2457","1":"product","2":"type-product","3":"status-publish","4":"has-post-thumbnail","6":"product_cat-tapered-roller-bearings","7":"product_tag-32210-bearing","8":"product_tag-automotive-bearing","9":"product_tag-chrome-steel-bearing","10":"product_tag-gcr15-bearing","11":"product_tag-gearbox-bearing","12":"product_tag-heavy-duty-bearing","13":"product_tag-high-load-bearing","14":"product_tag-industrial-bearing","15":"product_tag-oem-bearing-manufacturer","16":"product_tag-radial-axial-bearing","17":"product_tag-single-row-roller-bearing","18":"product_tag-tapered-roller-bearing","19":"product_tag-transmission-bearing","20":"product_tag-wheel-hub-bearing","21":"desktop-align-left","22":"tablet-align-left","23":"mobile-align-left","24":"ast-product-gallery-layout-horizontal-slider","25":"ast-product-gallery-with-no-image","26":"ast-product-tabs-layout-horizontal","28":"first","29":"instock","30":"shipping-taxable","31":"product-type-simple"},"_links":{"self":[{"href":"https:\/\/www.machinerybearings.com\/pt\/wp-json\/wp\/v2\/product\/2457","targetHints":{"allow":["GET"]}}],"collection":[{"href":"https:\/\/www.machinerybearings.com\/pt\/wp-json\/wp\/v2\/product"}],"about":[{"href":"https:\/\/www.machinerybearings.com\/pt\/wp-json\/wp\/v2\/types\/product"}],"replies":[{"embeddable":true,"href":"https:\/\/www.machinerybearings.com\/pt\/wp-json\/wp\/v2\/comments?post=2457"}],"wp:featuredmedia":[{"embeddable":true,"href":"https:\/\/www.machinerybearings.com\/pt\/wp-json\/wp\/v2\/media\/2530"}],"wp:attachment":[{"href":"https:\/\/www.machinerybearings.com\/pt\/wp-json\/wp\/v2\/media?parent=2457"}],"wp:term":[{"taxonomy":"product_brand","embeddable":true,"href":"https:\/\/www.machinerybearings.com\/pt\/wp-json\/wp\/v2\/product_brand?post=2457"},{"taxonomy":"product_cat","embeddable":true,"href":"https:\/\/www.machinerybearings.com\/pt\/wp-json\/wp\/v2\/product_cat?post=2457"},{"taxonomy":"product_tag","embeddable":true,"href":"https:\/\/www.machinerybearings.com\/pt\/wp-json\/wp\/v2\/product_tag?post=2457"}],"curies":[{"name":"wp","href":"https:\/\/api.w.org\/{rel}","templated":true}]}}