{"id":2458,"date":"2026-04-13T15:15:27","date_gmt":"2026-04-13T15:15:27","guid":{"rendered":"https:\/\/www.machinerybearings.com\/?post_type=product&#038;p=2458"},"modified":"2026-05-03T05:04:49","modified_gmt":"2026-05-03T05:04:49","slug":"32008-tapered-roller-bearing-for-automotive-and-industrial-load-applications","status":"publish","type":"product","link":"https:\/\/www.machinerybearings.com\/pt\/produto\/32008-tapered-roller-bearing-for-automotive-and-industrial-load-applications\/","title":{"rendered":"32008 Rolamento C\u00f4nico para Aplica\u00e7\u00f5es de Carga Automotiva e Industrial"},"content":{"rendered":"<p data-start=\"111\" data-end=\"387\">O rolamento c\u00f4nico 32008 \u00e9 projetado para lidar com cargas radiais e axiais combinadas com alta efici\u00eancia e estabilidade. Sua geometria de rolos c\u00f4nicos garante uma transmiss\u00e3o de carga suave, redu\u00e7\u00e3o de atrito e desempenho confi\u00e1vel em condi\u00e7\u00f5es de carga m\u00e9dia e velocidade moderada.<\/p>\n<p data-start=\"389\" data-end=\"560\">Este rolamento \u00e9 amplamente utilizado em sistemas automotivos, m\u00e1quinas agr\u00edcolas, caixas de c\u00e2mbio e equipamentos industriais onde uma estrutura compacta e alta capacidade de carga s\u00e3o necess\u00e1rias.<\/p>\n<h3 data-section-id=\"sse2nj\" data-start=\"567\" data-end=\"591\">Par\u00e2metros T\u00e9cnicos<\/h3>\n<div class=\"TyagGW_tableContainer\">\n<div class=\"group TyagGW_tableWrapper flex flex-col-reverse w-fit\" tabindex=\"-1\">\n<table class=\"w-fit min-w-(--thread-content-width)\" data-start=\"593\" data-end=\"1072\">\n<thead data-start=\"593\" data-end=\"617\">\n<tr data-start=\"593\" data-end=\"617\">\n<th class=\"\" data-start=\"593\" data-end=\"600\" data-col-size=\"sm\">Item<\/th>\n<th class=\"\" data-start=\"600\" data-end=\"617\" data-col-size=\"sm\">Especifica\u00e7\u00e3o<\/th>\n<\/tr>\n<\/thead>\n<tbody data-start=\"642\" data-end=\"1072\">\n<tr data-start=\"642\" data-end=\"683\">\n<td data-start=\"642\" data-end=\"657\" data-col-size=\"sm\">Tipo de Rolamento<\/td>\n<td data-start=\"657\" data-end=\"683\" data-col-size=\"sm\">Rolamento C\u00f4nico<\/td>\n<\/tr>\n<tr data-start=\"684\" data-end=\"701\">\n<td data-start=\"684\" data-end=\"692\" data-col-size=\"sm\">Modelo<\/td>\n<td data-start=\"692\" data-end=\"701\" data-col-size=\"sm\">32008<\/td>\n<\/tr>\n<tr data-start=\"702\" data-end=\"732\">\n<td data-start=\"702\" data-end=\"723\" data-col-size=\"sm\">Di\u00e2metro Interno (d)<\/td>\n<td data-start=\"723\" data-end=\"732\" data-col-size=\"sm\">40 mm<\/td>\n<\/tr>\n<tr data-start=\"733\" data-end=\"763\">\n<td data-start=\"733\" data-end=\"754\" data-col-size=\"sm\">Di\u00e2metro Externo (D)<\/td>\n<td data-start=\"754\" data-end=\"763\" data-col-size=\"sm\">68 mm<\/td>\n<\/tr>\n<tr data-start=\"764\" data-end=\"785\">\n<td data-start=\"764\" data-end=\"776\" data-col-size=\"sm\">Largura (T)<\/td>\n<td data-start=\"776\" data-end=\"785\" data-col-size=\"sm\">19 mm<\/td>\n<\/tr>\n<tr data-start=\"786\" data-end=\"826\">\n<td data-start=\"786\" data-end=\"798\" data-col-size=\"sm\">Tipo de Carga<\/td>\n<td data-start=\"798\" data-end=\"826\" data-col-size=\"sm\">Carga radial + Carga axial<\/td>\n<\/tr>\n<tr data-start=\"827\" data-end=\"857\">\n<td data-start=\"827\" data-end=\"843\" data-col-size=\"sm\">Material da Gaiola<\/td>\n<td data-start=\"843\" data-end=\"857\" data-col-size=\"sm\">Gaiola de a\u00e7o<\/td>\n<\/tr>\n<tr data-start=\"858\" data-end=\"891\">\n<td data-start=\"858\" data-end=\"869\" data-col-size=\"sm\">Material<\/td>\n<td data-start=\"869\" data-end=\"891\" data-col-size=\"sm\">A\u00e7o Cromado GCr15<\/td>\n<\/tr>\n<tr data-start=\"892\" data-end=\"935\">\n<td data-start=\"892\" data-end=\"906\" data-col-size=\"sm\">Lubrifica\u00e7\u00e3o<\/td>\n<td data-start=\"906\" data-end=\"935\" data-col-size=\"sm\">Lubrifica\u00e7\u00e3o com graxa ou \u00f3leo<\/td>\n<\/tr>\n<tr data-start=\"936\" data-end=\"985\">\n<td data-start=\"936\" data-end=\"948\" data-col-size=\"sm\">Estrutura<\/td>\n<td data-start=\"948\" data-end=\"985\" data-col-size=\"sm\">Rolamento c\u00f4nico de uma fileira<\/td>\n<\/tr>\n<tr data-start=\"986\" data-end=\"1033\">\n<td data-start=\"986\" data-end=\"1004\" data-col-size=\"sm\">Velocidade de Opera\u00e7\u00e3o<\/td>\n<td data-start=\"1004\" data-end=\"1033\" data-col-size=\"sm\">Aplica\u00e7\u00f5es de velocidade m\u00e9dia<\/td>\n<\/tr>\n<tr data-start=\"1034\" data-end=\"1072\">\n<td data-start=\"1034\" data-end=\"1054\" data-col-size=\"sm\">Faixa de Temperatura<\/td>\n<td data-start=\"1054\" data-end=\"1072\" data-col-size=\"sm\">-30\u00b0C a 150\u00b0C<\/td>\n<\/tr>\n<\/tbody>\n<\/table>\n<\/div>\n<\/div>\n<h3 data-section-id=\"1iz91iu\" data-start=\"1079\" data-end=\"1095\">Principais Caracter\u00edsticas<\/h3>\n<ul data-start=\"1097\" data-end=\"1388\">\n<li data-section-id=\"1vl001\" data-start=\"1097\" data-end=\"1141\">Suporta cargas radiais e axiais combinadas<\/li>\n<li data-section-id=\"1srodc3\" data-start=\"1142\" data-end=\"1184\">Design compacto com alta capacidade de carga<\/li>\n<li data-section-id=\"93gu7o\" data-start=\"1185\" data-end=\"1241\">Opera\u00e7\u00e3o est\u00e1vel em condi\u00e7\u00f5es de trabalho cont\u00ednuas<\/li>\n<li data-section-id=\"fmcfrv\" data-start=\"1242\" data-end=\"1282\">Atrito e gera\u00e7\u00e3o de calor reduzidos<\/li>\n<li data-section-id=\"77ge0v\" data-start=\"1283\" data-end=\"1331\">Longa vida \u00fatil em ambientes industriais<\/li>\n<li data-section-id=\"1fuex6u\" data-start=\"1332\" data-end=\"1388\">Adequado para condi\u00e7\u00f5es de choque e vibra\u00e7\u00e3o moderada<\/li>\n<\/ul>\n<h3 data-section-id=\"wggvqn\" data-start=\"1395\" data-end=\"1411\">Aplica\u00e7\u00f5es<\/h3>\n<ul data-start=\"1413\" data-end=\"1640\">\n<li data-section-id=\"16jv93o\" data-start=\"1413\" data-end=\"1438\">Cubos de roda automotivos<\/li>\n<li data-section-id=\"15oirsh\" data-start=\"1439\" data-end=\"1477\">Caixas de c\u00e2mbio e sistemas de transmiss\u00e3o<\/li>\n<li data-section-id=\"1n6ynun\" data-start=\"1478\" data-end=\"1504\">M\u00e1quinas agr\u00edcolas<\/li>\n<li data-section-id=\"16fhp27\" data-start=\"1505\" data-end=\"1531\">Equipamentos de constru\u00e7\u00e3o<\/li>\n<li data-section-id=\"gcuaph\" data-start=\"1532\" data-end=\"1560\">Sistemas de acionamento industrial<\/li>\n<li data-section-id=\"4ay2tg\" data-start=\"1561\" data-end=\"1603\">Sistemas de transporte e manuseio de materiais<\/li>\n<li data-section-id=\"a5j0us\" data-start=\"1604\" data-end=\"1640\">M\u00e1quinas de minera\u00e7\u00e3o leves a m\u00e9dias<\/li>\n<\/ul>\n<h3 data-section-id=\"gqbmdj\" data-start=\"1647\" data-end=\"1673\">Vantagens de Engenharia<\/h3>\n<p data-start=\"1675\" data-end=\"1844\">O rolamento c\u00f4nico 32008 proporciona uma distribui\u00e7\u00e3o de carga eficiente atrav\u00e9s de seus elementos de rolagem em forma de cone, reduzindo o estresse nas bordas e melhorando a estabilidade operacional.<\/p>\n<p data-start=\"1846\" data-end=\"1975\">Sua estrutura melhora a resist\u00eancia \u00e0 fadiga e garante desempenho confi\u00e1vel em aplica\u00e7\u00f5es com for\u00e7as axiais e radiais combinadas.<\/p>\n<h3 data-section-id=\"ex11qd\" data-start=\"1982\" data-end=\"2000\">Op\u00e7\u00f5es personalizadas<\/h3>\n<ul data-start=\"2002\" data-end=\"2206\">\n<li data-section-id=\"1x00fvb\" data-start=\"2002\" data-end=\"2052\">Ajuste de folga interna (C3\/C4 opcional)<\/li>\n<li data-section-id=\"11j4pt1\" data-start=\"2053\" data-end=\"2097\">Sele\u00e7\u00e3o de material da gaiola (a\u00e7o ou lat\u00e3o)<\/li>\n<li data-section-id=\"1icjogp\" data-start=\"2098\" data-end=\"2131\">Op\u00e7\u00f5es de design aberto ou selado<\/li>\n<li data-section-id=\"1jq34of\" data-start=\"2132\" data-end=\"2167\">Preenchimento com graxa de alta temperatura<\/li>\n<li data-section-id=\"1mlx5yn\" data-start=\"2168\" data-end=\"2206\">Suporte para marca\u00e7\u00e3o e embalagem OEM<\/li>\n<\/ul>","protected":false},"excerpt":{"rendered":"<p>O rolamento c\u00f4nico 32008 \u00e9 projetado para lidar com cargas radiais e axiais combinadas com alta efici\u00eancia e estabilidade. Sua geometria de rolos c\u00f4nicos garante uma transmiss\u00e3o de carga suave, redu\u00e7\u00e3o de atrito e desempenho confi\u00e1vel em condi\u00e7\u00f5es de carga m\u00e9dia e velocidade moderada.<\/p>","protected":false},"featured_media":2524,"comment_status":"open","ping_status":"closed","template":"","meta":{"site-sidebar-layout":"default","site-content-layout":"","ast-site-content-layout":"default","site-content-style":"default","site-sidebar-style":"default","ast-global-header-display":"","ast-banner-title-visibility":"","ast-main-header-display":"","ast-hfb-above-header-display":"","ast-hfb-below-header-display":"","ast-hfb-mobile-header-display":"","site-post-title":"","ast-breadcrumbs-content":"","ast-featured-img":"","footer-sml-layout":"","ast-disable-related-posts":"","theme-transparent-header-meta":"default","adv-header-id-meta":"","stick-header-meta":"default","header-above-stick-meta":"","header-main-stick-meta":"","header-below-stick-meta":"","astra-migrate-meta-layouts":"set","ast-page-background-enabled":"default","ast-page-background-meta":{"desktop":{"background-color":"","background-image":"","background-repeat":"repeat","background-position":"center center","background-size":"auto","background-attachment":"scroll","background-type":"","background-media":"","overlay-type":"","overlay-color":"","overlay-opacity":"","overlay-gradient":""},"tablet":{"background-color":"","background-image":"","background-repeat":"repeat","background-position":"center center","background-size":"auto","background-attachment":"scroll","background-type":"","background-media":"","overlay-type":"","overlay-color":"","overlay-opacity":"","overlay-gradient":""},"mobile":{"background-color":"","background-image":"","background-repeat":"repeat","background-position":"center center","background-size":"auto","background-attachment":"scroll","background-type":"","background-media":"","overlay-type":"","overlay-color":"","overlay-opacity":"","overlay-gradient":""}},"ast-content-background-meta":{"desktop":{"background-color":"var(--ast-global-color-5)","background-image":"","background-repeat":"repeat","background-position":"center center","background-size":"auto","background-attachment":"scroll","background-type":"","background-media":"","overlay-type":"","overlay-color":"","overlay-opacity":"","overlay-gradient":""},"tablet":{"background-color":"var(--ast-global-color-5)","background-image":"","background-repeat":"repeat","background-position":"center center","background-size":"auto","background-attachment":"scroll","background-type":"","background-media":"","overlay-type":"","overlay-color":"","overlay-opacity":"","overlay-gradient":""},"mobile":{"background-color":"var(--ast-global-color-5)","background-image":"","background-repeat":"repeat","background-position":"center center","background-size":"auto","background-attachment":"scroll","background-type":"","background-media":"","overlay-type":"","overlay-color":"","overlay-opacity":"","overlay-gradient":""}}},"product_brand":[],"product_cat":[23],"product_tag":[245,237,240,233,78,56,45,47,239,241,154,242,238],"class_list":{"0":"post-2458","1":"product","2":"type-product","3":"status-publish","4":"has-post-thumbnail","6":"product_cat-tapered-roller-bearings","7":"product_tag-32008-bearing","8":"product_tag-automotive-bearing","9":"product_tag-chrome-steel-bearing","10":"product_tag-gcr15-bearing","11":"product_tag-gearbox-bearing","12":"product_tag-heavy-duty-bearing","13":"product_tag-industrial-bearing","14":"product_tag-oem-bearing-manufacturer","15":"product_tag-radial-axial-bearing","16":"product_tag-single-row-roller-bearing","17":"product_tag-tapered-roller-bearing","18":"product_tag-transmission-bearing","19":"product_tag-wheel-hub-bearing","20":"desktop-align-left","21":"tablet-align-left","22":"mobile-align-left","23":"ast-product-gallery-layout-horizontal-slider","24":"ast-product-gallery-with-no-image","25":"ast-product-tabs-layout-horizontal","27":"first","28":"instock","29":"shipping-taxable","30":"product-type-simple"},"_links":{"self":[{"href":"https:\/\/www.machinerybearings.com\/pt\/wp-json\/wp\/v2\/product\/2458","targetHints":{"allow":["GET"]}}],"collection":[{"href":"https:\/\/www.machinerybearings.com\/pt\/wp-json\/wp\/v2\/product"}],"about":[{"href":"https:\/\/www.machinerybearings.com\/pt\/wp-json\/wp\/v2\/types\/product"}],"replies":[{"embeddable":true,"href":"https:\/\/www.machinerybearings.com\/pt\/wp-json\/wp\/v2\/comments?post=2458"}],"wp:featuredmedia":[{"embeddable":true,"href":"https:\/\/www.machinerybearings.com\/pt\/wp-json\/wp\/v2\/media\/2524"}],"wp:attachment":[{"href":"https:\/\/www.machinerybearings.com\/pt\/wp-json\/wp\/v2\/media?parent=2458"}],"wp:term":[{"taxonomy":"product_brand","embeddable":true,"href":"https:\/\/www.machinerybearings.com\/pt\/wp-json\/wp\/v2\/product_brand?post=2458"},{"taxonomy":"product_cat","embeddable":true,"href":"https:\/\/www.machinerybearings.com\/pt\/wp-json\/wp\/v2\/product_cat?post=2458"},{"taxonomy":"product_tag","embeddable":true,"href":"https:\/\/www.machinerybearings.com\/pt\/wp-json\/wp\/v2\/product_tag?post=2458"}],"curies":[{"name":"wp","href":"https:\/\/api.w.org\/{rel}","templated":true}]}}