{"id":2471,"date":"2026-04-13T15:43:14","date_gmt":"2026-04-13T15:43:14","guid":{"rendered":"https:\/\/www.machinerybearings.com\/?post_type=product&#038;p=2471"},"modified":"2026-05-03T02:32:18","modified_gmt":"2026-05-03T02:32:18","slug":"high-precision-thrust-bearing-for-industrial-and-precision-engineering-applications","status":"publish","type":"product","link":"https:\/\/www.machinerybearings.com\/pt\/produto\/high-precision-thrust-bearing-for-industrial-and-precision-engineering-applications\/","title":{"rendered":"Rolamento de Empuxo de Alta Precis\u00e3o para Aplica\u00e7\u00f5es de Engenharia Industrial e de Precis\u00e3o"},"content":{"rendered":"<p data-start=\"118\" data-end=\"412\">High precision thrust bearings are designed to support axial loads with extremely tight dimensional tolerances and excellent rotational accuracy. They are engineered for applications requiring stable axial positioning, low friction, and high repeatability under controlled operating conditions.<\/p>\n<p data-start=\"414\" data-end=\"598\">These bearings are widely used in machine tools, precision spindles, aerospace systems, robotics, and high-end industrial equipment where both accuracy and load stability are critical.<\/p>\n<h3 data-section-id=\"sse2nj\" data-start=\"605\" data-end=\"629\">Par\u00e2metros T\u00e9cnicos<\/h3>\n<div class=\"TyagGW_tableContainer\">\n<div class=\"group TyagGW_tableWrapper flex flex-col-reverse w-fit\" tabindex=\"-1\">\n<table class=\"w-fit min-w-(--thread-content-width)\" data-start=\"631\" data-end=\"1272\">\n<thead data-start=\"631\" data-end=\"655\">\n<tr data-start=\"631\" data-end=\"655\">\n<th class=\"\" data-start=\"631\" data-end=\"638\" data-col-size=\"sm\">Item<\/th>\n<th class=\"\" data-start=\"638\" data-end=\"655\" data-col-size=\"md\">Especifica\u00e7\u00e3o<\/th>\n<\/tr>\n<\/thead>\n<tbody data-start=\"680\" data-end=\"1272\">\n<tr data-start=\"680\" data-end=\"733\">\n<td data-start=\"680\" data-end=\"695\" data-col-size=\"sm\">Tipo de Rolamento<\/td>\n<td data-col-size=\"md\" data-start=\"695\" data-end=\"733\">High Precision Thrust Ball Bearing<\/td>\n<\/tr>\n<tr data-start=\"734\" data-end=\"794\">\n<td data-start=\"734\" data-end=\"746\" data-col-size=\"sm\">Estrutura<\/td>\n<td data-start=\"746\" data-end=\"794\" data-col-size=\"md\">Single direction \/ Double direction optional<\/td>\n<\/tr>\n<tr data-start=\"795\" data-end=\"846\">\n<td data-start=\"795\" data-end=\"807\" data-col-size=\"sm\">Tipo de Carga<\/td>\n<td data-start=\"807\" data-end=\"846\" data-col-size=\"md\">Axial load (one or both directions)<\/td>\n<\/tr>\n<tr data-start=\"847\" data-end=\"892\">\n<td data-start=\"847\" data-end=\"865\" data-col-size=\"sm\">Precision Grade<\/td>\n<td data-col-size=\"md\" data-start=\"865\" data-end=\"892\">P5 \/ P4 \/ P2 (optional)<\/td>\n<\/tr>\n<tr data-start=\"893\" data-end=\"942\">\n<td data-start=\"893\" data-end=\"904\" data-col-size=\"sm\">Material<\/td>\n<td data-col-size=\"md\" data-start=\"904\" data-end=\"942\">GCr15 Chrome Steel \/ Bearing Steel<\/td>\n<\/tr>\n<tr data-start=\"943\" data-end=\"997\">\n<td data-start=\"943\" data-end=\"959\" data-col-size=\"sm\">Material da Gaiola<\/td>\n<td data-col-size=\"md\" data-start=\"959\" data-end=\"997\">Brass \/ Steel \/ Polyamide optional<\/td>\n<\/tr>\n<tr data-start=\"998\" data-end=\"1055\">\n<td data-start=\"998\" data-end=\"1012\" data-col-size=\"sm\">Lubrifica\u00e7\u00e3o<\/td>\n<td data-start=\"1012\" data-end=\"1055\" data-col-size=\"md\">High-performance precision grease \/ oil<\/td>\n<\/tr>\n<tr data-start=\"1056\" data-end=\"1112\">\n<td data-start=\"1056\" data-end=\"1079\" data-col-size=\"sm\">Inner Diameter Range<\/td>\n<td data-col-size=\"md\" data-start=\"1079\" data-end=\"1112\">10 mm \u2013 200 mm (customizable)<\/td>\n<\/tr>\n<tr data-start=\"1113\" data-end=\"1169\">\n<td data-start=\"1113\" data-end=\"1136\" data-col-size=\"sm\">Outer Diameter Range<\/td>\n<td data-col-size=\"md\" data-start=\"1136\" data-end=\"1169\">30 mm \u2013 300 mm (customizable)<\/td>\n<\/tr>\n<tr data-start=\"1170\" data-end=\"1233\">\n<td data-start=\"1170\" data-end=\"1188\" data-col-size=\"sm\">Velocidade de Opera\u00e7\u00e3o<\/td>\n<td data-col-size=\"md\" data-start=\"1188\" data-end=\"1233\">Low to medium-high precision applications<\/td>\n<\/tr>\n<tr data-start=\"1234\" data-end=\"1272\">\n<td data-start=\"1234\" data-end=\"1254\" data-col-size=\"sm\">Faixa de Temperatura<\/td>\n<td data-col-size=\"md\" data-start=\"1254\" data-end=\"1272\">-30\u00b0C a 150\u00b0C<\/td>\n<\/tr>\n<\/tbody>\n<\/table>\n<\/div>\n<\/div>\n<h3 data-section-id=\"1iz91iu\" data-start=\"1279\" data-end=\"1295\">Principais Caracter\u00edsticas<\/h3>\n<ul data-start=\"1297\" data-end=\"1603\">\n<li data-section-id=\"165wvys\" data-start=\"1297\" data-end=\"1352\">Ultra-high precision machining and tight tolerances<\/li>\n<li data-section-id=\"tmmfbw\" data-start=\"1353\" data-end=\"1397\">Excellent axial load carrying capability<\/li>\n<li data-section-id=\"fpn0sq\" data-start=\"1398\" data-end=\"1442\">Low friction torque and smooth operation<\/li>\n<li data-section-id=\"1c74z5o\" data-start=\"1443\" data-end=\"1485\">High rigidity and positioning accuracy<\/li>\n<li data-section-id=\"1e4pl9p\" data-start=\"1486\" data-end=\"1535\">Desempenho est\u00e1vel sob opera\u00e7\u00e3o cont\u00ednua<\/li>\n<li data-section-id=\"1qt2bre\" data-start=\"1536\" data-end=\"1603\">Suitable for high-speed precision systems (depending on design)<\/li>\n<\/ul>\n<h3 data-section-id=\"wggvqn\" data-start=\"1610\" data-end=\"1626\">Aplica\u00e7\u00f5es<\/h3>\n<ul data-start=\"1628\" data-end=\"1873\">\n<li data-section-id=\"jm5220\" data-start=\"1628\" data-end=\"1649\">CNC machine tools<\/li>\n<li data-section-id=\"9b8r0v\" data-start=\"1650\" data-end=\"1682\">Precision spindle assemblies<\/li>\n<li data-section-id=\"1q02707\" data-start=\"1683\" data-end=\"1718\">Sistemas de rob\u00f3tica e automa\u00e7\u00e3o<\/li>\n<li data-section-id=\"1dd2ugx\" data-start=\"1719\" data-end=\"1756\">Aerospace and aviation components<\/li>\n<li data-section-id=\"7mf71r\" data-start=\"1757\" data-end=\"1794\">Optical and measurement equipment<\/li>\n<li data-section-id=\"1t5obzh\" data-start=\"1795\" data-end=\"1828\">High-end industrial machinery<\/li>\n<li data-section-id=\"1screnm\" data-start=\"1829\" data-end=\"1873\">Gearbox and transmission precision units<\/li>\n<\/ul>\n<h3 data-section-id=\"gqbmdj\" data-start=\"1880\" data-end=\"1906\">Vantagens de Engenharia<\/h3>\n<p data-start=\"1908\" data-end=\"2163\">High precision thrust bearings are manufactured with strict tolerance control to ensure minimal runout and stable axial positioning. This improves system accuracy, reduces vibration, and enhances the overall performance of precision mechanical assemblies.<\/p>\n<p data-start=\"2165\" data-end=\"2307\">Optimized surface finishing and material selection significantly reduce friction and extend service life under demanding operating conditions.<\/p>\n<h3 data-section-id=\"ex11qd\" data-start=\"2314\" data-end=\"2332\">Op\u00e7\u00f5es personalizadas<\/h3>\n<ul data-start=\"2334\" data-end=\"2592\">\n<li data-section-id=\"15ovhxd\" data-start=\"2334\" data-end=\"2368\">Precision grades: P5 \/ P4 \/ P2<\/li>\n<li data-section-id=\"1h56mmn\" data-start=\"2369\" data-end=\"2413\">Single or double direction configuration<\/li>\n<li data-section-id=\"103txzq\" data-start=\"2414\" data-end=\"2467\">Cage material selection (brass, steel, polyamide)<\/li>\n<li data-section-id=\"cajd1g\" data-start=\"2468\" data-end=\"2502\">High-speed lubrication systems<\/li>\n<li data-section-id=\"1anbilj\" data-start=\"2503\" data-end=\"2551\">Special anti-wear or anti-corrosion coatings<\/li>\n<li data-section-id=\"kge7ca\" data-start=\"2552\" data-end=\"2592\">OEM branding and packaging solutions<\/li>\n<\/ul>","protected":false},"excerpt":{"rendered":"<p>High precision thrust bearings are designed to support axial loads with extremely tight dimensional tolerances and excellent rotational accuracy. They are engineered for applications requiring stable axial positioning, low friction, and high repeatability under controlled operating conditions.<\/p>","protected":false},"featured_media":2515,"comment_status":"open","ping_status":"closed","template":"","meta":{"site-sidebar-layout":"default","site-content-layout":"","ast-site-content-layout":"default","site-content-style":"default","site-sidebar-style":"default","ast-global-header-display":"","ast-banner-title-visibility":"","ast-main-header-display":"","ast-hfb-above-header-display":"","ast-hfb-below-header-display":"","ast-hfb-mobile-header-display":"","site-post-title":"","ast-breadcrumbs-content":"","ast-featured-img":"","footer-sml-layout":"","ast-disable-related-posts":"","theme-transparent-header-meta":"default","adv-header-id-meta":"","stick-header-meta":"default","header-above-stick-meta":"","header-main-stick-meta":"","header-below-stick-meta":"","astra-migrate-meta-layouts":"set","ast-page-background-enabled":"default","ast-page-background-meta":{"desktop":{"background-color":"","background-image":"","background-repeat":"repeat","background-position":"center center","background-size":"auto","background-attachment":"scroll","background-type":"","background-media":"","overlay-type":"","overlay-color":"","overlay-opacity":"","overlay-gradient":""},"tablet":{"background-color":"","background-image":"","background-repeat":"repeat","background-position":"center center","background-size":"auto","background-attachment":"scroll","background-type":"","background-media":"","overlay-type":"","overlay-color":"","overlay-opacity":"","overlay-gradient":""},"mobile":{"background-color":"","background-image":"","background-repeat":"repeat","background-position":"center center","background-size":"auto","background-attachment":"scroll","background-type":"","background-media":"","overlay-type":"","overlay-color":"","overlay-opacity":"","overlay-gradient":""}},"ast-content-background-meta":{"desktop":{"background-color":"var(--ast-global-color-5)","background-image":"","background-repeat":"repeat","background-position":"center center","background-size":"auto","background-attachment":"scroll","background-type":"","background-media":"","overlay-type":"","overlay-color":"","overlay-opacity":"","overlay-gradient":""},"tablet":{"background-color":"var(--ast-global-color-5)","background-image":"","background-repeat":"repeat","background-position":"center center","background-size":"auto","background-attachment":"scroll","background-type":"","background-media":"","overlay-type":"","overlay-color":"","overlay-opacity":"","overlay-gradient":""},"mobile":{"background-color":"var(--ast-global-color-5)","background-image":"","background-repeat":"repeat","background-position":"center center","background-size":"auto","background-attachment":"scroll","background-type":"","background-media":"","overlay-type":"","overlay-color":"","overlay-opacity":"","overlay-gradient":""}}},"product_brand":[],"product_cat":[26],"product_tag":[275,260,70,233,73,274,45,102,71,47,63,126,69],"class_list":{"0":"post-2471","1":"product","2":"type-product","3":"status-publish","4":"has-post-thumbnail","6":"product_cat-thrust-ball-bearings","7":"product_tag-aerospace-bearing","8":"product_tag-axial-bearing","9":"product_tag-cnc-bearing","10":"product_tag-gcr15-bearing","11":"product_tag-high-accuracy-bearing","12":"product_tag-high-precision-thrust-bearing","13":"product_tag-industrial-bearing","14":"product_tag-low-friction-bearing","15":"product_tag-machine-tool-bearing","16":"product_tag-oem-bearing-manufacturer","17":"product_tag-precision-bearing","18":"product_tag-robotics-bearing","19":"product_tag-spindle-bearing","20":"desktop-align-left","21":"tablet-align-left","22":"mobile-align-left","23":"ast-product-gallery-layout-horizontal-slider","24":"ast-product-gallery-with-no-image","25":"ast-product-tabs-layout-horizontal","27":"first","28":"instock","29":"shipping-taxable","30":"product-type-simple"},"_links":{"self":[{"href":"https:\/\/www.machinerybearings.com\/pt\/wp-json\/wp\/v2\/product\/2471","targetHints":{"allow":["GET"]}}],"collection":[{"href":"https:\/\/www.machinerybearings.com\/pt\/wp-json\/wp\/v2\/product"}],"about":[{"href":"https:\/\/www.machinerybearings.com\/pt\/wp-json\/wp\/v2\/types\/product"}],"replies":[{"embeddable":true,"href":"https:\/\/www.machinerybearings.com\/pt\/wp-json\/wp\/v2\/comments?post=2471"}],"wp:featuredmedia":[{"embeddable":true,"href":"https:\/\/www.machinerybearings.com\/pt\/wp-json\/wp\/v2\/media\/2515"}],"wp:attachment":[{"href":"https:\/\/www.machinerybearings.com\/pt\/wp-json\/wp\/v2\/media?parent=2471"}],"wp:term":[{"taxonomy":"product_brand","embeddable":true,"href":"https:\/\/www.machinerybearings.com\/pt\/wp-json\/wp\/v2\/product_brand?post=2471"},{"taxonomy":"product_cat","embeddable":true,"href":"https:\/\/www.machinerybearings.com\/pt\/wp-json\/wp\/v2\/product_cat?post=2471"},{"taxonomy":"product_tag","embeddable":true,"href":"https:\/\/www.machinerybearings.com\/pt\/wp-json\/wp\/v2\/product_tag?post=2471"}],"curies":[{"name":"wp","href":"https:\/\/api.w.org\/{rel}","templated":true}]}}