{"id":2371,"date":"2026-04-11T16:08:56","date_gmt":"2026-04-11T16:08:56","guid":{"rendered":"https:\/\/www.machinerybearings.com\/?post_type=product&#038;p=2371"},"modified":"2026-05-04T11:35:44","modified_gmt":"2026-05-04T11:35:44","slug":"6308-deep-groove-ball-bearing-heavy-duty-high-load-bearing-for-industrial-machinery-motors","status":"publish","type":"product","link":"https:\/\/www.machinerybearings.com\/sv\/produkt\/6308-deep-groove-ball-bearing-heavy-duty-high-load-bearing-for-industrial-machinery-motors\/","title":{"rendered":"6308 Djupsp\u00e5rigt kulager \u2013 Tungt h\u00f6glastlager f\u00f6r industriell maskin och motor"},"content":{"rendered":"<p data-start=\"402\" data-end=\"714\">Den <strong data-start=\"406\" data-end=\"439\">6308 Djupsp\u00e5rig kulager<\/strong> \u00e4r ett tungt lager designat f\u00f6r att hantera h\u00f6ga radiella laster och m\u00e5ttliga axiella laster i b\u00e5da riktningarna. Med djupa sp\u00e5r och precisionsbearbetade st\u00e5lkulor s\u00e4kerst\u00e4ller det smidig rotation, l\u00e5g friktion och p\u00e5litlig prestanda under kr\u00e4vande driftsf\u00f6rh\u00e5llanden.<\/p>\n<p data-start=\"716\" data-end=\"1084\">Tillverkat av h\u00f6gkvalitativt kromst\u00e5l och finns i rostfritt st\u00e5l och keramiska varianter, ger 6308 lagret utm\u00e4rkt h\u00e5llbarhet, slitstyrka och korrosionsskydd. Det erbjuds i flera konfigurationer, inklusive \u00f6ppen typ, metallskydd (ZZ) och gummit\u00e4tning (2RS), vilket g\u00f6r att det kan fungera effektivt i olika industriella milj\u00f6er.<\/p>\n<p data-start=\"1086\" data-end=\"1267\">Tack vare sin robusta konstruktion och h\u00f6ga belastningskapacitet anv\u00e4nds 6308 lagret i stor utstr\u00e4ckning inom tung maskinvara, elektriska motorer, gruvutrustning och industriella transmissionssystem.<\/p>\n<h1 data-section-id=\"8av2ty\" data-start=\"1274\" data-end=\"1292\"><span role=\"text\"><strong data-start=\"1276\" data-end=\"1292\">Nyckelfunktioner<\/strong><\/span><\/h1>\n<ul data-start=\"1294\" data-end=\"1650\">\n<li data-section-id=\"bwqvck\" data-start=\"1294\" data-end=\"1344\">H\u00f6g belastningskapacitet f\u00f6r tunga till\u00e4mpningar<\/li>\n<li data-section-id=\"vw4nbe\" data-start=\"1345\" data-end=\"1397\">Smidig drift med l\u00e5g friktion och l\u00e5g ljudniv\u00e5<\/li>\n<li data-section-id=\"11wwjkv\" data-start=\"1398\" data-end=\"1461\">Finns i \u00d6ppen, ZZ (metallskydd) och 2RS (gummit\u00e4tning)<\/li>\n<li data-section-id=\"ll8nwg\" data-start=\"1462\" data-end=\"1505\">Stark h\u00e5llbarhet och l\u00e5ng livsl\u00e4ngd<\/li>\n<li data-section-id=\"1adeiig\" data-start=\"1506\" data-end=\"1561\">Utm\u00e4rkt motst\u00e5ndskraft mot slitage och tuffa milj\u00f6er<\/li>\n<li data-section-id=\"1799fsu\" data-start=\"1562\" data-end=\"1613\">Valfria material: rostfritt st\u00e5l och keramik<\/li>\n<li data-section-id=\"15114ml\" data-start=\"1614\" data-end=\"1650\">L\u00e4mplig f\u00f6r OEM och storleverans<\/li>\n<\/ul>\n<h1 data-section-id=\"10k15yz\" data-start=\"1657\" data-end=\"1687\"><span role=\"text\"><strong data-start=\"1659\" data-end=\"1687\">Tekniska specifikationer<\/strong><\/span><\/h1>\n<div class=\"TyagGW_tableContainer\">\n<div class=\"group TyagGW_tableWrapper flex flex-col-reverse w-fit\" tabindex=\"-1\">\n<table class=\"w-fit min-w-(--thread-content-width)\" data-start=\"1689\" data-end=\"2094\">\n<thead data-start=\"1689\" data-end=\"1710\">\n<tr data-start=\"1689\" data-end=\"1710\">\n<th class=\"\" data-start=\"1689\" data-end=\"1701\" data-col-size=\"sm\">Parameter<\/th>\n<th class=\"\" data-start=\"1701\" data-end=\"1710\" data-col-size=\"sm\">V\u00e4rde<\/th>\n<\/tr>\n<\/thead>\n<tbody data-start=\"1731\" data-end=\"2094\">\n<tr data-start=\"1731\" data-end=\"1755\">\n<td data-start=\"1731\" data-end=\"1747\" data-col-size=\"sm\">Lager Modell<\/td>\n<td data-col-size=\"sm\" data-start=\"1747\" data-end=\"1755\">6308<\/td>\n<\/tr>\n<tr data-start=\"1756\" data-end=\"1786\">\n<td data-start=\"1756\" data-end=\"1777\" data-col-size=\"sm\">Inre Diameter (d)<\/td>\n<td data-col-size=\"sm\" data-start=\"1777\" data-end=\"1786\">40 mm<\/td>\n<\/tr>\n<tr data-start=\"1787\" data-end=\"1817\">\n<td data-start=\"1787\" data-end=\"1808\" data-col-size=\"sm\">Yttre Diameter (D)<\/td>\n<td data-col-size=\"sm\" data-start=\"1808\" data-end=\"1817\">90 mm<\/td>\n<\/tr>\n<tr data-start=\"1818\" data-end=\"1839\">\n<td data-start=\"1818\" data-end=\"1830\" data-col-size=\"sm\">Bredd (B)<\/td>\n<td data-col-size=\"sm\" data-start=\"1830\" data-end=\"1839\">23 mm<\/td>\n<\/tr>\n<tr data-start=\"1840\" data-end=\"1895\">\n<td data-start=\"1840\" data-end=\"1851\" data-col-size=\"sm\">Material<\/td>\n<td data-col-size=\"sm\" data-start=\"1851\" data-end=\"1895\">Kromst\u00e5l \/ Rostfritt st\u00e5l \/ Keramik<\/td>\n<\/tr>\n<tr data-start=\"1896\" data-end=\"1937\">\n<td data-start=\"1896\" data-end=\"1912\" data-col-size=\"sm\">Korgmaterial<\/td>\n<td data-col-size=\"sm\" data-start=\"1912\" data-end=\"1937\">St\u00e5l \/ M\u00e4ssing \/ Nylon<\/td>\n<\/tr>\n<tr data-start=\"1938\" data-end=\"1972\">\n<td data-start=\"1938\" data-end=\"1953\" data-col-size=\"sm\">T\u00e4tnings typ<\/td>\n<td data-col-size=\"sm\" data-start=\"1953\" data-end=\"1972\">\u00d6ppen \/ ZZ \/ 2RS<\/td>\n<\/tr>\n<tr data-start=\"1973\" data-end=\"2020\">\n<td data-start=\"1973\" data-end=\"1992\" data-col-size=\"sm\">Precision Betyg<\/td>\n<td data-col-size=\"sm\" data-start=\"1992\" data-end=\"2020\">ABEC-1 \/ ABEC-3 \/ ABEC-5<\/td>\n<\/tr>\n<tr data-start=\"2021\" data-end=\"2051\">\n<td data-start=\"2021\" data-end=\"2035\" data-col-size=\"sm\">Sm\u00f6rjning<\/td>\n<td data-col-size=\"sm\" data-start=\"2035\" data-end=\"2051\">Fett \/ Olja<\/td>\n<\/tr>\n<tr data-start=\"2052\" data-end=\"2094\">\n<td data-start=\"2052\" data-end=\"2076\" data-col-size=\"sm\">Driftstemperatur<\/td>\n<td data-col-size=\"sm\" data-start=\"2076\" data-end=\"2094\">-20\u00b0C till 120\u00b0C<\/td>\n<\/tr>\n<\/tbody>\n<\/table>\n<\/div>\n<\/div>\n<h1 data-section-id=\"1p00fbj\" data-start=\"2101\" data-end=\"2119\"><span role=\"text\"><strong data-start=\"2103\" data-end=\"2119\">Till\u00e4mpningar<\/strong><\/span><\/h1>\n<p data-start=\"2121\" data-end=\"2173\">6308 djupsp\u00e5rslager anv\u00e4nds i stor utstr\u00e4ckning i:<\/p>\n<ul data-start=\"2175\" data-end=\"2370\">\n<li data-section-id=\"1s8l1ph\" data-start=\"2175\" data-end=\"2215\">Stora elektriska motorer och generatorer<\/li>\n<li data-section-id=\"q2883m\" data-start=\"2216\" data-end=\"2246\">Tung industriell maskinvara<\/li>\n<li data-section-id=\"i7ylry\" data-start=\"2247\" data-end=\"2284\">Gruv- och byggutrustning<\/li>\n<li data-section-id=\"15oirsh\" data-start=\"2285\" data-end=\"2323\">V\u00e4xell\u00e5dor och transmissionssystem<\/li>\n<li data-section-id=\"dl2tr4\" data-start=\"2324\" data-end=\"2349\">Pumpar och kompressorer<\/li>\n<li data-section-id=\"176s2ln\" data-start=\"2350\" data-end=\"2370\">Transportbandsystem<\/li>\n<\/ul>\n<h1 data-section-id=\"zdmnob\" data-start=\"2377\" data-end=\"2396\"><span role=\"text\"><strong data-start=\"2379\" data-end=\"2396\">Varf\u00f6r V\u00e4lja Oss<\/strong><\/span><\/h1>\n<ul data-start=\"2398\" data-end=\"2652\">\n<li data-section-id=\"e72s0b\" data-start=\"2398\" data-end=\"2458\">Fabriksleverans med stabil och konsekvent kvalitet<\/li>\n<li data-section-id=\"w8c53i\" data-start=\"2459\" data-end=\"2503\">OEM och anpassningstj\u00e4nster tillg\u00e4ngliga<\/li>\n<li data-section-id=\"b8nq5v\" data-start=\"2504\" data-end=\"2557\">Konkurrenskraftiga priser f\u00f6r stora och l\u00e5ngsiktiga best\u00e4llningar<\/li>\n<li data-section-id=\"1dhnpi9\" data-start=\"2558\" data-end=\"2600\">Snabb produktion och v\u00e4rldsomsp\u00e4nnande leverans<\/li>\n<li data-section-id=\"e7h9xh\" data-start=\"2601\" data-end=\"2652\">Strikta kvalitetsinspektions- och teststandarder<\/li>\n<\/ul>\n<h1 data-section-id=\"1iusff4\" data-start=\"2659\" data-end=\"2668\"><span role=\"text\"><strong data-start=\"2661\" data-end=\"2668\">Vanliga fr\u00e5gor<\/strong><\/span><\/h1>\n<p data-start=\"2670\" data-end=\"2890\"><strong data-start=\"2670\" data-end=\"2730\">Q1: Vad \u00e4r skillnaden mellan 6308-ZZ och 6308-2RS?<\/strong><br data-start=\"2730\" data-end=\"2733\" \/>A: 6308-ZZ anv\u00e4nder metallsk\u00f6ldar f\u00f6r h\u00f6gre hastighet och l\u00e4gre friktion, medan 6308-2RS anv\u00e4nder gummit\u00e4tningar f\u00f6r b\u00e4ttre t\u00e4tningsprestanda mot damm och fukt.<\/p>\n<p data-start=\"2892\" data-end=\"3067\"><strong data-start=\"2892\" data-end=\"2954\">Q2: Kan ni erbjuda tungtj\u00e4nst- eller h\u00f6gprecisionsversioner?<\/strong><br data-start=\"2954\" data-end=\"2957\" \/>A: Ja, vi erbjuder h\u00f6glast, h\u00f6gprecision och anpassade materialalternativ inklusive rostfritt st\u00e5l och keramik.<\/p>\n<p data-start=\"3069\" data-end=\"3232\"><strong data-start=\"3069\" data-end=\"3112\">Q3: St\u00f6der ni OEM och bulkbest\u00e4llningar?<\/strong><br data-start=\"3112\" data-end=\"3115\" \/>A: Ja, vi st\u00f6der OEM-tj\u00e4nster inklusive anpassade specifikationer, f\u00f6rpackning och varum\u00e4rkning f\u00f6r stora best\u00e4llningar.<\/p>","protected":false},"excerpt":{"rendered":"<p>Den <strong data-start=\"406\" data-end=\"439\">6308 Djupsp\u00e5rig kulager<\/strong> \u00e4r ett tungt lager designat f\u00f6r att hantera h\u00f6ga radiella laster och m\u00e5ttliga axiella laster i b\u00e5da riktningarna. Med djupa sp\u00e5r och precisionsbearbetade st\u00e5lkulor s\u00e4kerst\u00e4ller det smidig rotation, l\u00e5g friktion och p\u00e5litlig prestanda under kr\u00e4vande driftsf\u00f6rh\u00e5llanden.<\/p>","protected":false},"featured_media":2579,"comment_status":"open","ping_status":"closed","template":"","meta":{"site-sidebar-layout":"default","site-content-layout":"","ast-site-content-layout":"default","site-content-style":"default","site-sidebar-style":"default","ast-global-header-display":"","ast-banner-title-visibility":"","ast-main-header-display":"","ast-hfb-above-header-display":"","ast-hfb-below-header-display":"","ast-hfb-mobile-header-display":"","site-post-title":"","ast-breadcrumbs-content":"","ast-featured-img":"","footer-sml-layout":"","ast-disable-related-posts":"","theme-transparent-header-meta":"default","adv-header-id-meta":"","stick-header-meta":"default","header-above-stick-meta":"","header-main-stick-meta":"","header-below-stick-meta":"","astra-migrate-meta-layouts":"set","ast-page-background-enabled":"default","ast-page-background-meta":{"desktop":{"background-color":"","background-image":"","background-repeat":"repeat","background-position":"center center","background-size":"auto","background-attachment":"scroll","background-type":"","background-media":"","overlay-type":"","overlay-color":"","overlay-opacity":"","overlay-gradient":""},"tablet":{"background-color":"","background-image":"","background-repeat":"repeat","background-position":"center center","background-size":"auto","background-attachment":"scroll","background-type":"","background-media":"","overlay-type":"","overlay-color":"","overlay-opacity":"","overlay-gradient":""},"mobile":{"background-color":"","background-image":"","background-repeat":"repeat","background-position":"center center","background-size":"auto","background-attachment":"scroll","background-type":"","background-media":"","overlay-type":"","overlay-color":"","overlay-opacity":"","overlay-gradient":""}},"ast-content-background-meta":{"desktop":{"background-color":"var(--ast-global-color-5)","background-image":"","background-repeat":"repeat","background-position":"center center","background-size":"auto","background-attachment":"scroll","background-type":"","background-media":"","overlay-type":"","overlay-color":"","overlay-opacity":"","overlay-gradient":""},"tablet":{"background-color":"var(--ast-global-color-5)","background-image":"","background-repeat":"repeat","background-position":"center center","background-size":"auto","background-attachment":"scroll","background-type":"","background-media":"","overlay-type":"","overlay-color":"","overlay-opacity":"","overlay-gradient":""},"mobile":{"background-color":"var(--ast-global-color-5)","background-image":"","background-repeat":"repeat","background-position":"center center","background-size":"auto","background-attachment":"scroll","background-type":"","background-media":"","overlay-type":"","overlay-color":"","overlay-opacity":"","overlay-gradient":""}}},"product_brand":[],"product_cat":[15],"product_tag":[55,53,54,41,33,56,51,45,57,38],"class_list":{"0":"post-2371","1":"product","2":"type-product","3":"status-publish","4":"has-post-thumbnail","6":"product_cat-deep-groove-ball-bearings","7":"product_tag-6308-2rs-bearing","8":"product_tag-6308-bearing","9":"product_tag-6308-zz-bearing","10":"product_tag-bearing-manufacturer","11":"product_tag-deep-groove-ball-bearing","12":"product_tag-heavy-duty-bearing","13":"product_tag-high-load-bearing","14":"product_tag-industrial-bearing","15":"product_tag-large-size-bearing","16":"product_tag-motor-bearing","17":"desktop-align-left","18":"tablet-align-left","19":"mobile-align-left","20":"ast-product-gallery-layout-horizontal-slider","21":"ast-product-gallery-with-no-image","22":"ast-product-tabs-layout-horizontal","24":"first","25":"instock","26":"shipping-taxable","27":"product-type-simple"},"_links":{"self":[{"href":"https:\/\/www.machinerybearings.com\/sv\/wp-json\/wp\/v2\/product\/2371","targetHints":{"allow":["GET"]}}],"collection":[{"href":"https:\/\/www.machinerybearings.com\/sv\/wp-json\/wp\/v2\/product"}],"about":[{"href":"https:\/\/www.machinerybearings.com\/sv\/wp-json\/wp\/v2\/types\/product"}],"replies":[{"embeddable":true,"href":"https:\/\/www.machinerybearings.com\/sv\/wp-json\/wp\/v2\/comments?post=2371"}],"wp:featuredmedia":[{"embeddable":true,"href":"https:\/\/www.machinerybearings.com\/sv\/wp-json\/wp\/v2\/media\/2579"}],"wp:attachment":[{"href":"https:\/\/www.machinerybearings.com\/sv\/wp-json\/wp\/v2\/media?parent=2371"}],"wp:term":[{"taxonomy":"product_brand","embeddable":true,"href":"https:\/\/www.machinerybearings.com\/sv\/wp-json\/wp\/v2\/product_brand?post=2371"},{"taxonomy":"product_cat","embeddable":true,"href":"https:\/\/www.machinerybearings.com\/sv\/wp-json\/wp\/v2\/product_cat?post=2371"},{"taxonomy":"product_tag","embeddable":true,"href":"https:\/\/www.machinerybearings.com\/sv\/wp-json\/wp\/v2\/product_tag?post=2371"}],"curies":[{"name":"wp","href":"https:\/\/api.w.org\/{rel}","templated":true}]}}