{"id":2372,"date":"2026-04-11T16:12:43","date_gmt":"2026-04-11T16:12:43","guid":{"rendered":"https:\/\/www.machinerybearings.com\/?post_type=product&#038;p=2372"},"modified":"2026-05-03T06:16:02","modified_gmt":"2026-05-03T06:16:02","slug":"16010-thin-section-deep-groove-ball-bearing-lightweight-large-diameter-bearing-for-industrial-applications","status":"publish","type":"product","link":"https:\/\/www.machinerybearings.com\/sv\/produkt\/16010-thin-section-deep-groove-ball-bearing-lightweight-large-diameter-bearing-for-industrial-applications\/","title":{"rendered":"16010 Tunn sektion djupsp\u00e5rskulager \u2013 L\u00e4ttviktslager med stor diameter f\u00f6r industriella applikationer"},"content":{"rendered":"<p data-start=\"419\" data-end=\"755\">Den <strong data-start=\"423\" data-end=\"470\">16010 Tunn sektion djup sp\u00e5rkullager<\/strong> \u00e4r designad f\u00f6r applikationer som kr\u00e4ver en kompakt tv\u00e4rsnitt kombinerat med en relativt stor inre och yttre diameter. Med sin smala profil och optimerad intern geometri erbjuder den minskad vikt, l\u00e4gre friktion och effektivt utrymmesutnyttjande utan att kompromissa med prestanda.<\/p>\n<p data-start=\"757\" data-end=\"1053\">Tillverkat av h\u00f6gkvalitativt kromst\u00e5l, och tillg\u00e4ngligt i rostfritt st\u00e5l och keramikalternativ, ger 16010 lagret utm\u00e4rkt h\u00e5llbarhet, korrosionsbest\u00e4ndighet och smidig drift. Dess djupa sp\u00e5rdesign g\u00f6r att det kan st\u00f6dja b\u00e5de radiella laster och l\u00e4tta axiella laster i b\u00e5da riktningarna.<\/p>\n<p data-start=\"1055\" data-end=\"1292\">Finns i \u00f6ppen typ, metallskydd (ZZ) och gummit\u00e4tning (2RS) konfigurationer, \u00e4r 16010 tunn sektion lager l\u00e4mplig f\u00f6r ett brett spektrum av industriella milj\u00f6er, s\u00e4rskilt d\u00e4r utrymmesbesparande och l\u00e4ttviktsdesign \u00e4r avg\u00f6rande.<\/p>\n<h1 data-section-id=\"8av2ty\" data-start=\"1299\" data-end=\"1317\"><span role=\"text\"><strong data-start=\"1301\" data-end=\"1317\">Nyckelfunktioner<\/strong><\/span><\/h1>\n<ul data-start=\"1319\" data-end=\"1682\">\n<li data-section-id=\"1ck2v1g\" data-start=\"1319\" data-end=\"1378\">Tunn tv\u00e4rsnittsdesign f\u00f6r utrymmesbesparande applikationer<\/li>\n<li data-section-id=\"1qqsaq8\" data-start=\"1379\" data-end=\"1436\">L\u00e4ttviktsstruktur med minskad rotationsinerti<\/li>\n<li data-section-id=\"1bkzhsf\" data-start=\"1437\" data-end=\"1474\">Smidig och l\u00e5gfriktionsdrift<\/li>\n<li data-section-id=\"46y8gf\" data-start=\"1475\" data-end=\"1522\">St\u00f6der radiella laster och l\u00e4tta axiella laster<\/li>\n<li data-section-id=\"97kjp5\" data-start=\"1523\" data-end=\"1572\">Finns i \u00d6ppen, ZZ och 2RS konfigurationer<\/li>\n<li data-section-id=\"1799fsu\" data-start=\"1573\" data-end=\"1624\">Valfria material: rostfritt st\u00e5l och keramik<\/li>\n<li data-section-id=\"mm83ej\" data-start=\"1625\" data-end=\"1682\">L\u00e4mplig f\u00f6r precisionsutrustning och OEM-applikationer<\/li>\n<\/ul>\n<h1 data-section-id=\"10k15yz\" data-start=\"1689\" data-end=\"1719\"><span role=\"text\"><strong data-start=\"1691\" data-end=\"1719\">Tekniska specifikationer<\/strong><\/span><\/h1>\n<div class=\"TyagGW_tableContainer\">\n<div class=\"group TyagGW_tableWrapper flex flex-col-reverse w-fit\" tabindex=\"-1\">\n<table class=\"w-fit min-w-(--thread-content-width)\" data-start=\"1721\" data-end=\"2119\">\n<thead data-start=\"1721\" data-end=\"1742\">\n<tr data-start=\"1721\" data-end=\"1742\">\n<th class=\"\" data-start=\"1721\" data-end=\"1733\" data-col-size=\"sm\">Parameter<\/th>\n<th class=\"\" data-start=\"1733\" data-end=\"1742\" data-col-size=\"sm\">V\u00e4rde<\/th>\n<\/tr>\n<\/thead>\n<tbody data-start=\"1763\" data-end=\"2119\">\n<tr data-start=\"1763\" data-end=\"1788\">\n<td data-start=\"1763\" data-end=\"1779\" data-col-size=\"sm\">Lager Modell<\/td>\n<td data-start=\"1779\" data-end=\"1788\" data-col-size=\"sm\">16010<\/td>\n<\/tr>\n<tr data-start=\"1789\" data-end=\"1819\">\n<td data-start=\"1789\" data-end=\"1810\" data-col-size=\"sm\">Inre Diameter (d)<\/td>\n<td data-start=\"1810\" data-end=\"1819\" data-col-size=\"sm\">50 mm<\/td>\n<\/tr>\n<tr data-start=\"1820\" data-end=\"1850\">\n<td data-start=\"1820\" data-end=\"1841\" data-col-size=\"sm\">Yttre Diameter (D)<\/td>\n<td data-col-size=\"sm\" data-start=\"1841\" data-end=\"1850\">80 mm<\/td>\n<\/tr>\n<tr data-start=\"1851\" data-end=\"1872\">\n<td data-start=\"1851\" data-end=\"1863\" data-col-size=\"sm\">Bredd (B)<\/td>\n<td data-col-size=\"sm\" data-start=\"1863\" data-end=\"1872\">10 mm<\/td>\n<\/tr>\n<tr data-start=\"1873\" data-end=\"1928\">\n<td data-start=\"1873\" data-end=\"1884\" data-col-size=\"sm\">Material<\/td>\n<td data-col-size=\"sm\" data-start=\"1884\" data-end=\"1928\">Kromst\u00e5l \/ Rostfritt st\u00e5l \/ Keramik<\/td>\n<\/tr>\n<tr data-start=\"1929\" data-end=\"1962\">\n<td data-start=\"1929\" data-end=\"1945\" data-col-size=\"sm\">Korgmaterial<\/td>\n<td data-col-size=\"sm\" data-start=\"1945\" data-end=\"1962\">St\u00e5l \/ Nylon<\/td>\n<\/tr>\n<tr data-start=\"1963\" data-end=\"1997\">\n<td data-start=\"1963\" data-end=\"1978\" data-col-size=\"sm\">T\u00e4tnings typ<\/td>\n<td data-start=\"1978\" data-end=\"1997\" data-col-size=\"sm\">\u00d6ppen \/ ZZ \/ 2RS<\/td>\n<\/tr>\n<tr data-start=\"1998\" data-end=\"2045\">\n<td data-start=\"1998\" data-end=\"2017\" data-col-size=\"sm\">Precision Betyg<\/td>\n<td data-col-size=\"sm\" data-start=\"2017\" data-end=\"2045\">ABEC-1 \/ ABEC-3 \/ ABEC-5<\/td>\n<\/tr>\n<tr data-start=\"2046\" data-end=\"2076\">\n<td data-start=\"2046\" data-end=\"2060\" data-col-size=\"sm\">Sm\u00f6rjning<\/td>\n<td data-col-size=\"sm\" data-start=\"2060\" data-end=\"2076\">Fett \/ Olja<\/td>\n<\/tr>\n<tr data-start=\"2077\" data-end=\"2119\">\n<td data-start=\"2077\" data-end=\"2101\" data-col-size=\"sm\">Driftstemperatur<\/td>\n<td data-col-size=\"sm\" data-start=\"2101\" data-end=\"2119\">-20\u00b0C till 120\u00b0C<\/td>\n<\/tr>\n<\/tbody>\n<\/table>\n<\/div>\n<\/div>\n<h1 data-section-id=\"1p00fbj\" data-start=\"2126\" data-end=\"2144\"><span role=\"text\"><strong data-start=\"2128\" data-end=\"2144\">Till\u00e4mpningar<\/strong><\/span><\/h1>\n<p data-start=\"2146\" data-end=\"2200\">16010 tunna sektion kullager anv\u00e4nds i stor utstr\u00e4ckning i:<\/p>\n<ul data-start=\"2202\" data-end=\"2400\">\n<li data-section-id=\"atmlbz\" data-start=\"2202\" data-end=\"2238\">L\u00e4ttvikts industriell maskineri<\/li>\n<li data-section-id=\"1q02707\" data-start=\"2239\" data-end=\"2274\">Robotik och automationssystem<\/li>\n<li data-section-id=\"kh47jd\" data-start=\"2275\" data-end=\"2296\">Medicinsk utrustning<\/li>\n<li data-section-id=\"1tqjc7s\" data-start=\"2297\" data-end=\"2322\">Precisioninstrument<\/li>\n<li data-section-id=\"1170ol2\" data-start=\"2323\" data-end=\"2360\">Transport- och transmissionssystem<\/li>\n<li data-section-id=\"pjwe9y\" data-start=\"2361\" data-end=\"2400\">Utrymmesbegr\u00e4nsade mekaniska sammanst\u00e4llningar<\/li>\n<\/ul>\n<h1 data-section-id=\"zdmnob\" data-start=\"2407\" data-end=\"2426\"><span role=\"text\"><strong data-start=\"2409\" data-end=\"2426\">Varf\u00f6r V\u00e4lja Oss<\/strong><\/span><\/h1>\n<ul data-start=\"2428\" data-end=\"2639\">\n<li data-section-id=\"xx8vmd\" data-start=\"2428\" data-end=\"2475\">Direkt fabrikstillf\u00f6rsel med p\u00e5litlig kvalitet<\/li>\n<li data-section-id=\"ary9wy\" data-start=\"2476\" data-end=\"2520\">OEM och skr\u00e4ddarsydda design tj\u00e4nster tillg\u00e4ngliga<\/li>\n<li data-section-id=\"18yrkc1\" data-start=\"2521\" data-end=\"2560\">Konkurrenskraftiga priser f\u00f6r bulkbest\u00e4llningar<\/li>\n<li data-section-id=\"1x678vr\" data-start=\"2561\" data-end=\"2600\">Snabb produktion och global leverans<\/li>\n<li data-section-id=\"1oidmxg\" data-start=\"2601\" data-end=\"2639\">Strikt kvalitetskontroll och testning<\/li>\n<\/ul>\n<h1 data-section-id=\"1iusff4\" data-start=\"2646\" data-end=\"2655\"><span role=\"text\"><strong data-start=\"2648\" data-end=\"2655\">Vanliga fr\u00e5gor<\/strong><\/span><\/h1>\n<p data-start=\"2657\" data-end=\"2876\"><strong data-start=\"2657\" data-end=\"2731\">Q1: Vad g\u00f6r tunna sektion kullager olika fr\u00e5n standardkullager?<\/strong><br data-start=\"2731\" data-end=\"2734\" \/>A: Tunna sektion kullager har en minskad tv\u00e4rsnitt, vilket m\u00f6jligg\u00f6r l\u00e4ttare vikt och utrymmesbesparande design samtidigt som de bibeh\u00e5ller god prestanda.<\/p>\n<p data-start=\"2878\" data-end=\"3062\"><strong data-start=\"2878\" data-end=\"2947\">Q2: Kan ni erbjuda rostfria eller keramiska versioner av 16010?<\/strong><br data-start=\"2947\" data-end=\"2950\" \/>A: Ja, vi erbjuder rostfria och keramiska alternativ f\u00f6r korrosionsbest\u00e4ndighet och h\u00f6gpresterande applikationer.<\/p>\n<p data-start=\"3064\" data-end=\"3201\"><strong data-start=\"3064\" data-end=\"3116\">Q3: St\u00f6der ni anpassning och OEM-best\u00e4llningar?<\/strong><br data-start=\"3116\" data-end=\"3119\" \/>A: Ja, vi st\u00f6der anpassade dimensioner, material och varum\u00e4rkning f\u00f6r bulkbest\u00e4llningar.<\/p>","protected":false},"excerpt":{"rendered":"<p>Den <strong data-start=\"423\" data-end=\"470\">16010 Tunn sektion djup sp\u00e5rkullager<\/strong> \u00e4r designad f\u00f6r applikationer som kr\u00e4ver en kompakt tv\u00e4rsnitt kombinerat med en relativt stor inre och yttre diameter. Med sin smala profil och optimerad intern geometri erbjuder den minskad vikt, l\u00e4gre friktion och effektivt utrymmesutnyttjande utan att kompromissa med prestanda.<\/p>","protected":false},"featured_media":2542,"comment_status":"open","ping_status":"closed","template":"","meta":{"site-sidebar-layout":"default","site-content-layout":"","ast-site-content-layout":"default","site-content-style":"default","site-sidebar-style":"default","ast-global-header-display":"","ast-banner-title-visibility":"","ast-main-header-display":"","ast-hfb-above-header-display":"","ast-hfb-below-header-display":"","ast-hfb-mobile-header-display":"","site-post-title":"","ast-breadcrumbs-content":"","ast-featured-img":"","footer-sml-layout":"","ast-disable-related-posts":"","theme-transparent-header-meta":"default","adv-header-id-meta":"","stick-header-meta":"default","header-above-stick-meta":"","header-main-stick-meta":"","header-below-stick-meta":"","astra-migrate-meta-layouts":"set","ast-page-background-enabled":"default","ast-page-background-meta":{"desktop":{"background-color":"","background-image":"","background-repeat":"repeat","background-position":"center center","background-size":"auto","background-attachment":"scroll","background-type":"","background-media":"","overlay-type":"","overlay-color":"","overlay-opacity":"","overlay-gradient":""},"tablet":{"background-color":"","background-image":"","background-repeat":"repeat","background-position":"center center","background-size":"auto","background-attachment":"scroll","background-type":"","background-media":"","overlay-type":"","overlay-color":"","overlay-opacity":"","overlay-gradient":""},"mobile":{"background-color":"","background-image":"","background-repeat":"repeat","background-position":"center center","background-size":"auto","background-attachment":"scroll","background-type":"","background-media":"","overlay-type":"","overlay-color":"","overlay-opacity":"","overlay-gradient":""}},"ast-content-background-meta":{"desktop":{"background-color":"var(--ast-global-color-5)","background-image":"","background-repeat":"repeat","background-position":"center center","background-size":"auto","background-attachment":"scroll","background-type":"","background-media":"","overlay-type":"","overlay-color":"","overlay-opacity":"","overlay-gradient":""},"tablet":{"background-color":"var(--ast-global-color-5)","background-image":"","background-repeat":"repeat","background-position":"center center","background-size":"auto","background-attachment":"scroll","background-type":"","background-media":"","overlay-type":"","overlay-color":"","overlay-opacity":"","overlay-gradient":""},"mobile":{"background-color":"var(--ast-global-color-5)","background-image":"","background-repeat":"repeat","background-position":"center center","background-size":"auto","background-attachment":"scroll","background-type":"","background-media":"","overlay-type":"","overlay-color":"","overlay-opacity":"","overlay-gradient":""}}},"product_brand":[],"product_cat":[15],"product_tag":[58,46,33,45,62,61,47,63,60,59],"class_list":{"0":"post-2372","1":"product","2":"type-product","3":"status-publish","4":"has-post-thumbnail","6":"product_cat-deep-groove-ball-bearings","7":"product_tag-16010-bearing","8":"product_tag-bearing-supplier","9":"product_tag-deep-groove-ball-bearing","10":"product_tag-industrial-bearing","11":"product_tag-large-diameter-bearing","12":"product_tag-lightweight-bearing","13":"product_tag-oem-bearing-manufacturer","14":"product_tag-precision-bearing","15":"product_tag-slim-bearing","16":"product_tag-thin-section-ball-bearing","17":"desktop-align-left","18":"tablet-align-left","19":"mobile-align-left","20":"ast-product-gallery-layout-horizontal-slider","21":"ast-product-gallery-with-no-image","22":"ast-product-tabs-layout-horizontal","24":"first","25":"instock","26":"shipping-taxable","27":"product-type-simple"},"_links":{"self":[{"href":"https:\/\/www.machinerybearings.com\/sv\/wp-json\/wp\/v2\/product\/2372","targetHints":{"allow":["GET"]}}],"collection":[{"href":"https:\/\/www.machinerybearings.com\/sv\/wp-json\/wp\/v2\/product"}],"about":[{"href":"https:\/\/www.machinerybearings.com\/sv\/wp-json\/wp\/v2\/types\/product"}],"replies":[{"embeddable":true,"href":"https:\/\/www.machinerybearings.com\/sv\/wp-json\/wp\/v2\/comments?post=2372"}],"wp:featuredmedia":[{"embeddable":true,"href":"https:\/\/www.machinerybearings.com\/sv\/wp-json\/wp\/v2\/media\/2542"}],"wp:attachment":[{"href":"https:\/\/www.machinerybearings.com\/sv\/wp-json\/wp\/v2\/media?parent=2372"}],"wp:term":[{"taxonomy":"product_brand","embeddable":true,"href":"https:\/\/www.machinerybearings.com\/sv\/wp-json\/wp\/v2\/product_brand?post=2372"},{"taxonomy":"product_cat","embeddable":true,"href":"https:\/\/www.machinerybearings.com\/sv\/wp-json\/wp\/v2\/product_cat?post=2372"},{"taxonomy":"product_tag","embeddable":true,"href":"https:\/\/www.machinerybearings.com\/sv\/wp-json\/wp\/v2\/product_tag?post=2372"}],"curies":[{"name":"wp","href":"https:\/\/api.w.org\/{rel}","templated":true}]}}