{"id":2378,"date":"2026-04-11T16:37:12","date_gmt":"2026-04-11T16:37:12","guid":{"rendered":"https:\/\/www.machinerybearings.com\/?post_type=product&#038;p=2378"},"modified":"2026-05-04T11:30:24","modified_gmt":"2026-05-04T11:30:24","slug":"6205-zz-metal-shield-deep-groove-ball-bearing-high-speed-low-noise-motor-bearing","status":"publish","type":"product","link":"https:\/\/www.machinerybearings.com\/sv\/produkt\/6205-zz-metal-shield-deep-groove-ball-bearing-high-speed-low-noise-motor-bearing\/","title":{"rendered":"6205-ZZ Metallskyddad djupsp\u00e5rskullager \u2013 H\u00f6g hastighet L\u00e5g ljudmotorlager"},"content":{"rendered":"<p data-start=\"381\" data-end=\"697\">Den <strong data-start=\"385\" data-end=\"434\">6205-ZZ Metal Shield Deep Groove Ball Bearing<\/strong> is designed for high-speed applications requiring low friction and reliable performance. Featuring double-sided metal shields (ZZ), it provides basic protection against dust and debris while maintaining higher rotational speed compared to rubber sealed bearings.<\/p>\n<p data-start=\"699\" data-end=\"1002\">With precision-machined raceways and high-quality steel balls, the 6205-ZZ bearing ensures smooth operation, low noise, and consistent performance under both radial loads and moderate axial loads. It is pre-lubricated with high-grade grease, reducing maintenance requirements and extending service life.<\/p>\n<p data-start=\"1004\" data-end=\"1207\">Manufactured from premium chrome steel, and available in stainless steel and ceramic options, the 6205-ZZ bearing is ideal for applications where speed and efficiency are more critical than full sealing.<\/p>\n<h1 data-section-id=\"8av2ty\" data-start=\"1214\" data-end=\"1232\"><span role=\"text\"><strong data-start=\"1216\" data-end=\"1232\">Nyckelfunktioner<\/strong><\/span><\/h1>\n<ul data-start=\"1234\" data-end=\"1585\">\n<li data-section-id=\"pjg7at\" data-start=\"1234\" data-end=\"1305\">Double metal shields (ZZ) for light protection against contaminants<\/li>\n<li data-section-id=\"ceobeo\" data-start=\"1306\" data-end=\"1350\">H\u00f6g hastighetsprestanda med l\u00e5g friktion<\/li>\n<li data-section-id=\"1dsyadz\" data-start=\"1351\" data-end=\"1393\">Pre-lubricated for reduced maintenance<\/li>\n<li data-section-id=\"egfxbj\" data-start=\"1394\" data-end=\"1442\">Smooth rotation with low noise and vibration<\/li>\n<li data-section-id=\"1nj7ysv\" data-start=\"1443\" data-end=\"1490\">H\u00e5llbar konstruktion med l\u00e5ng livsl\u00e4ngd<\/li>\n<li data-section-id=\"1799fsu\" data-start=\"1491\" data-end=\"1542\">Valfria material: rostfritt st\u00e5l och keramik<\/li>\n<li data-section-id=\"clgvyv\" data-start=\"1543\" data-end=\"1585\">Suitable for OEM and bulk applications<\/li>\n<\/ul>\n<h1 data-section-id=\"10k15yz\" data-start=\"1592\" data-end=\"1622\"><span role=\"text\"><strong data-start=\"1594\" data-end=\"1622\">Tekniska specifikationer<\/strong><\/span><\/h1>\n<div class=\"TyagGW_tableContainer\">\n<div class=\"group TyagGW_tableWrapper flex flex-col-reverse w-fit\" tabindex=\"-1\">\n<table class=\"w-fit min-w-(--thread-content-width)\" data-start=\"1624\" data-end=\"2025\">\n<thead data-start=\"1624\" data-end=\"1645\">\n<tr data-start=\"1624\" data-end=\"1645\">\n<th class=\"\" data-start=\"1624\" data-end=\"1636\" data-col-size=\"sm\">Parameter<\/th>\n<th class=\"\" data-start=\"1636\" data-end=\"1645\" data-col-size=\"sm\">V\u00e4rde<\/th>\n<\/tr>\n<\/thead>\n<tbody data-start=\"1666\" data-end=\"2025\">\n<tr data-start=\"1666\" data-end=\"1693\">\n<td data-start=\"1666\" data-end=\"1682\" data-col-size=\"sm\">Lager Modell<\/td>\n<td data-start=\"1682\" data-end=\"1693\" data-col-size=\"sm\">6205-ZZ<\/td>\n<\/tr>\n<tr data-start=\"1694\" data-end=\"1724\">\n<td data-start=\"1694\" data-end=\"1715\" data-col-size=\"sm\">Inre Diameter (d)<\/td>\n<td data-start=\"1715\" data-end=\"1724\" data-col-size=\"sm\">25 mm<\/td>\n<\/tr>\n<tr data-start=\"1725\" data-end=\"1755\">\n<td data-start=\"1725\" data-end=\"1746\" data-col-size=\"sm\">Yttre Diameter (D)<\/td>\n<td data-start=\"1746\" data-end=\"1755\" data-col-size=\"sm\">52 mm<\/td>\n<\/tr>\n<tr data-start=\"1756\" data-end=\"1777\">\n<td data-start=\"1756\" data-end=\"1768\" data-col-size=\"sm\">Bredd (B)<\/td>\n<td data-start=\"1768\" data-end=\"1777\" data-col-size=\"sm\">15 mm<\/td>\n<\/tr>\n<tr data-start=\"1778\" data-end=\"1833\">\n<td data-start=\"1778\" data-end=\"1789\" data-col-size=\"sm\">Material<\/td>\n<td data-start=\"1789\" data-end=\"1833\" data-col-size=\"sm\">Kromst\u00e5l \/ Rostfritt st\u00e5l \/ Keramik<\/td>\n<\/tr>\n<tr data-start=\"1834\" data-end=\"1867\">\n<td data-start=\"1834\" data-end=\"1850\" data-col-size=\"sm\">Korgmaterial<\/td>\n<td data-start=\"1850\" data-end=\"1867\" data-col-size=\"sm\">St\u00e5l \/ Nylon<\/td>\n<\/tr>\n<tr data-start=\"1868\" data-end=\"1904\">\n<td data-start=\"1868\" data-end=\"1883\" data-col-size=\"sm\">T\u00e4tnings typ<\/td>\n<td data-start=\"1883\" data-end=\"1904\" data-col-size=\"sm\">Metal Shield (ZZ)<\/td>\n<\/tr>\n<tr data-start=\"1905\" data-end=\"1934\">\n<td data-start=\"1905\" data-end=\"1919\" data-col-size=\"sm\">Sm\u00f6rjning<\/td>\n<td data-start=\"1919\" data-end=\"1934\" data-col-size=\"sm\">F\u00f6rsmord<\/td>\n<\/tr>\n<tr data-start=\"1935\" data-end=\"1982\">\n<td data-start=\"1935\" data-end=\"1954\" data-col-size=\"sm\">Precision Betyg<\/td>\n<td data-start=\"1954\" data-end=\"1982\" data-col-size=\"sm\">ABEC-1 \/ ABEC-3 \/ ABEC-5<\/td>\n<\/tr>\n<tr data-start=\"1983\" data-end=\"2025\">\n<td data-start=\"1983\" data-end=\"2007\" data-col-size=\"sm\">Driftstemperatur<\/td>\n<td data-start=\"2007\" data-end=\"2025\" data-col-size=\"sm\">-20\u00b0C till 120\u00b0C<\/td>\n<\/tr>\n<\/tbody>\n<\/table>\n<\/div>\n<\/div>\n<h1 data-section-id=\"1p00fbj\" data-start=\"2032\" data-end=\"2050\"><span role=\"text\"><strong data-start=\"2034\" data-end=\"2050\">Till\u00e4mpningar<\/strong><\/span><\/h1>\n<p data-start=\"2052\" data-end=\"2099\">The 6205-ZZ shielded bearing is widely used in:<\/p>\n<ul data-start=\"2101\" data-end=\"2281\">\n<li data-section-id=\"19ja8o\" data-start=\"2101\" data-end=\"2135\">Elektriska motorer och generatorer<\/li>\n<li data-section-id=\"646cyz\" data-start=\"2136\" data-end=\"2156\">Fl\u00e4ktar och bl\u00e5smaskiner<\/li>\n<li data-section-id=\"15oirsh\" data-start=\"2157\" data-end=\"2195\">V\u00e4xell\u00e5dor och transmissionssystem<\/li>\n<li data-section-id=\"1me5um2\" data-start=\"2196\" data-end=\"2231\">Industrial automation equipment<\/li>\n<li data-section-id=\"wiznod\" data-start=\"2232\" data-end=\"2256\">Household appliances<\/li>\n<li data-section-id=\"1ij7gci\" data-start=\"2257\" data-end=\"2281\">High-speed machinery<\/li>\n<\/ul>\n<h1 data-section-id=\"zdmnob\" data-start=\"2288\" data-end=\"2307\"><span role=\"text\"><strong data-start=\"2290\" data-end=\"2307\">Varf\u00f6r V\u00e4lja Oss<\/strong><\/span><\/h1>\n<ul data-start=\"2309\" data-end=\"2528\">\n<li data-section-id=\"cgme99\" data-start=\"2309\" data-end=\"2358\">Direct factory supply with consistent quality<\/li>\n<li data-section-id=\"w8c53i\" data-start=\"2359\" data-end=\"2403\">OEM och anpassningstj\u00e4nster tillg\u00e4ngliga<\/li>\n<li data-section-id=\"18yrkc1\" data-start=\"2404\" data-end=\"2443\">Konkurrenskraftiga priser f\u00f6r bulkbest\u00e4llningar<\/li>\n<li data-section-id=\"11mz7n3\" data-start=\"2444\" data-end=\"2486\">Fast production and worldwide shipping<\/li>\n<li data-section-id=\"1w1qi25\" data-start=\"2487\" data-end=\"2528\">Str\u00e4ng kvalitetsinspektion och testning<\/li>\n<\/ul>\n<h1 data-section-id=\"1iusff4\" data-start=\"2535\" data-end=\"2544\"><span role=\"text\"><strong data-start=\"2537\" data-end=\"2544\">Vanliga fr\u00e5gor<\/strong><\/span><\/h1>\n<p data-start=\"2546\" data-end=\"2763\"><strong data-start=\"2546\" data-end=\"2606\">Q1: Vad \u00e4r skillnaden mellan 6205-ZZ och 6205-2RS?<\/strong><br data-start=\"2606\" data-end=\"2609\" \/>A: 6205-ZZ uses metal shields, offering lower friction and higher speed, while 6205-2RS uses rubber seals for better protection against dust and moisture.<\/p>\n<p data-start=\"2765\" data-end=\"2931\"><strong data-start=\"2765\" data-end=\"2833\">Q2: Is the 6205-ZZ bearing suitable for high-speed applications?<\/strong><br data-start=\"2833\" data-end=\"2836\" \/>A: Yes, it is specifically designed for higher speed operation due to reduced sealing friction.<\/p>\n<p data-start=\"2933\" data-end=\"3091\"><strong data-start=\"2933\" data-end=\"2990\">Q3: Can you provide custom materials or OEM services?<\/strong><br data-start=\"2990\" data-end=\"2993\" \/>A: Yes, we support stainless steel, ceramic materials, and full OEM customization for bulk orders.<\/p>","protected":false},"excerpt":{"rendered":"<p>Den <strong data-start=\"385\" data-end=\"434\">6205-ZZ Metal Shield Deep Groove Ball Bearing<\/strong> is designed for high-speed applications requiring low friction and reliable performance. Featuring double-sided metal shields (ZZ), it provides basic protection against dust and debris while maintaining higher rotational speed compared to rubber sealed bearings.<\/p>","protected":false},"featured_media":2578,"comment_status":"open","ping_status":"closed","template":"","meta":{"site-sidebar-layout":"default","site-content-layout":"","ast-site-content-layout":"default","site-content-style":"default","site-sidebar-style":"default","ast-global-header-display":"","ast-banner-title-visibility":"","ast-main-header-display":"","ast-hfb-above-header-display":"","ast-hfb-below-header-display":"","ast-hfb-mobile-header-display":"","site-post-title":"","ast-breadcrumbs-content":"","ast-featured-img":"","footer-sml-layout":"","ast-disable-related-posts":"","theme-transparent-header-meta":"default","adv-header-id-meta":"","stick-header-meta":"default","header-above-stick-meta":"","header-main-stick-meta":"","header-below-stick-meta":"","astra-migrate-meta-layouts":"set","ast-page-background-enabled":"default","ast-page-background-meta":{"desktop":{"background-color":"","background-image":"","background-repeat":"repeat","background-position":"center center","background-size":"auto","background-attachment":"scroll","background-type":"","background-media":"","overlay-type":"","overlay-color":"","overlay-opacity":"","overlay-gradient":""},"tablet":{"background-color":"","background-image":"","background-repeat":"repeat","background-position":"center center","background-size":"auto","background-attachment":"scroll","background-type":"","background-media":"","overlay-type":"","overlay-color":"","overlay-opacity":"","overlay-gradient":""},"mobile":{"background-color":"","background-image":"","background-repeat":"repeat","background-position":"center center","background-size":"auto","background-attachment":"scroll","background-type":"","background-media":"","overlay-type":"","overlay-color":"","overlay-opacity":"","overlay-gradient":""}},"ast-content-background-meta":{"desktop":{"background-color":"var(--ast-global-color-5)","background-image":"","background-repeat":"repeat","background-position":"center center","background-size":"auto","background-attachment":"scroll","background-type":"","background-media":"","overlay-type":"","overlay-color":"","overlay-opacity":"","overlay-gradient":""},"tablet":{"background-color":"var(--ast-global-color-5)","background-image":"","background-repeat":"repeat","background-position":"center center","background-size":"auto","background-attachment":"scroll","background-type":"","background-media":"","overlay-type":"","overlay-color":"","overlay-opacity":"","overlay-gradient":""},"mobile":{"background-color":"var(--ast-global-color-5)","background-image":"","background-repeat":"repeat","background-position":"center center","background-size":"auto","background-attachment":"scroll","background-type":"","background-media":"","overlay-type":"","overlay-color":"","overlay-opacity":"","overlay-gradient":""}}},"product_brand":[],"product_cat":[15],"product_tag":[],"class_list":{"0":"post-2378","1":"product","2":"type-product","3":"status-publish","4":"has-post-thumbnail","6":"product_cat-deep-groove-ball-bearings","7":"desktop-align-left","8":"tablet-align-left","9":"mobile-align-left","10":"ast-product-gallery-layout-horizontal-slider","11":"ast-product-gallery-with-no-image","12":"ast-product-tabs-layout-horizontal","14":"first","15":"instock","16":"shipping-taxable","17":"product-type-simple"},"_links":{"self":[{"href":"https:\/\/www.machinerybearings.com\/sv\/wp-json\/wp\/v2\/product\/2378","targetHints":{"allow":["GET"]}}],"collection":[{"href":"https:\/\/www.machinerybearings.com\/sv\/wp-json\/wp\/v2\/product"}],"about":[{"href":"https:\/\/www.machinerybearings.com\/sv\/wp-json\/wp\/v2\/types\/product"}],"replies":[{"embeddable":true,"href":"https:\/\/www.machinerybearings.com\/sv\/wp-json\/wp\/v2\/comments?post=2378"}],"wp:featuredmedia":[{"embeddable":true,"href":"https:\/\/www.machinerybearings.com\/sv\/wp-json\/wp\/v2\/media\/2578"}],"wp:attachment":[{"href":"https:\/\/www.machinerybearings.com\/sv\/wp-json\/wp\/v2\/media?parent=2378"}],"wp:term":[{"taxonomy":"product_brand","embeddable":true,"href":"https:\/\/www.machinerybearings.com\/sv\/wp-json\/wp\/v2\/product_brand?post=2378"},{"taxonomy":"product_cat","embeddable":true,"href":"https:\/\/www.machinerybearings.com\/sv\/wp-json\/wp\/v2\/product_cat?post=2378"},{"taxonomy":"product_tag","embeddable":true,"href":"https:\/\/www.machinerybearings.com\/sv\/wp-json\/wp\/v2\/product_tag?post=2378"}],"curies":[{"name":"wp","href":"https:\/\/api.w.org\/{rel}","templated":true}]}}