{"id":2393,"date":"2026-04-12T13:53:23","date_gmt":"2026-04-12T13:53:23","guid":{"rendered":"https:\/\/www.machinerybearings.com\/?post_type=product&#038;p=2393"},"modified":"2026-05-03T11:41:12","modified_gmt":"2026-05-03T11:41:12","slug":"6001-full-keramisk-kulager-korrosionsbestandig-hog-hastighet-zirkonia-zro-lager","status":"publish","type":"product","link":"https:\/\/www.machinerybearings.com\/sv\/produkt\/6001-full-keramisk-kulager-korrosionsbestandig-hog-hastighet-zirkonia-zro-lager\/","title":{"rendered":"6001 Fullkeramiskt kullager \u2013 Korrosionsbest\u00e4ndigt h\u00f6g hastighet zirkonia (ZrO\u2082) lager"},"content":{"rendered":"<p data-start=\"366\" data-end=\"655\">Den <strong data-start=\"370\" data-end=\"404\">6001 Full Keramisk Kullager<\/strong> \u00e4r ett h\u00f6gpresterande lager tillverkat helt av avancerade keramiska material, typiskt <strong data-start=\"500\" data-end=\"519\">zirkonia (ZrO\u2082)<\/strong>. Med keramiska inre och yttre ringar och keramiska kulor ger det exceptionellt motst\u00e5nd mot korrosion, slitage och extrema temperaturer.<\/p>\n<p data-start=\"657\" data-end=\"942\">J\u00e4mf\u00f6rt med traditionella st\u00e5llager erbjuder fullt keramiska lager betydligt l\u00e4gre friktion, l\u00e4ttare vikt och \u00f6verl\u00e4gset kemiskt motst\u00e5nd. De \u00e4r ocks\u00e5 icke-magnetiska och elektriskt isolerande, vilket g\u00f6r dem idealiska f\u00f6r till\u00e4mpningar d\u00e4r elektrisk ledningsf\u00f6rm\u00e5ga m\u00e5ste undvikas.<\/p>\n<p data-start=\"944\" data-end=\"1226\">Utformad f\u00f6r kr\u00e4vande milj\u00f6er levererar 6001 keramiskt lager smidig drift, h\u00f6g hastighetskapacitet och l\u00e5ng livsl\u00e4ngd utan behov av frekvent sm\u00f6rjning. Det anv\u00e4nds i stor utstr\u00e4ckning inom kemisk bearbetning, medicintekniska apparater, livsmedelsutrustning och precisionsmaskiner.<\/p>\n<h1 data-section-id=\"8av2ty\" data-start=\"1233\" data-end=\"1251\"><span role=\"text\"><strong data-start=\"1235\" data-end=\"1251\">Nyckelfunktioner<\/strong><\/span><\/h1>\n<ul data-start=\"1253\" data-end=\"1599\">\n<li data-section-id=\"1flcul5\" data-start=\"1253\" data-end=\"1298\">100% keramisk konstruktion (ZrO\u2082 valfritt)<\/li>\n<li data-section-id=\"1uw8zug\" data-start=\"1299\" data-end=\"1346\">Utm\u00e4rkt korrosions- och kemikaliebest\u00e4ndighet<\/li>\n<li data-section-id=\"ceobeo\" data-start=\"1347\" data-end=\"1391\">H\u00f6g hastighetsprestanda med l\u00e5g friktion<\/li>\n<li data-section-id=\"1kr75oc\" data-start=\"1392\" data-end=\"1436\">Icke-magnetisk och elektriskt isolerande<\/li>\n<li data-section-id=\"17yranb\" data-start=\"1437\" data-end=\"1491\">L\u00e4ttviktig med h\u00f6g h\u00e5rdhet och slitstyrka<\/li>\n<li data-section-id=\"v9sdq4\" data-start=\"1492\" data-end=\"1539\">L\u00e4mplig f\u00f6r extrema och rena milj\u00f6er<\/li>\n<li data-section-id=\"ufrqz6\" data-start=\"1540\" data-end=\"1599\">Minskat eller inget sm\u00f6rjmedel kr\u00e4vs i m\u00e5nga till\u00e4mpningar<\/li>\n<\/ul>\n<h1 data-section-id=\"10k15yz\" data-start=\"1606\" data-end=\"1636\"><span role=\"text\"><strong data-start=\"1608\" data-end=\"1636\">Tekniska specifikationer<\/strong><\/span><\/h1>\n<div class=\"TyagGW_tableContainer\">\n<div class=\"group TyagGW_tableWrapper flex flex-col-reverse w-fit\" tabindex=\"-1\">\n<table class=\"w-fit min-w-(--thread-content-width)\" data-start=\"1638\" data-end=\"2064\">\n<thead data-start=\"1638\" data-end=\"1659\">\n<tr data-start=\"1638\" data-end=\"1659\">\n<th class=\"\" data-start=\"1638\" data-end=\"1650\" data-col-size=\"sm\">Parameter<\/th>\n<th class=\"\" data-start=\"1650\" data-end=\"1659\" data-col-size=\"md\">V\u00e4rde<\/th>\n<\/tr>\n<\/thead>\n<tbody data-start=\"1680\" data-end=\"2064\">\n<tr data-start=\"1680\" data-end=\"1717\">\n<td data-start=\"1680\" data-end=\"1696\" data-col-size=\"sm\">Lager Modell<\/td>\n<td data-start=\"1696\" data-end=\"1717\" data-col-size=\"md\">6001 Full Keramisk<\/td>\n<\/tr>\n<tr data-start=\"1718\" data-end=\"1748\">\n<td data-start=\"1718\" data-end=\"1739\" data-col-size=\"sm\">Inre Diameter (d)<\/td>\n<td data-col-size=\"md\" data-start=\"1739\" data-end=\"1748\">12 mm<\/td>\n<\/tr>\n<tr data-start=\"1749\" data-end=\"1779\">\n<td data-start=\"1749\" data-end=\"1770\" data-col-size=\"sm\">Yttre Diameter (D)<\/td>\n<td data-col-size=\"md\" data-start=\"1770\" data-end=\"1779\">28 mm<\/td>\n<\/tr>\n<tr data-start=\"1780\" data-end=\"1800\">\n<td data-start=\"1780\" data-end=\"1792\" data-col-size=\"sm\">Bredd (B)<\/td>\n<td data-col-size=\"md\" data-start=\"1792\" data-end=\"1800\">8 mm<\/td>\n<\/tr>\n<tr data-start=\"1801\" data-end=\"1866\">\n<td data-start=\"1801\" data-end=\"1812\" data-col-size=\"sm\">Material<\/td>\n<td data-col-size=\"md\" data-start=\"1812\" data-end=\"1866\">Zirkonia (ZrO\u2082) \/ Silikonkarbid (Si\u2083N\u2084 valfritt)<\/td>\n<\/tr>\n<tr data-start=\"1867\" data-end=\"1901\">\n<td data-start=\"1867\" data-end=\"1883\" data-col-size=\"sm\">Korgmaterial<\/td>\n<td data-col-size=\"md\" data-start=\"1883\" data-end=\"1901\">PTFE \/ Keramik<\/td>\n<\/tr>\n<tr data-start=\"1902\" data-end=\"1925\">\n<td data-start=\"1902\" data-end=\"1917\" data-col-size=\"sm\">T\u00e4tnings typ<\/td>\n<td data-col-size=\"md\" data-start=\"1917\" data-end=\"1925\">\u00d6ppen<\/td>\n<\/tr>\n<tr data-start=\"1926\" data-end=\"1958\">\n<td data-start=\"1926\" data-end=\"1940\" data-col-size=\"sm\">Sm\u00f6rjning<\/td>\n<td data-start=\"1940\" data-end=\"1958\" data-col-size=\"md\">Torr \/ Valfritt<\/td>\n<\/tr>\n<tr data-start=\"1959\" data-end=\"1997\">\n<td data-start=\"1959\" data-end=\"1978\" data-col-size=\"sm\">Precision Betyg<\/td>\n<td data-col-size=\"md\" data-start=\"1978\" data-end=\"1997\">ABEC-3 \/ ABEC-5<\/td>\n<\/tr>\n<tr data-start=\"1998\" data-end=\"2064\">\n<td data-start=\"1998\" data-end=\"2022\" data-col-size=\"sm\">Driftstemperatur<\/td>\n<td data-col-size=\"md\" data-start=\"2022\" data-end=\"2064\">Upp till 300\u00b0C (beroende p\u00e5 till\u00e4mpning)<\/td>\n<\/tr>\n<\/tbody>\n<\/table>\n<\/div>\n<\/div>\n<h1 data-section-id=\"1p00fbj\" data-start=\"2071\" data-end=\"2089\"><span role=\"text\"><strong data-start=\"2073\" data-end=\"2089\">Till\u00e4mpningar<\/strong><\/span><\/h1>\n<p data-start=\"2091\" data-end=\"2139\">6001 fullkeramiska lager anv\u00e4nds i stor utstr\u00e4ckning i:<\/p>\n<ul data-start=\"2141\" data-end=\"2369\">\n<li data-section-id=\"1pxk23u\" data-start=\"2141\" data-end=\"2182\">Kemisk och farmaceutisk utrustning<\/li>\n<li data-section-id=\"jqngzk\" data-start=\"2183\" data-end=\"2217\">Medicinska och laboratorieapparater<\/li>\n<li data-section-id=\"ypp1an\" data-start=\"2218\" data-end=\"2247\">Livsmedelsbearbetningsmaskiner<\/li>\n<li data-section-id=\"1da6ts2\" data-start=\"2248\" data-end=\"2279\">H\u00f6gprecisionsmotorer med h\u00f6g hastighet<\/li>\n<li data-section-id=\"mde680\" data-start=\"2280\" data-end=\"2322\">Halvledar- och elektronikutrustning<\/li>\n<li data-section-id=\"euahdi\" data-start=\"2323\" data-end=\"2369\">Korrosiva eller h\u00f6gtemperaturmilj\u00f6er<\/li>\n<\/ul>\n<h1 data-section-id=\"zdmnob\" data-start=\"2376\" data-end=\"2395\"><span role=\"text\"><strong data-start=\"2378\" data-end=\"2395\">Varf\u00f6r V\u00e4lja Oss<\/strong><\/span><\/h1>\n<ul data-start=\"2397\" data-end=\"2611\">\n<li data-section-id=\"1sem32q\" data-start=\"2397\" data-end=\"2440\">H\u00f6gkvalitativa avancerade keramiska material<\/li>\n<li data-section-id=\"1eol690\" data-start=\"2441\" data-end=\"2479\">OEM- och skr\u00e4ddarsydda l\u00f6sningar tillg\u00e4ngliga<\/li>\n<li data-section-id=\"17fkzv8\" data-start=\"2480\" data-end=\"2534\">Precisionstillverkning och strikt kvalitetskontroll<\/li>\n<li data-section-id=\"18yrkc1\" data-start=\"2535\" data-end=\"2574\">Konkurrenskraftiga priser f\u00f6r bulkbest\u00e4llningar<\/li>\n<li data-section-id=\"rv54t7\" data-start=\"2575\" data-end=\"2611\">Snabb leverans och global support<\/li>\n<\/ul>\n<h1 data-section-id=\"1iusff4\" data-start=\"2618\" data-end=\"2627\"><span role=\"text\"><strong data-start=\"2620\" data-end=\"2627\">Vanliga fr\u00e5gor<\/strong><\/span><\/h1>\n<p data-start=\"2629\" data-end=\"2831\"><strong data-start=\"2629\" data-end=\"2686\">Q1: Vilka \u00e4r f\u00f6rdelarna med fullkeramiska lager?<\/strong><br data-start=\"2686\" data-end=\"2689\" \/>A: De erbjuder \u00f6verl\u00e4gsen korrosionsbest\u00e4ndighet, h\u00f6g hastighetskapacitet, elektrisk isolering och l\u00e4ngre livsl\u00e4ngd j\u00e4mf\u00f6rt med st\u00e5llager.<\/p>\n<p data-start=\"2833\" data-end=\"2985\"><strong data-start=\"2833\" data-end=\"2886\">Q2: Kr\u00e4ver fullkeramiska lager sm\u00f6rjning?<\/strong><br data-start=\"2886\" data-end=\"2889\" \/>A: I m\u00e5nga fall kan de fungera utan sm\u00f6rjning, s\u00e4rskilt i rena eller torra milj\u00f6er.<\/p>\n<p data-start=\"2987\" data-end=\"3131\"><strong data-start=\"2987\" data-end=\"3030\">Q3: Kan ni anpassa keramiska lager?<\/strong><br data-start=\"3030\" data-end=\"3033\" \/>A: Ja, vi erbjuder anpassningsalternativ inklusive materialval, toleranser och dimensioner.<\/p>","protected":false},"excerpt":{"rendered":"<p>Den <strong data-start=\"370\" data-end=\"404\">6001 Full Keramisk Kullager<\/strong> \u00e4r ett h\u00f6gpresterande lager tillverkat helt av avancerade keramiska material, typiskt <strong data-start=\"500\" data-end=\"519\">zirkonia (ZrO\u2082)<\/strong>. Med keramiska inre och yttre ringar och keramiska kulor ger det exceptionellt motst\u00e5nd mot korrosion, slitage och extrema temperaturer.<\/p>","protected":false},"featured_media":2552,"comment_status":"open","ping_status":"closed","template":"","meta":{"site-sidebar-layout":"default","site-content-layout":"","ast-site-content-layout":"default","site-content-style":"default","site-sidebar-style":"default","ast-global-header-display":"","ast-banner-title-visibility":"","ast-main-header-display":"","ast-hfb-above-header-display":"","ast-hfb-below-header-display":"","ast-hfb-mobile-header-display":"","site-post-title":"","ast-breadcrumbs-content":"","ast-featured-img":"","footer-sml-layout":"","ast-disable-related-posts":"","theme-transparent-header-meta":"default","adv-header-id-meta":"","stick-header-meta":"default","header-above-stick-meta":"","header-main-stick-meta":"","header-below-stick-meta":"","astra-migrate-meta-layouts":"set","ast-page-background-enabled":"default","ast-page-background-meta":{"desktop":{"background-color":"","background-image":"","background-repeat":"repeat","background-position":"center center","background-size":"auto","background-attachment":"scroll","background-type":"","background-media":"","overlay-type":"","overlay-color":"","overlay-opacity":"","overlay-gradient":""},"tablet":{"background-color":"","background-image":"","background-repeat":"repeat","background-position":"center center","background-size":"auto","background-attachment":"scroll","background-type":"","background-media":"","overlay-type":"","overlay-color":"","overlay-opacity":"","overlay-gradient":""},"mobile":{"background-color":"","background-image":"","background-repeat":"repeat","background-position":"center center","background-size":"auto","background-attachment":"scroll","background-type":"","background-media":"","overlay-type":"","overlay-color":"","overlay-opacity":"","overlay-gradient":""}},"ast-content-background-meta":{"desktop":{"background-color":"var(--ast-global-color-5)","background-image":"","background-repeat":"repeat","background-position":"center center","background-size":"auto","background-attachment":"scroll","background-type":"","background-media":"","overlay-type":"","overlay-color":"","overlay-opacity":"","overlay-gradient":""},"tablet":{"background-color":"var(--ast-global-color-5)","background-image":"","background-repeat":"repeat","background-position":"center center","background-size":"auto","background-attachment":"scroll","background-type":"","background-media":"","overlay-type":"","overlay-color":"","overlay-opacity":"","overlay-gradient":""},"mobile":{"background-color":"var(--ast-global-color-5)","background-image":"","background-repeat":"repeat","background-position":"center center","background-size":"auto","background-attachment":"scroll","background-type":"","background-media":"","overlay-type":"","overlay-color":"","overlay-opacity":"","overlay-gradient":""}}},"product_brand":[],"product_cat":[28],"product_tag":[97,88,86,39,90,89,91,63,84,85],"class_list":{"0":"post-2393","1":"product","2":"type-product","3":"status-publish","4":"has-post-thumbnail","6":"product_cat-ceramic-bearings","7":"product_tag-6001-ceramic-bearing","8":"product_tag-corrosion-resistant-bearing","9":"product_tag-full-ceramic-bearing","10":"product_tag-high-speed-bearing","11":"product_tag-industrial-ceramic-bearing","12":"product_tag-non-magnetic-bearing","13":"product_tag-oem-ceramic-bearing-supplier","14":"product_tag-precision-bearing","15":"product_tag-zirconia-bearing","16":"product_tag-zro2-bearing","17":"desktop-align-left","18":"tablet-align-left","19":"mobile-align-left","20":"ast-product-gallery-layout-horizontal-slider","21":"ast-product-gallery-with-no-image","22":"ast-product-tabs-layout-horizontal","24":"first","25":"instock","26":"shipping-taxable","27":"product-type-simple"},"_links":{"self":[{"href":"https:\/\/www.machinerybearings.com\/sv\/wp-json\/wp\/v2\/product\/2393","targetHints":{"allow":["GET"]}}],"collection":[{"href":"https:\/\/www.machinerybearings.com\/sv\/wp-json\/wp\/v2\/product"}],"about":[{"href":"https:\/\/www.machinerybearings.com\/sv\/wp-json\/wp\/v2\/types\/product"}],"replies":[{"embeddable":true,"href":"https:\/\/www.machinerybearings.com\/sv\/wp-json\/wp\/v2\/comments?post=2393"}],"wp:featuredmedia":[{"embeddable":true,"href":"https:\/\/www.machinerybearings.com\/sv\/wp-json\/wp\/v2\/media\/2552"}],"wp:attachment":[{"href":"https:\/\/www.machinerybearings.com\/sv\/wp-json\/wp\/v2\/media?parent=2393"}],"wp:term":[{"taxonomy":"product_brand","embeddable":true,"href":"https:\/\/www.machinerybearings.com\/sv\/wp-json\/wp\/v2\/product_brand?post=2393"},{"taxonomy":"product_cat","embeddable":true,"href":"https:\/\/www.machinerybearings.com\/sv\/wp-json\/wp\/v2\/product_cat?post=2393"},{"taxonomy":"product_tag","embeddable":true,"href":"https:\/\/www.machinerybearings.com\/sv\/wp-json\/wp\/v2\/product_tag?post=2393"}],"curies":[{"name":"wp","href":"https:\/\/api.w.org\/{rel}","templated":true}]}}