{"id":2395,"date":"2026-04-12T14:02:13","date_gmt":"2026-04-12T14:02:13","guid":{"rendered":"https:\/\/www.machinerybearings.com\/?post_type=product&#038;p=2395"},"modified":"2026-05-03T12:16:40","modified_gmt":"2026-05-03T12:16:40","slug":"6800-thin-section-ceramic-ball-bearing-lightweight-high-speed-low-friction-bearing","status":"publish","type":"product","link":"https:\/\/www.machinerybearings.com\/sv\/produkt\/6800-thin-section-ceramic-ball-bearing-lightweight-high-speed-low-friction-bearing\/","title":{"rendered":"6800 Tunn sektion keramisk kulager \u2013 L\u00e4ttvikts h\u00f6g hastighet l\u00e5g friktion lager"},"content":{"rendered":"<p data-start=\"368\" data-end=\"682\">Den <strong data-start=\"372\" data-end=\"414\">6800 Thin Section Ceramic Ball Bearing<\/strong> is designed for applications that require a compact structure, lightweight performance, and high rotational speed. With its slim cross-section and advanced ceramic materials, this bearing provides excellent efficiency in space-limited and high-precision environments.<\/p>\n<p data-start=\"684\" data-end=\"1046\">Available in both <strong data-start=\"702\" data-end=\"734\">full ceramic (ZrO\u2082 or Si\u2083N\u2084)<\/strong> och <strong data-start=\"739\" data-end=\"790\">hybrid ceramic (ceramic balls with steel rings)<\/strong> configurations, the 6800 bearing delivers superior performance compared to conventional steel bearings. Ceramic materials offer low friction, high hardness, corrosion resistance, and reduced weight, allowing for smoother operation and longer service life.<\/p>\n<p data-start=\"1048\" data-end=\"1256\">The thin section design minimizes space requirements and reduces rotational inertia, making it ideal for high-speed and precision applications such as robotics, medical equipment, and semiconductor machinery.<\/p>\n<h1 data-section-id=\"8av2ty\" data-start=\"1263\" data-end=\"1281\"><span role=\"text\"><strong data-start=\"1265\" data-end=\"1281\">Nyckelfunktioner<\/strong><\/span><\/h1>\n<ul data-start=\"1283\" data-end=\"1635\">\n<li data-section-id=\"axchx7\" data-start=\"1283\" data-end=\"1332\">Thin section design for compact installations<\/li>\n<li data-section-id=\"68hhb9\" data-start=\"1333\" data-end=\"1380\">Lightweight with reduced rotational inertia<\/li>\n<li data-section-id=\"ceobeo\" data-start=\"1381\" data-end=\"1425\">H\u00f6g hastighetsprestanda med l\u00e5g friktion<\/li>\n<li data-section-id=\"seqp5j\" data-start=\"1426\" data-end=\"1488\">Available in full ceramic or hybrid ceramic configurations<\/li>\n<li data-section-id=\"zaas2l\" data-start=\"1489\" data-end=\"1532\">Excellent corrosion and wear resistance<\/li>\n<li data-section-id=\"1kr75oc\" data-start=\"1533\" data-end=\"1577\">Icke-magnetisk och elektriskt isolerande<\/li>\n<li data-section-id=\"16nslwr\" data-start=\"1578\" data-end=\"1635\">Suitable for precision and space-limited applications<\/li>\n<\/ul>\n<h1 data-section-id=\"10k15yz\" data-start=\"1642\" data-end=\"1672\"><span role=\"text\"><strong data-start=\"1644\" data-end=\"1672\">Tekniska specifikationer<\/strong><\/span><\/h1>\n<div class=\"TyagGW_tableContainer\">\n<div class=\"group TyagGW_tableWrapper flex flex-col-reverse w-fit\" tabindex=\"-1\">\n<table class=\"w-fit min-w-(--thread-content-width)\" data-start=\"1674\" data-end=\"2146\">\n<thead data-start=\"1674\" data-end=\"1695\">\n<tr data-start=\"1674\" data-end=\"1695\">\n<th class=\"\" data-start=\"1674\" data-end=\"1686\" data-col-size=\"sm\">Parameter<\/th>\n<th class=\"\" data-start=\"1686\" data-end=\"1695\" data-col-size=\"sm\">V\u00e4rde<\/th>\n<\/tr>\n<\/thead>\n<tbody data-start=\"1716\" data-end=\"2146\">\n<tr data-start=\"1716\" data-end=\"1748\">\n<td data-start=\"1716\" data-end=\"1732\" data-col-size=\"sm\">Lager Modell<\/td>\n<td data-start=\"1732\" data-end=\"1748\" data-col-size=\"sm\">6800 Ceramic<\/td>\n<\/tr>\n<tr data-start=\"1749\" data-end=\"1779\">\n<td data-start=\"1749\" data-end=\"1770\" data-col-size=\"sm\">Inre Diameter (d)<\/td>\n<td data-start=\"1770\" data-end=\"1779\" data-col-size=\"sm\">10 mm<\/td>\n<\/tr>\n<tr data-start=\"1780\" data-end=\"1810\">\n<td data-start=\"1780\" data-end=\"1801\" data-col-size=\"sm\">Yttre Diameter (D)<\/td>\n<td data-col-size=\"sm\" data-start=\"1801\" data-end=\"1810\">19 mm<\/td>\n<\/tr>\n<tr data-start=\"1811\" data-end=\"1831\">\n<td data-start=\"1811\" data-end=\"1823\" data-col-size=\"sm\">Bredd (B)<\/td>\n<td data-col-size=\"sm\" data-start=\"1823\" data-end=\"1831\">5 mm<\/td>\n<\/tr>\n<tr data-start=\"1832\" data-end=\"1864\">\n<td data-start=\"1832\" data-end=\"1848\" data-col-size=\"sm\">Ball Material<\/td>\n<td data-col-size=\"sm\" data-start=\"1848\" data-end=\"1864\">Si\u2083N\u2084 \/ ZrO\u2082<\/td>\n<\/tr>\n<tr data-start=\"1865\" data-end=\"1925\">\n<td data-start=\"1865\" data-end=\"1881\" data-col-size=\"sm\">Ring Material<\/td>\n<td data-col-size=\"sm\" data-start=\"1881\" data-end=\"1925\">Ceramic \/ Chrome Steel \/ Stainless Steel<\/td>\n<\/tr>\n<tr data-start=\"1926\" data-end=\"1958\">\n<td data-start=\"1926\" data-end=\"1942\" data-col-size=\"sm\">Korgmaterial<\/td>\n<td data-col-size=\"sm\" data-start=\"1942\" data-end=\"1958\">PTFE \/ Nylon<\/td>\n<\/tr>\n<tr data-start=\"1959\" data-end=\"1993\">\n<td data-start=\"1959\" data-end=\"1974\" data-col-size=\"sm\">T\u00e4tnings typ<\/td>\n<td data-col-size=\"sm\" data-start=\"1974\" data-end=\"1993\">\u00d6ppen \/ ZZ \/ 2RS<\/td>\n<\/tr>\n<tr data-start=\"1994\" data-end=\"2041\">\n<td data-start=\"1994\" data-end=\"2013\" data-col-size=\"sm\">Precision Betyg<\/td>\n<td data-start=\"2013\" data-end=\"2041\" data-col-size=\"sm\">ABEC-3 \/ ABEC-5 \/ ABEC-7<\/td>\n<\/tr>\n<tr data-start=\"2042\" data-end=\"2078\">\n<td data-start=\"2042\" data-end=\"2056\" data-col-size=\"sm\">Sm\u00f6rjning<\/td>\n<td data-col-size=\"sm\" data-start=\"2056\" data-end=\"2078\">Grease \/ Oil \/ Dry<\/td>\n<\/tr>\n<tr data-start=\"2079\" data-end=\"2146\">\n<td data-start=\"2079\" data-end=\"2103\" data-col-size=\"sm\">Driftstemperatur<\/td>\n<td data-start=\"2103\" data-end=\"2146\" data-col-size=\"sm\">-20\u00b0C to 200\u00b0C+ (depending on material)<\/td>\n<\/tr>\n<\/tbody>\n<\/table>\n<\/div>\n<\/div>\n<h1 data-section-id=\"1p00fbj\" data-start=\"2153\" data-end=\"2171\"><span role=\"text\"><strong data-start=\"2155\" data-end=\"2171\">Till\u00e4mpningar<\/strong><\/span><\/h1>\n<p data-start=\"2173\" data-end=\"2229\">The 6800 thin section ceramic bearing is widely used in:<\/p>\n<ul data-start=\"2231\" data-end=\"2445\">\n<li data-section-id=\"1q02707\" data-start=\"2231\" data-end=\"2266\">Robotik och automationssystem<\/li>\n<li data-section-id=\"1ewc9vl\" data-start=\"2267\" data-end=\"2303\">Medical and laboratory equipment<\/li>\n<li data-section-id=\"j1e009\" data-start=\"2304\" data-end=\"2345\">Semiconductor manufacturing equipment<\/li>\n<li data-section-id=\"1da6ts2\" data-start=\"2346\" data-end=\"2377\">H\u00f6gprecisionsmotorer med h\u00f6g hastighet<\/li>\n<li data-section-id=\"1rv4qpi\" data-start=\"2378\" data-end=\"2411\">Aerospace and instrumentation<\/li>\n<li data-section-id=\"1yfrlvg\" data-start=\"2412\" data-end=\"2445\">Compact mechanical assemblies<\/li>\n<\/ul>\n<h1 data-section-id=\"zdmnob\" data-start=\"2452\" data-end=\"2471\"><span role=\"text\"><strong data-start=\"2454\" data-end=\"2471\">Varf\u00f6r V\u00e4lja Oss<\/strong><\/span><\/h1>\n<ul data-start=\"2473\" data-end=\"2681\">\n<li data-section-id=\"yq94r8\" data-start=\"2473\" data-end=\"2522\">High-quality ceramic materials (ZrO\u2082 \/ Si\u2083N\u2084)<\/li>\n<li data-section-id=\"ary9wy\" data-start=\"2523\" data-end=\"2567\">OEM och skr\u00e4ddarsydda design tj\u00e4nster tillg\u00e4ngliga<\/li>\n<li data-section-id=\"12brgxs\" data-start=\"2568\" data-end=\"2604\">Advanced precision manufacturing<\/li>\n<li data-section-id=\"18yrkc1\" data-start=\"2605\" data-end=\"2644\">Konkurrenskraftiga priser f\u00f6r bulkbest\u00e4llningar<\/li>\n<li data-section-id=\"rv54t7\" data-start=\"2645\" data-end=\"2681\">Snabb leverans och global support<\/li>\n<\/ul>\n<h1 data-section-id=\"1iusff4\" data-start=\"2688\" data-end=\"2697\"><span role=\"text\"><strong data-start=\"2690\" data-end=\"2697\">Vanliga fr\u00e5gor<\/strong><\/span><\/h1>\n<p data-start=\"2699\" data-end=\"2881\"><strong data-start=\"2699\" data-end=\"2762\">Q1: What is the advantage of thin section ceramic bearings?<\/strong><br data-start=\"2762\" data-end=\"2765\" \/>A: They offer space-saving design, lightweight structure, high-speed capability, and excellent corrosion resistance.<\/p>\n<p data-start=\"2883\" data-end=\"3063\"><strong data-start=\"2883\" data-end=\"2952\">Q2: Can 6800 ceramic bearings be used in high-speed applications?<\/strong><br data-start=\"2952\" data-end=\"2955\" \/>A: Yes, their low friction and lightweight design make them ideal for high-speed and precision applications.<\/p>\n<p data-start=\"3065\" data-end=\"3223\"><strong data-start=\"3065\" data-end=\"3102\">Q3: Do you offer sealed versions?<\/strong><br data-start=\"3102\" data-end=\"3105\" \/>A: Yes, 6800 ceramic bearings are available in open, ZZ, and 2RS configurations depending on application requirements.<\/p>","protected":false},"excerpt":{"rendered":"<p>Den <strong data-start=\"372\" data-end=\"414\">6800 Thin Section Ceramic Ball Bearing<\/strong> is designed for applications that require a compact structure, lightweight performance, and high rotational speed. With its slim cross-section and advanced ceramic materials, this bearing provides excellent efficiency in space-limited and high-precision environments.<\/p>","protected":false},"featured_media":2556,"comment_status":"open","ping_status":"closed","template":"","meta":{"site-sidebar-layout":"default","site-content-layout":"","ast-site-content-layout":"default","site-content-style":"default","site-sidebar-style":"default","ast-global-header-display":"","ast-banner-title-visibility":"","ast-main-header-display":"","ast-hfb-above-header-display":"","ast-hfb-below-header-display":"","ast-hfb-mobile-header-display":"","site-post-title":"","ast-breadcrumbs-content":"","ast-featured-img":"","footer-sml-layout":"","ast-disable-related-posts":"","theme-transparent-header-meta":"default","adv-header-id-meta":"","stick-header-meta":"default","header-above-stick-meta":"","header-main-stick-meta":"","header-below-stick-meta":"","astra-migrate-meta-layouts":"set","ast-page-background-enabled":"default","ast-page-background-meta":{"desktop":{"background-color":"","background-image":"","background-repeat":"repeat","background-position":"center center","background-size":"auto","background-attachment":"scroll","background-type":"","background-media":"","overlay-type":"","overlay-color":"","overlay-opacity":"","overlay-gradient":""},"tablet":{"background-color":"","background-image":"","background-repeat":"repeat","background-position":"center center","background-size":"auto","background-attachment":"scroll","background-type":"","background-media":"","overlay-type":"","overlay-color":"","overlay-opacity":"","overlay-gradient":""},"mobile":{"background-color":"","background-image":"","background-repeat":"repeat","background-position":"center center","background-size":"auto","background-attachment":"scroll","background-type":"","background-media":"","overlay-type":"","overlay-color":"","overlay-opacity":"","overlay-gradient":""}},"ast-content-background-meta":{"desktop":{"background-color":"var(--ast-global-color-5)","background-image":"","background-repeat":"repeat","background-position":"center center","background-size":"auto","background-attachment":"scroll","background-type":"","background-media":"","overlay-type":"","overlay-color":"","overlay-opacity":"","overlay-gradient":""},"tablet":{"background-color":"var(--ast-global-color-5)","background-image":"","background-repeat":"repeat","background-position":"center center","background-size":"auto","background-attachment":"scroll","background-type":"","background-media":"","overlay-type":"","overlay-color":"","overlay-opacity":"","overlay-gradient":""},"mobile":{"background-color":"var(--ast-global-color-5)","background-image":"","background-repeat":"repeat","background-position":"center center","background-size":"auto","background-attachment":"scroll","background-type":"","background-media":"","overlay-type":"","overlay-color":"","overlay-opacity":"","overlay-gradient":""}}},"product_brand":[],"product_cat":[28],"product_tag":[100,86,99,93,45,102,34,72,63,101],"class_list":{"0":"post-2395","1":"product","2":"type-product","3":"status-publish","4":"has-post-thumbnail","6":"product_cat-ceramic-bearings","7":"product_tag-6800-ceramic-bearing","8":"product_tag-full-ceramic-bearing","9":"product_tag-high-speed-ceramic-bearing","10":"product_tag-hybrid-ceramic-bearing","11":"product_tag-industrial-bearing","12":"product_tag-low-friction-bearing","13":"product_tag-miniature-bearing","14":"product_tag-oem-bearing-supplier","15":"product_tag-precision-bearing","16":"product_tag-thin-section-bearing","17":"desktop-align-left","18":"tablet-align-left","19":"mobile-align-left","20":"ast-product-gallery-layout-horizontal-slider","21":"ast-product-gallery-with-no-image","22":"ast-product-tabs-layout-horizontal","24":"first","25":"instock","26":"shipping-taxable","27":"product-type-simple"},"_links":{"self":[{"href":"https:\/\/www.machinerybearings.com\/sv\/wp-json\/wp\/v2\/product\/2395","targetHints":{"allow":["GET"]}}],"collection":[{"href":"https:\/\/www.machinerybearings.com\/sv\/wp-json\/wp\/v2\/product"}],"about":[{"href":"https:\/\/www.machinerybearings.com\/sv\/wp-json\/wp\/v2\/types\/product"}],"replies":[{"embeddable":true,"href":"https:\/\/www.machinerybearings.com\/sv\/wp-json\/wp\/v2\/comments?post=2395"}],"wp:featuredmedia":[{"embeddable":true,"href":"https:\/\/www.machinerybearings.com\/sv\/wp-json\/wp\/v2\/media\/2556"}],"wp:attachment":[{"href":"https:\/\/www.machinerybearings.com\/sv\/wp-json\/wp\/v2\/media?parent=2395"}],"wp:term":[{"taxonomy":"product_brand","embeddable":true,"href":"https:\/\/www.machinerybearings.com\/sv\/wp-json\/wp\/v2\/product_brand?post=2395"},{"taxonomy":"product_cat","embeddable":true,"href":"https:\/\/www.machinerybearings.com\/sv\/wp-json\/wp\/v2\/product_cat?post=2395"},{"taxonomy":"product_tag","embeddable":true,"href":"https:\/\/www.machinerybearings.com\/sv\/wp-json\/wp\/v2\/product_tag?post=2395"}],"curies":[{"name":"wp","href":"https:\/\/api.w.org\/{rel}","templated":true}]}}