{"id":2419,"date":"2026-04-12T15:06:50","date_gmt":"2026-04-12T15:06:50","guid":{"rendered":"https:\/\/www.machinerybearings.com\/?post_type=product&#038;p=2419"},"modified":"2026-05-04T13:57:57","modified_gmt":"2026-05-04T13:57:57","slug":"uc206-insert-bearing-self-aligning-pillow-block-bearing-for-industrial-agricultural-equipment","status":"publish","type":"product","link":"https:\/\/www.machinerybearings.com\/sv\/produkt\/uc206-insert-bearing-self-aligning-pillow-block-bearing-for-industrial-agricultural-equipment\/","title":{"rendered":"UC206 Insatslager \u2013 Sj\u00e4lvjusterande kuddblocklager f\u00f6r industriell och jordbruksmaskiner"},"content":{"rendered":"<p data-start=\"364\" data-end=\"642\">Den <strong data-start=\"368\" data-end=\"392\">UC206 Insert Bearing<\/strong> is a self-aligning ball bearing designed for use in pillow block housing units. It features a spherical outer surface that allows automatic alignment within the housing, helping to compensate for shaft misalignment during installation and operation.<\/p>\n<p data-start=\"644\" data-end=\"973\">Manufactured from high-quality chrome steel and available in stainless steel options, the UC206 bearing provides stable performance, strong load capacity, and long service life. It is widely used in agricultural machinery, conveyor systems, and general industrial equipment where reliable mounted bearing performance is required.<\/p>\n<p data-start=\"975\" data-end=\"1139\">The UC series insert bearings are pre-lubricated and sealed, making them easy to install, low-maintenance, and cost-effective for continuous operation environments.<\/p>\n<h1 data-section-id=\"8av2ty\" data-start=\"1146\" data-end=\"1164\"><span role=\"text\"><strong data-start=\"1148\" data-end=\"1164\">Nyckelfunktioner<\/strong><\/span><\/h1>\n<ul data-start=\"1166\" data-end=\"1501\">\n<li data-section-id=\"1h0ns4x\" data-start=\"1166\" data-end=\"1214\">Self-aligning spherical outer surface design<\/li>\n<li data-section-id=\"17ecl0c\" data-start=\"1215\" data-end=\"1270\">Easy installation in standard pillow block housings<\/li>\n<li data-section-id=\"f311as\" data-start=\"1271\" data-end=\"1321\">High radial load capacity and stable operation<\/li>\n<li data-section-id=\"tvtm21\" data-start=\"1322\" data-end=\"1365\">Pre-lubricated for maintenance-free use<\/li>\n<li data-section-id=\"i60re3\" data-start=\"1366\" data-end=\"1416\">Sealed design for dust and moisture protection<\/li>\n<li data-section-id=\"1kczbua\" data-start=\"1417\" data-end=\"1463\">L\u00e5ng livsl\u00e4ngd och p\u00e5litlig prestanda<\/li>\n<li data-section-id=\"fwu11c\" data-start=\"1464\" data-end=\"1501\">Compatible with UC housing series<\/li>\n<\/ul>\n<h1 data-section-id=\"10k15yz\" data-start=\"1508\" data-end=\"1538\"><span role=\"text\"><strong data-start=\"1510\" data-end=\"1538\">Tekniska specifikationer<\/strong><\/span><\/h1>\n<div class=\"TyagGW_tableContainer\">\n<div class=\"group TyagGW_tableWrapper flex flex-col-reverse w-fit\" tabindex=\"-1\">\n<table class=\"w-fit min-w-(--thread-content-width)\" data-start=\"1540\" data-end=\"1955\">\n<thead data-start=\"1540\" data-end=\"1561\">\n<tr data-start=\"1540\" data-end=\"1561\">\n<th class=\"\" data-start=\"1540\" data-end=\"1552\" data-col-size=\"sm\">Parameter<\/th>\n<th class=\"\" data-start=\"1552\" data-end=\"1561\" data-col-size=\"sm\">V\u00e4rde<\/th>\n<\/tr>\n<\/thead>\n<tbody data-start=\"1582\" data-end=\"1955\">\n<tr data-start=\"1582\" data-end=\"1607\">\n<td data-start=\"1582\" data-end=\"1598\" data-col-size=\"sm\">Lager Modell<\/td>\n<td data-start=\"1598\" data-end=\"1607\" data-col-size=\"sm\">UC206<\/td>\n<\/tr>\n<tr data-start=\"1608\" data-end=\"1638\">\n<td data-start=\"1608\" data-end=\"1629\" data-col-size=\"sm\">Inre Diameter (d)<\/td>\n<td data-start=\"1629\" data-end=\"1638\" data-col-size=\"sm\">30 mm<\/td>\n<\/tr>\n<tr data-start=\"1639\" data-end=\"1669\">\n<td data-start=\"1639\" data-end=\"1660\" data-col-size=\"sm\">Yttre Diameter (D)<\/td>\n<td data-start=\"1660\" data-end=\"1669\" data-col-size=\"sm\">62 mm<\/td>\n<\/tr>\n<tr data-start=\"1670\" data-end=\"1693\">\n<td data-start=\"1670\" data-end=\"1682\" data-col-size=\"sm\">Bredd (B)<\/td>\n<td data-start=\"1682\" data-end=\"1693\" data-col-size=\"sm\">38.1 mm<\/td>\n<\/tr>\n<tr data-start=\"1694\" data-end=\"1744\">\n<td data-start=\"1694\" data-end=\"1709\" data-col-size=\"sm\">Lager Typ<\/td>\n<td data-col-size=\"sm\" data-start=\"1709\" data-end=\"1744\">Insert Ball Bearing (UC Series)<\/td>\n<\/tr>\n<tr data-start=\"1745\" data-end=\"1790\">\n<td data-start=\"1745\" data-end=\"1756\" data-col-size=\"sm\">Material<\/td>\n<td data-start=\"1756\" data-end=\"1790\" data-col-size=\"sm\">Kromst\u00e5l \/ Rostfritt st\u00e5l<\/td>\n<\/tr>\n<tr data-start=\"1791\" data-end=\"1844\">\n<td data-start=\"1791\" data-end=\"1815\" data-col-size=\"sm\">H\u00f6ljeskompatibilitet<\/td>\n<td data-col-size=\"sm\" data-start=\"1815\" data-end=\"1844\">UCP206 \/ UCF206 \/ UCFL206<\/td>\n<\/tr>\n<tr data-start=\"1845\" data-end=\"1882\">\n<td data-start=\"1845\" data-end=\"1860\" data-col-size=\"sm\">T\u00e4tnings typ<\/td>\n<td data-start=\"1860\" data-end=\"1882\" data-col-size=\"sm\">Rubber Seals (2RS)<\/td>\n<\/tr>\n<tr data-start=\"1883\" data-end=\"1912\">\n<td data-start=\"1883\" data-end=\"1897\" data-col-size=\"sm\">Sm\u00f6rjning<\/td>\n<td data-start=\"1897\" data-end=\"1912\" data-col-size=\"sm\">F\u00f6rsmord<\/td>\n<\/tr>\n<tr data-start=\"1913\" data-end=\"1955\">\n<td data-start=\"1913\" data-end=\"1937\" data-col-size=\"sm\">Driftstemperatur<\/td>\n<td data-start=\"1937\" data-end=\"1955\" data-col-size=\"sm\">-20\u00b0C till 120\u00b0C<\/td>\n<\/tr>\n<\/tbody>\n<\/table>\n<\/div>\n<\/div>\n<h1 data-section-id=\"1p00fbj\" data-start=\"1962\" data-end=\"1980\"><span role=\"text\"><strong data-start=\"1964\" data-end=\"1980\">Till\u00e4mpningar<\/strong><\/span><\/h1>\n<p data-start=\"1982\" data-end=\"2025\">The UC206 insert bearing is widely used in:<\/p>\n<ul data-start=\"2027\" data-end=\"2190\">\n<li data-section-id=\"1n6ynun\" data-start=\"2027\" data-end=\"2053\">Jordbruksmaskiner<\/li>\n<li data-section-id=\"176s2ln\" data-start=\"2054\" data-end=\"2074\">Transportbandsystem<\/li>\n<li data-section-id=\"1htpp6l\" data-start=\"2075\" data-end=\"2098\">F\u00f6rpackningsutrustning<\/li>\n<li data-section-id=\"ypp1an\" data-start=\"2099\" data-end=\"2128\">Livsmedelsbearbetningsmaskiner<\/li>\n<li data-section-id=\"kd26b\" data-start=\"2129\" data-end=\"2149\">Textile machines<\/li>\n<li data-section-id=\"1kib5nh\" data-start=\"2150\" data-end=\"2190\">L\u00e4tt till medel industriell utrustning<\/li>\n<\/ul>\n<h1 data-section-id=\"zdmnob\" data-start=\"2197\" data-end=\"2216\"><span role=\"text\"><strong data-start=\"2199\" data-end=\"2216\">Varf\u00f6r V\u00e4lja Oss<\/strong><\/span><\/h1>\n<ul data-start=\"2218\" data-end=\"2450\">\n<li data-section-id=\"17c68gd\" data-start=\"2218\" data-end=\"2267\">Stabil fabriksf\u00f6rs\u00f6rjning med konsekvent kvalitet<\/li>\n<li data-section-id=\"17l3q8z\" data-start=\"2268\" data-end=\"2310\">OEM and customized packaging available<\/li>\n<li data-section-id=\"25hgpv\" data-start=\"2311\" data-end=\"2353\">Kompatibel med standard h\u00f6ljesenheter<\/li>\n<li data-section-id=\"fn9o79\" data-start=\"2354\" data-end=\"2401\">Fast global delivery and bulk order support<\/li>\n<li data-section-id=\"1xn5vwo\" data-start=\"2402\" data-end=\"2450\">Strikt kvalitetsinspektions- och testningssystem<\/li>\n<\/ul>\n<h1 data-section-id=\"1iusff4\" data-start=\"2457\" data-end=\"2466\"><span role=\"text\"><strong data-start=\"2459\" data-end=\"2466\">Vanliga fr\u00e5gor<\/strong><\/span><\/h1>\n<p data-start=\"2468\" data-end=\"2622\"><strong data-start=\"2468\" data-end=\"2520\">Q1: What is the advantage of UC insert bearings?<\/strong><br data-start=\"2520\" data-end=\"2523\" \/>A: They are easy to install, self-aligning, and designed for use in standard pillow block housings.<\/p>\n<p data-start=\"2624\" data-end=\"2741\"><strong data-start=\"2624\" data-end=\"2672\">Q2: Can UC206 be used in dusty environments?<\/strong><br data-start=\"2672\" data-end=\"2675\" \/>A: Ja, den t\u00e4ta designen hj\u00e4lper till att skydda mot damm och fukt.<\/p>\n<p data-start=\"2743\" data-end=\"2881\"><strong data-start=\"2743\" data-end=\"2795\">Q3: Do you offer stainless steel UC206 bearings?<\/strong><br data-start=\"2795\" data-end=\"2798\" \/>A: Yes, stainless steel versions are available for corrosive or humid environments.<\/p>","protected":false},"excerpt":{"rendered":"<p>Den <strong data-start=\"368\" data-end=\"392\">UC206 Insert Bearing<\/strong> is a self-aligning ball bearing designed for use in pillow block housing units. It features a spherical outer surface that allows automatic alignment within the housing, helping to compensate for shaft misalignment during installation and operation.<\/p>","protected":false},"featured_media":2600,"comment_status":"open","ping_status":"closed","template":"","meta":{"site-sidebar-layout":"default","site-content-layout":"","ast-site-content-layout":"default","site-content-style":"default","site-sidebar-style":"default","ast-global-header-display":"","ast-banner-title-visibility":"","ast-main-header-display":"","ast-hfb-above-header-display":"","ast-hfb-below-header-display":"","ast-hfb-mobile-header-display":"","site-post-title":"","ast-breadcrumbs-content":"","ast-featured-img":"","footer-sml-layout":"","ast-disable-related-posts":"","theme-transparent-header-meta":"default","adv-header-id-meta":"","stick-header-meta":"default","header-above-stick-meta":"","header-main-stick-meta":"","header-below-stick-meta":"","astra-migrate-meta-layouts":"set","ast-page-background-enabled":"default","ast-page-background-meta":{"desktop":{"background-color":"","background-image":"","background-repeat":"repeat","background-position":"center center","background-size":"auto","background-attachment":"scroll","background-type":"","background-media":"","overlay-type":"","overlay-color":"","overlay-opacity":"","overlay-gradient":""},"tablet":{"background-color":"","background-image":"","background-repeat":"repeat","background-position":"center center","background-size":"auto","background-attachment":"scroll","background-type":"","background-media":"","overlay-type":"","overlay-color":"","overlay-opacity":"","overlay-gradient":""},"mobile":{"background-color":"","background-image":"","background-repeat":"repeat","background-position":"center center","background-size":"auto","background-attachment":"scroll","background-type":"","background-media":"","overlay-type":"","overlay-color":"","overlay-opacity":"","overlay-gradient":""}},"ast-content-background-meta":{"desktop":{"background-color":"var(--ast-global-color-5)","background-image":"","background-repeat":"repeat","background-position":"center center","background-size":"auto","background-attachment":"scroll","background-type":"","background-media":"","overlay-type":"","overlay-color":"","overlay-opacity":"","overlay-gradient":""},"tablet":{"background-color":"var(--ast-global-color-5)","background-image":"","background-repeat":"repeat","background-position":"center center","background-size":"auto","background-attachment":"scroll","background-type":"","background-media":"","overlay-type":"","overlay-color":"","overlay-opacity":"","overlay-gradient":""},"mobile":{"background-color":"var(--ast-global-color-5)","background-image":"","background-repeat":"repeat","background-position":"center center","background-size":"auto","background-attachment":"scroll","background-type":"","background-media":"","overlay-type":"","overlay-color":"","overlay-opacity":"","overlay-gradient":""}}},"product_brand":[],"product_cat":[27],"product_tag":[160,161,45,156,159,72,157,162,158,163],"class_list":{"0":"post-2419","1":"product","2":"type-product","3":"status-publish","4":"has-post-thumbnail","6":"product_cat-insert-bearings","7":"product_tag-agricultural-bearing","8":"product_tag-bearing-housing-unit","9":"product_tag-industrial-bearing","10":"product_tag-insert-bearing","11":"product_tag-mounted-bearing","12":"product_tag-oem-bearing-supplier","13":"product_tag-pillow-block-bearing","14":"product_tag-self-aligning-bearing","15":"product_tag-uc-series-bearing","16":"product_tag-uc206-bearing","17":"desktop-align-left","18":"tablet-align-left","19":"mobile-align-left","20":"ast-product-gallery-layout-horizontal-slider","21":"ast-product-gallery-with-no-image","22":"ast-product-tabs-layout-horizontal","24":"first","25":"instock","26":"shipping-taxable","27":"product-type-simple"},"_links":{"self":[{"href":"https:\/\/www.machinerybearings.com\/sv\/wp-json\/wp\/v2\/product\/2419","targetHints":{"allow":["GET"]}}],"collection":[{"href":"https:\/\/www.machinerybearings.com\/sv\/wp-json\/wp\/v2\/product"}],"about":[{"href":"https:\/\/www.machinerybearings.com\/sv\/wp-json\/wp\/v2\/types\/product"}],"replies":[{"embeddable":true,"href":"https:\/\/www.machinerybearings.com\/sv\/wp-json\/wp\/v2\/comments?post=2419"}],"wp:featuredmedia":[{"embeddable":true,"href":"https:\/\/www.machinerybearings.com\/sv\/wp-json\/wp\/v2\/media\/2600"}],"wp:attachment":[{"href":"https:\/\/www.machinerybearings.com\/sv\/wp-json\/wp\/v2\/media?parent=2419"}],"wp:term":[{"taxonomy":"product_brand","embeddable":true,"href":"https:\/\/www.machinerybearings.com\/sv\/wp-json\/wp\/v2\/product_brand?post=2419"},{"taxonomy":"product_cat","embeddable":true,"href":"https:\/\/www.machinerybearings.com\/sv\/wp-json\/wp\/v2\/product_cat?post=2419"},{"taxonomy":"product_tag","embeddable":true,"href":"https:\/\/www.machinerybearings.com\/sv\/wp-json\/wp\/v2\/product_tag?post=2419"}],"curies":[{"name":"wp","href":"https:\/\/api.w.org\/{rel}","templated":true}]}}