{"id":2421,"date":"2026-04-12T15:09:40","date_gmt":"2026-04-12T15:09:40","guid":{"rendered":"https:\/\/www.machinerybearings.com\/?post_type=product&#038;p=2421"},"modified":"2026-05-04T14:05:11","modified_gmt":"2026-05-04T14:05:11","slug":"ucfl204-bearing-unit-flanged-pillow-block-insert-bearing-for-industrial-applications","status":"publish","type":"product","link":"https:\/\/www.machinerybearings.com\/sv\/produkt\/ucfl204-bearing-unit-flanged-pillow-block-insert-bearing-for-industrial-applications\/","title":{"rendered":"UCFL204 Lagerenhet \u2013 Fl\u00e4nsad Kuddblockinsatslager f\u00f6r Industriella Till\u00e4mpningar"},"content":{"rendered":"<p data-start=\"349\" data-end=\"599\">Den <strong data-start=\"353\" data-end=\"377\">UCFL204 lagerenhet<\/strong> \u00e4r en monterad lageranordning som best\u00e5r av en <strong data-start=\"424\" data-end=\"484\">UC204 insatslager och ett FL-typ 2-bult fl\u00e4nshus<\/strong>. Den \u00e4r utformad f\u00f6r enkel installation, stabil drift och p\u00e5litligt axelst\u00f6d i kompakta industriella system.<\/p>\n<p data-start=\"601\" data-end=\"928\">Den sf\u00e4riska ytan p\u00e5 UC204 insatslagret m\u00f6jligg\u00f6r sj\u00e4lvjustering inuti huset, vilket hj\u00e4lper till att kompensera f\u00f6r axeljustering och minska installationsfel. Tillsammans med ett h\u00e5llbart gjutj\u00e4rnsfl\u00e4nshus ger UCFL204-enheten stark styvhet och l\u00e5ng livsl\u00e4ngd \u00e4ven under kontinuerlig drift.<\/p>\n<p data-start=\"930\" data-end=\"1048\">Denna lagerenhet anv\u00e4nds i stor utstr\u00e4ckning i maskiner d\u00e4r utrymmessparande installation och s\u00e4ker fl\u00e4nsmontage kr\u00e4vs.<\/p>\n<h1 data-section-id=\"8av2ty\" data-start=\"1055\" data-end=\"1073\"><span role=\"text\"><strong data-start=\"1057\" data-end=\"1073\">Nyckelfunktioner<\/strong><\/span><\/h1>\n<ul data-start=\"1075\" data-end=\"1418\">\n<li data-section-id=\"1iip39r\" data-start=\"1075\" data-end=\"1137\">Komplett lagerenhet: UC204 insats + FL204 fl\u00e4nshus<\/li>\n<li data-section-id=\"c8j627\" data-start=\"1138\" data-end=\"1180\">2-bult fl\u00e4nsdesign f\u00f6r enkel montering<\/li>\n<li data-section-id=\"1htcgf9\" data-start=\"1181\" data-end=\"1236\">Sj\u00e4lvjusterande struktur minskar installationsfel<\/li>\n<li data-section-id=\"hz8ven\" data-start=\"1237\" data-end=\"1286\">F\u00f6rsmord f\u00f6r underh\u00e5llsfri drift<\/li>\n<li data-section-id=\"50mpjz\" data-start=\"1287\" data-end=\"1330\">Stark gjutj\u00e4rnshus f\u00f6r h\u00e5llbarhet<\/li>\n<li data-section-id=\"1sh2lpk\" data-start=\"1331\" data-end=\"1375\">Smidig drift med stabil prestanda<\/li>\n<li data-section-id=\"1398rv\" data-start=\"1376\" data-end=\"1418\">L\u00e4mplig f\u00f6r kontinuerlig industriell anv\u00e4ndning<\/li>\n<\/ul>\n<h1 data-section-id=\"10k15yz\" data-start=\"1425\" data-end=\"1455\"><span role=\"text\"><strong data-start=\"1427\" data-end=\"1455\">Tekniska specifikationer<\/strong><\/span><\/h1>\n<div class=\"TyagGW_tableContainer\">\n<div class=\"group TyagGW_tableWrapper flex flex-col-reverse w-fit\" tabindex=\"-1\">\n<table class=\"w-fit min-w-(--thread-content-width)\" data-start=\"1457\" data-end=\"1828\">\n<thead data-start=\"1457\" data-end=\"1478\">\n<tr data-start=\"1457\" data-end=\"1478\">\n<th class=\"\" data-start=\"1457\" data-end=\"1469\" data-col-size=\"sm\">Parameter<\/th>\n<th class=\"\" data-start=\"1469\" data-end=\"1478\" data-col-size=\"md\">V\u00e4rde<\/th>\n<\/tr>\n<\/thead>\n<tbody data-start=\"1499\" data-end=\"1828\">\n<tr data-start=\"1499\" data-end=\"1526\">\n<td data-start=\"1499\" data-end=\"1515\" data-col-size=\"sm\">Lager Modell<\/td>\n<td data-start=\"1515\" data-end=\"1526\" data-col-size=\"md\">UCFL204<\/td>\n<\/tr>\n<tr data-start=\"1527\" data-end=\"1553\">\n<td data-start=\"1527\" data-end=\"1544\" data-col-size=\"sm\">Insatslager<\/td>\n<td data-start=\"1544\" data-end=\"1553\" data-col-size=\"md\">UC204<\/td>\n<\/tr>\n<tr data-start=\"1554\" data-end=\"1594\">\n<td data-start=\"1554\" data-end=\"1569\" data-col-size=\"sm\">Hustyp<\/td>\n<td data-start=\"1569\" data-end=\"1594\" data-col-size=\"md\">FL 2-bult fl\u00e4nsenhet<\/td>\n<\/tr>\n<tr data-start=\"1595\" data-end=\"1621\">\n<td data-start=\"1595\" data-end=\"1612\" data-col-size=\"sm\">Axelns diameter<\/td>\n<td data-start=\"1612\" data-end=\"1621\" data-col-size=\"md\">20 mm<\/td>\n<\/tr>\n<tr data-start=\"1622\" data-end=\"1681\">\n<td data-start=\"1622\" data-end=\"1633\" data-col-size=\"sm\">Material<\/td>\n<td data-start=\"1633\" data-end=\"1681\" data-col-size=\"md\">Kromst\u00e5l (lager) \/ Gjutj\u00e4rn (hus)<\/td>\n<\/tr>\n<tr data-start=\"1682\" data-end=\"1720\">\n<td data-start=\"1682\" data-end=\"1697\" data-col-size=\"sm\">T\u00e4tnings typ<\/td>\n<td data-start=\"1697\" data-end=\"1720\" data-col-size=\"md\">Gummit\u00e4tad (2RS)<\/td>\n<\/tr>\n<tr data-start=\"1721\" data-end=\"1750\">\n<td data-start=\"1721\" data-end=\"1735\" data-col-size=\"sm\">Sm\u00f6rjning<\/td>\n<td data-start=\"1735\" data-end=\"1750\" data-col-size=\"md\">F\u00f6rsmord<\/td>\n<\/tr>\n<tr data-start=\"1751\" data-end=\"1785\">\n<td data-start=\"1751\" data-end=\"1767\" data-col-size=\"sm\">Monterings typ<\/td>\n<td data-start=\"1767\" data-end=\"1785\" data-col-size=\"md\">Fl\u00e4nsmontage<\/td>\n<\/tr>\n<tr data-start=\"1786\" data-end=\"1828\">\n<td data-start=\"1786\" data-end=\"1810\" data-col-size=\"sm\">Driftstemperatur<\/td>\n<td data-start=\"1810\" data-end=\"1828\" data-col-size=\"md\">-20\u00b0C till 120\u00b0C<\/td>\n<\/tr>\n<\/tbody>\n<\/table>\n<\/div>\n<\/div>\n<h1 data-section-id=\"1p00fbj\" data-start=\"1835\" data-end=\"1853\"><span role=\"text\"><strong data-start=\"1837\" data-end=\"1853\">Till\u00e4mpningar<\/strong><\/span><\/h1>\n<p data-start=\"1855\" data-end=\"1898\">UCFL204 lagerenheten anv\u00e4nds i stor utstr\u00e4ckning i:<\/p>\n<ul data-start=\"1900\" data-end=\"2062\">\n<li data-section-id=\"176s2ln\" data-start=\"1900\" data-end=\"1920\">Transportbandsystem<\/li>\n<li data-section-id=\"1n6ynun\" data-start=\"1921\" data-end=\"1947\">Jordbruksmaskiner<\/li>\n<li data-section-id=\"1htpp6l\" data-start=\"1948\" data-end=\"1971\">F\u00f6rpackningsutrustning<\/li>\n<li data-section-id=\"i9rybb\" data-start=\"1972\" data-end=\"2000\">Livsmedelsbearbetningsmaskiner<\/li>\n<li data-section-id=\"io1u9n\" data-start=\"2001\" data-end=\"2022\">Textilmaskiner<\/li>\n<li data-section-id=\"1rjvugo\" data-start=\"2023\" data-end=\"2062\">L\u00e4tta industriella automationssystem<\/li>\n<\/ul>\n<h1 data-section-id=\"zdmnob\" data-start=\"2069\" data-end=\"2088\"><span role=\"text\"><strong data-start=\"2071\" data-end=\"2088\">Varf\u00f6r V\u00e4lja Oss<\/strong><\/span><\/h1>\n<ul data-start=\"2090\" data-end=\"2300\">\n<li data-section-id=\"17c68gd\" data-start=\"2090\" data-end=\"2139\">Stabil fabriksf\u00f6rs\u00f6rjning med konsekvent kvalitet<\/li>\n<li data-section-id=\"u89jr3\" data-start=\"2140\" data-end=\"2184\">OEM och anpassade husalternativ tillg\u00e4ngliga<\/li>\n<li data-section-id=\"fwknz2\" data-start=\"2185\" data-end=\"2224\">Kompatibel med standard UCFL-enheter<\/li>\n<li data-section-id=\"g74bia\" data-start=\"2225\" data-end=\"2258\">Snabb leverans f\u00f6r bulkbest\u00e4llningar<\/li>\n<li data-section-id=\"1u6ytj0\" data-start=\"2259\" data-end=\"2300\">Str\u00e4ng inspektion och kvalitetskontroll<\/li>\n<\/ul>\n<h1 data-section-id=\"1iusff4\" data-start=\"2307\" data-end=\"2316\"><span role=\"text\"><strong data-start=\"2309\" data-end=\"2316\">Vanliga fr\u00e5gor<\/strong><\/span><\/h1>\n<p data-start=\"2318\" data-end=\"2475\"><strong data-start=\"2318\" data-end=\"2354\">Q1: Vad \u00e4r en UCFL lagerenhet?<\/strong><br data-start=\"2354\" data-end=\"2357\" \/>A: Det \u00e4r en komplett monterad lagerenhet best\u00e5ende av ett UC insatslager och ett fl\u00e4nshus f\u00f6r enkel installation.<\/p>\n<p data-start=\"2477\" data-end=\"2593\"><strong data-start=\"2477\" data-end=\"2516\">Q2: Kan UCFL204 bytas ut enkelt?<\/strong><br data-start=\"2516\" data-end=\"2519\" \/>A: Ja, den \u00e4r designad f\u00f6r standardbyte i fl\u00e4nsmontage system.<\/p>\n<p data-start=\"2595\" data-end=\"2710\"><strong data-start=\"2595\" data-end=\"2641\">Q3: \u00c4r den l\u00e4mplig f\u00f6r dammiga milj\u00f6er?<\/strong><br data-start=\"2641\" data-end=\"2644\" \/>A: Ja, den t\u00e4ta designen hj\u00e4lper till att skydda mot damm och fukt.<\/p>","protected":false},"excerpt":{"rendered":"<p>Den <strong data-start=\"353\" data-end=\"377\">UCFL204 lagerenhet<\/strong> \u00e4r en monterad lageranordning som best\u00e5r av en <strong data-start=\"424\" data-end=\"484\">UC204 insatslager och ett FL-typ 2-bult fl\u00e4nshus<\/strong>. Den \u00e4r utformad f\u00f6r enkel installation, stabil drift och p\u00e5litligt axelst\u00f6d i kompakta industriella system.<\/p>","protected":false},"featured_media":2601,"comment_status":"open","ping_status":"closed","template":"","meta":{"site-sidebar-layout":"default","site-content-layout":"","ast-site-content-layout":"default","site-content-style":"default","site-sidebar-style":"default","ast-global-header-display":"","ast-banner-title-visibility":"","ast-main-header-display":"","ast-hfb-above-header-display":"","ast-hfb-below-header-display":"","ast-hfb-mobile-header-display":"","site-post-title":"","ast-breadcrumbs-content":"","ast-featured-img":"","footer-sml-layout":"","ast-disable-related-posts":"","theme-transparent-header-meta":"default","adv-header-id-meta":"","stick-header-meta":"default","header-above-stick-meta":"","header-main-stick-meta":"","header-below-stick-meta":"","astra-migrate-meta-layouts":"set","ast-page-background-enabled":"default","ast-page-background-meta":{"desktop":{"background-color":"","background-image":"","background-repeat":"repeat","background-position":"center center","background-size":"auto","background-attachment":"scroll","background-type":"","background-media":"","overlay-type":"","overlay-color":"","overlay-opacity":"","overlay-gradient":""},"tablet":{"background-color":"","background-image":"","background-repeat":"repeat","background-position":"center center","background-size":"auto","background-attachment":"scroll","background-type":"","background-media":"","overlay-type":"","overlay-color":"","overlay-opacity":"","overlay-gradient":""},"mobile":{"background-color":"","background-image":"","background-repeat":"repeat","background-position":"center center","background-size":"auto","background-attachment":"scroll","background-type":"","background-media":"","overlay-type":"","overlay-color":"","overlay-opacity":"","overlay-gradient":""}},"ast-content-background-meta":{"desktop":{"background-color":"var(--ast-global-color-5)","background-image":"","background-repeat":"repeat","background-position":"center center","background-size":"auto","background-attachment":"scroll","background-type":"","background-media":"","overlay-type":"","overlay-color":"","overlay-opacity":"","overlay-gradient":""},"tablet":{"background-color":"var(--ast-global-color-5)","background-image":"","background-repeat":"repeat","background-position":"center center","background-size":"auto","background-attachment":"scroll","background-type":"","background-media":"","overlay-type":"","overlay-color":"","overlay-opacity":"","overlay-gradient":""},"mobile":{"background-color":"var(--ast-global-color-5)","background-image":"","background-repeat":"repeat","background-position":"center center","background-size":"auto","background-attachment":"scroll","background-type":"","background-media":"","overlay-type":"","overlay-color":"","overlay-opacity":"","overlay-gradient":""}}},"product_brand":[],"product_cat":[27],"product_tag":[165,169,45,167,72,157,162,166,168,164],"class_list":{"0":"post-2421","1":"product","2":"type-product","3":"status-publish","4":"has-post-thumbnail","6":"product_cat-insert-bearings","7":"product_tag-flange-bearing-unit","8":"product_tag-flange-mounted-bearing","9":"product_tag-industrial-bearing","10":"product_tag-mounted-bearing-unit","11":"product_tag-oem-bearing-supplier","12":"product_tag-pillow-block-bearing","13":"product_tag-self-aligning-bearing","14":"product_tag-uc-insert-bearing","15":"product_tag-ucfl-housing-bearing","16":"product_tag-ucfl204-bearing","17":"desktop-align-left","18":"tablet-align-left","19":"mobile-align-left","20":"ast-product-gallery-layout-horizontal-slider","21":"ast-product-gallery-with-no-image","22":"ast-product-tabs-layout-horizontal","24":"first","25":"instock","26":"shipping-taxable","27":"product-type-simple"},"_links":{"self":[{"href":"https:\/\/www.machinerybearings.com\/sv\/wp-json\/wp\/v2\/product\/2421","targetHints":{"allow":["GET"]}}],"collection":[{"href":"https:\/\/www.machinerybearings.com\/sv\/wp-json\/wp\/v2\/product"}],"about":[{"href":"https:\/\/www.machinerybearings.com\/sv\/wp-json\/wp\/v2\/types\/product"}],"replies":[{"embeddable":true,"href":"https:\/\/www.machinerybearings.com\/sv\/wp-json\/wp\/v2\/comments?post=2421"}],"wp:featuredmedia":[{"embeddable":true,"href":"https:\/\/www.machinerybearings.com\/sv\/wp-json\/wp\/v2\/media\/2601"}],"wp:attachment":[{"href":"https:\/\/www.machinerybearings.com\/sv\/wp-json\/wp\/v2\/media?parent=2421"}],"wp:term":[{"taxonomy":"product_brand","embeddable":true,"href":"https:\/\/www.machinerybearings.com\/sv\/wp-json\/wp\/v2\/product_brand?post=2421"},{"taxonomy":"product_cat","embeddable":true,"href":"https:\/\/www.machinerybearings.com\/sv\/wp-json\/wp\/v2\/product_cat?post=2421"},{"taxonomy":"product_tag","embeddable":true,"href":"https:\/\/www.machinerybearings.com\/sv\/wp-json\/wp\/v2\/product_tag?post=2421"}],"curies":[{"name":"wp","href":"https:\/\/api.w.org\/{rel}","templated":true}]}}