{"id":2422,"date":"2026-04-12T15:14:52","date_gmt":"2026-04-12T15:14:52","guid":{"rendered":"https:\/\/www.machinerybearings.com\/?post_type=product&#038;p=2422"},"modified":"2026-05-04T14:10:09","modified_gmt":"2026-05-04T14:10:09","slug":"ucp205-pillow-block-insert-bearing-unit-self-aligning-mounted-bearing-for-industrial-applications","status":"publish","type":"product","link":"https:\/\/www.machinerybearings.com\/sv\/produkt\/ucp205-pillow-block-insert-bearing-unit-self-aligning-mounted-bearing-for-industrial-applications\/","title":{"rendered":"UCP205 Kuddblockinsatslagerenhet \u2013 Sj\u00e4lvjusterande Monterat Lager f\u00f6r Industriella Till\u00e4mpningar"},"content":{"rendered":"<p data-start=\"363\" data-end=\"674\">Den <strong data-start=\"367\" data-end=\"410\">UCP205 Kuddblockinsatslagerenhet<\/strong> \u00e4r en allm\u00e4nt anv\u00e4nd monterad lagerl\u00f6sning som best\u00e5r av en <strong data-start=\"469\" data-end=\"529\">UC205 insatslager och ett P-serie kuddblockhus<\/strong>. Den \u00e4r utformad f\u00f6r enkel installation, p\u00e5litligt axelst\u00f6d och stabil drift i en m\u00e4ngd olika industriella och jordbruksapplikationer.<\/p>\n<p data-start=\"676\" data-end=\"1021\">UC205 insatslagret har en sf\u00e4risk yta som m\u00f6jligg\u00f6r sj\u00e4lvjustering inom huset, vilket hj\u00e4lper till att kompensera f\u00f6r axelns feljustering och minska installationsstress. Tillsammans med ett starkt gjutj\u00e4rnskuddblockhus ger UCP205-enheten utm\u00e4rkt h\u00e5llbarhet och l\u00e5ng livsl\u00e4ngd \u00e4ven under kontinuerliga belastningsf\u00f6rh\u00e5llanden.<\/p>\n<p data-start=\"1023\" data-end=\"1160\">Denna lagerenhet \u00e4r f\u00f6rsmord och t\u00e4tad, vilket g\u00f6r den l\u00e5gunderh\u00e5ll och l\u00e4mplig f\u00f6r l\u00e5ngsiktig drift i kr\u00e4vande milj\u00f6er.<\/p>\n<h1 data-section-id=\"8av2ty\" data-start=\"1167\" data-end=\"1185\"><span role=\"text\"><strong data-start=\"1169\" data-end=\"1185\">Nyckelfunktioner<\/strong><\/span><\/h1>\n<ul data-start=\"1187\" data-end=\"1537\">\n<li data-section-id=\"1eo27wa\" data-start=\"1187\" data-end=\"1254\">Komplett enhet: UC205 insatslager + P205 kuddblockhus<\/li>\n<li data-section-id=\"41j4o2\" data-start=\"1255\" data-end=\"1307\">Sj\u00e4lvjusterande design minskar installationsfel<\/li>\n<li data-section-id=\"g14pap\" data-start=\"1308\" data-end=\"1356\">Stark gjutj\u00e4rnshus f\u00f6r h\u00f6g h\u00e5llbarhet<\/li>\n<li data-section-id=\"1jun2sr\" data-start=\"1357\" data-end=\"1403\">F\u00f6rfettad f\u00f6r underh\u00e5llsfri drift<\/li>\n<li data-section-id=\"1owb0yh\" data-start=\"1404\" data-end=\"1456\">H\u00f6g radial belastningskapacitet och stabil prestanda<\/li>\n<li data-section-id=\"1l42fwv\" data-start=\"1457\" data-end=\"1494\">Enkel installation och utbyte<\/li>\n<li data-section-id=\"1398rv\" data-start=\"1495\" data-end=\"1537\">L\u00e4mplig f\u00f6r kontinuerlig industriell anv\u00e4ndning<\/li>\n<\/ul>\n<h1 data-section-id=\"10k15yz\" data-start=\"1544\" data-end=\"1574\"><span role=\"text\"><strong data-start=\"1546\" data-end=\"1574\">Tekniska specifikationer<\/strong><\/span><\/h1>\n<div class=\"TyagGW_tableContainer\">\n<div class=\"group TyagGW_tableWrapper flex flex-col-reverse w-fit\" tabindex=\"-1\">\n<table class=\"w-fit min-w-(--thread-content-width)\" data-start=\"1576\" data-end=\"1960\">\n<thead data-start=\"1576\" data-end=\"1597\">\n<tr data-start=\"1576\" data-end=\"1597\">\n<th class=\"\" data-start=\"1576\" data-end=\"1588\" data-col-size=\"sm\">Parameter<\/th>\n<th class=\"\" data-start=\"1588\" data-end=\"1597\" data-col-size=\"sm\">V\u00e4rde<\/th>\n<\/tr>\n<\/thead>\n<tbody data-start=\"1618\" data-end=\"1960\">\n<tr data-start=\"1618\" data-end=\"1644\">\n<td data-start=\"1618\" data-end=\"1634\" data-col-size=\"sm\">Lager Modell<\/td>\n<td data-start=\"1634\" data-end=\"1644\" data-col-size=\"sm\">UCP205<\/td>\n<\/tr>\n<tr data-start=\"1645\" data-end=\"1671\">\n<td data-start=\"1645\" data-end=\"1662\" data-col-size=\"sm\">Insatslager<\/td>\n<td data-start=\"1662\" data-end=\"1671\" data-col-size=\"sm\">UC205<\/td>\n<\/tr>\n<tr data-start=\"1672\" data-end=\"1712\">\n<td data-start=\"1672\" data-end=\"1687\" data-col-size=\"sm\">Hustyp<\/td>\n<td data-start=\"1687\" data-end=\"1712\" data-col-size=\"sm\">P-serie kuddblock<\/td>\n<\/tr>\n<tr data-start=\"1713\" data-end=\"1739\">\n<td data-start=\"1713\" data-end=\"1730\" data-col-size=\"sm\">Axelns diameter<\/td>\n<td data-start=\"1730\" data-end=\"1739\" data-col-size=\"sm\">25 mm<\/td>\n<\/tr>\n<tr data-start=\"1740\" data-end=\"1772\">\n<td data-start=\"1740\" data-end=\"1759\" data-col-size=\"sm\">Husmaterial<\/td>\n<td data-start=\"1759\" data-end=\"1772\" data-col-size=\"sm\">Gjutj\u00e4rn<\/td>\n<\/tr>\n<tr data-start=\"1773\" data-end=\"1808\">\n<td data-start=\"1773\" data-end=\"1792\" data-col-size=\"sm\">Lagermaterial<\/td>\n<td data-start=\"1792\" data-end=\"1808\" data-col-size=\"sm\">Kromst\u00e5l<\/td>\n<\/tr>\n<tr data-start=\"1809\" data-end=\"1847\">\n<td data-start=\"1809\" data-end=\"1824\" data-col-size=\"sm\">T\u00e4tnings typ<\/td>\n<td data-start=\"1824\" data-end=\"1847\" data-col-size=\"sm\">Gummit\u00e4tad (2RS)<\/td>\n<\/tr>\n<tr data-start=\"1848\" data-end=\"1877\">\n<td data-start=\"1848\" data-end=\"1862\" data-col-size=\"sm\">Sm\u00f6rjning<\/td>\n<td data-start=\"1862\" data-end=\"1877\" data-col-size=\"sm\">F\u00f6rsmord<\/td>\n<\/tr>\n<tr data-start=\"1878\" data-end=\"1917\">\n<td data-start=\"1878\" data-end=\"1894\" data-col-size=\"sm\">Monterings typ<\/td>\n<td data-start=\"1894\" data-end=\"1917\" data-col-size=\"sm\">2-bult bas monterad<\/td>\n<\/tr>\n<tr data-start=\"1918\" data-end=\"1960\">\n<td data-start=\"1918\" data-end=\"1942\" data-col-size=\"sm\">Driftstemperatur<\/td>\n<td data-start=\"1942\" data-end=\"1960\" data-col-size=\"sm\">-20\u00b0C till 120\u00b0C<\/td>\n<\/tr>\n<\/tbody>\n<\/table>\n<\/div>\n<\/div>\n<h1 data-section-id=\"1p00fbj\" data-start=\"1967\" data-end=\"1985\"><span role=\"text\"><strong data-start=\"1969\" data-end=\"1985\">Till\u00e4mpningar<\/strong><\/span><\/h1>\n<p data-start=\"1987\" data-end=\"2042\">UCP205 kuddblocklagerenhet anv\u00e4nds i stor utstr\u00e4ckning i:<\/p>\n<ul data-start=\"2044\" data-end=\"2208\">\n<li data-section-id=\"176s2ln\" data-start=\"2044\" data-end=\"2064\">Transportbandsystem<\/li>\n<li data-section-id=\"1n6ynun\" data-start=\"2065\" data-end=\"2091\">Jordbruksmaskiner<\/li>\n<li data-section-id=\"1htpp6l\" data-start=\"2092\" data-end=\"2115\">F\u00f6rpackningsutrustning<\/li>\n<li data-section-id=\"io1u9n\" data-start=\"2116\" data-end=\"2137\">Textilmaskiner<\/li>\n<li data-section-id=\"i9rybb\" data-start=\"2138\" data-end=\"2166\">Livsmedelsbearbetningsmaskiner<\/li>\n<li data-section-id=\"1075gc1\" data-start=\"2167\" data-end=\"2208\">L\u00e4tta industriella transmissionssystem<\/li>\n<\/ul>\n<h1 data-section-id=\"zdmnob\" data-start=\"2215\" data-end=\"2234\"><span role=\"text\"><strong data-start=\"2217\" data-end=\"2234\">Varf\u00f6r V\u00e4lja Oss<\/strong><\/span><\/h1>\n<ul data-start=\"2236\" data-end=\"2459\">\n<li data-section-id=\"17c68gd\" data-start=\"2236\" data-end=\"2285\">Stabil fabriksf\u00f6rs\u00f6rjning med konsekvent kvalitet<\/li>\n<li data-section-id=\"1ccoc9p\" data-start=\"2286\" data-end=\"2326\">OEM och anpassat h\u00f6lje tillg\u00e4ngligt<\/li>\n<li data-section-id=\"19poq3t\" data-start=\"2327\" data-end=\"2376\">Kompatibel med standard kuddblocksystem<\/li>\n<li data-section-id=\"1ons1n2\" data-start=\"2377\" data-end=\"2417\">Snabb leverans och st\u00f6d f\u00f6r bulkbest\u00e4llningar<\/li>\n<li data-section-id=\"1w1qi25\" data-start=\"2418\" data-end=\"2459\">Str\u00e4ng kvalitetsinspektion och testning<\/li>\n<\/ul>\n<h1 data-section-id=\"1iusff4\" data-start=\"2466\" data-end=\"2475\"><span role=\"text\"><strong data-start=\"2468\" data-end=\"2475\">Vanliga fr\u00e5gor<\/strong><\/span><\/h1>\n<p data-start=\"2477\" data-end=\"2631\"><strong data-start=\"2477\" data-end=\"2512\">Q1: Vad \u00e4r en UCP-lagerenhet?<\/strong><br data-start=\"2512\" data-end=\"2515\" \/>A: Det \u00e4r en monterad lagerenhet som best\u00e5r av ett UC-insatslager och ett kuddblocksh\u00f6lje f\u00f6r enkel axelst\u00f6d.<\/p>\n<p data-start=\"2633\" data-end=\"2751\"><strong data-start=\"2633\" data-end=\"2671\">Q2: Kan UCP205 enkelt bytas ut?<\/strong><br data-start=\"2671\" data-end=\"2674\" \/>A: Ja, den \u00e4r designad f\u00f6r standard utbytbarhet i industriella system.<\/p>\n<p data-start=\"2753\" data-end=\"2906\"><strong data-start=\"2753\" data-end=\"2804\">Q3: \u00c4r den l\u00e4mplig f\u00f6r tunga belastningsapplikationer?<\/strong><br data-start=\"2804\" data-end=\"2807\" \/>A: Den \u00e4r l\u00e4mplig f\u00f6r medelbelastningsapplikationer och kontinuerlig drift i industriella milj\u00f6er.<\/p>","protected":false},"excerpt":{"rendered":"<p>Den <strong data-start=\"367\" data-end=\"410\">UCP205 Kuddblockinsatslagerenhet<\/strong> \u00e4r en allm\u00e4nt anv\u00e4nd monterad lagerl\u00f6sning som best\u00e5r av en <strong data-start=\"469\" data-end=\"529\">UC205 insatslager och ett P-serie kuddblockhus<\/strong>. Den \u00e4r utformad f\u00f6r enkel installation, p\u00e5litligt axelst\u00f6d och stabil drift i en m\u00e4ngd olika industriella och jordbruksapplikationer.<\/p>","protected":false},"featured_media":2602,"comment_status":"open","ping_status":"closed","template":"","meta":{"site-sidebar-layout":"default","site-content-layout":"","ast-site-content-layout":"default","site-content-style":"default","site-sidebar-style":"default","ast-global-header-display":"","ast-banner-title-visibility":"","ast-main-header-display":"","ast-hfb-above-header-display":"","ast-hfb-below-header-display":"","ast-hfb-mobile-header-display":"","site-post-title":"","ast-breadcrumbs-content":"","ast-featured-img":"","footer-sml-layout":"","ast-disable-related-posts":"","theme-transparent-header-meta":"default","adv-header-id-meta":"","stick-header-meta":"default","header-above-stick-meta":"","header-main-stick-meta":"","header-below-stick-meta":"","astra-migrate-meta-layouts":"set","ast-page-background-enabled":"default","ast-page-background-meta":{"desktop":{"background-color":"","background-image":"","background-repeat":"repeat","background-position":"center center","background-size":"auto","background-attachment":"scroll","background-type":"","background-media":"","overlay-type":"","overlay-color":"","overlay-opacity":"","overlay-gradient":""},"tablet":{"background-color":"","background-image":"","background-repeat":"repeat","background-position":"center center","background-size":"auto","background-attachment":"scroll","background-type":"","background-media":"","overlay-type":"","overlay-color":"","overlay-opacity":"","overlay-gradient":""},"mobile":{"background-color":"","background-image":"","background-repeat":"repeat","background-position":"center center","background-size":"auto","background-attachment":"scroll","background-type":"","background-media":"","overlay-type":"","overlay-color":"","overlay-opacity":"","overlay-gradient":""}},"ast-content-background-meta":{"desktop":{"background-color":"var(--ast-global-color-5)","background-image":"","background-repeat":"repeat","background-position":"center center","background-size":"auto","background-attachment":"scroll","background-type":"","background-media":"","overlay-type":"","overlay-color":"","overlay-opacity":"","overlay-gradient":""},"tablet":{"background-color":"var(--ast-global-color-5)","background-image":"","background-repeat":"repeat","background-position":"center center","background-size":"auto","background-attachment":"scroll","background-type":"","background-media":"","overlay-type":"","overlay-color":"","overlay-opacity":"","overlay-gradient":""},"mobile":{"background-color":"var(--ast-global-color-5)","background-image":"","background-repeat":"repeat","background-position":"center center","background-size":"auto","background-attachment":"scroll","background-type":"","background-media":"","overlay-type":"","overlay-color":"","overlay-opacity":"","overlay-gradient":""}}},"product_brand":[],"product_cat":[27],"product_tag":[161,45,171,159,72,157,172,162,155,170],"class_list":{"0":"post-2422","1":"product","2":"type-product","3":"status-publish","4":"has-post-thumbnail","6":"product_cat-insert-bearings","7":"product_tag-bearing-housing-unit","8":"product_tag-industrial-bearing","9":"product_tag-insert-bearing-unit","10":"product_tag-mounted-bearing","11":"product_tag-oem-bearing-supplier","12":"product_tag-pillow-block-bearing","13":"product_tag-plummer-block-bearing","14":"product_tag-self-aligning-bearing","15":"product_tag-uc205-bearing","16":"product_tag-ucp205-bearing","17":"desktop-align-left","18":"tablet-align-left","19":"mobile-align-left","20":"ast-product-gallery-layout-horizontal-slider","21":"ast-product-gallery-with-no-image","22":"ast-product-tabs-layout-horizontal","24":"first","25":"instock","26":"shipping-taxable","27":"product-type-simple"},"_links":{"self":[{"href":"https:\/\/www.machinerybearings.com\/sv\/wp-json\/wp\/v2\/product\/2422","targetHints":{"allow":["GET"]}}],"collection":[{"href":"https:\/\/www.machinerybearings.com\/sv\/wp-json\/wp\/v2\/product"}],"about":[{"href":"https:\/\/www.machinerybearings.com\/sv\/wp-json\/wp\/v2\/types\/product"}],"replies":[{"embeddable":true,"href":"https:\/\/www.machinerybearings.com\/sv\/wp-json\/wp\/v2\/comments?post=2422"}],"wp:featuredmedia":[{"embeddable":true,"href":"https:\/\/www.machinerybearings.com\/sv\/wp-json\/wp\/v2\/media\/2602"}],"wp:attachment":[{"href":"https:\/\/www.machinerybearings.com\/sv\/wp-json\/wp\/v2\/media?parent=2422"}],"wp:term":[{"taxonomy":"product_brand","embeddable":true,"href":"https:\/\/www.machinerybearings.com\/sv\/wp-json\/wp\/v2\/product_brand?post=2422"},{"taxonomy":"product_cat","embeddable":true,"href":"https:\/\/www.machinerybearings.com\/sv\/wp-json\/wp\/v2\/product_cat?post=2422"},{"taxonomy":"product_tag","embeddable":true,"href":"https:\/\/www.machinerybearings.com\/sv\/wp-json\/wp\/v2\/product_tag?post=2422"}],"curies":[{"name":"wp","href":"https:\/\/api.w.org\/{rel}","templated":true}]}}