{"id":2435,"date":"2026-04-13T14:21:51","date_gmt":"2026-04-13T14:21:51","guid":{"rendered":"https:\/\/www.machinerybearings.com\/?post_type=product&#038;p=2435"},"modified":"2026-05-03T05:52:26","modified_gmt":"2026-05-03T05:52:26","slug":"1205-self-aligning-ball-bearing-double-row-bearing-for-misalignment-applications","status":"publish","type":"product","link":"https:\/\/www.machinerybearings.com\/sv\/produkt\/1205-self-aligning-ball-bearing-double-row-bearing-for-misalignment-applications\/","title":{"rendered":"1205 Sj\u00e4lvjusterande kulager \u2013 Dubbelradlager f\u00f6r feljusteringsapplikationer"},"content":{"rendered":"<p data-start=\"354\" data-end=\"704\">Den <strong data-start=\"358\" data-end=\"393\">1205 Sj\u00e4lvjusterande Kullager<\/strong> \u00e4r ett dubbelradigt kullager som \u00e4r utformat f\u00f6r att hantera axelns feljustering och avb\u00f6jning under drift. Dess unika sf\u00e4riska ytterbana g\u00f6r att lagret automatiskt kan justera justeringen, vilket minskar stress och f\u00f6rb\u00e4ttrar prestanda i till\u00e4mpningar d\u00e4r axel- eller h\u00f6ljesjustering \u00e4r sv\u00e5r att uppr\u00e4tth\u00e5lla.<\/p>\n<p data-start=\"706\" data-end=\"1001\">Detta lager \u00e4r idealiskt f\u00f6r till\u00e4mpningar som uts\u00e4tts f\u00f6r axelavb\u00f6jning, monteringsfel eller vibrationer. Tillverkat av h\u00f6gkvalitativt kromst\u00e5l och finns i rostfria st\u00e5lalternativ, ger 1205 lagret smidig drift, l\u00e5g friktion och p\u00e5litlig prestanda under en l\u00e5ng tj\u00e4nstetid.<\/p>\n<p data-start=\"1003\" data-end=\"1119\">Den kompakta designen och sj\u00e4lvjusterande kapaciteten g\u00f6r det allm\u00e4nt anv\u00e4nt i industriella till\u00e4mpningar med l\u00e4tt till medelbelastning.<\/p>\n<h1 data-section-id=\"8av2ty\" data-start=\"1126\" data-end=\"1144\"><span role=\"text\"><strong data-start=\"1128\" data-end=\"1144\">Nyckelfunktioner<\/strong><\/span><\/h1>\n<ul data-start=\"1146\" data-end=\"1483\">\n<li data-section-id=\"1fr59o7\" data-start=\"1146\" data-end=\"1205\">Sj\u00e4lvjusterande design kompenserar f\u00f6r axelns feljustering<\/li>\n<li data-section-id=\"1id6hoh\" data-start=\"1206\" data-end=\"1258\">Dubbelradig kullagerstruktur f\u00f6r f\u00f6rb\u00e4ttrad stabilitet<\/li>\n<li data-section-id=\"1g811j7\" data-start=\"1259\" data-end=\"1295\">L\u00e5g friktion och smidig rotation<\/li>\n<li data-section-id=\"dcacpc\" data-start=\"1296\" data-end=\"1347\">L\u00e4mplig f\u00f6r till\u00e4mpningar med axelavb\u00f6jning<\/li>\n<li data-section-id=\"f8hmgc\" data-start=\"1348\" data-end=\"1385\">Enkel installation och underh\u00e5ll<\/li>\n<li data-section-id=\"5mjdxq\" data-start=\"1386\" data-end=\"1431\">L\u00e5ng tj\u00e4nstetid med stabil prestanda<\/li>\n<li data-section-id=\"10s930\" data-start=\"1432\" data-end=\"1483\">Finns i st\u00e5l- och rostfria st\u00e5lversioner<\/li>\n<\/ul>\n<h1 data-section-id=\"10k15yz\" data-start=\"1490\" data-end=\"1520\"><span role=\"text\"><strong data-start=\"1492\" data-end=\"1520\">Tekniska specifikationer<\/strong><\/span><\/h1>\n<div class=\"TyagGW_tableContainer\">\n<div class=\"group TyagGW_tableWrapper flex flex-col-reverse w-fit\" tabindex=\"-1\">\n<table class=\"w-fit min-w-(--thread-content-width)\" data-start=\"1522\" data-end=\"1943\">\n<thead data-start=\"1522\" data-end=\"1543\">\n<tr data-start=\"1522\" data-end=\"1543\">\n<th class=\"\" data-start=\"1522\" data-end=\"1534\" data-col-size=\"sm\">Parameter<\/th>\n<th class=\"\" data-start=\"1534\" data-end=\"1543\" data-col-size=\"sm\">V\u00e4rde<\/th>\n<\/tr>\n<\/thead>\n<tbody data-start=\"1564\" data-end=\"1943\">\n<tr data-start=\"1564\" data-end=\"1588\">\n<td data-start=\"1564\" data-end=\"1580\" data-col-size=\"sm\">Lager Modell<\/td>\n<td data-col-size=\"sm\" data-start=\"1580\" data-end=\"1588\">1205<\/td>\n<\/tr>\n<tr data-start=\"1589\" data-end=\"1619\">\n<td data-start=\"1589\" data-end=\"1610\" data-col-size=\"sm\">Inre Diameter (d)<\/td>\n<td data-col-size=\"sm\" data-start=\"1610\" data-end=\"1619\">25 mm<\/td>\n<\/tr>\n<tr data-start=\"1620\" data-end=\"1650\">\n<td data-start=\"1620\" data-end=\"1641\" data-col-size=\"sm\">Yttre Diameter (D)<\/td>\n<td data-col-size=\"sm\" data-start=\"1641\" data-end=\"1650\">52 mm<\/td>\n<\/tr>\n<tr data-start=\"1651\" data-end=\"1672\">\n<td data-start=\"1651\" data-end=\"1663\" data-col-size=\"sm\">Bredd (B)<\/td>\n<td data-start=\"1663\" data-end=\"1672\" data-col-size=\"sm\">15 mm<\/td>\n<\/tr>\n<tr data-start=\"1673\" data-end=\"1718\">\n<td data-start=\"1673\" data-end=\"1688\" data-col-size=\"sm\">Lager Typ<\/td>\n<td data-start=\"1688\" data-end=\"1718\" data-col-size=\"sm\">Sj\u00e4lvjusterande kulager<\/td>\n<\/tr>\n<tr data-start=\"1719\" data-end=\"1745\">\n<td data-start=\"1719\" data-end=\"1731\" data-col-size=\"sm\">Struktur<\/td>\n<td data-col-size=\"sm\" data-start=\"1731\" data-end=\"1745\">Dubbel rad<\/td>\n<\/tr>\n<tr data-start=\"1746\" data-end=\"1791\">\n<td data-start=\"1746\" data-end=\"1757\" data-col-size=\"sm\">Material<\/td>\n<td data-start=\"1757\" data-end=\"1791\" data-col-size=\"sm\">Kromst\u00e5l \/ Rostfritt st\u00e5l<\/td>\n<\/tr>\n<tr data-start=\"1792\" data-end=\"1833\">\n<td data-start=\"1792\" data-end=\"1808\" data-col-size=\"sm\">Korgmaterial<\/td>\n<td data-start=\"1808\" data-end=\"1833\" data-col-size=\"sm\">St\u00e5l \/ M\u00e4ssing \/ Nylon<\/td>\n<\/tr>\n<tr data-start=\"1834\" data-end=\"1864\">\n<td data-start=\"1834\" data-end=\"1848\" data-col-size=\"sm\">Sm\u00f6rjning<\/td>\n<td data-col-size=\"sm\" data-start=\"1848\" data-end=\"1864\">Fett \/ Olja<\/td>\n<\/tr>\n<tr data-start=\"1865\" data-end=\"1900\">\n<td data-start=\"1865\" data-end=\"1884\" data-col-size=\"sm\">Precision Betyg<\/td>\n<td data-start=\"1884\" data-end=\"1900\" data-col-size=\"sm\">P0 \/ P6 \/ P5<\/td>\n<\/tr>\n<tr data-start=\"1901\" data-end=\"1943\">\n<td data-start=\"1901\" data-end=\"1925\" data-col-size=\"sm\">Driftstemperatur<\/td>\n<td data-col-size=\"sm\" data-start=\"1925\" data-end=\"1943\">-20\u00b0C till 120\u00b0C<\/td>\n<\/tr>\n<\/tbody>\n<\/table>\n<\/div>\n<\/div>\n<h1 data-section-id=\"1p00fbj\" data-start=\"1950\" data-end=\"1968\"><span role=\"text\"><strong data-start=\"1952\" data-end=\"1968\">Till\u00e4mpningar<\/strong><\/span><\/h1>\n<p data-start=\"1970\" data-end=\"2024\">Det 1205 sj\u00e4lvjusterande kulagret anv\u00e4nds i stor utstr\u00e4ckning i:<\/p>\n<ul data-start=\"2026\" data-end=\"2183\">\n<li data-section-id=\"1n6ynun\" data-start=\"2026\" data-end=\"2052\">Jordbruksmaskiner<\/li>\n<li data-section-id=\"176s2ln\" data-start=\"2053\" data-end=\"2073\">Transportbandsystem<\/li>\n<li data-section-id=\"io1u9n\" data-start=\"2074\" data-end=\"2095\">Textilmaskiner<\/li>\n<li data-section-id=\"25txyz\" data-start=\"2096\" data-end=\"2126\">L\u00e4tt industriutrustning<\/li>\n<li data-section-id=\"646cyz\" data-start=\"2127\" data-end=\"2147\">Fl\u00e4ktar och bl\u00e5smaskiner<\/li>\n<li data-section-id=\"ib1wqr\" data-start=\"2148\" data-end=\"2183\">Mekaniska transmissionssystem<\/li>\n<\/ul>\n<h1 data-section-id=\"zdmnob\" data-start=\"2190\" data-end=\"2209\"><span role=\"text\"><strong data-start=\"2192\" data-end=\"2209\">Varf\u00f6r V\u00e4lja Oss<\/strong><\/span><\/h1>\n<ul data-start=\"2211\" data-end=\"2428\">\n<li data-section-id=\"t14xel\" data-start=\"2211\" data-end=\"2264\">Stabil fabrikproduktion med konsekvent kvalitet<\/li>\n<li data-section-id=\"hq554l\" data-start=\"2265\" data-end=\"2310\">OEM och anpassade materialalternativ tillg\u00e4ngliga<\/li>\n<li data-section-id=\"18yrkc1\" data-start=\"2311\" data-end=\"2350\">Konkurrenskraftiga priser f\u00f6r bulkbest\u00e4llningar<\/li>\n<li data-section-id=\"k7xnqf\" data-start=\"2351\" data-end=\"2386\">Snabb leverans och global f\u00f6rs\u00f6rjning<\/li>\n<li data-section-id=\"1u6ytj0\" data-start=\"2387\" data-end=\"2428\">Str\u00e4ng inspektion och kvalitetskontroll<\/li>\n<\/ul>\n<h1 data-section-id=\"1iusff4\" data-start=\"2435\" data-end=\"2444\"><span role=\"text\"><strong data-start=\"2437\" data-end=\"2444\">Vanliga fr\u00e5gor<\/strong><\/span><\/h1>\n<p data-start=\"2446\" data-end=\"2614\"><strong data-start=\"2446\" data-end=\"2507\">Q1: Vad \u00e4r f\u00f6rdelen med sj\u00e4lvjusterande kulager?<\/strong><br data-start=\"2507\" data-end=\"2510\" \/>A: De kan automatiskt kompensera f\u00f6r axelavvikelser, vilket minskar stress och f\u00f6rl\u00e4nger livsl\u00e4ngden.<\/p>\n<p data-start=\"2616\" data-end=\"2750\"><strong data-start=\"2616\" data-end=\"2661\">Q2: Kan 1205-lager hantera tunga laster?<\/strong><br data-start=\"2661\" data-end=\"2664\" \/>A: De \u00e4r l\u00e4mpliga f\u00f6r l\u00e4tt till medelstora belastningar, inte f\u00f6r tungt bruk.<\/p>\n<p data-start=\"2752\" data-end=\"2874\"><strong data-start=\"2752\" data-end=\"2798\">Q3: Erbjuder ni versioner i rostfritt st\u00e5l?<\/strong><br data-start=\"2798\" data-end=\"2801\" \/>A: Ja, alternativ i rostfritt st\u00e5l finns tillg\u00e4ngliga f\u00f6r korrosiva milj\u00f6er.<\/p>","protected":false},"excerpt":{"rendered":"<p>Den <strong data-start=\"358\" data-end=\"393\">1205 Sj\u00e4lvjusterande Kullager<\/strong> \u00e4r ett dubbelradigt kullager som \u00e4r utformat f\u00f6r att hantera axelns feljustering och avb\u00f6jning under drift. Dess unika sf\u00e4riska ytterbana g\u00f6r att lagret automatiskt kan justera justeringen, vilket minskar stress och f\u00f6rb\u00e4ttrar prestanda i till\u00e4mpningar d\u00e4r axel- eller h\u00f6ljesjustering \u00e4r sv\u00e5r att uppr\u00e4tth\u00e5lla.<\/p>","protected":false},"featured_media":2538,"comment_status":"open","ping_status":"closed","template":"","meta":{"site-sidebar-layout":"default","site-content-layout":"","ast-site-content-layout":"default","site-content-style":"default","site-sidebar-style":"default","ast-global-header-display":"","ast-banner-title-visibility":"","ast-main-header-display":"","ast-hfb-above-header-display":"","ast-hfb-below-header-display":"","ast-hfb-mobile-header-display":"","site-post-title":"","ast-breadcrumbs-content":"","ast-featured-img":"","footer-sml-layout":"","ast-disable-related-posts":"","theme-transparent-header-meta":"default","adv-header-id-meta":"","stick-header-meta":"default","header-above-stick-meta":"","header-main-stick-meta":"","header-below-stick-meta":"","astra-migrate-meta-layouts":"set","ast-page-background-enabled":"default","ast-page-background-meta":{"desktop":{"background-color":"","background-image":"","background-repeat":"repeat","background-position":"center center","background-size":"auto","background-attachment":"scroll","background-type":"","background-media":"","overlay-type":"","overlay-color":"","overlay-opacity":"","overlay-gradient":""},"tablet":{"background-color":"","background-image":"","background-repeat":"repeat","background-position":"center center","background-size":"auto","background-attachment":"scroll","background-type":"","background-media":"","overlay-type":"","overlay-color":"","overlay-opacity":"","overlay-gradient":""},"mobile":{"background-color":"","background-image":"","background-repeat":"repeat","background-position":"center center","background-size":"auto","background-attachment":"scroll","background-type":"","background-media":"","overlay-type":"","overlay-color":"","overlay-opacity":"","overlay-gradient":""}},"ast-content-background-meta":{"desktop":{"background-color":"var(--ast-global-color-5)","background-image":"","background-repeat":"repeat","background-position":"center center","background-size":"auto","background-attachment":"scroll","background-type":"","background-media":"","overlay-type":"","overlay-color":"","overlay-opacity":"","overlay-gradient":""},"tablet":{"background-color":"var(--ast-global-color-5)","background-image":"","background-repeat":"repeat","background-position":"center center","background-size":"auto","background-attachment":"scroll","background-type":"","background-media":"","overlay-type":"","overlay-color":"","overlay-opacity":"","overlay-gradient":""},"mobile":{"background-color":"var(--ast-global-color-5)","background-image":"","background-repeat":"repeat","background-position":"center center","background-size":"auto","background-attachment":"scroll","background-type":"","background-media":"","overlay-type":"","overlay-color":"","overlay-opacity":"","overlay-gradient":""}}},"product_brand":[],"product_cat":[22],"product_tag":[204,160,209,206,45,208,207,72,143,205],"class_list":{"0":"post-2435","1":"product","2":"type-product","3":"status-publish","4":"has-post-thumbnail","6":"product_cat-self-aligning-ball-bearings","7":"product_tag-1205-bearing","8":"product_tag-agricultural-bearing","9":"product_tag-conveyor-bearing","10":"product_tag-double-row-bearing","11":"product_tag-industrial-bearing","12":"product_tag-light-duty-bearing","13":"product_tag-misalignment-bearing","14":"product_tag-oem-bearing-supplier","15":"product_tag-precision-bearing-manufacturer","16":"product_tag-self-aligning-ball-bearing","17":"desktop-align-left","18":"tablet-align-left","19":"mobile-align-left","20":"ast-product-gallery-layout-horizontal-slider","21":"ast-product-gallery-with-no-image","22":"ast-product-tabs-layout-horizontal","24":"first","25":"instock","26":"shipping-taxable","27":"product-type-simple"},"_links":{"self":[{"href":"https:\/\/www.machinerybearings.com\/sv\/wp-json\/wp\/v2\/product\/2435","targetHints":{"allow":["GET"]}}],"collection":[{"href":"https:\/\/www.machinerybearings.com\/sv\/wp-json\/wp\/v2\/product"}],"about":[{"href":"https:\/\/www.machinerybearings.com\/sv\/wp-json\/wp\/v2\/types\/product"}],"replies":[{"embeddable":true,"href":"https:\/\/www.machinerybearings.com\/sv\/wp-json\/wp\/v2\/comments?post=2435"}],"wp:featuredmedia":[{"embeddable":true,"href":"https:\/\/www.machinerybearings.com\/sv\/wp-json\/wp\/v2\/media\/2538"}],"wp:attachment":[{"href":"https:\/\/www.machinerybearings.com\/sv\/wp-json\/wp\/v2\/media?parent=2435"}],"wp:term":[{"taxonomy":"product_brand","embeddable":true,"href":"https:\/\/www.machinerybearings.com\/sv\/wp-json\/wp\/v2\/product_brand?post=2435"},{"taxonomy":"product_cat","embeddable":true,"href":"https:\/\/www.machinerybearings.com\/sv\/wp-json\/wp\/v2\/product_cat?post=2435"},{"taxonomy":"product_tag","embeddable":true,"href":"https:\/\/www.machinerybearings.com\/sv\/wp-json\/wp\/v2\/product_tag?post=2435"}],"curies":[{"name":"wp","href":"https:\/\/api.w.org\/{rel}","templated":true}]}}