{"id":2436,"date":"2026-04-13T14:24:10","date_gmt":"2026-04-13T14:24:10","guid":{"rendered":"https:\/\/www.machinerybearings.com\/?post_type=product&#038;p=2436"},"modified":"2026-05-03T05:56:57","modified_gmt":"2026-05-03T05:56:57","slug":"1210-self-aligning-ball-bearing-double-row-bearing-for-shaft-misalignment-applications","status":"publish","type":"product","link":"https:\/\/www.machinerybearings.com\/sv\/produkt\/1210-self-aligning-ball-bearing-double-row-bearing-for-shaft-misalignment-applications\/","title":{"rendered":"1210 Sj\u00e4lvjusterande kulager \u2013 Dubbelradlager f\u00f6r axelfeljusteringsapplikationer"},"content":{"rendered":"<p data-start=\"363\" data-end=\"651\">Den <strong data-start=\"367\" data-end=\"402\">1210 Sj\u00e4lvjusterande kulager<\/strong> \u00e4r ett dubbelradigt kulager som \u00e4r utformat f\u00f6r att automatiskt kompensera f\u00f6r axelns feljustering och avb\u00f6jning under drift. Dess sf\u00e4riska yttre sp\u00e5r m\u00f6jligg\u00f6r smidig sj\u00e4lvjustering, vilket minskar stressen p\u00e5 lagret och f\u00f6rb\u00e4ttrar driftsstabiliteten.<\/p>\n<p data-start=\"653\" data-end=\"960\">Detta lager \u00e4r s\u00e4rskilt l\u00e4mpligt f\u00f6r till\u00e4mpningar d\u00e4r installationsfel, axelb\u00f6jning eller vibrationer kan f\u00f6rekomma. Tillverkat av h\u00f6gkvalitativt kromst\u00e5l och finns i rostfritt st\u00e5l eller specialmaterialalternativ, erbjuder 1210-lagret p\u00e5litlig prestanda, l\u00e5g friktion och l\u00e5ng livsl\u00e4ngd.<\/p>\n<p data-start=\"962\" data-end=\"1111\">Med sin robusta design och st\u00f6rre storlek j\u00e4mf\u00f6rt med mindre modeller kan 1210-lagret st\u00f6dja h\u00f6gre laster samtidigt som det bibeh\u00e5ller justeringsflexibilitet.<\/p>\n<h1 data-section-id=\"8av2ty\" data-start=\"1118\" data-end=\"1136\"><span role=\"text\"><strong data-start=\"1120\" data-end=\"1136\">Nyckelfunktioner<\/strong><\/span><\/h1>\n<ul data-start=\"1138\" data-end=\"1457\">\n<li data-section-id=\"gmtb4x\" data-start=\"1138\" data-end=\"1192\">Sj\u00e4lvjusterande design f\u00f6r kompensation av feljustering<\/li>\n<li data-section-id=\"5a73n5\" data-start=\"1193\" data-end=\"1245\">Dubbelradig kulstruktur f\u00f6r \u00f6kad stabilitet<\/li>\n<li data-section-id=\"1mpt223\" data-start=\"1246\" data-end=\"1284\">Smidig drift med l\u00e5g friktion<\/li>\n<li data-section-id=\"hhcc7k\" data-start=\"1285\" data-end=\"1326\">L\u00e4mplig f\u00f6r medellastapplikationer<\/li>\n<li data-section-id=\"1cp3td6\" data-start=\"1327\" data-end=\"1371\">Minskar vibrationer och driftsstress<\/li>\n<li data-section-id=\"f8hmgc\" data-start=\"1372\" data-end=\"1409\">Enkel installation och underh\u00e5ll<\/li>\n<li data-section-id=\"fhnbqz\" data-start=\"1410\" data-end=\"1457\">L\u00e5ng livsl\u00e4ngd med p\u00e5litlig prestanda<\/li>\n<\/ul>\n<h1 data-section-id=\"10k15yz\" data-start=\"1464\" data-end=\"1494\"><span role=\"text\"><strong data-start=\"1466\" data-end=\"1494\">Tekniska specifikationer<\/strong><\/span><\/h1>\n<div class=\"TyagGW_tableContainer\">\n<div class=\"group TyagGW_tableWrapper flex flex-col-reverse w-fit\" tabindex=\"-1\">\n<table class=\"w-fit min-w-(--thread-content-width)\" data-start=\"1496\" data-end=\"1917\">\n<thead data-start=\"1496\" data-end=\"1517\">\n<tr data-start=\"1496\" data-end=\"1517\">\n<th class=\"\" data-start=\"1496\" data-end=\"1508\" data-col-size=\"sm\">Parameter<\/th>\n<th class=\"\" data-start=\"1508\" data-end=\"1517\" data-col-size=\"sm\">V\u00e4rde<\/th>\n<\/tr>\n<\/thead>\n<tbody data-start=\"1538\" data-end=\"1917\">\n<tr data-start=\"1538\" data-end=\"1562\">\n<td data-start=\"1538\" data-end=\"1554\" data-col-size=\"sm\">Lager Modell<\/td>\n<td data-col-size=\"sm\" data-start=\"1554\" data-end=\"1562\">1210<\/td>\n<\/tr>\n<tr data-start=\"1563\" data-end=\"1593\">\n<td data-start=\"1563\" data-end=\"1584\" data-col-size=\"sm\">Inre Diameter (d)<\/td>\n<td data-col-size=\"sm\" data-start=\"1584\" data-end=\"1593\">50 mm<\/td>\n<\/tr>\n<tr data-start=\"1594\" data-end=\"1624\">\n<td data-start=\"1594\" data-end=\"1615\" data-col-size=\"sm\">Yttre Diameter (D)<\/td>\n<td data-col-size=\"sm\" data-start=\"1615\" data-end=\"1624\">90 mm<\/td>\n<\/tr>\n<tr data-start=\"1625\" data-end=\"1646\">\n<td data-start=\"1625\" data-end=\"1637\" data-col-size=\"sm\">Bredd (B)<\/td>\n<td data-col-size=\"sm\" data-start=\"1637\" data-end=\"1646\">20 mm<\/td>\n<\/tr>\n<tr data-start=\"1647\" data-end=\"1692\">\n<td data-start=\"1647\" data-end=\"1662\" data-col-size=\"sm\">Lager Typ<\/td>\n<td data-col-size=\"sm\" data-start=\"1662\" data-end=\"1692\">Sj\u00e4lvjusterande kulager<\/td>\n<\/tr>\n<tr data-start=\"1693\" data-end=\"1719\">\n<td data-start=\"1693\" data-end=\"1705\" data-col-size=\"sm\">Struktur<\/td>\n<td data-col-size=\"sm\" data-start=\"1705\" data-end=\"1719\">Dubbel rad<\/td>\n<\/tr>\n<tr data-start=\"1720\" data-end=\"1765\">\n<td data-start=\"1720\" data-end=\"1731\" data-col-size=\"sm\">Material<\/td>\n<td data-start=\"1731\" data-end=\"1765\" data-col-size=\"sm\">Kromst\u00e5l \/ Rostfritt st\u00e5l<\/td>\n<\/tr>\n<tr data-start=\"1766\" data-end=\"1807\">\n<td data-start=\"1766\" data-end=\"1782\" data-col-size=\"sm\">Korgmaterial<\/td>\n<td data-start=\"1782\" data-end=\"1807\" data-col-size=\"sm\">St\u00e5l \/ M\u00e4ssing \/ Nylon<\/td>\n<\/tr>\n<tr data-start=\"1808\" data-end=\"1838\">\n<td data-start=\"1808\" data-end=\"1822\" data-col-size=\"sm\">Sm\u00f6rjning<\/td>\n<td data-col-size=\"sm\" data-start=\"1822\" data-end=\"1838\">Fett \/ Olja<\/td>\n<\/tr>\n<tr data-start=\"1839\" data-end=\"1874\">\n<td data-start=\"1839\" data-end=\"1858\" data-col-size=\"sm\">Precision Betyg<\/td>\n<td data-start=\"1858\" data-end=\"1874\" data-col-size=\"sm\">P0 \/ P6 \/ P5<\/td>\n<\/tr>\n<tr data-start=\"1875\" data-end=\"1917\">\n<td data-start=\"1875\" data-end=\"1899\" data-col-size=\"sm\">Driftstemperatur<\/td>\n<td data-start=\"1899\" data-end=\"1917\" data-col-size=\"sm\">-20\u00b0C till 120\u00b0C<\/td>\n<\/tr>\n<\/tbody>\n<\/table>\n<\/div>\n<\/div>\n<h1 data-section-id=\"1p00fbj\" data-start=\"1924\" data-end=\"1942\"><span role=\"text\"><strong data-start=\"1926\" data-end=\"1942\">Till\u00e4mpningar<\/strong><\/span><\/h1>\n<p data-start=\"1944\" data-end=\"1998\">1210 sj\u00e4lvjusterande kulager anv\u00e4nds i stor utstr\u00e4ckning i:<\/p>\n<ul data-start=\"2000\" data-end=\"2178\">\n<li data-section-id=\"1n6ynun\" data-start=\"2000\" data-end=\"2026\">Jordbruksmaskiner<\/li>\n<li data-section-id=\"176s2ln\" data-start=\"2027\" data-end=\"2047\">Transportbandsystem<\/li>\n<li data-section-id=\"io1u9n\" data-start=\"2048\" data-end=\"2069\">Textilmaskiner<\/li>\n<li data-section-id=\"1ahkbyk\" data-start=\"2070\" data-end=\"2101\">Industriella fl\u00e4ktar och bl\u00e5smaskiner<\/li>\n<li data-section-id=\"1kib5nh\" data-start=\"2102\" data-end=\"2142\">L\u00e4tt till medel industriell utrustning<\/li>\n<li data-section-id=\"ib1wqr\" data-start=\"2143\" data-end=\"2178\">Mekaniska transmissionssystem<\/li>\n<\/ul>\n<h1 data-section-id=\"zdmnob\" data-start=\"2185\" data-end=\"2204\"><span role=\"text\"><strong data-start=\"2187\" data-end=\"2204\">Varf\u00f6r V\u00e4lja Oss<\/strong><\/span><\/h1>\n<ul data-start=\"2206\" data-end=\"2416\">\n<li data-section-id=\"t14xel\" data-start=\"2206\" data-end=\"2259\">Stabil fabrikproduktion med konsekvent kvalitet<\/li>\n<li data-section-id=\"1h0w0om\" data-start=\"2260\" data-end=\"2302\">OEM och anpassade l\u00f6sningar tillg\u00e4ngliga<\/li>\n<li data-section-id=\"18yrkc1\" data-start=\"2303\" data-end=\"2342\">Konkurrenskraftiga priser f\u00f6r bulkbest\u00e4llningar<\/li>\n<li data-section-id=\"s44wzj\" data-start=\"2343\" data-end=\"2367\">Snabb global leverans<\/li>\n<li data-section-id=\"1kx8zsp\" data-start=\"2368\" data-end=\"2416\">Strikt inspektions- och kvalitetskontrollsystem<\/li>\n<\/ul>\n<h1 data-section-id=\"1iusff4\" data-start=\"2423\" data-end=\"2432\"><span role=\"text\"><strong data-start=\"2425\" data-end=\"2432\">Vanliga fr\u00e5gor<\/strong><\/span><\/h1>\n<p data-start=\"2434\" data-end=\"2596\"><strong data-start=\"2434\" data-end=\"2498\">Q1: Vad \u00e4r f\u00f6rdelen med sj\u00e4lvjusterande lager som 1210?<\/strong><br data-start=\"2498\" data-end=\"2501\" \/>A: De justerar automatiskt till axelns feljustering, vilket minskar stress och f\u00f6rl\u00e4nger lagrets livsl\u00e4ngd.<\/p>\n<p data-start=\"2598\" data-end=\"2705\"><strong data-start=\"2598\" data-end=\"2643\">Q2: Kan 1210-lager hantera tunga laster?<\/strong><br data-start=\"2643\" data-end=\"2646\" \/>A: De \u00e4r l\u00e4mpliga f\u00f6r applikationer med l\u00e4tt till medelstor belastning.<\/p>\n<p data-start=\"2707\" data-end=\"2837\"><strong data-start=\"2707\" data-end=\"2754\">Q3: Finns det versioner i rostfritt st\u00e5l?<\/strong><br data-start=\"2754\" data-end=\"2757\" \/>A: Ja, alternativ i rostfritt st\u00e5l och specialmaterial finns tillg\u00e4ngliga p\u00e5 beg\u00e4ran.<\/p>","protected":false},"excerpt":{"rendered":"<p>Den <strong data-start=\"367\" data-end=\"402\">1210 Sj\u00e4lvjusterande kulager<\/strong> \u00e4r ett dubbelradigt kulager som \u00e4r utformat f\u00f6r att automatiskt kompensera f\u00f6r axelns feljustering och avb\u00f6jning under drift. Dess sf\u00e4riska yttre sp\u00e5r m\u00f6jligg\u00f6r smidig sj\u00e4lvjustering, vilket minskar stressen p\u00e5 lagret och f\u00f6rb\u00e4ttrar driftsstabiliteten.<\/p>","protected":false},"featured_media":2539,"comment_status":"open","ping_status":"closed","template":"","meta":{"site-sidebar-layout":"default","site-content-layout":"","ast-site-content-layout":"default","site-content-style":"default","site-sidebar-style":"default","ast-global-header-display":"","ast-banner-title-visibility":"","ast-main-header-display":"","ast-hfb-above-header-display":"","ast-hfb-below-header-display":"","ast-hfb-mobile-header-display":"","site-post-title":"","ast-breadcrumbs-content":"","ast-featured-img":"","footer-sml-layout":"","ast-disable-related-posts":"","theme-transparent-header-meta":"default","adv-header-id-meta":"","stick-header-meta":"default","header-above-stick-meta":"","header-main-stick-meta":"","header-below-stick-meta":"","astra-migrate-meta-layouts":"set","ast-page-background-enabled":"default","ast-page-background-meta":{"desktop":{"background-color":"","background-image":"","background-repeat":"repeat","background-position":"center center","background-size":"auto","background-attachment":"scroll","background-type":"","background-media":"","overlay-type":"","overlay-color":"","overlay-opacity":"","overlay-gradient":""},"tablet":{"background-color":"","background-image":"","background-repeat":"repeat","background-position":"center center","background-size":"auto","background-attachment":"scroll","background-type":"","background-media":"","overlay-type":"","overlay-color":"","overlay-opacity":"","overlay-gradient":""},"mobile":{"background-color":"","background-image":"","background-repeat":"repeat","background-position":"center center","background-size":"auto","background-attachment":"scroll","background-type":"","background-media":"","overlay-type":"","overlay-color":"","overlay-opacity":"","overlay-gradient":""}},"ast-content-background-meta":{"desktop":{"background-color":"var(--ast-global-color-5)","background-image":"","background-repeat":"repeat","background-position":"center center","background-size":"auto","background-attachment":"scroll","background-type":"","background-media":"","overlay-type":"","overlay-color":"","overlay-opacity":"","overlay-gradient":""},"tablet":{"background-color":"var(--ast-global-color-5)","background-image":"","background-repeat":"repeat","background-position":"center center","background-size":"auto","background-attachment":"scroll","background-type":"","background-media":"","overlay-type":"","overlay-color":"","overlay-opacity":"","overlay-gradient":""},"mobile":{"background-color":"var(--ast-global-color-5)","background-image":"","background-repeat":"repeat","background-position":"center center","background-size":"auto","background-attachment":"scroll","background-type":"","background-media":"","overlay-type":"","overlay-color":"","overlay-opacity":"","overlay-gradient":""}}},"product_brand":[],"product_cat":[22],"product_tag":[210,160,209,206,45,211,207,72,143,205],"class_list":{"0":"post-2436","1":"product","2":"type-product","3":"status-publish","4":"has-post-thumbnail","6":"product_cat-self-aligning-ball-bearings","7":"product_tag-1210-bearing","8":"product_tag-agricultural-bearing","9":"product_tag-conveyor-bearing","10":"product_tag-double-row-bearing","11":"product_tag-industrial-bearing","12":"product_tag-mechanical-bearing","13":"product_tag-misalignment-bearing","14":"product_tag-oem-bearing-supplier","15":"product_tag-precision-bearing-manufacturer","16":"product_tag-self-aligning-ball-bearing","17":"desktop-align-left","18":"tablet-align-left","19":"mobile-align-left","20":"ast-product-gallery-layout-horizontal-slider","21":"ast-product-gallery-with-no-image","22":"ast-product-tabs-layout-horizontal","24":"first","25":"instock","26":"shipping-taxable","27":"product-type-simple"},"_links":{"self":[{"href":"https:\/\/www.machinerybearings.com\/sv\/wp-json\/wp\/v2\/product\/2436","targetHints":{"allow":["GET"]}}],"collection":[{"href":"https:\/\/www.machinerybearings.com\/sv\/wp-json\/wp\/v2\/product"}],"about":[{"href":"https:\/\/www.machinerybearings.com\/sv\/wp-json\/wp\/v2\/types\/product"}],"replies":[{"embeddable":true,"href":"https:\/\/www.machinerybearings.com\/sv\/wp-json\/wp\/v2\/comments?post=2436"}],"wp:featuredmedia":[{"embeddable":true,"href":"https:\/\/www.machinerybearings.com\/sv\/wp-json\/wp\/v2\/media\/2539"}],"wp:attachment":[{"href":"https:\/\/www.machinerybearings.com\/sv\/wp-json\/wp\/v2\/media?parent=2436"}],"wp:term":[{"taxonomy":"product_brand","embeddable":true,"href":"https:\/\/www.machinerybearings.com\/sv\/wp-json\/wp\/v2\/product_brand?post=2436"},{"taxonomy":"product_cat","embeddable":true,"href":"https:\/\/www.machinerybearings.com\/sv\/wp-json\/wp\/v2\/product_cat?post=2436"},{"taxonomy":"product_tag","embeddable":true,"href":"https:\/\/www.machinerybearings.com\/sv\/wp-json\/wp\/v2\/product_tag?post=2436"}],"curies":[{"name":"wp","href":"https:\/\/api.w.org\/{rel}","templated":true}]}}