{"id":2438,"date":"2026-04-13T14:27:13","date_gmt":"2026-04-13T14:27:13","guid":{"rendered":"https:\/\/www.machinerybearings.com\/?post_type=product&#038;p=2438"},"modified":"2026-05-03T06:20:40","modified_gmt":"2026-05-03T06:20:40","slug":"2205-double-row-self-aligning-ball-bearing-high-stability-bearing-for-misalignment-applications","status":"publish","type":"product","link":"https:\/\/www.machinerybearings.com\/sv\/produkt\/2205-double-row-self-aligning-ball-bearing-high-stability-bearing-for-misalignment-applications\/","title":{"rendered":"2205 Dubbelrad sj\u00e4lvjusterande kulager \u2013 H\u00f6g stabilitetslager f\u00f6r feljusteringsapplikationer"},"content":{"rendered":"<p data-start=\"371\" data-end=\"688\">Den <strong data-start=\"375\" data-end=\"421\">2205 Dubbelradig Sj\u00e4lvjusterande Kullager<\/strong> \u00e4r utformat f\u00f6r att hantera axelns feljustering och avb\u00f6jning samtidigt som det bibeh\u00e5ller en smidig och stabil drift. Med en dubbelradig kullagerstruktur och en sf\u00e4risk ytterbana justerar detta lager automatiskt justeringen, vilket minskar stress och f\u00f6rl\u00e4nger livsl\u00e4ngden.<\/p>\n<p data-start=\"690\" data-end=\"1000\">J\u00e4mf\u00f6rt med 1200-serien erbjuder 2205-lagret f\u00f6rb\u00e4ttrad lastkapacitet och \u00f6kad h\u00e5llbarhet, vilket g\u00f6r det l\u00e4mpligt f\u00f6r mer kr\u00e4vande industriella till\u00e4mpningar. Det \u00e4r tillverkat av h\u00f6gkvalitativt kromst\u00e5l och finns \u00e4ven i rostfritt st\u00e5l eller speciella materialalternativ f\u00f6r korrosiva milj\u00f6er.<\/p>\n<p data-start=\"1002\" data-end=\"1171\">Detta lager anv\u00e4nds i stor utstr\u00e4ckning i maskiner d\u00e4r axeljustering \u00e4r sv\u00e5r att uppr\u00e4tth\u00e5lla, vilket ger p\u00e5litlig prestanda \u00e4ven under vibrationer och dynamiska belastningsf\u00f6rh\u00e5llanden.<\/p>\n<h1 data-section-id=\"8av2ty\" data-start=\"1178\" data-end=\"1196\"><span role=\"text\"><strong data-start=\"1180\" data-end=\"1196\">Nyckelfunktioner<\/strong><\/span><\/h1>\n<ul data-start=\"1198\" data-end=\"1531\">\n<li data-section-id=\"1fr59o7\" data-start=\"1198\" data-end=\"1257\">Sj\u00e4lvjusterande design kompenserar f\u00f6r axelns feljustering<\/li>\n<li data-section-id=\"nnbnhk\" data-start=\"1258\" data-end=\"1315\">Dubbelradig kulstruktur f\u00f6r \u00f6kad lastkapacitet<\/li>\n<li data-section-id=\"17sk4ga\" data-start=\"1316\" data-end=\"1353\">Smidig rotation med l\u00e5g friktion<\/li>\n<li data-section-id=\"ib4eqx\" data-start=\"1354\" data-end=\"1403\">F\u00f6rb\u00e4ttrad stabilitet under vibrationsf\u00f6rh\u00e5llanden<\/li>\n<li data-section-id=\"hhcc7k\" data-start=\"1404\" data-end=\"1445\">L\u00e4mplig f\u00f6r medellastapplikationer<\/li>\n<li data-section-id=\"f8hmgc\" data-start=\"1446\" data-end=\"1483\">Enkel installation och underh\u00e5ll<\/li>\n<li data-section-id=\"fhnbqz\" data-start=\"1484\" data-end=\"1531\">L\u00e5ng livsl\u00e4ngd med p\u00e5litlig prestanda<\/li>\n<\/ul>\n<h1 data-section-id=\"10k15yz\" data-start=\"1538\" data-end=\"1568\"><span role=\"text\"><strong data-start=\"1540\" data-end=\"1568\">Tekniska specifikationer<\/strong><\/span><\/h1>\n<div class=\"TyagGW_tableContainer\">\n<div class=\"group TyagGW_tableWrapper flex flex-col-reverse w-fit\" tabindex=\"-1\">\n<table class=\"w-fit min-w-(--thread-content-width)\" data-start=\"1570\" data-end=\"1991\">\n<thead data-start=\"1570\" data-end=\"1591\">\n<tr data-start=\"1570\" data-end=\"1591\">\n<th class=\"\" data-start=\"1570\" data-end=\"1582\" data-col-size=\"sm\">Parameter<\/th>\n<th class=\"\" data-start=\"1582\" data-end=\"1591\" data-col-size=\"sm\">V\u00e4rde<\/th>\n<\/tr>\n<\/thead>\n<tbody data-start=\"1612\" data-end=\"1991\">\n<tr data-start=\"1612\" data-end=\"1636\">\n<td data-start=\"1612\" data-end=\"1628\" data-col-size=\"sm\">Lager Modell<\/td>\n<td data-start=\"1628\" data-end=\"1636\" data-col-size=\"sm\">2205<\/td>\n<\/tr>\n<tr data-start=\"1637\" data-end=\"1667\">\n<td data-start=\"1637\" data-end=\"1658\" data-col-size=\"sm\">Inre Diameter (d)<\/td>\n<td data-col-size=\"sm\" data-start=\"1658\" data-end=\"1667\">25 mm<\/td>\n<\/tr>\n<tr data-start=\"1668\" data-end=\"1698\">\n<td data-start=\"1668\" data-end=\"1689\" data-col-size=\"sm\">Yttre Diameter (D)<\/td>\n<td data-start=\"1689\" data-end=\"1698\" data-col-size=\"sm\">52 mm<\/td>\n<\/tr>\n<tr data-start=\"1699\" data-end=\"1720\">\n<td data-start=\"1699\" data-end=\"1711\" data-col-size=\"sm\">Bredd (B)<\/td>\n<td data-col-size=\"sm\" data-start=\"1711\" data-end=\"1720\">18 mm<\/td>\n<\/tr>\n<tr data-start=\"1721\" data-end=\"1766\">\n<td data-start=\"1721\" data-end=\"1736\" data-col-size=\"sm\">Lager Typ<\/td>\n<td data-col-size=\"sm\" data-start=\"1736\" data-end=\"1766\">Sj\u00e4lvjusterande kulager<\/td>\n<\/tr>\n<tr data-start=\"1767\" data-end=\"1793\">\n<td data-start=\"1767\" data-end=\"1779\" data-col-size=\"sm\">Struktur<\/td>\n<td data-col-size=\"sm\" data-start=\"1779\" data-end=\"1793\">Dubbel rad<\/td>\n<\/tr>\n<tr data-start=\"1794\" data-end=\"1839\">\n<td data-start=\"1794\" data-end=\"1805\" data-col-size=\"sm\">Material<\/td>\n<td data-start=\"1805\" data-end=\"1839\" data-col-size=\"sm\">Kromst\u00e5l \/ Rostfritt st\u00e5l<\/td>\n<\/tr>\n<tr data-start=\"1840\" data-end=\"1881\">\n<td data-start=\"1840\" data-end=\"1856\" data-col-size=\"sm\">Korgmaterial<\/td>\n<td data-col-size=\"sm\" data-start=\"1856\" data-end=\"1881\">St\u00e5l \/ M\u00e4ssing \/ Nylon<\/td>\n<\/tr>\n<tr data-start=\"1882\" data-end=\"1912\">\n<td data-start=\"1882\" data-end=\"1896\" data-col-size=\"sm\">Sm\u00f6rjning<\/td>\n<td data-col-size=\"sm\" data-start=\"1896\" data-end=\"1912\">Fett \/ Olja<\/td>\n<\/tr>\n<tr data-start=\"1913\" data-end=\"1948\">\n<td data-start=\"1913\" data-end=\"1932\" data-col-size=\"sm\">Precision Betyg<\/td>\n<td data-start=\"1932\" data-end=\"1948\" data-col-size=\"sm\">P0 \/ P6 \/ P5<\/td>\n<\/tr>\n<tr data-start=\"1949\" data-end=\"1991\">\n<td data-start=\"1949\" data-end=\"1973\" data-col-size=\"sm\">Driftstemperatur<\/td>\n<td data-col-size=\"sm\" data-start=\"1973\" data-end=\"1991\">-20\u00b0C till 120\u00b0C<\/td>\n<\/tr>\n<\/tbody>\n<\/table>\n<\/div>\n<\/div>\n<h1 data-section-id=\"1p00fbj\" data-start=\"1998\" data-end=\"2016\"><span role=\"text\"><strong data-start=\"2000\" data-end=\"2016\">Till\u00e4mpningar<\/strong><\/span><\/h1>\n<p data-start=\"2018\" data-end=\"2072\">2205 sj\u00e4lvjusterande kullager anv\u00e4nds i stor utstr\u00e4ckning i:<\/p>\n<ul data-start=\"2074\" data-end=\"2252\">\n<li data-section-id=\"1n6ynun\" data-start=\"2074\" data-end=\"2100\">Jordbruksmaskiner<\/li>\n<li data-section-id=\"176s2ln\" data-start=\"2101\" data-end=\"2121\">Transportbandsystem<\/li>\n<li data-section-id=\"io1u9n\" data-start=\"2122\" data-end=\"2143\">Textilmaskiner<\/li>\n<li data-section-id=\"1ahkbyk\" data-start=\"2144\" data-end=\"2175\">Industriella fl\u00e4ktar och bl\u00e5smaskiner<\/li>\n<li data-section-id=\"1kib5nh\" data-start=\"2176\" data-end=\"2216\">L\u00e4tt till medel industriell utrustning<\/li>\n<li data-section-id=\"ib1wqr\" data-start=\"2217\" data-end=\"2252\">Mekaniska transmissionssystem<\/li>\n<\/ul>\n<h1 data-section-id=\"zdmnob\" data-start=\"2259\" data-end=\"2278\"><span role=\"text\"><strong data-start=\"2261\" data-end=\"2278\">Varf\u00f6r V\u00e4lja Oss<\/strong><\/span><\/h1>\n<ul data-start=\"2280\" data-end=\"2504\">\n<li data-section-id=\"t14xel\" data-start=\"2280\" data-end=\"2333\">Stabil fabrikproduktion med konsekvent kvalitet<\/li>\n<li data-section-id=\"hq554l\" data-start=\"2334\" data-end=\"2379\">OEM och anpassade materialalternativ tillg\u00e4ngliga<\/li>\n<li data-section-id=\"18yrkc1\" data-start=\"2380\" data-end=\"2419\">Konkurrenskraftiga priser f\u00f6r bulkbest\u00e4llningar<\/li>\n<li data-section-id=\"k7xnqf\" data-start=\"2420\" data-end=\"2455\">Snabb leverans och global f\u00f6rs\u00f6rjning<\/li>\n<li data-section-id=\"1xn5vwo\" data-start=\"2456\" data-end=\"2504\">Strikt kvalitetsinspektions- och testningssystem<\/li>\n<\/ul>\n<h1 data-section-id=\"1iusff4\" data-start=\"2511\" data-end=\"2520\"><span role=\"text\"><strong data-start=\"2513\" data-end=\"2520\">Vanliga fr\u00e5gor<\/strong><\/span><\/h1>\n<p data-start=\"2522\" data-end=\"2667\"><strong data-start=\"2522\" data-end=\"2586\">Q1: Vad \u00e4r f\u00f6rdelen med 2205 j\u00e4mf\u00f6rt med 1205-lager?<\/strong><br data-start=\"2586\" data-end=\"2589\" \/>A: 2205-lagret har h\u00f6gre lastkapacitet och f\u00f6rb\u00e4ttrad strukturell styrka.<\/p>\n<p data-start=\"2669\" data-end=\"2794\"><strong data-start=\"2669\" data-end=\"2715\">Q2: Kan 2205-lager hantera feljustering?<\/strong><br data-start=\"2715\" data-end=\"2718\" \/>A: Ja, de \u00e4r specifikt utformade f\u00f6r att kompensera f\u00f6r axelns feljustering.<\/p>\n<p data-start=\"2796\" data-end=\"2940\"><strong data-start=\"2796\" data-end=\"2843\">Q3: Finns det versioner i rostfritt st\u00e5l?<\/strong><br data-start=\"2843\" data-end=\"2846\" \/>A: Ja, alternativ i rostfritt st\u00e5l och speciella material finns tillg\u00e4ngliga f\u00f6r korrosiva milj\u00f6er.<\/p>","protected":false},"excerpt":{"rendered":"<p>Den <strong data-start=\"375\" data-end=\"421\">2205 Dubbelradig Sj\u00e4lvjusterande Kullager<\/strong> \u00e4r utformat f\u00f6r att hantera axelns feljustering och avb\u00f6jning samtidigt som det bibeh\u00e5ller en smidig och stabil drift. Med en dubbelradig kullagerstruktur och en sf\u00e4risk ytterbana justerar detta lager automatiskt justeringen, vilket minskar stress och f\u00f6rl\u00e4nger livsl\u00e4ngden.<\/p>","protected":false},"featured_media":2544,"comment_status":"open","ping_status":"closed","template":"","meta":{"site-sidebar-layout":"default","site-content-layout":"","ast-site-content-layout":"default","site-content-style":"default","site-sidebar-style":"default","ast-global-header-display":"","ast-banner-title-visibility":"","ast-main-header-display":"","ast-hfb-above-header-display":"","ast-hfb-below-header-display":"","ast-hfb-mobile-header-display":"","site-post-title":"","ast-breadcrumbs-content":"","ast-featured-img":"","footer-sml-layout":"","ast-disable-related-posts":"","theme-transparent-header-meta":"default","adv-header-id-meta":"","stick-header-meta":"default","header-above-stick-meta":"","header-main-stick-meta":"","header-below-stick-meta":"","astra-migrate-meta-layouts":"set","ast-page-background-enabled":"default","ast-page-background-meta":{"desktop":{"background-color":"","background-image":"","background-repeat":"repeat","background-position":"center center","background-size":"auto","background-attachment":"scroll","background-type":"","background-media":"","overlay-type":"","overlay-color":"","overlay-opacity":"","overlay-gradient":""},"tablet":{"background-color":"","background-image":"","background-repeat":"repeat","background-position":"center center","background-size":"auto","background-attachment":"scroll","background-type":"","background-media":"","overlay-type":"","overlay-color":"","overlay-opacity":"","overlay-gradient":""},"mobile":{"background-color":"","background-image":"","background-repeat":"repeat","background-position":"center center","background-size":"auto","background-attachment":"scroll","background-type":"","background-media":"","overlay-type":"","overlay-color":"","overlay-opacity":"","overlay-gradient":""}},"ast-content-background-meta":{"desktop":{"background-color":"var(--ast-global-color-5)","background-image":"","background-repeat":"repeat","background-position":"center center","background-size":"auto","background-attachment":"scroll","background-type":"","background-media":"","overlay-type":"","overlay-color":"","overlay-opacity":"","overlay-gradient":""},"tablet":{"background-color":"var(--ast-global-color-5)","background-image":"","background-repeat":"repeat","background-position":"center center","background-size":"auto","background-attachment":"scroll","background-type":"","background-media":"","overlay-type":"","overlay-color":"","overlay-opacity":"","overlay-gradient":""},"mobile":{"background-color":"var(--ast-global-color-5)","background-image":"","background-repeat":"repeat","background-position":"center center","background-size":"auto","background-attachment":"scroll","background-type":"","background-media":"","overlay-type":"","overlay-color":"","overlay-opacity":"","overlay-gradient":""}}},"product_brand":[],"product_cat":[22],"product_tag":[212,160,209,206,45,211,207,72,143,205],"class_list":{"0":"post-2438","1":"product","2":"type-product","3":"status-publish","4":"has-post-thumbnail","6":"product_cat-self-aligning-ball-bearings","7":"product_tag-2205-bearing","8":"product_tag-agricultural-bearing","9":"product_tag-conveyor-bearing","10":"product_tag-double-row-bearing","11":"product_tag-industrial-bearing","12":"product_tag-mechanical-bearing","13":"product_tag-misalignment-bearing","14":"product_tag-oem-bearing-supplier","15":"product_tag-precision-bearing-manufacturer","16":"product_tag-self-aligning-ball-bearing","17":"desktop-align-left","18":"tablet-align-left","19":"mobile-align-left","20":"ast-product-gallery-layout-horizontal-slider","21":"ast-product-gallery-with-no-image","22":"ast-product-tabs-layout-horizontal","24":"first","25":"instock","26":"shipping-taxable","27":"product-type-simple"},"_links":{"self":[{"href":"https:\/\/www.machinerybearings.com\/sv\/wp-json\/wp\/v2\/product\/2438","targetHints":{"allow":["GET"]}}],"collection":[{"href":"https:\/\/www.machinerybearings.com\/sv\/wp-json\/wp\/v2\/product"}],"about":[{"href":"https:\/\/www.machinerybearings.com\/sv\/wp-json\/wp\/v2\/types\/product"}],"replies":[{"embeddable":true,"href":"https:\/\/www.machinerybearings.com\/sv\/wp-json\/wp\/v2\/comments?post=2438"}],"wp:featuredmedia":[{"embeddable":true,"href":"https:\/\/www.machinerybearings.com\/sv\/wp-json\/wp\/v2\/media\/2544"}],"wp:attachment":[{"href":"https:\/\/www.machinerybearings.com\/sv\/wp-json\/wp\/v2\/media?parent=2438"}],"wp:term":[{"taxonomy":"product_brand","embeddable":true,"href":"https:\/\/www.machinerybearings.com\/sv\/wp-json\/wp\/v2\/product_brand?post=2438"},{"taxonomy":"product_cat","embeddable":true,"href":"https:\/\/www.machinerybearings.com\/sv\/wp-json\/wp\/v2\/product_cat?post=2438"},{"taxonomy":"product_tag","embeddable":true,"href":"https:\/\/www.machinerybearings.com\/sv\/wp-json\/wp\/v2\/product_tag?post=2438"}],"curies":[{"name":"wp","href":"https:\/\/api.w.org\/{rel}","templated":true}]}}