{"id":2440,"date":"2026-04-13T14:32:45","date_gmt":"2026-04-13T14:32:45","guid":{"rendered":"https:\/\/www.machinerybearings.com\/?post_type=product&#038;p=2440"},"modified":"2026-05-04T14:15:15","modified_gmt":"2026-05-04T14:15:15","slug":"wide-inner-ring-bearing-insert-bearing-with-extended-inner-ring-for-enhanced-shaft-support","status":"publish","type":"product","link":"https:\/\/www.machinerybearings.com\/sv\/produkt\/wide-inner-ring-bearing-insert-bearing-with-extended-inner-ring-for-enhanced-shaft-support\/","title":{"rendered":"Bred Inre Ring Lager \u2013 Insatslager med F\u00f6rl\u00e4ngd Inre Ring f\u00f6r F\u00f6rb\u00e4ttrat Axelt st\u00f6d"},"content":{"rendered":"<p data-start=\"376\" data-end=\"699\">Den <strong data-start=\"380\" data-end=\"407\">Bred inre ringlager<\/strong> \u00e4r ett specialiserat insatslager utformat med en f\u00f6rl\u00e4ngd inre ring p\u00e5 ena eller b\u00e5da sidor. Denna design ger extra axelst\u00f6d, f\u00f6rb\u00e4ttrad stabilitet och b\u00e4ttre l\u00e5sningsprestanda, vilket g\u00f6r det idealiskt f\u00f6r till\u00e4mpningar med axelfel, vibrationer eller begr\u00e4nsad axell\u00e4ngd.<\/p>\n<p data-start=\"701\" data-end=\"997\">Brett anv\u00e4nt inom jordbruksmaskiner och transportsystem, breda inre ringlager \u00e4r vanligtvis monterade i kuddblock eller fl\u00e4nsh\u00f6ljen. Den f\u00f6rl\u00e4ngda inre ringen m\u00f6jligg\u00f6r s\u00e4ker fasts\u00e4ttning med hj\u00e4lp av skruvar eller excentriska l\u00e5sringar, vilket s\u00e4kerst\u00e4ller p\u00e5litlig drift under dynamiska belastningsf\u00f6rh\u00e5llanden.<\/p>\n<p data-start=\"999\" data-end=\"1194\">Tillverkade av h\u00f6gkvalitativt kromst\u00e5l och finns i rostfria versioner, dessa lager erbjuder utm\u00e4rkt h\u00e5llbarhet, smidig rotation och l\u00e5ng livsl\u00e4ngd i kr\u00e4vande milj\u00f6er.<\/p>\n<h1 data-section-id=\"8av2ty\" data-start=\"1201\" data-end=\"1219\"><span role=\"text\"><strong data-start=\"1203\" data-end=\"1219\">Nyckelfunktioner<\/strong><\/span><\/h1>\n<ul data-start=\"1221\" data-end=\"1567\">\n<li data-section-id=\"19holap\" data-start=\"1221\" data-end=\"1271\">F\u00f6rl\u00e4ngd inre ring f\u00f6r f\u00f6rb\u00e4ttrat axelst\u00f6d<\/li>\n<li data-section-id=\"1j20xvq\" data-start=\"1272\" data-end=\"1332\">F\u00f6rb\u00e4ttrad stabilitet i till\u00e4mpningar med axelflexion<\/li>\n<li data-section-id=\"1te2cmv\" data-start=\"1333\" data-end=\"1387\">S\u00e4ker l\u00e5sning med skruvar eller excentrisk ring<\/li>\n<li data-section-id=\"3br2ju\" data-start=\"1388\" data-end=\"1426\">Sj\u00e4lvjusterande ytdesign<\/li>\n<li data-section-id=\"hwxtx0\" data-start=\"1427\" data-end=\"1476\">L\u00e4mplig f\u00f6r kuddblock och fl\u00e4nsh\u00f6ljen<\/li>\n<li data-section-id=\"1lzu0yl\" data-start=\"1477\" data-end=\"1516\">F\u00f6rsmord f\u00f6r enkel underh\u00e5ll<\/li>\n<li data-section-id=\"1u6kvkj\" data-start=\"1517\" data-end=\"1567\">Stark motst\u00e5ndskraft mot vibrationer och st\u00f6tbelastningar<\/li>\n<\/ul>\n<h1 data-section-id=\"10k15yz\" data-start=\"1574\" data-end=\"1604\"><span role=\"text\"><strong data-start=\"1576\" data-end=\"1604\">Tekniska specifikationer<\/strong><\/span><\/h1>\n<div class=\"TyagGW_tableContainer\">\n<div class=\"group TyagGW_tableWrapper flex flex-col-reverse w-fit\" tabindex=\"-1\">\n<table class=\"w-fit min-w-(--thread-content-width)\" data-start=\"1606\" data-end=\"2064\">\n<thead data-start=\"1606\" data-end=\"1627\">\n<tr data-start=\"1606\" data-end=\"1627\">\n<th class=\"\" data-start=\"1606\" data-end=\"1618\" data-col-size=\"sm\">Parameter<\/th>\n<th class=\"\" data-start=\"1618\" data-end=\"1627\" data-col-size=\"md\">V\u00e4rde<\/th>\n<\/tr>\n<\/thead>\n<tbody data-start=\"1648\" data-end=\"2064\">\n<tr data-start=\"1648\" data-end=\"1697\">\n<td data-start=\"1648\" data-end=\"1663\" data-col-size=\"sm\">Lager Typ<\/td>\n<td data-col-size=\"md\" data-start=\"1663\" data-end=\"1697\">Bred inre ringinsatslager<\/td>\n<\/tr>\n<tr data-start=\"1698\" data-end=\"1762\">\n<td data-start=\"1698\" data-end=\"1710\" data-col-size=\"sm\">Struktur<\/td>\n<td data-col-size=\"md\" data-start=\"1710\" data-end=\"1762\">Enradigt kulager med f\u00f6rl\u00e4ngd inre ring<\/td>\n<\/tr>\n<tr data-start=\"1763\" data-end=\"1808\">\n<td data-start=\"1763\" data-end=\"1774\" data-col-size=\"sm\">Material<\/td>\n<td data-col-size=\"md\" data-start=\"1774\" data-end=\"1808\">Kromst\u00e5l \/ Rostfritt st\u00e5l<\/td>\n<\/tr>\n<tr data-start=\"1809\" data-end=\"1866\">\n<td data-start=\"1809\" data-end=\"1826\" data-col-size=\"sm\">L\u00e5sningsmetod<\/td>\n<td data-col-size=\"md\" data-start=\"1826\" data-end=\"1866\">St\u00e4llskruv \/ Excentrisk l\u00e5sring<\/td>\n<\/tr>\n<tr data-start=\"1867\" data-end=\"1904\">\n<td data-start=\"1867\" data-end=\"1882\" data-col-size=\"sm\">T\u00e4tnings typ<\/td>\n<td data-col-size=\"md\" data-start=\"1882\" data-end=\"1904\">Gummit\u00e4tningar (2RS)<\/td>\n<\/tr>\n<tr data-start=\"1905\" data-end=\"1934\">\n<td data-start=\"1905\" data-end=\"1919\" data-col-size=\"sm\">Sm\u00f6rjning<\/td>\n<td data-col-size=\"md\" data-start=\"1919\" data-end=\"1934\">F\u00f6rsmord<\/td>\n<\/tr>\n<tr data-start=\"1935\" data-end=\"1986\">\n<td data-start=\"1935\" data-end=\"1959\" data-col-size=\"sm\">H\u00f6ljeskompatibilitet<\/td>\n<td data-col-size=\"md\" data-start=\"1959\" data-end=\"1986\">UCP \/ UCF \/ UCFL-serier<\/td>\n<\/tr>\n<tr data-start=\"1987\" data-end=\"2029\">\n<td data-start=\"1987\" data-end=\"2011\" data-col-size=\"sm\">Driftstemperatur<\/td>\n<td data-col-size=\"md\" data-start=\"2011\" data-end=\"2029\">-20\u00b0C till 120\u00b0C<\/td>\n<\/tr>\n<tr data-start=\"2030\" data-end=\"2064\">\n<td data-start=\"2030\" data-end=\"2042\" data-col-size=\"sm\">Lasttyp<\/td>\n<td data-col-size=\"md\" data-start=\"2042\" data-end=\"2064\">Medium radial belastning<\/td>\n<\/tr>\n<\/tbody>\n<\/table>\n<\/div>\n<\/div>\n<h1 data-section-id=\"1p00fbj\" data-start=\"2071\" data-end=\"2089\"><span role=\"text\"><strong data-start=\"2073\" data-end=\"2089\">Till\u00e4mpningar<\/strong><\/span><\/h1>\n<p data-start=\"2091\" data-end=\"2135\">Breda inner ringlager anv\u00e4nds i stor utstr\u00e4ckning i:<\/p>\n<ul data-start=\"2137\" data-end=\"2291\">\n<li data-section-id=\"1n6ynun\" data-start=\"2137\" data-end=\"2163\">Jordbruksmaskiner<\/li>\n<li data-section-id=\"176s2ln\" data-start=\"2164\" data-end=\"2184\">Transportbandsystem<\/li>\n<li data-section-id=\"1vok1mu\" data-start=\"2185\" data-end=\"2214\">Gr\u00e4smatte- och tr\u00e4dg\u00e5rdsutrustning<\/li>\n<li data-section-id=\"io1u9n\" data-start=\"2215\" data-end=\"2236\">Textilmaskiner<\/li>\n<li data-section-id=\"1htpp6l\" data-start=\"2237\" data-end=\"2260\">F\u00f6rpackningsutrustning<\/li>\n<li data-section-id=\"14dhqtb\" data-start=\"2261\" data-end=\"2291\">L\u00e4tt industriell maskinvara<\/li>\n<\/ul>\n<h1 data-section-id=\"zdmnob\" data-start=\"2298\" data-end=\"2317\"><span role=\"text\"><strong data-start=\"2300\" data-end=\"2317\">Varf\u00f6r V\u00e4lja Oss<\/strong><\/span><\/h1>\n<ul data-start=\"2319\" data-end=\"2558\">\n<li data-section-id=\"27wjk1\" data-start=\"2319\" data-end=\"2372\">Stark erfarenhet av tillverkning av insatslager<\/li>\n<li data-section-id=\"1rc9oj3\" data-start=\"2373\" data-end=\"2419\">OEM och anpassade l\u00e5sl\u00f6sningar tillg\u00e4ngliga<\/li>\n<li data-section-id=\"1veetvt\" data-start=\"2420\" data-end=\"2470\">H\u00f6gkvalitativa material med stabil prestanda<\/li>\n<li data-section-id=\"25hgpv\" data-start=\"2471\" data-end=\"2513\">Kompatibel med standard h\u00f6ljesenheter<\/li>\n<li data-section-id=\"1lpvtyk\" data-start=\"2514\" data-end=\"2558\">Snabb leverans och kapacitet f\u00f6r storleveranser<\/li>\n<\/ul>\n<h1 data-section-id=\"1iusff4\" data-start=\"2565\" data-end=\"2574\"><span role=\"text\"><strong data-start=\"2567\" data-end=\"2574\">Vanliga fr\u00e5gor<\/strong><\/span><\/h1>\n<p data-start=\"2576\" data-end=\"2751\"><strong data-start=\"2576\" data-end=\"2635\">Q1: Vad \u00e4r f\u00f6rdelen med ett brett inner ringlager?<\/strong><br data-start=\"2635\" data-end=\"2638\" \/>A: Det ger b\u00e4ttre axelst\u00f6d och stabilitet, s\u00e4rskilt i applikationer med axelflexion eller vibration.<\/p>\n<p data-start=\"2753\" data-end=\"2877\"><strong data-start=\"2753\" data-end=\"2799\">Q2: Hur \u00e4r lagret f\u00e4st vid axeln?<\/strong><br data-start=\"2799\" data-end=\"2802\" \/>A: Det s\u00e4kras vanligtvis med st\u00e4llskruvar eller en excentrisk l\u00e5sring.<\/p>\n<p data-start=\"2879\" data-end=\"3013\"><strong data-start=\"2879\" data-end=\"2938\">Q3: Kan det anv\u00e4ndas med standard kuddblocksh\u00f6ljen?<\/strong><br data-start=\"2938\" data-end=\"2941\" \/>A: Ja, det \u00e4r kompatibelt med standard UCP, UCF och UCFL bostadsenheter.<\/p>","protected":false},"excerpt":{"rendered":"<p>Den <strong data-start=\"380\" data-end=\"407\">Bred inre ringlager<\/strong> \u00e4r ett specialiserat insatslager utformat med en f\u00f6rl\u00e4ngd inre ring p\u00e5 ena eller b\u00e5da sidor. Denna design ger extra axelst\u00f6d, f\u00f6rb\u00e4ttrad stabilitet och b\u00e4ttre l\u00e5sningsprestanda, vilket g\u00f6r det idealiskt f\u00f6r till\u00e4mpningar med axelfel, vibrationer eller begr\u00e4nsad axell\u00e4ngd.<\/p>","protected":false},"featured_media":2603,"comment_status":"open","ping_status":"closed","template":"","meta":{"site-sidebar-layout":"default","site-content-layout":"","ast-site-content-layout":"default","site-content-style":"default","site-sidebar-style":"default","ast-global-header-display":"","ast-banner-title-visibility":"","ast-main-header-display":"","ast-hfb-above-header-display":"","ast-hfb-below-header-display":"","ast-hfb-mobile-header-display":"","site-post-title":"","ast-breadcrumbs-content":"","ast-featured-img":"","footer-sml-layout":"","ast-disable-related-posts":"","theme-transparent-header-meta":"default","adv-header-id-meta":"","stick-header-meta":"default","header-above-stick-meta":"","header-main-stick-meta":"","header-below-stick-meta":"","astra-migrate-meta-layouts":"set","ast-page-background-enabled":"default","ast-page-background-meta":{"desktop":{"background-color":"","background-image":"","background-repeat":"repeat","background-position":"center center","background-size":"auto","background-attachment":"scroll","background-type":"","background-media":"","overlay-type":"","overlay-color":"","overlay-opacity":"","overlay-gradient":""},"tablet":{"background-color":"","background-image":"","background-repeat":"repeat","background-position":"center center","background-size":"auto","background-attachment":"scroll","background-type":"","background-media":"","overlay-type":"","overlay-color":"","overlay-opacity":"","overlay-gradient":""},"mobile":{"background-color":"","background-image":"","background-repeat":"repeat","background-position":"center center","background-size":"auto","background-attachment":"scroll","background-type":"","background-media":"","overlay-type":"","overlay-color":"","overlay-opacity":"","overlay-gradient":""}},"ast-content-background-meta":{"desktop":{"background-color":"var(--ast-global-color-5)","background-image":"","background-repeat":"repeat","background-position":"center center","background-size":"auto","background-attachment":"scroll","background-type":"","background-media":"","overlay-type":"","overlay-color":"","overlay-opacity":"","overlay-gradient":""},"tablet":{"background-color":"var(--ast-global-color-5)","background-image":"","background-repeat":"repeat","background-position":"center center","background-size":"auto","background-attachment":"scroll","background-type":"","background-media":"","overlay-type":"","overlay-color":"","overlay-opacity":"","overlay-gradient":""},"mobile":{"background-color":"var(--ast-global-color-5)","background-image":"","background-repeat":"repeat","background-position":"center center","background-size":"auto","background-attachment":"scroll","background-type":"","background-media":"","overlay-type":"","overlay-color":"","overlay-opacity":"","overlay-gradient":""}}},"product_brand":[],"product_cat":[22],"product_tag":[160,209,45,156,159,72,157,162,215,214],"class_list":{"0":"post-2440","1":"product","2":"type-product","3":"status-publish","4":"has-post-thumbnail","6":"product_cat-self-aligning-ball-bearings","7":"product_tag-agricultural-bearing","8":"product_tag-conveyor-bearing","9":"product_tag-industrial-bearing","10":"product_tag-insert-bearing","11":"product_tag-mounted-bearing","12":"product_tag-oem-bearing-supplier","13":"product_tag-pillow-block-bearing","14":"product_tag-self-aligning-bearing","15":"product_tag-uc-bearing","16":"product_tag-wide-inner-ring-bearing","17":"desktop-align-left","18":"tablet-align-left","19":"mobile-align-left","20":"ast-product-gallery-layout-horizontal-slider","21":"ast-product-gallery-with-no-image","22":"ast-product-tabs-layout-horizontal","24":"first","25":"instock","26":"shipping-taxable","27":"product-type-simple"},"_links":{"self":[{"href":"https:\/\/www.machinerybearings.com\/sv\/wp-json\/wp\/v2\/product\/2440","targetHints":{"allow":["GET"]}}],"collection":[{"href":"https:\/\/www.machinerybearings.com\/sv\/wp-json\/wp\/v2\/product"}],"about":[{"href":"https:\/\/www.machinerybearings.com\/sv\/wp-json\/wp\/v2\/types\/product"}],"replies":[{"embeddable":true,"href":"https:\/\/www.machinerybearings.com\/sv\/wp-json\/wp\/v2\/comments?post=2440"}],"wp:featuredmedia":[{"embeddable":true,"href":"https:\/\/www.machinerybearings.com\/sv\/wp-json\/wp\/v2\/media\/2603"}],"wp:attachment":[{"href":"https:\/\/www.machinerybearings.com\/sv\/wp-json\/wp\/v2\/media?parent=2440"}],"wp:term":[{"taxonomy":"product_brand","embeddable":true,"href":"https:\/\/www.machinerybearings.com\/sv\/wp-json\/wp\/v2\/product_brand?post=2440"},{"taxonomy":"product_cat","embeddable":true,"href":"https:\/\/www.machinerybearings.com\/sv\/wp-json\/wp\/v2\/product_cat?post=2440"},{"taxonomy":"product_tag","embeddable":true,"href":"https:\/\/www.machinerybearings.com\/sv\/wp-json\/wp\/v2\/product_tag?post=2440"}],"curies":[{"name":"wp","href":"https:\/\/api.w.org\/{rel}","templated":true}]}}