{"id":2446,"date":"2026-04-13T14:44:47","date_gmt":"2026-04-13T14:44:47","guid":{"rendered":"https:\/\/www.machinerybearings.com\/?post_type=product&#038;p=2446"},"modified":"2026-05-03T06:29:37","modified_gmt":"2026-05-03T06:29:37","slug":"22210-spherical-roller-bearing-heavy-load-self-aligning-bearing-for-industrial-machinery","status":"publish","type":"product","link":"https:\/\/www.machinerybearings.com\/sv\/produkt\/22210-spherical-roller-bearing-heavy-load-self-aligning-bearing-for-industrial-machinery\/","title":{"rendered":"22210 Sf\u00e4riskt rullager \u2013 Tungt sj\u00e4lvjusterande lager f\u00f6r industriell maskinvara"},"content":{"rendered":"<p data-start=\"365\" data-end=\"710\">Den <strong data-start=\"369\" data-end=\"403\">22210 Sf\u00e4risk Rullager<\/strong> \u00e4r ett h\u00f6gpresterande dubbelradlager som \u00e4r utformat f\u00f6r att hantera tunga radiella laster och m\u00e5ttliga axiella laster samtidigt som det kompenserar f\u00f6r axelmiskalning. Dess sf\u00e4riska sp\u00e5r m\u00f6jligg\u00f6r automatisk justering, vilket g\u00f6r det idealiskt f\u00f6r applikationer med axelflexion, installationsfel eller dynamiska driftsf\u00f6rh\u00e5llanden.<\/p>\n<p data-start=\"712\" data-end=\"971\">J\u00e4mf\u00f6rt med standardkulager erbjuder 22210 lagret \u00f6verl\u00e4gsen lastkapacitet, f\u00f6rb\u00e4ttrad h\u00e5llbarhet och utm\u00e4rkt motst\u00e5nd mot st\u00f6tar och vibrationer. Det anv\u00e4nds i stor utstr\u00e4ckning i tunga industriella milj\u00f6er d\u00e4r tillf\u00f6rlitlighet och l\u00e5ng livsl\u00e4ngd \u00e4r avg\u00f6rande.<\/p>\n<p data-start=\"973\" data-end=\"1150\">Tillverkat av h\u00f6gkvalitativt kromst\u00e5l eller legeringsst\u00e5l, s\u00e4kerst\u00e4ller 22210 lagret smidig rotation, minskad friktion och stabil prestanda under kontinuerliga belastningsf\u00f6rh\u00e5llanden.<\/p>\n<h1 data-section-id=\"8av2ty\" data-start=\"1157\" data-end=\"1175\"><span role=\"text\"><strong data-start=\"1159\" data-end=\"1175\">Nyckelfunktioner<\/strong><\/span><\/h1>\n<ul data-start=\"1177\" data-end=\"1536\">\n<li data-section-id=\"17ys86f\" data-start=\"1177\" data-end=\"1234\">H\u00f6g radiell lastkapacitet f\u00f6r tunga till\u00e4mpningar<\/li>\n<li data-section-id=\"1fr59o7\" data-start=\"1235\" data-end=\"1294\">Sj\u00e4lvjusterande design kompenserar f\u00f6r axelns feljustering<\/li>\n<li data-section-id=\"1vl001\" data-start=\"1295\" data-end=\"1339\">St\u00f6der kombinerade radiella och axiella laster<\/li>\n<li data-section-id=\"1n39sdg\" data-start=\"1340\" data-end=\"1393\">Utm\u00e4rkt motst\u00e5nd mot vibrationer och st\u00f6tbelastningar<\/li>\n<li data-section-id=\"yc3667\" data-start=\"1394\" data-end=\"1448\">L\u00e5ng livsl\u00e4ngd i tuffa industriella milj\u00f6er<\/li>\n<li data-section-id=\"1mpt223\" data-start=\"1449\" data-end=\"1487\">Smidig drift med l\u00e5g friktion<\/li>\n<li data-section-id=\"1u0azbc\" data-start=\"1488\" data-end=\"1536\">L\u00e4mpligt f\u00f6r kontinuerlig tungdrift<\/li>\n<\/ul>\n<h1 data-section-id=\"10k15yz\" data-start=\"1543\" data-end=\"1573\"><span role=\"text\"><strong data-start=\"1545\" data-end=\"1573\">Tekniska specifikationer<\/strong><\/span><\/h1>\n<div class=\"TyagGW_tableContainer\">\n<div class=\"group TyagGW_tableWrapper flex flex-col-reverse w-fit\" tabindex=\"-1\">\n<table class=\"w-fit min-w-(--thread-content-width)\" data-start=\"1575\" data-end=\"1990\">\n<thead data-start=\"1575\" data-end=\"1596\">\n<tr data-start=\"1575\" data-end=\"1596\">\n<th class=\"\" data-start=\"1575\" data-end=\"1587\" data-col-size=\"sm\">Parameter<\/th>\n<th class=\"\" data-start=\"1587\" data-end=\"1596\" data-col-size=\"sm\">V\u00e4rde<\/th>\n<\/tr>\n<\/thead>\n<tbody data-start=\"1617\" data-end=\"1990\">\n<tr data-start=\"1617\" data-end=\"1642\">\n<td data-start=\"1617\" data-end=\"1633\" data-col-size=\"sm\">Lager Modell<\/td>\n<td data-col-size=\"sm\" data-start=\"1633\" data-end=\"1642\">22210<\/td>\n<\/tr>\n<tr data-start=\"1643\" data-end=\"1673\">\n<td data-start=\"1643\" data-end=\"1664\" data-col-size=\"sm\">Inre Diameter (d)<\/td>\n<td data-start=\"1664\" data-end=\"1673\" data-col-size=\"sm\">50 mm<\/td>\n<\/tr>\n<tr data-start=\"1674\" data-end=\"1704\">\n<td data-start=\"1674\" data-end=\"1695\" data-col-size=\"sm\">Yttre Diameter (D)<\/td>\n<td data-start=\"1695\" data-end=\"1704\" data-col-size=\"sm\">90 mm<\/td>\n<\/tr>\n<tr data-start=\"1705\" data-end=\"1726\">\n<td data-start=\"1705\" data-end=\"1717\" data-col-size=\"sm\">Bredd (B)<\/td>\n<td data-start=\"1717\" data-end=\"1726\" data-col-size=\"sm\">23 mm<\/td>\n<\/tr>\n<tr data-start=\"1727\" data-end=\"1770\">\n<td data-start=\"1727\" data-end=\"1742\" data-col-size=\"sm\">Lager Typ<\/td>\n<td data-start=\"1742\" data-end=\"1770\" data-col-size=\"sm\">Sf\u00e4riskt Rullager<\/td>\n<\/tr>\n<tr data-start=\"1771\" data-end=\"1804\">\n<td data-start=\"1771\" data-end=\"1783\" data-col-size=\"sm\">Struktur<\/td>\n<td data-start=\"1783\" data-end=\"1804\" data-col-size=\"sm\">Dubbelradig Rullare<\/td>\n<\/tr>\n<tr data-start=\"1805\" data-end=\"1846\">\n<td data-start=\"1805\" data-end=\"1816\" data-col-size=\"sm\">Material<\/td>\n<td data-start=\"1816\" data-end=\"1846\" data-col-size=\"sm\">Kromst\u00e5l \/ Legeringsst\u00e5l<\/td>\n<\/tr>\n<tr data-start=\"1847\" data-end=\"1880\">\n<td data-start=\"1847\" data-end=\"1863\" data-col-size=\"sm\">Korgmaterial<\/td>\n<td data-col-size=\"sm\" data-start=\"1863\" data-end=\"1880\">St\u00e5l \/ M\u00e4ssing<\/td>\n<\/tr>\n<tr data-start=\"1881\" data-end=\"1911\">\n<td data-start=\"1881\" data-end=\"1895\" data-col-size=\"sm\">Sm\u00f6rjning<\/td>\n<td data-start=\"1895\" data-end=\"1911\" data-col-size=\"sm\">Fett \/ Olja<\/td>\n<\/tr>\n<tr data-start=\"1912\" data-end=\"1947\">\n<td data-start=\"1912\" data-end=\"1931\" data-col-size=\"sm\">Precision Betyg<\/td>\n<td data-start=\"1931\" data-end=\"1947\" data-col-size=\"sm\">P0 \/ P6 \/ P5<\/td>\n<\/tr>\n<tr data-start=\"1948\" data-end=\"1990\">\n<td data-start=\"1948\" data-end=\"1972\" data-col-size=\"sm\">Driftstemperatur<\/td>\n<td data-col-size=\"sm\" data-start=\"1972\" data-end=\"1990\">-20\u00b0C till 150\u00b0C<\/td>\n<\/tr>\n<\/tbody>\n<\/table>\n<\/div>\n<\/div>\n<h1 data-section-id=\"1p00fbj\" data-start=\"1997\" data-end=\"2015\"><span role=\"text\"><strong data-start=\"1999\" data-end=\"2015\">Till\u00e4mpningar<\/strong><\/span><\/h1>\n<p data-start=\"2017\" data-end=\"2070\">22210 sf\u00e4riska rullager anv\u00e4nds i stor utstr\u00e4ckning inom:<\/p>\n<ul data-start=\"2072\" data-end=\"2256\">\n<li data-section-id=\"ew3yor\" data-start=\"2072\" data-end=\"2103\">Gruv- och stenbrottsmaskiner<\/li>\n<li data-section-id=\"176s2ln\" data-start=\"2104\" data-end=\"2124\">Transportbandsystem<\/li>\n<li data-section-id=\"942l0d\" data-start=\"2125\" data-end=\"2149\">Industriella v\u00e4xell\u00e5dor<\/li>\n<li data-section-id=\"10ok9wi\" data-start=\"2150\" data-end=\"2187\">St\u00e5l- och cementproduktionslinjer<\/li>\n<li data-section-id=\"azxdeo\" data-start=\"2188\" data-end=\"2229\">Tunga mekaniska transmissionssystem<\/li>\n<li data-section-id=\"y8acu3\" data-start=\"2230\" data-end=\"2256\">Jordbruksutrustning<\/li>\n<\/ul>\n<h1 data-section-id=\"zdmnob\" data-start=\"2263\" data-end=\"2282\"><span role=\"text\"><strong data-start=\"2265\" data-end=\"2282\">Varf\u00f6r V\u00e4lja Oss<\/strong><\/span><\/h1>\n<ul data-start=\"2284\" data-end=\"2526\">\n<li data-section-id=\"3u22ud\" data-start=\"2284\" data-end=\"2343\">Stark tillverkningskapacitet f\u00f6r tunga lager<\/li>\n<li data-section-id=\"1eol690\" data-start=\"2344\" data-end=\"2382\">OEM- och skr\u00e4ddarsydda l\u00f6sningar tillg\u00e4ngliga<\/li>\n<li data-section-id=\"1hszmfc\" data-start=\"2383\" data-end=\"2434\">H\u00f6gkvalitativa material och precisionsbearbetning<\/li>\n<li data-section-id=\"rqr2fb\" data-start=\"2435\" data-end=\"2479\">Stabil leverans f\u00f6r industriella bulkbest\u00e4llningar<\/li>\n<li data-section-id=\"bhimnc\" data-start=\"2480\" data-end=\"2526\">Snabb global leverans och teknisk support<\/li>\n<\/ul>\n<h1 data-section-id=\"1iusff4\" data-start=\"2533\" data-end=\"2542\"><span role=\"text\"><strong data-start=\"2535\" data-end=\"2542\">Vanliga fr\u00e5gor<\/strong><\/span><\/h1>\n<p data-start=\"2544\" data-end=\"2720\"><strong data-start=\"2544\" data-end=\"2614\">Q1: Vad \u00e4r den st\u00f6rsta f\u00f6rdelen med 22210 sf\u00e4riska rullager?<\/strong><br data-start=\"2614\" data-end=\"2617\" \/>A: De erbjuder h\u00f6g lastkapacitet och utm\u00e4rkt kompensation f\u00f6r feljustering f\u00f6r tunga applikationer.<\/p>\n<p data-start=\"2722\" data-end=\"2851\"><strong data-start=\"2722\" data-end=\"2768\">Q2: Kan 22210 lager hantera axiella laster?<\/strong><br data-start=\"2768\" data-end=\"2771\" \/>A: Ja, de kan st\u00f6dja m\u00e5ttliga axiella laster ut\u00f6ver tunga radiella laster.<\/p>\n<p data-start=\"2853\" data-end=\"2986\"><strong data-start=\"2853\" data-end=\"2895\">Q3: Finns det anpassade versioner tillg\u00e4ngliga?<\/strong><br data-start=\"2895\" data-end=\"2898\" \/>A: Ja, vi erbjuder OEM-anpassning inklusive material, spel och precisionsgrader.<\/p>","protected":false},"excerpt":{"rendered":"<p>Den <strong data-start=\"369\" data-end=\"403\">22210 Sf\u00e4risk Rullager<\/strong> \u00e4r ett h\u00f6gpresterande dubbelradlager som \u00e4r utformat f\u00f6r att hantera tunga radiella laster och m\u00e5ttliga axiella laster samtidigt som det kompenserar f\u00f6r axelmiskalning. Dess sf\u00e4riska sp\u00e5r m\u00f6jligg\u00f6r automatisk justering, vilket g\u00f6r det idealiskt f\u00f6r applikationer med axelflexion, installationsfel eller dynamiska driftsf\u00f6rh\u00e5llanden.<\/p>","protected":false},"featured_media":2546,"comment_status":"open","ping_status":"closed","template":"","meta":{"site-sidebar-layout":"default","site-content-layout":"","ast-site-content-layout":"default","site-content-style":"default","site-sidebar-style":"default","ast-global-header-display":"","ast-banner-title-visibility":"","ast-main-header-display":"","ast-hfb-above-header-display":"","ast-hfb-below-header-display":"","ast-hfb-mobile-header-display":"","site-post-title":"","ast-breadcrumbs-content":"","ast-featured-img":"","footer-sml-layout":"","ast-disable-related-posts":"","theme-transparent-header-meta":"default","adv-header-id-meta":"","stick-header-meta":"default","header-above-stick-meta":"","header-main-stick-meta":"","header-below-stick-meta":"","astra-migrate-meta-layouts":"set","ast-page-background-enabled":"default","ast-page-background-meta":{"desktop":{"background-color":"","background-image":"","background-repeat":"repeat","background-position":"center center","background-size":"auto","background-attachment":"scroll","background-type":"","background-media":"","overlay-type":"","overlay-color":"","overlay-opacity":"","overlay-gradient":""},"tablet":{"background-color":"","background-image":"","background-repeat":"repeat","background-position":"center center","background-size":"auto","background-attachment":"scroll","background-type":"","background-media":"","overlay-type":"","overlay-color":"","overlay-opacity":"","overlay-gradient":""},"mobile":{"background-color":"","background-image":"","background-repeat":"repeat","background-position":"center center","background-size":"auto","background-attachment":"scroll","background-type":"","background-media":"","overlay-type":"","overlay-color":"","overlay-opacity":"","overlay-gradient":""}},"ast-content-background-meta":{"desktop":{"background-color":"var(--ast-global-color-5)","background-image":"","background-repeat":"repeat","background-position":"center center","background-size":"auto","background-attachment":"scroll","background-type":"","background-media":"","overlay-type":"","overlay-color":"","overlay-opacity":"","overlay-gradient":""},"tablet":{"background-color":"var(--ast-global-color-5)","background-image":"","background-repeat":"repeat","background-position":"center center","background-size":"auto","background-attachment":"scroll","background-type":"","background-media":"","overlay-type":"","overlay-color":"","overlay-opacity":"","overlay-gradient":""},"mobile":{"background-color":"var(--ast-global-color-5)","background-image":"","background-repeat":"repeat","background-position":"center center","background-size":"auto","background-attachment":"scroll","background-type":"","background-media":"","overlay-type":"","overlay-color":"","overlay-opacity":"","overlay-gradient":""}}},"product_brand":[],"product_cat":[24],"product_tag":[220,209,78,56,51,45,119,72,219,153],"class_list":{"0":"post-2446","1":"product","2":"type-product","3":"status-publish","4":"has-post-thumbnail","6":"product_cat-spherical-roller-bearings","7":"product_tag-22210-bearing","8":"product_tag-conveyor-bearing","9":"product_tag-gearbox-bearing","10":"product_tag-heavy-duty-bearing","11":"product_tag-high-load-bearing","12":"product_tag-industrial-bearing","13":"product_tag-mining-bearing","14":"product_tag-oem-bearing-supplier","15":"product_tag-self-aligning-roller-bearing","16":"product_tag-spherical-roller-bearing","17":"desktop-align-left","18":"tablet-align-left","19":"mobile-align-left","20":"ast-product-gallery-layout-horizontal-slider","21":"ast-product-gallery-with-no-image","22":"ast-product-tabs-layout-horizontal","24":"first","25":"instock","26":"shipping-taxable","27":"product-type-simple"},"_links":{"self":[{"href":"https:\/\/www.machinerybearings.com\/sv\/wp-json\/wp\/v2\/product\/2446","targetHints":{"allow":["GET"]}}],"collection":[{"href":"https:\/\/www.machinerybearings.com\/sv\/wp-json\/wp\/v2\/product"}],"about":[{"href":"https:\/\/www.machinerybearings.com\/sv\/wp-json\/wp\/v2\/types\/product"}],"replies":[{"embeddable":true,"href":"https:\/\/www.machinerybearings.com\/sv\/wp-json\/wp\/v2\/comments?post=2446"}],"wp:featuredmedia":[{"embeddable":true,"href":"https:\/\/www.machinerybearings.com\/sv\/wp-json\/wp\/v2\/media\/2546"}],"wp:attachment":[{"href":"https:\/\/www.machinerybearings.com\/sv\/wp-json\/wp\/v2\/media?parent=2446"}],"wp:term":[{"taxonomy":"product_brand","embeddable":true,"href":"https:\/\/www.machinerybearings.com\/sv\/wp-json\/wp\/v2\/product_brand?post=2446"},{"taxonomy":"product_cat","embeddable":true,"href":"https:\/\/www.machinerybearings.com\/sv\/wp-json\/wp\/v2\/product_cat?post=2446"},{"taxonomy":"product_tag","embeddable":true,"href":"https:\/\/www.machinerybearings.com\/sv\/wp-json\/wp\/v2\/product_tag?post=2446"}],"curies":[{"name":"wp","href":"https:\/\/api.w.org\/{rel}","templated":true}]}}