{"id":2448,"date":"2026-04-13T14:47:11","date_gmt":"2026-04-13T14:47:11","guid":{"rendered":"https:\/\/www.machinerybearings.com\/?post_type=product&#038;p=2448"},"modified":"2026-05-03T05:44:19","modified_gmt":"2026-05-03T05:44:19","slug":"22312-spherical-roller-bearing-heavy-load-self-aligning-bearing-for-industrial-applications","status":"publish","type":"product","link":"https:\/\/www.machinerybearings.com\/sv\/produkt\/22312-spherical-roller-bearing-heavy-load-self-aligning-bearing-for-industrial-applications\/","title":{"rendered":"22312 Sf\u00e4riskt rullager \u2013 Tungt sj\u00e4lvjusterande lager f\u00f6r industriella applikationer"},"content":{"rendered":"<p data-start=\"386\" data-end=\"712\">Den <strong data-start=\"390\" data-end=\"424\">22312 sf\u00e4risk rullager<\/strong> \u00e4r ett tungt, dubbelradigt lager som \u00e4r utformat f\u00f6r att hantera extremt h\u00f6ga radiella laster och m\u00e5ttliga axiella laster samtidigt som det kompenserar f\u00f6r axelns feljustering. Dess sf\u00e4riska sp\u00e5rdesign m\u00f6jligg\u00f6r automatisk justering, vilket s\u00e4kerst\u00e4ller stabil prestanda \u00e4ven under axelfel eller installationsfel.<\/p>\n<p data-start=\"714\" data-end=\"980\">J\u00e4mf\u00f6rt med 22200-serien erbjuder 22300-serien lager <strong data-start=\"776\" data-end=\"868\">h\u00f6gre lastkapacitet, st\u00f6rre h\u00e5llbarhet och f\u00f6rb\u00e4ttrad motst\u00e5ndskraft mot st\u00f6tar och vibrationer<\/strong>, vilket g\u00f6r dem idealiska f\u00f6r kr\u00e4vande industriella milj\u00f6er som gruvdrift, st\u00e5lproduktion och tung maskinvara.<\/p>\n<p data-start=\"982\" data-end=\"1161\">Tillverkat av h\u00f6gkvalitativt legerings- eller kromst\u00e5l, levererar 22312-lagret utm\u00e4rkt styrka, slitstyrka och l\u00e5ng livsl\u00e4ngd under kontinuerliga tunglastf\u00f6rh\u00e5llanden.<\/p>\n<h1 data-section-id=\"8av2ty\" data-start=\"1168\" data-end=\"1186\"><span role=\"text\"><strong data-start=\"1170\" data-end=\"1186\">Nyckelfunktioner<\/strong><\/span><\/h1>\n<ul data-start=\"1188\" data-end=\"1516\">\n<li data-section-id=\"1bxkwpw\" data-start=\"1188\" data-end=\"1227\">Extremt h\u00f6g radiell lastkapacitet<\/li>\n<li data-section-id=\"1fr59o7\" data-start=\"1228\" data-end=\"1287\">Sj\u00e4lvjusterande design kompenserar f\u00f6r axelns feljustering<\/li>\n<li data-section-id=\"1vl001\" data-start=\"1288\" data-end=\"1332\">St\u00f6der kombinerade radiella och axiella laster<\/li>\n<li data-section-id=\"rdribk\" data-start=\"1333\" data-end=\"1379\">\u00d6verl\u00e4gsen motst\u00e5ndskraft mot st\u00f6tar och vibrationer<\/li>\n<li data-section-id=\"1vtlpw4\" data-start=\"1380\" data-end=\"1432\">F\u00f6rst\u00e4rkt struktur f\u00f6r tungt arbete<\/li>\n<li data-section-id=\"js9du9\" data-start=\"1433\" data-end=\"1477\">L\u00e5ng livsl\u00e4ngd under tuffa f\u00f6rh\u00e5llanden<\/li>\n<li data-section-id=\"1mpt223\" data-start=\"1478\" data-end=\"1516\">Smidig drift med l\u00e5g friktion<\/li>\n<\/ul>\n<h1 data-section-id=\"10k15yz\" data-start=\"1523\" data-end=\"1553\"><span role=\"text\"><strong data-start=\"1525\" data-end=\"1553\">Tekniska specifikationer<\/strong><\/span><\/h1>\n<div class=\"TyagGW_tableContainer\">\n<div class=\"group TyagGW_tableWrapper flex flex-col-reverse w-fit\" tabindex=\"-1\">\n<table class=\"w-fit min-w-(--thread-content-width)\" data-start=\"1555\" data-end=\"1971\">\n<thead data-start=\"1555\" data-end=\"1576\">\n<tr data-start=\"1555\" data-end=\"1576\">\n<th class=\"\" data-start=\"1555\" data-end=\"1567\" data-col-size=\"sm\">Parameter<\/th>\n<th class=\"\" data-start=\"1567\" data-end=\"1576\" data-col-size=\"sm\">V\u00e4rde<\/th>\n<\/tr>\n<\/thead>\n<tbody data-start=\"1597\" data-end=\"1971\">\n<tr data-start=\"1597\" data-end=\"1622\">\n<td data-start=\"1597\" data-end=\"1613\" data-col-size=\"sm\">Lager Modell<\/td>\n<td data-start=\"1613\" data-end=\"1622\" data-col-size=\"sm\">22312<\/td>\n<\/tr>\n<tr data-start=\"1623\" data-end=\"1653\">\n<td data-start=\"1623\" data-end=\"1644\" data-col-size=\"sm\">Inre Diameter (d)<\/td>\n<td data-col-size=\"sm\" data-start=\"1644\" data-end=\"1653\">60 mm<\/td>\n<\/tr>\n<tr data-start=\"1654\" data-end=\"1685\">\n<td data-start=\"1654\" data-end=\"1675\" data-col-size=\"sm\">Yttre Diameter (D)<\/td>\n<td data-start=\"1675\" data-end=\"1685\" data-col-size=\"sm\">130 mm<\/td>\n<\/tr>\n<tr data-start=\"1686\" data-end=\"1707\">\n<td data-start=\"1686\" data-end=\"1698\" data-col-size=\"sm\">Bredd (B)<\/td>\n<td data-start=\"1698\" data-end=\"1707\" data-col-size=\"sm\">46 mm<\/td>\n<\/tr>\n<tr data-start=\"1708\" data-end=\"1751\">\n<td data-start=\"1708\" data-end=\"1723\" data-col-size=\"sm\">Lager Typ<\/td>\n<td data-start=\"1723\" data-end=\"1751\" data-col-size=\"sm\">Sf\u00e4riskt Rullager<\/td>\n<\/tr>\n<tr data-start=\"1752\" data-end=\"1785\">\n<td data-start=\"1752\" data-end=\"1764\" data-col-size=\"sm\">Struktur<\/td>\n<td data-start=\"1764\" data-end=\"1785\" data-col-size=\"sm\">Dubbelradig Rullare<\/td>\n<\/tr>\n<tr data-start=\"1786\" data-end=\"1827\">\n<td data-start=\"1786\" data-end=\"1797\" data-col-size=\"sm\">Material<\/td>\n<td data-start=\"1797\" data-end=\"1827\" data-col-size=\"sm\">Kromst\u00e5l \/ Legeringsst\u00e5l<\/td>\n<\/tr>\n<tr data-start=\"1828\" data-end=\"1861\">\n<td data-start=\"1828\" data-end=\"1844\" data-col-size=\"sm\">Korgmaterial<\/td>\n<td data-start=\"1844\" data-end=\"1861\" data-col-size=\"sm\">St\u00e5l \/ M\u00e4ssing<\/td>\n<\/tr>\n<tr data-start=\"1862\" data-end=\"1892\">\n<td data-start=\"1862\" data-end=\"1876\" data-col-size=\"sm\">Sm\u00f6rjning<\/td>\n<td data-start=\"1876\" data-end=\"1892\" data-col-size=\"sm\">Fett \/ Olja<\/td>\n<\/tr>\n<tr data-start=\"1893\" data-end=\"1928\">\n<td data-start=\"1893\" data-end=\"1912\" data-col-size=\"sm\">Precision Betyg<\/td>\n<td data-start=\"1912\" data-end=\"1928\" data-col-size=\"sm\">P0 \/ P6 \/ P5<\/td>\n<\/tr>\n<tr data-start=\"1929\" data-end=\"1971\">\n<td data-start=\"1929\" data-end=\"1953\" data-col-size=\"sm\">Driftstemperatur<\/td>\n<td data-start=\"1953\" data-end=\"1971\" data-col-size=\"sm\">-20\u00b0C till 150\u00b0C<\/td>\n<\/tr>\n<\/tbody>\n<\/table>\n<\/div>\n<\/div>\n<h1 data-section-id=\"1p00fbj\" data-start=\"1978\" data-end=\"1996\"><span role=\"text\"><strong data-start=\"1980\" data-end=\"1996\">Till\u00e4mpningar<\/strong><\/span><\/h1>\n<p data-start=\"1998\" data-end=\"2051\">22312 sf\u00e4riska rullager anv\u00e4nds i stor utstr\u00e4ckning i:<\/p>\n<ul data-start=\"2053\" data-end=\"2234\">\n<li data-section-id=\"byc78f\" data-start=\"2053\" data-end=\"2084\">Gruv- och stenbrottutrustning<\/li>\n<li data-section-id=\"10jsg4s\" data-start=\"2085\" data-end=\"2122\">St\u00e5lverk och valsmaskiner<\/li>\n<li data-section-id=\"siir4p\" data-start=\"2123\" data-end=\"2154\">Tungt transportbandsystem<\/li>\n<li data-section-id=\"1tqmi6a\" data-start=\"2155\" data-end=\"2182\">Cementproduktionslinjer<\/li>\n<li data-section-id=\"942l0d\" data-start=\"2183\" data-end=\"2207\">Industriella v\u00e4xell\u00e5dor<\/li>\n<li data-section-id=\"19d9gij\" data-start=\"2208\" data-end=\"2234\">Byggmaskiner<\/li>\n<\/ul>\n<h1 data-section-id=\"zdmnob\" data-start=\"2241\" data-end=\"2260\"><span role=\"text\"><strong data-start=\"2243\" data-end=\"2260\">Varf\u00f6r V\u00e4lja Oss<\/strong><\/span><\/h1>\n<ul data-start=\"2262\" data-end=\"2521\">\n<li data-section-id=\"1ygtht\" data-start=\"2262\" data-end=\"2318\">Stark expertis inom tillverkning av tunglastb\u00e4rande produkter<\/li>\n<li data-section-id=\"8lis3h\" data-start=\"2319\" data-end=\"2369\">OEM och skr\u00e4ddarsydda ingenj\u00f6rsl\u00f6sningar tillg\u00e4ngliga<\/li>\n<li data-section-id=\"gy7e8t\" data-start=\"2370\" data-end=\"2424\">H\u00f6gkvalitativa material med strikt kvalitetskontroll<\/li>\n<li data-section-id=\"h81w5g\" data-start=\"2425\" data-end=\"2474\">P\u00e5litlig leverans f\u00f6r stora industriella projekt<\/li>\n<li data-section-id=\"bhimnc\" data-start=\"2475\" data-end=\"2521\">Snabb global leverans och teknisk support<\/li>\n<\/ul>\n<h1 data-section-id=\"1iusff4\" data-start=\"2528\" data-end=\"2537\"><span role=\"text\"><strong data-start=\"2530\" data-end=\"2537\">Vanliga fr\u00e5gor<\/strong><\/span><\/h1>\n<p data-start=\"2539\" data-end=\"2727\"><strong data-start=\"2539\" data-end=\"2606\">Q1: Vad \u00e4r skillnaden mellan 222 och 223 serie lager?<\/strong><br data-start=\"2606\" data-end=\"2609\" \/>A: 223 serien har en h\u00f6gre lastkapacitet och \u00e4r designad f\u00f6r tyngre till\u00e4mpningar j\u00e4mf\u00f6rt med 222 serien.<\/p>\n<p data-start=\"2729\" data-end=\"2883\"><strong data-start=\"2729\" data-end=\"2780\">Q2: \u00c4r 22312 l\u00e4mplig f\u00f6r tung industriell anv\u00e4ndning?<\/strong><br data-start=\"2780\" data-end=\"2783\" \/>A: Ja, den \u00e4r specifikt designad f\u00f6r extrema lastf\u00f6rh\u00e5llanden inom industrier som gruvdrift och st\u00e5l.<\/p>\n<p data-start=\"2885\" data-end=\"3022\"><strong data-start=\"2885\" data-end=\"2930\">Q3: Kan detta lager hantera feljustering?<\/strong><br data-start=\"2930\" data-end=\"2933\" \/>A: Ja, den sf\u00e4riska designen m\u00f6jligg\u00f6r automatisk justering och minskar stressen p\u00e5 systemet.<\/p>","protected":false},"excerpt":{"rendered":"<p>Den <strong data-start=\"390\" data-end=\"424\">22312 sf\u00e4risk rullager<\/strong> \u00e4r ett tungt, dubbelradigt lager som \u00e4r utformat f\u00f6r att hantera extremt h\u00f6ga radiella laster och m\u00e5ttliga axiella laster samtidigt som det kompenserar f\u00f6r axelns feljustering. Dess sf\u00e4riska sp\u00e5rdesign m\u00f6jligg\u00f6r automatisk justering, vilket s\u00e4kerst\u00e4ller stabil prestanda \u00e4ven under axelfel eller installationsfel.<\/p>","protected":false},"featured_media":2536,"comment_status":"open","ping_status":"closed","template":"","meta":{"site-sidebar-layout":"default","site-content-layout":"","ast-site-content-layout":"default","site-content-style":"default","site-sidebar-style":"default","ast-global-header-display":"","ast-banner-title-visibility":"","ast-main-header-display":"","ast-hfb-above-header-display":"","ast-hfb-below-header-display":"","ast-hfb-mobile-header-display":"","site-post-title":"","ast-breadcrumbs-content":"","ast-featured-img":"","footer-sml-layout":"","ast-disable-related-posts":"","theme-transparent-header-meta":"default","adv-header-id-meta":"","stick-header-meta":"default","header-above-stick-meta":"","header-main-stick-meta":"","header-below-stick-meta":"","astra-migrate-meta-layouts":"set","ast-page-background-enabled":"default","ast-page-background-meta":{"desktop":{"background-color":"","background-image":"","background-repeat":"repeat","background-position":"center center","background-size":"auto","background-attachment":"scroll","background-type":"","background-media":"","overlay-type":"","overlay-color":"","overlay-opacity":"","overlay-gradient":""},"tablet":{"background-color":"","background-image":"","background-repeat":"repeat","background-position":"center center","background-size":"auto","background-attachment":"scroll","background-type":"","background-media":"","overlay-type":"","overlay-color":"","overlay-opacity":"","overlay-gradient":""},"mobile":{"background-color":"","background-image":"","background-repeat":"repeat","background-position":"center center","background-size":"auto","background-attachment":"scroll","background-type":"","background-media":"","overlay-type":"","overlay-color":"","overlay-opacity":"","overlay-gradient":""}},"ast-content-background-meta":{"desktop":{"background-color":"var(--ast-global-color-5)","background-image":"","background-repeat":"repeat","background-position":"center center","background-size":"auto","background-attachment":"scroll","background-type":"","background-media":"","overlay-type":"","overlay-color":"","overlay-opacity":"","overlay-gradient":""},"tablet":{"background-color":"var(--ast-global-color-5)","background-image":"","background-repeat":"repeat","background-position":"center center","background-size":"auto","background-attachment":"scroll","background-type":"","background-media":"","overlay-type":"","overlay-color":"","overlay-opacity":"","overlay-gradient":""},"mobile":{"background-color":"var(--ast-global-color-5)","background-image":"","background-repeat":"repeat","background-position":"center center","background-size":"auto","background-attachment":"scroll","background-type":"","background-media":"","overlay-type":"","overlay-color":"","overlay-opacity":"","overlay-gradient":""}}},"product_brand":[],"product_cat":[24],"product_tag":[221,209,78,151,45,119,72,219,153,150],"class_list":{"0":"post-2448","1":"product","2":"type-product","3":"status-publish","4":"has-post-thumbnail","6":"product_cat-spherical-roller-bearings","7":"product_tag-22312-bearing","8":"product_tag-conveyor-bearing","9":"product_tag-gearbox-bearing","10":"product_tag-heavy-load-bearing","11":"product_tag-industrial-bearing","12":"product_tag-mining-bearing","13":"product_tag-oem-bearing-supplier","14":"product_tag-self-aligning-roller-bearing","15":"product_tag-spherical-roller-bearing","16":"product_tag-steel-mill-bearing","17":"desktop-align-left","18":"tablet-align-left","19":"mobile-align-left","20":"ast-product-gallery-layout-horizontal-slider","21":"ast-product-gallery-with-no-image","22":"ast-product-tabs-layout-horizontal","24":"first","25":"instock","26":"shipping-taxable","27":"product-type-simple"},"_links":{"self":[{"href":"https:\/\/www.machinerybearings.com\/sv\/wp-json\/wp\/v2\/product\/2448","targetHints":{"allow":["GET"]}}],"collection":[{"href":"https:\/\/www.machinerybearings.com\/sv\/wp-json\/wp\/v2\/product"}],"about":[{"href":"https:\/\/www.machinerybearings.com\/sv\/wp-json\/wp\/v2\/types\/product"}],"replies":[{"embeddable":true,"href":"https:\/\/www.machinerybearings.com\/sv\/wp-json\/wp\/v2\/comments?post=2448"}],"wp:featuredmedia":[{"embeddable":true,"href":"https:\/\/www.machinerybearings.com\/sv\/wp-json\/wp\/v2\/media\/2536"}],"wp:attachment":[{"href":"https:\/\/www.machinerybearings.com\/sv\/wp-json\/wp\/v2\/media?parent=2448"}],"wp:term":[{"taxonomy":"product_brand","embeddable":true,"href":"https:\/\/www.machinerybearings.com\/sv\/wp-json\/wp\/v2\/product_brand?post=2448"},{"taxonomy":"product_cat","embeddable":true,"href":"https:\/\/www.machinerybearings.com\/sv\/wp-json\/wp\/v2\/product_cat?post=2448"},{"taxonomy":"product_tag","embeddable":true,"href":"https:\/\/www.machinerybearings.com\/sv\/wp-json\/wp\/v2\/product_tag?post=2448"}],"curies":[{"name":"wp","href":"https:\/\/api.w.org\/{rel}","templated":true}]}}