{"id":2449,"date":"2026-04-13T14:51:13","date_gmt":"2026-04-13T14:51:13","guid":{"rendered":"https:\/\/www.machinerybearings.com\/?post_type=product&#038;p=2449"},"modified":"2026-05-03T05:40:19","modified_gmt":"2026-05-03T05:40:19","slug":"23022-spherical-roller-bearing-large-size-heavy-load-bearing-for-industrial-machinery","status":"publish","type":"product","link":"https:\/\/www.machinerybearings.com\/sv\/produkt\/23022-spherical-roller-bearing-large-size-heavy-load-bearing-for-industrial-machinery\/","title":{"rendered":"23022 Sf\u00e4riskt rullager \u2013 Stort tungt lager f\u00f6r industriell maskinvara"},"content":{"rendered":"<p data-start=\"383\" data-end=\"755\">Den <strong data-start=\"387\" data-end=\"421\">23022 Sf\u00e4risk Rullager<\/strong> \u00e4r ett storstorleks, tungt lager designat f\u00f6r att st\u00f6dja extremt h\u00f6ga radiella laster och m\u00e5ttliga axiella laster i kr\u00e4vande industriella milj\u00f6er. Dess dubbelradiga rullkonstruktion och sf\u00e4riska sp\u00e5r m\u00f6jligg\u00f6r automatisk justering, vilket g\u00f6r det mycket l\u00e4mpligt f\u00f6r till\u00e4mpningar som involverar axelavvikelse, b\u00f6jning eller kraftig vibration.<\/p>\n<p data-start=\"757\" data-end=\"1072\">Som en del av 23000-serien har 23022 lagret en bredare tv\u00e4rsnitt och f\u00f6rb\u00e4ttrad lastkapacitet j\u00e4mf\u00f6rt med mindre modeller, vilket g\u00f6r det idealiskt f\u00f6r stora maskiner och tunga industriella system. Det s\u00e4kerst\u00e4ller stabil drift, minskad friktion och f\u00f6rl\u00e4ngd livsl\u00e4ngd \u00e4ven under kontinuerliga h\u00f6glastf\u00f6rh\u00e5llanden.<\/p>\n<p data-start=\"1074\" data-end=\"1237\">Tillverkat av h\u00f6gkvalitativt legerings- eller kromst\u00e5l, ger detta lager utm\u00e4rkt slitstyrka, h\u00e5llbarhet och tillf\u00f6rlitlighet i tuffa driftsmilj\u00f6er.<\/p>\n<h1 data-section-id=\"8av2ty\" data-start=\"1244\" data-end=\"1262\"><span role=\"text\"><strong data-start=\"1246\" data-end=\"1262\">Nyckelfunktioner<\/strong><\/span><\/h1>\n<ul data-start=\"1264\" data-end=\"1618\">\n<li data-section-id=\"xw7v8y\" data-start=\"1264\" data-end=\"1320\">Stort lager f\u00f6r tunga industriella till\u00e4mpningar<\/li>\n<li data-section-id=\"1bxkwpw\" data-start=\"1321\" data-end=\"1360\">Extremt h\u00f6g radiell lastkapacitet<\/li>\n<li data-section-id=\"1fr59o7\" data-start=\"1361\" data-end=\"1420\">Sj\u00e4lvjusterande design kompenserar f\u00f6r axelns feljustering<\/li>\n<li data-section-id=\"1vl001\" data-start=\"1421\" data-end=\"1465\">St\u00f6der kombinerade radiella och axiella laster<\/li>\n<li data-section-id=\"1n39sdg\" data-start=\"1466\" data-end=\"1519\">Utm\u00e4rkt motst\u00e5nd mot vibrationer och st\u00f6tbelastningar<\/li>\n<li data-section-id=\"jg05ft\" data-start=\"1520\" data-end=\"1568\">L\u00e5ng livsl\u00e4ngd under kontinuerlig drift<\/li>\n<li data-section-id=\"a2gkmg\" data-start=\"1569\" data-end=\"1618\">L\u00e4mpligt f\u00f6r tuffa och kr\u00e4vande milj\u00f6er<\/li>\n<\/ul>\n<h1 data-section-id=\"10k15yz\" data-start=\"1625\" data-end=\"1655\"><span role=\"text\"><strong data-start=\"1627\" data-end=\"1655\">Tekniska specifikationer<\/strong><\/span><\/h1>\n<div class=\"TyagGW_tableContainer\">\n<div class=\"group TyagGW_tableWrapper flex flex-col-reverse w-fit\" tabindex=\"-1\">\n<table class=\"w-fit min-w-(--thread-content-width)\" data-start=\"1657\" data-end=\"2074\">\n<thead data-start=\"1657\" data-end=\"1678\">\n<tr data-start=\"1657\" data-end=\"1678\">\n<th class=\"\" data-start=\"1657\" data-end=\"1669\" data-col-size=\"sm\">Parameter<\/th>\n<th class=\"\" data-start=\"1669\" data-end=\"1678\" data-col-size=\"sm\">V\u00e4rde<\/th>\n<\/tr>\n<\/thead>\n<tbody data-start=\"1699\" data-end=\"2074\">\n<tr data-start=\"1699\" data-end=\"1724\">\n<td data-start=\"1699\" data-end=\"1715\" data-col-size=\"sm\">Lager Modell<\/td>\n<td data-start=\"1715\" data-end=\"1724\" data-col-size=\"sm\">23022<\/td>\n<\/tr>\n<tr data-start=\"1725\" data-end=\"1756\">\n<td data-start=\"1725\" data-end=\"1746\" data-col-size=\"sm\">Inre Diameter (d)<\/td>\n<td data-start=\"1746\" data-end=\"1756\" data-col-size=\"sm\">110 mm<\/td>\n<\/tr>\n<tr data-start=\"1757\" data-end=\"1788\">\n<td data-start=\"1757\" data-end=\"1778\" data-col-size=\"sm\">Yttre Diameter (D)<\/td>\n<td data-start=\"1778\" data-end=\"1788\" data-col-size=\"sm\">170 mm<\/td>\n<\/tr>\n<tr data-start=\"1789\" data-end=\"1810\">\n<td data-start=\"1789\" data-end=\"1801\" data-col-size=\"sm\">Bredd (B)<\/td>\n<td data-start=\"1801\" data-end=\"1810\" data-col-size=\"sm\">45 mm<\/td>\n<\/tr>\n<tr data-start=\"1811\" data-end=\"1854\">\n<td data-start=\"1811\" data-end=\"1826\" data-col-size=\"sm\">Lager Typ<\/td>\n<td data-start=\"1826\" data-end=\"1854\" data-col-size=\"sm\">Sf\u00e4riskt Rullager<\/td>\n<\/tr>\n<tr data-start=\"1855\" data-end=\"1888\">\n<td data-start=\"1855\" data-end=\"1867\" data-col-size=\"sm\">Struktur<\/td>\n<td data-start=\"1867\" data-end=\"1888\" data-col-size=\"sm\">Dubbelradig Rullare<\/td>\n<\/tr>\n<tr data-start=\"1889\" data-end=\"1930\">\n<td data-start=\"1889\" data-end=\"1900\" data-col-size=\"sm\">Material<\/td>\n<td data-start=\"1900\" data-end=\"1930\" data-col-size=\"sm\">Kromst\u00e5l \/ Legeringsst\u00e5l<\/td>\n<\/tr>\n<tr data-start=\"1931\" data-end=\"1964\">\n<td data-start=\"1931\" data-end=\"1947\" data-col-size=\"sm\">Korgmaterial<\/td>\n<td data-col-size=\"sm\" data-start=\"1947\" data-end=\"1964\">St\u00e5l \/ M\u00e4ssing<\/td>\n<\/tr>\n<tr data-start=\"1965\" data-end=\"1995\">\n<td data-start=\"1965\" data-end=\"1979\" data-col-size=\"sm\">Sm\u00f6rjning<\/td>\n<td data-start=\"1979\" data-end=\"1995\" data-col-size=\"sm\">Fett \/ Olja<\/td>\n<\/tr>\n<tr data-start=\"1996\" data-end=\"2031\">\n<td data-start=\"1996\" data-end=\"2015\" data-col-size=\"sm\">Precision Betyg<\/td>\n<td data-start=\"2015\" data-end=\"2031\" data-col-size=\"sm\">P0 \/ P6 \/ P5<\/td>\n<\/tr>\n<tr data-start=\"2032\" data-end=\"2074\">\n<td data-start=\"2032\" data-end=\"2056\" data-col-size=\"sm\">Driftstemperatur<\/td>\n<td data-start=\"2056\" data-end=\"2074\" data-col-size=\"sm\">-20\u00b0C till 150\u00b0C<\/td>\n<\/tr>\n<\/tbody>\n<\/table>\n<\/div>\n<\/div>\n<h1 data-section-id=\"1p00fbj\" data-start=\"2081\" data-end=\"2099\"><span role=\"text\"><strong data-start=\"2083\" data-end=\"2099\">Till\u00e4mpningar<\/strong><\/span><\/h1>\n<p data-start=\"2101\" data-end=\"2154\">23022 sf\u00e4riska rullager anv\u00e4nds i stor utstr\u00e4ckning i:<\/p>\n<ul data-start=\"2156\" data-end=\"2353\">\n<li data-section-id=\"ew3yor\" data-start=\"2156\" data-end=\"2187\">Gruv- och stenbrottsmaskiner<\/li>\n<li data-section-id=\"vrb1u3\" data-start=\"2188\" data-end=\"2231\">St\u00e5lverk och tung rullande utrustning<\/li>\n<li data-section-id=\"oy2bti\" data-start=\"2232\" data-end=\"2258\">Stora transportsystem<\/li>\n<li data-section-id=\"1tqmi6a\" data-start=\"2259\" data-end=\"2286\">Cementproduktionslinjer<\/li>\n<li data-section-id=\"oxv5q8\" data-start=\"2287\" data-end=\"2322\">Vindkraft och energik\u00e4llor<\/li>\n<li data-section-id=\"qz39ge\" data-start=\"2323\" data-end=\"2353\">Tunga industriella v\u00e4xell\u00e5dor<\/li>\n<\/ul>\n<h1 data-section-id=\"zdmnob\" data-start=\"2360\" data-end=\"2379\"><span role=\"text\"><strong data-start=\"2362\" data-end=\"2379\">Varf\u00f6r V\u00e4lja Oss<\/strong><\/span><\/h1>\n<ul data-start=\"2381\" data-end=\"2655\">\n<li data-section-id=\"1u48kst\" data-start=\"2381\" data-end=\"2438\">Stark kapacitet inom tillverkning av storstorlekslager<\/li>\n<li data-section-id=\"1otcjj4\" data-start=\"2439\" data-end=\"2498\">OEM och skr\u00e4ddarsydda l\u00f6sningar tillg\u00e4ngliga f\u00f6r tunga industrier<\/li>\n<li data-section-id=\"u3pp8e\" data-start=\"2499\" data-end=\"2554\">H\u00f6gkvalitativa material med avancerad v\u00e4rmebehandling<\/li>\n<li data-section-id=\"1yivzpg\" data-start=\"2555\" data-end=\"2608\">Stabil f\u00f6rs\u00f6rjning f\u00f6r storskaliga industriella projekt<\/li>\n<li data-section-id=\"bhimnc\" data-start=\"2609\" data-end=\"2655\">Snabb global leverans och teknisk support<\/li>\n<\/ul>\n<h1 data-section-id=\"1iusff4\" data-start=\"2662\" data-end=\"2671\"><span role=\"text\"><strong data-start=\"2664\" data-end=\"2671\">Vanliga fr\u00e5gor<\/strong><\/span><\/h1>\n<p data-start=\"2673\" data-end=\"2846\"><strong data-start=\"2673\" data-end=\"2721\">Q1: Vad g\u00f6r 23022 till ett \u201cstort lager\u201d?<\/strong><br data-start=\"2721\" data-end=\"2724\" \/>A: Dess st\u00f6rre dimensioner och h\u00f6gre lastkapacitet g\u00f6r den l\u00e4mplig f\u00f6r tung industriell maskin och stora axelsystem.<\/p>\n<p data-start=\"2848\" data-end=\"3000\"><strong data-start=\"2848\" data-end=\"2893\">Q2: Kan detta lager hantera feljustering?<\/strong><br data-start=\"2893\" data-end=\"2896\" \/>A: Ja, den sf\u00e4riska rullkonstruktionen m\u00f6jligg\u00f6r automatisk justering och minskar stress fr\u00e5n axelavb\u00f6jning.<\/p>\n<p data-start=\"3002\" data-end=\"3147\"><strong data-start=\"3002\" data-end=\"3056\">Q3: Finns det anpassning f\u00f6r stora lager?<\/strong><br data-start=\"3056\" data-end=\"3059\" \/>A: Ja, vi erbjuder OEM-anpassning inklusive material, spel och speciella bel\u00e4ggningar.<\/p>","protected":false},"excerpt":{"rendered":"<p>Den <strong data-start=\"387\" data-end=\"421\">23022 Sf\u00e4risk Rullager<\/strong> \u00e4r ett storstorleks, tungt lager designat f\u00f6r att st\u00f6dja extremt h\u00f6ga radiella laster och m\u00e5ttliga axiella laster i kr\u00e4vande industriella milj\u00f6er. Dess dubbelradiga rullkonstruktion och sf\u00e4riska sp\u00e5r m\u00f6jligg\u00f6r automatisk justering, vilket g\u00f6r det mycket l\u00e4mpligt f\u00f6r till\u00e4mpningar som involverar axelavvikelse, b\u00f6jning eller kraftig vibration.<\/p>","protected":false},"featured_media":2535,"comment_status":"open","ping_status":"closed","template":"","meta":{"site-sidebar-layout":"default","site-content-layout":"","ast-site-content-layout":"default","site-content-style":"default","site-sidebar-style":"default","ast-global-header-display":"","ast-banner-title-visibility":"","ast-main-header-display":"","ast-hfb-above-header-display":"","ast-hfb-below-header-display":"","ast-hfb-mobile-header-display":"","site-post-title":"","ast-breadcrumbs-content":"","ast-featured-img":"","footer-sml-layout":"","ast-disable-related-posts":"","theme-transparent-header-meta":"default","adv-header-id-meta":"","stick-header-meta":"default","header-above-stick-meta":"","header-main-stick-meta":"","header-below-stick-meta":"","astra-migrate-meta-layouts":"set","ast-page-background-enabled":"default","ast-page-background-meta":{"desktop":{"background-color":"","background-image":"","background-repeat":"repeat","background-position":"center center","background-size":"auto","background-attachment":"scroll","background-type":"","background-media":"","overlay-type":"","overlay-color":"","overlay-opacity":"","overlay-gradient":""},"tablet":{"background-color":"","background-image":"","background-repeat":"repeat","background-position":"center center","background-size":"auto","background-attachment":"scroll","background-type":"","background-media":"","overlay-type":"","overlay-color":"","overlay-opacity":"","overlay-gradient":""},"mobile":{"background-color":"","background-image":"","background-repeat":"repeat","background-position":"center center","background-size":"auto","background-attachment":"scroll","background-type":"","background-media":"","overlay-type":"","overlay-color":"","overlay-opacity":"","overlay-gradient":""}},"ast-content-background-meta":{"desktop":{"background-color":"var(--ast-global-color-5)","background-image":"","background-repeat":"repeat","background-position":"center center","background-size":"auto","background-attachment":"scroll","background-type":"","background-media":"","overlay-type":"","overlay-color":"","overlay-opacity":"","overlay-gradient":""},"tablet":{"background-color":"var(--ast-global-color-5)","background-image":"","background-repeat":"repeat","background-position":"center center","background-size":"auto","background-attachment":"scroll","background-type":"","background-media":"","overlay-type":"","overlay-color":"","overlay-opacity":"","overlay-gradient":""},"mobile":{"background-color":"var(--ast-global-color-5)","background-image":"","background-repeat":"repeat","background-position":"center center","background-size":"auto","background-attachment":"scroll","background-type":"","background-media":"","overlay-type":"","overlay-color":"","overlay-opacity":"","overlay-gradient":""}}},"product_brand":[],"product_cat":[24],"product_tag":[222,209,78,56,45,57,119,72,153,150],"class_list":{"0":"post-2449","1":"product","2":"type-product","3":"status-publish","4":"has-post-thumbnail","6":"product_cat-spherical-roller-bearings","7":"product_tag-23022-bearing","8":"product_tag-conveyor-bearing","9":"product_tag-gearbox-bearing","10":"product_tag-heavy-duty-bearing","11":"product_tag-industrial-bearing","12":"product_tag-large-size-bearing","13":"product_tag-mining-bearing","14":"product_tag-oem-bearing-supplier","15":"product_tag-spherical-roller-bearing","16":"product_tag-steel-mill-bearing","17":"desktop-align-left","18":"tablet-align-left","19":"mobile-align-left","20":"ast-product-gallery-layout-horizontal-slider","21":"ast-product-gallery-with-no-image","22":"ast-product-tabs-layout-horizontal","24":"first","25":"instock","26":"shipping-taxable","27":"product-type-simple"},"_links":{"self":[{"href":"https:\/\/www.machinerybearings.com\/sv\/wp-json\/wp\/v2\/product\/2449","targetHints":{"allow":["GET"]}}],"collection":[{"href":"https:\/\/www.machinerybearings.com\/sv\/wp-json\/wp\/v2\/product"}],"about":[{"href":"https:\/\/www.machinerybearings.com\/sv\/wp-json\/wp\/v2\/types\/product"}],"replies":[{"embeddable":true,"href":"https:\/\/www.machinerybearings.com\/sv\/wp-json\/wp\/v2\/comments?post=2449"}],"wp:featuredmedia":[{"embeddable":true,"href":"https:\/\/www.machinerybearings.com\/sv\/wp-json\/wp\/v2\/media\/2535"}],"wp:attachment":[{"href":"https:\/\/www.machinerybearings.com\/sv\/wp-json\/wp\/v2\/media?parent=2449"}],"wp:term":[{"taxonomy":"product_brand","embeddable":true,"href":"https:\/\/www.machinerybearings.com\/sv\/wp-json\/wp\/v2\/product_brand?post=2449"},{"taxonomy":"product_cat","embeddable":true,"href":"https:\/\/www.machinerybearings.com\/sv\/wp-json\/wp\/v2\/product_cat?post=2449"},{"taxonomy":"product_tag","embeddable":true,"href":"https:\/\/www.machinerybearings.com\/sv\/wp-json\/wp\/v2\/product_tag?post=2449"}],"curies":[{"name":"wp","href":"https:\/\/api.w.org\/{rel}","templated":true}]}}