{"id":395,"date":"2026-03-24T15:09:22","date_gmt":"2026-03-24T15:09:22","guid":{"rendered":"https:\/\/www.machinerybearings.com\/about\/"},"modified":"2026-05-02T21:07:09","modified_gmt":"2026-05-02T21:07:09","slug":"about","status":"publish","type":"page","link":"https:\/\/www.machinerybearings.com\/tr\/about\/","title":{"rendered":"Hakk\u0131nda"},"content":{"rendered":"<div data-elementor-type=\"wp-page\" data-elementor-id=\"395\" class=\"elementor elementor-395\" data-elementor-post-type=\"page\">\n\t\t\t\t<div class=\"elementor-element elementor-element-443e739 e-flex e-con-boxed e-con e-parent\" data-id=\"443e739\" data-element_type=\"container\" data-e-type=\"container\" data-settings=\"{&quot;background_background&quot;:&quot;classic&quot;}\">\n\t\t\t\t\t<div class=\"e-con-inner\">\n\t\t<div class=\"elementor-element elementor-element-8816627 e-con-full e-flex e-con e-child\" data-id=\"8816627\" data-element_type=\"container\" data-e-type=\"container\">\n\t\t\t\t<div class=\"elementor-element elementor-element-c2fdea1 elementor-widget elementor-widget-heading\" data-id=\"c2fdea1\" data-element_type=\"widget\" data-e-type=\"widget\" data-widget_type=\"heading.default\">\n\t\t\t\t<div class=\"elementor-widget-container\">\n\t\t\t\t\t<h1 class=\"elementor-heading-title elementor-size-default\">Hakk\u0131nda<\/h1>\t\t\t\t<\/div>\n\t\t\t\t<\/div>\n\t\t\t\t<\/div>\n\t\t\t\t\t<\/div>\n\t\t\t\t<\/div>\n\t\t<div class=\"elementor-element elementor-element-9c4fb5e e-flex e-con-boxed e-con e-parent\" data-id=\"9c4fb5e\" data-element_type=\"container\" data-e-type=\"container\" data-settings=\"{&quot;background_background&quot;:&quot;classic&quot;}\">\n\t\t\t\t\t<div class=\"e-con-inner\">\n\t\t<div class=\"elementor-element elementor-element-ef2fe3d e-con-full e-flex e-con e-child\" data-id=\"ef2fe3d\" data-element_type=\"container\" data-e-type=\"container\" data-settings=\"{&quot;background_background&quot;:&quot;classic&quot;}\">\n\t\t\t\t<div class=\"elementor-element elementor-element-4be2227 elementor-widget elementor-widget-heading\" data-id=\"4be2227\" data-element_type=\"widget\" data-e-type=\"widget\" data-widget_type=\"heading.default\">\n\t\t\t\t<div class=\"elementor-widget-container\">\n\t\t\t\t\t<h5 class=\"elementor-heading-title elementor-size-default\">MakineRulmanlar\u0131<\/h5>\t\t\t\t<\/div>\n\t\t\t\t<\/div>\n\t\t\t\t<div class=\"elementor-element elementor-element-7e0a8fb elementor-widget elementor-widget-heading\" data-id=\"7e0a8fb\" data-element_type=\"widget\" data-e-type=\"widget\" data-widget_type=\"heading.default\">\n\t\t\t\t<div class=\"elementor-widget-container\">\n\t\t\t\t\t<h2 class=\"elementor-heading-title elementor-size-default\">Biz Kimiz<\/h2>\t\t\t\t<\/div>\n\t\t\t\t<\/div>\n\t\t\t\t<\/div>\n\t\t\t\t\t<\/div>\n\t\t\t\t<\/div>\n\t\t<div class=\"elementor-element elementor-element-3790522 e-flex e-con-boxed e-con e-parent\" data-id=\"3790522\" data-element_type=\"container\" data-e-type=\"container\">\n\t\t\t\t\t<div class=\"e-con-inner\">\n\t\t<div class=\"elementor-element elementor-element-3149c78 e-con-full e-flex e-con e-child\" data-id=\"3149c78\" data-element_type=\"container\" data-e-type=\"container\">\n\t\t\t\t<div class=\"elementor-element elementor-element-ff7b81f elementor-widget elementor-widget-heading\" data-id=\"ff7b81f\" data-element_type=\"widget\" data-e-type=\"widget\" data-widget_type=\"heading.default\">\n\t\t\t\t<div class=\"elementor-widget-container\">\n\t\t\t\t\t<h6 class=\"elementor-heading-title elementor-size-default\">Hikayemiz<\/h6>\t\t\t\t<\/div>\n\t\t\t\t<\/div>\n\t\t\t\t<\/div>\n\t\t<div class=\"elementor-element elementor-element-ba3fc8e e-con-full e-flex e-con e-child\" data-id=\"ba3fc8e\" data-element_type=\"container\" data-e-type=\"container\">\n\t\t\t\t<div class=\"elementor-element elementor-element-b8a8c9f elementor-widget-divider--view-line elementor-widget elementor-widget-divider\" data-id=\"b8a8c9f\" data-element_type=\"widget\" data-e-type=\"widget\" data-widget_type=\"divider.default\">\n\t\t\t\t<div class=\"elementor-widget-container\">\n\t\t\t\t\t\t\t<div class=\"elementor-divider\">\n\t\t\t<span class=\"elementor-divider-separator\">\n\t\t\t\t\t\t<\/span>\n\t\t<\/div>\n\t\t\t\t\t\t<\/div>\n\t\t\t\t<\/div>\n\t\t\t\t<div class=\"elementor-element elementor-element-84850f0 elementor-widget elementor-widget-text-editor\" data-id=\"84850f0\" data-element_type=\"widget\" data-e-type=\"widget\" data-widget_type=\"text-editor.default\">\n\t\t\t\t<div class=\"elementor-widget-container\">\n\t\t\t\t\t\t\t\t\t<p data-start=\"154\" data-end=\"371\">MakineRulmanlar\u0131, global m\u00fc\u015fterilere g\u00fcvenilir ve y\u00fcksek performansl\u0131 rulman \u00e7\u00f6z\u00fcmleri sunmaya adanm\u0131\u015f, Henan Wonzh Hassas \u00dcretim A.\u015e. b\u00fcnyesindeki profesyonel bir end\u00fcstriyel rulman platformudur.<\/p><p data-start=\"373\" data-end=\"583\">Hassas \u00fcretim konusundaki y\u0131llar\u0131n deneyimi ile, makinelerde, g\u00fc\u00e7 iletim sistemlerinde ve a\u011f\u0131r sanayi ortamlar\u0131nda kullan\u0131lan geni\u015f bir rulman yelpazesinin \u00fcretimi ve tedarikinde uzman\u0131z.<\/p><p data-start=\"585\" data-end=\"759\">Odak noktam\u0131z yaln\u0131zca \u00fcr\u00fcn tedarik etmek de\u011fil, ayn\u0131 zamanda ekipman performans\u0131n\u0131 art\u0131ran, duru\u015f s\u00fcrelerini azaltan ve hizmet \u00f6mr\u00fcn\u00fc uzatan m\u00fchendislik odakl\u0131 \u00e7\u00f6z\u00fcmler sunmakt\u0131r.<\/p><p data-start=\"784\" data-end=\"950\">Henan Wonzh Hassas \u00dcretim A.\u015e., global end\u00fcstriyel pazara hassas m\u00fchendislik ve g\u00fcvenilir bile\u015fenler getirme vizyonu ile kurulmu\u015ftur.<\/p><p data-start=\"952\" data-end=\"1279\">Y\u0131llar i\u00e7inde, rulman \u00fcretimi, s\u0131zd\u0131rmazl\u0131k \u00e7\u00f6z\u00fcmleri ve ilgili mekanik bile\u015fenlerdeki yeteneklerimizi s\u00fcrekli olarak geni\u015flettik. \u00dcretim teknolojisine ve kalite kontrol sistemlerine yap\u0131lan s\u00fcrekli yat\u0131r\u0131mlar sayesinde, istikrarl\u0131 bir tedarik zinciri ve \u00e7ok say\u0131da sekt\u00f6rdeki m\u00fc\u015fterilerle uzun vadeli ortakl\u0131klar kurduk.<\/p><p data-start=\"1281\" data-end=\"1472\">Bug\u00fcn, MakineRulmanlar\u0131, uluslararas\u0131 m\u00fc\u015fterilerle ba\u011flant\u0131 kurmak i\u00e7in \u00f6zel platformumuz olarak hizmet vermekte, ger\u00e7ek d\u00fcnya uygulamalar\u0131na y\u00f6nelik standart ve \u00f6zelle\u015ftirilmi\u015f rulman \u00e7\u00f6z\u00fcmleri sunmaktad\u0131r.<\/p>\t\t\t\t\t\t\t\t<\/div>\n\t\t\t\t<\/div>\n\t\t\t\t<\/div>\n\t\t\t\t\t<\/div>\n\t\t\t\t<\/div>\n\t\t<div class=\"elementor-element elementor-element-ec04f94 e-flex e-con-boxed e-con e-parent\" data-id=\"ec04f94\" data-element_type=\"container\" data-e-type=\"container\" data-settings=\"{&quot;background_background&quot;:&quot;classic&quot;}\">\n\t\t\t\t\t<div class=\"e-con-inner\">\n\t\t<div class=\"elementor-element elementor-element-1c9762f e-con-full e-flex e-con e-child\" data-id=\"1c9762f\" data-element_type=\"container\" data-e-type=\"container\">\n\t\t<div class=\"elementor-element elementor-element-ba45ee9 e-con-full e-flex e-con e-child\" data-id=\"ba45ee9\" data-element_type=\"container\" data-e-type=\"container\">\n\t\t<div class=\"elementor-element elementor-element-4e3ff3d e-con-full e-flex e-con e-child\" data-id=\"4e3ff3d\" data-element_type=\"container\" data-e-type=\"container\">\n\t\t\t\t<div class=\"elementor-element elementor-element-e9b7223 elementor-widget elementor-widget-heading\" data-id=\"e9b7223\" data-element_type=\"widget\" data-e-type=\"widget\" data-widget_type=\"heading.default\">\n\t\t\t\t<div class=\"elementor-widget-container\">\n\t\t\t\t\t<h6 class=\"elementor-heading-title elementor-size-default\">Vizyonumuz<\/h6>\t\t\t\t<\/div>\n\t\t\t\t<\/div>\n\t\t\t\t<\/div>\n\t\t<div class=\"elementor-element elementor-element-d7f54ae e-con-full e-flex e-con e-child\" data-id=\"d7f54ae\" data-element_type=\"container\" data-e-type=\"container\">\n\t\t\t\t<div class=\"elementor-element elementor-element-518860d elementor-widget-divider--view-line elementor-widget elementor-widget-divider\" data-id=\"518860d\" data-element_type=\"widget\" data-e-type=\"widget\" data-widget_type=\"divider.default\">\n\t\t\t\t<div class=\"elementor-widget-container\">\n\t\t\t\t\t\t\t<div class=\"elementor-divider\">\n\t\t\t<span class=\"elementor-divider-separator\">\n\t\t\t\t\t\t<\/span>\n\t\t<\/div>\n\t\t\t\t\t\t<\/div>\n\t\t\t\t<\/div>\n\t\t\t\t<div class=\"elementor-element elementor-element-442f3f8 elementor-widget elementor-widget-text-editor\" data-id=\"442f3f8\" data-element_type=\"widget\" data-e-type=\"widget\" data-widget_type=\"text-editor.default\">\n\t\t\t\t<div class=\"elementor-widget-container\">\n\t\t\t\t\t\t\t\t\t<p data-start=\"1498\" data-end=\"1646\">Kalite, g\u00fcvenilirlik ve m\u00fchendislik uzmanl\u0131\u011f\u0131 ile tan\u0131nan, hassas rulmanlar ve mekanik bile\u015fenler i\u00e7in g\u00fcvenilir bir k\u00fcresel tedarik\u00e7i olmakt\u0131r.<\/p><p data-start=\"1648\" data-end=\"1772\">Performans ve dayan\u0131kl\u0131l\u0131k a\u00e7\u0131s\u0131ndan en y\u00fcksek standartlar\u0131 kar\u015f\u0131layan \u00fcr\u00fcnler sunarak d\u00fcnya genelindeki end\u00fcstrileri desteklemeyi hedefliyoruz.<\/p>\t\t\t\t\t\t\t\t<\/div>\n\t\t\t\t<\/div>\n\t\t\t\t<\/div>\n\t\t\t\t<\/div>\n\t\t<div class=\"elementor-element elementor-element-d382d58 e-con-full e-flex e-con e-child\" data-id=\"d382d58\" data-element_type=\"container\" data-e-type=\"container\">\n\t\t<div class=\"elementor-element elementor-element-2398d76 e-con-full e-flex e-con e-child\" data-id=\"2398d76\" data-element_type=\"container\" data-e-type=\"container\">\n\t\t\t\t<div class=\"elementor-element elementor-element-82836ee elementor-widget elementor-widget-heading\" data-id=\"82836ee\" data-element_type=\"widget\" data-e-type=\"widget\" data-widget_type=\"heading.default\">\n\t\t\t\t<div class=\"elementor-widget-container\">\n\t\t\t\t\t<h6 class=\"elementor-heading-title elementor-size-default\">Misyonumuz<\/h6>\t\t\t\t<\/div>\n\t\t\t\t<\/div>\n\t\t\t\t<\/div>\n\t\t<div class=\"elementor-element elementor-element-9de1ae7 e-con-full e-flex e-con e-child\" data-id=\"9de1ae7\" data-element_type=\"container\" data-e-type=\"container\">\n\t\t\t\t<div class=\"elementor-element elementor-element-88206b2 elementor-widget-divider--view-line elementor-widget elementor-widget-divider\" data-id=\"88206b2\" data-element_type=\"widget\" data-e-type=\"widget\" data-widget_type=\"divider.default\">\n\t\t\t\t<div class=\"elementor-widget-container\">\n\t\t\t\t\t\t\t<div class=\"elementor-divider\">\n\t\t\t<span class=\"elementor-divider-separator\">\n\t\t\t\t\t\t<\/span>\n\t\t<\/div>\n\t\t\t\t\t\t<\/div>\n\t\t\t\t<\/div>\n\t\t\t\t<div class=\"elementor-element elementor-element-60f644e elementor-widget elementor-widget-text-editor\" data-id=\"60f644e\" data-element_type=\"widget\" data-e-type=\"widget\" data-widget_type=\"text-editor.default\">\n\t\t\t\t<div class=\"elementor-widget-container\">\n\t\t\t\t\t\t\t\t\t<p data-start=\"95\" data-end=\"285\">Sadece rulman \u00fcr\u00fcnleri sunmaktan daha fazlas\u0131n\u0131 taahh\u00fct ediyoruz. MakineRulmanlar\u0131'nda, misyonumuz kalite, performans ve m\u00fc\u015fterilerimiz i\u00e7in uzun vadeli de\u011fer \u00fczerine net bir odaklanma ile y\u00f6nlendirilmektedir.<\/p><p data-start=\"287\" data-end=\"491\">Hassas \u00fcretimi pratik m\u00fchendislik deste\u011fi ile birle\u015ftirerek, i\u015fletmelerin verimlili\u011fi art\u0131rmalar\u0131na, duru\u015f s\u00fcrelerini azaltmalar\u0131na ve zorlu end\u00fcstriyel ortamlarda g\u00fcvenilir bir i\u015fletim elde etmelerine yard\u0131mc\u0131 olmay\u0131 hedefliyoruz.<\/p>\t\t\t\t\t\t\t\t<\/div>\n\t\t\t\t<\/div>\n\t\t\t\t<div class=\"elementor-element elementor-element-2f19918 elementor-icon-list--layout-traditional elementor-list-item-link-full_width elementor-widget elementor-widget-icon-list\" data-id=\"2f19918\" data-element_type=\"widget\" data-e-type=\"widget\" data-widget_type=\"icon-list.default\">\n\t\t\t\t<div class=\"elementor-widget-container\">\n\t\t\t\t\t\t\t<ul class=\"elementor-icon-list-items\">\n\t\t\t\t\t\t\t<li class=\"elementor-icon-list-item\">\n\t\t\t\t\t\t\t\t\t\t\t<span class=\"elementor-icon-list-icon\">\n\t\t\t\t\t\t\t<i aria-hidden=\"true\" class=\"fas fa-caret-right\"><\/i>\t\t\t\t\t\t<\/span>\n\t\t\t\t\t\t\t\t\t\t<span class=\"elementor-icon-list-text\">Tutarl\u0131 performansa sahip y\u00fcksek kaliteli rulman \u00fcr\u00fcnleri sunmak<\/span>\n\t\t\t\t\t\t\t\t\t<\/li>\n\t\t\t\t\t\t\t\t<li class=\"elementor-icon-list-item\">\n\t\t\t\t\t\t\t\t\t\t\t<span class=\"elementor-icon-list-icon\">\n\t\t\t\t\t\t\t<i aria-hidden=\"true\" class=\"fas fa-caret-right\"><\/i>\t\t\t\t\t\t<\/span>\n\t\t\t\t\t\t\t\t\t\t<span class=\"elementor-icon-list-text\">Pratik ve verimli m\u00fchendislik \u00e7\u00f6z\u00fcmleri sunmak<\/span>\n\t\t\t\t\t\t\t\t\t<\/li>\n\t\t\t\t\t\t\t\t<li class=\"elementor-icon-list-item\">\n\t\t\t\t\t\t\t\t\t\t\t<span class=\"elementor-icon-list-icon\">\n\t\t\t\t\t\t\t<i aria-hidden=\"true\" class=\"fas fa-caret-right\"><\/i>\t\t\t\t\t\t<\/span>\n\t\t\t\t\t\t\t\t\t\t<span class=\"elementor-icon-list-text\">M\u00fc\u015fterilerin operasyonel maliyetlerini azaltmalar\u0131na ve sistem g\u00fcvenilirli\u011fini art\u0131rmalar\u0131na yard\u0131mc\u0131 olmak<\/span>\n\t\t\t\t\t\t\t\t\t<\/li>\n\t\t\t\t\t\t\t\t<li class=\"elementor-icon-list-item\">\n\t\t\t\t\t\t\t\t\t\t\t<span class=\"elementor-icon-list-icon\">\n\t\t\t\t\t\t\t<i aria-hidden=\"true\" class=\"fas fa-caret-right\"><\/i>\t\t\t\t\t\t<\/span>\n\t\t\t\t\t\t\t\t\t\t<span class=\"elementor-icon-list-text\">G\u00fcven ve profesyonellik temelinde uzun vadeli ortakl\u0131klar kurmak<\/span>\n\t\t\t\t\t\t\t\t\t<\/li>\n\t\t\t\t\t\t<\/ul>\n\t\t\t\t\t\t<\/div>\n\t\t\t\t<\/div>\n\t\t\t\t<\/div>\n\t\t\t\t<\/div>\n\t\t\t\t<\/div>\n\t\t\t\t\t<\/div>\n\t\t\t\t<\/div>\n\t\t\t\t<\/div>","protected":false},"excerpt":{"rendered":"<p>About MachineryBearings Who We Are Our story MachineryBearings is a professional industrial bearing platform under Henan Wonzh Precision Manufacturing Co., Ltd., dedicated to providing reliable and high-performance bearing solutions for global customers. With years of experience in precision manufacturing, we specialize in the production and supply of a wide range of bearings used in machinery, [&hellip;]<\/p>\n","protected":false},"author":1,"featured_media":0,"parent":0,"menu_order":0,"comment_status":"closed","ping_status":"closed","template":"","meta":{"site-sidebar-layout":"no-sidebar","site-content-layout":"page-builder","ast-site-content-layout":"default","site-content-style":"default","site-sidebar-style":"default","ast-global-header-display":"","ast-banner-title-visibility":"","ast-main-header-display":"","ast-hfb-above-header-display":"","ast-hfb-below-header-display":"","ast-hfb-mobile-header-display":"","site-post-title":"disabled","ast-breadcrumbs-content":"disabled","ast-featured-img":"disabled","footer-sml-layout":"","ast-disable-related-posts":"","theme-transparent-header-meta":"enabled","adv-header-id-meta":"","stick-header-meta":"","header-above-stick-meta":"","header-main-stick-meta":"","header-below-stick-meta":"","astra-migrate-meta-layouts":"default","ast-page-background-enabled":"default","ast-page-background-meta":{"desktop":{"background-color":"","background-image":"","background-repeat":"repeat","background-position":"center center","background-size":"auto","background-attachment":"scroll","background-type":"","background-media":"","overlay-type":"","overlay-color":"","overlay-opacity":"","overlay-gradient":""},"tablet":{"background-color":"","background-image":"","background-repeat":"repeat","background-position":"center center","background-size":"auto","background-attachment":"scroll","background-type":"","background-media":"","overlay-type":"","overlay-color":"","overlay-opacity":"","overlay-gradient":""},"mobile":{"background-color":"","background-image":"","background-repeat":"repeat","background-position":"center center","background-size":"auto","background-attachment":"scroll","background-type":"","background-media":"","overlay-type":"","overlay-color":"","overlay-opacity":"","overlay-gradient":""}},"ast-content-background-meta":{"desktop":{"background-color":"var(--ast-global-color-5)","background-image":"","background-repeat":"repeat","background-position":"center center","background-size":"auto","background-attachment":"scroll","background-type":"","background-media":"","overlay-type":"","overlay-color":"","overlay-opacity":"","overlay-gradient":""},"tablet":{"background-color":"var(--ast-global-color-5)","background-image":"","background-repeat":"repeat","background-position":"center center","background-size":"auto","background-attachment":"scroll","background-type":"","background-media":"","overlay-type":"","overlay-color":"","overlay-opacity":"","overlay-gradient":""},"mobile":{"background-color":"var(--ast-global-color-5)","background-image":"","background-repeat":"repeat","background-position":"center center","background-size":"auto","background-attachment":"scroll","background-type":"","background-media":"","overlay-type":"","overlay-color":"","overlay-opacity":"","overlay-gradient":""}},"footnotes":""},"class_list":["post-395","page","type-page","status-publish","hentry"],"_links":{"self":[{"href":"https:\/\/www.machinerybearings.com\/tr\/wp-json\/wp\/v2\/pages\/395","targetHints":{"allow":["GET"]}}],"collection":[{"href":"https:\/\/www.machinerybearings.com\/tr\/wp-json\/wp\/v2\/pages"}],"about":[{"href":"https:\/\/www.machinerybearings.com\/tr\/wp-json\/wp\/v2\/types\/page"}],"author":[{"embeddable":true,"href":"https:\/\/www.machinerybearings.com\/tr\/wp-json\/wp\/v2\/users\/1"}],"replies":[{"embeddable":true,"href":"https:\/\/www.machinerybearings.com\/tr\/wp-json\/wp\/v2\/comments?post=395"}],"version-history":[{"count":9,"href":"https:\/\/www.machinerybearings.com\/tr\/wp-json\/wp\/v2\/pages\/395\/revisions"}],"predecessor-version":[{"id":2492,"href":"https:\/\/www.machinerybearings.com\/tr\/wp-json\/wp\/v2\/pages\/395\/revisions\/2492"}],"wp:attachment":[{"href":"https:\/\/www.machinerybearings.com\/tr\/wp-json\/wp\/v2\/media?parent=395"}],"curies":[{"name":"wp","href":"https:\/\/api.w.org\/{rel}","templated":true}]}}