{"id":2368,"date":"2026-04-11T15:43:17","date_gmt":"2026-04-11T15:43:17","guid":{"rendered":"https:\/\/www.machinerybearings.com\/?post_type=product&#038;p=2368"},"modified":"2026-05-03T14:19:01","modified_gmt":"2026-05-03T14:19:01","slug":"6001-derin-oluklu-bilyali-yatak-motorlar-icin-yuksek-hizli-hassas-yatak-endustriyel-ekipman","status":"publish","type":"product","link":"https:\/\/www.machinerybearings.com\/tr\/urun\/6001-derin-oluklu-bilyali-yatak-motorlar-icin-yuksek-hizli-hassas-yatak-endustriyel-ekipman\/","title":{"rendered":"6001 Derin Yivli Bilya \u2013 Motorlar ve End\u00fcstriyel Ekipmanlar i\u00e7in Y\u00fcksek H\u0131zda Hassas Bilya"},"content":{"rendered":"<p data-start=\"397\" data-end=\"688\">Bu <strong data-start=\"401\" data-end=\"434\">6001 Derin Yivli Bilya<\/strong> p\u00fcr\u00fczs\u00fcz d\u00f6n\u00fc\u015f, d\u00fc\u015f\u00fck g\u00fcr\u00fclt\u00fc ve uzun \u00e7al\u0131\u015fma \u00f6mr\u00fc i\u00e7in tasarlanm\u0131\u015f kompakt ve y\u00fcksek performansl\u0131 bir rulmand\u0131r. Derin yivli yar\u0131klar ve hassas \u00e7elik toplarla, hem radyal y\u00fckleri hem de her iki y\u00f6nde orta d\u00fczeyde eksenel y\u00fckleri destekleyebilir.<\/p>\n<p data-start=\"690\" data-end=\"1066\">Y\u00fcksek kaliteli krom \u00e7elikten \u00fcretilmi\u015f olup, paslanmaz \u00e7elik ve seramik se\u00e7enekleriyle mevcut olan 6001 rulman\u0131, m\u00fckemmel a\u015f\u0131nma direnci, korozyon korumas\u0131 ve y\u00fcksek h\u0131zl\u0131 yetenek sunar. A\u00e7\u0131k tip, metal koruma (ZZ) ve lastik conta (2RS) dahil olmak \u00fczere birden fazla s\u0131zd\u0131rmazl\u0131k konfig\u00fcrasyonunda mevcuttur ve \u00e7e\u015fitli \u00e7al\u0131\u015fma ortamlar\u0131nda g\u00fcvenilir performans sa\u011flar.<\/p>\n<p data-start=\"1068\" data-end=\"1200\">\u00c7ok y\u00f6nl\u00fcl\u00fc\u011f\u00fc ve dayan\u0131kl\u0131l\u0131\u011f\u0131 nedeniyle, 6001 rulman\u0131 elektrik motorlar\u0131, pompalar, di\u015fliler ve otomasyon sistemlerinde yayg\u0131n olarak kullan\u0131lmaktad\u0131r.<\/p>\n<h1 data-section-id=\"8av2ty\" data-start=\"1207\" data-end=\"1225\"><span role=\"text\"><strong data-start=\"1209\" data-end=\"1225\">Ana \u00d6zellikler<\/strong><\/span><\/h1>\n<ul data-start=\"1227\" data-end=\"1545\">\n<li data-section-id=\"ceobeo\" data-start=\"1227\" data-end=\"1271\">D\u00fc\u015f\u00fck s\u00fcrt\u00fcnme ile y\u00fcksek h\u0131zl\u0131 performans<\/li>\n<li data-section-id=\"1mmgltn\" data-start=\"1272\" data-end=\"1330\">S\u0131n\u0131rl\u0131 montaj alan\u0131na uygun kompakt tasar\u0131m<\/li>\n<li data-section-id=\"6rb5ny\" data-start=\"1331\" data-end=\"1374\">Birden fazla s\u0131zd\u0131rmazl\u0131k se\u00e7ene\u011fi: A\u00e7\u0131k, ZZ, 2RS<\/li>\n<li data-section-id=\"mzdcj0\" data-start=\"1375\" data-end=\"1412\">D\u00fc\u015f\u00fck titre\u015fim ve sessiz \u00e7al\u0131\u015fma<\/li>\n<li data-section-id=\"1dkc69x\" data-start=\"1413\" data-end=\"1456\">Y\u00fcksek g\u00fcvenilirlik ile uzun hizmet \u00f6mr\u00fc<\/li>\n<li data-section-id=\"1799fsu\" data-start=\"1457\" data-end=\"1508\">Opsiyonel malzemeler: paslanmaz \u00e7elik ve seramik<\/li>\n<li data-section-id=\"15114ml\" data-start=\"1509\" data-end=\"1545\">OEM ve toplu tedarik i\u00e7in uygundur<\/li>\n<\/ul>\n<h1 data-section-id=\"10k15yz\" data-start=\"1552\" data-end=\"1582\"><span role=\"text\"><strong data-start=\"1554\" data-end=\"1582\">Teknik \u00d6zellikler<\/strong><\/span><\/h1>\n<div class=\"TyagGW_tableContainer\">\n<div class=\"group TyagGW_tableWrapper flex flex-col-reverse w-fit\" tabindex=\"-1\">\n<table class=\"w-fit min-w-(--thread-content-width)\" data-start=\"1584\" data-end=\"1980\">\n<thead data-start=\"1584\" data-end=\"1605\">\n<tr data-start=\"1584\" data-end=\"1605\">\n<th class=\"\" data-start=\"1584\" data-end=\"1596\" data-col-size=\"sm\">Parametre<\/th>\n<th class=\"\" data-start=\"1596\" data-end=\"1605\" data-col-size=\"sm\">De\u011fer<\/th>\n<\/tr>\n<\/thead>\n<tbody data-start=\"1626\" data-end=\"1980\">\n<tr data-start=\"1626\" data-end=\"1650\">\n<td data-start=\"1626\" data-end=\"1642\" data-col-size=\"sm\">Rulman Modeli<\/td>\n<td data-start=\"1642\" data-end=\"1650\" data-col-size=\"sm\">6001<\/td>\n<\/tr>\n<tr data-start=\"1651\" data-end=\"1681\">\n<td data-start=\"1651\" data-end=\"1672\" data-col-size=\"sm\">\u0130\u00e7 \u00c7ap (d)<\/td>\n<td data-start=\"1672\" data-end=\"1681\" data-col-size=\"sm\">12 mm<\/td>\n<\/tr>\n<tr data-start=\"1682\" data-end=\"1712\">\n<td data-start=\"1682\" data-end=\"1703\" data-col-size=\"sm\">D\u0131\u015f \u00c7ap (D)<\/td>\n<td data-start=\"1703\" data-end=\"1712\" data-col-size=\"sm\">28 mm<\/td>\n<\/tr>\n<tr data-start=\"1713\" data-end=\"1733\">\n<td data-start=\"1713\" data-end=\"1725\" data-col-size=\"sm\">Geni\u015flik (B)<\/td>\n<td data-start=\"1725\" data-end=\"1733\" data-col-size=\"sm\">8 mm<\/td>\n<\/tr>\n<tr data-start=\"1734\" data-end=\"1789\">\n<td data-start=\"1734\" data-end=\"1745\" data-col-size=\"sm\">Malzeme<\/td>\n<td data-start=\"1745\" data-end=\"1789\" data-col-size=\"sm\">Krom \u00c7elik \/ Paslanmaz \u00c7elik \/ Seramik<\/td>\n<\/tr>\n<tr data-start=\"1790\" data-end=\"1823\">\n<td data-start=\"1790\" data-end=\"1806\" data-col-size=\"sm\">Kafes Malzemesi<\/td>\n<td data-col-size=\"sm\" data-start=\"1806\" data-end=\"1823\">\u00c7elik \/ Naylon<\/td>\n<\/tr>\n<tr data-start=\"1824\" data-end=\"1858\">\n<td data-start=\"1824\" data-end=\"1839\" data-col-size=\"sm\">S\u0131zd\u0131rmazl\u0131k Tipi<\/td>\n<td data-col-size=\"sm\" data-start=\"1839\" data-end=\"1858\">A\u00e7\u0131k \/ ZZ \/ 2RS<\/td>\n<\/tr>\n<tr data-start=\"1859\" data-end=\"1906\">\n<td data-start=\"1859\" data-end=\"1878\" data-col-size=\"sm\">Hassasiyet S\u0131n\u0131f\u0131<\/td>\n<td data-col-size=\"sm\" data-start=\"1878\" data-end=\"1906\">ABEC-1 \/ ABEC-3 \/ ABEC-5<\/td>\n<\/tr>\n<tr data-start=\"1907\" data-end=\"1937\">\n<td data-start=\"1907\" data-end=\"1921\" data-col-size=\"sm\">Ya\u011flama<\/td>\n<td data-col-size=\"sm\" data-start=\"1921\" data-end=\"1937\">Ya\u011f \/ Ya\u011flama<\/td>\n<\/tr>\n<tr data-start=\"1938\" data-end=\"1980\">\n<td data-start=\"1938\" data-end=\"1962\" data-col-size=\"sm\">\u00c7al\u0131\u015fma S\u0131cakl\u0131\u011f\u0131<\/td>\n<td data-col-size=\"sm\" data-start=\"1962\" data-end=\"1980\">-20\u00b0C ile 120\u00b0C<\/td>\n<\/tr>\n<\/tbody>\n<\/table>\n<\/div>\n<\/div>\n<h1 data-section-id=\"1p00fbj\" data-start=\"1987\" data-end=\"2005\"><span role=\"text\"><strong data-start=\"1989\" data-end=\"2005\">Uygulamalar<\/strong><\/span><\/h1>\n<p data-start=\"2007\" data-end=\"2059\">6001 derin yivli bilya rulman\u0131 yayg\u0131n olarak \u015funlarda kullan\u0131l\u0131r:<\/p>\n<ul data-start=\"2061\" data-end=\"2222\">\n<li data-section-id=\"zp4m4p\" data-start=\"2061\" data-end=\"2100\">Elektrik motorlar\u0131 ve k\u00fc\u00e7\u00fck makineler<\/li>\n<li data-section-id=\"1q8fyka\" data-start=\"2101\" data-end=\"2124\">Pompalar ve di\u015fliler<\/li>\n<li data-section-id=\"wiznod\" data-start=\"2125\" data-end=\"2149\">Ev aletleri<\/li>\n<li data-section-id=\"1me5um2\" data-start=\"2150\" data-end=\"2185\">End\u00fcstriyel otomasyon ekipmanlar\u0131<\/li>\n<li data-section-id=\"4dlwv0\" data-start=\"2186\" data-end=\"2201\">Elektrikli aletler<\/li>\n<li data-section-id=\"176s2ln\" data-start=\"2202\" data-end=\"2222\">Konvey\u00f6r sistemleri<\/li>\n<\/ul>\n<h1 data-section-id=\"zdmnob\" data-start=\"2229\" data-end=\"2248\"><span role=\"text\"><strong data-start=\"2231\" data-end=\"2248\">Neden Bizi Se\u00e7melisiniz<\/strong><\/span><\/h1>\n<ul data-start=\"2250\" data-end=\"2460\">\n<li data-section-id=\"1rg4ijk\" data-start=\"2250\" data-end=\"2295\">Stabil kalite ile do\u011frudan fabrika tedariki<\/li>\n<li data-section-id=\"w8c53i\" data-start=\"2296\" data-end=\"2340\">OEM ve \u00f6zelle\u015ftirme hizmetleri mevcuttur<\/li>\n<li data-section-id=\"18yrkc1\" data-start=\"2341\" data-end=\"2380\">Toplu sipari\u015fler i\u00e7in rekabet\u00e7i fiyatland\u0131rma<\/li>\n<li data-section-id=\"1x678vr\" data-start=\"2381\" data-end=\"2420\">H\u0131zl\u0131 \u00fcretim ve k\u00fcresel teslimat<\/li>\n<li data-section-id=\"fn7cjc\" data-start=\"2421\" data-end=\"2460\">S\u0131k\u0131 kalite kontrol standartlar\u0131<\/li>\n<\/ul>\n<h1 data-section-id=\"1iusff4\" data-start=\"2467\" data-end=\"2476\"><span role=\"text\"><strong data-start=\"2469\" data-end=\"2476\">SSS<\/strong><\/span><\/h1>\n<p data-start=\"2478\" data-end=\"2693\"><strong data-start=\"2478\" data-end=\"2538\">S: 6001-ZZ ile 6001-2RS aras\u0131ndaki fark nedir?<\/strong><br data-start=\"2538\" data-end=\"2541\" \/>C: 6001-ZZ, daha d\u00fc\u015f\u00fck s\u00fcrt\u00fcnme ve daha y\u00fcksek h\u0131z i\u00e7in metal kalkanlara sahipken, 6001-2RS toz ve nemden daha iyi koruma i\u00e7in kau\u00e7uk contalar kullan\u0131r.<\/p>\n<p data-start=\"2695\" data-end=\"2870\"><strong data-start=\"2695\" data-end=\"2760\">S: Paslanmaz \u00e7elik veya seramik 6001 rulman sa\u011flayabilir misiniz?<\/strong><br data-start=\"2760\" data-end=\"2763\" \/>C: Evet, korozyon direnci ve y\u00fcksek h\u0131zl\u0131 uygulamalar i\u00e7in paslanmaz \u00e7elik ve seramik versiyonlar sunuyoruz.<\/p>\n<p data-start=\"2872\" data-end=\"3005\"><strong data-start=\"2872\" data-end=\"2913\">S: OEM \u00f6zelle\u015ftirmeyi destekliyor musunuz?<\/strong><br data-start=\"2913\" data-end=\"2916\" \/>C: Evet, toplu sipari\u015fler i\u00e7in \u00f6zel malzemeler, boyutlar, ambalaj ve marka deste\u011fi sa\u011fl\u0131yoruz.<\/p>","protected":false},"excerpt":{"rendered":"<p>Bu <strong data-start=\"401\" data-end=\"434\">6001 Derin Yivli Bilya<\/strong> p\u00fcr\u00fczs\u00fcz d\u00f6n\u00fc\u015f, d\u00fc\u015f\u00fck g\u00fcr\u00fclt\u00fc ve uzun \u00e7al\u0131\u015fma \u00f6mr\u00fc i\u00e7in tasarlanm\u0131\u015f kompakt ve y\u00fcksek performansl\u0131 bir rulmand\u0131r. Derin yivli yar\u0131klar ve hassas \u00e7elik toplarla, hem radyal y\u00fckleri hem de her iki y\u00f6nde orta d\u00fczeyde eksenel y\u00fckleri destekleyebilir.<\/p>","protected":false},"featured_media":2572,"comment_status":"open","ping_status":"closed","template":"","meta":{"site-sidebar-layout":"default","site-content-layout":"","ast-site-content-layout":"default","site-content-style":"default","site-sidebar-style":"default","ast-global-header-display":"","ast-banner-title-visibility":"","ast-main-header-display":"","ast-hfb-above-header-display":"","ast-hfb-below-header-display":"","ast-hfb-mobile-header-display":"","site-post-title":"","ast-breadcrumbs-content":"","ast-featured-img":"","footer-sml-layout":"","ast-disable-related-posts":"","theme-transparent-header-meta":"default","adv-header-id-meta":"","stick-header-meta":"default","header-above-stick-meta":"","header-main-stick-meta":"","header-below-stick-meta":"","astra-migrate-meta-layouts":"set","ast-page-background-enabled":"default","ast-page-background-meta":{"desktop":{"background-color":"","background-image":"","background-repeat":"repeat","background-position":"center center","background-size":"auto","background-attachment":"scroll","background-type":"","background-media":"","overlay-type":"","overlay-color":"","overlay-opacity":"","overlay-gradient":""},"tablet":{"background-color":"","background-image":"","background-repeat":"repeat","background-position":"center center","background-size":"auto","background-attachment":"scroll","background-type":"","background-media":"","overlay-type":"","overlay-color":"","overlay-opacity":"","overlay-gradient":""},"mobile":{"background-color":"","background-image":"","background-repeat":"repeat","background-position":"center center","background-size":"auto","background-attachment":"scroll","background-type":"","background-media":"","overlay-type":"","overlay-color":"","overlay-opacity":"","overlay-gradient":""}},"ast-content-background-meta":{"desktop":{"background-color":"var(--ast-global-color-5)","background-image":"","background-repeat":"repeat","background-position":"center center","background-size":"auto","background-attachment":"scroll","background-type":"","background-media":"","overlay-type":"","overlay-color":"","overlay-opacity":"","overlay-gradient":""},"tablet":{"background-color":"var(--ast-global-color-5)","background-image":"","background-repeat":"repeat","background-position":"center center","background-size":"auto","background-attachment":"scroll","background-type":"","background-media":"","overlay-type":"","overlay-color":"","overlay-opacity":"","overlay-gradient":""},"mobile":{"background-color":"var(--ast-global-color-5)","background-image":"","background-repeat":"repeat","background-position":"center center","background-size":"auto","background-attachment":"scroll","background-type":"","background-media":"","overlay-type":"","overlay-color":"","overlay-opacity":"","overlay-gradient":""}}},"product_brand":[],"product_cat":[15],"product_tag":[44,42,43,46,33,39,45,38,47,37],"class_list":{"0":"post-2368","1":"product","2":"type-product","3":"status-publish","4":"has-post-thumbnail","6":"product_cat-deep-groove-ball-bearings","7":"product_tag-6001-2rs-bearing","8":"product_tag-6001-bearing","9":"product_tag-6001-zz-bearing","10":"product_tag-bearing-supplier","11":"product_tag-deep-groove-ball-bearing","12":"product_tag-high-speed-bearing","13":"product_tag-industrial-bearing","14":"product_tag-motor-bearing","15":"product_tag-oem-bearing-manufacturer","16":"product_tag-small-ball-bearing","17":"desktop-align-left","18":"tablet-align-left","19":"mobile-align-left","20":"ast-product-gallery-layout-horizontal-slider","21":"ast-product-gallery-with-no-image","22":"ast-product-tabs-layout-horizontal","24":"first","25":"instock","26":"shipping-taxable","27":"product-type-simple"},"_links":{"self":[{"href":"https:\/\/www.machinerybearings.com\/tr\/wp-json\/wp\/v2\/product\/2368","targetHints":{"allow":["GET"]}}],"collection":[{"href":"https:\/\/www.machinerybearings.com\/tr\/wp-json\/wp\/v2\/product"}],"about":[{"href":"https:\/\/www.machinerybearings.com\/tr\/wp-json\/wp\/v2\/types\/product"}],"replies":[{"embeddable":true,"href":"https:\/\/www.machinerybearings.com\/tr\/wp-json\/wp\/v2\/comments?post=2368"}],"wp:featuredmedia":[{"embeddable":true,"href":"https:\/\/www.machinerybearings.com\/tr\/wp-json\/wp\/v2\/media\/2572"}],"wp:attachment":[{"href":"https:\/\/www.machinerybearings.com\/tr\/wp-json\/wp\/v2\/media?parent=2368"}],"wp:term":[{"taxonomy":"product_brand","embeddable":true,"href":"https:\/\/www.machinerybearings.com\/tr\/wp-json\/wp\/v2\/product_brand?post=2368"},{"taxonomy":"product_cat","embeddable":true,"href":"https:\/\/www.machinerybearings.com\/tr\/wp-json\/wp\/v2\/product_cat?post=2368"},{"taxonomy":"product_tag","embeddable":true,"href":"https:\/\/www.machinerybearings.com\/tr\/wp-json\/wp\/v2\/product_tag?post=2368"}],"curies":[{"name":"wp","href":"https:\/\/api.w.org\/{rel}","templated":true}]}}