{"id":2369,"date":"2026-04-11T15:49:21","date_gmt":"2026-04-11T15:49:21","guid":{"rendered":"https:\/\/www.machinerybearings.com\/?post_type=product&#038;p=2369"},"modified":"2026-05-03T14:26:38","modified_gmt":"2026-05-03T14:26:38","slug":"6205-deep-groove-ball-bearing-high-load-high-speed-bearing-for-motors-pumps-industrial-equipment","status":"publish","type":"product","link":"https:\/\/www.machinerybearings.com\/tr\/urun\/6205-deep-groove-ball-bearing-high-load-high-speed-bearing-for-motors-pumps-industrial-equipment\/","title":{"rendered":"6205 Derin Yuva Bilyal\u0131 Rulman \u2013 Motorlar, Pompalar ve End\u00fcstriyel Ekipmanlar i\u00e7in Y\u00fcksek Y\u00fck Y\u00fcksek H\u0131z Rulman\u0131"},"content":{"rendered":"<p data-start=\"407\" data-end=\"705\">Bu <strong data-start=\"411\" data-end=\"444\">6205 Derin Yatakl\u0131 Bilyal\u0131 Rulman<\/strong> y\u00fcksek y\u00fck kapasitesi, d\u00fczg\u00fcn d\u00f6n\u00fc\u015f ve uzun hizmet \u00f6mr\u00fc i\u00e7in tasarlanm\u0131\u015f, yayg\u0131n olarak kullan\u0131lan ve \u00e7ok y\u00f6nl\u00fc bir rulmand\u0131r. Derin yar\u0131k kanallar\u0131 ve hassas \u00e7elik toplar\u0131 ile hem radyal y\u00fckleri hem de her iki y\u00f6nde orta eksenel y\u00fckleri destekleyebilir.<\/p>\n<p data-start=\"707\" data-end=\"1070\">y\u00fcksek kaliteli krom \u00e7elikten \u00fcretilmi\u015f olup, paslanmaz \u00e7elik ve seramik se\u00e7enekleriyle mevcut olan 6205 rulman\u0131, m\u00fckemmel dayan\u0131kl\u0131l\u0131k, a\u015f\u0131nma direnci ve korozyon korumas\u0131 sunar. Farkl\u0131 \u00e7al\u0131\u015fma ko\u015fullar\u0131nda g\u00fcvenilir performans sa\u011flamak i\u00e7in a\u00e7\u0131k tip, metal koruma (ZZ) ve lastik s\u0131zd\u0131rmaz (2RS) dahil olmak \u00fczere birden fazla konfig\u00fcrasyonda mevcuttur.<\/p>\n<p data-start=\"1072\" data-end=\"1239\">Sa\u011flam yap\u0131s\u0131 ve y\u00fcksek h\u0131zl\u0131 kapasitesi ile 6205 rulman\u0131, elektrik motorlar\u0131, pompalar, tar\u0131m makineleri ve end\u00fcstriyel iletim sistemleri i\u00e7in idealdir.<\/p>\n<h1 data-section-id=\"8av2ty\" data-start=\"1246\" data-end=\"1264\"><span role=\"text\"><strong data-start=\"1248\" data-end=\"1264\">Ana \u00d6zellikler<\/strong><\/span><\/h1>\n<ul data-start=\"1266\" data-end=\"1590\">\n<li data-section-id=\"jc024j\" data-start=\"1266\" data-end=\"1315\">Y\u00fcksek y\u00fck kapasitesi ve y\u00fcksek h\u0131zl\u0131 performans<\/li>\n<li data-section-id=\"18ey2rm\" data-start=\"1316\" data-end=\"1353\">D\u00fc\u015f\u00fck s\u00fcrt\u00fcnme ve d\u00fczg\u00fcn \u00e7al\u0131\u015fma<\/li>\n<li data-section-id=\"11wwjkv\" data-start=\"1354\" data-end=\"1417\">A\u00e7\u0131k, ZZ (metal koruma) ve 2RS (lastik s\u0131zd\u0131rmaz) se\u00e7enekleriyle mevcut<\/li>\n<li data-section-id=\"1nj7ysv\" data-start=\"1418\" data-end=\"1465\">Uzun hizmet \u00f6mr\u00fc ile dayan\u0131kl\u0131 yap\u0131<\/li>\n<li data-section-id=\"rusbjz\" data-start=\"1466\" data-end=\"1501\">D\u00fc\u015f\u00fck g\u00fcr\u00fclt\u00fc ve azalt\u0131lm\u0131\u015f titre\u015fim<\/li>\n<li data-section-id=\"1799fsu\" data-start=\"1502\" data-end=\"1553\">Opsiyonel malzemeler: paslanmaz \u00e7elik ve seramik<\/li>\n<li data-section-id=\"15114ml\" data-start=\"1554\" data-end=\"1590\">OEM ve toplu tedarik i\u00e7in uygundur<\/li>\n<\/ul>\n<h1 data-section-id=\"10k15yz\" data-start=\"1597\" data-end=\"1627\"><span role=\"text\"><strong data-start=\"1599\" data-end=\"1627\">Teknik \u00d6zellikler<\/strong><\/span><\/h1>\n<div class=\"TyagGW_tableContainer\">\n<div class=\"group TyagGW_tableWrapper flex flex-col-reverse w-fit\" tabindex=\"-1\">\n<table class=\"w-fit min-w-(--thread-content-width)\" data-start=\"1629\" data-end=\"2026\">\n<thead data-start=\"1629\" data-end=\"1650\">\n<tr data-start=\"1629\" data-end=\"1650\">\n<th class=\"\" data-start=\"1629\" data-end=\"1641\" data-col-size=\"sm\">Parametre<\/th>\n<th class=\"\" data-start=\"1641\" data-end=\"1650\" data-col-size=\"sm\">De\u011fer<\/th>\n<\/tr>\n<\/thead>\n<tbody data-start=\"1671\" data-end=\"2026\">\n<tr data-start=\"1671\" data-end=\"1695\">\n<td data-start=\"1671\" data-end=\"1687\" data-col-size=\"sm\">Rulman Modeli<\/td>\n<td data-col-size=\"sm\" data-start=\"1687\" data-end=\"1695\">6205<\/td>\n<\/tr>\n<tr data-start=\"1696\" data-end=\"1726\">\n<td data-start=\"1696\" data-end=\"1717\" data-col-size=\"sm\">\u0130\u00e7 \u00c7ap (d)<\/td>\n<td data-col-size=\"sm\" data-start=\"1717\" data-end=\"1726\">25 mm<\/td>\n<\/tr>\n<tr data-start=\"1727\" data-end=\"1757\">\n<td data-start=\"1727\" data-end=\"1748\" data-col-size=\"sm\">D\u0131\u015f \u00c7ap (D)<\/td>\n<td data-col-size=\"sm\" data-start=\"1748\" data-end=\"1757\">52 mm<\/td>\n<\/tr>\n<tr data-start=\"1758\" data-end=\"1779\">\n<td data-start=\"1758\" data-end=\"1770\" data-col-size=\"sm\">Geni\u015flik (B)<\/td>\n<td data-col-size=\"sm\" data-start=\"1770\" data-end=\"1779\">15 mm<\/td>\n<\/tr>\n<tr data-start=\"1780\" data-end=\"1835\">\n<td data-start=\"1780\" data-end=\"1791\" data-col-size=\"sm\">Malzeme<\/td>\n<td data-start=\"1791\" data-end=\"1835\" data-col-size=\"sm\">Krom \u00c7elik \/ Paslanmaz \u00c7elik \/ Seramik<\/td>\n<\/tr>\n<tr data-start=\"1836\" data-end=\"1869\">\n<td data-start=\"1836\" data-end=\"1852\" data-col-size=\"sm\">Kafes Malzemesi<\/td>\n<td data-col-size=\"sm\" data-start=\"1852\" data-end=\"1869\">\u00c7elik \/ Naylon<\/td>\n<\/tr>\n<tr data-start=\"1870\" data-end=\"1904\">\n<td data-start=\"1870\" data-end=\"1885\" data-col-size=\"sm\">S\u0131zd\u0131rmazl\u0131k Tipi<\/td>\n<td data-start=\"1885\" data-end=\"1904\" data-col-size=\"sm\">A\u00e7\u0131k \/ ZZ \/ 2RS<\/td>\n<\/tr>\n<tr data-start=\"1905\" data-end=\"1952\">\n<td data-start=\"1905\" data-end=\"1924\" data-col-size=\"sm\">Hassasiyet S\u0131n\u0131f\u0131<\/td>\n<td data-start=\"1924\" data-end=\"1952\" data-col-size=\"sm\">ABEC-1 \/ ABEC-3 \/ ABEC-5<\/td>\n<\/tr>\n<tr data-start=\"1953\" data-end=\"1983\">\n<td data-start=\"1953\" data-end=\"1967\" data-col-size=\"sm\">Ya\u011flama<\/td>\n<td data-col-size=\"sm\" data-start=\"1967\" data-end=\"1983\">Ya\u011f \/ Ya\u011flama<\/td>\n<\/tr>\n<tr data-start=\"1984\" data-end=\"2026\">\n<td data-start=\"1984\" data-end=\"2008\" data-col-size=\"sm\">\u00c7al\u0131\u015fma S\u0131cakl\u0131\u011f\u0131<\/td>\n<td data-col-size=\"sm\" data-start=\"2008\" data-end=\"2026\">-20\u00b0C ile 120\u00b0C<\/td>\n<\/tr>\n<\/tbody>\n<\/table>\n<\/div>\n<\/div>\n<h1 data-section-id=\"1p00fbj\" data-start=\"2033\" data-end=\"2051\"><span role=\"text\"><strong data-start=\"2035\" data-end=\"2051\">Uygulamalar<\/strong><\/span><\/h1>\n<p data-start=\"2053\" data-end=\"2105\">6205 derin yatakl\u0131 bilyal\u0131 rulman yayg\u0131n olarak \u015funlarda kullan\u0131lmaktad\u0131r:<\/p>\n<ul data-start=\"2107\" data-end=\"2281\">\n<li data-section-id=\"19ja8o\" data-start=\"2107\" data-end=\"2141\">Elektrik motorlar\u0131 ve jenerat\u00f6rler<\/li>\n<li data-section-id=\"dl2tr4\" data-start=\"2142\" data-end=\"2167\">Pompalar ve kompres\u00f6rler<\/li>\n<li data-section-id=\"1n6ynun\" data-start=\"2168\" data-end=\"2194\">Tar\u0131m makineleri<\/li>\n<li data-section-id=\"15oirsh\" data-start=\"2195\" data-end=\"2233\">Di\u015fliler ve \u015fanz\u0131man sistemleri<\/li>\n<li data-section-id=\"1fzl3dj\" data-start=\"2234\" data-end=\"2256\">Konvey\u00f6r ekipmanlar\u0131<\/li>\n<li data-section-id=\"ho81mp\" data-start=\"2257\" data-end=\"2281\">End\u00fcstriyel makineler<\/li>\n<\/ul>\n<h1 data-section-id=\"zdmnob\" data-start=\"2288\" data-end=\"2307\"><span role=\"text\"><strong data-start=\"2290\" data-end=\"2307\">Neden Bizi Se\u00e7melisiniz<\/strong><\/span><\/h1>\n<ul data-start=\"2309\" data-end=\"2521\">\n<li data-section-id=\"1hoqfcd\" data-start=\"2309\" data-end=\"2358\">Tutarl\u0131 kalite ile fabrika do\u011frudan tedarik<\/li>\n<li data-section-id=\"1h0w0om\" data-start=\"2359\" data-end=\"2401\">OEM ve \u00f6zelle\u015ftirilmi\u015f \u00e7\u00f6z\u00fcmler mevcuttur<\/li>\n<li data-section-id=\"18yrkc1\" data-start=\"2402\" data-end=\"2441\">Toplu sipari\u015fler i\u00e7in rekabet\u00e7i fiyatland\u0131rma<\/li>\n<li data-section-id=\"tuyq12\" data-start=\"2442\" data-end=\"2479\">H\u0131zl\u0131 teslimat ve k\u00fcresel nakliye<\/li>\n<li data-section-id=\"1warmzg\" data-start=\"2480\" data-end=\"2521\">S\u0131k\u0131 kalite kontrol ve denetim<\/li>\n<\/ul>\n<h1 data-section-id=\"1iusff4\" data-start=\"2528\" data-end=\"2537\"><span role=\"text\"><strong data-start=\"2530\" data-end=\"2537\">SSS<\/strong><\/span><\/h1>\n<p data-start=\"2539\" data-end=\"2750\"><strong data-start=\"2539\" data-end=\"2599\">S1: 6205-ZZ ile 6205-2RS aras\u0131ndaki fark nedir?<\/strong><br data-start=\"2599\" data-end=\"2602\" \/>C: 6205-ZZ, daha y\u00fcksek h\u0131z ve daha d\u00fc\u015f\u00fck s\u00fcrt\u00fcnme i\u00e7in metal korumalar kullan\u0131rken, 6205-2RS, toz ve nemden daha iyi koruma i\u00e7in kau\u00e7uk contalar kullan\u0131r.<\/p>\n<p data-start=\"2752\" data-end=\"2928\"><strong data-start=\"2752\" data-end=\"2816\">S2: Y\u00fcksek hassasiyetli veya seramik 6205 rulmanlar\u0131 sa\u011flayabilir misiniz?<\/strong><br data-start=\"2816\" data-end=\"2819\" \/>C: Evet, talepkar uygulamalar i\u00e7in y\u00fcksek hassasiyetli s\u0131n\u0131flar ile hibrit ve tam seramik se\u00e7enekleri sunuyoruz.<\/p>\n<p data-start=\"2930\" data-end=\"3084\"><strong data-start=\"2930\" data-end=\"2973\">Q3: OEM ve toplu sipari\u015fleri destekliyor musunuz?<\/strong><br data-start=\"2973\" data-end=\"2976\" \/>C: Evet, b\u00fcy\u00fck hacimli sipari\u015fler i\u00e7in \u00f6zel malzemeler, ambalaj ve marka hizmetleri dahil OEM hizmetleri sa\u011fl\u0131yoruz.<\/p>","protected":false},"excerpt":{"rendered":"<p>Bu <strong data-start=\"411\" data-end=\"444\">6205 Derin Yatakl\u0131 Bilyal\u0131 Rulman<\/strong> y\u00fcksek y\u00fck kapasitesi, d\u00fczg\u00fcn d\u00f6n\u00fc\u015f ve uzun hizmet \u00f6mr\u00fc i\u00e7in tasarlanm\u0131\u015f, yayg\u0131n olarak kullan\u0131lan ve \u00e7ok y\u00f6nl\u00fc bir rulmand\u0131r. Derin yar\u0131k kanallar\u0131 ve hassas \u00e7elik toplar\u0131 ile hem radyal y\u00fckleri hem de her iki y\u00f6nde orta eksenel y\u00fckleri destekleyebilir.<\/p>","protected":false},"featured_media":2575,"comment_status":"open","ping_status":"closed","template":"","meta":{"site-sidebar-layout":"default","site-content-layout":"","ast-site-content-layout":"default","site-content-style":"default","site-sidebar-style":"default","ast-global-header-display":"","ast-banner-title-visibility":"","ast-main-header-display":"","ast-hfb-above-header-display":"","ast-hfb-below-header-display":"","ast-hfb-mobile-header-display":"","site-post-title":"","ast-breadcrumbs-content":"","ast-featured-img":"","footer-sml-layout":"","ast-disable-related-posts":"","theme-transparent-header-meta":"default","adv-header-id-meta":"","stick-header-meta":"default","header-above-stick-meta":"","header-main-stick-meta":"","header-below-stick-meta":"","astra-migrate-meta-layouts":"set","ast-page-background-enabled":"default","ast-page-background-meta":{"desktop":{"background-color":"","background-image":"","background-repeat":"repeat","background-position":"center center","background-size":"auto","background-attachment":"scroll","background-type":"","background-media":"","overlay-type":"","overlay-color":"","overlay-opacity":"","overlay-gradient":""},"tablet":{"background-color":"","background-image":"","background-repeat":"repeat","background-position":"center center","background-size":"auto","background-attachment":"scroll","background-type":"","background-media":"","overlay-type":"","overlay-color":"","overlay-opacity":"","overlay-gradient":""},"mobile":{"background-color":"","background-image":"","background-repeat":"repeat","background-position":"center center","background-size":"auto","background-attachment":"scroll","background-type":"","background-media":"","overlay-type":"","overlay-color":"","overlay-opacity":"","overlay-gradient":""}},"ast-content-background-meta":{"desktop":{"background-color":"var(--ast-global-color-5)","background-image":"","background-repeat":"repeat","background-position":"center center","background-size":"auto","background-attachment":"scroll","background-type":"","background-media":"","overlay-type":"","overlay-color":"","overlay-opacity":"","overlay-gradient":""},"tablet":{"background-color":"var(--ast-global-color-5)","background-image":"","background-repeat":"repeat","background-position":"center center","background-size":"auto","background-attachment":"scroll","background-type":"","background-media":"","overlay-type":"","overlay-color":"","overlay-opacity":"","overlay-gradient":""},"mobile":{"background-color":"var(--ast-global-color-5)","background-image":"","background-repeat":"repeat","background-position":"center center","background-size":"auto","background-attachment":"scroll","background-type":"","background-media":"","overlay-type":"","overlay-color":"","overlay-opacity":"","overlay-gradient":""}}},"product_brand":[],"product_cat":[15],"product_tag":[50,48,49,46,33,52,51,45,38,47],"class_list":{"0":"post-2369","1":"product","2":"type-product","3":"status-publish","4":"has-post-thumbnail","6":"product_cat-deep-groove-ball-bearings","7":"product_tag-6205-2rs-bearing","8":"product_tag-6205-bearing","9":"product_tag-6205-zz-bearing","10":"product_tag-bearing-supplier","11":"product_tag-deep-groove-ball-bearing","12":"product_tag-electric-motor-bearing","13":"product_tag-high-load-bearing","14":"product_tag-industrial-bearing","15":"product_tag-motor-bearing","16":"product_tag-oem-bearing-manufacturer","17":"desktop-align-left","18":"tablet-align-left","19":"mobile-align-left","20":"ast-product-gallery-layout-horizontal-slider","21":"ast-product-gallery-with-no-image","22":"ast-product-tabs-layout-horizontal","24":"first","25":"instock","26":"shipping-taxable","27":"product-type-simple"},"_links":{"self":[{"href":"https:\/\/www.machinerybearings.com\/tr\/wp-json\/wp\/v2\/product\/2369","targetHints":{"allow":["GET"]}}],"collection":[{"href":"https:\/\/www.machinerybearings.com\/tr\/wp-json\/wp\/v2\/product"}],"about":[{"href":"https:\/\/www.machinerybearings.com\/tr\/wp-json\/wp\/v2\/types\/product"}],"replies":[{"embeddable":true,"href":"https:\/\/www.machinerybearings.com\/tr\/wp-json\/wp\/v2\/comments?post=2369"}],"wp:featuredmedia":[{"embeddable":true,"href":"https:\/\/www.machinerybearings.com\/tr\/wp-json\/wp\/v2\/media\/2575"}],"wp:attachment":[{"href":"https:\/\/www.machinerybearings.com\/tr\/wp-json\/wp\/v2\/media?parent=2369"}],"wp:term":[{"taxonomy":"product_brand","embeddable":true,"href":"https:\/\/www.machinerybearings.com\/tr\/wp-json\/wp\/v2\/product_brand?post=2369"},{"taxonomy":"product_cat","embeddable":true,"href":"https:\/\/www.machinerybearings.com\/tr\/wp-json\/wp\/v2\/product_cat?post=2369"},{"taxonomy":"product_tag","embeddable":true,"href":"https:\/\/www.machinerybearings.com\/tr\/wp-json\/wp\/v2\/product_tag?post=2369"}],"curies":[{"name":"wp","href":"https:\/\/api.w.org\/{rel}","templated":true}]}}