{"id":2371,"date":"2026-04-11T16:08:56","date_gmt":"2026-04-11T16:08:56","guid":{"rendered":"https:\/\/www.machinerybearings.com\/?post_type=product&#038;p=2371"},"modified":"2026-05-04T11:35:44","modified_gmt":"2026-05-04T11:35:44","slug":"6308-deep-groove-ball-bearing-heavy-duty-high-load-bearing-for-industrial-machinery-motors","status":"publish","type":"product","link":"https:\/\/www.machinerybearings.com\/tr\/urun\/6308-deep-groove-ball-bearing-heavy-duty-high-load-bearing-for-industrial-machinery-motors\/","title":{"rendered":"6308 Derin Yivli Bilyal\u0131 Yatak \u2013 End\u00fcstriyel Makineler ve Motorlar i\u00e7in A\u011f\u0131r Hizmet Y\u00fck Yatak"},"content":{"rendered":"<p data-start=\"402\" data-end=\"714\">Bu <strong data-start=\"406\" data-end=\"439\">6308 Derin Yuva Bilyal\u0131 Rulman<\/strong> y\u00fcksek radyal y\u00fckleri ve her iki y\u00f6nde orta eksenel y\u00fckleri ta\u015f\u0131yacak \u015fekilde tasarlanm\u0131\u015f a\u011f\u0131r hizmet rulman\u0131d\u0131r. Derin yar\u0131k yuvalar\u0131 ve hassas m\u00fchendislik ile \u00fcretilmi\u015f \u00e7elik toplarla, zorlu \u00e7al\u0131\u015fma ko\u015fullar\u0131nda d\u00fczg\u00fcn d\u00f6ng\u00fc, d\u00fc\u015f\u00fck s\u00fcrt\u00fcnme ve g\u00fcvenilir performans sa\u011flar.<\/p>\n<p data-start=\"716\" data-end=\"1084\">Y\u00fcksek kaliteli krom \u00e7elikten \u00fcretilmi\u015f olup, paslanmaz \u00e7elik ve seramik varyantlar\u0131 mevcuttur, 6308 rulman\u0131 m\u00fckemmel dayan\u0131kl\u0131l\u0131k, a\u015f\u0131nma direnci ve korozyon korumas\u0131 sa\u011flar. A\u00e7\u0131k tip, metal koruma (ZZ) ve lastik s\u0131zd\u0131rmaz (2RS) dahil olmak \u00fczere \u00e7e\u015fitli konfig\u00fcrasyonlarda sunulmaktad\u0131r, b\u00f6ylece farkl\u0131 end\u00fcstriyel ortamlarda verimli bir \u015fekilde \u00e7al\u0131\u015fabilir.<\/p>\n<p data-start=\"1086\" data-end=\"1267\">Sa\u011flam yap\u0131s\u0131 ve y\u00fcksek y\u00fck kapasitesi sayesinde, 6308 rulman\u0131 a\u011f\u0131r makinelerde, elektrik motorlar\u0131nda, madencilik ekipmanlar\u0131nda ve end\u00fcstriyel iletim sistemlerinde yayg\u0131n olarak kullan\u0131lmaktad\u0131r.<\/p>\n<h1 data-section-id=\"8av2ty\" data-start=\"1274\" data-end=\"1292\"><span role=\"text\"><strong data-start=\"1276\" data-end=\"1292\">Ana \u00d6zellikler<\/strong><\/span><\/h1>\n<ul data-start=\"1294\" data-end=\"1650\">\n<li data-section-id=\"bwqvck\" data-start=\"1294\" data-end=\"1344\">A\u011f\u0131r hizmet uygulamalar\u0131 i\u00e7in y\u00fcksek y\u00fck kapasitesi<\/li>\n<li data-section-id=\"vw4nbe\" data-start=\"1345\" data-end=\"1397\">D\u00fc\u015f\u00fck s\u00fcrt\u00fcnme ve d\u00fc\u015f\u00fck g\u00fcr\u00fclt\u00fc ile d\u00fczg\u00fcn \u00e7al\u0131\u015fma<\/li>\n<li data-section-id=\"11wwjkv\" data-start=\"1398\" data-end=\"1461\">A\u00e7\u0131k, ZZ (metal koruma) ve 2RS (lastik s\u0131zd\u0131rmaz) se\u00e7enekleriyle mevcut<\/li>\n<li data-section-id=\"ll8nwg\" data-start=\"1462\" data-end=\"1505\">G\u00fc\u00e7l\u00fc dayan\u0131kl\u0131l\u0131k ve uzun hizmet \u00f6mr\u00fc<\/li>\n<li data-section-id=\"1adeiig\" data-start=\"1506\" data-end=\"1561\">A\u015f\u0131nma ve zorlu ortamlara m\u00fckemmel diren\u00e7<\/li>\n<li data-section-id=\"1799fsu\" data-start=\"1562\" data-end=\"1613\">Opsiyonel malzemeler: paslanmaz \u00e7elik ve seramik<\/li>\n<li data-section-id=\"15114ml\" data-start=\"1614\" data-end=\"1650\">OEM ve toplu tedarik i\u00e7in uygundur<\/li>\n<\/ul>\n<h1 data-section-id=\"10k15yz\" data-start=\"1657\" data-end=\"1687\"><span role=\"text\"><strong data-start=\"1659\" data-end=\"1687\">Teknik \u00d6zellikler<\/strong><\/span><\/h1>\n<div class=\"TyagGW_tableContainer\">\n<div class=\"group TyagGW_tableWrapper flex flex-col-reverse w-fit\" tabindex=\"-1\">\n<table class=\"w-fit min-w-(--thread-content-width)\" data-start=\"1689\" data-end=\"2094\">\n<thead data-start=\"1689\" data-end=\"1710\">\n<tr data-start=\"1689\" data-end=\"1710\">\n<th class=\"\" data-start=\"1689\" data-end=\"1701\" data-col-size=\"sm\">Parametre<\/th>\n<th class=\"\" data-start=\"1701\" data-end=\"1710\" data-col-size=\"sm\">De\u011fer<\/th>\n<\/tr>\n<\/thead>\n<tbody data-start=\"1731\" data-end=\"2094\">\n<tr data-start=\"1731\" data-end=\"1755\">\n<td data-start=\"1731\" data-end=\"1747\" data-col-size=\"sm\">Rulman Modeli<\/td>\n<td data-col-size=\"sm\" data-start=\"1747\" data-end=\"1755\">6308<\/td>\n<\/tr>\n<tr data-start=\"1756\" data-end=\"1786\">\n<td data-start=\"1756\" data-end=\"1777\" data-col-size=\"sm\">\u0130\u00e7 \u00c7ap (d)<\/td>\n<td data-col-size=\"sm\" data-start=\"1777\" data-end=\"1786\">40 mm<\/td>\n<\/tr>\n<tr data-start=\"1787\" data-end=\"1817\">\n<td data-start=\"1787\" data-end=\"1808\" data-col-size=\"sm\">D\u0131\u015f \u00c7ap (D)<\/td>\n<td data-col-size=\"sm\" data-start=\"1808\" data-end=\"1817\">90 mm<\/td>\n<\/tr>\n<tr data-start=\"1818\" data-end=\"1839\">\n<td data-start=\"1818\" data-end=\"1830\" data-col-size=\"sm\">Geni\u015flik (B)<\/td>\n<td data-col-size=\"sm\" data-start=\"1830\" data-end=\"1839\">23 mm<\/td>\n<\/tr>\n<tr data-start=\"1840\" data-end=\"1895\">\n<td data-start=\"1840\" data-end=\"1851\" data-col-size=\"sm\">Malzeme<\/td>\n<td data-col-size=\"sm\" data-start=\"1851\" data-end=\"1895\">Krom \u00c7elik \/ Paslanmaz \u00c7elik \/ Seramik<\/td>\n<\/tr>\n<tr data-start=\"1896\" data-end=\"1937\">\n<td data-start=\"1896\" data-end=\"1912\" data-col-size=\"sm\">Kafes Malzemesi<\/td>\n<td data-col-size=\"sm\" data-start=\"1912\" data-end=\"1937\">\u00c7elik \/ Pirin\u00e7 \/ Naylon<\/td>\n<\/tr>\n<tr data-start=\"1938\" data-end=\"1972\">\n<td data-start=\"1938\" data-end=\"1953\" data-col-size=\"sm\">S\u0131zd\u0131rmazl\u0131k Tipi<\/td>\n<td data-col-size=\"sm\" data-start=\"1953\" data-end=\"1972\">A\u00e7\u0131k \/ ZZ \/ 2RS<\/td>\n<\/tr>\n<tr data-start=\"1973\" data-end=\"2020\">\n<td data-start=\"1973\" data-end=\"1992\" data-col-size=\"sm\">Hassasiyet S\u0131n\u0131f\u0131<\/td>\n<td data-col-size=\"sm\" data-start=\"1992\" data-end=\"2020\">ABEC-1 \/ ABEC-3 \/ ABEC-5<\/td>\n<\/tr>\n<tr data-start=\"2021\" data-end=\"2051\">\n<td data-start=\"2021\" data-end=\"2035\" data-col-size=\"sm\">Ya\u011flama<\/td>\n<td data-col-size=\"sm\" data-start=\"2035\" data-end=\"2051\">Ya\u011f \/ Ya\u011flama<\/td>\n<\/tr>\n<tr data-start=\"2052\" data-end=\"2094\">\n<td data-start=\"2052\" data-end=\"2076\" data-col-size=\"sm\">\u00c7al\u0131\u015fma S\u0131cakl\u0131\u011f\u0131<\/td>\n<td data-col-size=\"sm\" data-start=\"2076\" data-end=\"2094\">-20\u00b0C ile 120\u00b0C<\/td>\n<\/tr>\n<\/tbody>\n<\/table>\n<\/div>\n<\/div>\n<h1 data-section-id=\"1p00fbj\" data-start=\"2101\" data-end=\"2119\"><span role=\"text\"><strong data-start=\"2103\" data-end=\"2119\">Uygulamalar<\/strong><\/span><\/h1>\n<p data-start=\"2121\" data-end=\"2173\">6308 derin oluklu bilyal\u0131 rulman, geni\u015f bir \u015fekilde kullan\u0131lmaktad\u0131r:<\/p>\n<ul data-start=\"2175\" data-end=\"2370\">\n<li data-section-id=\"1s8l1ph\" data-start=\"2175\" data-end=\"2215\">B\u00fcy\u00fck elektrik motorlar\u0131 ve jenerat\u00f6rler<\/li>\n<li data-section-id=\"q2883m\" data-start=\"2216\" data-end=\"2246\">A\u011f\u0131r sanayi makineleri<\/li>\n<li data-section-id=\"i7ylry\" data-start=\"2247\" data-end=\"2284\">Madencilik ve in\u015faat ekipmanlar\u0131<\/li>\n<li data-section-id=\"15oirsh\" data-start=\"2285\" data-end=\"2323\">Di\u015fliler ve \u015fanz\u0131man sistemleri<\/li>\n<li data-section-id=\"dl2tr4\" data-start=\"2324\" data-end=\"2349\">Pompalar ve kompres\u00f6rler<\/li>\n<li data-section-id=\"176s2ln\" data-start=\"2350\" data-end=\"2370\">Konvey\u00f6r sistemleri<\/li>\n<\/ul>\n<h1 data-section-id=\"zdmnob\" data-start=\"2377\" data-end=\"2396\"><span role=\"text\"><strong data-start=\"2379\" data-end=\"2396\">Neden Bizi Se\u00e7melisiniz<\/strong><\/span><\/h1>\n<ul data-start=\"2398\" data-end=\"2652\">\n<li data-section-id=\"e72s0b\" data-start=\"2398\" data-end=\"2458\">Stabil ve tutarl\u0131 kalite ile fabrika do\u011frudan tedarik<\/li>\n<li data-section-id=\"w8c53i\" data-start=\"2459\" data-end=\"2503\">OEM ve \u00f6zelle\u015ftirme hizmetleri mevcuttur<\/li>\n<li data-section-id=\"b8nq5v\" data-start=\"2504\" data-end=\"2557\">Toplu ve uzun vadeli sipari\u015fler i\u00e7in rekabet\u00e7i fiyatland\u0131rma<\/li>\n<li data-section-id=\"1dhnpi9\" data-start=\"2558\" data-end=\"2600\">H\u0131zl\u0131 \u00fcretim ve d\u00fcnya \u00e7ap\u0131nda teslimat<\/li>\n<li data-section-id=\"e7h9xh\" data-start=\"2601\" data-end=\"2652\">S\u0131k\u0131 kalite kontrol ve test standartlar\u0131<\/li>\n<\/ul>\n<h1 data-section-id=\"1iusff4\" data-start=\"2659\" data-end=\"2668\"><span role=\"text\"><strong data-start=\"2661\" data-end=\"2668\">SSS<\/strong><\/span><\/h1>\n<p data-start=\"2670\" data-end=\"2890\"><strong data-start=\"2670\" data-end=\"2730\">S1: 6308-ZZ ile 6308-2RS aras\u0131ndaki fark nedir?<\/strong><br data-start=\"2730\" data-end=\"2733\" \/>A: 6308-ZZ, daha y\u00fcksek h\u0131z ve daha d\u00fc\u015f\u00fck s\u00fcrt\u00fcnme i\u00e7in metal kalkanlar kullan\u0131rken, 6308-2RS, toz ve nem kar\u015f\u0131s\u0131nda daha iyi s\u0131zd\u0131rmazl\u0131k performans\u0131 i\u00e7in lastik contalar kullan\u0131r.<\/p>\n<p data-start=\"2892\" data-end=\"3067\"><strong data-start=\"2892\" data-end=\"2954\">Q2: A\u011f\u0131r hizmet veya y\u00fcksek hassasiyet versiyonlar\u0131 sa\u011flayabilir misiniz?<\/strong><br data-start=\"2954\" data-end=\"2957\" \/>A: Evet, paslanmaz \u00e7elik ve seramik dahil olmak \u00fczere y\u00fcksek y\u00fck, y\u00fcksek hassasiyet ve \u00f6zel malzeme se\u00e7enekleri sunuyoruz.<\/p>\n<p data-start=\"3069\" data-end=\"3232\"><strong data-start=\"3069\" data-end=\"3112\">Q3: OEM ve toplu sipari\u015fleri destekliyor musunuz?<\/strong><br data-start=\"3112\" data-end=\"3115\" \/>A: Evet, b\u00fcy\u00fck hacimli sipari\u015fler i\u00e7in \u00f6zel spesifikasyonlar, ambalaj ve markalama dahil olmak \u00fczere OEM hizmetlerini destekliyoruz.<\/p>","protected":false},"excerpt":{"rendered":"<p>Bu <strong data-start=\"406\" data-end=\"439\">6308 Derin Yuva Bilyal\u0131 Rulman<\/strong> y\u00fcksek radyal y\u00fckleri ve her iki y\u00f6nde orta eksenel y\u00fckleri ta\u015f\u0131yacak \u015fekilde tasarlanm\u0131\u015f a\u011f\u0131r hizmet rulman\u0131d\u0131r. Derin yar\u0131k yuvalar\u0131 ve hassas m\u00fchendislik ile \u00fcretilmi\u015f \u00e7elik toplarla, zorlu \u00e7al\u0131\u015fma ko\u015fullar\u0131nda d\u00fczg\u00fcn d\u00f6ng\u00fc, d\u00fc\u015f\u00fck s\u00fcrt\u00fcnme ve g\u00fcvenilir performans sa\u011flar.<\/p>","protected":false},"featured_media":2579,"comment_status":"open","ping_status":"closed","template":"","meta":{"site-sidebar-layout":"default","site-content-layout":"","ast-site-content-layout":"default","site-content-style":"default","site-sidebar-style":"default","ast-global-header-display":"","ast-banner-title-visibility":"","ast-main-header-display":"","ast-hfb-above-header-display":"","ast-hfb-below-header-display":"","ast-hfb-mobile-header-display":"","site-post-title":"","ast-breadcrumbs-content":"","ast-featured-img":"","footer-sml-layout":"","ast-disable-related-posts":"","theme-transparent-header-meta":"default","adv-header-id-meta":"","stick-header-meta":"default","header-above-stick-meta":"","header-main-stick-meta":"","header-below-stick-meta":"","astra-migrate-meta-layouts":"set","ast-page-background-enabled":"default","ast-page-background-meta":{"desktop":{"background-color":"","background-image":"","background-repeat":"repeat","background-position":"center center","background-size":"auto","background-attachment":"scroll","background-type":"","background-media":"","overlay-type":"","overlay-color":"","overlay-opacity":"","overlay-gradient":""},"tablet":{"background-color":"","background-image":"","background-repeat":"repeat","background-position":"center center","background-size":"auto","background-attachment":"scroll","background-type":"","background-media":"","overlay-type":"","overlay-color":"","overlay-opacity":"","overlay-gradient":""},"mobile":{"background-color":"","background-image":"","background-repeat":"repeat","background-position":"center center","background-size":"auto","background-attachment":"scroll","background-type":"","background-media":"","overlay-type":"","overlay-color":"","overlay-opacity":"","overlay-gradient":""}},"ast-content-background-meta":{"desktop":{"background-color":"var(--ast-global-color-5)","background-image":"","background-repeat":"repeat","background-position":"center center","background-size":"auto","background-attachment":"scroll","background-type":"","background-media":"","overlay-type":"","overlay-color":"","overlay-opacity":"","overlay-gradient":""},"tablet":{"background-color":"var(--ast-global-color-5)","background-image":"","background-repeat":"repeat","background-position":"center center","background-size":"auto","background-attachment":"scroll","background-type":"","background-media":"","overlay-type":"","overlay-color":"","overlay-opacity":"","overlay-gradient":""},"mobile":{"background-color":"var(--ast-global-color-5)","background-image":"","background-repeat":"repeat","background-position":"center center","background-size":"auto","background-attachment":"scroll","background-type":"","background-media":"","overlay-type":"","overlay-color":"","overlay-opacity":"","overlay-gradient":""}}},"product_brand":[],"product_cat":[15],"product_tag":[55,53,54,41,33,56,51,45,57,38],"class_list":{"0":"post-2371","1":"product","2":"type-product","3":"status-publish","4":"has-post-thumbnail","6":"product_cat-deep-groove-ball-bearings","7":"product_tag-6308-2rs-bearing","8":"product_tag-6308-bearing","9":"product_tag-6308-zz-bearing","10":"product_tag-bearing-manufacturer","11":"product_tag-deep-groove-ball-bearing","12":"product_tag-heavy-duty-bearing","13":"product_tag-high-load-bearing","14":"product_tag-industrial-bearing","15":"product_tag-large-size-bearing","16":"product_tag-motor-bearing","17":"desktop-align-left","18":"tablet-align-left","19":"mobile-align-left","20":"ast-product-gallery-layout-horizontal-slider","21":"ast-product-gallery-with-no-image","22":"ast-product-tabs-layout-horizontal","24":"first","25":"instock","26":"shipping-taxable","27":"product-type-simple"},"_links":{"self":[{"href":"https:\/\/www.machinerybearings.com\/tr\/wp-json\/wp\/v2\/product\/2371","targetHints":{"allow":["GET"]}}],"collection":[{"href":"https:\/\/www.machinerybearings.com\/tr\/wp-json\/wp\/v2\/product"}],"about":[{"href":"https:\/\/www.machinerybearings.com\/tr\/wp-json\/wp\/v2\/types\/product"}],"replies":[{"embeddable":true,"href":"https:\/\/www.machinerybearings.com\/tr\/wp-json\/wp\/v2\/comments?post=2371"}],"wp:featuredmedia":[{"embeddable":true,"href":"https:\/\/www.machinerybearings.com\/tr\/wp-json\/wp\/v2\/media\/2579"}],"wp:attachment":[{"href":"https:\/\/www.machinerybearings.com\/tr\/wp-json\/wp\/v2\/media?parent=2371"}],"wp:term":[{"taxonomy":"product_brand","embeddable":true,"href":"https:\/\/www.machinerybearings.com\/tr\/wp-json\/wp\/v2\/product_brand?post=2371"},{"taxonomy":"product_cat","embeddable":true,"href":"https:\/\/www.machinerybearings.com\/tr\/wp-json\/wp\/v2\/product_cat?post=2371"},{"taxonomy":"product_tag","embeddable":true,"href":"https:\/\/www.machinerybearings.com\/tr\/wp-json\/wp\/v2\/product_tag?post=2371"}],"curies":[{"name":"wp","href":"https:\/\/api.w.org\/{rel}","templated":true}]}}