{"id":2372,"date":"2026-04-11T16:12:43","date_gmt":"2026-04-11T16:12:43","guid":{"rendered":"https:\/\/www.machinerybearings.com\/?post_type=product&#038;p=2372"},"modified":"2026-05-03T06:16:02","modified_gmt":"2026-05-03T06:16:02","slug":"16010-thin-section-deep-groove-ball-bearing-lightweight-large-diameter-bearing-for-industrial-applications","status":"publish","type":"product","link":"https:\/\/www.machinerybearings.com\/tr\/urun\/16010-thin-section-deep-groove-ball-bearing-lightweight-large-diameter-bearing-for-industrial-applications\/","title":{"rendered":"16010 \u0130nce Kesit Derin Yivli Bilyal\u0131 Rulman \u2013 End\u00fcstriyel Uygulamalar i\u00e7in Hafif B\u00fcy\u00fck \u00c7apl\u0131 Rulman"},"content":{"rendered":"<p data-start=\"419\" data-end=\"755\">Bu <strong data-start=\"423\" data-end=\"470\">16010 \u0130nce Kesit Derin Yivli Bilya Rulman\u0131<\/strong> Kompakt bir kesit ile nispeten b\u00fcy\u00fck i\u00e7 ve d\u0131\u015f \u00e7ap gerektiren uygulamalar i\u00e7in tasarlanm\u0131\u015ft\u0131r. \u0130nce profili ve optimize edilmi\u015f i\u00e7 geometrisi ile a\u011f\u0131rl\u0131\u011f\u0131 azalt\u0131r, s\u00fcrt\u00fcnmeyi d\u00fc\u015f\u00fcr\u00fcr ve performanstan \u00f6d\u00fcn vermeden verimli alan kullan\u0131m\u0131 sa\u011flar.<\/p>\n<p data-start=\"757\" data-end=\"1053\">Y\u00fcksek kaliteli krom \u00e7elikten \u00fcretilmi\u015f olup, paslanmaz \u00e7elik ve seramik se\u00e7enekleriyle mevcut olan 16010 rulman, m\u00fckemmel dayan\u0131kl\u0131l\u0131k, korozyon direnci ve p\u00fcr\u00fczs\u00fcz \u00e7al\u0131\u015fma sunar. Derin yar\u0131k tasar\u0131m\u0131, hem radyal y\u00fckleri hem de her iki y\u00f6nde hafif eksenel y\u00fckleri desteklemesine olanak tan\u0131r.<\/p>\n<p data-start=\"1055\" data-end=\"1292\">A\u00e7\u0131k tip, metal koruma (ZZ) ve lastik s\u0131zd\u0131rmaz (2RS) konfig\u00fcrasyonlar\u0131nda mevcut olan 16010 ince kesit rulman\u0131, \u00f6zellikle alan tasarrufu ve hafif tasar\u0131m\u0131n kritik oldu\u011fu geni\u015f bir end\u00fcstriyel ortam yelpazesi i\u00e7in uygundur.<\/p>\n<h1 data-section-id=\"8av2ty\" data-start=\"1299\" data-end=\"1317\"><span role=\"text\"><strong data-start=\"1301\" data-end=\"1317\">Ana \u00d6zellikler<\/strong><\/span><\/h1>\n<ul data-start=\"1319\" data-end=\"1682\">\n<li data-section-id=\"1ck2v1g\" data-start=\"1319\" data-end=\"1378\">Alan tasarrufu uygulamalar\u0131 i\u00e7in ince kesit tasar\u0131m\u0131<\/li>\n<li data-section-id=\"1qqsaq8\" data-start=\"1379\" data-end=\"1436\">Azalt\u0131lm\u0131\u015f d\u00f6ner atalet ile hafif yap\u0131<\/li>\n<li data-section-id=\"1bkzhsf\" data-start=\"1437\" data-end=\"1474\">P\u00fcr\u00fczs\u00fcz ve d\u00fc\u015f\u00fck s\u00fcrt\u00fcnmeli \u00e7al\u0131\u015fma<\/li>\n<li data-section-id=\"46y8gf\" data-start=\"1475\" data-end=\"1522\">Radyal y\u00fckleri ve hafif eksenel y\u00fckleri destekler<\/li>\n<li data-section-id=\"97kjp5\" data-start=\"1523\" data-end=\"1572\">A\u00e7\u0131k, ZZ ve 2RS konfig\u00fcrasyonlar\u0131nda mevcut<\/li>\n<li data-section-id=\"1799fsu\" data-start=\"1573\" data-end=\"1624\">Opsiyonel malzemeler: paslanmaz \u00e7elik ve seramik<\/li>\n<li data-section-id=\"mm83ej\" data-start=\"1625\" data-end=\"1682\">Hassas ekipman ve OEM uygulamalar\u0131 i\u00e7in uygundur<\/li>\n<\/ul>\n<h1 data-section-id=\"10k15yz\" data-start=\"1689\" data-end=\"1719\"><span role=\"text\"><strong data-start=\"1691\" data-end=\"1719\">Teknik \u00d6zellikler<\/strong><\/span><\/h1>\n<div class=\"TyagGW_tableContainer\">\n<div class=\"group TyagGW_tableWrapper flex flex-col-reverse w-fit\" tabindex=\"-1\">\n<table class=\"w-fit min-w-(--thread-content-width)\" data-start=\"1721\" data-end=\"2119\">\n<thead data-start=\"1721\" data-end=\"1742\">\n<tr data-start=\"1721\" data-end=\"1742\">\n<th class=\"\" data-start=\"1721\" data-end=\"1733\" data-col-size=\"sm\">Parametre<\/th>\n<th class=\"\" data-start=\"1733\" data-end=\"1742\" data-col-size=\"sm\">De\u011fer<\/th>\n<\/tr>\n<\/thead>\n<tbody data-start=\"1763\" data-end=\"2119\">\n<tr data-start=\"1763\" data-end=\"1788\">\n<td data-start=\"1763\" data-end=\"1779\" data-col-size=\"sm\">Rulman Modeli<\/td>\n<td data-start=\"1779\" data-end=\"1788\" data-col-size=\"sm\">16010<\/td>\n<\/tr>\n<tr data-start=\"1789\" data-end=\"1819\">\n<td data-start=\"1789\" data-end=\"1810\" data-col-size=\"sm\">\u0130\u00e7 \u00c7ap (d)<\/td>\n<td data-start=\"1810\" data-end=\"1819\" data-col-size=\"sm\">50 mm<\/td>\n<\/tr>\n<tr data-start=\"1820\" data-end=\"1850\">\n<td data-start=\"1820\" data-end=\"1841\" data-col-size=\"sm\">D\u0131\u015f \u00c7ap (D)<\/td>\n<td data-col-size=\"sm\" data-start=\"1841\" data-end=\"1850\">80 mm<\/td>\n<\/tr>\n<tr data-start=\"1851\" data-end=\"1872\">\n<td data-start=\"1851\" data-end=\"1863\" data-col-size=\"sm\">Geni\u015flik (B)<\/td>\n<td data-col-size=\"sm\" data-start=\"1863\" data-end=\"1872\">10 mm<\/td>\n<\/tr>\n<tr data-start=\"1873\" data-end=\"1928\">\n<td data-start=\"1873\" data-end=\"1884\" data-col-size=\"sm\">Malzeme<\/td>\n<td data-col-size=\"sm\" data-start=\"1884\" data-end=\"1928\">Krom \u00c7elik \/ Paslanmaz \u00c7elik \/ Seramik<\/td>\n<\/tr>\n<tr data-start=\"1929\" data-end=\"1962\">\n<td data-start=\"1929\" data-end=\"1945\" data-col-size=\"sm\">Kafes Malzemesi<\/td>\n<td data-col-size=\"sm\" data-start=\"1945\" data-end=\"1962\">\u00c7elik \/ Naylon<\/td>\n<\/tr>\n<tr data-start=\"1963\" data-end=\"1997\">\n<td data-start=\"1963\" data-end=\"1978\" data-col-size=\"sm\">S\u0131zd\u0131rmazl\u0131k Tipi<\/td>\n<td data-start=\"1978\" data-end=\"1997\" data-col-size=\"sm\">A\u00e7\u0131k \/ ZZ \/ 2RS<\/td>\n<\/tr>\n<tr data-start=\"1998\" data-end=\"2045\">\n<td data-start=\"1998\" data-end=\"2017\" data-col-size=\"sm\">Hassasiyet S\u0131n\u0131f\u0131<\/td>\n<td data-col-size=\"sm\" data-start=\"2017\" data-end=\"2045\">ABEC-1 \/ ABEC-3 \/ ABEC-5<\/td>\n<\/tr>\n<tr data-start=\"2046\" data-end=\"2076\">\n<td data-start=\"2046\" data-end=\"2060\" data-col-size=\"sm\">Ya\u011flama<\/td>\n<td data-col-size=\"sm\" data-start=\"2060\" data-end=\"2076\">Ya\u011f \/ Ya\u011flama<\/td>\n<\/tr>\n<tr data-start=\"2077\" data-end=\"2119\">\n<td data-start=\"2077\" data-end=\"2101\" data-col-size=\"sm\">\u00c7al\u0131\u015fma S\u0131cakl\u0131\u011f\u0131<\/td>\n<td data-col-size=\"sm\" data-start=\"2101\" data-end=\"2119\">-20\u00b0C ile 120\u00b0C<\/td>\n<\/tr>\n<\/tbody>\n<\/table>\n<\/div>\n<\/div>\n<h1 data-section-id=\"1p00fbj\" data-start=\"2126\" data-end=\"2144\"><span role=\"text\"><strong data-start=\"2128\" data-end=\"2144\">Uygulamalar<\/strong><\/span><\/h1>\n<p data-start=\"2146\" data-end=\"2200\">16010 ince kesit bilyal\u0131 yatak, geni\u015f bir \u015fekilde kullan\u0131lmaktad\u0131r:<\/p>\n<ul data-start=\"2202\" data-end=\"2400\">\n<li data-section-id=\"atmlbz\" data-start=\"2202\" data-end=\"2238\">Hafif end\u00fcstriyel makineler<\/li>\n<li data-section-id=\"1q02707\" data-start=\"2239\" data-end=\"2274\">Robotik ve otomasyon sistemleri<\/li>\n<li data-section-id=\"kh47jd\" data-start=\"2275\" data-end=\"2296\">T\u0131bbi ekipman<\/li>\n<li data-section-id=\"1tqjc7s\" data-start=\"2297\" data-end=\"2322\">Hassas aletler<\/li>\n<li data-section-id=\"1170ol2\" data-start=\"2323\" data-end=\"2360\">Konvey\u00f6r ve iletim sistemleri<\/li>\n<li data-section-id=\"pjwe9y\" data-start=\"2361\" data-end=\"2400\">Alan s\u0131n\u0131rl\u0131 mekanik montajlar<\/li>\n<\/ul>\n<h1 data-section-id=\"zdmnob\" data-start=\"2407\" data-end=\"2426\"><span role=\"text\"><strong data-start=\"2409\" data-end=\"2426\">Neden Bizi Se\u00e7melisiniz<\/strong><\/span><\/h1>\n<ul data-start=\"2428\" data-end=\"2639\">\n<li data-section-id=\"xx8vmd\" data-start=\"2428\" data-end=\"2475\">G\u00fcvenilir kalite ile do\u011frudan fabrika tedariki<\/li>\n<li data-section-id=\"ary9wy\" data-start=\"2476\" data-end=\"2520\">OEM ve \u00f6zel tasar\u0131m hizmetleri mevcut<\/li>\n<li data-section-id=\"18yrkc1\" data-start=\"2521\" data-end=\"2560\">Toplu sipari\u015fler i\u00e7in rekabet\u00e7i fiyatland\u0131rma<\/li>\n<li data-section-id=\"1x678vr\" data-start=\"2561\" data-end=\"2600\">H\u0131zl\u0131 \u00fcretim ve k\u00fcresel teslimat<\/li>\n<li data-section-id=\"1oidmxg\" data-start=\"2601\" data-end=\"2639\">S\u0131k\u0131 kalite kontrol ve test<\/li>\n<\/ul>\n<h1 data-section-id=\"1iusff4\" data-start=\"2646\" data-end=\"2655\"><span role=\"text\"><strong data-start=\"2648\" data-end=\"2655\">SSS<\/strong><\/span><\/h1>\n<p data-start=\"2657\" data-end=\"2876\"><strong data-start=\"2657\" data-end=\"2731\">S1: \u0130nce kesit yataklar\u0131 standart yataklardan ne farkla ay\u0131r\u0131r?<\/strong><br data-start=\"2731\" data-end=\"2734\" \/>C: \u0130nce kesit yataklar, daha hafif ve alan tasarrufu sa\u011flayan bir tasar\u0131m i\u00e7in azalt\u0131lm\u0131\u015f kesit alan\u0131na sahiptir ve iyi performans\u0131 korur.<\/p>\n<p data-start=\"2878\" data-end=\"3062\"><strong data-start=\"2878\" data-end=\"2947\">S2: 16010'un paslanmaz \u00e7elik veya seramik versiyonlar\u0131n\u0131 sa\u011flayabilir misiniz?<\/strong><br data-start=\"2947\" data-end=\"2950\" \/>C: Evet, korozyon direnci ve y\u00fcksek performans uygulamalar\u0131 i\u00e7in paslanmaz \u00e7elik ve seramik se\u00e7enekleri sunuyoruz.<\/p>\n<p data-start=\"3064\" data-end=\"3201\"><strong data-start=\"3064\" data-end=\"3116\">S3: \u00d6zelle\u015ftirme ve OEM sipari\u015flerini destekliyor musunuz?<\/strong><br data-start=\"3116\" data-end=\"3119\" \/>C: Evet, toplu sipari\u015fler i\u00e7in \u00f6zelle\u015ftirilmi\u015f boyutlar, malzemeler ve marka deste\u011fi sa\u011fl\u0131yoruz.<\/p>","protected":false},"excerpt":{"rendered":"<p>Bu <strong data-start=\"423\" data-end=\"470\">16010 \u0130nce Kesit Derin Yivli Bilya Rulman\u0131<\/strong> Kompakt bir kesit ile nispeten b\u00fcy\u00fck i\u00e7 ve d\u0131\u015f \u00e7ap gerektiren uygulamalar i\u00e7in tasarlanm\u0131\u015ft\u0131r. \u0130nce profili ve optimize edilmi\u015f i\u00e7 geometrisi ile a\u011f\u0131rl\u0131\u011f\u0131 azalt\u0131r, s\u00fcrt\u00fcnmeyi d\u00fc\u015f\u00fcr\u00fcr ve performanstan \u00f6d\u00fcn vermeden verimli alan kullan\u0131m\u0131 sa\u011flar.<\/p>","protected":false},"featured_media":2542,"comment_status":"open","ping_status":"closed","template":"","meta":{"site-sidebar-layout":"default","site-content-layout":"","ast-site-content-layout":"default","site-content-style":"default","site-sidebar-style":"default","ast-global-header-display":"","ast-banner-title-visibility":"","ast-main-header-display":"","ast-hfb-above-header-display":"","ast-hfb-below-header-display":"","ast-hfb-mobile-header-display":"","site-post-title":"","ast-breadcrumbs-content":"","ast-featured-img":"","footer-sml-layout":"","ast-disable-related-posts":"","theme-transparent-header-meta":"default","adv-header-id-meta":"","stick-header-meta":"default","header-above-stick-meta":"","header-main-stick-meta":"","header-below-stick-meta":"","astra-migrate-meta-layouts":"set","ast-page-background-enabled":"default","ast-page-background-meta":{"desktop":{"background-color":"","background-image":"","background-repeat":"repeat","background-position":"center center","background-size":"auto","background-attachment":"scroll","background-type":"","background-media":"","overlay-type":"","overlay-color":"","overlay-opacity":"","overlay-gradient":""},"tablet":{"background-color":"","background-image":"","background-repeat":"repeat","background-position":"center center","background-size":"auto","background-attachment":"scroll","background-type":"","background-media":"","overlay-type":"","overlay-color":"","overlay-opacity":"","overlay-gradient":""},"mobile":{"background-color":"","background-image":"","background-repeat":"repeat","background-position":"center center","background-size":"auto","background-attachment":"scroll","background-type":"","background-media":"","overlay-type":"","overlay-color":"","overlay-opacity":"","overlay-gradient":""}},"ast-content-background-meta":{"desktop":{"background-color":"var(--ast-global-color-5)","background-image":"","background-repeat":"repeat","background-position":"center center","background-size":"auto","background-attachment":"scroll","background-type":"","background-media":"","overlay-type":"","overlay-color":"","overlay-opacity":"","overlay-gradient":""},"tablet":{"background-color":"var(--ast-global-color-5)","background-image":"","background-repeat":"repeat","background-position":"center center","background-size":"auto","background-attachment":"scroll","background-type":"","background-media":"","overlay-type":"","overlay-color":"","overlay-opacity":"","overlay-gradient":""},"mobile":{"background-color":"var(--ast-global-color-5)","background-image":"","background-repeat":"repeat","background-position":"center center","background-size":"auto","background-attachment":"scroll","background-type":"","background-media":"","overlay-type":"","overlay-color":"","overlay-opacity":"","overlay-gradient":""}}},"product_brand":[],"product_cat":[15],"product_tag":[58,46,33,45,62,61,47,63,60,59],"class_list":{"0":"post-2372","1":"product","2":"type-product","3":"status-publish","4":"has-post-thumbnail","6":"product_cat-deep-groove-ball-bearings","7":"product_tag-16010-bearing","8":"product_tag-bearing-supplier","9":"product_tag-deep-groove-ball-bearing","10":"product_tag-industrial-bearing","11":"product_tag-large-diameter-bearing","12":"product_tag-lightweight-bearing","13":"product_tag-oem-bearing-manufacturer","14":"product_tag-precision-bearing","15":"product_tag-slim-bearing","16":"product_tag-thin-section-ball-bearing","17":"desktop-align-left","18":"tablet-align-left","19":"mobile-align-left","20":"ast-product-gallery-layout-horizontal-slider","21":"ast-product-gallery-with-no-image","22":"ast-product-tabs-layout-horizontal","24":"first","25":"instock","26":"shipping-taxable","27":"product-type-simple"},"_links":{"self":[{"href":"https:\/\/www.machinerybearings.com\/tr\/wp-json\/wp\/v2\/product\/2372","targetHints":{"allow":["GET"]}}],"collection":[{"href":"https:\/\/www.machinerybearings.com\/tr\/wp-json\/wp\/v2\/product"}],"about":[{"href":"https:\/\/www.machinerybearings.com\/tr\/wp-json\/wp\/v2\/types\/product"}],"replies":[{"embeddable":true,"href":"https:\/\/www.machinerybearings.com\/tr\/wp-json\/wp\/v2\/comments?post=2372"}],"wp:featuredmedia":[{"embeddable":true,"href":"https:\/\/www.machinerybearings.com\/tr\/wp-json\/wp\/v2\/media\/2542"}],"wp:attachment":[{"href":"https:\/\/www.machinerybearings.com\/tr\/wp-json\/wp\/v2\/media?parent=2372"}],"wp:term":[{"taxonomy":"product_brand","embeddable":true,"href":"https:\/\/www.machinerybearings.com\/tr\/wp-json\/wp\/v2\/product_brand?post=2372"},{"taxonomy":"product_cat","embeddable":true,"href":"https:\/\/www.machinerybearings.com\/tr\/wp-json\/wp\/v2\/product_cat?post=2372"},{"taxonomy":"product_tag","embeddable":true,"href":"https:\/\/www.machinerybearings.com\/tr\/wp-json\/wp\/v2\/product_tag?post=2372"}],"curies":[{"name":"wp","href":"https:\/\/api.w.org\/{rel}","templated":true}]}}