{"id":2380,"date":"2026-04-11T17:04:13","date_gmt":"2026-04-11T17:04:13","guid":{"rendered":"https:\/\/www.machinerybearings.com\/?post_type=product&#038;p=2380"},"modified":"2026-05-03T11:12:09","modified_gmt":"2026-05-03T11:12:09","slug":"7205-angular-contact-ball-bearing-high-speed-precision-bearing-for-spindle-industrial-applications","status":"publish","type":"product","link":"https:\/\/www.machinerybearings.com\/tr\/urun\/7205-angular-contact-ball-bearing-high-speed-precision-bearing-for-spindle-industrial-applications\/","title":{"rendered":"7205 A\u00e7\u0131l\u0131 Temasl\u0131 Bilyal\u0131 Rulman \u2013 Mil ve End\u00fcstriyel Uygulamalar i\u00e7in Y\u00fcksek H\u0131zda Hassas Rulman"},"content":{"rendered":"<p data-start=\"368\" data-end=\"677\">Bu <strong data-start=\"372\" data-end=\"409\">7205 Angular Contact Ball Bearing<\/strong> is a high-precision bearing designed to handle combined radial and axial loads, making it ideal for high-speed and high-accuracy applications. With its contact angle design, it can support axial loads in one direction while maintaining excellent rotational stability.<\/p>\n<p data-start=\"679\" data-end=\"1015\">Manufactured from premium chrome steel and available in stainless steel and ceramic variants, the 7205 bearing delivers high rigidity, low friction, and excellent performance under demanding operating conditions. It is commonly used in pairs or sets to support bidirectional axial loads in machine tool spindles and precision equipment.<\/p>\n<p data-start=\"1017\" data-end=\"1221\">With its optimized internal structure, the 7205 angular contact bearing ensures smooth operation, reduced heat generation, and long service life, making it suitable for high-speed industrial environments.<\/p>\n<h1 data-section-id=\"8av2ty\" data-start=\"1228\" data-end=\"1246\"><span role=\"text\"><strong data-start=\"1230\" data-end=\"1246\">Ana \u00d6zellikler<\/strong><\/span><\/h1>\n<ul data-start=\"1248\" data-end=\"1570\">\n<li data-section-id=\"1pa8zbp\" data-start=\"1248\" data-end=\"1296\">Designed for combined radial and axial loads<\/li>\n<li data-section-id=\"sbpnu2\" data-start=\"1297\" data-end=\"1342\">High-speed and high-precision performance<\/li>\n<li data-section-id=\"fdgf6f\" data-start=\"1343\" data-end=\"1379\">Excellent rigidity and stability<\/li>\n<li data-section-id=\"h1yn1l\" data-start=\"1380\" data-end=\"1422\">Suitable for paired or duplex mounting<\/li>\n<li data-section-id=\"lhbbkb\" data-start=\"1423\" data-end=\"1459\">Low friction and heat generation<\/li>\n<li data-section-id=\"1799fsu\" data-start=\"1460\" data-end=\"1511\">Opsiyonel malzemeler: paslanmaz \u00e7elik ve seramik<\/li>\n<li data-section-id=\"49qhad\" data-start=\"1512\" data-end=\"1570\">Ideal for spindle and precision machinery applications<\/li>\n<\/ul>\n<h1 data-section-id=\"10k15yz\" data-start=\"1577\" data-end=\"1607\"><span role=\"text\"><strong data-start=\"1579\" data-end=\"1607\">Teknik \u00d6zellikler<\/strong><\/span><\/h1>\n<div class=\"TyagGW_tableContainer\">\n<div class=\"group TyagGW_tableWrapper flex flex-col-reverse w-fit\" tabindex=\"-1\">\n<table class=\"w-fit min-w-(--thread-content-width)\" data-start=\"1609\" data-end=\"2006\">\n<thead data-start=\"1609\" data-end=\"1630\">\n<tr data-start=\"1609\" data-end=\"1630\">\n<th class=\"\" data-start=\"1609\" data-end=\"1621\" data-col-size=\"sm\">Parametre<\/th>\n<th class=\"\" data-start=\"1621\" data-end=\"1630\" data-col-size=\"sm\">De\u011fer<\/th>\n<\/tr>\n<\/thead>\n<tbody data-start=\"1651\" data-end=\"2006\">\n<tr data-start=\"1651\" data-end=\"1675\">\n<td data-start=\"1651\" data-end=\"1667\" data-col-size=\"sm\">Rulman Modeli<\/td>\n<td data-col-size=\"sm\" data-start=\"1667\" data-end=\"1675\">7205<\/td>\n<\/tr>\n<tr data-start=\"1676\" data-end=\"1706\">\n<td data-start=\"1676\" data-end=\"1697\" data-col-size=\"sm\">\u0130\u00e7 \u00c7ap (d)<\/td>\n<td data-start=\"1697\" data-end=\"1706\" data-col-size=\"sm\">25 mm<\/td>\n<\/tr>\n<tr data-start=\"1707\" data-end=\"1737\">\n<td data-start=\"1707\" data-end=\"1728\" data-col-size=\"sm\">D\u0131\u015f \u00c7ap (D)<\/td>\n<td data-col-size=\"sm\" data-start=\"1728\" data-end=\"1737\">52 mm<\/td>\n<\/tr>\n<tr data-start=\"1738\" data-end=\"1759\">\n<td data-start=\"1738\" data-end=\"1750\" data-col-size=\"sm\">Geni\u015flik (B)<\/td>\n<td data-start=\"1750\" data-end=\"1759\" data-col-size=\"sm\">15 mm<\/td>\n<\/tr>\n<tr data-start=\"1760\" data-end=\"1793\">\n<td data-start=\"1760\" data-end=\"1776\" data-col-size=\"sm\">Contact Angle<\/td>\n<td data-col-size=\"sm\" data-start=\"1776\" data-end=\"1793\">Typically 30\u00b0<\/td>\n<\/tr>\n<tr data-start=\"1794\" data-end=\"1849\">\n<td data-start=\"1794\" data-end=\"1805\" data-col-size=\"sm\">Malzeme<\/td>\n<td data-start=\"1805\" data-end=\"1849\" data-col-size=\"sm\">Krom \u00c7elik \/ Paslanmaz \u00c7elik \/ Seramik<\/td>\n<\/tr>\n<tr data-start=\"1850\" data-end=\"1891\">\n<td data-start=\"1850\" data-end=\"1866\" data-col-size=\"sm\">Kafes Malzemesi<\/td>\n<td data-col-size=\"sm\" data-start=\"1866\" data-end=\"1891\">\u00c7elik \/ Pirin\u00e7 \/ Naylon<\/td>\n<\/tr>\n<tr data-start=\"1892\" data-end=\"1922\">\n<td data-start=\"1892\" data-end=\"1906\" data-col-size=\"sm\">Ya\u011flama<\/td>\n<td data-start=\"1906\" data-end=\"1922\" data-col-size=\"sm\">Ya\u011f \/ Ya\u011flama<\/td>\n<\/tr>\n<tr data-start=\"1923\" data-end=\"1963\">\n<td data-start=\"1923\" data-end=\"1942\" data-col-size=\"sm\">Hassasiyet S\u0131n\u0131f\u0131<\/td>\n<td data-start=\"1942\" data-end=\"1963\" data-col-size=\"sm\">P0 \/ P6 \/ P5 \/ P4<\/td>\n<\/tr>\n<tr data-start=\"1964\" data-end=\"2006\">\n<td data-start=\"1964\" data-end=\"1988\" data-col-size=\"sm\">\u00c7al\u0131\u015fma S\u0131cakl\u0131\u011f\u0131<\/td>\n<td data-start=\"1988\" data-end=\"2006\" data-col-size=\"sm\">-20\u00b0C ile 120\u00b0C<\/td>\n<\/tr>\n<\/tbody>\n<\/table>\n<\/div>\n<\/div>\n<h1 data-section-id=\"1p00fbj\" data-start=\"2013\" data-end=\"2031\"><span role=\"text\"><strong data-start=\"2015\" data-end=\"2031\">Uygulamalar<\/strong><\/span><\/h1>\n<p data-start=\"2033\" data-end=\"2089\">The 7205 angular contact ball bearing is widely used in:<\/p>\n<ul data-start=\"2091\" data-end=\"2272\">\n<li data-section-id=\"p4wubz\" data-start=\"2091\" data-end=\"2116\">Machine tool spindles<\/li>\n<li data-section-id=\"15r2jas\" data-start=\"2117\" data-end=\"2138\">High-speed motors<\/li>\n<li data-section-id=\"dl2tr4\" data-start=\"2139\" data-end=\"2164\">Pompalar ve kompres\u00f6rler<\/li>\n<li data-section-id=\"1tqjc7s\" data-start=\"2165\" data-end=\"2190\">Hassas aletler<\/li>\n<li data-section-id=\"15oirsh\" data-start=\"2191\" data-end=\"2229\">Di\u015fliler ve \u015fanz\u0131man sistemleri<\/li>\n<li data-section-id=\"m9ez2u\" data-start=\"2230\" data-end=\"2272\">CNC machinery and automation equipment<\/li>\n<\/ul>\n<h1 data-section-id=\"zdmnob\" data-start=\"2279\" data-end=\"2298\"><span role=\"text\"><strong data-start=\"2281\" data-end=\"2298\">Neden Bizi Se\u00e7melisiniz<\/strong><\/span><\/h1>\n<ul data-start=\"2300\" data-end=\"2521\">\n<li data-section-id=\"19q7jog\" data-start=\"2300\" data-end=\"2345\">Factory direct supply with stable quality<\/li>\n<li data-section-id=\"w8c53i\" data-start=\"2346\" data-end=\"2390\">OEM ve \u00f6zelle\u015ftirme hizmetleri mevcuttur<\/li>\n<li data-section-id=\"juz6ao\" data-start=\"2391\" data-end=\"2434\">High precision manufacturing capability<\/li>\n<li data-section-id=\"tuyq12\" data-start=\"2435\" data-end=\"2472\">H\u0131zl\u0131 teslimat ve k\u00fcresel nakliye<\/li>\n<li data-section-id=\"1kx8zsp\" data-start=\"2473\" data-end=\"2521\">S\u0131k\u0131 denetim ve kalite kontrol sistemi<\/li>\n<\/ul>\n<h1 data-section-id=\"1iusff4\" data-start=\"2528\" data-end=\"2537\"><span role=\"text\"><strong data-start=\"2530\" data-end=\"2537\">SSS<\/strong><\/span><\/h1>\n<p data-start=\"2539\" data-end=\"2783\"><strong data-start=\"2539\" data-end=\"2629\">Q1: What is the main difference between angular contact and deep groove ball bearings?<\/strong><br data-start=\"2629\" data-end=\"2632\" \/>A: Angular contact bearings are designed to handle combined loads, especially axial loads, while deep groove ball bearings mainly support radial loads.<\/p>\n<p data-start=\"2785\" data-end=\"2944\"><strong data-start=\"2785\" data-end=\"2828\">Q2: Can 7205 bearings be used in pairs?<\/strong><br data-start=\"2828\" data-end=\"2831\" \/>A: Yes, they are often mounted in pairs (back-to-back or face-to-face) to support axial loads in both directions.<\/p>\n<p data-start=\"2946\" data-end=\"3105\"><strong data-start=\"2946\" data-end=\"3002\">Q3: Do you offer ceramic or high-precision versions?<\/strong><br data-start=\"3002\" data-end=\"3005\" \/>A: Yes, we offer ceramic and precision-grade versions such as P5 and P4 for high-speed applications.<\/p>","protected":false},"excerpt":{"rendered":"<p>Bu <strong data-start=\"372\" data-end=\"409\">7205 Angular Contact Ball Bearing<\/strong> is a high-precision bearing designed to handle combined radial and axial loads, making it ideal for high-speed and high-accuracy applications. With its contact angle design, it can support axial loads in one direction while maintaining excellent rotational stability.<\/p>","protected":false},"featured_media":2548,"comment_status":"open","ping_status":"closed","template":"","meta":{"site-sidebar-layout":"default","site-content-layout":"","ast-site-content-layout":"default","site-content-style":"default","site-sidebar-style":"default","ast-global-header-display":"","ast-banner-title-visibility":"","ast-main-header-display":"","ast-hfb-above-header-display":"","ast-hfb-below-header-display":"","ast-hfb-mobile-header-display":"","site-post-title":"","ast-breadcrumbs-content":"","ast-featured-img":"","footer-sml-layout":"","ast-disable-related-posts":"","theme-transparent-header-meta":"default","adv-header-id-meta":"","stick-header-meta":"default","header-above-stick-meta":"","header-main-stick-meta":"","header-below-stick-meta":"","astra-migrate-meta-layouts":"set","ast-page-background-enabled":"default","ast-page-background-meta":{"desktop":{"background-color":"","background-image":"","background-repeat":"repeat","background-position":"center center","background-size":"auto","background-attachment":"scroll","background-type":"","background-media":"","overlay-type":"","overlay-color":"","overlay-opacity":"","overlay-gradient":""},"tablet":{"background-color":"","background-image":"","background-repeat":"repeat","background-position":"center center","background-size":"auto","background-attachment":"scroll","background-type":"","background-media":"","overlay-type":"","overlay-color":"","overlay-opacity":"","overlay-gradient":""},"mobile":{"background-color":"","background-image":"","background-repeat":"repeat","background-position":"center center","background-size":"auto","background-attachment":"scroll","background-type":"","background-media":"","overlay-type":"","overlay-color":"","overlay-opacity":"","overlay-gradient":""}},"ast-content-background-meta":{"desktop":{"background-color":"var(--ast-global-color-5)","background-image":"","background-repeat":"repeat","background-position":"center center","background-size":"auto","background-attachment":"scroll","background-type":"","background-media":"","overlay-type":"","overlay-color":"","overlay-opacity":"","overlay-gradient":""},"tablet":{"background-color":"var(--ast-global-color-5)","background-image":"","background-repeat":"repeat","background-position":"center center","background-size":"auto","background-attachment":"scroll","background-type":"","background-media":"","overlay-type":"","overlay-color":"","overlay-opacity":"","overlay-gradient":""},"mobile":{"background-color":"var(--ast-global-color-5)","background-image":"","background-repeat":"repeat","background-position":"center center","background-size":"auto","background-attachment":"scroll","background-type":"","background-media":"","overlay-type":"","overlay-color":"","overlay-opacity":"","overlay-gradient":""}}},"product_brand":[],"product_cat":[21],"product_tag":[67,68,70,73,39,45,71,72,63,69],"class_list":{"0":"post-2380","1":"product","2":"type-product","3":"status-publish","4":"has-post-thumbnail","6":"product_cat-angular-contact-ball-bearings","7":"product_tag-7205-bearing","8":"product_tag-angular-contact-ball-bearing","9":"product_tag-cnc-bearing","10":"product_tag-high-accuracy-bearing","11":"product_tag-high-speed-bearing","12":"product_tag-industrial-bearing","13":"product_tag-machine-tool-bearing","14":"product_tag-oem-bearing-supplier","15":"product_tag-precision-bearing","16":"product_tag-spindle-bearing","17":"desktop-align-left","18":"tablet-align-left","19":"mobile-align-left","20":"ast-product-gallery-layout-horizontal-slider","21":"ast-product-gallery-with-no-image","22":"ast-product-tabs-layout-horizontal","24":"first","25":"instock","26":"shipping-taxable","27":"product-type-simple"},"_links":{"self":[{"href":"https:\/\/www.machinerybearings.com\/tr\/wp-json\/wp\/v2\/product\/2380","targetHints":{"allow":["GET"]}}],"collection":[{"href":"https:\/\/www.machinerybearings.com\/tr\/wp-json\/wp\/v2\/product"}],"about":[{"href":"https:\/\/www.machinerybearings.com\/tr\/wp-json\/wp\/v2\/types\/product"}],"replies":[{"embeddable":true,"href":"https:\/\/www.machinerybearings.com\/tr\/wp-json\/wp\/v2\/comments?post=2380"}],"wp:featuredmedia":[{"embeddable":true,"href":"https:\/\/www.machinerybearings.com\/tr\/wp-json\/wp\/v2\/media\/2548"}],"wp:attachment":[{"href":"https:\/\/www.machinerybearings.com\/tr\/wp-json\/wp\/v2\/media?parent=2380"}],"wp:term":[{"taxonomy":"product_brand","embeddable":true,"href":"https:\/\/www.machinerybearings.com\/tr\/wp-json\/wp\/v2\/product_brand?post=2380"},{"taxonomy":"product_cat","embeddable":true,"href":"https:\/\/www.machinerybearings.com\/tr\/wp-json\/wp\/v2\/product_cat?post=2380"},{"taxonomy":"product_tag","embeddable":true,"href":"https:\/\/www.machinerybearings.com\/tr\/wp-json\/wp\/v2\/product_tag?post=2380"}],"curies":[{"name":"wp","href":"https:\/\/api.w.org\/{rel}","templated":true}]}}