{"id":2388,"date":"2026-04-12T13:38:45","date_gmt":"2026-04-12T13:38:45","guid":{"rendered":"https:\/\/www.machinerybearings.com\/?post_type=product&#038;p=2388"},"modified":"2026-05-03T11:45:16","modified_gmt":"2026-05-03T11:45:16","slug":"608-full-ceramic-ball-bearing-zro%e2%82%82-high-speed-corrosion-resistant-non-magnetic-bearing","status":"publish","type":"product","link":"https:\/\/www.machinerybearings.com\/tr\/urun\/608-full-ceramic-ball-bearing-zro\u2082-high-speed-corrosion-resistant-non-magnetic-bearing\/","title":{"rendered":"608 Tam Seramik K\u00fcre Rulman\u0131 (ZrO\u2082) \u2013 Y\u00fcksek H\u0131zda Korozyona Dayan\u0131kl\u0131 Manyetik Olmayan Rulman"},"content":{"rendered":"<p data-start=\"365\" data-end=\"704\">Bu <strong data-start=\"369\" data-end=\"409\">608 Full Ceramic Ball Bearing (ZrO\u2082)<\/strong> is a high-performance miniature bearing manufactured entirely from <strong data-start=\"477\" data-end=\"504\">zirconia ceramic (ZrO\u2082)<\/strong>, including the inner ring, outer ring, and rolling elements. Designed for extreme operating conditions, it offers exceptional corrosion resistance, high-speed capability, and non-magnetic properties.<\/p>\n<p data-start=\"706\" data-end=\"1007\">Compared to traditional steel bearings, zirconia ceramic bearings provide significantly lower friction, reduced weight, and superior resistance to wear, chemicals, and high temperatures. They are also electrically insulating, making them ideal for sensitive electronic and high-frequency applications.<\/p>\n<p data-start=\"1009\" data-end=\"1198\">With its compact design and outstanding performance, the 608 full ceramic bearing is widely used in chemical processing, medical equipment, food machinery, and high-speed precision systems.<\/p>\n<h1 data-section-id=\"8av2ty\" data-start=\"1205\" data-end=\"1223\"><span role=\"text\"><strong data-start=\"1207\" data-end=\"1223\">Ana \u00d6zellikler<\/strong><\/span><\/h1>\n<ul data-start=\"1225\" data-end=\"1557\">\n<li data-section-id=\"1khe2u2\" data-start=\"1225\" data-end=\"1267\">Made from 100% zirconia ceramic (ZrO\u2082)<\/li>\n<li data-section-id=\"1uw8zug\" data-start=\"1268\" data-end=\"1315\">Excellent corrosion and chemical resistance<\/li>\n<li data-section-id=\"ceobeo\" data-start=\"1316\" data-end=\"1360\">D\u00fc\u015f\u00fck s\u00fcrt\u00fcnme ile y\u00fcksek h\u0131zl\u0131 performans<\/li>\n<li data-section-id=\"1kr75oc\" data-start=\"1361\" data-end=\"1405\">Non-magnetic and electrically insulating<\/li>\n<li data-section-id=\"17yranb\" data-start=\"1406\" data-end=\"1460\">Lightweight with high hardness and wear resistance<\/li>\n<li data-section-id=\"pg8tvd\" data-start=\"1461\" data-end=\"1508\">Suitable for extreme and harsh environments<\/li>\n<li data-section-id=\"ip9amj\" data-start=\"1509\" data-end=\"1557\">No lubrication required in many applications<\/li>\n<\/ul>\n<h1 data-section-id=\"10k15yz\" data-start=\"1564\" data-end=\"1594\"><span role=\"text\"><strong data-start=\"1566\" data-end=\"1594\">Teknik \u00d6zellikler<\/strong><\/span><\/h1>\n<div class=\"TyagGW_tableContainer\">\n<div class=\"group TyagGW_tableWrapper flex flex-col-reverse w-fit\" tabindex=\"-1\">\n<table class=\"w-fit min-w-(--thread-content-width)\" data-start=\"1596\" data-end=\"1993\">\n<thead data-start=\"1596\" data-end=\"1617\">\n<tr data-start=\"1596\" data-end=\"1617\">\n<th class=\"\" data-start=\"1596\" data-end=\"1608\" data-col-size=\"sm\">Parametre<\/th>\n<th class=\"\" data-start=\"1608\" data-end=\"1617\" data-col-size=\"sm\">De\u011fer<\/th>\n<\/tr>\n<\/thead>\n<tbody data-start=\"1638\" data-end=\"1993\">\n<tr data-start=\"1638\" data-end=\"1674\">\n<td data-start=\"1638\" data-end=\"1654\" data-col-size=\"sm\">Rulman Modeli<\/td>\n<td data-col-size=\"sm\" data-start=\"1654\" data-end=\"1674\">608 Full Ceramic<\/td>\n<\/tr>\n<tr data-start=\"1675\" data-end=\"1704\">\n<td data-start=\"1675\" data-end=\"1696\" data-col-size=\"sm\">\u0130\u00e7 \u00c7ap (d)<\/td>\n<td data-col-size=\"sm\" data-start=\"1696\" data-end=\"1704\">8 mm<\/td>\n<\/tr>\n<tr data-start=\"1705\" data-end=\"1735\">\n<td data-start=\"1705\" data-end=\"1726\" data-col-size=\"sm\">D\u0131\u015f \u00c7ap (D)<\/td>\n<td data-col-size=\"sm\" data-start=\"1726\" data-end=\"1735\">22 mm<\/td>\n<\/tr>\n<tr data-start=\"1736\" data-end=\"1756\">\n<td data-start=\"1736\" data-end=\"1748\" data-col-size=\"sm\">Geni\u015flik (B)<\/td>\n<td data-col-size=\"sm\" data-start=\"1748\" data-end=\"1756\">7 mm<\/td>\n<\/tr>\n<tr data-start=\"1757\" data-end=\"1795\">\n<td data-start=\"1757\" data-end=\"1768\" data-col-size=\"sm\">Malzeme<\/td>\n<td data-col-size=\"sm\" data-start=\"1768\" data-end=\"1795\">Zirconia Ceramic (ZrO\u2082)<\/td>\n<\/tr>\n<tr data-start=\"1796\" data-end=\"1830\">\n<td data-start=\"1796\" data-end=\"1812\" data-col-size=\"sm\">Kafes Malzemesi<\/td>\n<td data-col-size=\"sm\" data-start=\"1812\" data-end=\"1830\">PTFE \/ Ceramic<\/td>\n<\/tr>\n<tr data-start=\"1831\" data-end=\"1854\">\n<td data-start=\"1831\" data-end=\"1846\" data-col-size=\"sm\">S\u0131zd\u0131rmazl\u0131k Tipi<\/td>\n<td data-col-size=\"sm\" data-start=\"1846\" data-end=\"1854\">Open<\/td>\n<\/tr>\n<tr data-start=\"1855\" data-end=\"1887\">\n<td data-start=\"1855\" data-end=\"1869\" data-col-size=\"sm\">Ya\u011flama<\/td>\n<td data-col-size=\"sm\" data-start=\"1869\" data-end=\"1887\">Dry \/ Optional<\/td>\n<\/tr>\n<tr data-start=\"1888\" data-end=\"1926\">\n<td data-start=\"1888\" data-end=\"1907\" data-col-size=\"sm\">Hassasiyet S\u0131n\u0131f\u0131<\/td>\n<td data-col-size=\"sm\" data-start=\"1907\" data-end=\"1926\">ABEC-3 \/ ABEC-5<\/td>\n<\/tr>\n<tr data-start=\"1927\" data-end=\"1993\">\n<td data-start=\"1927\" data-end=\"1951\" data-col-size=\"sm\">\u00c7al\u0131\u015fma S\u0131cakl\u0131\u011f\u0131<\/td>\n<td data-col-size=\"sm\" data-start=\"1951\" data-end=\"1993\">Up to 300\u00b0C (depending on application)<\/td>\n<\/tr>\n<\/tbody>\n<\/table>\n<\/div>\n<\/div>\n<h1 data-section-id=\"1p00fbj\" data-start=\"2000\" data-end=\"2018\"><span role=\"text\"><strong data-start=\"2002\" data-end=\"2018\">Uygulamalar<\/strong><\/span><\/h1>\n<p data-start=\"2020\" data-end=\"2067\">The 608 full ceramic bearing is widely used in:<\/p>\n<ul data-start=\"2069\" data-end=\"2306\">\n<li data-section-id=\"edlh0t\" data-start=\"2069\" data-end=\"2102\">Chemical processing equipment<\/li>\n<li data-section-id=\"1vzlwfh\" data-start=\"2103\" data-end=\"2141\">Medical and laboratory instruments<\/li>\n<li data-section-id=\"ypp1an\" data-start=\"2142\" data-end=\"2171\">Food processing machinery<\/li>\n<li data-section-id=\"2jvfs2\" data-start=\"2172\" data-end=\"2215\">High-speed motors and precision devices<\/li>\n<li data-section-id=\"1ifttwz\" data-start=\"2216\" data-end=\"2259\">Electronics and semiconductor equipment<\/li>\n<li data-section-id=\"euahdi\" data-start=\"2260\" data-end=\"2306\">Corrosive or high-temperature environments<\/li>\n<\/ul>\n<h1 data-section-id=\"zdmnob\" data-start=\"2313\" data-end=\"2332\"><span role=\"text\"><strong data-start=\"2315\" data-end=\"2332\">Neden Bizi Se\u00e7melisiniz<\/strong><\/span><\/h1>\n<ul data-start=\"2334\" data-end=\"2546\">\n<li data-section-id=\"1rlhyo7\" data-start=\"2334\" data-end=\"2377\">High-quality zirconia ceramic materials<\/li>\n<li data-section-id=\"1eol690\" data-start=\"2378\" data-end=\"2416\">OEM ve \u00f6zel \u00e7\u00f6z\u00fcmler mevcuttur<\/li>\n<li data-section-id=\"1nt0v6m\" data-start=\"2417\" data-end=\"2459\">Strict precision manufacturing process<\/li>\n<li data-section-id=\"18yrkc1\" data-start=\"2460\" data-end=\"2499\">Toplu sipari\u015fler i\u00e7in rekabet\u00e7i fiyatland\u0131rma<\/li>\n<li data-section-id=\"bhimnc\" data-start=\"2500\" data-end=\"2546\">H\u0131zl\u0131 k\u00fcresel teslimat ve teknik destek<\/li>\n<\/ul>\n<h1 data-section-id=\"1iusff4\" data-start=\"2553\" data-end=\"2562\"><span role=\"text\"><strong data-start=\"2555\" data-end=\"2562\">SSS<\/strong><\/span><\/h1>\n<p data-start=\"2564\" data-end=\"2777\"><strong data-start=\"2564\" data-end=\"2645\">Q1: What are the advantages of zirconia ceramic bearings over steel bearings?<\/strong><br data-start=\"2645\" data-end=\"2648\" \/>A: Zirconia ceramic bearings offer better corrosion resistance, higher speed capability, lower weight, and electrical insulation.<\/p>\n<p data-start=\"2779\" data-end=\"2950\"><strong data-start=\"2779\" data-end=\"2827\">Q2: Do ceramic bearings require lubrication?<\/strong><br data-start=\"2827\" data-end=\"2830\" \/>A: In many applications, full ceramic bearings can operate without lubrication, especially in clean or dry environments.<\/p>\n<p data-start=\"2952\" data-end=\"3114\"><strong data-start=\"2952\" data-end=\"3004\">Q3: Can you provide customized ceramic bearings?<\/strong><br data-start=\"3004\" data-end=\"3007\" \/>A: Yes, we offer customized sizes, tolerances, and material options based on your application requirements.<\/p>","protected":false},"excerpt":{"rendered":"<p>Bu <strong data-start=\"369\" data-end=\"409\">608 Full Ceramic Ball Bearing (ZrO\u2082)<\/strong> is a high-performance miniature bearing manufactured entirely from <strong data-start=\"477\" data-end=\"504\">zirconia ceramic (ZrO\u2082)<\/strong>, including the inner ring, outer ring, and rolling elements. Designed for extreme operating conditions, it offers exceptional corrosion resistance, high-speed capability, and non-magnetic properties.<\/p>","protected":false},"featured_media":2553,"comment_status":"open","ping_status":"closed","template":"","meta":{"site-sidebar-layout":"default","site-content-layout":"","ast-site-content-layout":"default","site-content-style":"default","site-sidebar-style":"default","ast-global-header-display":"","ast-banner-title-visibility":"","ast-main-header-display":"","ast-hfb-above-header-display":"","ast-hfb-below-header-display":"","ast-hfb-mobile-header-display":"","site-post-title":"","ast-breadcrumbs-content":"","ast-featured-img":"","footer-sml-layout":"","ast-disable-related-posts":"","theme-transparent-header-meta":"default","adv-header-id-meta":"","stick-header-meta":"default","header-above-stick-meta":"","header-main-stick-meta":"","header-below-stick-meta":"","astra-migrate-meta-layouts":"set","ast-page-background-enabled":"default","ast-page-background-meta":{"desktop":{"background-color":"","background-image":"","background-repeat":"repeat","background-position":"center center","background-size":"auto","background-attachment":"scroll","background-type":"","background-media":"","overlay-type":"","overlay-color":"","overlay-opacity":"","overlay-gradient":""},"tablet":{"background-color":"","background-image":"","background-repeat":"repeat","background-position":"center center","background-size":"auto","background-attachment":"scroll","background-type":"","background-media":"","overlay-type":"","overlay-color":"","overlay-opacity":"","overlay-gradient":""},"mobile":{"background-color":"","background-image":"","background-repeat":"repeat","background-position":"center center","background-size":"auto","background-attachment":"scroll","background-type":"","background-media":"","overlay-type":"","overlay-color":"","overlay-opacity":"","overlay-gradient":""}},"ast-content-background-meta":{"desktop":{"background-color":"var(--ast-global-color-5)","background-image":"","background-repeat":"repeat","background-position":"center center","background-size":"auto","background-attachment":"scroll","background-type":"","background-media":"","overlay-type":"","overlay-color":"","overlay-opacity":"","overlay-gradient":""},"tablet":{"background-color":"var(--ast-global-color-5)","background-image":"","background-repeat":"repeat","background-position":"center center","background-size":"auto","background-attachment":"scroll","background-type":"","background-media":"","overlay-type":"","overlay-color":"","overlay-opacity":"","overlay-gradient":""},"mobile":{"background-color":"var(--ast-global-color-5)","background-image":"","background-repeat":"repeat","background-position":"center center","background-size":"auto","background-attachment":"scroll","background-type":"","background-media":"","overlay-type":"","overlay-color":"","overlay-opacity":"","overlay-gradient":""}}},"product_brand":[],"product_cat":[28],"product_tag":[83,88,86,39,90,87,89,91,84,85],"class_list":{"0":"post-2388","1":"product","2":"type-product","3":"status-publish","4":"has-post-thumbnail","6":"product_cat-ceramic-bearings","7":"product_tag-608-ceramic-bearing","8":"product_tag-corrosion-resistant-bearing","9":"product_tag-full-ceramic-bearing","10":"product_tag-high-speed-bearing","11":"product_tag-industrial-ceramic-bearing","12":"product_tag-miniature-ceramic-bearing","13":"product_tag-non-magnetic-bearing","14":"product_tag-oem-ceramic-bearing-supplier","15":"product_tag-zirconia-bearing","16":"product_tag-zro2-bearing","17":"desktop-align-left","18":"tablet-align-left","19":"mobile-align-left","20":"ast-product-gallery-layout-horizontal-slider","21":"ast-product-gallery-with-no-image","22":"ast-product-tabs-layout-horizontal","24":"first","25":"instock","26":"shipping-taxable","27":"product-type-simple"},"_links":{"self":[{"href":"https:\/\/www.machinerybearings.com\/tr\/wp-json\/wp\/v2\/product\/2388","targetHints":{"allow":["GET"]}}],"collection":[{"href":"https:\/\/www.machinerybearings.com\/tr\/wp-json\/wp\/v2\/product"}],"about":[{"href":"https:\/\/www.machinerybearings.com\/tr\/wp-json\/wp\/v2\/types\/product"}],"replies":[{"embeddable":true,"href":"https:\/\/www.machinerybearings.com\/tr\/wp-json\/wp\/v2\/comments?post=2388"}],"wp:featuredmedia":[{"embeddable":true,"href":"https:\/\/www.machinerybearings.com\/tr\/wp-json\/wp\/v2\/media\/2553"}],"wp:attachment":[{"href":"https:\/\/www.machinerybearings.com\/tr\/wp-json\/wp\/v2\/media?parent=2388"}],"wp:term":[{"taxonomy":"product_brand","embeddable":true,"href":"https:\/\/www.machinerybearings.com\/tr\/wp-json\/wp\/v2\/product_brand?post=2388"},{"taxonomy":"product_cat","embeddable":true,"href":"https:\/\/www.machinerybearings.com\/tr\/wp-json\/wp\/v2\/product_cat?post=2388"},{"taxonomy":"product_tag","embeddable":true,"href":"https:\/\/www.machinerybearings.com\/tr\/wp-json\/wp\/v2\/product_tag?post=2388"}],"curies":[{"name":"wp","href":"https:\/\/api.w.org\/{rel}","templated":true}]}}