{"id":2398,"date":"2026-04-12T14:11:04","date_gmt":"2026-04-12T14:11:04","guid":{"rendered":"https:\/\/www.machinerybearings.com\/?post_type=product&#038;p=2398"},"modified":"2026-05-03T12:38:02","modified_gmt":"2026-05-03T12:38:02","slug":"custom-non-standard-bearings-oem-precision-bearing-solutions-for-industrial-applications","status":"publish","type":"product","link":"https:\/\/www.machinerybearings.com\/tr\/urun\/custom-non-standard-bearings-oem-precision-bearing-solutions-for-industrial-applications\/","title":{"rendered":"\u00d6zel Standart D\u0131\u015f\u0131 Rulmanlar \u2013 End\u00fcstriyel Uygulamalar i\u00e7in OEM Hassas Rulman \u00c7\u00f6z\u00fcmleri"},"content":{"rendered":"<p data-start=\"375\" data-end=\"686\">Our <strong data-start=\"379\" data-end=\"411\">Custom Non-Standard Bearings<\/strong> are designed to meet unique and demanding application requirements that cannot be fulfilled by standard bearing models. With strong engineering capabilities and advanced manufacturing technology, we provide fully customized bearing solutions tailored to your specifications.<\/p>\n<p data-start=\"688\" data-end=\"1003\">We support a wide range of bearing types, including <strong data-start=\"740\" data-end=\"844\">deep groove ball bearings, angular contact bearings, roller bearings, and special structural designs<\/strong>. From material selection to precision tolerance and sealing configurations, every aspect of the bearing can be optimized for your specific working conditions.<\/p>\n<p data-start=\"1005\" data-end=\"1214\">Whether your application requires high speed, heavy load, corrosion resistance, or extreme temperature performance, our custom bearings are engineered to deliver reliability, efficiency, and long service life.<\/p>\n<h1 data-section-id=\"8av2ty\" data-start=\"1221\" data-end=\"1239\"><span role=\"text\"><strong data-start=\"1223\" data-end=\"1239\">Ana \u00d6zellikler<\/strong><\/span><\/h1>\n<ul data-start=\"1241\" data-end=\"1614\">\n<li data-section-id=\"nrunht\" data-start=\"1241\" data-end=\"1299\">Fully customizable design based on drawings or samples<\/li>\n<li data-section-id=\"1k0730o\" data-start=\"1300\" data-end=\"1351\">Support for complex and non-standard structures<\/li>\n<li data-section-id=\"rz60s3\" data-start=\"1352\" data-end=\"1398\">High precision and tight tolerance control<\/li>\n<li data-section-id=\"a3ked0\" data-start=\"1399\" data-end=\"1451\">Wide material options for different environments<\/li>\n<li data-section-id=\"3ihm3h\" data-start=\"1452\" data-end=\"1513\">Designed for high load, high speed, or special conditions<\/li>\n<li data-section-id=\"1x0i2yo\" data-start=\"1514\" data-end=\"1562\">Suitable for OEM and industrial applications<\/li>\n<li data-section-id=\"oz4obm\" data-start=\"1563\" data-end=\"1614\">Stable quality with strict inspection processes<\/li>\n<\/ul>\n<h1 data-section-id=\"hzmqtn\" data-start=\"1621\" data-end=\"1648\"><span role=\"text\"><strong data-start=\"1623\" data-end=\"1648\">Customization Options<\/strong><\/span><\/h1>\n<p data-start=\"1650\" data-end=\"1701\">We offer flexible customization services including:<\/p>\n<ul data-start=\"1703\" data-end=\"2266\">\n<li data-section-id=\"noso07\" data-start=\"1703\" data-end=\"1792\"><strong data-start=\"1705\" data-end=\"1722\">Bearing Type:<\/strong> Ball bearings, roller bearings, thrust bearings, special structures<\/li>\n<li data-section-id=\"111f6l4\" data-start=\"1793\" data-end=\"1860\"><strong data-start=\"1795\" data-end=\"1810\">Dimensions:<\/strong> Fully customized inner\/outer diameter and width<\/li>\n<li data-section-id=\"1qez0vp\" data-start=\"1861\" data-end=\"1943\"><strong data-start=\"1863\" data-end=\"1884\">Material Options:<\/strong> Chrome steel, stainless steel, ceramic, hybrid materials<\/li>\n<li data-section-id=\"1w8bond\" data-start=\"1944\" data-end=\"2012\"><strong data-start=\"1946\" data-end=\"1963\">Sealing Type:<\/strong> Open \/ ZZ \/ 2RS \/ customized sealing solutions<\/li>\n<li data-section-id=\"1m1tjb2\" data-start=\"2013\" data-end=\"2071\"><strong data-start=\"2015\" data-end=\"2035\">Precision Grade:<\/strong> ABEC-1 \/ ABEC-3 \/ ABEC-5 \/ ABEC-7<\/li>\n<li data-section-id=\"daminp\" data-start=\"2072\" data-end=\"2136\"><strong data-start=\"2074\" data-end=\"2090\">Lubrication:<\/strong> Grease, oil, or special lubrication systems<\/li>\n<li data-section-id=\"1hzzdpo\" data-start=\"2137\" data-end=\"2196\"><strong data-start=\"2139\" data-end=\"2157\">Cage Material:<\/strong> Steel, brass, nylon, PEEK, or custom<\/li>\n<li data-section-id=\"14qcjxm\" data-start=\"2197\" data-end=\"2266\"><strong data-start=\"2199\" data-end=\"2221\">Surface Treatment:<\/strong> Coatings, anti-corrosion, special finishes<\/li>\n<\/ul>\n<h1 data-section-id=\"1hlx8o3\" data-start=\"2273\" data-end=\"2301\"><span role=\"text\"><strong data-start=\"2275\" data-end=\"2301\">Technical Capabilities<\/strong><\/span><\/h1>\n<div class=\"TyagGW_tableContainer\">\n<div class=\"group TyagGW_tableWrapper flex flex-col-reverse w-fit\" tabindex=\"-1\">\n<table class=\"w-fit min-w-(--thread-content-width)\" data-start=\"2303\" data-end=\"2707\">\n<thead data-start=\"2303\" data-end=\"2329\">\n<tr data-start=\"2303\" data-end=\"2329\">\n<th class=\"\" data-start=\"2303\" data-end=\"2315\" data-col-size=\"sm\">Parametre<\/th>\n<th class=\"\" data-start=\"2315\" data-end=\"2329\" data-col-size=\"md\">Capability<\/th>\n<\/tr>\n<\/thead>\n<tbody data-start=\"2355\" data-end=\"2707\">\n<tr data-start=\"2355\" data-end=\"2411\">\n<td data-start=\"2355\" data-end=\"2368\" data-col-size=\"sm\">Size Range<\/td>\n<td data-col-size=\"md\" data-start=\"2368\" data-end=\"2411\">Miniature to large-size custom bearings<\/td>\n<\/tr>\n<tr data-start=\"2412\" data-end=\"2462\">\n<td data-start=\"2412\" data-end=\"2424\" data-col-size=\"sm\">Precision<\/td>\n<td data-start=\"2424\" data-end=\"2462\" data-col-size=\"md\">Up to high precision (P4 \/ ABEC-7)<\/td>\n<\/tr>\n<tr data-start=\"2463\" data-end=\"2521\">\n<td data-start=\"2463\" data-end=\"2475\" data-col-size=\"sm\">Materials<\/td>\n<td data-col-size=\"md\" data-start=\"2475\" data-end=\"2521\">Steel \/ Stainless Steel \/ Ceramic \/ Hybrid<\/td>\n<\/tr>\n<tr data-start=\"2522\" data-end=\"2578\">\n<td data-start=\"2522\" data-end=\"2538\" data-col-size=\"sm\">Load Capacity<\/td>\n<td data-start=\"2538\" data-end=\"2578\" data-col-size=\"md\">Designed per application requirement<\/td>\n<\/tr>\n<tr data-start=\"2579\" data-end=\"2641\">\n<td data-start=\"2579\" data-end=\"2599\" data-col-size=\"sm\">S\u0131cakl\u0131k Aral\u0131\u011f\u0131<\/td>\n<td data-start=\"2599\" data-end=\"2641\" data-col-size=\"md\">-40\u00b0C to 300\u00b0C (depending on material)<\/td>\n<\/tr>\n<tr data-start=\"2642\" data-end=\"2707\">\n<td data-start=\"2642\" data-end=\"2658\" data-col-size=\"sm\">\u00dcretim<\/td>\n<td data-col-size=\"md\" data-start=\"2658\" data-end=\"2707\">CNC machining, precision grinding, inspection<\/td>\n<\/tr>\n<\/tbody>\n<\/table>\n<\/div>\n<\/div>\n<h1 data-section-id=\"1p00fbj\" data-start=\"2714\" data-end=\"2732\"><span role=\"text\"><strong data-start=\"2716\" data-end=\"2732\">Uygulamalar<\/strong><\/span><\/h1>\n<p data-start=\"2734\" data-end=\"2782\">Custom non-standard bearings are widely used in:<\/p>\n<ul data-start=\"2784\" data-end=\"3048\">\n<li data-section-id=\"oibz43\" data-start=\"2784\" data-end=\"2831\">Industrial machinery and automation systems<\/li>\n<li data-section-id=\"1dbdan6\" data-start=\"2832\" data-end=\"2876\">Special equipment and customized devices<\/li>\n<li data-section-id=\"f4yzmw\" data-start=\"2877\" data-end=\"2918\">Automotive and transportation systems<\/li>\n<li data-section-id=\"j5rbdt\" data-start=\"2919\" data-end=\"2961\">Aerospace and high-precision equipment<\/li>\n<li data-section-id=\"1vzlwfh\" data-start=\"2962\" data-end=\"3000\">Medical and laboratory instruments<\/li>\n<li data-section-id=\"1oajuk0\" data-start=\"3001\" data-end=\"3048\">Energy, mining, and heavy-duty applications<\/li>\n<\/ul>\n<h1 data-section-id=\"zdmnob\" data-start=\"3055\" data-end=\"3074\"><span role=\"text\"><strong data-start=\"3057\" data-end=\"3074\">Neden Bizi Se\u00e7melisiniz<\/strong><\/span><\/h1>\n<ul data-start=\"3076\" data-end=\"3310\">\n<li data-section-id=\"54u64h\" data-start=\"3076\" data-end=\"3114\">Strong OEM and engineering support<\/li>\n<li data-section-id=\"1au1igy\" data-start=\"3115\" data-end=\"3165\">Experience in complex and non-standard designs<\/li>\n<li data-section-id=\"16218rz\" data-start=\"3166\" data-end=\"3211\">Advanced production and precision control<\/li>\n<li data-section-id=\"1cactvw\" data-start=\"3212\" data-end=\"3261\">Competitive pricing for long-term cooperation<\/li>\n<li data-section-id=\"1bkhnd3\" data-start=\"3262\" data-end=\"3310\">Fast response and global delivery capability<\/li>\n<\/ul>\n<h1 data-section-id=\"1iusff4\" data-start=\"3317\" data-end=\"3326\"><span role=\"text\"><strong data-start=\"3319\" data-end=\"3326\">SSS<\/strong><\/span><\/h1>\n<p data-start=\"3328\" data-end=\"3482\"><strong data-start=\"3328\" data-end=\"3385\">Q1: What information do you need for custom bearings?<\/strong><br data-start=\"3385\" data-end=\"3388\" \/>A: We typically require drawings, dimensions, load conditions, speed, and application details.<\/p>\n<p data-start=\"3484\" data-end=\"3619\"><strong data-start=\"3484\" data-end=\"3529\">Q2: Can you manufacture based on samples?<\/strong><br data-start=\"3529\" data-end=\"3532\" \/>A: Yes, we can produce according to your samples or reverse-engineer existing bearings.<\/p>\n<p data-start=\"3621\" data-end=\"3755\"><strong data-start=\"3621\" data-end=\"3672\">Q3: What is your lead time for custom bearings?<\/strong><br data-start=\"3672\" data-end=\"3675\" \/>A: Lead time depends on complexity, but we aim for fast production and delivery.<\/p>","protected":false},"excerpt":{"rendered":"<p>Our <strong data-start=\"379\" data-end=\"411\">Custom Non-Standard Bearings<\/strong> are designed to meet unique and demanding application requirements that cannot be fulfilled by standard bearing models. With strong engineering capabilities and advanced manufacturing technology, we provide fully customized bearing solutions tailored to your specifications.<\/p>","protected":false},"featured_media":2561,"comment_status":"open","ping_status":"closed","template":"","meta":{"site-sidebar-layout":"default","site-content-layout":"","ast-site-content-layout":"default","site-content-style":"default","site-sidebar-style":"default","ast-global-header-display":"","ast-banner-title-visibility":"","ast-main-header-display":"","ast-hfb-above-header-display":"","ast-hfb-below-header-display":"","ast-hfb-mobile-header-display":"","site-post-title":"","ast-breadcrumbs-content":"","ast-featured-img":"","footer-sml-layout":"","ast-disable-related-posts":"","theme-transparent-header-meta":"default","adv-header-id-meta":"","stick-header-meta":"default","header-above-stick-meta":"","header-main-stick-meta":"","header-below-stick-meta":"","astra-migrate-meta-layouts":"set","ast-page-background-enabled":"default","ast-page-background-meta":{"desktop":{"background-color":"","background-image":"","background-repeat":"repeat","background-position":"center center","background-size":"auto","background-attachment":"scroll","background-type":"","background-media":"","overlay-type":"","overlay-color":"","overlay-opacity":"","overlay-gradient":""},"tablet":{"background-color":"","background-image":"","background-repeat":"repeat","background-position":"center center","background-size":"auto","background-attachment":"scroll","background-type":"","background-media":"","overlay-type":"","overlay-color":"","overlay-opacity":"","overlay-gradient":""},"mobile":{"background-color":"","background-image":"","background-repeat":"repeat","background-position":"center center","background-size":"auto","background-attachment":"scroll","background-type":"","background-media":"","overlay-type":"","overlay-color":"","overlay-opacity":"","overlay-gradient":""}},"ast-content-background-meta":{"desktop":{"background-color":"var(--ast-global-color-5)","background-image":"","background-repeat":"repeat","background-position":"center center","background-size":"auto","background-attachment":"scroll","background-type":"","background-media":"","overlay-type":"","overlay-color":"","overlay-opacity":"","overlay-gradient":""},"tablet":{"background-color":"var(--ast-global-color-5)","background-image":"","background-repeat":"repeat","background-position":"center center","background-size":"auto","background-attachment":"scroll","background-type":"","background-media":"","overlay-type":"","overlay-color":"","overlay-opacity":"","overlay-gradient":""},"mobile":{"background-color":"var(--ast-global-color-5)","background-image":"","background-repeat":"repeat","background-position":"center center","background-size":"auto","background-attachment":"scroll","background-type":"","background-media":"","overlay-type":"","overlay-color":"","overlay-opacity":"","overlay-gradient":""}}},"product_brand":[],"product_cat":[29],"product_tag":[109,112,115,114,116,117,110,47,113,111],"class_list":{"0":"post-2398","1":"product","2":"type-product","3":"status-publish","4":"has-post-thumbnail","6":"product_cat-custom-bearings","7":"product_tag-custom-bearing","8":"product_tag-custom-industrial-bearing","9":"product_tag-customized-bearing","10":"product_tag-engineered-bearing-solution","11":"product_tag-high-precision-bearing","12":"product_tag-industrial-bearing-manufacturer","13":"product_tag-non-standard-bearing","14":"product_tag-oem-bearing-manufacturer","15":"product_tag-precision-bearing-supplier","16":"product_tag-special-bearing-design","17":"desktop-align-left","18":"tablet-align-left","19":"mobile-align-left","20":"ast-product-gallery-layout-horizontal-slider","21":"ast-product-gallery-with-no-image","22":"ast-product-tabs-layout-horizontal","24":"first","25":"instock","26":"shipping-taxable","27":"product-type-simple"},"_links":{"self":[{"href":"https:\/\/www.machinerybearings.com\/tr\/wp-json\/wp\/v2\/product\/2398","targetHints":{"allow":["GET"]}}],"collection":[{"href":"https:\/\/www.machinerybearings.com\/tr\/wp-json\/wp\/v2\/product"}],"about":[{"href":"https:\/\/www.machinerybearings.com\/tr\/wp-json\/wp\/v2\/types\/product"}],"replies":[{"embeddable":true,"href":"https:\/\/www.machinerybearings.com\/tr\/wp-json\/wp\/v2\/comments?post=2398"}],"wp:featuredmedia":[{"embeddable":true,"href":"https:\/\/www.machinerybearings.com\/tr\/wp-json\/wp\/v2\/media\/2561"}],"wp:attachment":[{"href":"https:\/\/www.machinerybearings.com\/tr\/wp-json\/wp\/v2\/media?parent=2398"}],"wp:term":[{"taxonomy":"product_brand","embeddable":true,"href":"https:\/\/www.machinerybearings.com\/tr\/wp-json\/wp\/v2\/product_brand?post=2398"},{"taxonomy":"product_cat","embeddable":true,"href":"https:\/\/www.machinerybearings.com\/tr\/wp-json\/wp\/v2\/product_cat?post=2398"},{"taxonomy":"product_tag","embeddable":true,"href":"https:\/\/www.machinerybearings.com\/tr\/wp-json\/wp\/v2\/product_tag?post=2398"}],"curies":[{"name":"wp","href":"https:\/\/api.w.org\/{rel}","templated":true}]}}