{"id":2405,"date":"2026-04-12T14:35:50","date_gmt":"2026-04-12T14:35:50","guid":{"rendered":"https:\/\/www.machinerybearings.com\/?post_type=product&#038;p=2405"},"modified":"2026-05-04T12:53:11","modified_gmt":"2026-05-04T12:53:11","slug":"nu205-cylindrical-roller-bearing-high-load-precision-bearing-for-industrial-machinery","status":"publish","type":"product","link":"https:\/\/www.machinerybearings.com\/tr\/urun\/nu205-cylindrical-roller-bearing-high-load-precision-bearing-for-industrial-machinery\/","title":{"rendered":"NU205 Silindirik Rulman \u2013 End\u00fcstriyel Makineler i\u00e7in Y\u00fcksek Y\u00fck Hassasiyeti Rulman\u0131"},"content":{"rendered":"<p data-start=\"366\" data-end=\"694\">Bu <strong data-start=\"370\" data-end=\"406\">NU205 Cylindrical Roller Bearing<\/strong> is a high-performance industrial bearing designed to support heavy radial loads while allowing axial displacement in one direction. Its cylindrical roller design provides excellent rigidity, low friction, and high load-carrying capacity, making it ideal for demanding mechanical systems.<\/p>\n<p data-start=\"696\" data-end=\"935\">Manufactured from high-quality chrome steel, and available in stainless steel and special material options, the NU205 bearing ensures stable performance, long service life, and reliable operation under high-speed and heavy-load conditions.<\/p>\n<p data-start=\"937\" data-end=\"1099\">The NU205 design features a separable structure, making installation and maintenance easier in industrial equipment such as electric motors, gearboxes, and pumps.<\/p>\n<h1 data-section-id=\"8av2ty\" data-start=\"1106\" data-end=\"1124\"><span role=\"text\"><strong data-start=\"1108\" data-end=\"1124\">Ana \u00d6zellikler<\/strong><\/span><\/h1>\n<ul data-start=\"1126\" data-end=\"1435\">\n<li data-section-id=\"1lhs7t3\" data-start=\"1126\" data-end=\"1155\">Y\u00fcksek radyal y\u00fck kapasitesi<\/li>\n<li data-section-id=\"18ey2rm\" data-start=\"1156\" data-end=\"1193\">D\u00fc\u015f\u00fck s\u00fcrt\u00fcnme ve d\u00fczg\u00fcn \u00e7al\u0131\u015fma<\/li>\n<li data-section-id=\"9lpu0e\" data-start=\"1194\" data-end=\"1240\">Allows axial displacement in one direction<\/li>\n<li data-section-id=\"ww31po\" data-start=\"1241\" data-end=\"1283\">Separable design for easy installation<\/li>\n<li data-section-id=\"745hm5\" data-start=\"1284\" data-end=\"1324\">High rigidity and stable performance<\/li>\n<li data-section-id=\"16kb6rs\" data-start=\"1325\" data-end=\"1376\">Suitable for high-speed industrial applications<\/li>\n<li data-section-id=\"1lco1zh\" data-start=\"1377\" data-end=\"1435\">Optional stainless steel and special material versions<\/li>\n<\/ul>\n<h1 data-section-id=\"10k15yz\" data-start=\"1442\" data-end=\"1472\"><span role=\"text\"><strong data-start=\"1444\" data-end=\"1472\">Teknik \u00d6zellikler<\/strong><\/span><\/h1>\n<div class=\"TyagGW_tableContainer\">\n<div class=\"group TyagGW_tableWrapper flex flex-col-reverse w-fit\" tabindex=\"-1\">\n<table class=\"w-fit min-w-(--thread-content-width)\" data-start=\"1474\" data-end=\"1879\">\n<thead data-start=\"1474\" data-end=\"1495\">\n<tr data-start=\"1474\" data-end=\"1495\">\n<th class=\"\" data-start=\"1474\" data-end=\"1486\" data-col-size=\"sm\">Parametre<\/th>\n<th class=\"\" data-start=\"1486\" data-end=\"1495\" data-col-size=\"sm\">De\u011fer<\/th>\n<\/tr>\n<\/thead>\n<tbody data-start=\"1516\" data-end=\"1879\">\n<tr data-start=\"1516\" data-end=\"1541\">\n<td data-start=\"1516\" data-end=\"1532\" data-col-size=\"sm\">Rulman Modeli<\/td>\n<td data-start=\"1532\" data-end=\"1541\" data-col-size=\"sm\">NU205<\/td>\n<\/tr>\n<tr data-start=\"1542\" data-end=\"1572\">\n<td data-start=\"1542\" data-end=\"1563\" data-col-size=\"sm\">\u0130\u00e7 \u00c7ap (d)<\/td>\n<td data-start=\"1563\" data-end=\"1572\" data-col-size=\"sm\">25 mm<\/td>\n<\/tr>\n<tr data-start=\"1573\" data-end=\"1603\">\n<td data-start=\"1573\" data-end=\"1594\" data-col-size=\"sm\">D\u0131\u015f \u00c7ap (D)<\/td>\n<td data-start=\"1594\" data-end=\"1603\" data-col-size=\"sm\">52 mm<\/td>\n<\/tr>\n<tr data-start=\"1604\" data-end=\"1625\">\n<td data-start=\"1604\" data-end=\"1616\" data-col-size=\"sm\">Geni\u015flik (B)<\/td>\n<td data-start=\"1616\" data-end=\"1625\" data-col-size=\"sm\">15 mm<\/td>\n<\/tr>\n<tr data-start=\"1626\" data-end=\"1681\">\n<td data-start=\"1626\" data-end=\"1641\" data-col-size=\"sm\">Rulman Tipi<\/td>\n<td data-col-size=\"sm\" data-start=\"1641\" data-end=\"1681\">Cylindrical Roller Bearing (NU Type)<\/td>\n<\/tr>\n<tr data-start=\"1682\" data-end=\"1727\">\n<td data-start=\"1682\" data-end=\"1693\" data-col-size=\"sm\">Malzeme<\/td>\n<td data-start=\"1693\" data-end=\"1727\" data-col-size=\"sm\">Krom \u00c7elik \/ Paslanmaz \u00c7elik<\/td>\n<\/tr>\n<tr data-start=\"1728\" data-end=\"1769\">\n<td data-start=\"1728\" data-end=\"1744\" data-col-size=\"sm\">Kafes Malzemesi<\/td>\n<td data-start=\"1744\" data-end=\"1769\" data-col-size=\"sm\">\u00c7elik \/ Pirin\u00e7 \/ Naylon<\/td>\n<\/tr>\n<tr data-start=\"1770\" data-end=\"1800\">\n<td data-start=\"1770\" data-end=\"1784\" data-col-size=\"sm\">Ya\u011flama<\/td>\n<td data-start=\"1784\" data-end=\"1800\" data-col-size=\"sm\">Ya\u011f \/ Ya\u011flama<\/td>\n<\/tr>\n<tr data-start=\"1801\" data-end=\"1836\">\n<td data-start=\"1801\" data-end=\"1820\" data-col-size=\"sm\">Hassasiyet S\u0131n\u0131f\u0131<\/td>\n<td data-start=\"1820\" data-end=\"1836\" data-col-size=\"sm\">P0 \/ P6 \/ P5<\/td>\n<\/tr>\n<tr data-start=\"1837\" data-end=\"1879\">\n<td data-start=\"1837\" data-end=\"1861\" data-col-size=\"sm\">\u00c7al\u0131\u015fma S\u0131cakl\u0131\u011f\u0131<\/td>\n<td data-start=\"1861\" data-end=\"1879\" data-col-size=\"sm\">-20\u00b0C ile 120\u00b0C<\/td>\n<\/tr>\n<\/tbody>\n<\/table>\n<\/div>\n<\/div>\n<h1 data-section-id=\"1p00fbj\" data-start=\"1886\" data-end=\"1904\"><span role=\"text\"><strong data-start=\"1888\" data-end=\"1904\">Uygulamalar<\/strong><\/span><\/h1>\n<p data-start=\"1906\" data-end=\"1961\">The NU205 cylindrical roller bearing is widely used in:<\/p>\n<ul data-start=\"1963\" data-end=\"2143\">\n<li data-section-id=\"19ja8o\" data-start=\"1963\" data-end=\"1997\">Elektrik motorlar\u0131 ve jenerat\u00f6rler<\/li>\n<li data-section-id=\"15oirsh\" data-start=\"1998\" data-end=\"2036\">Di\u015fliler ve \u015fanz\u0131man sistemleri<\/li>\n<li data-section-id=\"1052t9j\" data-start=\"2037\" data-end=\"2073\">Industrial pumps and compressors<\/li>\n<li data-section-id=\"1hksgdi\" data-start=\"2074\" data-end=\"2091\">Machine tools<\/li>\n<li data-section-id=\"176s2ln\" data-start=\"2092\" data-end=\"2112\">Konvey\u00f6r sistemleri<\/li>\n<li data-section-id=\"8rhpae\" data-start=\"2113\" data-end=\"2143\">Heavy industrial equipment<\/li>\n<\/ul>\n<h1 data-section-id=\"zdmnob\" data-start=\"2150\" data-end=\"2169\"><span role=\"text\"><strong data-start=\"2152\" data-end=\"2169\">Neden Bizi Se\u00e7melisiniz<\/strong><\/span><\/h1>\n<ul data-start=\"2171\" data-end=\"2380\">\n<li data-section-id=\"19q7jog\" data-start=\"2171\" data-end=\"2216\">Factory direct supply with stable quality<\/li>\n<li data-section-id=\"1h0w0om\" data-start=\"2217\" data-end=\"2259\">OEM ve \u00f6zelle\u015ftirilmi\u015f \u00e7\u00f6z\u00fcmler mevcuttur<\/li>\n<li data-section-id=\"14z99ux\" data-start=\"2260\" data-end=\"2306\">High load-bearing manufacturing capability<\/li>\n<li data-section-id=\"s44wzj\" data-start=\"2307\" data-end=\"2331\">H\u0131zl\u0131 k\u00fcresel teslimat<\/li>\n<li data-section-id=\"1kx8zsp\" data-start=\"2332\" data-end=\"2380\">S\u0131k\u0131 denetim ve kalite kontrol sistemi<\/li>\n<\/ul>\n<h1 data-section-id=\"1iusff4\" data-start=\"2387\" data-end=\"2396\"><span role=\"text\"><strong data-start=\"2389\" data-end=\"2396\">SSS<\/strong><\/span><\/h1>\n<p data-start=\"2398\" data-end=\"2600\"><strong data-start=\"2398\" data-end=\"2467\">Q1: What is the advantage of NU type cylindrical roller bearings?<\/strong><br data-start=\"2467\" data-end=\"2470\" \/>A: NU type bearings allow axial movement of the shaft in one direction, which helps compensate for thermal expansion in machinery.<\/p>\n<p data-start=\"2602\" data-end=\"2738\"><strong data-start=\"2602\" data-end=\"2639\">Q2: Can NU205 handle heavy loads?<\/strong><br data-start=\"2639\" data-end=\"2642\" \/>A: Yes, cylindrical roller bearings are specifically designed for high radial load applications.<\/p>\n<p data-start=\"2740\" data-end=\"2886\"><strong data-start=\"2740\" data-end=\"2792\">Q3: Do you offer stainless steel NU205 bearings?<\/strong><br data-start=\"2792\" data-end=\"2795\" \/>A: Yes, stainless steel and custom material options are available for special environments.<\/p>","protected":false},"excerpt":{"rendered":"<p>Bu <strong data-start=\"370\" data-end=\"406\">NU205 Cylindrical Roller Bearing<\/strong> is a high-performance industrial bearing designed to support heavy radial loads while allowing axial displacement in one direction. Its cylindrical roller design provides excellent rigidity, low friction, and high load-carrying capacity, making it ideal for demanding mechanical systems.<\/p>","protected":false},"featured_media":2592,"comment_status":"open","ping_status":"closed","template":"","meta":{"site-sidebar-layout":"default","site-content-layout":"","ast-site-content-layout":"default","site-content-style":"default","site-sidebar-style":"default","ast-global-header-display":"","ast-banner-title-visibility":"","ast-main-header-display":"","ast-hfb-above-header-display":"","ast-hfb-below-header-display":"","ast-hfb-mobile-header-display":"","site-post-title":"","ast-breadcrumbs-content":"","ast-featured-img":"","footer-sml-layout":"","ast-disable-related-posts":"","theme-transparent-header-meta":"default","adv-header-id-meta":"","stick-header-meta":"default","header-above-stick-meta":"","header-main-stick-meta":"","header-below-stick-meta":"","astra-migrate-meta-layouts":"set","ast-page-background-enabled":"default","ast-page-background-meta":{"desktop":{"background-color":"","background-image":"","background-repeat":"repeat","background-position":"center center","background-size":"auto","background-attachment":"scroll","background-type":"","background-media":"","overlay-type":"","overlay-color":"","overlay-opacity":"","overlay-gradient":""},"tablet":{"background-color":"","background-image":"","background-repeat":"repeat","background-position":"center center","background-size":"auto","background-attachment":"scroll","background-type":"","background-media":"","overlay-type":"","overlay-color":"","overlay-opacity":"","overlay-gradient":""},"mobile":{"background-color":"","background-image":"","background-repeat":"repeat","background-position":"center center","background-size":"auto","background-attachment":"scroll","background-type":"","background-media":"","overlay-type":"","overlay-color":"","overlay-opacity":"","overlay-gradient":""}},"ast-content-background-meta":{"desktop":{"background-color":"var(--ast-global-color-5)","background-image":"","background-repeat":"repeat","background-position":"center center","background-size":"auto","background-attachment":"scroll","background-type":"","background-media":"","overlay-type":"","overlay-color":"","overlay-opacity":"","overlay-gradient":""},"tablet":{"background-color":"var(--ast-global-color-5)","background-image":"","background-repeat":"repeat","background-position":"center center","background-size":"auto","background-attachment":"scroll","background-type":"","background-media":"","overlay-type":"","overlay-color":"","overlay-opacity":"","overlay-gradient":""},"mobile":{"background-color":"var(--ast-global-color-5)","background-image":"","background-repeat":"repeat","background-position":"center center","background-size":"auto","background-attachment":"scroll","background-type":"","background-media":"","overlay-type":"","overlay-color":"","overlay-opacity":"","overlay-gradient":""}}},"product_brand":[],"product_cat":[25],"product_tag":[139,78,51,45,38,140,138,47,63,133],"class_list":{"0":"post-2405","1":"product","2":"type-product","3":"status-publish","4":"has-post-thumbnail","6":"product_cat-cylindrical-roller-bearings","7":"product_tag-cylindrical-roller-bearing","8":"product_tag-gearbox-bearing","9":"product_tag-high-load-bearing","10":"product_tag-industrial-bearing","11":"product_tag-motor-bearing","12":"product_tag-nu-series-bearing","13":"product_tag-nu205-bearing","14":"product_tag-oem-bearing-manufacturer","15":"product_tag-precision-bearing","16":"product_tag-roller-bearing-supplier","17":"desktop-align-left","18":"tablet-align-left","19":"mobile-align-left","20":"ast-product-gallery-layout-horizontal-slider","21":"ast-product-gallery-with-no-image","22":"ast-product-tabs-layout-horizontal","24":"first","25":"instock","26":"shipping-taxable","27":"product-type-simple"},"_links":{"self":[{"href":"https:\/\/www.machinerybearings.com\/tr\/wp-json\/wp\/v2\/product\/2405","targetHints":{"allow":["GET"]}}],"collection":[{"href":"https:\/\/www.machinerybearings.com\/tr\/wp-json\/wp\/v2\/product"}],"about":[{"href":"https:\/\/www.machinerybearings.com\/tr\/wp-json\/wp\/v2\/types\/product"}],"replies":[{"embeddable":true,"href":"https:\/\/www.machinerybearings.com\/tr\/wp-json\/wp\/v2\/comments?post=2405"}],"wp:featuredmedia":[{"embeddable":true,"href":"https:\/\/www.machinerybearings.com\/tr\/wp-json\/wp\/v2\/media\/2592"}],"wp:attachment":[{"href":"https:\/\/www.machinerybearings.com\/tr\/wp-json\/wp\/v2\/media?parent=2405"}],"wp:term":[{"taxonomy":"product_brand","embeddable":true,"href":"https:\/\/www.machinerybearings.com\/tr\/wp-json\/wp\/v2\/product_brand?post=2405"},{"taxonomy":"product_cat","embeddable":true,"href":"https:\/\/www.machinerybearings.com\/tr\/wp-json\/wp\/v2\/product_cat?post=2405"},{"taxonomy":"product_tag","embeddable":true,"href":"https:\/\/www.machinerybearings.com\/tr\/wp-json\/wp\/v2\/product_tag?post=2405"}],"curies":[{"name":"wp","href":"https:\/\/api.w.org\/{rel}","templated":true}]}}