{"id":2417,"date":"2026-04-12T15:04:02","date_gmt":"2026-04-12T15:04:02","guid":{"rendered":"https:\/\/www.machinerybearings.com\/?post_type=product&#038;p=2417"},"modified":"2026-04-12T15:04:02","modified_gmt":"2026-04-12T15:04:02","slug":"uc205-insert-bearing-self-aligning-pillow-block-bearing-for-agricultural-industrial-applications","status":"publish","type":"product","link":"https:\/\/www.machinerybearings.com\/tr\/urun\/uc205-insert-bearing-self-aligning-pillow-block-bearing-for-agricultural-industrial-applications\/","title":{"rendered":"UC205 Takma Rulman \u2013 Tar\u0131msal ve End\u00fcstriyel Uygulamalar i\u00e7in Kendili\u011finden Hizalanan Yast\u0131k Blok Rulman\u0131"},"content":{"rendered":"<p data-start=\"361\" data-end=\"638\">Bu <strong data-start=\"365\" data-end=\"389\">UC205 Insert Bearing<\/strong> is a self-aligning ball bearing designed for use in pillow block housing units. It features a spherical outer surface that allows easy alignment inside the housing, making installation simple and reducing shaft misalignment issues during operation.<\/p>\n<p data-start=\"640\" data-end=\"969\">Manufactured from high-quality chrome steel and available in stainless steel versions, the UC205 bearing provides smooth rotation, strong load capacity, and long service life. It is commonly used in agricultural machinery, conveyor systems, and general industrial equipment where reliable mounted bearing performance is required.<\/p>\n<p data-start=\"971\" data-end=\"1129\">The UC series insert bearings are designed for easy replacement and maintenance, making them a cost-effective solution for a wide range of mechanical systems.<\/p>\n<h1 data-section-id=\"8av2ty\" data-start=\"1136\" data-end=\"1154\"><span role=\"text\"><strong data-start=\"1138\" data-end=\"1154\">Ana \u00d6zellikler<\/strong><\/span><\/h1>\n<ul data-start=\"1156\" data-end=\"1488\">\n<li data-section-id=\"1h0ns4x\" data-start=\"1156\" data-end=\"1204\">Self-aligning spherical outer surface design<\/li>\n<li data-section-id=\"1sayxmv\" data-start=\"1205\" data-end=\"1251\">Easy installation in pillow block housings<\/li>\n<li data-section-id=\"1owb0yh\" data-start=\"1252\" data-end=\"1304\">Y\u00fcksek radyal y\u00fck kapasitesi ve kararl\u0131 performans<\/li>\n<li data-section-id=\"1lzu0yl\" data-start=\"1305\" data-end=\"1344\">Kolay bak\u0131m i\u00e7in \u00f6nceden ya\u011flanm\u0131\u015f<\/li>\n<li data-section-id=\"i60re3\" data-start=\"1345\" data-end=\"1395\">Sealed design for dust and moisture protection<\/li>\n<li data-section-id=\"1xt49vj\" data-start=\"1396\" data-end=\"1440\">Long service life and reliable operation<\/li>\n<li data-section-id=\"17mztoy\" data-start=\"1441\" data-end=\"1488\">Suitable for standard UC pillow block units<\/li>\n<\/ul>\n<h1 data-section-id=\"10k15yz\" data-start=\"1495\" data-end=\"1525\"><span role=\"text\"><strong data-start=\"1497\" data-end=\"1525\">Teknik \u00d6zellikler<\/strong><\/span><\/h1>\n<div class=\"TyagGW_tableContainer\">\n<div class=\"group TyagGW_tableWrapper flex flex-col-reverse w-fit\" tabindex=\"-1\">\n<table class=\"w-fit min-w-(--thread-content-width)\" data-start=\"1527\" data-end=\"1942\">\n<thead data-start=\"1527\" data-end=\"1548\">\n<tr data-start=\"1527\" data-end=\"1548\">\n<th class=\"\" data-start=\"1527\" data-end=\"1539\" data-col-size=\"sm\">Parametre<\/th>\n<th class=\"\" data-start=\"1539\" data-end=\"1548\" data-col-size=\"sm\">De\u011fer<\/th>\n<\/tr>\n<\/thead>\n<tbody data-start=\"1569\" data-end=\"1942\">\n<tr data-start=\"1569\" data-end=\"1594\">\n<td data-start=\"1569\" data-end=\"1585\" data-col-size=\"sm\">Rulman Modeli<\/td>\n<td data-col-size=\"sm\" data-start=\"1585\" data-end=\"1594\">UC205<\/td>\n<\/tr>\n<tr data-start=\"1595\" data-end=\"1625\">\n<td data-start=\"1595\" data-end=\"1616\" data-col-size=\"sm\">\u0130\u00e7 \u00c7ap (d)<\/td>\n<td data-start=\"1616\" data-end=\"1625\" data-col-size=\"sm\">25 mm<\/td>\n<\/tr>\n<tr data-start=\"1626\" data-end=\"1656\">\n<td data-start=\"1626\" data-end=\"1647\" data-col-size=\"sm\">D\u0131\u015f \u00c7ap (D)<\/td>\n<td data-start=\"1647\" data-end=\"1656\" data-col-size=\"sm\">52 mm<\/td>\n<\/tr>\n<tr data-start=\"1657\" data-end=\"1680\">\n<td data-start=\"1657\" data-end=\"1669\" data-col-size=\"sm\">Geni\u015flik (B)<\/td>\n<td data-start=\"1669\" data-end=\"1680\" data-col-size=\"sm\">34.1 mm<\/td>\n<\/tr>\n<tr data-start=\"1681\" data-end=\"1731\">\n<td data-start=\"1681\" data-end=\"1696\" data-col-size=\"sm\">Rulman Tipi<\/td>\n<td data-start=\"1696\" data-end=\"1731\" data-col-size=\"sm\">Insert Ball Bearing (UC Series)<\/td>\n<\/tr>\n<tr data-start=\"1732\" data-end=\"1777\">\n<td data-start=\"1732\" data-end=\"1743\" data-col-size=\"sm\">Malzeme<\/td>\n<td data-start=\"1743\" data-end=\"1777\" data-col-size=\"sm\">Krom \u00c7elik \/ Paslanmaz \u00c7elik<\/td>\n<\/tr>\n<tr data-start=\"1778\" data-end=\"1831\">\n<td data-start=\"1778\" data-end=\"1802\" data-col-size=\"sm\">Konut Uyumlulu\u011fu<\/td>\n<td data-col-size=\"sm\" data-start=\"1802\" data-end=\"1831\">UCP205 \/ UCF205 \/ UCFL205<\/td>\n<\/tr>\n<tr data-start=\"1832\" data-end=\"1869\">\n<td data-start=\"1832\" data-end=\"1847\" data-col-size=\"sm\">S\u0131zd\u0131rmazl\u0131k Tipi<\/td>\n<td data-start=\"1847\" data-end=\"1869\" data-col-size=\"sm\">Rubber Seals (2RS)<\/td>\n<\/tr>\n<tr data-start=\"1870\" data-end=\"1899\">\n<td data-start=\"1870\" data-end=\"1884\" data-col-size=\"sm\">Ya\u011flama<\/td>\n<td data-start=\"1884\" data-end=\"1899\" data-col-size=\"sm\">\u00d6nceden ya\u011flanm\u0131\u015f<\/td>\n<\/tr>\n<tr data-start=\"1900\" data-end=\"1942\">\n<td data-start=\"1900\" data-end=\"1924\" data-col-size=\"sm\">\u00c7al\u0131\u015fma S\u0131cakl\u0131\u011f\u0131<\/td>\n<td data-start=\"1924\" data-end=\"1942\" data-col-size=\"sm\">-20\u00b0C ile 120\u00b0C<\/td>\n<\/tr>\n<\/tbody>\n<\/table>\n<\/div>\n<\/div>\n<h1 data-section-id=\"1p00fbj\" data-start=\"1949\" data-end=\"1967\"><span role=\"text\"><strong data-start=\"1951\" data-end=\"1967\">Uygulamalar<\/strong><\/span><\/h1>\n<p data-start=\"1969\" data-end=\"2012\">The UC205 insert bearing is widely used in:<\/p>\n<ul data-start=\"2014\" data-end=\"2167\">\n<li data-section-id=\"1n6ynun\" data-start=\"2014\" data-end=\"2040\">Tar\u0131m makineleri<\/li>\n<li data-section-id=\"176s2ln\" data-start=\"2041\" data-end=\"2061\">Konvey\u00f6r sistemleri<\/li>\n<li data-section-id=\"io1u9n\" data-start=\"2062\" data-end=\"2083\">Tekstil makineleri<\/li>\n<li data-section-id=\"10kou17\" data-start=\"2084\" data-end=\"2113\">Food processing equipment<\/li>\n<li data-section-id=\"1pw9ji9\" data-start=\"2114\" data-end=\"2136\">Packaging machines<\/li>\n<li data-section-id=\"25txyz\" data-start=\"2137\" data-end=\"2167\">Hafif sanayi ekipmanlar\u0131<\/li>\n<\/ul>\n<h1 data-section-id=\"zdmnob\" data-start=\"2174\" data-end=\"2193\"><span role=\"text\"><strong data-start=\"2176\" data-end=\"2193\">Neden Bizi Se\u00e7melisiniz<\/strong><\/span><\/h1>\n<ul data-start=\"2195\" data-end=\"2416\">\n<li data-section-id=\"17c68gd\" data-start=\"2195\" data-end=\"2244\">Tutarl\u0131 kalite ile stabil fabrika tedariki<\/li>\n<li data-section-id=\"f1n9gx\" data-start=\"2245\" data-end=\"2283\">OEM and custom packaging available<\/li>\n<li data-section-id=\"25hgpv\" data-start=\"2284\" data-end=\"2326\">Standart konut birimleri ile uyumlu<\/li>\n<li data-section-id=\"1ons1n2\" data-start=\"2327\" data-end=\"2367\">H\u0131zl\u0131 teslimat ve toplu sipari\u015f deste\u011fi<\/li>\n<li data-section-id=\"1kx8zsp\" data-start=\"2368\" data-end=\"2416\">S\u0131k\u0131 denetim ve kalite kontrol sistemi<\/li>\n<\/ul>\n<h1 data-section-id=\"1iusff4\" data-start=\"2423\" data-end=\"2432\"><span role=\"text\"><strong data-start=\"2425\" data-end=\"2432\">SSS<\/strong><\/span><\/h1>\n<p data-start=\"2434\" data-end=\"2597\"><strong data-start=\"2434\" data-end=\"2477\">Q1: What is an insert bearing used for?<\/strong><br data-start=\"2477\" data-end=\"2480\" \/>A: Insert bearings are used in mounted housing units to support rotating shafts with easy installation and alignment.<\/p>\n<p data-start=\"2599\" data-end=\"2735\"><strong data-start=\"2599\" data-end=\"2636\">Q2: Can UC205 be replaced easily?<\/strong><br data-start=\"2636\" data-end=\"2639\" \/>A: Yes, UC series bearings are designed for quick replacement in standard pillow block housings.<\/p>\n<p data-start=\"2737\" data-end=\"2866\"><strong data-start=\"2737\" data-end=\"2789\">Q3: Do you offer stainless steel UC205 bearings?<\/strong><br data-start=\"2789\" data-end=\"2792\" \/>A: Yes, stainless steel versions are available for corrosive environments.<\/p>","protected":false},"excerpt":{"rendered":"<p>Bu <strong data-start=\"365\" data-end=\"389\">UC205 Insert Bearing<\/strong> is a self-aligning ball bearing designed for use in pillow block housing units. It features a spherical outer surface that allows easy alignment inside the housing, making installation simple and reducing shaft misalignment issues during operation.<\/p>","protected":false},"featured_media":2599,"comment_status":"open","ping_status":"closed","template":"","meta":{"site-sidebar-layout":"default","site-content-layout":"","ast-site-content-layout":"default","site-content-style":"default","site-sidebar-style":"default","ast-global-header-display":"","ast-banner-title-visibility":"","ast-main-header-display":"","ast-hfb-above-header-display":"","ast-hfb-below-header-display":"","ast-hfb-mobile-header-display":"","site-post-title":"","ast-breadcrumbs-content":"","ast-featured-img":"","footer-sml-layout":"","ast-disable-related-posts":"","theme-transparent-header-meta":"default","adv-header-id-meta":"","stick-header-meta":"default","header-above-stick-meta":"","header-main-stick-meta":"","header-below-stick-meta":"","astra-migrate-meta-layouts":"set","ast-page-background-enabled":"default","ast-page-background-meta":{"desktop":{"background-color":"","background-image":"","background-repeat":"repeat","background-position":"center center","background-size":"auto","background-attachment":"scroll","background-type":"","background-media":"","overlay-type":"","overlay-color":"","overlay-opacity":"","overlay-gradient":""},"tablet":{"background-color":"","background-image":"","background-repeat":"repeat","background-position":"center center","background-size":"auto","background-attachment":"scroll","background-type":"","background-media":"","overlay-type":"","overlay-color":"","overlay-opacity":"","overlay-gradient":""},"mobile":{"background-color":"","background-image":"","background-repeat":"repeat","background-position":"center center","background-size":"auto","background-attachment":"scroll","background-type":"","background-media":"","overlay-type":"","overlay-color":"","overlay-opacity":"","overlay-gradient":""}},"ast-content-background-meta":{"desktop":{"background-color":"var(--ast-global-color-5)","background-image":"","background-repeat":"repeat","background-position":"center center","background-size":"auto","background-attachment":"scroll","background-type":"","background-media":"","overlay-type":"","overlay-color":"","overlay-opacity":"","overlay-gradient":""},"tablet":{"background-color":"var(--ast-global-color-5)","background-image":"","background-repeat":"repeat","background-position":"center center","background-size":"auto","background-attachment":"scroll","background-type":"","background-media":"","overlay-type":"","overlay-color":"","overlay-opacity":"","overlay-gradient":""},"mobile":{"background-color":"var(--ast-global-color-5)","background-image":"","background-repeat":"repeat","background-position":"center center","background-size":"auto","background-attachment":"scroll","background-type":"","background-media":"","overlay-type":"","overlay-color":"","overlay-opacity":"","overlay-gradient":""}}},"product_brand":[],"product_cat":[27],"product_tag":[160,161,45,156,159,72,157,162,158,155],"class_list":{"0":"post-2417","1":"product","2":"type-product","3":"status-publish","4":"has-post-thumbnail","6":"product_cat-insert-bearings","7":"product_tag-agricultural-bearing","8":"product_tag-bearing-housing-unit","9":"product_tag-industrial-bearing","10":"product_tag-insert-bearing","11":"product_tag-mounted-bearing","12":"product_tag-oem-bearing-supplier","13":"product_tag-pillow-block-bearing","14":"product_tag-self-aligning-bearing","15":"product_tag-uc-series-bearing","16":"product_tag-uc205-bearing","17":"desktop-align-left","18":"tablet-align-left","19":"mobile-align-left","20":"ast-product-gallery-layout-horizontal-slider","21":"ast-product-gallery-with-no-image","22":"ast-product-tabs-layout-horizontal","24":"first","25":"instock","26":"shipping-taxable","27":"product-type-simple"},"_links":{"self":[{"href":"https:\/\/www.machinerybearings.com\/tr\/wp-json\/wp\/v2\/product\/2417","targetHints":{"allow":["GET"]}}],"collection":[{"href":"https:\/\/www.machinerybearings.com\/tr\/wp-json\/wp\/v2\/product"}],"about":[{"href":"https:\/\/www.machinerybearings.com\/tr\/wp-json\/wp\/v2\/types\/product"}],"replies":[{"embeddable":true,"href":"https:\/\/www.machinerybearings.com\/tr\/wp-json\/wp\/v2\/comments?post=2417"}],"wp:featuredmedia":[{"embeddable":true,"href":"https:\/\/www.machinerybearings.com\/tr\/wp-json\/wp\/v2\/media\/2599"}],"wp:attachment":[{"href":"https:\/\/www.machinerybearings.com\/tr\/wp-json\/wp\/v2\/media?parent=2417"}],"wp:term":[{"taxonomy":"product_brand","embeddable":true,"href":"https:\/\/www.machinerybearings.com\/tr\/wp-json\/wp\/v2\/product_brand?post=2417"},{"taxonomy":"product_cat","embeddable":true,"href":"https:\/\/www.machinerybearings.com\/tr\/wp-json\/wp\/v2\/product_cat?post=2417"},{"taxonomy":"product_tag","embeddable":true,"href":"https:\/\/www.machinerybearings.com\/tr\/wp-json\/wp\/v2\/product_tag?post=2417"}],"curies":[{"name":"wp","href":"https:\/\/api.w.org\/{rel}","templated":true}]}}