{"id":2421,"date":"2026-04-12T15:09:40","date_gmt":"2026-04-12T15:09:40","guid":{"rendered":"https:\/\/www.machinerybearings.com\/?post_type=product&#038;p=2421"},"modified":"2026-05-04T14:05:11","modified_gmt":"2026-05-04T14:05:11","slug":"ucfl204-bearing-unit-flanged-pillow-block-insert-bearing-for-industrial-applications","status":"publish","type":"product","link":"https:\/\/www.machinerybearings.com\/tr\/urun\/ucfl204-bearing-unit-flanged-pillow-block-insert-bearing-for-industrial-applications\/","title":{"rendered":"UCFL204 Rulman \u00dcnitesi \u2013 End\u00fcstriyel Uygulamalar i\u00e7in Flan\u015fl\u0131 Yast\u0131k Blok Rulman\u0131"},"content":{"rendered":"<p data-start=\"349\" data-end=\"599\">Bu <strong data-start=\"353\" data-end=\"377\">1. UCFL204 Rulman \u00dcnitesi<\/strong> 2. UC204 insert rulman ve FL tipi 2 c\u0131vatal\u0131 flan\u015f muhafazas\u0131ndan olu\u015fan bir montajl\u0131 rulman montaj\u0131d\u0131r. <strong data-start=\"424\" data-end=\"484\">3. Kolay kurulum, stabil \u00e7al\u0131\u015fma ve kompakt end\u00fcstriyel sistemlerde g\u00fcvenilir mil deste\u011fi i\u00e7in tasarlanm\u0131\u015ft\u0131r.<\/strong>. 4. flan\u015f rulman \u00fcnitesi.<\/p>\n<p data-start=\"601\" data-end=\"928\">11. Bu rulman \u00fcnitesi, alan tasarrufu sa\u011flayan kurulum ve g\u00fcvenli flan\u015f montaj\u0131n\u0131n gerekti\u011fi makinelerde yayg\u0131n olarak kullan\u0131lmaktad\u0131r.<\/p>\n<p data-start=\"930\" data-end=\"1048\">12. Tam rulman \u00fcnitesi: UC204 insert + FL204 flan\u015f muhafazas\u0131.<\/p>\n<h1 data-section-id=\"8av2ty\" data-start=\"1055\" data-end=\"1073\"><span role=\"text\"><strong data-start=\"1057\" data-end=\"1073\">Ana \u00d6zellikler<\/strong><\/span><\/h1>\n<ul data-start=\"1075\" data-end=\"1418\">\n<li data-section-id=\"1iip39r\" data-start=\"1075\" data-end=\"1137\">13. Kolay montaj i\u00e7in 2 c\u0131vatal\u0131 flan\u015f tasar\u0131m\u0131<\/li>\n<li data-section-id=\"c8j627\" data-start=\"1138\" data-end=\"1180\">14. Kendili\u011finden hizalanan yap\u0131, kurulum hatalar\u0131n\u0131 azalt\u0131r<\/li>\n<li data-section-id=\"1htcgf9\" data-start=\"1181\" data-end=\"1236\">15. Bak\u0131m gerektirmeyen \u00e7al\u0131\u015fma i\u00e7in \u00f6nceden ya\u011flanm\u0131\u015ft\u0131r<\/li>\n<li data-section-id=\"hz8ven\" data-start=\"1237\" data-end=\"1286\">16. Dayan\u0131kl\u0131l\u0131k i\u00e7in g\u00fc\u00e7l\u00fc d\u00f6kme demir muhafaza<\/li>\n<li data-section-id=\"50mpjz\" data-start=\"1287\" data-end=\"1330\">17. Stabil performans ile p\u00fcr\u00fczs\u00fcz \u00e7al\u0131\u015fma<\/li>\n<li data-section-id=\"1sh2lpk\" data-start=\"1331\" data-end=\"1375\">18. UCFL204<\/li>\n<li data-section-id=\"1398rv\" data-start=\"1376\" data-end=\"1418\">S\u00fcrekli end\u00fcstriyel kullan\u0131m i\u00e7in uygundur<\/li>\n<\/ul>\n<h1 data-section-id=\"10k15yz\" data-start=\"1425\" data-end=\"1455\"><span role=\"text\"><strong data-start=\"1427\" data-end=\"1455\">Teknik \u00d6zellikler<\/strong><\/span><\/h1>\n<div class=\"TyagGW_tableContainer\">\n<div class=\"group TyagGW_tableWrapper flex flex-col-reverse w-fit\" tabindex=\"-1\">\n<table class=\"w-fit min-w-(--thread-content-width)\" data-start=\"1457\" data-end=\"1828\">\n<thead data-start=\"1457\" data-end=\"1478\">\n<tr data-start=\"1457\" data-end=\"1478\">\n<th class=\"\" data-start=\"1457\" data-end=\"1469\" data-col-size=\"sm\">Parametre<\/th>\n<th class=\"\" data-start=\"1469\" data-end=\"1478\" data-col-size=\"md\">De\u011fer<\/th>\n<\/tr>\n<\/thead>\n<tbody data-start=\"1499\" data-end=\"1828\">\n<tr data-start=\"1499\" data-end=\"1526\">\n<td data-start=\"1499\" data-end=\"1515\" data-col-size=\"sm\">Rulman Modeli<\/td>\n<td data-start=\"1515\" data-end=\"1526\" data-col-size=\"md\">19. UC204<\/td>\n<\/tr>\n<tr data-start=\"1527\" data-end=\"1553\">\n<td data-start=\"1527\" data-end=\"1544\" data-col-size=\"sm\">Takviye Rulman\u0131<\/td>\n<td data-start=\"1544\" data-end=\"1553\" data-col-size=\"md\">UC204<\/td>\n<\/tr>\n<tr data-start=\"1554\" data-end=\"1594\">\n<td data-start=\"1554\" data-end=\"1569\" data-col-size=\"sm\">Muhafaza Tipi<\/td>\n<td data-start=\"1569\" data-end=\"1594\" data-col-size=\"md\">FL 2-bolt flan\u015f \u00fcnitesi<\/td>\n<\/tr>\n<tr data-start=\"1595\" data-end=\"1621\">\n<td data-start=\"1595\" data-end=\"1612\" data-col-size=\"sm\">Mil \u00c7ap\u0131<\/td>\n<td data-start=\"1612\" data-end=\"1621\" data-col-size=\"md\">20 mm<\/td>\n<\/tr>\n<tr data-start=\"1622\" data-end=\"1681\">\n<td data-start=\"1622\" data-end=\"1633\" data-col-size=\"sm\">Malzeme<\/td>\n<td data-start=\"1633\" data-end=\"1681\" data-col-size=\"md\">Krom \u00c7elik (rulman) \/ D\u00f6kme Demir (g\u00f6vde)<\/td>\n<\/tr>\n<tr data-start=\"1682\" data-end=\"1720\">\n<td data-start=\"1682\" data-end=\"1697\" data-col-size=\"sm\">S\u0131zd\u0131rmazl\u0131k Tipi<\/td>\n<td data-start=\"1697\" data-end=\"1720\" data-col-size=\"md\">Kau\u00e7uk s\u0131zd\u0131rmaz (2RS)<\/td>\n<\/tr>\n<tr data-start=\"1721\" data-end=\"1750\">\n<td data-start=\"1721\" data-end=\"1735\" data-col-size=\"sm\">Ya\u011flama<\/td>\n<td data-start=\"1735\" data-end=\"1750\" data-col-size=\"md\">\u00d6nceden ya\u011flanm\u0131\u015f<\/td>\n<\/tr>\n<tr data-start=\"1751\" data-end=\"1785\">\n<td data-start=\"1751\" data-end=\"1767\" data-col-size=\"sm\">Montaj Tipi<\/td>\n<td data-start=\"1767\" data-end=\"1785\" data-col-size=\"md\">Flan\u015f montajl\u0131<\/td>\n<\/tr>\n<tr data-start=\"1786\" data-end=\"1828\">\n<td data-start=\"1786\" data-end=\"1810\" data-col-size=\"sm\">\u00c7al\u0131\u015fma S\u0131cakl\u0131\u011f\u0131<\/td>\n<td data-start=\"1810\" data-end=\"1828\" data-col-size=\"md\">-20\u00b0C ile 120\u00b0C<\/td>\n<\/tr>\n<\/tbody>\n<\/table>\n<\/div>\n<\/div>\n<h1 data-section-id=\"1p00fbj\" data-start=\"1835\" data-end=\"1853\"><span role=\"text\"><strong data-start=\"1837\" data-end=\"1853\">Uygulamalar<\/strong><\/span><\/h1>\n<p data-start=\"1855\" data-end=\"1898\">UCFL204 rulman \u00fcnitesi geni\u015f bir \u015fekilde kullan\u0131lmaktad\u0131r:<\/p>\n<ul data-start=\"1900\" data-end=\"2062\">\n<li data-section-id=\"176s2ln\" data-start=\"1900\" data-end=\"1920\">Konvey\u00f6r sistemleri<\/li>\n<li data-section-id=\"1n6ynun\" data-start=\"1921\" data-end=\"1947\">Tar\u0131m makineleri<\/li>\n<li data-section-id=\"1htpp6l\" data-start=\"1948\" data-end=\"1971\">Ambalaj ekipmanlar\u0131<\/li>\n<li data-section-id=\"i9rybb\" data-start=\"1972\" data-end=\"2000\">G\u0131da i\u015fleme makineleri<\/li>\n<li data-section-id=\"io1u9n\" data-start=\"2001\" data-end=\"2022\">Tekstil makineleri<\/li>\n<li data-section-id=\"1rjvugo\" data-start=\"2023\" data-end=\"2062\">Hafif end\u00fcstriyel otomasyon sistemleri<\/li>\n<\/ul>\n<h1 data-section-id=\"zdmnob\" data-start=\"2069\" data-end=\"2088\"><span role=\"text\"><strong data-start=\"2071\" data-end=\"2088\">Neden Bizi Se\u00e7melisiniz<\/strong><\/span><\/h1>\n<ul data-start=\"2090\" data-end=\"2300\">\n<li data-section-id=\"17c68gd\" data-start=\"2090\" data-end=\"2139\">Tutarl\u0131 kalite ile stabil fabrika tedariki<\/li>\n<li data-section-id=\"u89jr3\" data-start=\"2140\" data-end=\"2184\">OEM ve \u00f6zel g\u00f6vde se\u00e7enekleri mevcuttur<\/li>\n<li data-section-id=\"fwknz2\" data-start=\"2185\" data-end=\"2224\">Standart UCFL \u00fcniteleri ile uyumludur<\/li>\n<li data-section-id=\"g74bia\" data-start=\"2225\" data-end=\"2258\">Toplu sipari\u015fler i\u00e7in h\u0131zl\u0131 teslimat<\/li>\n<li data-section-id=\"1u6ytj0\" data-start=\"2259\" data-end=\"2300\">S\u0131k\u0131 denetim ve kalite kontrol<\/li>\n<\/ul>\n<h1 data-section-id=\"1iusff4\" data-start=\"2307\" data-end=\"2316\"><span role=\"text\"><strong data-start=\"2309\" data-end=\"2316\">SSS<\/strong><\/span><\/h1>\n<p data-start=\"2318\" data-end=\"2475\"><strong data-start=\"2318\" data-end=\"2354\">S1: UCFL rulman \u00fcnitesi nedir?<\/strong><br data-start=\"2354\" data-end=\"2357\" \/>C: Kolay kurulum i\u00e7in bir UC yerle\u015ftirme rulman\u0131 ve bir flan\u015f g\u00f6vdesinden olu\u015fan tam montajl\u0131 bir rulman \u00fcnitesidir.<\/p>\n<p data-start=\"2477\" data-end=\"2593\"><strong data-start=\"2477\" data-end=\"2516\">S2: UCFL204 kolayca de\u011fi\u015ftirilebilir mi?<\/strong><br data-start=\"2516\" data-end=\"2519\" \/>C: Evet, flan\u015f montajl\u0131 sistemlerde standart de\u011fi\u015fim i\u00e7in tasarlanm\u0131\u015ft\u0131r.<\/p>\n<p data-start=\"2595\" data-end=\"2710\"><strong data-start=\"2595\" data-end=\"2641\">S3: Tozlu ortamlar i\u00e7in uygun mu?<\/strong><br data-start=\"2641\" data-end=\"2644\" \/>C: Evet, s\u0131zd\u0131rmaz tasar\u0131m toz ve nemden korumaya yard\u0131mc\u0131 olur.<\/p>","protected":false},"excerpt":{"rendered":"<p>Bu <strong data-start=\"353\" data-end=\"377\">1. UCFL204 Rulman \u00dcnitesi<\/strong> 2. UC204 insert rulman ve FL tipi 2 c\u0131vatal\u0131 flan\u015f muhafazas\u0131ndan olu\u015fan bir montajl\u0131 rulman montaj\u0131d\u0131r. <strong data-start=\"424\" data-end=\"484\">3. Kolay kurulum, stabil \u00e7al\u0131\u015fma ve kompakt end\u00fcstriyel sistemlerde g\u00fcvenilir mil deste\u011fi i\u00e7in tasarlanm\u0131\u015ft\u0131r.<\/strong>. 4. flan\u015f rulman \u00fcnitesi.<\/p>","protected":false},"featured_media":2601,"comment_status":"open","ping_status":"closed","template":"","meta":{"site-sidebar-layout":"default","site-content-layout":"","ast-site-content-layout":"default","site-content-style":"default","site-sidebar-style":"default","ast-global-header-display":"","ast-banner-title-visibility":"","ast-main-header-display":"","ast-hfb-above-header-display":"","ast-hfb-below-header-display":"","ast-hfb-mobile-header-display":"","site-post-title":"","ast-breadcrumbs-content":"","ast-featured-img":"","footer-sml-layout":"","ast-disable-related-posts":"","theme-transparent-header-meta":"default","adv-header-id-meta":"","stick-header-meta":"default","header-above-stick-meta":"","header-main-stick-meta":"","header-below-stick-meta":"","astra-migrate-meta-layouts":"set","ast-page-background-enabled":"default","ast-page-background-meta":{"desktop":{"background-color":"","background-image":"","background-repeat":"repeat","background-position":"center center","background-size":"auto","background-attachment":"scroll","background-type":"","background-media":"","overlay-type":"","overlay-color":"","overlay-opacity":"","overlay-gradient":""},"tablet":{"background-color":"","background-image":"","background-repeat":"repeat","background-position":"center center","background-size":"auto","background-attachment":"scroll","background-type":"","background-media":"","overlay-type":"","overlay-color":"","overlay-opacity":"","overlay-gradient":""},"mobile":{"background-color":"","background-image":"","background-repeat":"repeat","background-position":"center center","background-size":"auto","background-attachment":"scroll","background-type":"","background-media":"","overlay-type":"","overlay-color":"","overlay-opacity":"","overlay-gradient":""}},"ast-content-background-meta":{"desktop":{"background-color":"var(--ast-global-color-5)","background-image":"","background-repeat":"repeat","background-position":"center center","background-size":"auto","background-attachment":"scroll","background-type":"","background-media":"","overlay-type":"","overlay-color":"","overlay-opacity":"","overlay-gradient":""},"tablet":{"background-color":"var(--ast-global-color-5)","background-image":"","background-repeat":"repeat","background-position":"center center","background-size":"auto","background-attachment":"scroll","background-type":"","background-media":"","overlay-type":"","overlay-color":"","overlay-opacity":"","overlay-gradient":""},"mobile":{"background-color":"var(--ast-global-color-5)","background-image":"","background-repeat":"repeat","background-position":"center center","background-size":"auto","background-attachment":"scroll","background-type":"","background-media":"","overlay-type":"","overlay-color":"","overlay-opacity":"","overlay-gradient":""}}},"product_brand":[],"product_cat":[27],"product_tag":[165,169,45,167,72,157,162,166,168,164],"class_list":{"0":"post-2421","1":"product","2":"type-product","3":"status-publish","4":"has-post-thumbnail","6":"product_cat-insert-bearings","7":"product_tag-flange-bearing-unit","8":"product_tag-flange-mounted-bearing","9":"product_tag-industrial-bearing","10":"product_tag-mounted-bearing-unit","11":"product_tag-oem-bearing-supplier","12":"product_tag-pillow-block-bearing","13":"product_tag-self-aligning-bearing","14":"product_tag-uc-insert-bearing","15":"product_tag-ucfl-housing-bearing","16":"product_tag-ucfl204-bearing","17":"desktop-align-left","18":"tablet-align-left","19":"mobile-align-left","20":"ast-product-gallery-layout-horizontal-slider","21":"ast-product-gallery-with-no-image","22":"ast-product-tabs-layout-horizontal","24":"first","25":"instock","26":"shipping-taxable","27":"product-type-simple"},"_links":{"self":[{"href":"https:\/\/www.machinerybearings.com\/tr\/wp-json\/wp\/v2\/product\/2421","targetHints":{"allow":["GET"]}}],"collection":[{"href":"https:\/\/www.machinerybearings.com\/tr\/wp-json\/wp\/v2\/product"}],"about":[{"href":"https:\/\/www.machinerybearings.com\/tr\/wp-json\/wp\/v2\/types\/product"}],"replies":[{"embeddable":true,"href":"https:\/\/www.machinerybearings.com\/tr\/wp-json\/wp\/v2\/comments?post=2421"}],"wp:featuredmedia":[{"embeddable":true,"href":"https:\/\/www.machinerybearings.com\/tr\/wp-json\/wp\/v2\/media\/2601"}],"wp:attachment":[{"href":"https:\/\/www.machinerybearings.com\/tr\/wp-json\/wp\/v2\/media?parent=2421"}],"wp:term":[{"taxonomy":"product_brand","embeddable":true,"href":"https:\/\/www.machinerybearings.com\/tr\/wp-json\/wp\/v2\/product_brand?post=2421"},{"taxonomy":"product_cat","embeddable":true,"href":"https:\/\/www.machinerybearings.com\/tr\/wp-json\/wp\/v2\/product_cat?post=2421"},{"taxonomy":"product_tag","embeddable":true,"href":"https:\/\/www.machinerybearings.com\/tr\/wp-json\/wp\/v2\/product_tag?post=2421"}],"curies":[{"name":"wp","href":"https:\/\/api.w.org\/{rel}","templated":true}]}}