{"id":2422,"date":"2026-04-12T15:14:52","date_gmt":"2026-04-12T15:14:52","guid":{"rendered":"https:\/\/www.machinerybearings.com\/?post_type=product&#038;p=2422"},"modified":"2026-05-04T14:10:09","modified_gmt":"2026-05-04T14:10:09","slug":"ucp205-pillow-block-insert-bearing-unit-self-aligning-mounted-bearing-for-industrial-applications","status":"publish","type":"product","link":"https:\/\/www.machinerybearings.com\/tr\/urun\/ucp205-pillow-block-insert-bearing-unit-self-aligning-mounted-bearing-for-industrial-applications\/","title":{"rendered":"UCP205 Yast\u0131k Blok Rulman \u00dcnitesi \u2013 End\u00fcstriyel Uygulamalar i\u00e7in Kendili\u011finden Hizalanan Montajl\u0131 Rulman"},"content":{"rendered":"<p data-start=\"363\" data-end=\"674\">Bu <strong data-start=\"367\" data-end=\"410\">UCP205 Yast\u0131k Blok Takviye Rulman \u00dcnitesi<\/strong> geni\u015f bir \u015fekilde kullan\u0131lan bir montajl\u0131 rulman \u00e7\u00f6z\u00fcm\u00fcd\u00fcr ve <strong data-start=\"469\" data-end=\"529\">UC205 takviye rulman\u0131 ile P-serisi yast\u0131k blok muhafazas\u0131ndan olu\u015fur.<\/strong>. Kolay kurulum, g\u00fcvenilir mil deste\u011fi ve geni\u015f bir end\u00fcstriyel ve tar\u0131msal uygulama yelpazesinde kararl\u0131 \u00e7al\u0131\u015fma i\u00e7in tasarlanm\u0131\u015ft\u0131r.<\/p>\n<p data-start=\"676\" data-end=\"1021\">UC205 takviye rulman\u0131, muhafaza i\u00e7inde kendili\u011finden hizalanmay\u0131 sa\u011flayan k\u00fcresel bir d\u0131\u015f y\u00fczeye sahiptir, bu da mil hizas\u0131ndaki hatalar\u0131 telafi etmeye ve kurulum stresini azaltmaya yard\u0131mc\u0131 olur. G\u00fc\u00e7l\u00fc d\u00f6kme demir yast\u0131k blok muhafazas\u0131 ile birle\u015ftirildi\u011finde, UCP205 \u00fcnitesi s\u00fcrekli y\u00fck ko\u015fullar\u0131nda bile m\u00fckemmel dayan\u0131kl\u0131l\u0131k ve uzun hizmet \u00f6mr\u00fc sa\u011flar.<\/p>\n<p data-start=\"1023\" data-end=\"1160\">Bu rulman \u00fcnitesi \u00f6nceden ya\u011flanm\u0131\u015f ve s\u0131zd\u0131rmazd\u0131r, bu da onu d\u00fc\u015f\u00fck bak\u0131m gerektiren ve zorlu ortamlarda uzun s\u00fcreli \u00e7al\u0131\u015fmaya uygun hale getirir.<\/p>\n<h1 data-section-id=\"8av2ty\" data-start=\"1167\" data-end=\"1185\"><span role=\"text\"><strong data-start=\"1169\" data-end=\"1185\">Ana \u00d6zellikler<\/strong><\/span><\/h1>\n<ul data-start=\"1187\" data-end=\"1537\">\n<li data-section-id=\"1eo27wa\" data-start=\"1187\" data-end=\"1254\">Tam \u00fcnite: UC205 takviye rulman\u0131 + P205 yast\u0131k blok muhafazas\u0131<\/li>\n<li data-section-id=\"41j4o2\" data-start=\"1255\" data-end=\"1307\">Kendili\u011finden hizalanan tasar\u0131m, kurulum hatalar\u0131n\u0131 azalt\u0131r<\/li>\n<li data-section-id=\"g14pap\" data-start=\"1308\" data-end=\"1356\">Y\u00fcksek dayan\u0131kl\u0131l\u0131k i\u00e7in g\u00fc\u00e7l\u00fc d\u00f6kme demir muhafaza<\/li>\n<li data-section-id=\"1jun2sr\" data-start=\"1357\" data-end=\"1403\">Bak\u0131m gerektirmeyen \u00e7al\u0131\u015fma i\u00e7in \u00f6nceden greslenmi\u015ftir<\/li>\n<li data-section-id=\"1owb0yh\" data-start=\"1404\" data-end=\"1456\">Y\u00fcksek radyal y\u00fck kapasitesi ve kararl\u0131 performans<\/li>\n<li data-section-id=\"1l42fwv\" data-start=\"1457\" data-end=\"1494\">Kolay kurulum ve de\u011fi\u015ftirme<\/li>\n<li data-section-id=\"1398rv\" data-start=\"1495\" data-end=\"1537\">S\u00fcrekli end\u00fcstriyel kullan\u0131m i\u00e7in uygundur<\/li>\n<\/ul>\n<h1 data-section-id=\"10k15yz\" data-start=\"1544\" data-end=\"1574\"><span role=\"text\"><strong data-start=\"1546\" data-end=\"1574\">Teknik \u00d6zellikler<\/strong><\/span><\/h1>\n<div class=\"TyagGW_tableContainer\">\n<div class=\"group TyagGW_tableWrapper flex flex-col-reverse w-fit\" tabindex=\"-1\">\n<table class=\"w-fit min-w-(--thread-content-width)\" data-start=\"1576\" data-end=\"1960\">\n<thead data-start=\"1576\" data-end=\"1597\">\n<tr data-start=\"1576\" data-end=\"1597\">\n<th class=\"\" data-start=\"1576\" data-end=\"1588\" data-col-size=\"sm\">Parametre<\/th>\n<th class=\"\" data-start=\"1588\" data-end=\"1597\" data-col-size=\"sm\">De\u011fer<\/th>\n<\/tr>\n<\/thead>\n<tbody data-start=\"1618\" data-end=\"1960\">\n<tr data-start=\"1618\" data-end=\"1644\">\n<td data-start=\"1618\" data-end=\"1634\" data-col-size=\"sm\">Rulman Modeli<\/td>\n<td data-start=\"1634\" data-end=\"1644\" data-col-size=\"sm\">UCP205<\/td>\n<\/tr>\n<tr data-start=\"1645\" data-end=\"1671\">\n<td data-start=\"1645\" data-end=\"1662\" data-col-size=\"sm\">Takviye Rulman\u0131<\/td>\n<td data-start=\"1662\" data-end=\"1671\" data-col-size=\"sm\">UC205<\/td>\n<\/tr>\n<tr data-start=\"1672\" data-end=\"1712\">\n<td data-start=\"1672\" data-end=\"1687\" data-col-size=\"sm\">Muhafaza Tipi<\/td>\n<td data-start=\"1687\" data-end=\"1712\" data-col-size=\"sm\">P-serisi yast\u0131k blok<\/td>\n<\/tr>\n<tr data-start=\"1713\" data-end=\"1739\">\n<td data-start=\"1713\" data-end=\"1730\" data-col-size=\"sm\">Mil \u00c7ap\u0131<\/td>\n<td data-start=\"1730\" data-end=\"1739\" data-col-size=\"sm\">25 mm<\/td>\n<\/tr>\n<tr data-start=\"1740\" data-end=\"1772\">\n<td data-start=\"1740\" data-end=\"1759\" data-col-size=\"sm\">Muhafaza Malzemesi<\/td>\n<td data-start=\"1759\" data-end=\"1772\" data-col-size=\"sm\">D\u00f6kme Demir<\/td>\n<\/tr>\n<tr data-start=\"1773\" data-end=\"1808\">\n<td data-start=\"1773\" data-end=\"1792\" data-col-size=\"sm\">Rulman Malzemesi<\/td>\n<td data-start=\"1792\" data-end=\"1808\" data-col-size=\"sm\">Krom \u00c7elik<\/td>\n<\/tr>\n<tr data-start=\"1809\" data-end=\"1847\">\n<td data-start=\"1809\" data-end=\"1824\" data-col-size=\"sm\">S\u0131zd\u0131rmazl\u0131k Tipi<\/td>\n<td data-start=\"1824\" data-end=\"1847\" data-col-size=\"sm\">Kau\u00e7uk s\u0131zd\u0131rmaz (2RS)<\/td>\n<\/tr>\n<tr data-start=\"1848\" data-end=\"1877\">\n<td data-start=\"1848\" data-end=\"1862\" data-col-size=\"sm\">Ya\u011flama<\/td>\n<td data-start=\"1862\" data-end=\"1877\" data-col-size=\"sm\">\u00d6nceden ya\u011flanm\u0131\u015f<\/td>\n<\/tr>\n<tr data-start=\"1878\" data-end=\"1917\">\n<td data-start=\"1878\" data-end=\"1894\" data-col-size=\"sm\">Montaj Tipi<\/td>\n<td data-start=\"1894\" data-end=\"1917\" data-col-size=\"sm\">2-bolt taban montajl\u0131<\/td>\n<\/tr>\n<tr data-start=\"1918\" data-end=\"1960\">\n<td data-start=\"1918\" data-end=\"1942\" data-col-size=\"sm\">\u00c7al\u0131\u015fma S\u0131cakl\u0131\u011f\u0131<\/td>\n<td data-start=\"1942\" data-end=\"1960\" data-col-size=\"sm\">-20\u00b0C ile 120\u00b0C<\/td>\n<\/tr>\n<\/tbody>\n<\/table>\n<\/div>\n<\/div>\n<h1 data-section-id=\"1p00fbj\" data-start=\"1967\" data-end=\"1985\"><span role=\"text\"><strong data-start=\"1969\" data-end=\"1985\">Uygulamalar<\/strong><\/span><\/h1>\n<p data-start=\"1987\" data-end=\"2042\">UCP205 yast\u0131k blo\u011fu rulman \u00fcnitesi yayg\u0131n olarak \u015funlarda kullan\u0131lmaktad\u0131r:<\/p>\n<ul data-start=\"2044\" data-end=\"2208\">\n<li data-section-id=\"176s2ln\" data-start=\"2044\" data-end=\"2064\">Konvey\u00f6r sistemleri<\/li>\n<li data-section-id=\"1n6ynun\" data-start=\"2065\" data-end=\"2091\">Tar\u0131m makineleri<\/li>\n<li data-section-id=\"1htpp6l\" data-start=\"2092\" data-end=\"2115\">Ambalaj ekipmanlar\u0131<\/li>\n<li data-section-id=\"io1u9n\" data-start=\"2116\" data-end=\"2137\">Tekstil makineleri<\/li>\n<li data-section-id=\"i9rybb\" data-start=\"2138\" data-end=\"2166\">G\u0131da i\u015fleme makineleri<\/li>\n<li data-section-id=\"1075gc1\" data-start=\"2167\" data-end=\"2208\">Hafif sanayi iletim sistemleri<\/li>\n<\/ul>\n<h1 data-section-id=\"zdmnob\" data-start=\"2215\" data-end=\"2234\"><span role=\"text\"><strong data-start=\"2217\" data-end=\"2234\">Neden Bizi Se\u00e7melisiniz<\/strong><\/span><\/h1>\n<ul data-start=\"2236\" data-end=\"2459\">\n<li data-section-id=\"17c68gd\" data-start=\"2236\" data-end=\"2285\">Tutarl\u0131 kalite ile stabil fabrika tedariki<\/li>\n<li data-section-id=\"1ccoc9p\" data-start=\"2286\" data-end=\"2326\">OEM ve \u00f6zelle\u015ftirilmi\u015f konut mevcuttur<\/li>\n<li data-section-id=\"19poq3t\" data-start=\"2327\" data-end=\"2376\">Standart yast\u0131k blo\u011fu sistemleri ile uyumludur<\/li>\n<li data-section-id=\"1ons1n2\" data-start=\"2377\" data-end=\"2417\">H\u0131zl\u0131 teslimat ve toplu sipari\u015f deste\u011fi<\/li>\n<li data-section-id=\"1w1qi25\" data-start=\"2418\" data-end=\"2459\">S\u0131k\u0131 kalite kontrol ve test<\/li>\n<\/ul>\n<h1 data-section-id=\"1iusff4\" data-start=\"2466\" data-end=\"2475\"><span role=\"text\"><strong data-start=\"2468\" data-end=\"2475\">SSS<\/strong><\/span><\/h1>\n<p data-start=\"2477\" data-end=\"2631\"><strong data-start=\"2477\" data-end=\"2512\">S1: UCP rulman \u00fcnitesi nedir?<\/strong><br data-start=\"2512\" data-end=\"2515\" \/>C: Kolay mil deste\u011fi i\u00e7in bir UC yerle\u015ftirme rulman\u0131 ve bir yast\u0131k blo\u011fu konutundan olu\u015fan montajl\u0131 bir rulman \u00fcnitesidir.<\/p>\n<p data-start=\"2633\" data-end=\"2751\"><strong data-start=\"2633\" data-end=\"2671\">S2: UCP205 kolayca de\u011fi\u015ftirilebilir mi?<\/strong><br data-start=\"2671\" data-end=\"2674\" \/>C: Evet, end\u00fcstriyel sistemlerde standart de\u011fi\u015ftirilebilirlik i\u00e7in tasarlanm\u0131\u015ft\u0131r.<\/p>\n<p data-start=\"2753\" data-end=\"2906\"><strong data-start=\"2753\" data-end=\"2804\">S3: A\u011f\u0131r y\u00fck uygulamalar\u0131 i\u00e7in uygun mu?<\/strong><br data-start=\"2804\" data-end=\"2807\" \/>C: Orta y\u00fck uygulamalar\u0131 ve end\u00fcstriyel ortamlarda s\u00fcrekli \u00e7al\u0131\u015fma i\u00e7in uygundur.<\/p>","protected":false},"excerpt":{"rendered":"<p>Bu <strong data-start=\"367\" data-end=\"410\">UCP205 Yast\u0131k Blok Takviye Rulman \u00dcnitesi<\/strong> geni\u015f bir \u015fekilde kullan\u0131lan bir montajl\u0131 rulman \u00e7\u00f6z\u00fcm\u00fcd\u00fcr ve <strong data-start=\"469\" data-end=\"529\">UC205 takviye rulman\u0131 ile P-serisi yast\u0131k blok muhafazas\u0131ndan olu\u015fur.<\/strong>. Kolay kurulum, g\u00fcvenilir mil deste\u011fi ve geni\u015f bir end\u00fcstriyel ve tar\u0131msal uygulama yelpazesinde kararl\u0131 \u00e7al\u0131\u015fma i\u00e7in tasarlanm\u0131\u015ft\u0131r.<\/p>","protected":false},"featured_media":2602,"comment_status":"open","ping_status":"closed","template":"","meta":{"site-sidebar-layout":"default","site-content-layout":"","ast-site-content-layout":"default","site-content-style":"default","site-sidebar-style":"default","ast-global-header-display":"","ast-banner-title-visibility":"","ast-main-header-display":"","ast-hfb-above-header-display":"","ast-hfb-below-header-display":"","ast-hfb-mobile-header-display":"","site-post-title":"","ast-breadcrumbs-content":"","ast-featured-img":"","footer-sml-layout":"","ast-disable-related-posts":"","theme-transparent-header-meta":"default","adv-header-id-meta":"","stick-header-meta":"default","header-above-stick-meta":"","header-main-stick-meta":"","header-below-stick-meta":"","astra-migrate-meta-layouts":"set","ast-page-background-enabled":"default","ast-page-background-meta":{"desktop":{"background-color":"","background-image":"","background-repeat":"repeat","background-position":"center center","background-size":"auto","background-attachment":"scroll","background-type":"","background-media":"","overlay-type":"","overlay-color":"","overlay-opacity":"","overlay-gradient":""},"tablet":{"background-color":"","background-image":"","background-repeat":"repeat","background-position":"center center","background-size":"auto","background-attachment":"scroll","background-type":"","background-media":"","overlay-type":"","overlay-color":"","overlay-opacity":"","overlay-gradient":""},"mobile":{"background-color":"","background-image":"","background-repeat":"repeat","background-position":"center center","background-size":"auto","background-attachment":"scroll","background-type":"","background-media":"","overlay-type":"","overlay-color":"","overlay-opacity":"","overlay-gradient":""}},"ast-content-background-meta":{"desktop":{"background-color":"var(--ast-global-color-5)","background-image":"","background-repeat":"repeat","background-position":"center center","background-size":"auto","background-attachment":"scroll","background-type":"","background-media":"","overlay-type":"","overlay-color":"","overlay-opacity":"","overlay-gradient":""},"tablet":{"background-color":"var(--ast-global-color-5)","background-image":"","background-repeat":"repeat","background-position":"center center","background-size":"auto","background-attachment":"scroll","background-type":"","background-media":"","overlay-type":"","overlay-color":"","overlay-opacity":"","overlay-gradient":""},"mobile":{"background-color":"var(--ast-global-color-5)","background-image":"","background-repeat":"repeat","background-position":"center center","background-size":"auto","background-attachment":"scroll","background-type":"","background-media":"","overlay-type":"","overlay-color":"","overlay-opacity":"","overlay-gradient":""}}},"product_brand":[],"product_cat":[27],"product_tag":[161,45,171,159,72,157,172,162,155,170],"class_list":{"0":"post-2422","1":"product","2":"type-product","3":"status-publish","4":"has-post-thumbnail","6":"product_cat-insert-bearings","7":"product_tag-bearing-housing-unit","8":"product_tag-industrial-bearing","9":"product_tag-insert-bearing-unit","10":"product_tag-mounted-bearing","11":"product_tag-oem-bearing-supplier","12":"product_tag-pillow-block-bearing","13":"product_tag-plummer-block-bearing","14":"product_tag-self-aligning-bearing","15":"product_tag-uc205-bearing","16":"product_tag-ucp205-bearing","17":"desktop-align-left","18":"tablet-align-left","19":"mobile-align-left","20":"ast-product-gallery-layout-horizontal-slider","21":"ast-product-gallery-with-no-image","22":"ast-product-tabs-layout-horizontal","24":"first","25":"instock","26":"shipping-taxable","27":"product-type-simple"},"_links":{"self":[{"href":"https:\/\/www.machinerybearings.com\/tr\/wp-json\/wp\/v2\/product\/2422","targetHints":{"allow":["GET"]}}],"collection":[{"href":"https:\/\/www.machinerybearings.com\/tr\/wp-json\/wp\/v2\/product"}],"about":[{"href":"https:\/\/www.machinerybearings.com\/tr\/wp-json\/wp\/v2\/types\/product"}],"replies":[{"embeddable":true,"href":"https:\/\/www.machinerybearings.com\/tr\/wp-json\/wp\/v2\/comments?post=2422"}],"wp:featuredmedia":[{"embeddable":true,"href":"https:\/\/www.machinerybearings.com\/tr\/wp-json\/wp\/v2\/media\/2602"}],"wp:attachment":[{"href":"https:\/\/www.machinerybearings.com\/tr\/wp-json\/wp\/v2\/media?parent=2422"}],"wp:term":[{"taxonomy":"product_brand","embeddable":true,"href":"https:\/\/www.machinerybearings.com\/tr\/wp-json\/wp\/v2\/product_brand?post=2422"},{"taxonomy":"product_cat","embeddable":true,"href":"https:\/\/www.machinerybearings.com\/tr\/wp-json\/wp\/v2\/product_cat?post=2422"},{"taxonomy":"product_tag","embeddable":true,"href":"https:\/\/www.machinerybearings.com\/tr\/wp-json\/wp\/v2\/product_tag?post=2422"}],"curies":[{"name":"wp","href":"https:\/\/api.w.org\/{rel}","templated":true}]}}