{"id":2424,"date":"2026-04-12T15:17:57","date_gmt":"2026-04-12T15:17:57","guid":{"rendered":"https:\/\/www.machinerybearings.com\/?post_type=product&#038;p=2424"},"modified":"2026-05-04T13:31:38","modified_gmt":"2026-05-04T13:31:38","slug":"stainless-steel-insert-bearing-corrosion-resistant-self-aligning-mounted-bearing-for-industrial-applications","status":"publish","type":"product","link":"https:\/\/www.machinerybearings.com\/tr\/urun\/stainless-steel-insert-bearing-corrosion-resistant-self-aligning-mounted-bearing-for-industrial-applications\/","title":{"rendered":"Paslanmaz \u00c7elik Rulman \u2013 End\u00fcstriyel Uygulamalar i\u00e7in Korozyona Dayan\u0131kl\u0131 Kendili\u011finden Hizalanan Montajl\u0131 Rulman"},"content":{"rendered":"<p data-start=\"381\" data-end=\"720\">Bu <strong data-start=\"385\" data-end=\"419\">Stainless Steel Insert Bearing<\/strong> is a self-aligning ball bearing designed for use in mounted housing units such as pillow block, flange, and take-up bearings. Manufactured from high-quality stainless steel materials (such as <strong data-start=\"612\" data-end=\"638\">AISI 440C, 304, or 316<\/strong>), it provides excellent resistance to corrosion, moisture, and chemical exposure.<\/p>\n<p data-start=\"722\" data-end=\"989\">This type of insert bearing is ideal for environments where standard chrome steel bearings would fail due to rust or contamination. It features a spherical outer surface for easy alignment inside the housing, ensuring smooth operation and reduced installation stress.<\/p>\n<p data-start=\"991\" data-end=\"1167\">Pre-lubricated and sealed, stainless steel insert bearings offer reliable performance, low maintenance, and long service life in demanding industrial and hygienic applications.<\/p>\n<h1 data-section-id=\"8av2ty\" data-start=\"1174\" data-end=\"1192\"><span role=\"text\"><strong data-start=\"1176\" data-end=\"1192\">Ana \u00d6zellikler<\/strong><\/span><\/h1>\n<ul data-start=\"1194\" data-end=\"1547\">\n<li data-section-id=\"irpnrj\" data-start=\"1194\" data-end=\"1258\">High corrosion resistance (304 \/ 316 \/ 440C stainless steel)<\/li>\n<li data-section-id=\"1use9h2\" data-start=\"1259\" data-end=\"1304\">Self-aligning spherical outer ring design<\/li>\n<li data-section-id=\"hwxtx0\" data-start=\"1305\" data-end=\"1354\">Yast\u0131k blok ve flan\u015f muhafazalar\u0131 i\u00e7in uygundur<\/li>\n<li data-section-id=\"hz8ven\" data-start=\"1355\" data-end=\"1404\">16. Dayan\u0131kl\u0131l\u0131k i\u00e7in g\u00fc\u00e7l\u00fc d\u00f6kme demir muhafaza<\/li>\n<li data-section-id=\"4dxzzm\" data-start=\"1405\" data-end=\"1464\">Excellent performance in wet and corrosive environments<\/li>\n<li data-section-id=\"17sk4ga\" data-start=\"1465\" data-end=\"1502\">D\u00fc\u015f\u00fck s\u00fcrt\u00fcnme ile d\u00fczg\u00fcn d\u00f6n\u00fc\u015f<\/li>\n<li data-section-id=\"p63vuv\" data-start=\"1503\" data-end=\"1547\">Long service life and stable performance<\/li>\n<\/ul>\n<h1 data-section-id=\"10k15yz\" data-start=\"1554\" data-end=\"1584\"><span role=\"text\"><strong data-start=\"1556\" data-end=\"1584\">Teknik \u00d6zellikler<\/strong><\/span><\/h1>\n<div class=\"TyagGW_tableContainer\">\n<div class=\"group TyagGW_tableWrapper flex flex-col-reverse w-fit\" tabindex=\"-1\">\n<table class=\"w-fit min-w-(--thread-content-width)\" data-start=\"1586\" data-end=\"2047\">\n<thead data-start=\"1586\" data-end=\"1607\">\n<tr data-start=\"1586\" data-end=\"1607\">\n<th class=\"\" data-start=\"1586\" data-end=\"1598\" data-col-size=\"sm\">Parametre<\/th>\n<th class=\"\" data-start=\"1598\" data-end=\"1607\" data-col-size=\"sm\">De\u011fer<\/th>\n<\/tr>\n<\/thead>\n<tbody data-start=\"1628\" data-end=\"2047\">\n<tr data-start=\"1628\" data-end=\"1677\">\n<td data-start=\"1628\" data-end=\"1643\" data-col-size=\"sm\">Rulman Tipi<\/td>\n<td data-col-size=\"sm\" data-start=\"1643\" data-end=\"1677\">Stainless Steel Insert Bearing<\/td>\n<\/tr>\n<tr data-start=\"1678\" data-end=\"1730\">\n<td data-start=\"1678\" data-end=\"1689\" data-col-size=\"sm\">Malzeme<\/td>\n<td data-col-size=\"sm\" data-start=\"1689\" data-end=\"1730\">AISI 440C \/ 304 \/ 316 Stainless Steel<\/td>\n<\/tr>\n<tr data-start=\"1731\" data-end=\"1785\">\n<td data-start=\"1731\" data-end=\"1754\" data-col-size=\"sm\">Inner Diameter Range<\/td>\n<td data-start=\"1754\" data-end=\"1785\" data-col-size=\"sm\">Standard UC sizes available<\/td>\n<\/tr>\n<tr data-start=\"1786\" data-end=\"1831\">\n<td data-start=\"1786\" data-end=\"1802\" data-col-size=\"sm\">Outer Surface<\/td>\n<td data-start=\"1802\" data-end=\"1831\" data-col-size=\"sm\">Spherical (self-aligning)<\/td>\n<\/tr>\n<tr data-start=\"1832\" data-end=\"1869\">\n<td data-start=\"1832\" data-end=\"1847\" data-col-size=\"sm\">S\u0131zd\u0131rmazl\u0131k Tipi<\/td>\n<td data-col-size=\"sm\" data-start=\"1847\" data-end=\"1869\">Kau\u00e7uk contalar (2RS)<\/td>\n<\/tr>\n<tr data-start=\"1870\" data-end=\"1899\">\n<td data-start=\"1870\" data-end=\"1884\" data-col-size=\"sm\">Ya\u011flama<\/td>\n<td data-col-size=\"sm\" data-start=\"1884\" data-end=\"1899\">\u00d6nceden ya\u011flanm\u0131\u015f<\/td>\n<\/tr>\n<tr data-start=\"1900\" data-end=\"1951\">\n<td data-start=\"1900\" data-end=\"1924\" data-col-size=\"sm\">Konut Uyumlulu\u011fu<\/td>\n<td data-col-size=\"sm\" data-start=\"1924\" data-end=\"1951\">UCP \/ UCF \/ UCFL serileri<\/td>\n<\/tr>\n<tr data-start=\"1952\" data-end=\"2015\">\n<td data-start=\"1952\" data-end=\"1976\" data-col-size=\"sm\">\u00c7al\u0131\u015fma S\u0131cakl\u0131\u011f\u0131<\/td>\n<td data-start=\"1976\" data-end=\"2015\" data-col-size=\"sm\">-20\u00b0C to 150\u00b0C (material dependent)<\/td>\n<\/tr>\n<tr data-start=\"2016\" data-end=\"2047\">\n<td data-start=\"2016\" data-end=\"2039\" data-col-size=\"sm\">Corrosion Resistance<\/td>\n<td data-start=\"2039\" data-end=\"2047\" data-col-size=\"sm\">High<\/td>\n<\/tr>\n<\/tbody>\n<\/table>\n<\/div>\n<\/div>\n<h1 data-section-id=\"1p00fbj\" data-start=\"2054\" data-end=\"2072\"><span role=\"text\"><strong data-start=\"2056\" data-end=\"2072\">Uygulamalar<\/strong><\/span><\/h1>\n<p data-start=\"2074\" data-end=\"2125\">Stainless steel insert bearings are widely used in:<\/p>\n<ul data-start=\"2127\" data-end=\"2352\">\n<li data-section-id=\"ypp1an\" data-start=\"2127\" data-end=\"2156\">Food processing machinery<\/li>\n<li data-section-id=\"1x3ha2b\" data-start=\"2157\" data-end=\"2193\">Beverage and packaging equipment<\/li>\n<li data-section-id=\"1gmems1\" data-start=\"2194\" data-end=\"2225\">Chemical processing systems<\/li>\n<li data-section-id=\"1m9dupl\" data-start=\"2226\" data-end=\"2259\">Marine and offshore equipment<\/li>\n<li data-section-id=\"18cml6r\" data-start=\"2260\" data-end=\"2308\">Agricultural machinery in humid environments<\/li>\n<li data-section-id=\"gt8jzt\" data-start=\"2309\" data-end=\"2352\">Pharmaceutical and clean-room equipment<\/li>\n<\/ul>\n<h1 data-section-id=\"zdmnob\" data-start=\"2359\" data-end=\"2378\"><span role=\"text\"><strong data-start=\"2361\" data-end=\"2378\">Neden Bizi Se\u00e7melisiniz<\/strong><\/span><\/h1>\n<ul data-start=\"2380\" data-end=\"2643\">\n<li data-section-id=\"1ry1c0c\" data-start=\"2380\" data-end=\"2441\">High-quality stainless steel materials (304 \/ 316 \/ 440C)<\/li>\n<li data-section-id=\"17etnr1\" data-start=\"2442\" data-end=\"2496\">Strong corrosion resistance for harsh environments<\/li>\n<li data-section-id=\"925dqo\" data-start=\"2497\" data-end=\"2543\">OEM and custom bearing solutions available<\/li>\n<li data-section-id=\"1ybbgr1\" data-start=\"2544\" data-end=\"2594\">Compatible with standard pillow block housings<\/li>\n<li data-section-id=\"dhg8ud\" data-start=\"2595\" data-end=\"2643\">Fast delivery and stable production capacity<\/li>\n<\/ul>\n<h1 data-section-id=\"1iusff4\" data-start=\"2650\" data-end=\"2659\"><span role=\"text\"><strong data-start=\"2652\" data-end=\"2659\">SSS<\/strong><\/span><\/h1>\n<p data-start=\"2661\" data-end=\"2841\"><strong data-start=\"2661\" data-end=\"2726\">Q1: What is the advantage of stainless steel insert bearings?<\/strong><br data-start=\"2726\" data-end=\"2729\" \/>A: They provide excellent resistance to rust, moisture, and chemicals, making them ideal for harsh environments.<\/p>\n<p data-start=\"2843\" data-end=\"2986\"><strong data-start=\"2843\" data-end=\"2916\">Q2: Can stainless steel insert bearings replace standard UC bearings?<\/strong><br data-start=\"2916\" data-end=\"2919\" \/>A: Yes, they are fully compatible with standard UC housing systems.<\/p>\n<p data-start=\"2988\" data-end=\"3133\"><strong data-start=\"2988\" data-end=\"3042\">Q3: Are they suitable for food-grade applications?<\/strong><br data-start=\"3042\" data-end=\"3045\" \/>A: Yes, stainless steel bearings are commonly used in food and pharmaceutical machinery.<\/p>","protected":false},"excerpt":{"rendered":"<p>Bu <strong data-start=\"385\" data-end=\"419\">Stainless Steel Insert Bearing<\/strong> is a self-aligning ball bearing designed for use in mounted housing units such as pillow block, flange, and take-up bearings. Manufactured from high-quality stainless steel materials (such as <strong data-start=\"612\" data-end=\"638\">AISI 440C, 304, or 316<\/strong>), it provides excellent resistance to corrosion, moisture, and chemical exposure.<\/p>","protected":false},"featured_media":2598,"comment_status":"open","ping_status":"closed","template":"","meta":{"site-sidebar-layout":"default","site-content-layout":"","ast-site-content-layout":"default","site-content-style":"default","site-sidebar-style":"default","ast-global-header-display":"","ast-banner-title-visibility":"","ast-main-header-display":"","ast-hfb-above-header-display":"","ast-hfb-below-header-display":"","ast-hfb-mobile-header-display":"","site-post-title":"","ast-breadcrumbs-content":"","ast-featured-img":"","footer-sml-layout":"","ast-disable-related-posts":"","theme-transparent-header-meta":"default","adv-header-id-meta":"","stick-header-meta":"default","header-above-stick-meta":"","header-main-stick-meta":"","header-below-stick-meta":"","astra-migrate-meta-layouts":"set","ast-page-background-enabled":"default","ast-page-background-meta":{"desktop":{"background-color":"","background-image":"","background-repeat":"repeat","background-position":"center center","background-size":"auto","background-attachment":"scroll","background-type":"","background-media":"","overlay-type":"","overlay-color":"","overlay-opacity":"","overlay-gradient":""},"tablet":{"background-color":"","background-image":"","background-repeat":"repeat","background-position":"center center","background-size":"auto","background-attachment":"scroll","background-type":"","background-media":"","overlay-type":"","overlay-color":"","overlay-opacity":"","overlay-gradient":""},"mobile":{"background-color":"","background-image":"","background-repeat":"repeat","background-position":"center center","background-size":"auto","background-attachment":"scroll","background-type":"","background-media":"","overlay-type":"","overlay-color":"","overlay-opacity":"","overlay-gradient":""}},"ast-content-background-meta":{"desktop":{"background-color":"var(--ast-global-color-5)","background-image":"","background-repeat":"repeat","background-position":"center center","background-size":"auto","background-attachment":"scroll","background-type":"","background-media":"","overlay-type":"","overlay-color":"","overlay-opacity":"","overlay-gradient":""},"tablet":{"background-color":"var(--ast-global-color-5)","background-image":"","background-repeat":"repeat","background-position":"center center","background-size":"auto","background-attachment":"scroll","background-type":"","background-media":"","overlay-type":"","overlay-color":"","overlay-opacity":"","overlay-gradient":""},"mobile":{"background-color":"var(--ast-global-color-5)","background-image":"","background-repeat":"repeat","background-position":"center center","background-size":"auto","background-attachment":"scroll","background-type":"","background-media":"","overlay-type":"","overlay-color":"","overlay-opacity":"","overlay-gradient":""}}},"product_brand":[],"product_cat":[27],"product_tag":[175,88,176,124,159,122,162,173,174,166],"class_list":{"0":"post-2424","1":"product","2":"type-product","3":"status-publish","4":"has-post-thumbnail","6":"product_cat-insert-bearings","7":"product_tag-316-stainless-steel-bearing","8":"product_tag-corrosion-resistant-bearing","9":"product_tag-food-grade-bearing","10":"product_tag-industrial-bearing-supplier","11":"product_tag-mounted-bearing","12":"product_tag-oem-bearing","13":"product_tag-self-aligning-bearing","14":"product_tag-stainless-steel-insert-bearing","15":"product_tag-stainless-steel-pillow-block-bearing","16":"product_tag-uc-insert-bearing","17":"desktop-align-left","18":"tablet-align-left","19":"mobile-align-left","20":"ast-product-gallery-layout-horizontal-slider","21":"ast-product-gallery-with-no-image","22":"ast-product-tabs-layout-horizontal","24":"first","25":"instock","26":"shipping-taxable","27":"product-type-simple"},"_links":{"self":[{"href":"https:\/\/www.machinerybearings.com\/tr\/wp-json\/wp\/v2\/product\/2424","targetHints":{"allow":["GET"]}}],"collection":[{"href":"https:\/\/www.machinerybearings.com\/tr\/wp-json\/wp\/v2\/product"}],"about":[{"href":"https:\/\/www.machinerybearings.com\/tr\/wp-json\/wp\/v2\/types\/product"}],"replies":[{"embeddable":true,"href":"https:\/\/www.machinerybearings.com\/tr\/wp-json\/wp\/v2\/comments?post=2424"}],"wp:featuredmedia":[{"embeddable":true,"href":"https:\/\/www.machinerybearings.com\/tr\/wp-json\/wp\/v2\/media\/2598"}],"wp:attachment":[{"href":"https:\/\/www.machinerybearings.com\/tr\/wp-json\/wp\/v2\/media?parent=2424"}],"wp:term":[{"taxonomy":"product_brand","embeddable":true,"href":"https:\/\/www.machinerybearings.com\/tr\/wp-json\/wp\/v2\/product_brand?post=2424"},{"taxonomy":"product_cat","embeddable":true,"href":"https:\/\/www.machinerybearings.com\/tr\/wp-json\/wp\/v2\/product_cat?post=2424"},{"taxonomy":"product_tag","embeddable":true,"href":"https:\/\/www.machinerybearings.com\/tr\/wp-json\/wp\/v2\/product_tag?post=2424"}],"curies":[{"name":"wp","href":"https:\/\/api.w.org\/{rel}","templated":true}]}}