{"id":2435,"date":"2026-04-13T14:21:51","date_gmt":"2026-04-13T14:21:51","guid":{"rendered":"https:\/\/www.machinerybearings.com\/?post_type=product&#038;p=2435"},"modified":"2026-05-03T05:52:26","modified_gmt":"2026-05-03T05:52:26","slug":"1205-self-aligning-ball-bearing-double-row-bearing-for-misalignment-applications","status":"publish","type":"product","link":"https:\/\/www.machinerybearings.com\/tr\/urun\/1205-self-aligning-ball-bearing-double-row-bearing-for-misalignment-applications\/","title":{"rendered":"1205 Kendili\u011finden Hizalanan Bilyal\u0131 Rulman \u2013 Hatal\u0131 Hizalama Uygulamalar\u0131 i\u00e7in \u00c7ift S\u0131ra Rulman"},"content":{"rendered":"<p data-start=\"354\" data-end=\"704\">Bu <strong data-start=\"358\" data-end=\"393\">1205 Kendili\u011finden Hizalanan Bilyal\u0131 Rulman<\/strong> \u015faft hizas\u0131zl\u0131\u011f\u0131n\u0131 ve \u00e7al\u0131\u015fma s\u0131ras\u0131nda sapmay\u0131 kar\u015f\u0131lamak \u00fczere tasarlanm\u0131\u015f \u00e7ift s\u0131ra bilyal\u0131 bir rulmand\u0131r. E\u015fsiz k\u00fcresel d\u0131\u015f y\u00fczeyi, rulman\u0131n otomatik olarak hizalanmas\u0131n\u0131 ayarlamas\u0131na olanak tan\u0131r, bu da stresin azalmas\u0131n\u0131 ve \u015faft veya muhafaza hizalamas\u0131n\u0131n zor oldu\u011fu uygulamalarda performans\u0131n artmas\u0131n\u0131 sa\u011flar.<\/p>\n<p data-start=\"706\" data-end=\"1001\">Bu rulman, \u015faft sapmas\u0131na, montaj hatalar\u0131na veya titre\u015fime maruz kalan uygulamalar i\u00e7in idealdir. Y\u00fcksek kaliteli krom \u00e7elikten \u00fcretilmi\u015f ve paslanmaz \u00e7elik se\u00e7enekleriyle sunulan 1205 rulman\u0131, p\u00fcr\u00fczs\u00fcz \u00e7al\u0131\u015fma, d\u00fc\u015f\u00fck s\u00fcrt\u00fcnme ve uzun hizmet \u00f6mr\u00fc boyunca g\u00fcvenilir performans sa\u011flar.<\/p>\n<p data-start=\"1003\" data-end=\"1119\">Kompakt tasar\u0131m\u0131 ve kendili\u011finden hizalanma yetene\u011fi, hafif ile orta y\u00fck end\u00fcstriyel uygulamalarda yayg\u0131n olarak kullan\u0131lmas\u0131n\u0131 sa\u011flar.<\/p>\n<h1 data-section-id=\"8av2ty\" data-start=\"1126\" data-end=\"1144\"><span role=\"text\"><strong data-start=\"1128\" data-end=\"1144\">Ana \u00d6zellikler<\/strong><\/span><\/h1>\n<ul data-start=\"1146\" data-end=\"1483\">\n<li data-section-id=\"1fr59o7\" data-start=\"1146\" data-end=\"1205\">Kendili\u011finden hizalanan tasar\u0131m, \u015faft hizas\u0131zl\u0131\u011f\u0131n\u0131 telafi eder<\/li>\n<li data-section-id=\"1id6hoh\" data-start=\"1206\" data-end=\"1258\">Geli\u015ftirilmi\u015f stabilite i\u00e7in \u00e7ift s\u0131ra bilya yap\u0131s\u0131<\/li>\n<li data-section-id=\"1g811j7\" data-start=\"1259\" data-end=\"1295\">D\u00fc\u015f\u00fck s\u00fcrt\u00fcnme ve p\u00fcr\u00fczs\u00fcz d\u00f6n\u00fc\u015f<\/li>\n<li data-section-id=\"dcacpc\" data-start=\"1296\" data-end=\"1347\">\u015eaft sapmas\u0131 olan uygulamalar i\u00e7in uygundur<\/li>\n<li data-section-id=\"f8hmgc\" data-start=\"1348\" data-end=\"1385\">Kolay kurulum ve bak\u0131m<\/li>\n<li data-section-id=\"5mjdxq\" data-start=\"1386\" data-end=\"1431\">Stabil performans ile uzun hizmet \u00f6mr\u00fc<\/li>\n<li data-section-id=\"10s930\" data-start=\"1432\" data-end=\"1483\">\u00c7elik ve paslanmaz \u00e7elik versiyonlar\u0131 mevcuttur<\/li>\n<\/ul>\n<h1 data-section-id=\"10k15yz\" data-start=\"1490\" data-end=\"1520\"><span role=\"text\"><strong data-start=\"1492\" data-end=\"1520\">Teknik \u00d6zellikler<\/strong><\/span><\/h1>\n<div class=\"TyagGW_tableContainer\">\n<div class=\"group TyagGW_tableWrapper flex flex-col-reverse w-fit\" tabindex=\"-1\">\n<table class=\"w-fit min-w-(--thread-content-width)\" data-start=\"1522\" data-end=\"1943\">\n<thead data-start=\"1522\" data-end=\"1543\">\n<tr data-start=\"1522\" data-end=\"1543\">\n<th class=\"\" data-start=\"1522\" data-end=\"1534\" data-col-size=\"sm\">Parametre<\/th>\n<th class=\"\" data-start=\"1534\" data-end=\"1543\" data-col-size=\"sm\">De\u011fer<\/th>\n<\/tr>\n<\/thead>\n<tbody data-start=\"1564\" data-end=\"1943\">\n<tr data-start=\"1564\" data-end=\"1588\">\n<td data-start=\"1564\" data-end=\"1580\" data-col-size=\"sm\">Rulman Modeli<\/td>\n<td data-col-size=\"sm\" data-start=\"1580\" data-end=\"1588\">1205<\/td>\n<\/tr>\n<tr data-start=\"1589\" data-end=\"1619\">\n<td data-start=\"1589\" data-end=\"1610\" data-col-size=\"sm\">\u0130\u00e7 \u00c7ap (d)<\/td>\n<td data-col-size=\"sm\" data-start=\"1610\" data-end=\"1619\">25 mm<\/td>\n<\/tr>\n<tr data-start=\"1620\" data-end=\"1650\">\n<td data-start=\"1620\" data-end=\"1641\" data-col-size=\"sm\">D\u0131\u015f \u00c7ap (D)<\/td>\n<td data-col-size=\"sm\" data-start=\"1641\" data-end=\"1650\">52 mm<\/td>\n<\/tr>\n<tr data-start=\"1651\" data-end=\"1672\">\n<td data-start=\"1651\" data-end=\"1663\" data-col-size=\"sm\">Geni\u015flik (B)<\/td>\n<td data-start=\"1663\" data-end=\"1672\" data-col-size=\"sm\">15 mm<\/td>\n<\/tr>\n<tr data-start=\"1673\" data-end=\"1718\">\n<td data-start=\"1673\" data-end=\"1688\" data-col-size=\"sm\">Rulman Tipi<\/td>\n<td data-start=\"1688\" data-end=\"1718\" data-col-size=\"sm\">Kendinden Hizalanan Bilyal\u0131 Rulman<\/td>\n<\/tr>\n<tr data-start=\"1719\" data-end=\"1745\">\n<td data-start=\"1719\" data-end=\"1731\" data-col-size=\"sm\">Yap\u0131<\/td>\n<td data-col-size=\"sm\" data-start=\"1731\" data-end=\"1745\">\u00c7ift S\u0131ra<\/td>\n<\/tr>\n<tr data-start=\"1746\" data-end=\"1791\">\n<td data-start=\"1746\" data-end=\"1757\" data-col-size=\"sm\">Malzeme<\/td>\n<td data-start=\"1757\" data-end=\"1791\" data-col-size=\"sm\">Krom \u00c7elik \/ Paslanmaz \u00c7elik<\/td>\n<\/tr>\n<tr data-start=\"1792\" data-end=\"1833\">\n<td data-start=\"1792\" data-end=\"1808\" data-col-size=\"sm\">Kafes Malzemesi<\/td>\n<td data-start=\"1808\" data-end=\"1833\" data-col-size=\"sm\">\u00c7elik \/ Pirin\u00e7 \/ Naylon<\/td>\n<\/tr>\n<tr data-start=\"1834\" data-end=\"1864\">\n<td data-start=\"1834\" data-end=\"1848\" data-col-size=\"sm\">Ya\u011flama<\/td>\n<td data-col-size=\"sm\" data-start=\"1848\" data-end=\"1864\">Ya\u011f \/ Ya\u011flama<\/td>\n<\/tr>\n<tr data-start=\"1865\" data-end=\"1900\">\n<td data-start=\"1865\" data-end=\"1884\" data-col-size=\"sm\">Hassasiyet S\u0131n\u0131f\u0131<\/td>\n<td data-start=\"1884\" data-end=\"1900\" data-col-size=\"sm\">P0 \/ P6 \/ P5<\/td>\n<\/tr>\n<tr data-start=\"1901\" data-end=\"1943\">\n<td data-start=\"1901\" data-end=\"1925\" data-col-size=\"sm\">\u00c7al\u0131\u015fma S\u0131cakl\u0131\u011f\u0131<\/td>\n<td data-col-size=\"sm\" data-start=\"1925\" data-end=\"1943\">-20\u00b0C ile 120\u00b0C<\/td>\n<\/tr>\n<\/tbody>\n<\/table>\n<\/div>\n<\/div>\n<h1 data-section-id=\"1p00fbj\" data-start=\"1950\" data-end=\"1968\"><span role=\"text\"><strong data-start=\"1952\" data-end=\"1968\">Uygulamalar<\/strong><\/span><\/h1>\n<p data-start=\"1970\" data-end=\"2024\">1205 kendinden hizalanan bilyal\u0131 rulman geni\u015f bir \u015fekilde kullan\u0131l\u0131r:<\/p>\n<ul data-start=\"2026\" data-end=\"2183\">\n<li data-section-id=\"1n6ynun\" data-start=\"2026\" data-end=\"2052\">Tar\u0131m makineleri<\/li>\n<li data-section-id=\"176s2ln\" data-start=\"2053\" data-end=\"2073\">Konvey\u00f6r sistemleri<\/li>\n<li data-section-id=\"io1u9n\" data-start=\"2074\" data-end=\"2095\">Tekstil makineleri<\/li>\n<li data-section-id=\"25txyz\" data-start=\"2096\" data-end=\"2126\">Hafif sanayi ekipmanlar\u0131<\/li>\n<li data-section-id=\"646cyz\" data-start=\"2127\" data-end=\"2147\">Fanlar ve \u00fcfleyiciler<\/li>\n<li data-section-id=\"ib1wqr\" data-start=\"2148\" data-end=\"2183\">Mekanik iletim sistemleri<\/li>\n<\/ul>\n<h1 data-section-id=\"zdmnob\" data-start=\"2190\" data-end=\"2209\"><span role=\"text\"><strong data-start=\"2192\" data-end=\"2209\">Neden Bizi Se\u00e7melisiniz<\/strong><\/span><\/h1>\n<ul data-start=\"2211\" data-end=\"2428\">\n<li data-section-id=\"t14xel\" data-start=\"2211\" data-end=\"2264\">Tutarl\u0131 kalite ile stabil fabrika \u00fcretimi<\/li>\n<li data-section-id=\"hq554l\" data-start=\"2265\" data-end=\"2310\">OEM ve \u00f6zel malzeme se\u00e7enekleri mevcut<\/li>\n<li data-section-id=\"18yrkc1\" data-start=\"2311\" data-end=\"2350\">Toplu sipari\u015fler i\u00e7in rekabet\u00e7i fiyatland\u0131rma<\/li>\n<li data-section-id=\"k7xnqf\" data-start=\"2351\" data-end=\"2386\">H\u0131zl\u0131 teslimat ve k\u00fcresel tedarik<\/li>\n<li data-section-id=\"1u6ytj0\" data-start=\"2387\" data-end=\"2428\">S\u0131k\u0131 denetim ve kalite kontrol<\/li>\n<\/ul>\n<h1 data-section-id=\"1iusff4\" data-start=\"2435\" data-end=\"2444\"><span role=\"text\"><strong data-start=\"2437\" data-end=\"2444\">SSS<\/strong><\/span><\/h1>\n<p data-start=\"2446\" data-end=\"2614\"><strong data-start=\"2446\" data-end=\"2507\">S1: Kendinden hizalanan bilyal\u0131 yataklar\u0131n avantaj\u0131 nedir?<\/strong><br data-start=\"2507\" data-end=\"2510\" \/>C: \u015eaft hizas\u0131ndaki hatalar\u0131 otomatik olarak telafi edebilir, stresi azalt\u0131r ve hizmet \u00f6mr\u00fcn\u00fc uzat\u0131r.<\/p>\n<p data-start=\"2616\" data-end=\"2750\"><strong data-start=\"2616\" data-end=\"2661\">S2: 1205 yataklar a\u011f\u0131r y\u00fckleri ta\u015f\u0131yabilir mi?<\/strong><br data-start=\"2661\" data-end=\"2664\" \/>C: Hafif ile orta y\u00fck uygulamalar\u0131 i\u00e7in uygundur, a\u011f\u0131r hizmet ko\u015fullar\u0131 i\u00e7in de\u011fil.<\/p>\n<p data-start=\"2752\" data-end=\"2874\"><strong data-start=\"2752\" data-end=\"2798\">S3: Paslanmaz \u00e7elik versiyonlar sunuyor musunuz?<\/strong><br data-start=\"2798\" data-end=\"2801\" \/>C: Evet, a\u015f\u0131nd\u0131r\u0131c\u0131 ortamlara uygun paslanmaz \u00e7elik se\u00e7enekleri mevcuttur.<\/p>","protected":false},"excerpt":{"rendered":"<p>Bu <strong data-start=\"358\" data-end=\"393\">1205 Kendili\u011finden Hizalanan Bilyal\u0131 Rulman<\/strong> \u015faft hizas\u0131zl\u0131\u011f\u0131n\u0131 ve \u00e7al\u0131\u015fma s\u0131ras\u0131nda sapmay\u0131 kar\u015f\u0131lamak \u00fczere tasarlanm\u0131\u015f \u00e7ift s\u0131ra bilyal\u0131 bir rulmand\u0131r. E\u015fsiz k\u00fcresel d\u0131\u015f y\u00fczeyi, rulman\u0131n otomatik olarak hizalanmas\u0131n\u0131 ayarlamas\u0131na olanak tan\u0131r, bu da stresin azalmas\u0131n\u0131 ve \u015faft veya muhafaza hizalamas\u0131n\u0131n zor oldu\u011fu uygulamalarda performans\u0131n artmas\u0131n\u0131 sa\u011flar.<\/p>","protected":false},"featured_media":2538,"comment_status":"open","ping_status":"closed","template":"","meta":{"site-sidebar-layout":"default","site-content-layout":"","ast-site-content-layout":"default","site-content-style":"default","site-sidebar-style":"default","ast-global-header-display":"","ast-banner-title-visibility":"","ast-main-header-display":"","ast-hfb-above-header-display":"","ast-hfb-below-header-display":"","ast-hfb-mobile-header-display":"","site-post-title":"","ast-breadcrumbs-content":"","ast-featured-img":"","footer-sml-layout":"","ast-disable-related-posts":"","theme-transparent-header-meta":"default","adv-header-id-meta":"","stick-header-meta":"default","header-above-stick-meta":"","header-main-stick-meta":"","header-below-stick-meta":"","astra-migrate-meta-layouts":"set","ast-page-background-enabled":"default","ast-page-background-meta":{"desktop":{"background-color":"","background-image":"","background-repeat":"repeat","background-position":"center center","background-size":"auto","background-attachment":"scroll","background-type":"","background-media":"","overlay-type":"","overlay-color":"","overlay-opacity":"","overlay-gradient":""},"tablet":{"background-color":"","background-image":"","background-repeat":"repeat","background-position":"center center","background-size":"auto","background-attachment":"scroll","background-type":"","background-media":"","overlay-type":"","overlay-color":"","overlay-opacity":"","overlay-gradient":""},"mobile":{"background-color":"","background-image":"","background-repeat":"repeat","background-position":"center center","background-size":"auto","background-attachment":"scroll","background-type":"","background-media":"","overlay-type":"","overlay-color":"","overlay-opacity":"","overlay-gradient":""}},"ast-content-background-meta":{"desktop":{"background-color":"var(--ast-global-color-5)","background-image":"","background-repeat":"repeat","background-position":"center center","background-size":"auto","background-attachment":"scroll","background-type":"","background-media":"","overlay-type":"","overlay-color":"","overlay-opacity":"","overlay-gradient":""},"tablet":{"background-color":"var(--ast-global-color-5)","background-image":"","background-repeat":"repeat","background-position":"center center","background-size":"auto","background-attachment":"scroll","background-type":"","background-media":"","overlay-type":"","overlay-color":"","overlay-opacity":"","overlay-gradient":""},"mobile":{"background-color":"var(--ast-global-color-5)","background-image":"","background-repeat":"repeat","background-position":"center center","background-size":"auto","background-attachment":"scroll","background-type":"","background-media":"","overlay-type":"","overlay-color":"","overlay-opacity":"","overlay-gradient":""}}},"product_brand":[],"product_cat":[22],"product_tag":[204,160,209,206,45,208,207,72,143,205],"class_list":{"0":"post-2435","1":"product","2":"type-product","3":"status-publish","4":"has-post-thumbnail","6":"product_cat-self-aligning-ball-bearings","7":"product_tag-1205-bearing","8":"product_tag-agricultural-bearing","9":"product_tag-conveyor-bearing","10":"product_tag-double-row-bearing","11":"product_tag-industrial-bearing","12":"product_tag-light-duty-bearing","13":"product_tag-misalignment-bearing","14":"product_tag-oem-bearing-supplier","15":"product_tag-precision-bearing-manufacturer","16":"product_tag-self-aligning-ball-bearing","17":"desktop-align-left","18":"tablet-align-left","19":"mobile-align-left","20":"ast-product-gallery-layout-horizontal-slider","21":"ast-product-gallery-with-no-image","22":"ast-product-tabs-layout-horizontal","24":"first","25":"instock","26":"shipping-taxable","27":"product-type-simple"},"_links":{"self":[{"href":"https:\/\/www.machinerybearings.com\/tr\/wp-json\/wp\/v2\/product\/2435","targetHints":{"allow":["GET"]}}],"collection":[{"href":"https:\/\/www.machinerybearings.com\/tr\/wp-json\/wp\/v2\/product"}],"about":[{"href":"https:\/\/www.machinerybearings.com\/tr\/wp-json\/wp\/v2\/types\/product"}],"replies":[{"embeddable":true,"href":"https:\/\/www.machinerybearings.com\/tr\/wp-json\/wp\/v2\/comments?post=2435"}],"wp:featuredmedia":[{"embeddable":true,"href":"https:\/\/www.machinerybearings.com\/tr\/wp-json\/wp\/v2\/media\/2538"}],"wp:attachment":[{"href":"https:\/\/www.machinerybearings.com\/tr\/wp-json\/wp\/v2\/media?parent=2435"}],"wp:term":[{"taxonomy":"product_brand","embeddable":true,"href":"https:\/\/www.machinerybearings.com\/tr\/wp-json\/wp\/v2\/product_brand?post=2435"},{"taxonomy":"product_cat","embeddable":true,"href":"https:\/\/www.machinerybearings.com\/tr\/wp-json\/wp\/v2\/product_cat?post=2435"},{"taxonomy":"product_tag","embeddable":true,"href":"https:\/\/www.machinerybearings.com\/tr\/wp-json\/wp\/v2\/product_tag?post=2435"}],"curies":[{"name":"wp","href":"https:\/\/api.w.org\/{rel}","templated":true}]}}