{"id":2439,"date":"2026-04-13T14:29:22","date_gmt":"2026-04-13T14:29:22","guid":{"rendered":"https:\/\/www.machinerybearings.com\/?post_type=product&#038;p=2439"},"modified":"2026-05-03T06:05:03","modified_gmt":"2026-05-03T06:05:03","slug":"1308-self-aligning-ball-bearing-double-row-bearing-for-shaft-misalignment-industrial-applications","status":"publish","type":"product","link":"https:\/\/www.machinerybearings.com\/tr\/urun\/1308-self-aligning-ball-bearing-double-row-bearing-for-shaft-misalignment-industrial-applications\/","title":{"rendered":"1308 Kendili\u011finden Hizalanan Bilyal\u0131 Rulman \u2013 Mil Hatal\u0131 Hizalama ve End\u00fcstriyel Uygulamalar i\u00e7in \u00c7ift S\u0131ra Rulman"},"content":{"rendered":"<p data-start=\"369\" data-end=\"656\">Bu <strong data-start=\"373\" data-end=\"408\">1308 Kendinden Hizalanan Bilyal\u0131 Rulman<\/strong> \u015faft hizas\u0131ndaki bozulma ve sapmalar\u0131 \u00e7al\u0131\u015fma s\u0131ras\u0131nda kar\u015f\u0131lamak \u00fczere \u00f6zel olarak tasarlanm\u0131\u015f \u00e7ift s\u0131ra rulmand\u0131r. K\u00fcresel d\u0131\u015f y\u00fczeyi ile bu rulman otomatik olarak hizalamay\u0131 ayarlar, d\u00fczg\u00fcn d\u00f6ng\u00fc sa\u011flar ve i\u00e7 stresi azalt\u0131r.<\/p>\n<p data-start=\"658\" data-end=\"943\">Daha k\u00fc\u00e7\u00fck serilere k\u0131yasla, 1308 rulman\u0131 daha y\u00fcksek y\u00fck kapasitesi ve geli\u015ftirilmi\u015f yap\u0131sal dayan\u0131kl\u0131l\u0131k sunarak orta ile nispeten a\u011f\u0131r end\u00fcstriyel uygulamalar i\u00e7in uygundur. \u015eaft e\u011filmesi, titre\u015fim veya montaj hatalar\u0131n\u0131n meydana gelebilece\u011fi sistemlerde g\u00fcvenilir bir \u015fekilde \u00e7al\u0131\u015f\u0131r.<\/p>\n<p data-start=\"945\" data-end=\"1137\">Y\u00fcksek kaliteli krom \u00e7elikten \u00fcretilmi\u015f ve paslanmaz \u00e7elik veya \u00f6zel malzeme se\u00e7enekleriyle mevcut olan 1308 rulman\u0131, d\u00fc\u015f\u00fck s\u00fcrt\u00fcnme, stabil performans ve uzun hizmet \u00f6mr\u00fc sunar.<\/p>\n<h1 data-section-id=\"8av2ty\" data-start=\"1144\" data-end=\"1162\"><span role=\"text\"><strong data-start=\"1146\" data-end=\"1162\">Ana \u00d6zellikler<\/strong><\/span><\/h1>\n<ul data-start=\"1164\" data-end=\"1500\">\n<li data-section-id=\"1fr59o7\" data-start=\"1164\" data-end=\"1223\">Kendili\u011finden hizalanan tasar\u0131m, \u015faft hizas\u0131zl\u0131\u011f\u0131n\u0131 telafi eder<\/li>\n<li data-section-id=\"nnbnhk\" data-start=\"1224\" data-end=\"1281\">Artan y\u00fck kapasitesi i\u00e7in \u00e7ift s\u0131ra bilya yap\u0131s\u0131<\/li>\n<li data-section-id=\"1mpt223\" data-start=\"1282\" data-end=\"1320\">D\u00fc\u015f\u00fck s\u00fcrt\u00fcnme ile d\u00fczg\u00fcn \u00e7al\u0131\u015fma<\/li>\n<li data-section-id=\"1cx40cl\" data-start=\"1321\" data-end=\"1370\">Orta ile y\u00fcksek y\u00fck uygulamalar\u0131 i\u00e7in uygundur<\/li>\n<li data-section-id=\"1cp3td6\" data-start=\"1371\" data-end=\"1415\">Titre\u015fimi ve operasyonel stresi azalt\u0131r<\/li>\n<li data-section-id=\"f8hmgc\" data-start=\"1416\" data-end=\"1453\">Kolay kurulum ve bak\u0131m<\/li>\n<li data-section-id=\"1kczbua\" data-start=\"1454\" data-end=\"1500\">Uzun hizmet \u00f6mr\u00fc ve g\u00fcvenilir performans<\/li>\n<\/ul>\n<h1 data-section-id=\"10k15yz\" data-start=\"1507\" data-end=\"1537\"><span role=\"text\"><strong data-start=\"1509\" data-end=\"1537\">Teknik \u00d6zellikler<\/strong><\/span><\/h1>\n<div class=\"TyagGW_tableContainer\">\n<div class=\"group TyagGW_tableWrapper flex flex-col-reverse w-fit\" tabindex=\"-1\">\n<table class=\"w-fit min-w-(--thread-content-width)\" data-start=\"1539\" data-end=\"1960\">\n<thead data-start=\"1539\" data-end=\"1560\">\n<tr data-start=\"1539\" data-end=\"1560\">\n<th class=\"\" data-start=\"1539\" data-end=\"1551\" data-col-size=\"sm\">Parametre<\/th>\n<th class=\"\" data-start=\"1551\" data-end=\"1560\" data-col-size=\"sm\">De\u011fer<\/th>\n<\/tr>\n<\/thead>\n<tbody data-start=\"1581\" data-end=\"1960\">\n<tr data-start=\"1581\" data-end=\"1605\">\n<td data-start=\"1581\" data-end=\"1597\" data-col-size=\"sm\">Rulman Modeli<\/td>\n<td data-start=\"1597\" data-end=\"1605\" data-col-size=\"sm\">1308<\/td>\n<\/tr>\n<tr data-start=\"1606\" data-end=\"1636\">\n<td data-start=\"1606\" data-end=\"1627\" data-col-size=\"sm\">\u0130\u00e7 \u00c7ap (d)<\/td>\n<td data-start=\"1627\" data-end=\"1636\" data-col-size=\"sm\">40 mm<\/td>\n<\/tr>\n<tr data-start=\"1637\" data-end=\"1667\">\n<td data-start=\"1637\" data-end=\"1658\" data-col-size=\"sm\">D\u0131\u015f \u00c7ap (D)<\/td>\n<td data-start=\"1658\" data-end=\"1667\" data-col-size=\"sm\">90 mm<\/td>\n<\/tr>\n<tr data-start=\"1668\" data-end=\"1689\">\n<td data-start=\"1668\" data-end=\"1680\" data-col-size=\"sm\">Geni\u015flik (B)<\/td>\n<td data-start=\"1680\" data-end=\"1689\" data-col-size=\"sm\">23 mm<\/td>\n<\/tr>\n<tr data-start=\"1690\" data-end=\"1735\">\n<td data-start=\"1690\" data-end=\"1705\" data-col-size=\"sm\">Rulman Tipi<\/td>\n<td data-start=\"1705\" data-end=\"1735\" data-col-size=\"sm\">Kendinden Hizalanan Bilyal\u0131 Rulman<\/td>\n<\/tr>\n<tr data-start=\"1736\" data-end=\"1762\">\n<td data-start=\"1736\" data-end=\"1748\" data-col-size=\"sm\">Yap\u0131<\/td>\n<td data-start=\"1748\" data-end=\"1762\" data-col-size=\"sm\">\u00c7ift S\u0131ra<\/td>\n<\/tr>\n<tr data-start=\"1763\" data-end=\"1808\">\n<td data-start=\"1763\" data-end=\"1774\" data-col-size=\"sm\">Malzeme<\/td>\n<td data-start=\"1774\" data-end=\"1808\" data-col-size=\"sm\">Krom \u00c7elik \/ Paslanmaz \u00c7elik<\/td>\n<\/tr>\n<tr data-start=\"1809\" data-end=\"1850\">\n<td data-start=\"1809\" data-end=\"1825\" data-col-size=\"sm\">Kafes Malzemesi<\/td>\n<td data-start=\"1825\" data-end=\"1850\" data-col-size=\"sm\">\u00c7elik \/ Pirin\u00e7 \/ Naylon<\/td>\n<\/tr>\n<tr data-start=\"1851\" data-end=\"1881\">\n<td data-start=\"1851\" data-end=\"1865\" data-col-size=\"sm\">Ya\u011flama<\/td>\n<td data-start=\"1865\" data-end=\"1881\" data-col-size=\"sm\">Ya\u011f \/ Ya\u011flama<\/td>\n<\/tr>\n<tr data-start=\"1882\" data-end=\"1917\">\n<td data-start=\"1882\" data-end=\"1901\" data-col-size=\"sm\">Hassasiyet S\u0131n\u0131f\u0131<\/td>\n<td data-start=\"1901\" data-end=\"1917\" data-col-size=\"sm\">P0 \/ P6 \/ P5<\/td>\n<\/tr>\n<tr data-start=\"1918\" data-end=\"1960\">\n<td data-start=\"1918\" data-end=\"1942\" data-col-size=\"sm\">\u00c7al\u0131\u015fma S\u0131cakl\u0131\u011f\u0131<\/td>\n<td data-start=\"1942\" data-end=\"1960\" data-col-size=\"sm\">-20\u00b0C ile 120\u00b0C<\/td>\n<\/tr>\n<\/tbody>\n<\/table>\n<\/div>\n<\/div>\n<h1 data-section-id=\"1p00fbj\" data-start=\"1967\" data-end=\"1985\"><span role=\"text\"><strong data-start=\"1969\" data-end=\"1985\">Uygulamalar<\/strong><\/span><\/h1>\n<p data-start=\"1987\" data-end=\"2041\">1308 kendinden hizalanan bilyal\u0131 rulman yayg\u0131n olarak \u015funlarda kullan\u0131l\u0131r:<\/p>\n<ul data-start=\"2043\" data-end=\"2221\">\n<li data-section-id=\"1n6ynun\" data-start=\"2043\" data-end=\"2069\">Tar\u0131m makineleri<\/li>\n<li data-section-id=\"176s2ln\" data-start=\"2070\" data-end=\"2090\">Konvey\u00f6r sistemleri<\/li>\n<li data-section-id=\"1ahkbyk\" data-start=\"2091\" data-end=\"2122\">End\u00fcstriyel fanlar ve \u00fcfleyiciler<\/li>\n<li data-section-id=\"io1u9n\" data-start=\"2123\" data-end=\"2144\">Tekstil makineleri<\/li>\n<li data-section-id=\"ib1wqr\" data-start=\"2145\" data-end=\"2180\">Mekanik iletim sistemleri<\/li>\n<li data-section-id=\"1kib5nh\" data-start=\"2181\" data-end=\"2221\">Hafif ile orta end\u00fcstriyel ekipman<\/li>\n<\/ul>\n<h1 data-section-id=\"zdmnob\" data-start=\"2228\" data-end=\"2247\"><span role=\"text\"><strong data-start=\"2230\" data-end=\"2247\">Neden Bizi Se\u00e7melisiniz<\/strong><\/span><\/h1>\n<ul data-start=\"2249\" data-end=\"2466\">\n<li data-section-id=\"t14xel\" data-start=\"2249\" data-end=\"2302\">Tutarl\u0131 kalite ile stabil fabrika \u00fcretimi<\/li>\n<li data-section-id=\"hq554l\" data-start=\"2303\" data-end=\"2348\">OEM ve \u00f6zel malzeme se\u00e7enekleri mevcut<\/li>\n<li data-section-id=\"18yrkc1\" data-start=\"2349\" data-end=\"2388\">Toplu sipari\u015fler i\u00e7in rekabet\u00e7i fiyatland\u0131rma<\/li>\n<li data-section-id=\"k7xnqf\" data-start=\"2389\" data-end=\"2424\">H\u0131zl\u0131 teslimat ve k\u00fcresel tedarik<\/li>\n<li data-section-id=\"1u6ytj0\" data-start=\"2425\" data-end=\"2466\">S\u0131k\u0131 denetim ve kalite kontrol<\/li>\n<\/ul>\n<h1 data-section-id=\"1iusff4\" data-start=\"2473\" data-end=\"2482\"><span role=\"text\"><strong data-start=\"2475\" data-end=\"2482\">SSS<\/strong><\/span><\/h1>\n<p data-start=\"2484\" data-end=\"2653\"><strong data-start=\"2484\" data-end=\"2550\">S1: 1308 kendinden hizalanan rulmanlar\u0131n ana avantaj\u0131 nedir?<\/strong><br data-start=\"2550\" data-end=\"2553\" \/>C: \u015eaft hizas\u0131ndaki bozulmalar\u0131 otomatik olarak telafi eder, stresi azalt\u0131r ve hizmet \u00f6mr\u00fcn\u00fc uzat\u0131r.<\/p>\n<p data-start=\"2655\" data-end=\"2816\"><strong data-start=\"2655\" data-end=\"2708\">S2: 1308 a\u011f\u0131r y\u00fck uygulamalar\u0131 i\u00e7in uygun mudur?<\/strong><br data-start=\"2708\" data-end=\"2711\" \/>C: Orta ile nispeten y\u00fcksek y\u00fck uygulamalar\u0131 i\u00e7in uygundur, ancak a\u015f\u0131r\u0131 a\u011f\u0131r ko\u015fullar i\u00e7in de\u011fildir.<\/p>\n<p data-start=\"2818\" data-end=\"2951\"><strong data-start=\"2818\" data-end=\"2865\">S3: Paslanmaz \u00e7elik versiyonlar\u0131 mevcut mu?<\/strong><br data-start=\"2865\" data-end=\"2868\" \/>C: Evet, paslanmaz \u00e7elik ve iste\u011fe ba\u011fl\u0131 \u00f6zel malzeme se\u00e7enekleri mevcuttur.<\/p>","protected":false},"excerpt":{"rendered":"<p>Bu <strong data-start=\"373\" data-end=\"408\">1308 Kendinden Hizalanan Bilyal\u0131 Rulman<\/strong> \u015faft hizas\u0131ndaki bozulma ve sapmalar\u0131 \u00e7al\u0131\u015fma s\u0131ras\u0131nda kar\u015f\u0131lamak \u00fczere \u00f6zel olarak tasarlanm\u0131\u015f \u00e7ift s\u0131ra rulmand\u0131r. K\u00fcresel d\u0131\u015f y\u00fczeyi ile bu rulman otomatik olarak hizalamay\u0131 ayarlar, d\u00fczg\u00fcn d\u00f6ng\u00fc sa\u011flar ve i\u00e7 stresi azalt\u0131r.<\/p>","protected":false},"featured_media":2540,"comment_status":"open","ping_status":"closed","template":"","meta":{"site-sidebar-layout":"default","site-content-layout":"","ast-site-content-layout":"default","site-content-style":"default","site-sidebar-style":"default","ast-global-header-display":"","ast-banner-title-visibility":"","ast-main-header-display":"","ast-hfb-above-header-display":"","ast-hfb-below-header-display":"","ast-hfb-mobile-header-display":"","site-post-title":"","ast-breadcrumbs-content":"","ast-featured-img":"","footer-sml-layout":"","ast-disable-related-posts":"","theme-transparent-header-meta":"default","adv-header-id-meta":"","stick-header-meta":"default","header-above-stick-meta":"","header-main-stick-meta":"","header-below-stick-meta":"","astra-migrate-meta-layouts":"set","ast-page-background-enabled":"default","ast-page-background-meta":{"desktop":{"background-color":"","background-image":"","background-repeat":"repeat","background-position":"center center","background-size":"auto","background-attachment":"scroll","background-type":"","background-media":"","overlay-type":"","overlay-color":"","overlay-opacity":"","overlay-gradient":""},"tablet":{"background-color":"","background-image":"","background-repeat":"repeat","background-position":"center center","background-size":"auto","background-attachment":"scroll","background-type":"","background-media":"","overlay-type":"","overlay-color":"","overlay-opacity":"","overlay-gradient":""},"mobile":{"background-color":"","background-image":"","background-repeat":"repeat","background-position":"center center","background-size":"auto","background-attachment":"scroll","background-type":"","background-media":"","overlay-type":"","overlay-color":"","overlay-opacity":"","overlay-gradient":""}},"ast-content-background-meta":{"desktop":{"background-color":"var(--ast-global-color-5)","background-image":"","background-repeat":"repeat","background-position":"center center","background-size":"auto","background-attachment":"scroll","background-type":"","background-media":"","overlay-type":"","overlay-color":"","overlay-opacity":"","overlay-gradient":""},"tablet":{"background-color":"var(--ast-global-color-5)","background-image":"","background-repeat":"repeat","background-position":"center center","background-size":"auto","background-attachment":"scroll","background-type":"","background-media":"","overlay-type":"","overlay-color":"","overlay-opacity":"","overlay-gradient":""},"mobile":{"background-color":"var(--ast-global-color-5)","background-image":"","background-repeat":"repeat","background-position":"center center","background-size":"auto","background-attachment":"scroll","background-type":"","background-media":"","overlay-type":"","overlay-color":"","overlay-opacity":"","overlay-gradient":""}}},"product_brand":[],"product_cat":[22],"product_tag":[213,160,209,206,45,211,207,72,143,205],"class_list":{"0":"post-2439","1":"product","2":"type-product","3":"status-publish","4":"has-post-thumbnail","6":"product_cat-self-aligning-ball-bearings","7":"product_tag-1308-bearing","8":"product_tag-agricultural-bearing","9":"product_tag-conveyor-bearing","10":"product_tag-double-row-bearing","11":"product_tag-industrial-bearing","12":"product_tag-mechanical-bearing","13":"product_tag-misalignment-bearing","14":"product_tag-oem-bearing-supplier","15":"product_tag-precision-bearing-manufacturer","16":"product_tag-self-aligning-ball-bearing","17":"desktop-align-left","18":"tablet-align-left","19":"mobile-align-left","20":"ast-product-gallery-layout-horizontal-slider","21":"ast-product-gallery-with-no-image","22":"ast-product-tabs-layout-horizontal","24":"first","25":"instock","26":"shipping-taxable","27":"product-type-simple"},"_links":{"self":[{"href":"https:\/\/www.machinerybearings.com\/tr\/wp-json\/wp\/v2\/product\/2439","targetHints":{"allow":["GET"]}}],"collection":[{"href":"https:\/\/www.machinerybearings.com\/tr\/wp-json\/wp\/v2\/product"}],"about":[{"href":"https:\/\/www.machinerybearings.com\/tr\/wp-json\/wp\/v2\/types\/product"}],"replies":[{"embeddable":true,"href":"https:\/\/www.machinerybearings.com\/tr\/wp-json\/wp\/v2\/comments?post=2439"}],"wp:featuredmedia":[{"embeddable":true,"href":"https:\/\/www.machinerybearings.com\/tr\/wp-json\/wp\/v2\/media\/2540"}],"wp:attachment":[{"href":"https:\/\/www.machinerybearings.com\/tr\/wp-json\/wp\/v2\/media?parent=2439"}],"wp:term":[{"taxonomy":"product_brand","embeddable":true,"href":"https:\/\/www.machinerybearings.com\/tr\/wp-json\/wp\/v2\/product_brand?post=2439"},{"taxonomy":"product_cat","embeddable":true,"href":"https:\/\/www.machinerybearings.com\/tr\/wp-json\/wp\/v2\/product_cat?post=2439"},{"taxonomy":"product_tag","embeddable":true,"href":"https:\/\/www.machinerybearings.com\/tr\/wp-json\/wp\/v2\/product_tag?post=2439"}],"curies":[{"name":"wp","href":"https:\/\/api.w.org\/{rel}","templated":true}]}}