{"id":2440,"date":"2026-04-13T14:32:45","date_gmt":"2026-04-13T14:32:45","guid":{"rendered":"https:\/\/www.machinerybearings.com\/?post_type=product&#038;p=2440"},"modified":"2026-05-04T14:15:15","modified_gmt":"2026-05-04T14:15:15","slug":"wide-inner-ring-bearing-insert-bearing-with-extended-inner-ring-for-enhanced-shaft-support","status":"publish","type":"product","link":"https:\/\/www.machinerybearings.com\/tr\/urun\/wide-inner-ring-bearing-insert-bearing-with-extended-inner-ring-for-enhanced-shaft-support\/","title":{"rendered":"Geni\u015f \u0130\u00e7 Y\u00fcz Rulman\u0131 \u2013 Geli\u015ftirilmi\u015f Mil Deste\u011fi i\u00e7in Uzat\u0131lm\u0131\u015f \u0130\u00e7 Y\u00fcz ile Rulman"},"content":{"rendered":"<p data-start=\"376\" data-end=\"699\">Bu <strong data-start=\"380\" data-end=\"407\">Geni\u015f \u0130\u00e7 Y\u00fcz\u00fck Rulman\u0131<\/strong> Bir veya her iki tarafta uzat\u0131lm\u0131\u015f i\u00e7 y\u00fcz\u00fck ile tasarlanm\u0131\u015f \u00f6zel bir takviye rulman\u0131d\u0131r. Bu tasar\u0131m, ek mil deste\u011fi, geli\u015ftirilmi\u015f stabilite ve daha iyi kilitleme performans\u0131 sa\u011flar; bu da onu mil hizalamas\u0131, titre\u015fim veya s\u0131n\u0131rl\u0131 mil destek uzunlu\u011fu olan uygulamalar i\u00e7in ideal hale getirir.<\/p>\n<p data-start=\"701\" data-end=\"997\">Tar\u0131m makineleri ve konvey\u00f6r sistemlerinde yayg\u0131n olarak kullan\u0131lan geni\u015f i\u00e7 y\u00fcz\u00fck rulmanlar\u0131 genellikle yast\u0131k blok veya flan\u015f muhafazalar\u0131nda monte edilir. Uzat\u0131lm\u0131\u015f i\u00e7 y\u00fcz\u00fck, set vidalar\u0131 veya eksantrik kilitleme halkalar\u0131 kullanarak g\u00fcvenli bir \u015fekilde sabitleme sa\u011flar ve dinamik y\u00fck ko\u015fullar\u0131 alt\u0131nda g\u00fcvenilir bir \u00e7al\u0131\u015fma sa\u011flar.<\/p>\n<p data-start=\"999\" data-end=\"1194\">Y\u00fcksek kaliteli krom \u00e7elikten \u00fcretilmi\u015f ve paslanmaz \u00e7elik versiyonlar\u0131 mevcut olan bu rulmanlar, zorlu ortamlarda m\u00fckemmel dayan\u0131kl\u0131l\u0131k, p\u00fcr\u00fczs\u00fcz d\u00f6n\u00fc\u015f ve uzun hizmet \u00f6mr\u00fc sunar.<\/p>\n<h1 data-section-id=\"8av2ty\" data-start=\"1201\" data-end=\"1219\"><span role=\"text\"><strong data-start=\"1203\" data-end=\"1219\">Ana \u00d6zellikler<\/strong><\/span><\/h1>\n<ul data-start=\"1221\" data-end=\"1567\">\n<li data-section-id=\"19holap\" data-start=\"1221\" data-end=\"1271\">Geli\u015ftirilmi\u015f mil deste\u011fi i\u00e7in uzat\u0131lm\u0131\u015f i\u00e7 y\u00fcz\u00fck<\/li>\n<li data-section-id=\"1j20xvq\" data-start=\"1272\" data-end=\"1332\">Mil sapmas\u0131 olan uygulamalarda geli\u015ftirilmi\u015f stabilite<\/li>\n<li data-section-id=\"1te2cmv\" data-start=\"1333\" data-end=\"1387\">Set vidalar\u0131 veya eksantrik halka ile g\u00fcvenli kilitleme<\/li>\n<li data-section-id=\"3br2ju\" data-start=\"1388\" data-end=\"1426\">Kendili\u011finden hizalanan d\u0131\u015f y\u00fczey tasar\u0131m\u0131<\/li>\n<li data-section-id=\"hwxtx0\" data-start=\"1427\" data-end=\"1476\">Yast\u0131k blok ve flan\u015f muhafazalar\u0131 i\u00e7in uygundur<\/li>\n<li data-section-id=\"1lzu0yl\" data-start=\"1477\" data-end=\"1516\">Kolay bak\u0131m i\u00e7in \u00f6nceden ya\u011flanm\u0131\u015f<\/li>\n<li data-section-id=\"1u6kvkj\" data-start=\"1517\" data-end=\"1567\">Titre\u015fim ve darbe y\u00fcklerine kar\u015f\u0131 g\u00fc\u00e7l\u00fc diren\u00e7<\/li>\n<\/ul>\n<h1 data-section-id=\"10k15yz\" data-start=\"1574\" data-end=\"1604\"><span role=\"text\"><strong data-start=\"1576\" data-end=\"1604\">Teknik \u00d6zellikler<\/strong><\/span><\/h1>\n<div class=\"TyagGW_tableContainer\">\n<div class=\"group TyagGW_tableWrapper flex flex-col-reverse w-fit\" tabindex=\"-1\">\n<table class=\"w-fit min-w-(--thread-content-width)\" data-start=\"1606\" data-end=\"2064\">\n<thead data-start=\"1606\" data-end=\"1627\">\n<tr data-start=\"1606\" data-end=\"1627\">\n<th class=\"\" data-start=\"1606\" data-end=\"1618\" data-col-size=\"sm\">Parametre<\/th>\n<th class=\"\" data-start=\"1618\" data-end=\"1627\" data-col-size=\"md\">De\u011fer<\/th>\n<\/tr>\n<\/thead>\n<tbody data-start=\"1648\" data-end=\"2064\">\n<tr data-start=\"1648\" data-end=\"1697\">\n<td data-start=\"1648\" data-end=\"1663\" data-col-size=\"sm\">Rulman Tipi<\/td>\n<td data-col-size=\"md\" data-start=\"1663\" data-end=\"1697\">Geni\u015f \u0130\u00e7 Y\u00fcz\u00fck Takviye Rulman\u0131<\/td>\n<\/tr>\n<tr data-start=\"1698\" data-end=\"1762\">\n<td data-start=\"1698\" data-end=\"1710\" data-col-size=\"sm\">Yap\u0131<\/td>\n<td data-col-size=\"md\" data-start=\"1710\" data-end=\"1762\">Uzat\u0131lm\u0131\u015f i\u00e7 y\u00fcz\u00fck ile tek s\u0131ra bilyal\u0131 rulman<\/td>\n<\/tr>\n<tr data-start=\"1763\" data-end=\"1808\">\n<td data-start=\"1763\" data-end=\"1774\" data-col-size=\"sm\">Malzeme<\/td>\n<td data-col-size=\"md\" data-start=\"1774\" data-end=\"1808\">Krom \u00c7elik \/ Paslanmaz \u00c7elik<\/td>\n<\/tr>\n<tr data-start=\"1809\" data-end=\"1866\">\n<td data-start=\"1809\" data-end=\"1826\" data-col-size=\"sm\">Kilitleme Y\u00f6ntemi<\/td>\n<td data-col-size=\"md\" data-start=\"1826\" data-end=\"1866\">Ayar vidas\u0131 \/ Eksantrik kilitleme halkas\u0131<\/td>\n<\/tr>\n<tr data-start=\"1867\" data-end=\"1904\">\n<td data-start=\"1867\" data-end=\"1882\" data-col-size=\"sm\">S\u0131zd\u0131rmazl\u0131k Tipi<\/td>\n<td data-col-size=\"md\" data-start=\"1882\" data-end=\"1904\">Kau\u00e7uk contalar (2RS)<\/td>\n<\/tr>\n<tr data-start=\"1905\" data-end=\"1934\">\n<td data-start=\"1905\" data-end=\"1919\" data-col-size=\"sm\">Ya\u011flama<\/td>\n<td data-col-size=\"md\" data-start=\"1919\" data-end=\"1934\">\u00d6nceden ya\u011flanm\u0131\u015f<\/td>\n<\/tr>\n<tr data-start=\"1935\" data-end=\"1986\">\n<td data-start=\"1935\" data-end=\"1959\" data-col-size=\"sm\">Konut Uyumlulu\u011fu<\/td>\n<td data-col-size=\"md\" data-start=\"1959\" data-end=\"1986\">UCP \/ UCF \/ UCFL serileri<\/td>\n<\/tr>\n<tr data-start=\"1987\" data-end=\"2029\">\n<td data-start=\"1987\" data-end=\"2011\" data-col-size=\"sm\">\u00c7al\u0131\u015fma S\u0131cakl\u0131\u011f\u0131<\/td>\n<td data-col-size=\"md\" data-start=\"2011\" data-end=\"2029\">-20\u00b0C ile 120\u00b0C<\/td>\n<\/tr>\n<tr data-start=\"2030\" data-end=\"2064\">\n<td data-start=\"2030\" data-end=\"2042\" data-col-size=\"sm\">Y\u00fck Tipi<\/td>\n<td data-col-size=\"md\" data-start=\"2042\" data-end=\"2064\">Orta radyal y\u00fck<\/td>\n<\/tr>\n<\/tbody>\n<\/table>\n<\/div>\n<\/div>\n<h1 data-section-id=\"1p00fbj\" data-start=\"2071\" data-end=\"2089\"><span role=\"text\"><strong data-start=\"2073\" data-end=\"2089\">Uygulamalar<\/strong><\/span><\/h1>\n<p data-start=\"2091\" data-end=\"2135\">Geni\u015f i\u00e7 halka rulmanlar\u0131 yayg\u0131n olarak \u015funlarda kullan\u0131l\u0131r:<\/p>\n<ul data-start=\"2137\" data-end=\"2291\">\n<li data-section-id=\"1n6ynun\" data-start=\"2137\" data-end=\"2163\">Tar\u0131m makineleri<\/li>\n<li data-section-id=\"176s2ln\" data-start=\"2164\" data-end=\"2184\">Konvey\u00f6r sistemleri<\/li>\n<li data-section-id=\"1vok1mu\" data-start=\"2185\" data-end=\"2214\">\u00c7im ve bah\u00e7e ekipmanlar\u0131<\/li>\n<li data-section-id=\"io1u9n\" data-start=\"2215\" data-end=\"2236\">Tekstil makineleri<\/li>\n<li data-section-id=\"1htpp6l\" data-start=\"2237\" data-end=\"2260\">Ambalaj ekipmanlar\u0131<\/li>\n<li data-section-id=\"14dhqtb\" data-start=\"2261\" data-end=\"2291\">Hafif sanayi makineleri<\/li>\n<\/ul>\n<h1 data-section-id=\"zdmnob\" data-start=\"2298\" data-end=\"2317\"><span role=\"text\"><strong data-start=\"2300\" data-end=\"2317\">Neden Bizi Se\u00e7melisiniz<\/strong><\/span><\/h1>\n<ul data-start=\"2319\" data-end=\"2558\">\n<li data-section-id=\"27wjk1\" data-start=\"2319\" data-end=\"2372\">Takviye rulman \u00fcretiminde g\u00fc\u00e7l\u00fc deneyim<\/li>\n<li data-section-id=\"1rc9oj3\" data-start=\"2373\" data-end=\"2419\">OEM ve \u00f6zel kilitleme \u00e7\u00f6z\u00fcmleri mevcut<\/li>\n<li data-section-id=\"1veetvt\" data-start=\"2420\" data-end=\"2470\">Stabil performansa sahip y\u00fcksek kaliteli malzemeler<\/li>\n<li data-section-id=\"25hgpv\" data-start=\"2471\" data-end=\"2513\">Standart konut birimleri ile uyumlu<\/li>\n<li data-section-id=\"1lpvtyk\" data-start=\"2514\" data-end=\"2558\">H\u0131zl\u0131 teslimat ve toplu tedarik kapasitesi<\/li>\n<\/ul>\n<h1 data-section-id=\"1iusff4\" data-start=\"2565\" data-end=\"2574\"><span role=\"text\"><strong data-start=\"2567\" data-end=\"2574\">SSS<\/strong><\/span><\/h1>\n<p data-start=\"2576\" data-end=\"2751\"><strong data-start=\"2576\" data-end=\"2635\">S1: Geni\u015f i\u00e7 halka rulman\u0131n\u0131n avantaj\u0131 nedir?<\/strong><br data-start=\"2635\" data-end=\"2638\" \/>C: \u00d6zellikle mil sapmas\u0131 veya titre\u015fim olan uygulamalarda daha iyi mil deste\u011fi ve stabilite sa\u011flar.<\/p>\n<p data-start=\"2753\" data-end=\"2877\"><strong data-start=\"2753\" data-end=\"2799\">S2: Rulman mil ile nas\u0131l sabitlenir?<\/strong><br data-start=\"2799\" data-end=\"2802\" \/>C: Genellikle ayar vidalar\u0131 veya eksantrik kilitleme halkas\u0131 kullan\u0131larak g\u00fcvence alt\u0131na al\u0131n\u0131r.<\/p>\n<p data-start=\"2879\" data-end=\"3013\"><strong data-start=\"2879\" data-end=\"2938\">S3: Standart yast\u0131k blok konutlar\u0131 ile kullan\u0131labilir mi?<\/strong><br data-start=\"2938\" data-end=\"2941\" \/>A: Evet, standart UCP, UCF ve UCFL konut birimleriyle uyumludur.<\/p>","protected":false},"excerpt":{"rendered":"<p>Bu <strong data-start=\"380\" data-end=\"407\">Geni\u015f \u0130\u00e7 Y\u00fcz\u00fck Rulman\u0131<\/strong> Bir veya her iki tarafta uzat\u0131lm\u0131\u015f i\u00e7 y\u00fcz\u00fck ile tasarlanm\u0131\u015f \u00f6zel bir takviye rulman\u0131d\u0131r. Bu tasar\u0131m, ek mil deste\u011fi, geli\u015ftirilmi\u015f stabilite ve daha iyi kilitleme performans\u0131 sa\u011flar; bu da onu mil hizalamas\u0131, titre\u015fim veya s\u0131n\u0131rl\u0131 mil destek uzunlu\u011fu olan uygulamalar i\u00e7in ideal hale getirir.<\/p>","protected":false},"featured_media":2603,"comment_status":"open","ping_status":"closed","template":"","meta":{"site-sidebar-layout":"default","site-content-layout":"","ast-site-content-layout":"default","site-content-style":"default","site-sidebar-style":"default","ast-global-header-display":"","ast-banner-title-visibility":"","ast-main-header-display":"","ast-hfb-above-header-display":"","ast-hfb-below-header-display":"","ast-hfb-mobile-header-display":"","site-post-title":"","ast-breadcrumbs-content":"","ast-featured-img":"","footer-sml-layout":"","ast-disable-related-posts":"","theme-transparent-header-meta":"default","adv-header-id-meta":"","stick-header-meta":"default","header-above-stick-meta":"","header-main-stick-meta":"","header-below-stick-meta":"","astra-migrate-meta-layouts":"set","ast-page-background-enabled":"default","ast-page-background-meta":{"desktop":{"background-color":"","background-image":"","background-repeat":"repeat","background-position":"center center","background-size":"auto","background-attachment":"scroll","background-type":"","background-media":"","overlay-type":"","overlay-color":"","overlay-opacity":"","overlay-gradient":""},"tablet":{"background-color":"","background-image":"","background-repeat":"repeat","background-position":"center center","background-size":"auto","background-attachment":"scroll","background-type":"","background-media":"","overlay-type":"","overlay-color":"","overlay-opacity":"","overlay-gradient":""},"mobile":{"background-color":"","background-image":"","background-repeat":"repeat","background-position":"center center","background-size":"auto","background-attachment":"scroll","background-type":"","background-media":"","overlay-type":"","overlay-color":"","overlay-opacity":"","overlay-gradient":""}},"ast-content-background-meta":{"desktop":{"background-color":"var(--ast-global-color-5)","background-image":"","background-repeat":"repeat","background-position":"center center","background-size":"auto","background-attachment":"scroll","background-type":"","background-media":"","overlay-type":"","overlay-color":"","overlay-opacity":"","overlay-gradient":""},"tablet":{"background-color":"var(--ast-global-color-5)","background-image":"","background-repeat":"repeat","background-position":"center center","background-size":"auto","background-attachment":"scroll","background-type":"","background-media":"","overlay-type":"","overlay-color":"","overlay-opacity":"","overlay-gradient":""},"mobile":{"background-color":"var(--ast-global-color-5)","background-image":"","background-repeat":"repeat","background-position":"center center","background-size":"auto","background-attachment":"scroll","background-type":"","background-media":"","overlay-type":"","overlay-color":"","overlay-opacity":"","overlay-gradient":""}}},"product_brand":[],"product_cat":[22],"product_tag":[160,209,45,156,159,72,157,162,215,214],"class_list":{"0":"post-2440","1":"product","2":"type-product","3":"status-publish","4":"has-post-thumbnail","6":"product_cat-self-aligning-ball-bearings","7":"product_tag-agricultural-bearing","8":"product_tag-conveyor-bearing","9":"product_tag-industrial-bearing","10":"product_tag-insert-bearing","11":"product_tag-mounted-bearing","12":"product_tag-oem-bearing-supplier","13":"product_tag-pillow-block-bearing","14":"product_tag-self-aligning-bearing","15":"product_tag-uc-bearing","16":"product_tag-wide-inner-ring-bearing","17":"desktop-align-left","18":"tablet-align-left","19":"mobile-align-left","20":"ast-product-gallery-layout-horizontal-slider","21":"ast-product-gallery-with-no-image","22":"ast-product-tabs-layout-horizontal","24":"first","25":"instock","26":"shipping-taxable","27":"product-type-simple"},"_links":{"self":[{"href":"https:\/\/www.machinerybearings.com\/tr\/wp-json\/wp\/v2\/product\/2440","targetHints":{"allow":["GET"]}}],"collection":[{"href":"https:\/\/www.machinerybearings.com\/tr\/wp-json\/wp\/v2\/product"}],"about":[{"href":"https:\/\/www.machinerybearings.com\/tr\/wp-json\/wp\/v2\/types\/product"}],"replies":[{"embeddable":true,"href":"https:\/\/www.machinerybearings.com\/tr\/wp-json\/wp\/v2\/comments?post=2440"}],"wp:featuredmedia":[{"embeddable":true,"href":"https:\/\/www.machinerybearings.com\/tr\/wp-json\/wp\/v2\/media\/2603"}],"wp:attachment":[{"href":"https:\/\/www.machinerybearings.com\/tr\/wp-json\/wp\/v2\/media?parent=2440"}],"wp:term":[{"taxonomy":"product_brand","embeddable":true,"href":"https:\/\/www.machinerybearings.com\/tr\/wp-json\/wp\/v2\/product_brand?post=2440"},{"taxonomy":"product_cat","embeddable":true,"href":"https:\/\/www.machinerybearings.com\/tr\/wp-json\/wp\/v2\/product_cat?post=2440"},{"taxonomy":"product_tag","embeddable":true,"href":"https:\/\/www.machinerybearings.com\/tr\/wp-json\/wp\/v2\/product_tag?post=2440"}],"curies":[{"name":"wp","href":"https:\/\/api.w.org\/{rel}","templated":true}]}}