{"id":2444,"date":"2026-04-13T14:39:55","date_gmt":"2026-04-13T14:39:55","guid":{"rendered":"https:\/\/www.machinerybearings.com\/?post_type=product&#038;p=2444"},"modified":"2026-05-03T06:24:41","modified_gmt":"2026-05-03T06:24:41","slug":"22205-spherical-roller-bearing-self-aligning-heavy-load-bearing-for-industrial-applications","status":"publish","type":"product","link":"https:\/\/www.machinerybearings.com\/tr\/urun\/22205-spherical-roller-bearing-self-aligning-heavy-load-bearing-for-industrial-applications\/","title":{"rendered":"22205 K\u00fcresel Rulman \u2013 End\u00fcstriyel Uygulamalar i\u00e7in Kendili\u011finden Hizalanan A\u011f\u0131rl\u0131k Rulman\u0131"},"content":{"rendered":"<p data-start=\"379\" data-end=\"690\">Bu <strong data-start=\"383\" data-end=\"417\">22205 K\u00fcresel Rulman<\/strong> a\u011f\u0131r radyal y\u00fckleri ve orta d\u00fczeyde eksenel y\u00fckleri ta\u015f\u0131yacak \u015fekilde tasarlanm\u0131\u015f \u00e7ift s\u0131ra rulmand\u0131r ve mil hizas\u0131ndaki hatalar\u0131 telafi eder. K\u00fcresel ray\u0131 otomatik hizalama sa\u011flar, bu da mil sapmas\u0131 veya montaj hatalar\u0131n\u0131n meydana geldi\u011fi uygulamalar i\u00e7in idealdir.<\/p>\n<p data-start=\"692\" data-end=\"953\">Bu rulman, zorlu \u00e7al\u0131\u015fma ko\u015fullar\u0131nda y\u00fcksek dayan\u0131kl\u0131l\u0131k ve g\u00fcvenilirlik i\u00e7in tasarlanm\u0131\u015ft\u0131r. Kendinden hizalanan bilyal\u0131 rulmanlarla kar\u015f\u0131la\u015ft\u0131r\u0131ld\u0131\u011f\u0131nda, 22205 gibi k\u00fcresel rulmanlar \u00f6nemli \u00f6l\u00e7\u00fcde daha y\u00fcksek y\u00fck kapasitesi ve darbe ile titre\u015fime kar\u015f\u0131 geli\u015ftirilmi\u015f diren\u00e7 sunar.<\/p>\n<p data-start=\"955\" data-end=\"1136\">Y\u00fcksek kaliteli ala\u015f\u0131m veya krom \u00e7elikten \u00fcretilen 22205 rulman\u0131, zorlu end\u00fcstriyel ortamlarda uzun hizmet \u00f6mr\u00fc, d\u00fczg\u00fcn \u00e7al\u0131\u015fma ve tutarl\u0131 performans sa\u011flar.<\/p>\n<h1 data-section-id=\"8av2ty\" data-start=\"1143\" data-end=\"1161\"><span role=\"text\"><strong data-start=\"1145\" data-end=\"1161\">Ana \u00d6zellikler<\/strong><\/span><\/h1>\n<ul data-start=\"1163\" data-end=\"1499\">\n<li data-section-id=\"17ys86f\" data-start=\"1163\" data-end=\"1220\">A\u011f\u0131r hizmet uygulamalar\u0131 i\u00e7in y\u00fcksek radyal y\u00fck kapasitesi<\/li>\n<li data-section-id=\"1fr59o7\" data-start=\"1221\" data-end=\"1280\">Kendili\u011finden hizalanan tasar\u0131m, \u015faft hizas\u0131zl\u0131\u011f\u0131n\u0131 telafi eder<\/li>\n<li data-section-id=\"1vl001\" data-start=\"1281\" data-end=\"1325\">Kombine radyal ve eksenel y\u00fckleri destekler<\/li>\n<li data-section-id=\"4qe041\" data-start=\"1326\" data-end=\"1373\">Darbe ve titre\u015fime m\u00fckemmel diren\u00e7<\/li>\n<li data-section-id=\"js9du9\" data-start=\"1374\" data-end=\"1418\">Zorlu ko\u015fullarda uzun hizmet \u00f6mr\u00fc<\/li>\n<li data-section-id=\"xjurbh\" data-start=\"1419\" data-end=\"1456\">D\u00fc\u015f\u00fck s\u00fcrt\u00fcnme ve stabil \u00e7al\u0131\u015fma<\/li>\n<li data-section-id=\"1398rv\" data-start=\"1457\" data-end=\"1499\">S\u00fcrekli end\u00fcstriyel kullan\u0131m i\u00e7in uygundur<\/li>\n<\/ul>\n<h1 data-section-id=\"10k15yz\" data-start=\"1506\" data-end=\"1536\"><span role=\"text\"><strong data-start=\"1508\" data-end=\"1536\">Teknik \u00d6zellikler<\/strong><\/span><\/h1>\n<div class=\"TyagGW_tableContainer\">\n<div class=\"group TyagGW_tableWrapper flex flex-col-reverse w-fit\" tabindex=\"-1\">\n<table class=\"w-fit min-w-(--thread-content-width)\" data-start=\"1538\" data-end=\"1953\">\n<thead data-start=\"1538\" data-end=\"1559\">\n<tr data-start=\"1538\" data-end=\"1559\">\n<th class=\"\" data-start=\"1538\" data-end=\"1550\" data-col-size=\"sm\">Parametre<\/th>\n<th class=\"\" data-start=\"1550\" data-end=\"1559\" data-col-size=\"sm\">De\u011fer<\/th>\n<\/tr>\n<\/thead>\n<tbody data-start=\"1580\" data-end=\"1953\">\n<tr data-start=\"1580\" data-end=\"1605\">\n<td data-start=\"1580\" data-end=\"1596\" data-col-size=\"sm\">Rulman Modeli<\/td>\n<td data-start=\"1596\" data-end=\"1605\" data-col-size=\"sm\">22205<\/td>\n<\/tr>\n<tr data-start=\"1606\" data-end=\"1636\">\n<td data-start=\"1606\" data-end=\"1627\" data-col-size=\"sm\">\u0130\u00e7 \u00c7ap (d)<\/td>\n<td data-col-size=\"sm\" data-start=\"1627\" data-end=\"1636\">25 mm<\/td>\n<\/tr>\n<tr data-start=\"1637\" data-end=\"1667\">\n<td data-start=\"1637\" data-end=\"1658\" data-col-size=\"sm\">D\u0131\u015f \u00c7ap (D)<\/td>\n<td data-start=\"1658\" data-end=\"1667\" data-col-size=\"sm\">52 mm<\/td>\n<\/tr>\n<tr data-start=\"1668\" data-end=\"1689\">\n<td data-start=\"1668\" data-end=\"1680\" data-col-size=\"sm\">Geni\u015flik (B)<\/td>\n<td data-col-size=\"sm\" data-start=\"1680\" data-end=\"1689\">18 mm<\/td>\n<\/tr>\n<tr data-start=\"1690\" data-end=\"1733\">\n<td data-start=\"1690\" data-end=\"1705\" data-col-size=\"sm\">Rulman Tipi<\/td>\n<td data-col-size=\"sm\" data-start=\"1705\" data-end=\"1733\">K\u00fcresel Rulman<\/td>\n<\/tr>\n<tr data-start=\"1734\" data-end=\"1767\">\n<td data-start=\"1734\" data-end=\"1746\" data-col-size=\"sm\">Yap\u0131<\/td>\n<td data-start=\"1746\" data-end=\"1767\" data-col-size=\"sm\">\u00c7ift S\u0131ra Rulman<\/td>\n<\/tr>\n<tr data-start=\"1768\" data-end=\"1809\">\n<td data-start=\"1768\" data-end=\"1779\" data-col-size=\"sm\">Malzeme<\/td>\n<td data-start=\"1779\" data-end=\"1809\" data-col-size=\"sm\">Krom \u00c7elik \/ Ala\u015f\u0131m \u00c7elik<\/td>\n<\/tr>\n<tr data-start=\"1810\" data-end=\"1843\">\n<td data-start=\"1810\" data-end=\"1826\" data-col-size=\"sm\">Kafes Malzemesi<\/td>\n<td data-start=\"1826\" data-end=\"1843\" data-col-size=\"sm\">\u00c7elik \/ Pirin\u00e7<\/td>\n<\/tr>\n<tr data-start=\"1844\" data-end=\"1874\">\n<td data-start=\"1844\" data-end=\"1858\" data-col-size=\"sm\">Ya\u011flama<\/td>\n<td data-start=\"1858\" data-end=\"1874\" data-col-size=\"sm\">Ya\u011f \/ Ya\u011flama<\/td>\n<\/tr>\n<tr data-start=\"1875\" data-end=\"1910\">\n<td data-start=\"1875\" data-end=\"1894\" data-col-size=\"sm\">Hassasiyet S\u0131n\u0131f\u0131<\/td>\n<td data-start=\"1894\" data-end=\"1910\" data-col-size=\"sm\">P0 \/ P6 \/ P5<\/td>\n<\/tr>\n<tr data-start=\"1911\" data-end=\"1953\">\n<td data-start=\"1911\" data-end=\"1935\" data-col-size=\"sm\">\u00c7al\u0131\u015fma S\u0131cakl\u0131\u011f\u0131<\/td>\n<td data-start=\"1935\" data-end=\"1953\" data-col-size=\"sm\">-20\u00b0C ile 150\u00b0C aras\u0131<\/td>\n<\/tr>\n<\/tbody>\n<\/table>\n<\/div>\n<\/div>\n<h1 data-section-id=\"1p00fbj\" data-start=\"1960\" data-end=\"1978\"><span role=\"text\"><strong data-start=\"1962\" data-end=\"1978\">Uygulamalar<\/strong><\/span><\/h1>\n<p data-start=\"1980\" data-end=\"2033\">22205 k\u00fcresel rulman, geni\u015f bir \u015fekilde \u015funlarda kullan\u0131lmaktad\u0131r:<\/p>\n<ul data-start=\"2035\" data-end=\"2219\">\n<li data-section-id=\"byc78f\" data-start=\"2035\" data-end=\"2066\">Madencilik ve ocak ekipmanlar\u0131<\/li>\n<li data-section-id=\"176s2ln\" data-start=\"2067\" data-end=\"2087\">Konvey\u00f6r sistemleri<\/li>\n<li data-section-id=\"1n6ynun\" data-start=\"2088\" data-end=\"2114\">Tar\u0131m makineleri<\/li>\n<li data-section-id=\"942l0d\" data-start=\"2115\" data-end=\"2139\">End\u00fcstriyel di\u015fliler<\/li>\n<li data-section-id=\"10ok9wi\" data-start=\"2140\" data-end=\"2177\">\u00c7elik ve \u00e7imento \u00fcretim hatlar\u0131<\/li>\n<li data-section-id=\"azxdeo\" data-start=\"2178\" data-end=\"2219\">A\u011f\u0131r mekanik iletim sistemleri<\/li>\n<\/ul>\n<h1 data-section-id=\"zdmnob\" data-start=\"2226\" data-end=\"2245\"><span role=\"text\"><strong data-start=\"2228\" data-end=\"2245\">Neden Bizi Se\u00e7melisiniz<\/strong><\/span><\/h1>\n<ul data-start=\"2247\" data-end=\"2490\">\n<li data-section-id=\"1vbjgp6\" data-start=\"2247\" data-end=\"2304\">A\u011f\u0131r hizmet rulman \u00fcretiminde g\u00fc\u00e7l\u00fc yetenek<\/li>\n<li data-section-id=\"1eol690\" data-start=\"2305\" data-end=\"2343\">OEM ve \u00f6zel \u00e7\u00f6z\u00fcmler mevcuttur<\/li>\n<li data-section-id=\"gy7e8t\" data-start=\"2344\" data-end=\"2398\">S\u0131k\u0131 kalite kontrol\u00fc ile y\u00fcksek kaliteli malzemeler<\/li>\n<li data-section-id=\"rqr2fb\" data-start=\"2399\" data-end=\"2443\">End\u00fcstriyel toplu sipari\u015fler i\u00e7in istikrarl\u0131 tedarik<\/li>\n<li data-section-id=\"bhimnc\" data-start=\"2444\" data-end=\"2490\">H\u0131zl\u0131 k\u00fcresel teslimat ve teknik destek<\/li>\n<\/ul>\n<h1 data-section-id=\"1iusff4\" data-start=\"2497\" data-end=\"2506\"><span role=\"text\"><strong data-start=\"2499\" data-end=\"2506\">SSS<\/strong><\/span><\/h1>\n<p data-start=\"2508\" data-end=\"2645\"><strong data-start=\"2508\" data-end=\"2567\">S1: K\u00fcresel rulmanlar\u0131n avantaj\u0131 nedir?<\/strong><br data-start=\"2567\" data-end=\"2570\" \/>C: Y\u00fcksek y\u00fck kapasitesi ve m\u00fckemmel hizalama telafisi sa\u011flarlar.<\/p>\n<p data-start=\"2647\" data-end=\"2770\"><strong data-start=\"2647\" data-end=\"2693\">S2: 22205 rulmanlar a\u011f\u0131r y\u00fckleri ta\u015f\u0131yabilir mi?<\/strong><br data-start=\"2693\" data-end=\"2696\" \/>C: Evet, a\u011f\u0131r radyal y\u00fckler ve orta d\u00fczeyde eksenel y\u00fckler i\u00e7in tasarlanm\u0131\u015ft\u0131r.<\/p>\n<p data-start=\"2772\" data-end=\"2896\"><strong data-start=\"2772\" data-end=\"2822\">S3: \u00d6zel malzemeler veya tasar\u0131mlar mevcut mu?<\/strong><br data-start=\"2822\" data-end=\"2825\" \/>C: Evet, uygulama gereksinimlerine dayal\u0131 OEM \u00f6zelle\u015ftirmeyi destekliyoruz.<\/p>","protected":false},"excerpt":{"rendered":"<p>Bu <strong data-start=\"383\" data-end=\"417\">22205 K\u00fcresel Rulman<\/strong> a\u011f\u0131r radyal y\u00fckleri ve orta d\u00fczeyde eksenel y\u00fckleri ta\u015f\u0131yacak \u015fekilde tasarlanm\u0131\u015f \u00e7ift s\u0131ra rulmand\u0131r ve mil hizas\u0131ndaki hatalar\u0131 telafi eder. K\u00fcresel ray\u0131 otomatik hizalama sa\u011flar, bu da mil sapmas\u0131 veya montaj hatalar\u0131n\u0131n meydana geldi\u011fi uygulamalar i\u00e7in idealdir.<\/p>","protected":false},"featured_media":2545,"comment_status":"open","ping_status":"closed","template":"","meta":{"site-sidebar-layout":"default","site-content-layout":"","ast-site-content-layout":"default","site-content-style":"default","site-sidebar-style":"default","ast-global-header-display":"","ast-banner-title-visibility":"","ast-main-header-display":"","ast-hfb-above-header-display":"","ast-hfb-below-header-display":"","ast-hfb-mobile-header-display":"","site-post-title":"","ast-breadcrumbs-content":"","ast-featured-img":"","footer-sml-layout":"","ast-disable-related-posts":"","theme-transparent-header-meta":"default","adv-header-id-meta":"","stick-header-meta":"default","header-above-stick-meta":"","header-main-stick-meta":"","header-below-stick-meta":"","astra-migrate-meta-layouts":"set","ast-page-background-enabled":"default","ast-page-background-meta":{"desktop":{"background-color":"","background-image":"","background-repeat":"repeat","background-position":"center center","background-size":"auto","background-attachment":"scroll","background-type":"","background-media":"","overlay-type":"","overlay-color":"","overlay-opacity":"","overlay-gradient":""},"tablet":{"background-color":"","background-image":"","background-repeat":"repeat","background-position":"center center","background-size":"auto","background-attachment":"scroll","background-type":"","background-media":"","overlay-type":"","overlay-color":"","overlay-opacity":"","overlay-gradient":""},"mobile":{"background-color":"","background-image":"","background-repeat":"repeat","background-position":"center center","background-size":"auto","background-attachment":"scroll","background-type":"","background-media":"","overlay-type":"","overlay-color":"","overlay-opacity":"","overlay-gradient":""}},"ast-content-background-meta":{"desktop":{"background-color":"var(--ast-global-color-5)","background-image":"","background-repeat":"repeat","background-position":"center center","background-size":"auto","background-attachment":"scroll","background-type":"","background-media":"","overlay-type":"","overlay-color":"","overlay-opacity":"","overlay-gradient":""},"tablet":{"background-color":"var(--ast-global-color-5)","background-image":"","background-repeat":"repeat","background-position":"center center","background-size":"auto","background-attachment":"scroll","background-type":"","background-media":"","overlay-type":"","overlay-color":"","overlay-opacity":"","overlay-gradient":""},"mobile":{"background-color":"var(--ast-global-color-5)","background-image":"","background-repeat":"repeat","background-position":"center center","background-size":"auto","background-attachment":"scroll","background-type":"","background-media":"","overlay-type":"","overlay-color":"","overlay-opacity":"","overlay-gradient":""}}},"product_brand":[],"product_cat":[24],"product_tag":[218,209,78,56,51,45,119,72,219,153],"class_list":{"0":"post-2444","1":"product","2":"type-product","3":"status-publish","4":"has-post-thumbnail","6":"product_cat-spherical-roller-bearings","7":"product_tag-22205-bearing","8":"product_tag-conveyor-bearing","9":"product_tag-gearbox-bearing","10":"product_tag-heavy-duty-bearing","11":"product_tag-high-load-bearing","12":"product_tag-industrial-bearing","13":"product_tag-mining-bearing","14":"product_tag-oem-bearing-supplier","15":"product_tag-self-aligning-roller-bearing","16":"product_tag-spherical-roller-bearing","17":"desktop-align-left","18":"tablet-align-left","19":"mobile-align-left","20":"ast-product-gallery-layout-horizontal-slider","21":"ast-product-gallery-with-no-image","22":"ast-product-tabs-layout-horizontal","24":"first","25":"instock","26":"shipping-taxable","27":"product-type-simple"},"_links":{"self":[{"href":"https:\/\/www.machinerybearings.com\/tr\/wp-json\/wp\/v2\/product\/2444","targetHints":{"allow":["GET"]}}],"collection":[{"href":"https:\/\/www.machinerybearings.com\/tr\/wp-json\/wp\/v2\/product"}],"about":[{"href":"https:\/\/www.machinerybearings.com\/tr\/wp-json\/wp\/v2\/types\/product"}],"replies":[{"embeddable":true,"href":"https:\/\/www.machinerybearings.com\/tr\/wp-json\/wp\/v2\/comments?post=2444"}],"wp:featuredmedia":[{"embeddable":true,"href":"https:\/\/www.machinerybearings.com\/tr\/wp-json\/wp\/v2\/media\/2545"}],"wp:attachment":[{"href":"https:\/\/www.machinerybearings.com\/tr\/wp-json\/wp\/v2\/media?parent=2444"}],"wp:term":[{"taxonomy":"product_brand","embeddable":true,"href":"https:\/\/www.machinerybearings.com\/tr\/wp-json\/wp\/v2\/product_brand?post=2444"},{"taxonomy":"product_cat","embeddable":true,"href":"https:\/\/www.machinerybearings.com\/tr\/wp-json\/wp\/v2\/product_cat?post=2444"},{"taxonomy":"product_tag","embeddable":true,"href":"https:\/\/www.machinerybearings.com\/tr\/wp-json\/wp\/v2\/product_tag?post=2444"}],"curies":[{"name":"wp","href":"https:\/\/api.w.org\/{rel}","templated":true}]}}