{"id":2446,"date":"2026-04-13T14:44:47","date_gmt":"2026-04-13T14:44:47","guid":{"rendered":"https:\/\/www.machinerybearings.com\/?post_type=product&#038;p=2446"},"modified":"2026-05-03T06:29:37","modified_gmt":"2026-05-03T06:29:37","slug":"22210-spherical-roller-bearing-heavy-load-self-aligning-bearing-for-industrial-machinery","status":"publish","type":"product","link":"https:\/\/www.machinerybearings.com\/tr\/urun\/22210-spherical-roller-bearing-heavy-load-self-aligning-bearing-for-industrial-machinery\/","title":{"rendered":"22210 K\u00fcresel Rulman \u2013 End\u00fcstriyel Makineler i\u00e7in A\u011f\u0131rl\u0131k Kendili\u011finden Hizalanan Rulman"},"content":{"rendered":"<p data-start=\"365\" data-end=\"710\">Bu <strong data-start=\"369\" data-end=\"403\">22210 K\u00fcresel Rulman<\/strong> a\u011f\u0131r radyal y\u00fckleri ve orta eksenel y\u00fckleri ta\u015f\u0131yacak \u015fekilde tasarlanm\u0131\u015f y\u00fcksek performansl\u0131 \u00e7ift s\u0131ra rulmand\u0131r ve mil hizas\u0131ndaki hatalar\u0131 telafi eder. K\u00fcresel ray\u0131 otomatik hizalama sa\u011flar, bu da mil sapmas\u0131, montaj hatalar\u0131 veya dinamik \u00e7al\u0131\u015fma ko\u015fullar\u0131 olan uygulamalar i\u00e7in idealdir.<\/p>\n<p data-start=\"712\" data-end=\"971\">Standart bilyal\u0131 rulmanlarla kar\u015f\u0131la\u015ft\u0131r\u0131ld\u0131\u011f\u0131nda, 22210 rulman\u0131 \u00fcst\u00fcn y\u00fck kapasitesi, art\u0131r\u0131lm\u0131\u015f dayan\u0131kl\u0131l\u0131k ve \u015fok ve titre\u015fime m\u00fckemmel diren\u00e7 sunar. G\u00fcvenilirlik ve uzun hizmet \u00f6mr\u00fcn\u00fcn kritik oldu\u011fu a\u011f\u0131r sanayi ortamlar\u0131nda yayg\u0131n olarak kullan\u0131lmaktad\u0131r.<\/p>\n<p data-start=\"973\" data-end=\"1150\">Y\u00fcksek kaliteli krom \u00e7eli\u011fi veya ala\u015f\u0131m \u00e7eli\u011finden \u00fcretilen 22210 rulman\u0131, s\u00fcrekli y\u00fck ko\u015fullar\u0131 alt\u0131nda d\u00fczg\u00fcn d\u00f6n\u00fc\u015f, azalt\u0131lm\u0131\u015f s\u00fcrt\u00fcnme ve stabil performans sa\u011flar.<\/p>\n<h1 data-section-id=\"8av2ty\" data-start=\"1157\" data-end=\"1175\"><span role=\"text\"><strong data-start=\"1159\" data-end=\"1175\">Ana \u00d6zellikler<\/strong><\/span><\/h1>\n<ul data-start=\"1177\" data-end=\"1536\">\n<li data-section-id=\"17ys86f\" data-start=\"1177\" data-end=\"1234\">A\u011f\u0131r hizmet uygulamalar\u0131 i\u00e7in y\u00fcksek radyal y\u00fck kapasitesi<\/li>\n<li data-section-id=\"1fr59o7\" data-start=\"1235\" data-end=\"1294\">Kendili\u011finden hizalanan tasar\u0131m, \u015faft hizas\u0131zl\u0131\u011f\u0131n\u0131 telafi eder<\/li>\n<li data-section-id=\"1vl001\" data-start=\"1295\" data-end=\"1339\">Kombine radyal ve eksenel y\u00fckleri destekler<\/li>\n<li data-section-id=\"1n39sdg\" data-start=\"1340\" data-end=\"1393\">Titre\u015fim ve \u015fok y\u00fcklerine m\u00fckemmel diren\u00e7<\/li>\n<li data-section-id=\"yc3667\" data-start=\"1394\" data-end=\"1448\">Sert sanayi ortamlar\u0131nda uzun hizmet \u00f6mr\u00fc<\/li>\n<li data-section-id=\"1mpt223\" data-start=\"1449\" data-end=\"1487\">D\u00fc\u015f\u00fck s\u00fcrt\u00fcnme ile d\u00fczg\u00fcn \u00e7al\u0131\u015fma<\/li>\n<li data-section-id=\"1u0azbc\" data-start=\"1488\" data-end=\"1536\">S\u00fcrekli a\u011f\u0131r hizmet operasyonlar\u0131 i\u00e7in uygundur<\/li>\n<\/ul>\n<h1 data-section-id=\"10k15yz\" data-start=\"1543\" data-end=\"1573\"><span role=\"text\"><strong data-start=\"1545\" data-end=\"1573\">Teknik \u00d6zellikler<\/strong><\/span><\/h1>\n<div class=\"TyagGW_tableContainer\">\n<div class=\"group TyagGW_tableWrapper flex flex-col-reverse w-fit\" tabindex=\"-1\">\n<table class=\"w-fit min-w-(--thread-content-width)\" data-start=\"1575\" data-end=\"1990\">\n<thead data-start=\"1575\" data-end=\"1596\">\n<tr data-start=\"1575\" data-end=\"1596\">\n<th class=\"\" data-start=\"1575\" data-end=\"1587\" data-col-size=\"sm\">Parametre<\/th>\n<th class=\"\" data-start=\"1587\" data-end=\"1596\" data-col-size=\"sm\">De\u011fer<\/th>\n<\/tr>\n<\/thead>\n<tbody data-start=\"1617\" data-end=\"1990\">\n<tr data-start=\"1617\" data-end=\"1642\">\n<td data-start=\"1617\" data-end=\"1633\" data-col-size=\"sm\">Rulman Modeli<\/td>\n<td data-col-size=\"sm\" data-start=\"1633\" data-end=\"1642\">22210<\/td>\n<\/tr>\n<tr data-start=\"1643\" data-end=\"1673\">\n<td data-start=\"1643\" data-end=\"1664\" data-col-size=\"sm\">\u0130\u00e7 \u00c7ap (d)<\/td>\n<td data-start=\"1664\" data-end=\"1673\" data-col-size=\"sm\">50 mm<\/td>\n<\/tr>\n<tr data-start=\"1674\" data-end=\"1704\">\n<td data-start=\"1674\" data-end=\"1695\" data-col-size=\"sm\">D\u0131\u015f \u00c7ap (D)<\/td>\n<td data-start=\"1695\" data-end=\"1704\" data-col-size=\"sm\">90 mm<\/td>\n<\/tr>\n<tr data-start=\"1705\" data-end=\"1726\">\n<td data-start=\"1705\" data-end=\"1717\" data-col-size=\"sm\">Geni\u015flik (B)<\/td>\n<td data-start=\"1717\" data-end=\"1726\" data-col-size=\"sm\">23 mm<\/td>\n<\/tr>\n<tr data-start=\"1727\" data-end=\"1770\">\n<td data-start=\"1727\" data-end=\"1742\" data-col-size=\"sm\">Rulman Tipi<\/td>\n<td data-start=\"1742\" data-end=\"1770\" data-col-size=\"sm\">K\u00fcresel Rulman<\/td>\n<\/tr>\n<tr data-start=\"1771\" data-end=\"1804\">\n<td data-start=\"1771\" data-end=\"1783\" data-col-size=\"sm\">Yap\u0131<\/td>\n<td data-start=\"1783\" data-end=\"1804\" data-col-size=\"sm\">\u00c7ift S\u0131ra Rulman<\/td>\n<\/tr>\n<tr data-start=\"1805\" data-end=\"1846\">\n<td data-start=\"1805\" data-end=\"1816\" data-col-size=\"sm\">Malzeme<\/td>\n<td data-start=\"1816\" data-end=\"1846\" data-col-size=\"sm\">Krom \u00c7elik \/ Ala\u015f\u0131m \u00c7elik<\/td>\n<\/tr>\n<tr data-start=\"1847\" data-end=\"1880\">\n<td data-start=\"1847\" data-end=\"1863\" data-col-size=\"sm\">Kafes Malzemesi<\/td>\n<td data-col-size=\"sm\" data-start=\"1863\" data-end=\"1880\">\u00c7elik \/ Pirin\u00e7<\/td>\n<\/tr>\n<tr data-start=\"1881\" data-end=\"1911\">\n<td data-start=\"1881\" data-end=\"1895\" data-col-size=\"sm\">Ya\u011flama<\/td>\n<td data-start=\"1895\" data-end=\"1911\" data-col-size=\"sm\">Ya\u011f \/ Ya\u011flama<\/td>\n<\/tr>\n<tr data-start=\"1912\" data-end=\"1947\">\n<td data-start=\"1912\" data-end=\"1931\" data-col-size=\"sm\">Hassasiyet S\u0131n\u0131f\u0131<\/td>\n<td data-start=\"1931\" data-end=\"1947\" data-col-size=\"sm\">P0 \/ P6 \/ P5<\/td>\n<\/tr>\n<tr data-start=\"1948\" data-end=\"1990\">\n<td data-start=\"1948\" data-end=\"1972\" data-col-size=\"sm\">\u00c7al\u0131\u015fma S\u0131cakl\u0131\u011f\u0131<\/td>\n<td data-col-size=\"sm\" data-start=\"1972\" data-end=\"1990\">-20\u00b0C ile 150\u00b0C aras\u0131<\/td>\n<\/tr>\n<\/tbody>\n<\/table>\n<\/div>\n<\/div>\n<h1 data-section-id=\"1p00fbj\" data-start=\"1997\" data-end=\"2015\"><span role=\"text\"><strong data-start=\"1999\" data-end=\"2015\">Uygulamalar<\/strong><\/span><\/h1>\n<p data-start=\"2017\" data-end=\"2070\">22210 k\u00fcresel rulman, a\u015fa\u011f\u0131dakilerde yayg\u0131n olarak kullan\u0131lmaktad\u0131r:<\/p>\n<ul data-start=\"2072\" data-end=\"2256\">\n<li data-section-id=\"ew3yor\" data-start=\"2072\" data-end=\"2103\">Madencilik ve ta\u015f oca\u011f\u0131 makineleri<\/li>\n<li data-section-id=\"176s2ln\" data-start=\"2104\" data-end=\"2124\">Konvey\u00f6r sistemleri<\/li>\n<li data-section-id=\"942l0d\" data-start=\"2125\" data-end=\"2149\">End\u00fcstriyel di\u015fliler<\/li>\n<li data-section-id=\"10ok9wi\" data-start=\"2150\" data-end=\"2187\">\u00c7elik ve \u00e7imento \u00fcretim hatlar\u0131<\/li>\n<li data-section-id=\"azxdeo\" data-start=\"2188\" data-end=\"2229\">A\u011f\u0131r mekanik iletim sistemleri<\/li>\n<li data-section-id=\"y8acu3\" data-start=\"2230\" data-end=\"2256\">Tar\u0131m ekipmanlar\u0131<\/li>\n<\/ul>\n<h1 data-section-id=\"zdmnob\" data-start=\"2263\" data-end=\"2282\"><span role=\"text\"><strong data-start=\"2265\" data-end=\"2282\">Neden Bizi Se\u00e7melisiniz<\/strong><\/span><\/h1>\n<ul data-start=\"2284\" data-end=\"2526\">\n<li data-section-id=\"3u22ud\" data-start=\"2284\" data-end=\"2343\">A\u011f\u0131r hizmet rulmanlar\u0131 i\u00e7in g\u00fc\u00e7l\u00fc \u00fcretim yetene\u011fi<\/li>\n<li data-section-id=\"1eol690\" data-start=\"2344\" data-end=\"2382\">OEM ve \u00f6zel \u00e7\u00f6z\u00fcmler mevcuttur<\/li>\n<li data-section-id=\"1hszmfc\" data-start=\"2383\" data-end=\"2434\">Y\u00fcksek kaliteli malzemeler ve hassas i\u015fleme<\/li>\n<li data-section-id=\"rqr2fb\" data-start=\"2435\" data-end=\"2479\">End\u00fcstriyel toplu sipari\u015fler i\u00e7in istikrarl\u0131 tedarik<\/li>\n<li data-section-id=\"bhimnc\" data-start=\"2480\" data-end=\"2526\">H\u0131zl\u0131 k\u00fcresel teslimat ve teknik destek<\/li>\n<\/ul>\n<h1 data-section-id=\"1iusff4\" data-start=\"2533\" data-end=\"2542\"><span role=\"text\"><strong data-start=\"2535\" data-end=\"2542\">SSS<\/strong><\/span><\/h1>\n<p data-start=\"2544\" data-end=\"2720\"><strong data-start=\"2544\" data-end=\"2614\">S1: 22210 k\u00fcresel rulmanlar\u0131n\u0131n ana avantaj\u0131 nedir?<\/strong><br data-start=\"2614\" data-end=\"2617\" \/>C: A\u011f\u0131r hizmet uygulamalar\u0131 i\u00e7in y\u00fcksek y\u00fck kapasitesi ve m\u00fckemmel hizalama telafisi sa\u011flarlar.<\/p>\n<p data-start=\"2722\" data-end=\"2851\"><strong data-start=\"2722\" data-end=\"2768\">S2: 22210 rulmanlar\u0131 eksenel y\u00fckleri ta\u015f\u0131yabilir mi?<\/strong><br data-start=\"2768\" data-end=\"2771\" \/>C: Evet, a\u011f\u0131r radyal y\u00fcklerin yan\u0131 s\u0131ra orta eksenel y\u00fckleri de destekleyebilirler.<\/p>\n<p data-start=\"2853\" data-end=\"2986\"><strong data-start=\"2853\" data-end=\"2895\">S3: \u00d6zelle\u015ftirilmi\u015f versiyonlar mevcut mu?<\/strong><br data-start=\"2895\" data-end=\"2898\" \/>C: Evet, malzemeler, bo\u015fluk ve hassasiyet s\u0131n\u0131flar\u0131 dahil olmak \u00fczere OEM \u00f6zelle\u015ftirmesi sunuyoruz.<\/p>","protected":false},"excerpt":{"rendered":"<p>Bu <strong data-start=\"369\" data-end=\"403\">22210 K\u00fcresel Rulman<\/strong> a\u011f\u0131r radyal y\u00fckleri ve orta eksenel y\u00fckleri ta\u015f\u0131yacak \u015fekilde tasarlanm\u0131\u015f y\u00fcksek performansl\u0131 \u00e7ift s\u0131ra rulmand\u0131r ve mil hizas\u0131ndaki hatalar\u0131 telafi eder. K\u00fcresel ray\u0131 otomatik hizalama sa\u011flar, bu da mil sapmas\u0131, montaj hatalar\u0131 veya dinamik \u00e7al\u0131\u015fma ko\u015fullar\u0131 olan uygulamalar i\u00e7in idealdir.<\/p>","protected":false},"featured_media":2546,"comment_status":"open","ping_status":"closed","template":"","meta":{"site-sidebar-layout":"default","site-content-layout":"","ast-site-content-layout":"default","site-content-style":"default","site-sidebar-style":"default","ast-global-header-display":"","ast-banner-title-visibility":"","ast-main-header-display":"","ast-hfb-above-header-display":"","ast-hfb-below-header-display":"","ast-hfb-mobile-header-display":"","site-post-title":"","ast-breadcrumbs-content":"","ast-featured-img":"","footer-sml-layout":"","ast-disable-related-posts":"","theme-transparent-header-meta":"default","adv-header-id-meta":"","stick-header-meta":"default","header-above-stick-meta":"","header-main-stick-meta":"","header-below-stick-meta":"","astra-migrate-meta-layouts":"set","ast-page-background-enabled":"default","ast-page-background-meta":{"desktop":{"background-color":"","background-image":"","background-repeat":"repeat","background-position":"center center","background-size":"auto","background-attachment":"scroll","background-type":"","background-media":"","overlay-type":"","overlay-color":"","overlay-opacity":"","overlay-gradient":""},"tablet":{"background-color":"","background-image":"","background-repeat":"repeat","background-position":"center center","background-size":"auto","background-attachment":"scroll","background-type":"","background-media":"","overlay-type":"","overlay-color":"","overlay-opacity":"","overlay-gradient":""},"mobile":{"background-color":"","background-image":"","background-repeat":"repeat","background-position":"center center","background-size":"auto","background-attachment":"scroll","background-type":"","background-media":"","overlay-type":"","overlay-color":"","overlay-opacity":"","overlay-gradient":""}},"ast-content-background-meta":{"desktop":{"background-color":"var(--ast-global-color-5)","background-image":"","background-repeat":"repeat","background-position":"center center","background-size":"auto","background-attachment":"scroll","background-type":"","background-media":"","overlay-type":"","overlay-color":"","overlay-opacity":"","overlay-gradient":""},"tablet":{"background-color":"var(--ast-global-color-5)","background-image":"","background-repeat":"repeat","background-position":"center center","background-size":"auto","background-attachment":"scroll","background-type":"","background-media":"","overlay-type":"","overlay-color":"","overlay-opacity":"","overlay-gradient":""},"mobile":{"background-color":"var(--ast-global-color-5)","background-image":"","background-repeat":"repeat","background-position":"center center","background-size":"auto","background-attachment":"scroll","background-type":"","background-media":"","overlay-type":"","overlay-color":"","overlay-opacity":"","overlay-gradient":""}}},"product_brand":[],"product_cat":[24],"product_tag":[220,209,78,56,51,45,119,72,219,153],"class_list":{"0":"post-2446","1":"product","2":"type-product","3":"status-publish","4":"has-post-thumbnail","6":"product_cat-spherical-roller-bearings","7":"product_tag-22210-bearing","8":"product_tag-conveyor-bearing","9":"product_tag-gearbox-bearing","10":"product_tag-heavy-duty-bearing","11":"product_tag-high-load-bearing","12":"product_tag-industrial-bearing","13":"product_tag-mining-bearing","14":"product_tag-oem-bearing-supplier","15":"product_tag-self-aligning-roller-bearing","16":"product_tag-spherical-roller-bearing","17":"desktop-align-left","18":"tablet-align-left","19":"mobile-align-left","20":"ast-product-gallery-layout-horizontal-slider","21":"ast-product-gallery-with-no-image","22":"ast-product-tabs-layout-horizontal","24":"first","25":"instock","26":"shipping-taxable","27":"product-type-simple"},"_links":{"self":[{"href":"https:\/\/www.machinerybearings.com\/tr\/wp-json\/wp\/v2\/product\/2446","targetHints":{"allow":["GET"]}}],"collection":[{"href":"https:\/\/www.machinerybearings.com\/tr\/wp-json\/wp\/v2\/product"}],"about":[{"href":"https:\/\/www.machinerybearings.com\/tr\/wp-json\/wp\/v2\/types\/product"}],"replies":[{"embeddable":true,"href":"https:\/\/www.machinerybearings.com\/tr\/wp-json\/wp\/v2\/comments?post=2446"}],"wp:featuredmedia":[{"embeddable":true,"href":"https:\/\/www.machinerybearings.com\/tr\/wp-json\/wp\/v2\/media\/2546"}],"wp:attachment":[{"href":"https:\/\/www.machinerybearings.com\/tr\/wp-json\/wp\/v2\/media?parent=2446"}],"wp:term":[{"taxonomy":"product_brand","embeddable":true,"href":"https:\/\/www.machinerybearings.com\/tr\/wp-json\/wp\/v2\/product_brand?post=2446"},{"taxonomy":"product_cat","embeddable":true,"href":"https:\/\/www.machinerybearings.com\/tr\/wp-json\/wp\/v2\/product_cat?post=2446"},{"taxonomy":"product_tag","embeddable":true,"href":"https:\/\/www.machinerybearings.com\/tr\/wp-json\/wp\/v2\/product_tag?post=2446"}],"curies":[{"name":"wp","href":"https:\/\/api.w.org\/{rel}","templated":true}]}}