{"id":2448,"date":"2026-04-13T14:47:11","date_gmt":"2026-04-13T14:47:11","guid":{"rendered":"https:\/\/www.machinerybearings.com\/?post_type=product&#038;p=2448"},"modified":"2026-05-03T05:44:19","modified_gmt":"2026-05-03T05:44:19","slug":"22312-spherical-roller-bearing-heavy-load-self-aligning-bearing-for-industrial-applications","status":"publish","type":"product","link":"https:\/\/www.machinerybearings.com\/tr\/urun\/22312-spherical-roller-bearing-heavy-load-self-aligning-bearing-for-industrial-applications\/","title":{"rendered":"22312 K\u00fcresel Rulman \u2013 End\u00fcstriyel Uygulamalar i\u00e7in A\u011f\u0131rl\u0131k Kendili\u011finden Hizalanan Rulman"},"content":{"rendered":"<p data-start=\"386\" data-end=\"712\">Bu <strong data-start=\"390\" data-end=\"424\">22312 K\u00fcresel Rulman<\/strong> a\u015f\u0131r\u0131 y\u00fcksek radyal y\u00fckleri ve orta eksenel y\u00fckleri ta\u015f\u0131yacak \u015fekilde tasarlanm\u0131\u015f a\u011f\u0131r hizmet tipi, \u00e7ift s\u0131ra rulmand\u0131r ve mil hizas\u0131ndaki hatalar\u0131 telafi eder. K\u00fcresel ray tasar\u0131m\u0131 otomatik hizalama sa\u011flar, mil sapmas\u0131 veya montaj hatalar\u0131 alt\u0131nda bile kararl\u0131 performans garanti eder.<\/p>\n<p data-start=\"714\" data-end=\"980\">22200 serisi ile kar\u015f\u0131la\u015ft\u0131r\u0131ld\u0131\u011f\u0131nda, 22300 serisi rulmanlar <strong data-start=\"776\" data-end=\"868\">daha y\u00fcksek y\u00fck kapasitesi, daha b\u00fcy\u00fck dayan\u0131kl\u0131l\u0131k ve \u015fok ve titre\u015fime kar\u015f\u0131 geli\u015ftirilmi\u015f diren\u00e7 sunar<\/strong>, bunlar\u0131 madencilik, \u00e7elik \u00fcretimi ve a\u011f\u0131r makineler gibi zorlu end\u00fcstriyel ortamlar i\u00e7in ideal hale getirir.<\/p>\n<p data-start=\"982\" data-end=\"1161\">Y\u00fcksek kaliteli ala\u015f\u0131m veya krom \u00e7elikten \u00fcretilen 22312 rulman\u0131, s\u00fcrekli a\u011f\u0131r y\u00fck ko\u015fullar\u0131 alt\u0131nda m\u00fckemmel dayan\u0131kl\u0131l\u0131k, a\u015f\u0131nma direnci ve uzun hizmet \u00f6mr\u00fc sunar.<\/p>\n<h1 data-section-id=\"8av2ty\" data-start=\"1168\" data-end=\"1186\"><span role=\"text\"><strong data-start=\"1170\" data-end=\"1186\">Ana \u00d6zellikler<\/strong><\/span><\/h1>\n<ul data-start=\"1188\" data-end=\"1516\">\n<li data-section-id=\"1bxkwpw\" data-start=\"1188\" data-end=\"1227\">Son derece y\u00fcksek radyal y\u00fck kapasitesi<\/li>\n<li data-section-id=\"1fr59o7\" data-start=\"1228\" data-end=\"1287\">Kendili\u011finden hizalanan tasar\u0131m, \u015faft hizas\u0131zl\u0131\u011f\u0131n\u0131 telafi eder<\/li>\n<li data-section-id=\"1vl001\" data-start=\"1288\" data-end=\"1332\">Kombine radyal ve eksenel y\u00fckleri destekler<\/li>\n<li data-section-id=\"rdribk\" data-start=\"1333\" data-end=\"1379\">\u015eok ve titre\u015fime kar\u015f\u0131 \u00fcst\u00fcn diren\u00e7<\/li>\n<li data-section-id=\"1vtlpw4\" data-start=\"1380\" data-end=\"1432\">A\u011f\u0131r hizmet uygulamalar\u0131 i\u00e7in g\u00fc\u00e7lendirilmi\u015f yap\u0131<\/li>\n<li data-section-id=\"js9du9\" data-start=\"1433\" data-end=\"1477\">Zorlu ko\u015fullarda uzun hizmet \u00f6mr\u00fc<\/li>\n<li data-section-id=\"1mpt223\" data-start=\"1478\" data-end=\"1516\">D\u00fc\u015f\u00fck s\u00fcrt\u00fcnme ile d\u00fczg\u00fcn \u00e7al\u0131\u015fma<\/li>\n<\/ul>\n<h1 data-section-id=\"10k15yz\" data-start=\"1523\" data-end=\"1553\"><span role=\"text\"><strong data-start=\"1525\" data-end=\"1553\">Teknik \u00d6zellikler<\/strong><\/span><\/h1>\n<div class=\"TyagGW_tableContainer\">\n<div class=\"group TyagGW_tableWrapper flex flex-col-reverse w-fit\" tabindex=\"-1\">\n<table class=\"w-fit min-w-(--thread-content-width)\" data-start=\"1555\" data-end=\"1971\">\n<thead data-start=\"1555\" data-end=\"1576\">\n<tr data-start=\"1555\" data-end=\"1576\">\n<th class=\"\" data-start=\"1555\" data-end=\"1567\" data-col-size=\"sm\">Parametre<\/th>\n<th class=\"\" data-start=\"1567\" data-end=\"1576\" data-col-size=\"sm\">De\u011fer<\/th>\n<\/tr>\n<\/thead>\n<tbody data-start=\"1597\" data-end=\"1971\">\n<tr data-start=\"1597\" data-end=\"1622\">\n<td data-start=\"1597\" data-end=\"1613\" data-col-size=\"sm\">Rulman Modeli<\/td>\n<td data-start=\"1613\" data-end=\"1622\" data-col-size=\"sm\">22312<\/td>\n<\/tr>\n<tr data-start=\"1623\" data-end=\"1653\">\n<td data-start=\"1623\" data-end=\"1644\" data-col-size=\"sm\">\u0130\u00e7 \u00c7ap (d)<\/td>\n<td data-col-size=\"sm\" data-start=\"1644\" data-end=\"1653\">60 mm<\/td>\n<\/tr>\n<tr data-start=\"1654\" data-end=\"1685\">\n<td data-start=\"1654\" data-end=\"1675\" data-col-size=\"sm\">D\u0131\u015f \u00c7ap (D)<\/td>\n<td data-start=\"1675\" data-end=\"1685\" data-col-size=\"sm\">130 mm<\/td>\n<\/tr>\n<tr data-start=\"1686\" data-end=\"1707\">\n<td data-start=\"1686\" data-end=\"1698\" data-col-size=\"sm\">Geni\u015flik (B)<\/td>\n<td data-start=\"1698\" data-end=\"1707\" data-col-size=\"sm\">46 mm<\/td>\n<\/tr>\n<tr data-start=\"1708\" data-end=\"1751\">\n<td data-start=\"1708\" data-end=\"1723\" data-col-size=\"sm\">Rulman Tipi<\/td>\n<td data-start=\"1723\" data-end=\"1751\" data-col-size=\"sm\">K\u00fcresel Rulman<\/td>\n<\/tr>\n<tr data-start=\"1752\" data-end=\"1785\">\n<td data-start=\"1752\" data-end=\"1764\" data-col-size=\"sm\">Yap\u0131<\/td>\n<td data-start=\"1764\" data-end=\"1785\" data-col-size=\"sm\">\u00c7ift S\u0131ra Rulman<\/td>\n<\/tr>\n<tr data-start=\"1786\" data-end=\"1827\">\n<td data-start=\"1786\" data-end=\"1797\" data-col-size=\"sm\">Malzeme<\/td>\n<td data-start=\"1797\" data-end=\"1827\" data-col-size=\"sm\">Krom \u00c7elik \/ Ala\u015f\u0131m \u00c7elik<\/td>\n<\/tr>\n<tr data-start=\"1828\" data-end=\"1861\">\n<td data-start=\"1828\" data-end=\"1844\" data-col-size=\"sm\">Kafes Malzemesi<\/td>\n<td data-start=\"1844\" data-end=\"1861\" data-col-size=\"sm\">\u00c7elik \/ Pirin\u00e7<\/td>\n<\/tr>\n<tr data-start=\"1862\" data-end=\"1892\">\n<td data-start=\"1862\" data-end=\"1876\" data-col-size=\"sm\">Ya\u011flama<\/td>\n<td data-start=\"1876\" data-end=\"1892\" data-col-size=\"sm\">Ya\u011f \/ Ya\u011flama<\/td>\n<\/tr>\n<tr data-start=\"1893\" data-end=\"1928\">\n<td data-start=\"1893\" data-end=\"1912\" data-col-size=\"sm\">Hassasiyet S\u0131n\u0131f\u0131<\/td>\n<td data-start=\"1912\" data-end=\"1928\" data-col-size=\"sm\">P0 \/ P6 \/ P5<\/td>\n<\/tr>\n<tr data-start=\"1929\" data-end=\"1971\">\n<td data-start=\"1929\" data-end=\"1953\" data-col-size=\"sm\">\u00c7al\u0131\u015fma S\u0131cakl\u0131\u011f\u0131<\/td>\n<td data-start=\"1953\" data-end=\"1971\" data-col-size=\"sm\">-20\u00b0C ile 150\u00b0C aras\u0131<\/td>\n<\/tr>\n<\/tbody>\n<\/table>\n<\/div>\n<\/div>\n<h1 data-section-id=\"1p00fbj\" data-start=\"1978\" data-end=\"1996\"><span role=\"text\"><strong data-start=\"1980\" data-end=\"1996\">Uygulamalar<\/strong><\/span><\/h1>\n<p data-start=\"1998\" data-end=\"2051\">22312 k\u00fcresel rulman yayg\u0131n olarak \u015funlarda kullan\u0131l\u0131r:<\/p>\n<ul data-start=\"2053\" data-end=\"2234\">\n<li data-section-id=\"byc78f\" data-start=\"2053\" data-end=\"2084\">Madencilik ve ocak ekipmanlar\u0131<\/li>\n<li data-section-id=\"10jsg4s\" data-start=\"2085\" data-end=\"2122\">\u00c7elik fabrikalar\u0131 ve haddehane makineleri<\/li>\n<li data-section-id=\"siir4p\" data-start=\"2123\" data-end=\"2154\">A\u011f\u0131r hizmet konvey\u00f6r sistemleri<\/li>\n<li data-section-id=\"1tqmi6a\" data-start=\"2155\" data-end=\"2182\">\u00c7imento \u00fcretim hatlar\u0131<\/li>\n<li data-section-id=\"942l0d\" data-start=\"2183\" data-end=\"2207\">End\u00fcstriyel di\u015fliler<\/li>\n<li data-section-id=\"19d9gij\" data-start=\"2208\" data-end=\"2234\">\u0130n\u015faat makineleri<\/li>\n<\/ul>\n<h1 data-section-id=\"zdmnob\" data-start=\"2241\" data-end=\"2260\"><span role=\"text\"><strong data-start=\"2243\" data-end=\"2260\">Neden Bizi Se\u00e7melisiniz<\/strong><\/span><\/h1>\n<ul data-start=\"2262\" data-end=\"2521\">\n<li data-section-id=\"1ygtht\" data-start=\"2262\" data-end=\"2318\">A\u011f\u0131rl\u0131k ta\u015f\u0131ma \u00fcretiminde g\u00fc\u00e7l\u00fc uzmanl\u0131k<\/li>\n<li data-section-id=\"8lis3h\" data-start=\"2319\" data-end=\"2369\">OEM ve \u00f6zel m\u00fchendislik \u00e7\u00f6z\u00fcmleri mevcut<\/li>\n<li data-section-id=\"gy7e8t\" data-start=\"2370\" data-end=\"2424\">S\u0131k\u0131 kalite kontrol\u00fc ile y\u00fcksek kaliteli malzemeler<\/li>\n<li data-section-id=\"h81w5g\" data-start=\"2425\" data-end=\"2474\">B\u00fcy\u00fck end\u00fcstriyel projeler i\u00e7in g\u00fcvenilir tedarik<\/li>\n<li data-section-id=\"bhimnc\" data-start=\"2475\" data-end=\"2521\">H\u0131zl\u0131 k\u00fcresel teslimat ve teknik destek<\/li>\n<\/ul>\n<h1 data-section-id=\"1iusff4\" data-start=\"2528\" data-end=\"2537\"><span role=\"text\"><strong data-start=\"2530\" data-end=\"2537\">SSS<\/strong><\/span><\/h1>\n<p data-start=\"2539\" data-end=\"2727\"><strong data-start=\"2539\" data-end=\"2606\">S1: 222 ve 223 serisi rulmanlar aras\u0131ndaki fark nedir?<\/strong><br data-start=\"2606\" data-end=\"2609\" \/>C: 223 serisi, 222 serisine k\u0131yasla daha y\u00fcksek y\u00fck kapasitesine sahiptir ve daha a\u011f\u0131r hizmet uygulamalar\u0131 i\u00e7in tasarlanm\u0131\u015ft\u0131r.<\/p>\n<p data-start=\"2729\" data-end=\"2883\"><strong data-start=\"2729\" data-end=\"2780\">S2: 22312 a\u011f\u0131r sanayi kullan\u0131m\u0131 i\u00e7in uygun mu?<\/strong><br data-start=\"2780\" data-end=\"2783\" \/>C: Evet, madencilik ve \u00e7elik gibi end\u00fcstrilerde a\u015f\u0131r\u0131 y\u00fck ko\u015fullar\u0131 i\u00e7in \u00f6zel olarak tasarlanm\u0131\u015ft\u0131r.<\/p>\n<p data-start=\"2885\" data-end=\"3022\"><strong data-start=\"2885\" data-end=\"2930\">S3: Bu rulman hizalama hatas\u0131n\u0131 kald\u0131rabilir mi?<\/strong><br data-start=\"2930\" data-end=\"2933\" \/>C: Evet, k\u00fcresel tasar\u0131m otomatik hizalamaya izin verir ve sistem \u00fczerindeki stresi azalt\u0131r.<\/p>","protected":false},"excerpt":{"rendered":"<p>Bu <strong data-start=\"390\" data-end=\"424\">22312 K\u00fcresel Rulman<\/strong> a\u015f\u0131r\u0131 y\u00fcksek radyal y\u00fckleri ve orta eksenel y\u00fckleri ta\u015f\u0131yacak \u015fekilde tasarlanm\u0131\u015f a\u011f\u0131r hizmet tipi, \u00e7ift s\u0131ra rulmand\u0131r ve mil hizas\u0131ndaki hatalar\u0131 telafi eder. K\u00fcresel ray tasar\u0131m\u0131 otomatik hizalama sa\u011flar, mil sapmas\u0131 veya montaj hatalar\u0131 alt\u0131nda bile kararl\u0131 performans garanti eder.<\/p>","protected":false},"featured_media":2536,"comment_status":"open","ping_status":"closed","template":"","meta":{"site-sidebar-layout":"default","site-content-layout":"","ast-site-content-layout":"default","site-content-style":"default","site-sidebar-style":"default","ast-global-header-display":"","ast-banner-title-visibility":"","ast-main-header-display":"","ast-hfb-above-header-display":"","ast-hfb-below-header-display":"","ast-hfb-mobile-header-display":"","site-post-title":"","ast-breadcrumbs-content":"","ast-featured-img":"","footer-sml-layout":"","ast-disable-related-posts":"","theme-transparent-header-meta":"default","adv-header-id-meta":"","stick-header-meta":"default","header-above-stick-meta":"","header-main-stick-meta":"","header-below-stick-meta":"","astra-migrate-meta-layouts":"set","ast-page-background-enabled":"default","ast-page-background-meta":{"desktop":{"background-color":"","background-image":"","background-repeat":"repeat","background-position":"center center","background-size":"auto","background-attachment":"scroll","background-type":"","background-media":"","overlay-type":"","overlay-color":"","overlay-opacity":"","overlay-gradient":""},"tablet":{"background-color":"","background-image":"","background-repeat":"repeat","background-position":"center center","background-size":"auto","background-attachment":"scroll","background-type":"","background-media":"","overlay-type":"","overlay-color":"","overlay-opacity":"","overlay-gradient":""},"mobile":{"background-color":"","background-image":"","background-repeat":"repeat","background-position":"center center","background-size":"auto","background-attachment":"scroll","background-type":"","background-media":"","overlay-type":"","overlay-color":"","overlay-opacity":"","overlay-gradient":""}},"ast-content-background-meta":{"desktop":{"background-color":"var(--ast-global-color-5)","background-image":"","background-repeat":"repeat","background-position":"center center","background-size":"auto","background-attachment":"scroll","background-type":"","background-media":"","overlay-type":"","overlay-color":"","overlay-opacity":"","overlay-gradient":""},"tablet":{"background-color":"var(--ast-global-color-5)","background-image":"","background-repeat":"repeat","background-position":"center center","background-size":"auto","background-attachment":"scroll","background-type":"","background-media":"","overlay-type":"","overlay-color":"","overlay-opacity":"","overlay-gradient":""},"mobile":{"background-color":"var(--ast-global-color-5)","background-image":"","background-repeat":"repeat","background-position":"center center","background-size":"auto","background-attachment":"scroll","background-type":"","background-media":"","overlay-type":"","overlay-color":"","overlay-opacity":"","overlay-gradient":""}}},"product_brand":[],"product_cat":[24],"product_tag":[221,209,78,151,45,119,72,219,153,150],"class_list":{"0":"post-2448","1":"product","2":"type-product","3":"status-publish","4":"has-post-thumbnail","6":"product_cat-spherical-roller-bearings","7":"product_tag-22312-bearing","8":"product_tag-conveyor-bearing","9":"product_tag-gearbox-bearing","10":"product_tag-heavy-load-bearing","11":"product_tag-industrial-bearing","12":"product_tag-mining-bearing","13":"product_tag-oem-bearing-supplier","14":"product_tag-self-aligning-roller-bearing","15":"product_tag-spherical-roller-bearing","16":"product_tag-steel-mill-bearing","17":"desktop-align-left","18":"tablet-align-left","19":"mobile-align-left","20":"ast-product-gallery-layout-horizontal-slider","21":"ast-product-gallery-with-no-image","22":"ast-product-tabs-layout-horizontal","24":"first","25":"instock","26":"shipping-taxable","27":"product-type-simple"},"_links":{"self":[{"href":"https:\/\/www.machinerybearings.com\/tr\/wp-json\/wp\/v2\/product\/2448","targetHints":{"allow":["GET"]}}],"collection":[{"href":"https:\/\/www.machinerybearings.com\/tr\/wp-json\/wp\/v2\/product"}],"about":[{"href":"https:\/\/www.machinerybearings.com\/tr\/wp-json\/wp\/v2\/types\/product"}],"replies":[{"embeddable":true,"href":"https:\/\/www.machinerybearings.com\/tr\/wp-json\/wp\/v2\/comments?post=2448"}],"wp:featuredmedia":[{"embeddable":true,"href":"https:\/\/www.machinerybearings.com\/tr\/wp-json\/wp\/v2\/media\/2536"}],"wp:attachment":[{"href":"https:\/\/www.machinerybearings.com\/tr\/wp-json\/wp\/v2\/media?parent=2448"}],"wp:term":[{"taxonomy":"product_brand","embeddable":true,"href":"https:\/\/www.machinerybearings.com\/tr\/wp-json\/wp\/v2\/product_brand?post=2448"},{"taxonomy":"product_cat","embeddable":true,"href":"https:\/\/www.machinerybearings.com\/tr\/wp-json\/wp\/v2\/product_cat?post=2448"},{"taxonomy":"product_tag","embeddable":true,"href":"https:\/\/www.machinerybearings.com\/tr\/wp-json\/wp\/v2\/product_tag?post=2448"}],"curies":[{"name":"wp","href":"https:\/\/api.w.org\/{rel}","templated":true}]}}