{"id":2449,"date":"2026-04-13T14:51:13","date_gmt":"2026-04-13T14:51:13","guid":{"rendered":"https:\/\/www.machinerybearings.com\/?post_type=product&#038;p=2449"},"modified":"2026-05-03T05:40:19","modified_gmt":"2026-05-03T05:40:19","slug":"23022-spherical-roller-bearing-large-size-heavy-load-bearing-for-industrial-machinery","status":"publish","type":"product","link":"https:\/\/www.machinerybearings.com\/tr\/urun\/23022-spherical-roller-bearing-large-size-heavy-load-bearing-for-industrial-machinery\/","title":{"rendered":"23022 K\u00fcresel Rulman \u2013 End\u00fcstriyel Makineler i\u00e7in B\u00fcy\u00fck Boy A\u011f\u0131rl\u0131k Rulman\u0131"},"content":{"rendered":"<p data-start=\"383\" data-end=\"755\">Bu <strong data-start=\"387\" data-end=\"421\">23022 K\u00fcresel Rulman<\/strong> son derece y\u00fcksek radyal y\u00fckleri ve orta d\u00fczeyde eksenel y\u00fckleri desteklemek i\u00e7in tasarlanm\u0131\u015f b\u00fcy\u00fck boyutlu, a\u011f\u0131r hizmet rulman\u0131d\u0131r. \u00c7ift s\u0131ra rulman yap\u0131s\u0131 ve k\u00fcresel ray\u0131 otomatik hizalamay\u0131 sa\u011flar, bu da onu mil hizalamas\u0131, sapma veya a\u011f\u0131r titre\u015fim i\u00e7eren uygulamalar i\u00e7in son derece uygun hale getirir.<\/p>\n<p data-start=\"757\" data-end=\"1072\">23000 serisinin bir par\u00e7as\u0131 olarak, 23022 rulman\u0131 daha k\u00fc\u00e7\u00fck modellere k\u0131yasla daha geni\u015f bir kesit ve art\u0131r\u0131lm\u0131\u015f y\u00fck kapasitesine sahiptir, bu da onu b\u00fcy\u00fck makineler ve a\u011f\u0131r sanayi sistemleri i\u00e7in ideal hale getirir. S\u00fcrekli y\u00fcksek y\u00fck ko\u015fullar\u0131nda bile kararl\u0131 \u00e7al\u0131\u015fma, azalt\u0131lm\u0131\u015f s\u00fcrt\u00fcnme ve uzat\u0131lm\u0131\u015f hizmet \u00f6mr\u00fc sa\u011flar.<\/p>\n<p data-start=\"1074\" data-end=\"1237\">Y\u00fcksek kaliteli ala\u015f\u0131m veya krom \u00e7elikten \u00fcretilen bu rulman, zorlu \u00e7al\u0131\u015fma ko\u015fullar\u0131nda m\u00fckemmel a\u015f\u0131nma direnci, dayan\u0131kl\u0131l\u0131k ve g\u00fcvenilirlik sunar.<\/p>\n<h1 data-section-id=\"8av2ty\" data-start=\"1244\" data-end=\"1262\"><span role=\"text\"><strong data-start=\"1246\" data-end=\"1262\">Ana \u00d6zellikler<\/strong><\/span><\/h1>\n<ul data-start=\"1264\" data-end=\"1618\">\n<li data-section-id=\"xw7v8y\" data-start=\"1264\" data-end=\"1320\">A\u011f\u0131r sanayi uygulamalar\u0131 i\u00e7in b\u00fcy\u00fck boyutlu rulman<\/li>\n<li data-section-id=\"1bxkwpw\" data-start=\"1321\" data-end=\"1360\">Son derece y\u00fcksek radyal y\u00fck kapasitesi<\/li>\n<li data-section-id=\"1fr59o7\" data-start=\"1361\" data-end=\"1420\">Kendili\u011finden hizalanan tasar\u0131m, \u015faft hizas\u0131zl\u0131\u011f\u0131n\u0131 telafi eder<\/li>\n<li data-section-id=\"1vl001\" data-start=\"1421\" data-end=\"1465\">Kombine radyal ve eksenel y\u00fckleri destekler<\/li>\n<li data-section-id=\"1n39sdg\" data-start=\"1466\" data-end=\"1519\">Titre\u015fim ve \u015fok y\u00fcklerine m\u00fckemmel diren\u00e7<\/li>\n<li data-section-id=\"jg05ft\" data-start=\"1520\" data-end=\"1568\">S\u00fcrekli \u00e7al\u0131\u015fmada uzun hizmet \u00f6mr\u00fc<\/li>\n<li data-section-id=\"a2gkmg\" data-start=\"1569\" data-end=\"1618\">Zorlu ve talepkar ortamlara uygun<\/li>\n<\/ul>\n<h1 data-section-id=\"10k15yz\" data-start=\"1625\" data-end=\"1655\"><span role=\"text\"><strong data-start=\"1627\" data-end=\"1655\">Teknik \u00d6zellikler<\/strong><\/span><\/h1>\n<div class=\"TyagGW_tableContainer\">\n<div class=\"group TyagGW_tableWrapper flex flex-col-reverse w-fit\" tabindex=\"-1\">\n<table class=\"w-fit min-w-(--thread-content-width)\" data-start=\"1657\" data-end=\"2074\">\n<thead data-start=\"1657\" data-end=\"1678\">\n<tr data-start=\"1657\" data-end=\"1678\">\n<th class=\"\" data-start=\"1657\" data-end=\"1669\" data-col-size=\"sm\">Parametre<\/th>\n<th class=\"\" data-start=\"1669\" data-end=\"1678\" data-col-size=\"sm\">De\u011fer<\/th>\n<\/tr>\n<\/thead>\n<tbody data-start=\"1699\" data-end=\"2074\">\n<tr data-start=\"1699\" data-end=\"1724\">\n<td data-start=\"1699\" data-end=\"1715\" data-col-size=\"sm\">Rulman Modeli<\/td>\n<td data-start=\"1715\" data-end=\"1724\" data-col-size=\"sm\">23022<\/td>\n<\/tr>\n<tr data-start=\"1725\" data-end=\"1756\">\n<td data-start=\"1725\" data-end=\"1746\" data-col-size=\"sm\">\u0130\u00e7 \u00c7ap (d)<\/td>\n<td data-start=\"1746\" data-end=\"1756\" data-col-size=\"sm\">110 mm<\/td>\n<\/tr>\n<tr data-start=\"1757\" data-end=\"1788\">\n<td data-start=\"1757\" data-end=\"1778\" data-col-size=\"sm\">D\u0131\u015f \u00c7ap (D)<\/td>\n<td data-start=\"1778\" data-end=\"1788\" data-col-size=\"sm\">170 mm<\/td>\n<\/tr>\n<tr data-start=\"1789\" data-end=\"1810\">\n<td data-start=\"1789\" data-end=\"1801\" data-col-size=\"sm\">Geni\u015flik (B)<\/td>\n<td data-start=\"1801\" data-end=\"1810\" data-col-size=\"sm\">45 mm<\/td>\n<\/tr>\n<tr data-start=\"1811\" data-end=\"1854\">\n<td data-start=\"1811\" data-end=\"1826\" data-col-size=\"sm\">Rulman Tipi<\/td>\n<td data-start=\"1826\" data-end=\"1854\" data-col-size=\"sm\">K\u00fcresel Rulman<\/td>\n<\/tr>\n<tr data-start=\"1855\" data-end=\"1888\">\n<td data-start=\"1855\" data-end=\"1867\" data-col-size=\"sm\">Yap\u0131<\/td>\n<td data-start=\"1867\" data-end=\"1888\" data-col-size=\"sm\">\u00c7ift S\u0131ra Rulman<\/td>\n<\/tr>\n<tr data-start=\"1889\" data-end=\"1930\">\n<td data-start=\"1889\" data-end=\"1900\" data-col-size=\"sm\">Malzeme<\/td>\n<td data-start=\"1900\" data-end=\"1930\" data-col-size=\"sm\">Krom \u00c7elik \/ Ala\u015f\u0131m \u00c7elik<\/td>\n<\/tr>\n<tr data-start=\"1931\" data-end=\"1964\">\n<td data-start=\"1931\" data-end=\"1947\" data-col-size=\"sm\">Kafes Malzemesi<\/td>\n<td data-col-size=\"sm\" data-start=\"1947\" data-end=\"1964\">\u00c7elik \/ Pirin\u00e7<\/td>\n<\/tr>\n<tr data-start=\"1965\" data-end=\"1995\">\n<td data-start=\"1965\" data-end=\"1979\" data-col-size=\"sm\">Ya\u011flama<\/td>\n<td data-start=\"1979\" data-end=\"1995\" data-col-size=\"sm\">Ya\u011f \/ Ya\u011flama<\/td>\n<\/tr>\n<tr data-start=\"1996\" data-end=\"2031\">\n<td data-start=\"1996\" data-end=\"2015\" data-col-size=\"sm\">Hassasiyet S\u0131n\u0131f\u0131<\/td>\n<td data-start=\"2015\" data-end=\"2031\" data-col-size=\"sm\">P0 \/ P6 \/ P5<\/td>\n<\/tr>\n<tr data-start=\"2032\" data-end=\"2074\">\n<td data-start=\"2032\" data-end=\"2056\" data-col-size=\"sm\">\u00c7al\u0131\u015fma S\u0131cakl\u0131\u011f\u0131<\/td>\n<td data-start=\"2056\" data-end=\"2074\" data-col-size=\"sm\">-20\u00b0C ile 150\u00b0C aras\u0131<\/td>\n<\/tr>\n<\/tbody>\n<\/table>\n<\/div>\n<\/div>\n<h1 data-section-id=\"1p00fbj\" data-start=\"2081\" data-end=\"2099\"><span role=\"text\"><strong data-start=\"2083\" data-end=\"2099\">Uygulamalar<\/strong><\/span><\/h1>\n<p data-start=\"2101\" data-end=\"2154\">23022 k\u00fcresel rulman yayg\u0131n olarak \u015funlarda kullan\u0131l\u0131r:<\/p>\n<ul data-start=\"2156\" data-end=\"2353\">\n<li data-section-id=\"ew3yor\" data-start=\"2156\" data-end=\"2187\">Madencilik ve ta\u015f oca\u011f\u0131 makineleri<\/li>\n<li data-section-id=\"vrb1u3\" data-start=\"2188\" data-end=\"2231\">Demir \u00e7elik fabrikalar\u0131 ve a\u011f\u0131r haddeleme ekipmanlar\u0131<\/li>\n<li data-section-id=\"oy2bti\" data-start=\"2232\" data-end=\"2258\">B\u00fcy\u00fck konvey\u00f6r sistemleri<\/li>\n<li data-section-id=\"1tqmi6a\" data-start=\"2259\" data-end=\"2286\">\u00c7imento \u00fcretim hatlar\u0131<\/li>\n<li data-section-id=\"oxv5q8\" data-start=\"2287\" data-end=\"2322\">R\u00fczgar enerjisi ve enerji ekipmanlar\u0131<\/li>\n<li data-section-id=\"qz39ge\" data-start=\"2323\" data-end=\"2353\">A\u011f\u0131r sanayi di\u015flileri<\/li>\n<\/ul>\n<h1 data-section-id=\"zdmnob\" data-start=\"2360\" data-end=\"2379\"><span role=\"text\"><strong data-start=\"2362\" data-end=\"2379\">Neden Bizi Se\u00e7melisiniz<\/strong><\/span><\/h1>\n<ul data-start=\"2381\" data-end=\"2655\">\n<li data-section-id=\"1u48kst\" data-start=\"2381\" data-end=\"2438\">B\u00fcy\u00fck boyutlu rulman \u00fcretiminde g\u00fc\u00e7l\u00fc yetenek<\/li>\n<li data-section-id=\"1otcjj4\" data-start=\"2439\" data-end=\"2498\">A\u011f\u0131r sanayi i\u00e7in OEM ve \u00f6zel \u00e7\u00f6z\u00fcmler mevcut<\/li>\n<li data-section-id=\"u3pp8e\" data-start=\"2499\" data-end=\"2554\">Geli\u015fmi\u015f \u0131s\u0131l i\u015flem ile y\u00fcksek kaliteli malzemeler<\/li>\n<li data-section-id=\"1yivzpg\" data-start=\"2555\" data-end=\"2608\">B\u00fcy\u00fck \u00f6l\u00e7ekli sanayi projeleri i\u00e7in kararl\u0131 tedarik<\/li>\n<li data-section-id=\"bhimnc\" data-start=\"2609\" data-end=\"2655\">H\u0131zl\u0131 k\u00fcresel teslimat ve teknik destek<\/li>\n<\/ul>\n<h1 data-section-id=\"1iusff4\" data-start=\"2662\" data-end=\"2671\"><span role=\"text\"><strong data-start=\"2664\" data-end=\"2671\">SSS<\/strong><\/span><\/h1>\n<p data-start=\"2673\" data-end=\"2846\"><strong data-start=\"2673\" data-end=\"2721\">S1: 23022\u201cyi \u201db\u00fcy\u00fck boyutlu rulman\" yapan nedir?<\/strong><br data-start=\"2721\" data-end=\"2724\" \/>C: Daha b\u00fcy\u00fck boyutlar\u0131 ve daha y\u00fcksek y\u00fck kapasitesi, onu a\u011f\u0131r sanayi makineleri ve b\u00fcy\u00fck mil sistemleri i\u00e7in uygun hale getirir.<\/p>\n<p data-start=\"2848\" data-end=\"3000\"><strong data-start=\"2848\" data-end=\"2893\">S2: Bu rulman hizalama hatalar\u0131n\u0131 kald\u0131rabilir mi?<\/strong><br data-start=\"2893\" data-end=\"2896\" \/>C: Evet, k\u00fcresel makaral\u0131 tasar\u0131m otomatik hizalamaya izin verir ve mil sapmas\u0131ndan kaynaklanan stresi azalt\u0131r.<\/p>\n<p data-start=\"3002\" data-end=\"3147\"><strong data-start=\"3002\" data-end=\"3056\">S3: B\u00fcy\u00fck rulmanlar i\u00e7in \u00f6zelle\u015ftirme mevcut mu?<\/strong><br data-start=\"3056\" data-end=\"3059\" \/>C: Evet, malzemeler, bo\u015fluk ve \u00f6zel kaplamalar dahil olmak \u00fczere OEM \u00f6zelle\u015ftirmesi sunuyoruz.<\/p>","protected":false},"excerpt":{"rendered":"<p>Bu <strong data-start=\"387\" data-end=\"421\">23022 K\u00fcresel Rulman<\/strong> son derece y\u00fcksek radyal y\u00fckleri ve orta d\u00fczeyde eksenel y\u00fckleri desteklemek i\u00e7in tasarlanm\u0131\u015f b\u00fcy\u00fck boyutlu, a\u011f\u0131r hizmet rulman\u0131d\u0131r. \u00c7ift s\u0131ra rulman yap\u0131s\u0131 ve k\u00fcresel ray\u0131 otomatik hizalamay\u0131 sa\u011flar, bu da onu mil hizalamas\u0131, sapma veya a\u011f\u0131r titre\u015fim i\u00e7eren uygulamalar i\u00e7in son derece uygun hale getirir.<\/p>","protected":false},"featured_media":2535,"comment_status":"open","ping_status":"closed","template":"","meta":{"site-sidebar-layout":"default","site-content-layout":"","ast-site-content-layout":"default","site-content-style":"default","site-sidebar-style":"default","ast-global-header-display":"","ast-banner-title-visibility":"","ast-main-header-display":"","ast-hfb-above-header-display":"","ast-hfb-below-header-display":"","ast-hfb-mobile-header-display":"","site-post-title":"","ast-breadcrumbs-content":"","ast-featured-img":"","footer-sml-layout":"","ast-disable-related-posts":"","theme-transparent-header-meta":"default","adv-header-id-meta":"","stick-header-meta":"default","header-above-stick-meta":"","header-main-stick-meta":"","header-below-stick-meta":"","astra-migrate-meta-layouts":"set","ast-page-background-enabled":"default","ast-page-background-meta":{"desktop":{"background-color":"","background-image":"","background-repeat":"repeat","background-position":"center center","background-size":"auto","background-attachment":"scroll","background-type":"","background-media":"","overlay-type":"","overlay-color":"","overlay-opacity":"","overlay-gradient":""},"tablet":{"background-color":"","background-image":"","background-repeat":"repeat","background-position":"center center","background-size":"auto","background-attachment":"scroll","background-type":"","background-media":"","overlay-type":"","overlay-color":"","overlay-opacity":"","overlay-gradient":""},"mobile":{"background-color":"","background-image":"","background-repeat":"repeat","background-position":"center center","background-size":"auto","background-attachment":"scroll","background-type":"","background-media":"","overlay-type":"","overlay-color":"","overlay-opacity":"","overlay-gradient":""}},"ast-content-background-meta":{"desktop":{"background-color":"var(--ast-global-color-5)","background-image":"","background-repeat":"repeat","background-position":"center center","background-size":"auto","background-attachment":"scroll","background-type":"","background-media":"","overlay-type":"","overlay-color":"","overlay-opacity":"","overlay-gradient":""},"tablet":{"background-color":"var(--ast-global-color-5)","background-image":"","background-repeat":"repeat","background-position":"center center","background-size":"auto","background-attachment":"scroll","background-type":"","background-media":"","overlay-type":"","overlay-color":"","overlay-opacity":"","overlay-gradient":""},"mobile":{"background-color":"var(--ast-global-color-5)","background-image":"","background-repeat":"repeat","background-position":"center center","background-size":"auto","background-attachment":"scroll","background-type":"","background-media":"","overlay-type":"","overlay-color":"","overlay-opacity":"","overlay-gradient":""}}},"product_brand":[],"product_cat":[24],"product_tag":[222,209,78,56,45,57,119,72,153,150],"class_list":{"0":"post-2449","1":"product","2":"type-product","3":"status-publish","4":"has-post-thumbnail","6":"product_cat-spherical-roller-bearings","7":"product_tag-23022-bearing","8":"product_tag-conveyor-bearing","9":"product_tag-gearbox-bearing","10":"product_tag-heavy-duty-bearing","11":"product_tag-industrial-bearing","12":"product_tag-large-size-bearing","13":"product_tag-mining-bearing","14":"product_tag-oem-bearing-supplier","15":"product_tag-spherical-roller-bearing","16":"product_tag-steel-mill-bearing","17":"desktop-align-left","18":"tablet-align-left","19":"mobile-align-left","20":"ast-product-gallery-layout-horizontal-slider","21":"ast-product-gallery-with-no-image","22":"ast-product-tabs-layout-horizontal","24":"first","25":"instock","26":"shipping-taxable","27":"product-type-simple"},"_links":{"self":[{"href":"https:\/\/www.machinerybearings.com\/tr\/wp-json\/wp\/v2\/product\/2449","targetHints":{"allow":["GET"]}}],"collection":[{"href":"https:\/\/www.machinerybearings.com\/tr\/wp-json\/wp\/v2\/product"}],"about":[{"href":"https:\/\/www.machinerybearings.com\/tr\/wp-json\/wp\/v2\/types\/product"}],"replies":[{"embeddable":true,"href":"https:\/\/www.machinerybearings.com\/tr\/wp-json\/wp\/v2\/comments?post=2449"}],"wp:featuredmedia":[{"embeddable":true,"href":"https:\/\/www.machinerybearings.com\/tr\/wp-json\/wp\/v2\/media\/2535"}],"wp:attachment":[{"href":"https:\/\/www.machinerybearings.com\/tr\/wp-json\/wp\/v2\/media?parent=2449"}],"wp:term":[{"taxonomy":"product_brand","embeddable":true,"href":"https:\/\/www.machinerybearings.com\/tr\/wp-json\/wp\/v2\/product_brand?post=2449"},{"taxonomy":"product_cat","embeddable":true,"href":"https:\/\/www.machinerybearings.com\/tr\/wp-json\/wp\/v2\/product_cat?post=2449"},{"taxonomy":"product_tag","embeddable":true,"href":"https:\/\/www.machinerybearings.com\/tr\/wp-json\/wp\/v2\/product_tag?post=2449"}],"curies":[{"name":"wp","href":"https:\/\/api.w.org\/{rel}","templated":true}]}}