{"id":2452,"date":"2026-04-13T15:02:11","date_gmt":"2026-04-13T15:02:11","guid":{"rendered":"https:\/\/www.machinerybearings.com\/?post_type=product&#038;p=2452"},"modified":"2026-05-03T05:28:34","modified_gmt":"2026-05-03T05:28:34","slug":"vibrating-screen-bearing-for-heavy-duty-mining-and-industrial-equipment","status":"publish","type":"product","link":"https:\/\/www.machinerybearings.com\/tr\/urun\/vibrating-screen-bearing-for-heavy-duty-mining-and-industrial-equipment\/","title":{"rendered":"A\u011f\u0131r Hizmet Madencilik ve End\u00fcstriyel Ekipmanlar i\u00e7in Titiz Ekran Rulman\u0131"},"content":{"rendered":"<h3 data-section-id=\"1c8nfac\" data-start=\"214\" data-end=\"242\">Titreyen Ekran Rulman\u0131<\/h3>\n<p data-start=\"244\" data-end=\"430\">Titreyen ekran rulmanlar\u0131, madencilik, ta\u015f ocak\u00e7\u0131l\u0131\u011f\u0131, agrega i\u015fleme ve a\u011f\u0131r sanayi eleme ekipmanlar\u0131ndaki y\u00fcksek y\u00fck ve y\u00fcksek titre\u015fim \u00e7al\u0131\u015fma ko\u015fullar\u0131 i\u00e7in \u00f6zel olarak tasarlanm\u0131\u015ft\u0131r.<\/p>\n<p data-start=\"432\" data-end=\"576\">S\u00fcrekli darbe y\u00fckleri, y\u00fcksek d\u00f6ner titre\u015fim ve ciddi hizalama bozuklu\u011fu ko\u015fullar\u0131 alt\u0131nda kararl\u0131 performans\u0131 s\u00fcrd\u00fcrmek i\u00e7in m\u00fchendislik ile tasarlanm\u0131\u015ft\u0131r.<\/p>\n<p data-start=\"578\" data-end=\"790\">Standart end\u00fcstriyel rulmanlarla kar\u015f\u0131la\u015ft\u0131r\u0131ld\u0131\u011f\u0131nda, titreyen ekran rulmanlar\u0131 daha g\u00fc\u00e7l\u00fc i\u00e7 takviye, optimize edilmi\u015f bo\u015fluk ve geli\u015ftirilmi\u015f yorgunluk direnci sunarak zorlu ortamlarda uzun hizmet \u00f6mr\u00fc sa\u011flar.<\/p>\n<h2 data-section-id=\"28z5ez\" data-start=\"797\" data-end=\"828\">\ud83d\udd37 Teknik Parametre Tablosu<\/h2>\n<div class=\"TyagGW_tableContainer\">\n<div class=\"group TyagGW_tableWrapper flex flex-col-reverse w-fit\" tabindex=\"-1\">\n<table class=\"w-fit min-w-(--thread-content-width)\" data-start=\"830\" data-end=\"1415\">\n<thead data-start=\"830\" data-end=\"854\">\n<tr data-start=\"830\" data-end=\"854\">\n<th class=\"\" data-start=\"830\" data-end=\"837\" data-col-size=\"sm\">Madde<\/th>\n<th class=\"\" data-start=\"837\" data-end=\"854\" data-col-size=\"md\">Spesifikasyon<\/th>\n<\/tr>\n<\/thead>\n<tbody data-start=\"879\" data-end=\"1415\">\n<tr data-start=\"879\" data-end=\"950\">\n<td data-start=\"879\" data-end=\"894\" data-col-size=\"sm\">Rulman Tipi<\/td>\n<td data-start=\"894\" data-end=\"950\" data-col-size=\"md\">K\u00fcresel Rulman \/ A\u011f\u0131r Hizmet Rulman\u0131<\/td>\n<\/tr>\n<tr data-start=\"951\" data-end=\"997\">\n<td data-start=\"951\" data-end=\"963\" data-col-size=\"sm\">Y\u00fck Tipi<\/td>\n<td data-col-size=\"md\" data-start=\"963\" data-end=\"997\">Y\u00fcksek radyal y\u00fck + darbe y\u00fck\u00fc<\/td>\n<\/tr>\n<tr data-start=\"998\" data-end=\"1056\">\n<td data-start=\"998\" data-end=\"1020\" data-col-size=\"sm\">\u00c7al\u0131\u015fma Ko\u015fulu<\/td>\n<td data-col-size=\"md\" data-start=\"1020\" data-end=\"1056\">Y\u00fcksek titre\u015fim, s\u00fcrekli darbe<\/td>\n<\/tr>\n<tr data-start=\"1057\" data-end=\"1103\">\n<td data-start=\"1057\" data-end=\"1068\" data-col-size=\"sm\">Malzeme<\/td>\n<td data-start=\"1068\" data-end=\"1103\" data-col-size=\"md\">GCr15 \/ GCr15SiMn Rulman \u00c7eli\u011fi<\/td>\n<\/tr>\n<tr data-start=\"1104\" data-end=\"1154\">\n<td data-start=\"1104\" data-end=\"1116\" data-col-size=\"sm\">Kafes Tipi<\/td>\n<td data-col-size=\"md\" data-start=\"1116\" data-end=\"1154\">\u00c7elik kafes \/ Pirin\u00e7 kafes (iste\u011fe ba\u011fl\u0131)<\/td>\n<\/tr>\n<tr data-start=\"1155\" data-end=\"1192\">\n<td data-start=\"1155\" data-end=\"1167\" data-col-size=\"sm\">Bo\u015fluk<\/td>\n<td data-start=\"1167\" data-end=\"1192\" data-col-size=\"md\">C3 \/ C4 \/ C5 iste\u011fe ba\u011fl\u0131<\/td>\n<\/tr>\n<tr data-start=\"1193\" data-end=\"1236\">\n<td data-start=\"1193\" data-end=\"1207\" data-col-size=\"sm\">Ya\u011flama<\/td>\n<td data-col-size=\"md\" data-start=\"1207\" data-end=\"1236\">Ya\u011f veya gres ile ya\u011flama<\/td>\n<\/tr>\n<tr data-start=\"1237\" data-end=\"1300\">\n<td data-start=\"1237\" data-end=\"1257\" data-col-size=\"sm\">S\u0131cakl\u0131k Aral\u0131\u011f\u0131<\/td>\n<td data-col-size=\"md\" data-start=\"1257\" data-end=\"1300\">-30\u00b0C ile 200\u00b0C (ya\u011f t\u00fcr\u00fcne ba\u011fl\u0131d\u0131r)<\/td>\n<\/tr>\n<tr data-start=\"1301\" data-end=\"1355\">\n<td data-start=\"1301\" data-end=\"1318\" data-col-size=\"sm\">S\u0131zd\u0131rmazl\u0131k Se\u00e7ene\u011fi<\/td>\n<td data-col-size=\"md\" data-start=\"1318\" data-end=\"1355\">A\u00e7\u0131k \/ Kapal\u0131 \/ Toz ge\u00e7irmez tasar\u0131m<\/td>\n<\/tr>\n<tr data-start=\"1356\" data-end=\"1415\">\n<td data-start=\"1356\" data-end=\"1382\" data-col-size=\"sm\">Hizalama Yetene\u011fi<\/td>\n<td data-col-size=\"md\" data-start=\"1382\" data-end=\"1415\">Y\u00fcksek kendi kendine hizalama yetene\u011fi<\/td>\n<\/tr>\n<\/tbody>\n<\/table>\n<\/div>\n<\/div>\n<h2 data-section-id=\"1y8un7j\" data-start=\"1422\" data-end=\"1440\">\ud83d\udd37 Ana \u00d6zellikler<\/h2>\n<ul data-start=\"1442\" data-end=\"1785\">\n<li data-section-id=\"1u8enpv\" data-start=\"1442\" data-end=\"1496\">Y\u00fcksek frekansl\u0131 titre\u015fim ortamlar\u0131 i\u00e7in tasarlanm\u0131\u015ft\u0131r<\/li>\n<li data-section-id=\"1kldcsm\" data-start=\"1497\" data-end=\"1553\">Darbe ve a\u011f\u0131r radyal y\u00fckler kar\u015f\u0131s\u0131nda m\u00fckemmel diren\u00e7<\/li>\n<li data-section-id=\"y8b7hk\" data-start=\"1554\" data-end=\"1620\">Montaj stresini azaltmak i\u00e7in g\u00fc\u00e7l\u00fc kendi kendine hizalama performans\u0131<\/li>\n<li data-section-id=\"5rf9z8\" data-start=\"1621\" data-end=\"1673\">S\u00fcrekli \u00e7al\u0131\u015fma alt\u0131nda uzat\u0131lm\u0131\u015f hizmet \u00f6mr\u00fc<\/li>\n<li data-section-id=\"1h13109\" data-start=\"1674\" data-end=\"1720\">Bak\u0131m s\u0131kl\u0131\u011f\u0131 ve duru\u015f s\u00fcresi azalt\u0131ld\u0131<\/li>\n<li data-section-id=\"ektqkh\" data-start=\"1721\" data-end=\"1785\">Toz, nem ve zorlu end\u00fcstriyel ko\u015fullar i\u00e7in uygundur<\/li>\n<\/ul>\n<h2 data-section-id=\"1mxbwoh\" data-start=\"1792\" data-end=\"1815\">\ud83d\udd37 Uygulama Alanlar\u0131<\/h2>\n<ul data-start=\"1817\" data-end=\"2024\">\n<li data-section-id=\"1bd7p6v\" data-start=\"1817\" data-end=\"1845\">Madencilik titre\u015fimli ekranlar<\/li>\n<li data-section-id=\"15q8jif\" data-start=\"1846\" data-end=\"1885\">Ta\u015f k\u0131rma ve eleme tesisleri<\/li>\n<li data-section-id=\"14v4408\" data-start=\"1886\" data-end=\"1915\">K\u00f6m\u00fcr i\u015fleme ekipmanlar\u0131<\/li>\n<li data-section-id=\"1tqmi6a\" data-start=\"1916\" data-end=\"1943\">\u00c7imento \u00fcretim hatlar\u0131<\/li>\n<li data-section-id=\"ewy2ju\" data-start=\"1944\" data-end=\"1989\">Metalurji ve mineral i\u015fleme sistemleri<\/li>\n<li data-section-id=\"xfcvsg\" data-start=\"1990\" data-end=\"2024\">Ta\u015f oca\u011f\u0131 ve agrega makineleri<\/li>\n<\/ul>\n<h2 data-section-id=\"1a1u7ke\" data-start=\"2031\" data-end=\"2059\">\ud83d\udd37 M\u00fchendislik Avantajlar\u0131<\/h2>\n<p data-start=\"2061\" data-end=\"2200\">Titre\u015fimli ekran ekipmanlar\u0131, rulmanlar \u00fczerinde s\u00fcrekli dinamik stres olu\u015fturur, bu da genellikle standart rulman t\u00fcrlerinde erken ar\u0131zalara yol a\u00e7ar.<\/p>\n<p data-start=\"2202\" data-end=\"2266\">Bu \u00fcr\u00fcn, yayg\u0131n ar\u0131za sorunlar\u0131n\u0131 \u00e7\u00f6zmek i\u00e7in tasarlanm\u0131\u015ft\u0131r:<\/p>\n<ul data-start=\"2268\" data-end=\"2409\">\n<li data-section-id=\"14i90g7\" data-start=\"2268\" data-end=\"2296\">Yar\u0131\u015f yolu yorgunluk \u00e7atlaklar\u0131<\/li>\n<li data-section-id=\"bk7bso\" data-start=\"2297\" data-end=\"2333\">Titre\u015fim alt\u0131nda kafes deformasyonu<\/li>\n<li data-section-id=\"2qwo8v\" data-start=\"2334\" data-end=\"2379\">Is\u0131 birikimi nedeniyle ya\u011flama bozulmas\u0131<\/li>\n<li data-section-id=\"ty5bi0\" data-start=\"2380\" data-end=\"2409\">Hizalama hatas\u0131ndan kaynaklanan a\u015f\u0131nma<\/li>\n<\/ul>\n<p data-start=\"2411\" data-end=\"2532\">\u0130\u00e7 geometrinin ve malzeme dayan\u0131m\u0131n\u0131n optimize edilmesiyle, a\u011f\u0131r hizmet uygulamalar\u0131nda hizmet \u00f6mr\u00fc \u00f6nemli \u00f6l\u00e7\u00fcde art\u0131r\u0131lm\u0131\u015ft\u0131r.<\/p>\n<h2 data-section-id=\"bf9ua4\" data-start=\"2539\" data-end=\"2559\">\ud83d\udd37 \u00d6zel Se\u00e7enekler<\/h2>\n<p data-start=\"2561\" data-end=\"2601\">OEM ve \u00f6zelle\u015ftirilmi\u015f \u00e7\u00f6z\u00fcmleri destekliyoruz:<\/p>\n<ul data-start=\"2603\" data-end=\"2823\">\n<li data-section-id=\"12z25a6\" data-start=\"2603\" data-end=\"2645\">\u0130\u00e7 ve d\u0131\u015f \u00e7ap \u00f6zelle\u015ftirmesi<\/li>\n<li data-section-id=\"11j4pt1\" data-start=\"2646\" data-end=\"2690\">Kafes malzemesi se\u00e7imi (\u00e7elik veya pirin\u00e7)<\/li>\n<li data-section-id=\"rh4t0y\" data-start=\"2691\" data-end=\"2732\">Bo\u015fluk s\u0131n\u0131f\u0131 ayar\u0131 (C3\/C4\/C5)<\/li>\n<li data-section-id=\"wvf30s\" data-start=\"2733\" data-end=\"2780\">Y\u00fcksek s\u0131cakl\u0131k i\u00e7in \u00f6zel \u0131s\u0131l i\u015flem<\/li>\n<li data-section-id=\"14r2iv5\" data-start=\"2781\" data-end=\"2823\">Toz ge\u00e7irmez ve s\u0131zd\u0131rmaz yap\u0131 tasar\u0131m\u0131<\/li>\n<\/ul>","protected":false},"excerpt":{"rendered":"<p data-start=\"244\" data-end=\"430\">Titreyen ekran rulmanlar\u0131, madencilik, ta\u015f ocak\u00e7\u0131l\u0131\u011f\u0131, agrega i\u015fleme ve a\u011f\u0131r sanayi eleme ekipmanlar\u0131ndaki y\u00fcksek y\u00fck ve y\u00fcksek titre\u015fim \u00e7al\u0131\u015fma ko\u015fullar\u0131 i\u00e7in \u00f6zel olarak tasarlanm\u0131\u015ft\u0131r.<\/p>\n<p data-start=\"432\" data-end=\"576\">S\u00fcrekli darbe y\u00fckleri, y\u00fcksek d\u00f6ner titre\u015fim ve ciddi hizalama bozuklu\u011fu ko\u015fullar\u0131 alt\u0131nda kararl\u0131 performans\u0131 s\u00fcrd\u00fcrmek i\u00e7in m\u00fchendislik ile tasarlanm\u0131\u015ft\u0131r.<\/p>","protected":false},"featured_media":2533,"comment_status":"open","ping_status":"closed","template":"","meta":{"site-sidebar-layout":"default","site-content-layout":"","ast-site-content-layout":"default","site-content-style":"default","site-sidebar-style":"default","ast-global-header-display":"","ast-banner-title-visibility":"","ast-main-header-display":"","ast-hfb-above-header-display":"","ast-hfb-below-header-display":"","ast-hfb-mobile-header-display":"","site-post-title":"","ast-breadcrumbs-content":"","ast-featured-img":"","footer-sml-layout":"","ast-disable-related-posts":"","theme-transparent-header-meta":"default","adv-header-id-meta":"","stick-header-meta":"default","header-above-stick-meta":"","header-main-stick-meta":"","header-below-stick-meta":"","astra-migrate-meta-layouts":"set","ast-page-background-enabled":"default","ast-page-background-meta":{"desktop":{"background-color":"","background-image":"","background-repeat":"repeat","background-position":"center center","background-size":"auto","background-attachment":"scroll","background-type":"","background-media":"","overlay-type":"","overlay-color":"","overlay-opacity":"","overlay-gradient":""},"tablet":{"background-color":"","background-image":"","background-repeat":"repeat","background-position":"center center","background-size":"auto","background-attachment":"scroll","background-type":"","background-media":"","overlay-type":"","overlay-color":"","overlay-opacity":"","overlay-gradient":""},"mobile":{"background-color":"","background-image":"","background-repeat":"repeat","background-position":"center center","background-size":"auto","background-attachment":"scroll","background-type":"","background-media":"","overlay-type":"","overlay-color":"","overlay-opacity":"","overlay-gradient":""}},"ast-content-background-meta":{"desktop":{"background-color":"var(--ast-global-color-5)","background-image":"","background-repeat":"repeat","background-position":"center center","background-size":"auto","background-attachment":"scroll","background-type":"","background-media":"","overlay-type":"","overlay-color":"","overlay-opacity":"","overlay-gradient":""},"tablet":{"background-color":"var(--ast-global-color-5)","background-image":"","background-repeat":"repeat","background-position":"center center","background-size":"auto","background-attachment":"scroll","background-type":"","background-media":"","overlay-type":"","overlay-color":"","overlay-opacity":"","overlay-gradient":""},"mobile":{"background-color":"var(--ast-global-color-5)","background-image":"","background-repeat":"repeat","background-position":"center center","background-size":"auto","background-attachment":"scroll","background-type":"","background-media":"","overlay-type":"","overlay-color":"","overlay-opacity":"","overlay-gradient":""}}},"product_brand":[],"product_cat":[24],"product_tag":[231,234,232,233,56,51,228,119,47,230,162,229,153,235,227],"class_list":{"0":"post-2452","1":"product","2":"type-product","3":"status-publish","4":"has-post-thumbnail","6":"product_cat-spherical-roller-bearings","7":"product_tag-aggregate-equipment-bearing","8":"product_tag-c4-clearance-bearing","9":"product_tag-cement-plant-bearing","10":"product_tag-gcr15-bearing","11":"product_tag-heavy-duty-bearing","12":"product_tag-high-load-bearing","13":"product_tag-industrial-roller-bearing","14":"product_tag-mining-bearing","15":"product_tag-oem-bearing-manufacturer","16":"product_tag-quarry-machine-bearing","17":"product_tag-self-aligning-bearing","18":"product_tag-shock-resistant-bearing","19":"product_tag-spherical-roller-bearing","20":"product_tag-vibrating-machinery-parts","21":"product_tag-vibrating-screen-bearing","22":"desktop-align-left","23":"tablet-align-left","24":"mobile-align-left","25":"ast-product-gallery-layout-horizontal-slider","26":"ast-product-gallery-with-no-image","27":"ast-product-tabs-layout-horizontal","29":"first","30":"instock","31":"shipping-taxable","32":"product-type-simple"},"_links":{"self":[{"href":"https:\/\/www.machinerybearings.com\/tr\/wp-json\/wp\/v2\/product\/2452","targetHints":{"allow":["GET"]}}],"collection":[{"href":"https:\/\/www.machinerybearings.com\/tr\/wp-json\/wp\/v2\/product"}],"about":[{"href":"https:\/\/www.machinerybearings.com\/tr\/wp-json\/wp\/v2\/types\/product"}],"replies":[{"embeddable":true,"href":"https:\/\/www.machinerybearings.com\/tr\/wp-json\/wp\/v2\/comments?post=2452"}],"wp:featuredmedia":[{"embeddable":true,"href":"https:\/\/www.machinerybearings.com\/tr\/wp-json\/wp\/v2\/media\/2533"}],"wp:attachment":[{"href":"https:\/\/www.machinerybearings.com\/tr\/wp-json\/wp\/v2\/media?parent=2452"}],"wp:term":[{"taxonomy":"product_brand","embeddable":true,"href":"https:\/\/www.machinerybearings.com\/tr\/wp-json\/wp\/v2\/product_brand?post=2452"},{"taxonomy":"product_cat","embeddable":true,"href":"https:\/\/www.machinerybearings.com\/tr\/wp-json\/wp\/v2\/product_cat?post=2452"},{"taxonomy":"product_tag","embeddable":true,"href":"https:\/\/www.machinerybearings.com\/tr\/wp-json\/wp\/v2\/product_tag?post=2452"}],"curies":[{"name":"wp","href":"https:\/\/api.w.org\/{rel}","templated":true}]}}