{"id":2453,"date":"2026-04-13T15:06:47","date_gmt":"2026-04-13T15:06:47","guid":{"rendered":"https:\/\/www.machinerybearings.com\/?post_type=product&#038;p=2453"},"modified":"2026-05-03T05:20:35","modified_gmt":"2026-05-03T05:20:35","slug":"30205-tapered-roller-bearing-for-high-radial-and-axial-load-applications","status":"publish","type":"product","link":"https:\/\/www.machinerybearings.com\/tr\/urun\/30205-tapered-roller-bearing-for-high-radial-and-axial-load-applications\/","title":{"rendered":"30205 Konik Rulman Y\u00fcksek Radyal ve Eksenel Y\u00fck Uygulamalar\u0131 i\u00e7in"},"content":{"rendered":"<p data-start=\"231\" data-end=\"438\">30205 konik makaral\u0131 yatak, birle\u015fik radyal ve eksenel y\u00fckleri desteklemek \u00fczere tasarlanm\u0131\u015ft\u0131r; bu da onu otomotiv sistemleri, \u015fanz\u0131manlar, tar\u0131m makineleri ve end\u00fcstriyel iletim ekipmanlar\u0131nda yayg\u0131n olarak kullan\u0131lmas\u0131n\u0131 sa\u011flar.<\/p>\n<p data-start=\"440\" data-end=\"694\">Konik i\u00e7 ve d\u0131\u015f halka yatak yollar\u0131, makaralar\u0131n minimum s\u00fcrt\u00fcnme ile d\u00f6nmesine olanak tan\u0131rken, y\u00fckleri temas y\u00fczeyine verimli bir \u015fekilde da\u011f\u0131t\u0131r. Bu yap\u0131, y\u00fcksek y\u00fck ve orta h\u0131z ko\u015fullar\u0131nda dayan\u0131kl\u0131l\u0131\u011f\u0131 ve performans\u0131 art\u0131r\u0131r.<\/p>\n<h2 data-section-id=\"vlh4km\" data-start=\"701\" data-end=\"727\">\ud83d\udd37 Teknik Parametreler<\/h2>\n<div class=\"TyagGW_tableContainer\">\n<div class=\"group TyagGW_tableWrapper flex flex-col-reverse w-fit\" tabindex=\"-1\">\n<table class=\"w-fit min-w-(--thread-content-width)\" data-start=\"729\" data-end=\"1218\">\n<thead data-start=\"729\" data-end=\"753\">\n<tr data-start=\"729\" data-end=\"753\">\n<th class=\"\" data-start=\"729\" data-end=\"736\" data-col-size=\"sm\">Madde<\/th>\n<th class=\"\" data-start=\"736\" data-end=\"753\" data-col-size=\"sm\">Spesifikasyon<\/th>\n<\/tr>\n<\/thead>\n<tbody data-start=\"778\" data-end=\"1218\">\n<tr data-start=\"778\" data-end=\"819\">\n<td data-start=\"778\" data-end=\"793\" data-col-size=\"sm\">Rulman Tipi<\/td>\n<td data-start=\"793\" data-end=\"819\" data-col-size=\"sm\">Konik Makaral\u0131 Yatak<\/td>\n<\/tr>\n<tr data-start=\"820\" data-end=\"837\">\n<td data-start=\"820\" data-end=\"828\" data-col-size=\"sm\">Model<\/td>\n<td data-start=\"828\" data-end=\"837\" data-col-size=\"sm\">30205<\/td>\n<\/tr>\n<tr data-start=\"838\" data-end=\"868\">\n<td data-start=\"838\" data-end=\"859\" data-col-size=\"sm\">\u0130\u00e7 \u00c7ap (d)<\/td>\n<td data-col-size=\"sm\" data-start=\"859\" data-end=\"868\">25 mm<\/td>\n<\/tr>\n<tr data-start=\"869\" data-end=\"899\">\n<td data-start=\"869\" data-end=\"890\" data-col-size=\"sm\">D\u0131\u015f \u00c7ap (D)<\/td>\n<td data-col-size=\"sm\" data-start=\"890\" data-end=\"899\">52 mm<\/td>\n<\/tr>\n<tr data-start=\"900\" data-end=\"924\">\n<td data-start=\"900\" data-end=\"912\" data-col-size=\"sm\">Geni\u015flik (T)<\/td>\n<td data-start=\"912\" data-end=\"924\" data-col-size=\"sm\">16.25 mm<\/td>\n<\/tr>\n<tr data-start=\"925\" data-end=\"969\">\n<td data-start=\"925\" data-end=\"937\" data-col-size=\"sm\">Y\u00fck Tipi<\/td>\n<td data-col-size=\"sm\" data-start=\"937\" data-end=\"969\">Radyal + Eksenel birle\u015fik y\u00fck<\/td>\n<\/tr>\n<tr data-start=\"970\" data-end=\"1000\">\n<td data-start=\"970\" data-end=\"986\" data-col-size=\"sm\">Kafes Malzemesi<\/td>\n<td data-col-size=\"sm\" data-start=\"986\" data-end=\"1000\">\u00c7elik kafes<\/td>\n<\/tr>\n<tr data-start=\"1001\" data-end=\"1036\">\n<td data-start=\"1001\" data-end=\"1012\" data-col-size=\"sm\">Malzeme<\/td>\n<td data-start=\"1012\" data-end=\"1036\" data-col-size=\"sm\">Krom \u00e7elik (GCr15)<\/td>\n<\/tr>\n<tr data-start=\"1037\" data-end=\"1080\">\n<td data-start=\"1037\" data-end=\"1051\" data-col-size=\"sm\">Ya\u011flama<\/td>\n<td data-start=\"1051\" data-end=\"1080\" data-col-size=\"sm\">Ya\u011f veya gres ile ya\u011flama<\/td>\n<\/tr>\n<tr data-start=\"1081\" data-end=\"1130\">\n<td data-start=\"1081\" data-end=\"1093\" data-col-size=\"sm\">Yap\u0131<\/td>\n<td data-col-size=\"sm\" data-start=\"1093\" data-end=\"1130\">Tek s\u0131ra konik makaral\u0131 yatak<\/td>\n<\/tr>\n<tr data-start=\"1131\" data-end=\"1179\">\n<td data-start=\"1131\" data-end=\"1150\" data-col-size=\"sm\">H\u0131z Kapasitesi<\/td>\n<td data-start=\"1150\" data-end=\"1179\" data-col-size=\"sm\">Orta h\u0131z uygulamalar\u0131<\/td>\n<\/tr>\n<tr data-start=\"1180\" data-end=\"1218\">\n<td data-start=\"1180\" data-end=\"1200\" data-col-size=\"sm\">S\u0131cakl\u0131k Aral\u0131\u011f\u0131<\/td>\n<td data-start=\"1200\" data-end=\"1218\" data-col-size=\"sm\">-30\u00b0C ile 150\u00b0C<\/td>\n<\/tr>\n<\/tbody>\n<\/table>\n<\/div>\n<\/div>\n<h2 data-section-id=\"1y8un7j\" data-start=\"1225\" data-end=\"1243\">\ud83d\udd37 Ana \u00d6zellikler<\/h2>\n<ul data-start=\"1245\" data-end=\"1522\">\n<li data-section-id=\"7oool5\" data-start=\"1245\" data-end=\"1300\">Hem radyal hem de eksenel y\u00fckleri ayn\u0131 anda destekler<\/li>\n<li data-section-id=\"nemjer\" data-start=\"1301\" data-end=\"1343\">Kompakt tasar\u0131m ile y\u00fcksek y\u00fck kapasitesi<\/li>\n<li data-section-id=\"xjurbh\" data-start=\"1344\" data-end=\"1381\">D\u00fc\u015f\u00fck s\u00fcrt\u00fcnme ve stabil \u00e7al\u0131\u015fma<\/li>\n<li data-section-id=\"1i63cz\" data-start=\"1382\" data-end=\"1431\">A\u011f\u0131r hizmet ko\u015fullar\u0131nda uzun hizmet \u00f6mr\u00fc<\/li>\n<li data-section-id=\"f8hmgc\" data-start=\"1432\" data-end=\"1469\">Kolay kurulum ve bak\u0131m<\/li>\n<li data-section-id=\"1u616wn\" data-start=\"1470\" data-end=\"1522\">Y\u00fcksek hassasiyetli iletim sistemleri i\u00e7in uygundur<\/li>\n<\/ul>\n<h2 data-section-id=\"4t5b8m\" data-start=\"1529\" data-end=\"1547\">\ud83d\udd37 Uygulamalar<\/h2>\n<ul data-start=\"1549\" data-end=\"1745\">\n<li data-section-id=\"16jv93o\" data-start=\"1549\" data-end=\"1574\">Otomotiv tekerlek g\u00f6bekleri<\/li>\n<li data-section-id=\"6p9cs0\" data-start=\"1575\" data-end=\"1601\">\u015eanz\u0131manlar ve red\u00fckt\u00f6rler<\/li>\n<li data-section-id=\"1n6ynun\" data-start=\"1602\" data-end=\"1628\">Tar\u0131m makineleri<\/li>\n<li data-section-id=\"16fhp27\" data-start=\"1629\" data-end=\"1655\">\u0130n\u015faat ekipmanlar\u0131<\/li>\n<li data-section-id=\"1gp8co3\" data-start=\"1656\" data-end=\"1688\">End\u00fcstriyel motorlar ve s\u00fcr\u00fcc\u00fcler<\/li>\n<li data-section-id=\"176s2ln\" data-start=\"1689\" data-end=\"1709\">Konvey\u00f6r sistemleri<\/li>\n<li data-section-id=\"1dq8qoq\" data-start=\"1710\" data-end=\"1745\">A\u011f\u0131r hizmet iletim sistemleri<\/li>\n<\/ul>\n<h2 data-section-id=\"1a1u7ke\" data-start=\"1752\" data-end=\"1780\">\ud83d\udd37 M\u00fchendislik Avantajlar\u0131<\/h2>\n<p data-start=\"1782\" data-end=\"1943\">Konik makaral\u0131 yap\u0131, bilyal\u0131 yataklara k\u0131yasla daha iyi y\u00fck da\u011f\u0131l\u0131m\u0131 sa\u011flar ve birle\u015fik kuvvetlerin oldu\u011fu uygulamalarda performans\u0131 \u00f6nemli \u00f6l\u00e7\u00fcde art\u0131r\u0131r.<\/p>\n<p data-start=\"1945\" data-end=\"2071\">Ayr\u0131ca kenar stres konsantrasyonunu azaltarak, yorgunluk direncini art\u0131r\u0131r ve s\u00fcrekli \u00e7al\u0131\u015fma alt\u0131nda yatak \u00f6mr\u00fcn\u00fc uzat\u0131r.<\/p>\n<h2 data-section-id=\"bf9ua4\" data-start=\"2078\" data-end=\"2098\">\ud83d\udd37 \u00d6zel Se\u00e7enekler<\/h2>\n<ul data-start=\"2100\" data-end=\"2251\">\n<li data-section-id=\"4ijb\" data-start=\"2100\" data-end=\"2124\">Bo\u015fluk ayar\u0131<\/li>\n<li data-section-id=\"5s0eb7\" data-start=\"2125\" data-end=\"2150\">Kafes malzeme y\u00fckseltmesi<\/li>\n<li data-section-id=\"1jq34of\" data-start=\"2151\" data-end=\"2186\">Y\u00fcksek s\u0131cakl\u0131k gres dolumu<\/li>\n<li data-section-id=\"1515c9l\" data-start=\"2187\" data-end=\"2220\">Kapal\u0131 veya a\u00e7\u0131k tasar\u0131m se\u00e7enekleri<\/li>\n<li data-section-id=\"1vg6tkw\" data-start=\"2221\" data-end=\"2251\">OEM markalama ve ambalajlama<\/li>\n<\/ul>","protected":false},"excerpt":{"rendered":"<p>30205 konik makaral\u0131 yatak, birle\u015fik radyal ve eksenel y\u00fckleri desteklemek \u00fczere tasarlanm\u0131\u015ft\u0131r; bu da onu otomotiv sistemleri, \u015fanz\u0131manlar, tar\u0131m makineleri ve end\u00fcstriyel iletim ekipmanlar\u0131nda yayg\u0131n olarak kullan\u0131lmas\u0131n\u0131 sa\u011flar.<\/p>","protected":false},"featured_media":2532,"comment_status":"open","ping_status":"closed","template":"","meta":{"site-sidebar-layout":"default","site-content-layout":"","ast-site-content-layout":"default","site-content-style":"default","site-sidebar-style":"default","ast-global-header-display":"","ast-banner-title-visibility":"","ast-main-header-display":"","ast-hfb-above-header-display":"","ast-hfb-below-header-display":"","ast-hfb-mobile-header-display":"","site-post-title":"","ast-breadcrumbs-content":"","ast-featured-img":"","footer-sml-layout":"","ast-disable-related-posts":"","theme-transparent-header-meta":"default","adv-header-id-meta":"","stick-header-meta":"default","header-above-stick-meta":"","header-main-stick-meta":"","header-below-stick-meta":"","astra-migrate-meta-layouts":"set","ast-page-background-enabled":"default","ast-page-background-meta":{"desktop":{"background-color":"","background-image":"","background-repeat":"repeat","background-position":"center center","background-size":"auto","background-attachment":"scroll","background-type":"","background-media":"","overlay-type":"","overlay-color":"","overlay-opacity":"","overlay-gradient":""},"tablet":{"background-color":"","background-image":"","background-repeat":"repeat","background-position":"center center","background-size":"auto","background-attachment":"scroll","background-type":"","background-media":"","overlay-type":"","overlay-color":"","overlay-opacity":"","overlay-gradient":""},"mobile":{"background-color":"","background-image":"","background-repeat":"repeat","background-position":"center center","background-size":"auto","background-attachment":"scroll","background-type":"","background-media":"","overlay-type":"","overlay-color":"","overlay-opacity":"","overlay-gradient":""}},"ast-content-background-meta":{"desktop":{"background-color":"var(--ast-global-color-5)","background-image":"","background-repeat":"repeat","background-position":"center center","background-size":"auto","background-attachment":"scroll","background-type":"","background-media":"","overlay-type":"","overlay-color":"","overlay-opacity":"","overlay-gradient":""},"tablet":{"background-color":"var(--ast-global-color-5)","background-image":"","background-repeat":"repeat","background-position":"center center","background-size":"auto","background-attachment":"scroll","background-type":"","background-media":"","overlay-type":"","overlay-color":"","overlay-opacity":"","overlay-gradient":""},"mobile":{"background-color":"var(--ast-global-color-5)","background-image":"","background-repeat":"repeat","background-position":"center center","background-size":"auto","background-attachment":"scroll","background-type":"","background-media":"","overlay-type":"","overlay-color":"","overlay-opacity":"","overlay-gradient":""}}},"product_brand":[],"product_cat":[23],"product_tag":[236,237,240,233,78,56,51,45,47,239,241,154,242,238],"class_list":{"0":"post-2453","1":"product","2":"type-product","3":"status-publish","4":"has-post-thumbnail","6":"product_cat-tapered-roller-bearings","7":"product_tag-30205-tapered-roller-bearing","8":"product_tag-automotive-bearing","9":"product_tag-chrome-steel-bearing","10":"product_tag-gcr15-bearing","11":"product_tag-gearbox-bearing","12":"product_tag-heavy-duty-bearing","13":"product_tag-high-load-bearing","14":"product_tag-industrial-bearing","15":"product_tag-oem-bearing-manufacturer","16":"product_tag-radial-axial-bearing","17":"product_tag-single-row-roller-bearing","18":"product_tag-tapered-roller-bearing","19":"product_tag-transmission-bearing","20":"product_tag-wheel-hub-bearing","21":"desktop-align-left","22":"tablet-align-left","23":"mobile-align-left","24":"ast-product-gallery-layout-horizontal-slider","25":"ast-product-gallery-with-no-image","26":"ast-product-tabs-layout-horizontal","28":"first","29":"instock","30":"shipping-taxable","31":"product-type-simple"},"_links":{"self":[{"href":"https:\/\/www.machinerybearings.com\/tr\/wp-json\/wp\/v2\/product\/2453","targetHints":{"allow":["GET"]}}],"collection":[{"href":"https:\/\/www.machinerybearings.com\/tr\/wp-json\/wp\/v2\/product"}],"about":[{"href":"https:\/\/www.machinerybearings.com\/tr\/wp-json\/wp\/v2\/types\/product"}],"replies":[{"embeddable":true,"href":"https:\/\/www.machinerybearings.com\/tr\/wp-json\/wp\/v2\/comments?post=2453"}],"wp:featuredmedia":[{"embeddable":true,"href":"https:\/\/www.machinerybearings.com\/tr\/wp-json\/wp\/v2\/media\/2532"}],"wp:attachment":[{"href":"https:\/\/www.machinerybearings.com\/tr\/wp-json\/wp\/v2\/media?parent=2453"}],"wp:term":[{"taxonomy":"product_brand","embeddable":true,"href":"https:\/\/www.machinerybearings.com\/tr\/wp-json\/wp\/v2\/product_brand?post=2453"},{"taxonomy":"product_cat","embeddable":true,"href":"https:\/\/www.machinerybearings.com\/tr\/wp-json\/wp\/v2\/product_cat?post=2453"},{"taxonomy":"product_tag","embeddable":true,"href":"https:\/\/www.machinerybearings.com\/tr\/wp-json\/wp\/v2\/product_tag?post=2453"}],"curies":[{"name":"wp","href":"https:\/\/api.w.org\/{rel}","templated":true}]}}