{"id":2455,"date":"2026-04-13T15:09:58","date_gmt":"2026-04-13T15:09:58","guid":{"rendered":"https:\/\/www.machinerybearings.com\/?post_type=product&#038;p=2455"},"modified":"2026-05-03T05:17:20","modified_gmt":"2026-05-03T05:17:20","slug":"30306-tapered-roller-bearing-for-heavy-load-industrial-applications","status":"publish","type":"product","link":"https:\/\/www.machinerybearings.com\/tr\/urun\/30306-tapered-roller-bearing-for-heavy-load-industrial-applications\/","title":{"rendered":"30306 Konik Rulman A\u011f\u0131rl\u0131k End\u00fcstriyel Uygulamalar\u0131 i\u00e7in"},"content":{"rendered":"<p data-start=\"149\" data-end=\"451\">30306 konik makaral\u0131 yatak, birle\u015fik radyal ve eksenel y\u00fckleri ta\u015f\u0131yacak \u015fekilde tasarlanm\u0131\u015ft\u0131r, bu da onu orta ila a\u011f\u0131r sanayi uygulamalar\u0131 i\u00e7in uygun hale getirir. Konik geometrisi, yuvarlanan elemanlar aras\u0131nda verimli y\u00fck da\u011f\u0131l\u0131m\u0131na olanak tan\u0131r, dayan\u0131kl\u0131l\u0131\u011f\u0131 art\u0131r\u0131r ve \u00e7al\u0131\u015fma s\u0131ras\u0131nda s\u00fcrt\u00fcnmeyi azalt\u0131r.<\/p>\n<p data-start=\"453\" data-end=\"626\">Bu model, y\u00fck alt\u0131nda stabilite ve uzun hizmet \u00f6mr\u00fc gerektiren otomotiv sistemleri, \u015fanz\u0131manlar, tar\u0131m makineleri ve in\u015faat ekipmanlar\u0131nda yayg\u0131n olarak kullan\u0131lmaktad\u0131r.<\/p>\n<h3 data-section-id=\"sse2nj\" data-start=\"633\" data-end=\"657\">Teknik Parametreler<\/h3>\n<div class=\"TyagGW_tableContainer\">\n<div class=\"group TyagGW_tableWrapper flex flex-col-reverse w-fit\" tabindex=\"-1\">\n<table class=\"w-fit min-w-(--thread-content-width)\" data-start=\"659\" data-end=\"1141\">\n<thead data-start=\"659\" data-end=\"683\">\n<tr data-start=\"659\" data-end=\"683\">\n<th class=\"\" data-start=\"659\" data-end=\"666\" data-col-size=\"sm\">Madde<\/th>\n<th class=\"\" data-start=\"666\" data-end=\"683\" data-col-size=\"sm\">Spesifikasyon<\/th>\n<\/tr>\n<\/thead>\n<tbody data-start=\"708\" data-end=\"1141\">\n<tr data-start=\"708\" data-end=\"749\">\n<td data-start=\"708\" data-end=\"723\" data-col-size=\"sm\">Rulman Tipi<\/td>\n<td data-start=\"723\" data-end=\"749\" data-col-size=\"sm\">Konik Makaral\u0131 Yatak<\/td>\n<\/tr>\n<tr data-start=\"750\" data-end=\"767\">\n<td data-start=\"750\" data-end=\"758\" data-col-size=\"sm\">Model<\/td>\n<td data-start=\"758\" data-end=\"767\" data-col-size=\"sm\">30306<\/td>\n<\/tr>\n<tr data-start=\"768\" data-end=\"798\">\n<td data-start=\"768\" data-end=\"789\" data-col-size=\"sm\">\u0130\u00e7 \u00c7ap (d)<\/td>\n<td data-start=\"789\" data-end=\"798\" data-col-size=\"sm\">30 mm<\/td>\n<\/tr>\n<tr data-start=\"799\" data-end=\"829\">\n<td data-start=\"799\" data-end=\"820\" data-col-size=\"sm\">D\u0131\u015f \u00c7ap (D)<\/td>\n<td data-col-size=\"sm\" data-start=\"820\" data-end=\"829\">72 mm<\/td>\n<\/tr>\n<tr data-start=\"830\" data-end=\"854\">\n<td data-start=\"830\" data-end=\"842\" data-col-size=\"sm\">Geni\u015flik (T)<\/td>\n<td data-start=\"842\" data-end=\"854\" data-col-size=\"sm\">20.75 mm<\/td>\n<\/tr>\n<tr data-start=\"855\" data-end=\"895\">\n<td data-start=\"855\" data-end=\"867\" data-col-size=\"sm\">Y\u00fck Tipi<\/td>\n<td data-start=\"867\" data-end=\"895\" data-col-size=\"sm\">Radyal y\u00fck + Eksenel y\u00fck<\/td>\n<\/tr>\n<tr data-start=\"896\" data-end=\"926\">\n<td data-start=\"896\" data-end=\"912\" data-col-size=\"sm\">Kafes Malzemesi<\/td>\n<td data-start=\"912\" data-end=\"926\" data-col-size=\"sm\">\u00c7elik kafes<\/td>\n<\/tr>\n<tr data-start=\"927\" data-end=\"960\">\n<td data-start=\"927\" data-end=\"938\" data-col-size=\"sm\">Malzeme<\/td>\n<td data-start=\"938\" data-end=\"960\" data-col-size=\"sm\">GCr15 Krom \u00c7eli\u011fi<\/td>\n<\/tr>\n<tr data-start=\"961\" data-end=\"1004\">\n<td data-start=\"961\" data-end=\"975\" data-col-size=\"sm\">Ya\u011flama<\/td>\n<td data-start=\"975\" data-end=\"1004\" data-col-size=\"sm\">Ya\u011f veya gres ile ya\u011flama<\/td>\n<\/tr>\n<tr data-start=\"1005\" data-end=\"1054\">\n<td data-start=\"1005\" data-end=\"1017\" data-col-size=\"sm\">Yap\u0131<\/td>\n<td data-start=\"1017\" data-end=\"1054\" data-col-size=\"sm\">Tek s\u0131ra konik makaral\u0131 yatak<\/td>\n<\/tr>\n<tr data-start=\"1055\" data-end=\"1102\">\n<td data-start=\"1055\" data-end=\"1073\" data-col-size=\"sm\">\u00c7al\u0131\u015fma H\u0131z\u0131<\/td>\n<td data-start=\"1073\" data-end=\"1102\" data-col-size=\"sm\">Orta h\u0131z uygulamalar\u0131<\/td>\n<\/tr>\n<tr data-start=\"1103\" data-end=\"1141\">\n<td data-start=\"1103\" data-end=\"1123\" data-col-size=\"sm\">S\u0131cakl\u0131k Aral\u0131\u011f\u0131<\/td>\n<td data-start=\"1123\" data-end=\"1141\" data-col-size=\"sm\">-30\u00b0C ile 150\u00b0C<\/td>\n<\/tr>\n<\/tbody>\n<\/table>\n<\/div>\n<\/div>\n<h3 data-section-id=\"1iz91iu\" data-start=\"1148\" data-end=\"1164\">Ana \u00d6zellikler<\/h3>\n<ul data-start=\"1166\" data-end=\"1430\">\n<li data-section-id=\"1vl001\" data-start=\"1166\" data-end=\"1210\">Kombine radyal ve eksenel y\u00fckleri destekler<\/li>\n<li data-section-id=\"tqfpov\" data-start=\"1211\" data-end=\"1242\">Y\u00fcksek y\u00fck ta\u015f\u0131ma kapasitesi<\/li>\n<li data-section-id=\"1e4pl9p\" data-start=\"1243\" data-end=\"1292\">S\u00fcrekli \u00e7al\u0131\u015fma alt\u0131nda stabil performans<\/li>\n<li data-section-id=\"fmcfrv\" data-start=\"1293\" data-end=\"1333\">Azalt\u0131lm\u0131\u015f s\u00fcrt\u00fcnme ve \u0131s\u0131 \u00fcretimi<\/li>\n<li data-section-id=\"6jlrvu\" data-start=\"1334\" data-end=\"1382\">A\u011f\u0131r hizmet ortamlar\u0131nda uzun hizmet \u00f6mr\u00fc<\/li>\n<li data-section-id=\"1ugr03r\" data-start=\"1383\" data-end=\"1430\">\u015eok ve titre\u015fim ko\u015fullar\u0131 i\u00e7in uygun<\/li>\n<\/ul>\n<h3 data-section-id=\"wggvqn\" data-start=\"1437\" data-end=\"1453\">Uygulamalar<\/h3>\n<ul data-start=\"1455\" data-end=\"1676\">\n<li data-section-id=\"16jv93o\" data-start=\"1455\" data-end=\"1480\">Otomotiv tekerlek g\u00f6bekleri<\/li>\n<li data-section-id=\"15oirsh\" data-start=\"1481\" data-end=\"1519\">Di\u015fliler ve \u015fanz\u0131man sistemleri<\/li>\n<li data-section-id=\"1n6ynun\" data-start=\"1520\" data-end=\"1546\">Tar\u0131m makineleri<\/li>\n<li data-section-id=\"19d9gij\" data-start=\"1547\" data-end=\"1573\">\u0130n\u015faat makineleri<\/li>\n<li data-section-id=\"gcuaph\" data-start=\"1574\" data-end=\"1602\">End\u00fcstriyel s\u00fcr\u00fcc\u00fc sistemleri<\/li>\n<li data-section-id=\"1xhvdi8\" data-start=\"1603\" data-end=\"1633\">Madencilik ve a\u011f\u0131r ekipman<\/li>\n<li data-section-id=\"4ay2tg\" data-start=\"1634\" data-end=\"1676\">Konvey\u00f6r ve malzeme ta\u015f\u0131ma sistemleri<\/li>\n<\/ul>\n<h3 data-section-id=\"gqbmdj\" data-start=\"1683\" data-end=\"1709\">M\u00fchendislik Avantajlar\u0131<\/h3>\n<p data-start=\"1711\" data-end=\"1877\">Konik makaral\u0131 yap\u0131, makaralar ve yatak yollar\u0131 aras\u0131ndaki temas verimlili\u011fini art\u0131rarak, yataklar\u0131n standart bilyal\u0131 yataklara k\u0131yasla daha y\u00fcksek y\u00fckleri ta\u015f\u0131mas\u0131na olanak tan\u0131r.<\/p>\n<p data-start=\"1879\" data-end=\"2005\">Ayr\u0131ca stres konsantrasyonunu azalt\u0131r, hizalama stabilitesini art\u0131r\u0131r ve uzun s\u00fcreli \u00e7al\u0131\u015fmada yorgunluk direncini geli\u015ftirir.<\/p>\n<h3 data-section-id=\"ex11qd\" data-start=\"2012\" data-end=\"2030\">\u00d6zel Se\u00e7enekler<\/h3>\n<ul data-start=\"2032\" data-end=\"2219\">\n<li data-section-id=\"1mm7wk0\" data-start=\"2032\" data-end=\"2065\">\u0130\u00e7 bo\u015fluk ayar\u0131<\/li>\n<li data-section-id=\"11j4pt1\" data-start=\"2066\" data-end=\"2110\">Kafes malzemesi se\u00e7imi (\u00e7elik veya pirin\u00e7)<\/li>\n<li data-section-id=\"1515c9l\" data-start=\"2111\" data-end=\"2144\">Kapal\u0131 veya a\u00e7\u0131k tasar\u0131m se\u00e7enekleri<\/li>\n<li data-section-id=\"1jq34of\" data-start=\"2145\" data-end=\"2180\">Y\u00fcksek s\u0131cakl\u0131k gres dolumu<\/li>\n<li data-section-id=\"1mlx5yn\" data-start=\"2181\" data-end=\"2219\">OEM markalama ve ambalaj deste\u011fi<\/li>\n<\/ul>","protected":false},"excerpt":{"rendered":"<p>30306 konik makaral\u0131 yatak, birle\u015fik radyal ve eksenel y\u00fckleri ta\u015f\u0131yacak \u015fekilde tasarlanm\u0131\u015ft\u0131r, bu da onu orta ila a\u011f\u0131r sanayi uygulamalar\u0131 i\u00e7in uygun hale getirir. Konik geometrisi, yuvarlanan elemanlar aras\u0131nda verimli y\u00fck da\u011f\u0131l\u0131m\u0131na olanak tan\u0131r, dayan\u0131kl\u0131l\u0131\u011f\u0131 art\u0131r\u0131r ve \u00e7al\u0131\u015fma s\u0131ras\u0131nda s\u00fcrt\u00fcnmeyi azalt\u0131r.<\/p>","protected":false},"featured_media":2531,"comment_status":"open","ping_status":"closed","template":"","meta":{"site-sidebar-layout":"default","site-content-layout":"","ast-site-content-layout":"default","site-content-style":"default","site-sidebar-style":"default","ast-global-header-display":"","ast-banner-title-visibility":"","ast-main-header-display":"","ast-hfb-above-header-display":"","ast-hfb-below-header-display":"","ast-hfb-mobile-header-display":"","site-post-title":"","ast-breadcrumbs-content":"","ast-featured-img":"","footer-sml-layout":"","ast-disable-related-posts":"","theme-transparent-header-meta":"default","adv-header-id-meta":"","stick-header-meta":"default","header-above-stick-meta":"","header-main-stick-meta":"","header-below-stick-meta":"","astra-migrate-meta-layouts":"set","ast-page-background-enabled":"default","ast-page-background-meta":{"desktop":{"background-color":"","background-image":"","background-repeat":"repeat","background-position":"center center","background-size":"auto","background-attachment":"scroll","background-type":"","background-media":"","overlay-type":"","overlay-color":"","overlay-opacity":"","overlay-gradient":""},"tablet":{"background-color":"","background-image":"","background-repeat":"repeat","background-position":"center center","background-size":"auto","background-attachment":"scroll","background-type":"","background-media":"","overlay-type":"","overlay-color":"","overlay-opacity":"","overlay-gradient":""},"mobile":{"background-color":"","background-image":"","background-repeat":"repeat","background-position":"center center","background-size":"auto","background-attachment":"scroll","background-type":"","background-media":"","overlay-type":"","overlay-color":"","overlay-opacity":"","overlay-gradient":""}},"ast-content-background-meta":{"desktop":{"background-color":"var(--ast-global-color-5)","background-image":"","background-repeat":"repeat","background-position":"center center","background-size":"auto","background-attachment":"scroll","background-type":"","background-media":"","overlay-type":"","overlay-color":"","overlay-opacity":"","overlay-gradient":""},"tablet":{"background-color":"var(--ast-global-color-5)","background-image":"","background-repeat":"repeat","background-position":"center center","background-size":"auto","background-attachment":"scroll","background-type":"","background-media":"","overlay-type":"","overlay-color":"","overlay-opacity":"","overlay-gradient":""},"mobile":{"background-color":"var(--ast-global-color-5)","background-image":"","background-repeat":"repeat","background-position":"center center","background-size":"auto","background-attachment":"scroll","background-type":"","background-media":"","overlay-type":"","overlay-color":"","overlay-opacity":"","overlay-gradient":""}}},"product_brand":[],"product_cat":[23],"product_tag":[243,237,240,233,78,56,51,45,47,239,241,154,242,238],"class_list":{"0":"post-2455","1":"product","2":"type-product","3":"status-publish","4":"has-post-thumbnail","6":"product_cat-tapered-roller-bearings","7":"product_tag-30306-bearing","8":"product_tag-automotive-bearing","9":"product_tag-chrome-steel-bearing","10":"product_tag-gcr15-bearing","11":"product_tag-gearbox-bearing","12":"product_tag-heavy-duty-bearing","13":"product_tag-high-load-bearing","14":"product_tag-industrial-bearing","15":"product_tag-oem-bearing-manufacturer","16":"product_tag-radial-axial-bearing","17":"product_tag-single-row-roller-bearing","18":"product_tag-tapered-roller-bearing","19":"product_tag-transmission-bearing","20":"product_tag-wheel-hub-bearing","21":"desktop-align-left","22":"tablet-align-left","23":"mobile-align-left","24":"ast-product-gallery-layout-horizontal-slider","25":"ast-product-gallery-with-no-image","26":"ast-product-tabs-layout-horizontal","28":"first","29":"instock","30":"shipping-taxable","31":"product-type-simple"},"_links":{"self":[{"href":"https:\/\/www.machinerybearings.com\/tr\/wp-json\/wp\/v2\/product\/2455","targetHints":{"allow":["GET"]}}],"collection":[{"href":"https:\/\/www.machinerybearings.com\/tr\/wp-json\/wp\/v2\/product"}],"about":[{"href":"https:\/\/www.machinerybearings.com\/tr\/wp-json\/wp\/v2\/types\/product"}],"replies":[{"embeddable":true,"href":"https:\/\/www.machinerybearings.com\/tr\/wp-json\/wp\/v2\/comments?post=2455"}],"wp:featuredmedia":[{"embeddable":true,"href":"https:\/\/www.machinerybearings.com\/tr\/wp-json\/wp\/v2\/media\/2531"}],"wp:attachment":[{"href":"https:\/\/www.machinerybearings.com\/tr\/wp-json\/wp\/v2\/media?parent=2455"}],"wp:term":[{"taxonomy":"product_brand","embeddable":true,"href":"https:\/\/www.machinerybearings.com\/tr\/wp-json\/wp\/v2\/product_brand?post=2455"},{"taxonomy":"product_cat","embeddable":true,"href":"https:\/\/www.machinerybearings.com\/tr\/wp-json\/wp\/v2\/product_cat?post=2455"},{"taxonomy":"product_tag","embeddable":true,"href":"https:\/\/www.machinerybearings.com\/tr\/wp-json\/wp\/v2\/product_tag?post=2455"}],"curies":[{"name":"wp","href":"https:\/\/api.w.org\/{rel}","templated":true}]}}