{"id":2457,"date":"2026-04-13T15:12:14","date_gmt":"2026-04-13T15:12:14","guid":{"rendered":"https:\/\/www.machinerybearings.com\/?post_type=product&#038;p=2457"},"modified":"2026-05-03T05:11:38","modified_gmt":"2026-05-03T05:11:38","slug":"32210-tapered-roller-bearing-for-high-load-industrial-and-automotive-applications","status":"publish","type":"product","link":"https:\/\/www.machinerybearings.com\/tr\/urun\/32210-tapered-roller-bearing-for-high-load-industrial-and-automotive-applications\/","title":{"rendered":"Y\u00fcksek Y\u00fck End\u00fcstriyel ve Otomotiv Uygulamalar\u0131 i\u00e7in 32210 Konik Makaral\u0131 Yatak"},"content":{"rendered":"<p data-start=\"116\" data-end=\"413\">The 32210 tapered roller bearing is designed to support combined radial and axial loads in demanding industrial environments. With its optimized tapered geometry, it ensures smooth rolling motion, efficient load distribution, and stable performance under medium to heavy-duty operating conditions.<\/p>\n<p data-start=\"415\" data-end=\"584\">This bearing is widely used in automotive drivetrains, gear systems, agricultural machinery, and construction equipment where durability and load stability are critical.<\/p>\n<h3 data-section-id=\"sse2nj\" data-start=\"591\" data-end=\"615\">Teknik Parametreler<\/h3>\n<div class=\"TyagGW_tableContainer\">\n<div class=\"group TyagGW_tableWrapper flex flex-col-reverse w-fit\" tabindex=\"-1\">\n<table class=\"w-fit min-w-(--thread-content-width)\" data-start=\"617\" data-end=\"1099\">\n<thead data-start=\"617\" data-end=\"641\">\n<tr data-start=\"617\" data-end=\"641\">\n<th class=\"\" data-start=\"617\" data-end=\"624\" data-col-size=\"sm\">Madde<\/th>\n<th class=\"\" data-start=\"624\" data-end=\"641\" data-col-size=\"sm\">Spesifikasyon<\/th>\n<\/tr>\n<\/thead>\n<tbody data-start=\"666\" data-end=\"1099\">\n<tr data-start=\"666\" data-end=\"707\">\n<td data-start=\"666\" data-end=\"681\" data-col-size=\"sm\">Rulman Tipi<\/td>\n<td data-col-size=\"sm\" data-start=\"681\" data-end=\"707\">Konik Makaral\u0131 Yatak<\/td>\n<\/tr>\n<tr data-start=\"708\" data-end=\"725\">\n<td data-start=\"708\" data-end=\"716\" data-col-size=\"sm\">Model<\/td>\n<td data-start=\"716\" data-end=\"725\" data-col-size=\"sm\">32210<\/td>\n<\/tr>\n<tr data-start=\"726\" data-end=\"756\">\n<td data-start=\"726\" data-end=\"747\" data-col-size=\"sm\">\u0130\u00e7 \u00c7ap (d)<\/td>\n<td data-col-size=\"sm\" data-start=\"747\" data-end=\"756\">50 mm<\/td>\n<\/tr>\n<tr data-start=\"757\" data-end=\"787\">\n<td data-start=\"757\" data-end=\"778\" data-col-size=\"sm\">D\u0131\u015f \u00c7ap (D)<\/td>\n<td data-start=\"778\" data-end=\"787\" data-col-size=\"sm\">90 mm<\/td>\n<\/tr>\n<tr data-start=\"788\" data-end=\"812\">\n<td data-start=\"788\" data-end=\"800\" data-col-size=\"sm\">Geni\u015flik (T)<\/td>\n<td data-start=\"800\" data-end=\"812\" data-col-size=\"sm\">24.75 mm<\/td>\n<\/tr>\n<tr data-start=\"813\" data-end=\"853\">\n<td data-start=\"813\" data-end=\"825\" data-col-size=\"sm\">Y\u00fck Tipi<\/td>\n<td data-start=\"825\" data-end=\"853\" data-col-size=\"sm\">Radyal y\u00fck + Eksenel y\u00fck<\/td>\n<\/tr>\n<tr data-start=\"854\" data-end=\"884\">\n<td data-start=\"854\" data-end=\"870\" data-col-size=\"sm\">Kafes Malzemesi<\/td>\n<td data-col-size=\"sm\" data-start=\"870\" data-end=\"884\">\u00c7elik kafes<\/td>\n<\/tr>\n<tr data-start=\"885\" data-end=\"918\">\n<td data-start=\"885\" data-end=\"896\" data-col-size=\"sm\">Malzeme<\/td>\n<td data-col-size=\"sm\" data-start=\"896\" data-end=\"918\">GCr15 Krom \u00c7eli\u011fi<\/td>\n<\/tr>\n<tr data-start=\"919\" data-end=\"962\">\n<td data-start=\"919\" data-end=\"933\" data-col-size=\"sm\">Ya\u011flama<\/td>\n<td data-col-size=\"sm\" data-start=\"933\" data-end=\"962\">Ya\u011f veya gres ile ya\u011flama<\/td>\n<\/tr>\n<tr data-start=\"963\" data-end=\"1012\">\n<td data-start=\"963\" data-end=\"975\" data-col-size=\"sm\">Yap\u0131<\/td>\n<td data-start=\"975\" data-end=\"1012\" data-col-size=\"sm\">Tek s\u0131ra konik makaral\u0131 yatak<\/td>\n<\/tr>\n<tr data-start=\"1013\" data-end=\"1060\">\n<td data-start=\"1013\" data-end=\"1031\" data-col-size=\"sm\">\u00c7al\u0131\u015fma H\u0131z\u0131<\/td>\n<td data-col-size=\"sm\" data-start=\"1031\" data-end=\"1060\">Orta h\u0131z uygulamalar\u0131<\/td>\n<\/tr>\n<tr data-start=\"1061\" data-end=\"1099\">\n<td data-start=\"1061\" data-end=\"1081\" data-col-size=\"sm\">S\u0131cakl\u0131k Aral\u0131\u011f\u0131<\/td>\n<td data-col-size=\"sm\" data-start=\"1081\" data-end=\"1099\">-30\u00b0C ile 150\u00b0C<\/td>\n<\/tr>\n<\/tbody>\n<\/table>\n<\/div>\n<\/div>\n<h3 data-section-id=\"1iz91iu\" data-start=\"1106\" data-end=\"1122\">Ana \u00d6zellikler<\/h3>\n<ul data-start=\"1124\" data-end=\"1401\">\n<li data-section-id=\"1vl001\" data-start=\"1124\" data-end=\"1168\">Kombine radyal ve eksenel y\u00fckleri destekler<\/li>\n<li data-section-id=\"1yq8vz9\" data-start=\"1169\" data-end=\"1215\">High load carrying capacity and durability<\/li>\n<li data-section-id=\"1e4pl9p\" data-start=\"1216\" data-end=\"1265\">S\u00fcrekli \u00e7al\u0131\u015fma alt\u0131nda stabil performans<\/li>\n<li data-section-id=\"vearcf\" data-start=\"1266\" data-end=\"1310\">Low friction and reduced heat generation<\/li>\n<li data-section-id=\"dn8muc\" data-start=\"1311\" data-end=\"1352\">Strong resistance to wear and fatigue<\/li>\n<li data-section-id=\"s21j1z\" data-start=\"1353\" data-end=\"1401\">Suitable for heavy-duty working environments<\/li>\n<\/ul>\n<h3 data-section-id=\"wggvqn\" data-start=\"1408\" data-end=\"1424\">Uygulamalar<\/h3>\n<ul data-start=\"1426\" data-end=\"1647\">\n<li data-section-id=\"16jv93o\" data-start=\"1426\" data-end=\"1451\">Otomotiv tekerlek g\u00f6bekleri<\/li>\n<li data-section-id=\"15oirsh\" data-start=\"1452\" data-end=\"1490\">Di\u015fliler ve \u015fanz\u0131man sistemleri<\/li>\n<li data-section-id=\"1n6ynun\" data-start=\"1491\" data-end=\"1517\">Tar\u0131m makineleri<\/li>\n<li data-section-id=\"19d9gij\" data-start=\"1518\" data-end=\"1544\">\u0130n\u015faat makineleri<\/li>\n<li data-section-id=\"gcuaph\" data-start=\"1545\" data-end=\"1573\">End\u00fcstriyel s\u00fcr\u00fcc\u00fc sistemleri<\/li>\n<li data-section-id=\"1xhvdi8\" data-start=\"1574\" data-end=\"1604\">Madencilik ve a\u011f\u0131r ekipman<\/li>\n<li data-section-id=\"4ay2tg\" data-start=\"1605\" data-end=\"1647\">Konvey\u00f6r ve malzeme ta\u015f\u0131ma sistemleri<\/li>\n<\/ul>\n<h3 data-section-id=\"gqbmdj\" data-start=\"1654\" data-end=\"1680\">M\u00fchendislik Avantajlar\u0131<\/h3>\n<p data-start=\"1682\" data-end=\"1848\">The tapered roller design allows the 32210 bearing to distribute load efficiently across the roller surface, reducing stress concentration and improving fatigue life.<\/p>\n<p data-start=\"1850\" data-end=\"1987\">It performs particularly well in applications involving shock loads, misalignment tolerance requirements, and continuous heavy operation.<\/p>\n<h3 data-section-id=\"ex11qd\" data-start=\"1994\" data-end=\"2012\">\u00d6zel Se\u00e7enekler<\/h3>\n<ul data-start=\"2014\" data-end=\"2181\">\n<li data-section-id=\"2gl276\" data-start=\"2014\" data-end=\"2044\">Clearance grade adjustment<\/li>\n<li data-section-id=\"13bi5jf\" data-start=\"2045\" data-end=\"2088\">Cage material (steel or brass optional)<\/li>\n<li data-section-id=\"swm1rd\" data-start=\"2089\" data-end=\"2114\">Sealed or open design<\/li>\n<li data-section-id=\"1jq34of\" data-start=\"2115\" data-end=\"2150\">Y\u00fcksek s\u0131cakl\u0131k gres dolumu<\/li>\n<li data-section-id=\"1vg6tkw\" data-start=\"2151\" data-end=\"2181\">OEM markalama ve ambalajlama<\/li>\n<\/ul>","protected":false},"excerpt":{"rendered":"<p>The 32210 tapered roller bearing is designed to support combined radial and axial loads in demanding industrial environments. With its optimized tapered geometry, it ensures smooth rolling motion, efficient load distribution, and stable performance under medium to heavy-duty operating conditions.<\/p>","protected":false},"featured_media":2530,"comment_status":"open","ping_status":"closed","template":"","meta":{"site-sidebar-layout":"default","site-content-layout":"","ast-site-content-layout":"default","site-content-style":"default","site-sidebar-style":"default","ast-global-header-display":"","ast-banner-title-visibility":"","ast-main-header-display":"","ast-hfb-above-header-display":"","ast-hfb-below-header-display":"","ast-hfb-mobile-header-display":"","site-post-title":"","ast-breadcrumbs-content":"","ast-featured-img":"","footer-sml-layout":"","ast-disable-related-posts":"","theme-transparent-header-meta":"default","adv-header-id-meta":"","stick-header-meta":"default","header-above-stick-meta":"","header-main-stick-meta":"","header-below-stick-meta":"","astra-migrate-meta-layouts":"set","ast-page-background-enabled":"default","ast-page-background-meta":{"desktop":{"background-color":"","background-image":"","background-repeat":"repeat","background-position":"center center","background-size":"auto","background-attachment":"scroll","background-type":"","background-media":"","overlay-type":"","overlay-color":"","overlay-opacity":"","overlay-gradient":""},"tablet":{"background-color":"","background-image":"","background-repeat":"repeat","background-position":"center center","background-size":"auto","background-attachment":"scroll","background-type":"","background-media":"","overlay-type":"","overlay-color":"","overlay-opacity":"","overlay-gradient":""},"mobile":{"background-color":"","background-image":"","background-repeat":"repeat","background-position":"center center","background-size":"auto","background-attachment":"scroll","background-type":"","background-media":"","overlay-type":"","overlay-color":"","overlay-opacity":"","overlay-gradient":""}},"ast-content-background-meta":{"desktop":{"background-color":"var(--ast-global-color-5)","background-image":"","background-repeat":"repeat","background-position":"center center","background-size":"auto","background-attachment":"scroll","background-type":"","background-media":"","overlay-type":"","overlay-color":"","overlay-opacity":"","overlay-gradient":""},"tablet":{"background-color":"var(--ast-global-color-5)","background-image":"","background-repeat":"repeat","background-position":"center center","background-size":"auto","background-attachment":"scroll","background-type":"","background-media":"","overlay-type":"","overlay-color":"","overlay-opacity":"","overlay-gradient":""},"mobile":{"background-color":"var(--ast-global-color-5)","background-image":"","background-repeat":"repeat","background-position":"center center","background-size":"auto","background-attachment":"scroll","background-type":"","background-media":"","overlay-type":"","overlay-color":"","overlay-opacity":"","overlay-gradient":""}}},"product_brand":[],"product_cat":[23],"product_tag":[244,237,240,233,78,56,51,45,47,239,241,154,242,238],"class_list":{"0":"post-2457","1":"product","2":"type-product","3":"status-publish","4":"has-post-thumbnail","6":"product_cat-tapered-roller-bearings","7":"product_tag-32210-bearing","8":"product_tag-automotive-bearing","9":"product_tag-chrome-steel-bearing","10":"product_tag-gcr15-bearing","11":"product_tag-gearbox-bearing","12":"product_tag-heavy-duty-bearing","13":"product_tag-high-load-bearing","14":"product_tag-industrial-bearing","15":"product_tag-oem-bearing-manufacturer","16":"product_tag-radial-axial-bearing","17":"product_tag-single-row-roller-bearing","18":"product_tag-tapered-roller-bearing","19":"product_tag-transmission-bearing","20":"product_tag-wheel-hub-bearing","21":"desktop-align-left","22":"tablet-align-left","23":"mobile-align-left","24":"ast-product-gallery-layout-horizontal-slider","25":"ast-product-gallery-with-no-image","26":"ast-product-tabs-layout-horizontal","28":"first","29":"instock","30":"shipping-taxable","31":"product-type-simple"},"_links":{"self":[{"href":"https:\/\/www.machinerybearings.com\/tr\/wp-json\/wp\/v2\/product\/2457","targetHints":{"allow":["GET"]}}],"collection":[{"href":"https:\/\/www.machinerybearings.com\/tr\/wp-json\/wp\/v2\/product"}],"about":[{"href":"https:\/\/www.machinerybearings.com\/tr\/wp-json\/wp\/v2\/types\/product"}],"replies":[{"embeddable":true,"href":"https:\/\/www.machinerybearings.com\/tr\/wp-json\/wp\/v2\/comments?post=2457"}],"wp:featuredmedia":[{"embeddable":true,"href":"https:\/\/www.machinerybearings.com\/tr\/wp-json\/wp\/v2\/media\/2530"}],"wp:attachment":[{"href":"https:\/\/www.machinerybearings.com\/tr\/wp-json\/wp\/v2\/media?parent=2457"}],"wp:term":[{"taxonomy":"product_brand","embeddable":true,"href":"https:\/\/www.machinerybearings.com\/tr\/wp-json\/wp\/v2\/product_brand?post=2457"},{"taxonomy":"product_cat","embeddable":true,"href":"https:\/\/www.machinerybearings.com\/tr\/wp-json\/wp\/v2\/product_cat?post=2457"},{"taxonomy":"product_tag","embeddable":true,"href":"https:\/\/www.machinerybearings.com\/tr\/wp-json\/wp\/v2\/product_tag?post=2457"}],"curies":[{"name":"wp","href":"https:\/\/api.w.org\/{rel}","templated":true}]}}